{"id":37095,"date":"2024-06-28T08:02:23","date_gmt":"2024-06-28T08:02:23","guid":{"rendered":"https:\/\/www.hydronix.com\/?page_id=37095"},"modified":"2024-08-01T12:01:56","modified_gmt":"2024-08-01T12:01:56","slug":"yapilandirma","status":"publish","type":"page","link":"https:\/\/www.hydronix.com\/tr\/hydronix-nem-sensoru-egitimi\/yapilandirma\/","title":{"rendered":"Yap\u0131land\u0131rma"},"content":{"rendered":"    \n<!-- hero_short -->\n<section class=\"short_hero d-flex py-5\" style=\"background-image:url(https:\/\/www.hydronix.com\/wp-content\/uploads\/2024\/06\/shutterstock_2305781813-online-learning-scaled.jpg)\">\n    <div class=\"overlay\"><\/div>\n    <div class=\"container-xl my-auto\">\n        <div class=\"row\">\n            <div class=\"col-lg-5 hero__content\">\n                <h1>Yap\u0131land\u0131rma<\/h1>\n            <\/div>\n        <\/div>\n    <\/div>\n<\/section>\n<!--section class=\"sub_page_title py-1 mb-4\">\n    <div class=\"container-xl\">\n        <p id=\"breadcrumbs\"><span><span><a href=\"https:\/\/www.hydronix.com\/tr\/\">Home<\/a><\/span><\/span><\/p>    <\/div>\n<\/section-->\n<!-- accordion -->\n<section class=\"faq py-5\">\n    <div class=\"container\">\n        <div id=\"accordion\" class=\"\"><div class=\"py-4 border-bottom border-top\">  <div class=\"h4 question \" data-bs-toggle=\"collapse\" id=\"heading_0\" data-bs-target=\"#collapse_0\" aria-expanded=\"true\" aria-controls=\"collapse_0\">Hydro-Hub<\/div>  <div class=\"answer collapse show\" id=\"collapse_0\" aria-labelledby=\"heading_0\" data-bs-parent=\"#accordion\"><div class=\"pt-2\" itemprop=\"text\"><h4>Hydro-Hub IP adresini ayarlama<\/h4>\n<p> Bir Hydro-Hub\u2019\u0131n IP adresinin nas\u0131l yap\u0131land\u0131r\u0131laca\u011f\u0131yla ilgili bilgiler; iki y\u00f6ntem g\u00f6sterilir. (5 dakika)  <\/p>\n<div style=\"padding: 56.25% 0 0 0; position: relative;\"><iframe style=\"position: absolute; top: 0; left: 0; width: 100%; height: 100%;\" title=\"Hydro-Hub IP Yap\u0131land\u0131rma\" src=\"https:\/\/player.vimeo.com\/video\/947373343?badge=0&amp;autopause=0&amp;player_id=0&amp;app_id=58479\" frameborder=\"0\"><\/iframe><\/div>\n<p>&nbsp;<\/p>\n<h4>Hydro-Hub (HH01) Genel Bak\u0131\u015f Ekran\u0131<\/h4>\n<p> Hydro-Hub genel bak\u0131\u015f ekran\u0131n\u0131n yap\u0131land\u0131r\u0131lmas\u0131 g\u00f6sterilir. (4 dakika)  <\/p>\n<div style=\"padding: 56.25% 0 0 0; position: relative;\"><iframe style=\"position: absolute; top: 0; left: 0; width: 100%; height: 100%;\" title=\"Hydro-Hub Genel Bak\u0131\u015f Ekran\u0131 Yap\u0131land\u0131rma\" src=\"https:\/\/player.vimeo.com\/video\/569787375?badge=0&amp;autopause=0&amp;player_id=0&amp;app_id=58479\" frameborder=\"0\"><\/iframe><\/div>\n<p>&nbsp;<\/p>\n<h4>Hydro-View (HV05) ve Hydro-Hub (HH01) Uzaktan Eri\u015fim<\/h4>\n<p> Bir web taray\u0131c\u0131s\u0131 kullanarak Hydro-View\/Hydro-Hub\u2019a uzaktan ba\u011flant\u0131 kurma y\u00f6ntemleri g\u00f6sterilir. (3 dakika)  <\/p>\n<div style=\"padding: 56.25% 0 0 0; position: relative;\"><iframe style=\"position: absolute; top: 0; left: 0; width: 100%; height: 100%;\" title=\"Hydro-View\/Hydro-Hub Uzaktan Eri\u015fim\" src=\"https:\/\/player.vimeo.com\/video\/569787559?badge=0&amp;autopause=0&amp;player_id=0&amp;app_id=58479\" frameborder=\"0\"><\/iframe><\/div>\n<p>&nbsp;<\/p>\n<\/div><\/div><\/div><div class=\"py-4 border-bottom \">  <div class=\"h4 question collapsed\" data-bs-toggle=\"collapse\" id=\"heading_1\" data-bs-target=\"#collapse_1\" aria-expanded=\"true\" aria-controls=\"collapse_1\">Hydro-View<\/div>  <div class=\"answer collapse \" id=\"collapse_1\" aria-labelledby=\"heading_1\" data-bs-parent=\"#accordion\"><div class=\"pt-2\" itemprop=\"text\"><h4>Hydro-View (HV05) ve Hydro-Hub (HH01) Uzaktan Eri\u015fim<\/h4>\n<p> Bir web taray\u0131c\u0131s\u0131 kullanarak Hydro-View\/Hydro-Hub\u2019a uzaktan ba\u011flant\u0131 kurma y\u00f6ntemleri g\u00f6sterilir. (3 dakika)  <\/p>\n<div style=\"padding: 56.25% 0 0 0; position: relative;\"><iframe style=\"position: absolute; top: 0; left: 0; width: 100%; height: 100%;\" title=\"Hydro-View\/Hydro-Hub Uzaktan Eri\u015fim\" src=\"https:\/\/player.vimeo.com\/video\/569787559?badge=0&amp;autopause=0&amp;player_id=0&amp;app_id=58479\" frameborder=\"0\"><\/iframe><\/div>\n<p>&nbsp;<\/p>\n<\/div><\/div><\/div><div class=\"py-4 border-bottom \">  <div class=\"h4 question collapsed\" data-bs-toggle=\"collapse\" id=\"heading_2\" data-bs-target=\"#collapse_2\" aria-expanded=\"true\" aria-controls=\"collapse_2\">Filtreleme<\/div>  <div class=\"answer collapse \" id=\"collapse_2\" aria-labelledby=\"heading_2\" data-bs-parent=\"#accordion\"><div class=\"pt-2\" itemprop=\"text\"><h4>Zincirli Konvey\u00f6r Filtreleme<\/h4>\n<p> Bir Hydo-Mix XT sens\u00f6r\u00fc zincirli bir konvey\u00f6re kuruldu\u011fu zaman olu\u015fan paraziti gidermek i\u00e7in sinyal filtrelerinin nas\u0131l kullan\u0131ld\u0131\u011f\u0131 a\u00e7\u0131klan\u0131r. (3 dakika)  <\/p>\n<div style=\"padding: 56.25% 0 0 0; position: relative;\"><iframe style=\"position: absolute; top: 0; left: 0; width: 100%; height: 100%;\" title=\"Zincirli Konvey\u00f6r Filtreleme\" src=\"https:\/\/player.vimeo.com\/video\/696473572?badge=0&amp;autopause=0&amp;player_id=0&amp;app_id=58479\" frameborder=\"0\"><\/iframe><\/div>\n<p>&nbsp;<\/p>\n<\/div><\/div><\/div><div class=\"py-4 border-bottom \">  <div class=\"h4 question collapsed\" data-bs-toggle=\"collapse\" id=\"heading_3\" data-bs-target=\"#collapse_3\" aria-expanded=\"true\" aria-controls=\"collapse_3\">Hydro-Com<\/div>  <div class=\"answer collapse \" id=\"collapse_3\" aria-labelledby=\"heading_3\" data-bs-parent=\"#accordion\"><div class=\"pt-2\" itemprop=\"text\"><h4>Hydro-Com Ham G\u00fcnl\u00fck<\/h4>\n<p> Hydronix nem sens\u00f6r\u00fcn\u00fcn \u00f6l\u00e7eklenmemi\u015f ham \u00e7\u0131kt\u0131s\u0131n\u0131 kaydetmek i\u00e7in Hydro-Com yaz\u0131l\u0131m\u0131n\u0131n nas\u0131l yap\u0131land\u0131r\u0131laca\u011f\u0131 g\u00f6sterilir. (5 dakika)  <\/p>\n<div style=\"padding: 56.25% 0 0 0; position: relative;\"><iframe style=\"position: absolute; top: 0; left: 0; width: 100%; height: 100%;\" title=\"Hydro-Com Ham G\u00fcnl\u00fck\" src=\"https:\/\/player.vimeo.com\/video\/696475915?badge=0&amp;autopause=0&amp;player_id=0&amp;app_id=58479\" frameborder=\"0\"><\/iframe><\/div>\n<p>&nbsp;<\/p>\n<h4>Modbus RTU<\/h4>\n<p> Modbus RTU ileti\u015fim protokol\u00fcn\u00fc etkinle\u015ftirmek i\u00e7in bir Hydronix sens\u00f6r\u00fcn\u00fcn nas\u0131l yap\u0131land\u0131r\u0131laca\u011f\u0131 a\u00e7\u0131klan\u0131r. (5 dakika)  <\/p>\n<div style=\"padding: 56.25% 0 0 0; position: relative;\"><iframe style=\"position: absolute; top: 0; left: 0; width: 100%; height: 100%;\" title=\"Modbus Yap\u0131land\u0131rma Videosu\" src=\"https:\/\/player.vimeo.com\/video\/696476617?badge=0&amp;autopause=0&amp;player_id=0&amp;app_id=58479\" frameborder=\"0\"><\/iframe><\/div>\n<p>&nbsp;<\/p>\n<\/div><\/div><\/div><\/div>    <\/div>\n<\/section>","protected":false},"excerpt":{"rendered":"<p> [&#8230;]<\/p>\n<p><a class=\"btn btn-secondary understrap-read-more-link\" href=\"https:\/\/www.hydronix.com\/tr\/hydronix-nem-sensoru-egitimi\/yapilandirma\/\">Daha fazlas\u0131n\u0131 oku\u2026<span class=\"screen-reader-text\"> from Yap\u0131land\u0131rma<\/span><\/a><\/p>\n","protected":false},"author":4,"featured_media":36978,"parent":37371,"menu_order":592,"comment_status":"closed","ping_status":"closed","template":"","meta":{"_acf_changed":false,"content-type":"","inline_featured_image":false,"footnotes":""},"industries":[],"process":[],"class_list":["post-37095","page","type-page","status-publish","has-post-thumbnail","hentry"],"acf":[],"yoast_head":"<!-- This site is optimized with the Yoast SEO plugin v27.1.1 - https:\/\/yoast.com\/product\/yoast-seo-wordpress\/ -->\n<title>Hydronix Nem Sens\u00f6r\u00fc Yap\u0131land\u0131rmas\u0131<\/title>\n<meta name=\"description\" content=\"Hydronix, nem sens\u00f6rlerinizi ve aray\u00fczlerini nas\u0131l yap\u0131land\u0131raca\u011f\u0131n\u0131z hakk\u0131nda baz\u0131 videolar sunuyor.\" \/>\n<meta name=\"robots\" content=\"index, follow, max-snippet:-1, max-image-preview:large, max-video-preview:-1\" \/>\n<link rel=\"canonical\" href=\"https:\/\/www.hydronix.com\/tr\/hydronix-nem-sensoru-egitimi\/yapilandirma\/\" \/>\n<meta property=\"og:locale\" content=\"tr_TR\" \/>\n<meta property=\"og:type\" content=\"article\" \/>\n<meta property=\"og:title\" content=\"Hydronix Nem Sens\u00f6r\u00fc Yap\u0131land\u0131rmas\u0131\" \/>\n<meta property=\"og:description\" content=\"Hydronix, nem sens\u00f6rlerinizi ve aray\u00fczlerini nas\u0131l yap\u0131land\u0131raca\u011f\u0131n\u0131z hakk\u0131nda baz\u0131 videolar sunuyor.\" \/>\n<meta property=\"og:url\" content=\"https:\/\/www.hydronix.com\/tr\/hydronix-nem-sensoru-egitimi\/yapilandirma\/\" \/>\n<meta property=\"og:site_name\" content=\"Hydronix\" \/>\n<meta property=\"article:modified_time\" content=\"2024-08-01T12:01:56+00:00\" \/>\n<meta property=\"og:image\" content=\"https:\/\/www.hydronix.com\/wp-content\/uploads\/2024\/06\/shutterstock_2305781813-online-learning-scaled.jpg\" \/>\n\t<meta property=\"og:image:width\" content=\"2560\" \/>\n\t<meta property=\"og:image:height\" content=\"1231\" \/>\n\t<meta property=\"og:image:type\" content=\"image\/jpeg\" \/>\n<meta name=\"twitter:card\" content=\"summary_large_image\" \/>\n<meta name=\"twitter:label1\" content=\"Tahmini okuma s\u00fcresi\" \/>\n\t<meta name=\"twitter:data1\" content=\"1 dakika\" \/>\n<script type=\"application\/ld+json\" class=\"yoast-schema-graph\">{\"@context\":\"https:\/\/schema.org\",\"@graph\":[{\"@type\":\"WebPage\",\"@id\":\"https:\/\/www.hydronix.com\/tr\/hydronix-nem-sensoru-egitimi\/yapilandirma\/\",\"url\":\"https:\/\/www.hydronix.com\/tr\/hydronix-nem-sensoru-egitimi\/yapilandirma\/\",\"name\":\"Hydronix Nem Sens\u00f6r\u00fc Yap\u0131land\u0131rmas\u0131\",\"isPartOf\":{\"@id\":\"https:\/\/www.hydronix.com\/tr\/#website\"},\"primaryImageOfPage\":{\"@id\":\"https:\/\/www.hydronix.com\/tr\/hydronix-nem-sensoru-egitimi\/yapilandirma\/#primaryimage\"},\"image\":{\"@id\":\"https:\/\/www.hydronix.com\/tr\/hydronix-nem-sensoru-egitimi\/yapilandirma\/#primaryimage\"},\"thumbnailUrl\":\"https:\/\/www.hydronix.com\/wp-content\/uploads\/2024\/06\/shutterstock_2305781813-online-learning-scaled.jpg\",\"datePublished\":\"2024-06-28T08:02:23+00:00\",\"dateModified\":\"2024-08-01T12:01:56+00:00\",\"description\":\"Hydronix, nem sens\u00f6rlerinizi ve aray\u00fczlerini nas\u0131l yap\u0131land\u0131raca\u011f\u0131n\u0131z hakk\u0131nda baz\u0131 videolar sunuyor.\",\"breadcrumb\":{\"@id\":\"https:\/\/www.hydronix.com\/tr\/hydronix-nem-sensoru-egitimi\/yapilandirma\/#breadcrumb\"},\"inLanguage\":\"tr\",\"potentialAction\":[{\"@type\":\"ReadAction\",\"target\":[\"https:\/\/www.hydronix.com\/tr\/hydronix-nem-sensoru-egitimi\/yapilandirma\/\"]}]},{\"@type\":\"ImageObject\",\"inLanguage\":\"tr\",\"@id\":\"https:\/\/www.hydronix.com\/tr\/hydronix-nem-sensoru-egitimi\/yapilandirma\/#primaryimage\",\"url\":\"https:\/\/www.hydronix.com\/wp-content\/uploads\/2024\/06\/shutterstock_2305781813-online-learning-scaled.jpg\",\"contentUrl\":\"https:\/\/www.hydronix.com\/wp-content\/uploads\/2024\/06\/shutterstock_2305781813-online-learning-scaled.jpg\",\"width\":2560,\"height\":1231,\"caption\":\"Hydronix e\u011fitim ve \u00e7evrimi\u00e7i \u00f6\u011frenme\"},{\"@type\":\"BreadcrumbList\",\"@id\":\"https:\/\/www.hydronix.com\/tr\/hydronix-nem-sensoru-egitimi\/yapilandirma\/#breadcrumb\",\"itemListElement\":[{\"@type\":\"ListItem\",\"position\":1,\"name\":\"Home\",\"item\":\"https:\/\/www.hydronix.com\/tr\/\"},{\"@type\":\"ListItem\",\"position\":2,\"name\":\"E\u011fitim\",\"item\":\"https:\/\/www.hydronix.com\/tr\/hydronix-nem-sensoru-egitimi\/\"},{\"@type\":\"ListItem\",\"position\":3,\"name\":\"Yap\u0131land\u0131rma\"}]},{\"@type\":\"WebSite\",\"@id\":\"https:\/\/www.hydronix.com\/tr\/#website\",\"url\":\"https:\/\/www.hydronix.com\/tr\/\",\"name\":\"Hydronix\",\"description\":\"Your partner in moisture measurement\",\"potentialAction\":[{\"@type\":\"SearchAction\",\"target\":{\"@type\":\"EntryPoint\",\"urlTemplate\":\"https:\/\/www.hydronix.com\/tr\/?s={search_term_string}\"},\"query-input\":{\"@type\":\"PropertyValueSpecification\",\"valueRequired\":true,\"valueName\":\"search_term_string\"}}],\"inLanguage\":\"tr\"}]}<\/script>\n<!-- \/ Yoast SEO plugin. -->","yoast_head_json":{"title":"Hydronix Nem Sens\u00f6r\u00fc Yap\u0131land\u0131rmas\u0131","description":"Hydronix, nem sens\u00f6rlerinizi ve aray\u00fczlerini nas\u0131l yap\u0131land\u0131raca\u011f\u0131n\u0131z hakk\u0131nda baz\u0131 videolar sunuyor.","robots":{"index":"index","follow":"follow","max-snippet":"max-snippet:-1","max-image-preview":"max-image-preview:large","max-video-preview":"max-video-preview:-1"},"canonical":"https:\/\/www.hydronix.com\/tr\/hydronix-nem-sensoru-egitimi\/yapilandirma\/","og_locale":"tr_TR","og_type":"article","og_title":"Hydronix Nem Sens\u00f6r\u00fc Yap\u0131land\u0131rmas\u0131","og_description":"Hydronix, nem sens\u00f6rlerinizi ve aray\u00fczlerini nas\u0131l yap\u0131land\u0131raca\u011f\u0131n\u0131z hakk\u0131nda baz\u0131 videolar sunuyor.","og_url":"https:\/\/www.hydronix.com\/tr\/hydronix-nem-sensoru-egitimi\/yapilandirma\/","og_site_name":"Hydronix","article_modified_time":"2024-08-01T12:01:56+00:00","og_image":[{"width":2560,"height":1231,"url":"https:\/\/www.hydronix.com\/wp-content\/uploads\/2024\/06\/shutterstock_2305781813-online-learning-scaled.jpg","type":"image\/jpeg"}],"twitter_card":"summary_large_image","twitter_misc":{"Tahmini okuma s\u00fcresi":"1 dakika"},"schema":{"@context":"https:\/\/schema.org","@graph":[{"@type":"WebPage","@id":"https:\/\/www.hydronix.com\/tr\/hydronix-nem-sensoru-egitimi\/yapilandirma\/","url":"https:\/\/www.hydronix.com\/tr\/hydronix-nem-sensoru-egitimi\/yapilandirma\/","name":"Hydronix Nem Sens\u00f6r\u00fc Yap\u0131land\u0131rmas\u0131","isPartOf":{"@id":"https:\/\/www.hydronix.com\/tr\/#website"},"primaryImageOfPage":{"@id":"https:\/\/www.hydronix.com\/tr\/hydronix-nem-sensoru-egitimi\/yapilandirma\/#primaryimage"},"image":{"@id":"https:\/\/www.hydronix.com\/tr\/hydronix-nem-sensoru-egitimi\/yapilandirma\/#primaryimage"},"thumbnailUrl":"https:\/\/www.hydronix.com\/wp-content\/uploads\/2024\/06\/shutterstock_2305781813-online-learning-scaled.jpg","datePublished":"2024-06-28T08:02:23+00:00","dateModified":"2024-08-01T12:01:56+00:00","description":"Hydronix, nem sens\u00f6rlerinizi ve aray\u00fczlerini nas\u0131l yap\u0131land\u0131raca\u011f\u0131n\u0131z hakk\u0131nda baz\u0131 videolar sunuyor.","breadcrumb":{"@id":"https:\/\/www.hydronix.com\/tr\/hydronix-nem-sensoru-egitimi\/yapilandirma\/#breadcrumb"},"inLanguage":"tr","potentialAction":[{"@type":"ReadAction","target":["https:\/\/www.hydronix.com\/tr\/hydronix-nem-sensoru-egitimi\/yapilandirma\/"]}]},{"@type":"ImageObject","inLanguage":"tr","@id":"https:\/\/www.hydronix.com\/tr\/hydronix-nem-sensoru-egitimi\/yapilandirma\/#primaryimage","url":"https:\/\/www.hydronix.com\/wp-content\/uploads\/2024\/06\/shutterstock_2305781813-online-learning-scaled.jpg","contentUrl":"https:\/\/www.hydronix.com\/wp-content\/uploads\/2024\/06\/shutterstock_2305781813-online-learning-scaled.jpg","width":2560,"height":1231,"caption":"Hydronix e\u011fitim ve \u00e7evrimi\u00e7i \u00f6\u011frenme"},{"@type":"BreadcrumbList","@id":"https:\/\/www.hydronix.com\/tr\/hydronix-nem-sensoru-egitimi\/yapilandirma\/#breadcrumb","itemListElement":[{"@type":"ListItem","position":1,"name":"Home","item":"https:\/\/www.hydronix.com\/tr\/"},{"@type":"ListItem","position":2,"name":"E\u011fitim","item":"https:\/\/www.hydronix.com\/tr\/hydronix-nem-sensoru-egitimi\/"},{"@type":"ListItem","position":3,"name":"Yap\u0131land\u0131rma"}]},{"@type":"WebSite","@id":"https:\/\/www.hydronix.com\/tr\/#website","url":"https:\/\/www.hydronix.com\/tr\/","name":"Hydronix","description":"Your partner in moisture measurement","potentialAction":[{"@type":"SearchAction","target":{"@type":"EntryPoint","urlTemplate":"https:\/\/www.hydronix.com\/tr\/?s={search_term_string}"},"query-input":{"@type":"PropertyValueSpecification","valueRequired":true,"valueName":"search_term_string"}}],"inLanguage":"tr"}]}},"_links":{"self":[{"href":"https:\/\/www.hydronix.com\/tr\/wp-json\/wp\/v2\/pages\/37095","targetHints":{"allow":["GET"]}}],"collection":[{"href":"https:\/\/www.hydronix.com\/tr\/wp-json\/wp\/v2\/pages"}],"about":[{"href":"https:\/\/www.hydronix.com\/tr\/wp-json\/wp\/v2\/types\/page"}],"author":[{"embeddable":true,"href":"https:\/\/www.hydronix.com\/tr\/wp-json\/wp\/v2\/users\/4"}],"replies":[{"embeddable":true,"href":"https:\/\/www.hydronix.com\/tr\/wp-json\/wp\/v2\/comments?post=37095"}],"version-history":[{"count":3,"href":"https:\/\/www.hydronix.com\/tr\/wp-json\/wp\/v2\/pages\/37095\/revisions"}],"predecessor-version":[{"id":37407,"href":"https:\/\/www.hydronix.com\/tr\/wp-json\/wp\/v2\/pages\/37095\/revisions\/37407"}],"up":[{"embeddable":true,"href":"https:\/\/www.hydronix.com\/tr\/wp-json\/wp\/v2\/pages\/37371"}],"wp:featuredmedia":[{"embeddable":true,"href":"https:\/\/www.hydronix.com\/tr\/wp-json\/wp\/v2\/media\/36978"}],"wp:attachment":[{"href":"https:\/\/www.hydronix.com\/tr\/wp-json\/wp\/v2\/media?parent=37095"}],"wp:term":[{"taxonomy":"industries","embeddable":true,"href":"https:\/\/www.hydronix.com\/tr\/wp-json\/wp\/v2\/industries?post=37095"},{"taxonomy":"process","embeddable":true,"href":"https:\/\/www.hydronix.com\/tr\/wp-json\/wp\/v2\/process?post=37095"}],"curies":[{"name":"wp","href":"https:\/\/api.w.org\/{rel}","templated":true}]}}