{"id":36936,"date":"2024-06-28T08:03:21","date_gmt":"2024-06-28T08:03:21","guid":{"rendered":"https:\/\/www.hydronix.com\/?page_id=36936"},"modified":"2025-02-21T12:18:06","modified_gmt":"2025-02-21T12:18:06","slug":"kalibrasyon","status":"publish","type":"page","link":"https:\/\/www.hydronix.com\/tr\/hydronix-nem-sensoru-egitimi\/kalibrasyon\/","title":{"rendered":"Kalibrasyon"},"content":{"rendered":"    \n<!-- hero_short -->\n<section class=\"short_hero d-flex py-5\" style=\"background-image:url(https:\/\/www.hydronix.com\/wp-content\/uploads\/2024\/06\/shutterstock_2305781813-online-learning-scaled.jpg)\">\n    <div class=\"overlay\"><\/div>\n    <div class=\"container-xl my-auto\">\n        <div class=\"row\">\n            <div class=\"col-lg-5 hero__content\">\n                <h1>Kalibrasyon<\/h1>\n            <\/div>\n        <\/div>\n    <\/div>\n<\/section>\n<!--section class=\"sub_page_title py-1 mb-4\">\n    <div class=\"container-xl\">\n        <p id=\"breadcrumbs\"><span><span><a href=\"https:\/\/www.hydronix.com\/tr\/\">Home<\/a><\/span><\/span><\/p>    <\/div>\n<\/section-->\n\n\n<!-- text_video -->\n<section class=\"text_video  py-5\">\n    <div class=\"container-xl\">\n        <div class=\"row\">\n            <div class=\"col-lg-5 text_video__content order-1 order-lg-1 mb-4 mb-lg-0 pt-5 py-md-5\">\n                <h2>Genel Bak\u0131\u015f: Agregalar<\/h2>                <div class=\"content mb-4\"><p>Bir Hydronix sens\u00f6r\u00fcnden tam anlam\u0131yla fayda sa\u011flamak ancak iyi bir kalibrasyonla m\u00fcmk\u00fcn olabilir. Size yard\u0131mc\u0131 olacak faydal\u0131 ipu\u00e7lar\u0131 ve ara\u00e7lar olu\u015fturduk.<\/p>\n<ul>\n<li><a href=\"https:\/\/www.hydronix.com\/wp-content\/uploads\/2024\/06\/9-Steps-for-Calibration-Guide.pdf\" target=\"_blank\" rel=\"noopener\">Kalibrasyonun 9 Ad\u0131m\u0131<\/a><\/li>\n<li><a href=\"https:\/\/www.hydronix.com\/wp-content\/uploads\/2022\/11\/hs0101_1_0_0.xlsx\" target=\"_blank\" rel=\"noopener\">Sens\u00f6r kalibrasyonu yard\u0131mc\u0131 \u00e7al\u0131\u015fma sayfalar\u0131<\/a><\/li>\n<li><a href=\"https:\/\/www.hydronix.com\/wp-content\/uploads\/2024\/12\/hd0679tr_1_10_0.pdf\" target=\"_blank\" rel=\"noopener\">Sens\u00f6r yap\u0131land\u0131rma ve kalibrasyon kullan\u0131c\u0131 rehberi<\/a>.<\/li>\n<\/ul>\n<\/div>\n                            <\/div>\n            <div class=\"col-lg-7 mb-4 mb-lg-0 d-flex order-2 order-lg-2\">\n                <div class=\"video__container w-100 my-auto\" style=\"background-color:#1a1a1a\">\n                                        <div class=\"ratio ratio-16x9 mx-auto\">\n                                                <iframe src=\"https:\/\/player.vimeo.com\/video\/990163112?byline=0&#038;portrait=0\" allow=\"autoplay; fullscreen; picture-in-picture\" webkitallowfullscreen mozallowfullscreen allowfullscreen><\/iframe>\n                                                <\/div>\n                    <!-- <lite-vimeo videoid=\"990163112\" style=\"background-image:url('');\"><\/lite-vimeo> -->\n                <\/div>\n            <\/div>\n        <\/div>\n    <\/div>\n<\/section>\n<!-- <script type=module src=\"https:\/\/cdn.jsdelivr.net\/npm\/@slightlyoff\/lite-vimeo@0.1.1\/lite-vimeo.js\"><\/script> -->\n\n<!-- text_video -->\n<section class=\"text_video text_video--bg py-5\">\n    <div class=\"container-xl\">\n        <div class=\"row\">\n            <div class=\"col-lg-5 text_video__content order-1 order-lg-1 mb-4 mb-lg-0 pt-5 py-md-5\">\n                <h2>Hydro-Com<\/h2>                <div class=\"content mb-4\"><p>Hydro-Com yaz\u0131l\u0131m\u0131n\u0131n kullan\u0131ld\u0131\u011f\u0131 Hydronix nem sens\u00f6r\u00fcn\u00fcn malzeme kalibrasyonu prosed\u00fcr\u00fcn\u00fc g\u00f6sterir. Ayn\u0131 kalibrasyon prosed\u00fcr\u00fc t\u00fcm malzeme t\u00fcrleri i\u00e7in kullan\u0131labilir. (12 dakika)  <\/p>\n<\/div>\n                            <\/div>\n            <div class=\"col-lg-7 mb-4 mb-lg-0 d-flex order-2 order-lg-2\">\n                <div class=\"video__container w-100 my-auto\" style=\"background-color:#1a1a1a\">\n                                        <div class=\"ratio ratio-16x9 mx-auto\">\n                                                <iframe src=\"https:\/\/player.vimeo.com\/video\/696475048?byline=0&#038;portrait=0\" allow=\"autoplay; fullscreen; picture-in-picture\" webkitallowfullscreen mozallowfullscreen allowfullscreen><\/iframe>\n                                                <\/div>\n                    <!-- <lite-vimeo videoid=\"696475048\" style=\"background-image:url('');\"><\/lite-vimeo> -->\n                <\/div>\n            <\/div>\n        <\/div>\n    <\/div>\n<\/section>\n<!-- <script type=module src=\"https:\/\/cdn.jsdelivr.net\/npm\/@slightlyoff\/lite-vimeo@0.1.1\/lite-vimeo.js\"><\/script> -->\n\n<!-- text_video -->\n<section class=\"text_video  py-5\">\n    <div class=\"container-xl\">\n        <div class=\"row\">\n            <div class=\"col-lg-5 text_video__content order-1 order-lg-1 mb-4 mb-lg-0 pt-5 py-md-5\">\n                <h2>Hydro-View (HV05) ve Hydro-Hub (HH01)<\/h2>                <div class=\"content mb-4\"><p>Hydro-View dokunmatik ekran veya Hydro-Hub \u00fcnitesi kullan\u0131larak bir Hydronix sens\u00f6r\u00fcn\u00fc kalibre etme prosed\u00fcr\u00fc ayr\u0131nt\u0131lar\u0131yla a\u00e7\u0131klan\u0131r. (5 dakika) <\/p>\n<\/div>\n                            <\/div>\n            <div class=\"col-lg-7 mb-4 mb-lg-0 d-flex order-2 order-lg-2\">\n                <div class=\"video__container w-100 my-auto\" style=\"background-color:#1a1a1a\">\n                                        <div class=\"ratio ratio-16x9 mx-auto\">\n                                                <iframe src=\"https:\/\/player.vimeo.com\/video\/569787439?byline=0&#038;portrait=0\" allow=\"autoplay; fullscreen; picture-in-picture\" webkitallowfullscreen mozallowfullscreen allowfullscreen><\/iframe>\n                                                <\/div>\n                    <!-- <lite-vimeo videoid=\"569787439\" style=\"background-image:url('');\"><\/lite-vimeo> -->\n                <\/div>\n            <\/div>\n        <\/div>\n    <\/div>\n<\/section>\n<!-- <script type=module src=\"https:\/\/cdn.jsdelivr.net\/npm\/@slightlyoff\/lite-vimeo@0.1.1\/lite-vimeo.js\"><\/script> -->","protected":false},"excerpt":{"rendered":"<p> [&#8230;]<\/p>\n<p><a class=\"btn btn-secondary understrap-read-more-link\" href=\"https:\/\/www.hydronix.com\/tr\/hydronix-nem-sensoru-egitimi\/kalibrasyon\/\">Daha fazlas\u0131n\u0131 oku\u2026<span class=\"screen-reader-text\"> from Kalibrasyon<\/span><\/a><\/p>\n","protected":false},"author":4,"featured_media":36978,"parent":37371,"menu_order":573,"comment_status":"closed","ping_status":"closed","template":"","meta":{"_acf_changed":false,"content-type":"","inline_featured_image":false,"footnotes":""},"industries":[],"process":[],"class_list":["post-36936","page","type-page","status-publish","has-post-thumbnail","hentry"],"acf":[],"yoast_head":"<!-- This site is optimized with the Yoast SEO plugin v27.1.1 - https:\/\/yoast.com\/product\/yoast-seo-wordpress\/ -->\n<title>Hydronix Nem Sens\u00f6r\u00fc Kalibrasyonu<\/title>\n<meta name=\"description\" content=\"Hydronix nem sens\u00f6rleriniz ve aray\u00fczlerinin nas\u0131l kalibre edilece\u011fi hakk\u0131nda videolar, bilgi grafikleri, kullan\u0131c\u0131 rehberleri ve daha fazlas\u0131.\" \/>\n<meta name=\"robots\" content=\"index, follow, max-snippet:-1, max-image-preview:large, max-video-preview:-1\" \/>\n<link rel=\"canonical\" href=\"https:\/\/www.hydronix.com\/tr\/hydronix-nem-sensoru-egitimi\/kalibrasyon\/\" \/>\n<meta property=\"og:locale\" content=\"tr_TR\" \/>\n<meta property=\"og:type\" content=\"article\" \/>\n<meta property=\"og:title\" content=\"Hydronix Nem Sens\u00f6r\u00fc Kalibrasyonu\" \/>\n<meta property=\"og:description\" content=\"Hydronix nem sens\u00f6rleriniz ve aray\u00fczlerinin nas\u0131l kalibre edilece\u011fi hakk\u0131nda videolar, bilgi grafikleri, kullan\u0131c\u0131 rehberleri ve daha fazlas\u0131.\" \/>\n<meta property=\"og:url\" content=\"https:\/\/www.hydronix.com\/tr\/hydronix-nem-sensoru-egitimi\/kalibrasyon\/\" \/>\n<meta property=\"og:site_name\" content=\"Hydronix\" \/>\n<meta property=\"article:modified_time\" content=\"2025-02-21T12:18:06+00:00\" \/>\n<meta property=\"og:image\" content=\"https:\/\/www.hydronix.com\/wp-content\/uploads\/2024\/06\/shutterstock_2305781813-online-learning-scaled.jpg\" \/>\n\t<meta property=\"og:image:width\" content=\"2560\" \/>\n\t<meta property=\"og:image:height\" content=\"1231\" \/>\n\t<meta property=\"og:image:type\" content=\"image\/jpeg\" \/>\n<meta name=\"twitter:card\" content=\"summary_large_image\" \/>\n<meta name=\"twitter:label1\" content=\"Tahmini okuma s\u00fcresi\" \/>\n\t<meta name=\"twitter:data1\" content=\"1 dakika\" \/>\n<script type=\"application\/ld+json\" class=\"yoast-schema-graph\">{\"@context\":\"https:\/\/schema.org\",\"@graph\":[{\"@type\":\"WebPage\",\"@id\":\"https:\/\/www.hydronix.com\/tr\/hydronix-nem-sensoru-egitimi\/kalibrasyon\/\",\"url\":\"https:\/\/www.hydronix.com\/tr\/hydronix-nem-sensoru-egitimi\/kalibrasyon\/\",\"name\":\"Hydronix Nem Sens\u00f6r\u00fc Kalibrasyonu\",\"isPartOf\":{\"@id\":\"https:\/\/www.hydronix.com\/tr\/#website\"},\"primaryImageOfPage\":{\"@id\":\"https:\/\/www.hydronix.com\/tr\/hydronix-nem-sensoru-egitimi\/kalibrasyon\/#primaryimage\"},\"image\":{\"@id\":\"https:\/\/www.hydronix.com\/tr\/hydronix-nem-sensoru-egitimi\/kalibrasyon\/#primaryimage\"},\"thumbnailUrl\":\"https:\/\/www.hydronix.com\/wp-content\/uploads\/2024\/06\/shutterstock_2305781813-online-learning-scaled.jpg\",\"datePublished\":\"2024-06-28T08:03:21+00:00\",\"dateModified\":\"2025-02-21T12:18:06+00:00\",\"description\":\"Hydronix nem sens\u00f6rleriniz ve aray\u00fczlerinin nas\u0131l kalibre edilece\u011fi hakk\u0131nda videolar, bilgi grafikleri, kullan\u0131c\u0131 rehberleri ve daha fazlas\u0131.\",\"breadcrumb\":{\"@id\":\"https:\/\/www.hydronix.com\/tr\/hydronix-nem-sensoru-egitimi\/kalibrasyon\/#breadcrumb\"},\"inLanguage\":\"tr\",\"potentialAction\":[{\"@type\":\"ReadAction\",\"target\":[\"https:\/\/www.hydronix.com\/tr\/hydronix-nem-sensoru-egitimi\/kalibrasyon\/\"]}]},{\"@type\":\"ImageObject\",\"inLanguage\":\"tr\",\"@id\":\"https:\/\/www.hydronix.com\/tr\/hydronix-nem-sensoru-egitimi\/kalibrasyon\/#primaryimage\",\"url\":\"https:\/\/www.hydronix.com\/wp-content\/uploads\/2024\/06\/shutterstock_2305781813-online-learning-scaled.jpg\",\"contentUrl\":\"https:\/\/www.hydronix.com\/wp-content\/uploads\/2024\/06\/shutterstock_2305781813-online-learning-scaled.jpg\",\"width\":2560,\"height\":1231,\"caption\":\"Hydronix e\u011fitim ve \u00e7evrimi\u00e7i \u00f6\u011frenme\"},{\"@type\":\"BreadcrumbList\",\"@id\":\"https:\/\/www.hydronix.com\/tr\/hydronix-nem-sensoru-egitimi\/kalibrasyon\/#breadcrumb\",\"itemListElement\":[{\"@type\":\"ListItem\",\"position\":1,\"name\":\"Home\",\"item\":\"https:\/\/www.hydronix.com\/tr\/\"},{\"@type\":\"ListItem\",\"position\":2,\"name\":\"E\u011fitim\",\"item\":\"https:\/\/www.hydronix.com\/tr\/hydronix-nem-sensoru-egitimi\/\"},{\"@type\":\"ListItem\",\"position\":3,\"name\":\"Kalibrasyon\"}]},{\"@type\":\"WebSite\",\"@id\":\"https:\/\/www.hydronix.com\/tr\/#website\",\"url\":\"https:\/\/www.hydronix.com\/tr\/\",\"name\":\"Hydronix\",\"description\":\"Your partner in moisture measurement\",\"potentialAction\":[{\"@type\":\"SearchAction\",\"target\":{\"@type\":\"EntryPoint\",\"urlTemplate\":\"https:\/\/www.hydronix.com\/tr\/?s={search_term_string}\"},\"query-input\":{\"@type\":\"PropertyValueSpecification\",\"valueRequired\":true,\"valueName\":\"search_term_string\"}}],\"inLanguage\":\"tr\"}]}<\/script>\n<!-- \/ Yoast SEO plugin. -->","yoast_head_json":{"title":"Hydronix Nem Sens\u00f6r\u00fc Kalibrasyonu","description":"Hydronix nem sens\u00f6rleriniz ve aray\u00fczlerinin nas\u0131l kalibre edilece\u011fi hakk\u0131nda videolar, bilgi grafikleri, kullan\u0131c\u0131 rehberleri ve daha fazlas\u0131.","robots":{"index":"index","follow":"follow","max-snippet":"max-snippet:-1","max-image-preview":"max-image-preview:large","max-video-preview":"max-video-preview:-1"},"canonical":"https:\/\/www.hydronix.com\/tr\/hydronix-nem-sensoru-egitimi\/kalibrasyon\/","og_locale":"tr_TR","og_type":"article","og_title":"Hydronix Nem Sens\u00f6r\u00fc Kalibrasyonu","og_description":"Hydronix nem sens\u00f6rleriniz ve aray\u00fczlerinin nas\u0131l kalibre edilece\u011fi hakk\u0131nda videolar, bilgi grafikleri, kullan\u0131c\u0131 rehberleri ve daha fazlas\u0131.","og_url":"https:\/\/www.hydronix.com\/tr\/hydronix-nem-sensoru-egitimi\/kalibrasyon\/","og_site_name":"Hydronix","article_modified_time":"2025-02-21T12:18:06+00:00","og_image":[{"width":2560,"height":1231,"url":"https:\/\/www.hydronix.com\/wp-content\/uploads\/2024\/06\/shutterstock_2305781813-online-learning-scaled.jpg","type":"image\/jpeg"}],"twitter_card":"summary_large_image","twitter_misc":{"Tahmini okuma s\u00fcresi":"1 dakika"},"schema":{"@context":"https:\/\/schema.org","@graph":[{"@type":"WebPage","@id":"https:\/\/www.hydronix.com\/tr\/hydronix-nem-sensoru-egitimi\/kalibrasyon\/","url":"https:\/\/www.hydronix.com\/tr\/hydronix-nem-sensoru-egitimi\/kalibrasyon\/","name":"Hydronix Nem Sens\u00f6r\u00fc Kalibrasyonu","isPartOf":{"@id":"https:\/\/www.hydronix.com\/tr\/#website"},"primaryImageOfPage":{"@id":"https:\/\/www.hydronix.com\/tr\/hydronix-nem-sensoru-egitimi\/kalibrasyon\/#primaryimage"},"image":{"@id":"https:\/\/www.hydronix.com\/tr\/hydronix-nem-sensoru-egitimi\/kalibrasyon\/#primaryimage"},"thumbnailUrl":"https:\/\/www.hydronix.com\/wp-content\/uploads\/2024\/06\/shutterstock_2305781813-online-learning-scaled.jpg","datePublished":"2024-06-28T08:03:21+00:00","dateModified":"2025-02-21T12:18:06+00:00","description":"Hydronix nem sens\u00f6rleriniz ve aray\u00fczlerinin nas\u0131l kalibre edilece\u011fi hakk\u0131nda videolar, bilgi grafikleri, kullan\u0131c\u0131 rehberleri ve daha fazlas\u0131.","breadcrumb":{"@id":"https:\/\/www.hydronix.com\/tr\/hydronix-nem-sensoru-egitimi\/kalibrasyon\/#breadcrumb"},"inLanguage":"tr","potentialAction":[{"@type":"ReadAction","target":["https:\/\/www.hydronix.com\/tr\/hydronix-nem-sensoru-egitimi\/kalibrasyon\/"]}]},{"@type":"ImageObject","inLanguage":"tr","@id":"https:\/\/www.hydronix.com\/tr\/hydronix-nem-sensoru-egitimi\/kalibrasyon\/#primaryimage","url":"https:\/\/www.hydronix.com\/wp-content\/uploads\/2024\/06\/shutterstock_2305781813-online-learning-scaled.jpg","contentUrl":"https:\/\/www.hydronix.com\/wp-content\/uploads\/2024\/06\/shutterstock_2305781813-online-learning-scaled.jpg","width":2560,"height":1231,"caption":"Hydronix e\u011fitim ve \u00e7evrimi\u00e7i \u00f6\u011frenme"},{"@type":"BreadcrumbList","@id":"https:\/\/www.hydronix.com\/tr\/hydronix-nem-sensoru-egitimi\/kalibrasyon\/#breadcrumb","itemListElement":[{"@type":"ListItem","position":1,"name":"Home","item":"https:\/\/www.hydronix.com\/tr\/"},{"@type":"ListItem","position":2,"name":"E\u011fitim","item":"https:\/\/www.hydronix.com\/tr\/hydronix-nem-sensoru-egitimi\/"},{"@type":"ListItem","position":3,"name":"Kalibrasyon"}]},{"@type":"WebSite","@id":"https:\/\/www.hydronix.com\/tr\/#website","url":"https:\/\/www.hydronix.com\/tr\/","name":"Hydronix","description":"Your partner in moisture measurement","potentialAction":[{"@type":"SearchAction","target":{"@type":"EntryPoint","urlTemplate":"https:\/\/www.hydronix.com\/tr\/?s={search_term_string}"},"query-input":{"@type":"PropertyValueSpecification","valueRequired":true,"valueName":"search_term_string"}}],"inLanguage":"tr"}]}},"_links":{"self":[{"href":"https:\/\/www.hydronix.com\/tr\/wp-json\/wp\/v2\/pages\/36936","targetHints":{"allow":["GET"]}}],"collection":[{"href":"https:\/\/www.hydronix.com\/tr\/wp-json\/wp\/v2\/pages"}],"about":[{"href":"https:\/\/www.hydronix.com\/tr\/wp-json\/wp\/v2\/types\/page"}],"author":[{"embeddable":true,"href":"https:\/\/www.hydronix.com\/tr\/wp-json\/wp\/v2\/users\/4"}],"replies":[{"embeddable":true,"href":"https:\/\/www.hydronix.com\/tr\/wp-json\/wp\/v2\/comments?post=36936"}],"version-history":[{"count":5,"href":"https:\/\/www.hydronix.com\/tr\/wp-json\/wp\/v2\/pages\/36936\/revisions"}],"predecessor-version":[{"id":39391,"href":"https:\/\/www.hydronix.com\/tr\/wp-json\/wp\/v2\/pages\/36936\/revisions\/39391"}],"up":[{"embeddable":true,"href":"https:\/\/www.hydronix.com\/tr\/wp-json\/wp\/v2\/pages\/37371"}],"wp:featuredmedia":[{"embeddable":true,"href":"https:\/\/www.hydronix.com\/tr\/wp-json\/wp\/v2\/media\/36978"}],"wp:attachment":[{"href":"https:\/\/www.hydronix.com\/tr\/wp-json\/wp\/v2\/media?parent=36936"}],"wp:term":[{"taxonomy":"industries","embeddable":true,"href":"https:\/\/www.hydronix.com\/tr\/wp-json\/wp\/v2\/industries?post=36936"},{"taxonomy":"process","embeddable":true,"href":"https:\/\/www.hydronix.com\/tr\/wp-json\/wp\/v2\/process?post=36936"}],"curies":[{"name":"wp","href":"https:\/\/api.w.org\/{rel}","templated":true}]}}