{"id":36928,"date":"2024-06-28T08:00:46","date_gmt":"2024-06-28T08:00:46","guid":{"rendered":"https:\/\/www.hydronix.com\/?page_id=36928"},"modified":"2024-08-02T09:18:33","modified_gmt":"2024-08-02T09:18:33","slug":"elektrik-donanimi","status":"publish","type":"page","link":"https:\/\/www.hydronix.com\/tr\/hydronix-nem-sensoru-egitimi\/elektrik-donanimi\/","title":{"rendered":"Elektrik donan\u0131m\u0131"},"content":{"rendered":"    \n<!-- hero_short -->\n<section class=\"short_hero d-flex py-5\" style=\"background-image:url(https:\/\/www.hydronix.com\/wp-content\/uploads\/2024\/06\/shutterstock_2305781813-online-learning-scaled.jpg)\">\n    <div class=\"overlay\"><\/div>\n    <div class=\"container-xl my-auto\">\n        <div class=\"row\">\n            <div class=\"col-lg-5 hero__content\">\n                <h1>Elektrik donan\u0131m\u0131<\/h1>\n            <\/div>\n        <\/div>\n    <\/div>\n<\/section>\n<!--section class=\"sub_page_title py-1 mb-4\">\n    <div class=\"container-xl\">\n        <p id=\"breadcrumbs\"><span><span><a href=\"https:\/\/www.hydronix.com\/tr\/\">Home<\/a><\/span><\/span><\/p>    <\/div>\n<\/section-->\n\n\n    \n<!-- text_image -->\n<section class=\"text_image py-5 bg--light \">\n  <div class=\"container-xl\">\n    <div class=\"row\">\n      <div class=\"col-lg-6 text_image__content my-auto order-2 order-lg-1\">\n                  <h2>Elektrik Kullan\u0131c\u0131 K\u0131lavuzu<\/h2>\n        \n        <div class=\"content\"><p>Bu <a href=\"https:\/\/www.hydronix.com\/wp-content\/uploads\/2024\/02\/hd0678tr_1_7_0.pdf\" rel=\"noopener\" target=\"_blank\">kullan\u0131m k\u0131lavuzu<\/a>, bir Hydronix sens\u00f6r\u00fcn\u00fcn tam i\u015flevselli\u011fini sa\u011flayan eksiksiz kablolama bilgilerini i\u00e7erir.<\/p>\n<\/div>\n\n              <\/div>\n\n      <div class=\"col-lg-6 text_image__image text-center my-auto order-1 order-lg-2\">\n        <img decoding=\"async\" src=\"https:\/\/www.hydronix.com\/wp-content\/uploads\/2024\/08\/Electricity-TR.png\"\n             class=\"img-fluid w-50 w-md-75 mb-4\" alt=\"\">\n      <\/div>\n    <\/div>\n  <\/div>\n<\/section>\n\n<!-- text_video -->\n<section class=\"text_video text_video--bg py-5\">\n    <div class=\"container-xl\">\n        <div class=\"row\">\n            <div class=\"col-lg-5 text_video__content order-1 order-lg-1 mb-4 mb-lg-0 pt-5 py-md-5\">\n                <h2>RS485 Elektrik Kablolamas\u0131<\/h2>                <div class=\"content mb-4\"><p>Tekli ve \u00e7oklu sens\u00f6r kurulumlar\u0131 i\u00e7in do\u011fru RS485 kablolama y\u00f6nteminin ayr\u0131nt\u0131lar\u0131n\u0131 g\u00f6sterir. (5 dakika)<\/p>\n<\/div>\n                            <\/div>\n            <div class=\"col-lg-7 mb-4 mb-lg-0 d-flex order-2 order-lg-2\">\n                <div class=\"video__container w-100 my-auto\" style=\"background-color:#1a1a1a\">\n                                        <div class=\"ratio ratio-16x9 mx-auto\">\n                                                <iframe src=\"https:\/\/player.vimeo.com\/video\/754358763?byline=0&#038;portrait=0\" allow=\"autoplay; fullscreen; picture-in-picture\" webkitallowfullscreen mozallowfullscreen allowfullscreen><\/iframe>\n                                                <\/div>\n                    <!-- <lite-vimeo videoid=\"754358763\" style=\"background-image:url('');\"><\/lite-vimeo> -->\n                <\/div>\n            <\/div>\n        <\/div>\n    <\/div>\n<\/section>\n<!-- <script type=module src=\"https:\/\/cdn.jsdelivr.net\/npm\/@slightlyoff\/lite-vimeo@0.1.1\/lite-vimeo.js\"><\/script> -->","protected":false},"excerpt":{"rendered":"<p> [&#8230;]<\/p>\n<p><a class=\"btn btn-secondary understrap-read-more-link\" href=\"https:\/\/www.hydronix.com\/tr\/hydronix-nem-sensoru-egitimi\/elektrik-donanimi\/\">Daha fazlas\u0131n\u0131 oku\u2026<span class=\"screen-reader-text\"> from Elektrik donan\u0131m\u0131<\/span><\/a><\/p>\n","protected":false},"author":4,"featured_media":36978,"parent":37371,"menu_order":597,"comment_status":"closed","ping_status":"closed","template":"","meta":{"_acf_changed":false,"content-type":"","inline_featured_image":false,"footnotes":""},"industries":[],"process":[],"class_list":["post-36928","page","type-page","status-publish","has-post-thumbnail","hentry"],"acf":[],"yoast_head":"<!-- This site is optimized with the Yoast SEO plugin v27.1.1 - https:\/\/yoast.com\/product\/yoast-seo-wordpress\/ -->\n<title>Hydronix Nem Sens\u00f6r\u00fc Elektrik Donan\u0131m\u0131 Kurulumu<\/title>\n<meta name=\"description\" content=\"Hydronix nem sens\u00f6rleri ve aray\u00fczlerinin elektrik donan\u0131m\u0131 kurulumunun nas\u0131l yap\u0131laca\u011f\u0131na ili\u015fkin videolar, m\u00fchendislik notlar\u0131 ve kullan\u0131c\u0131 rehberleri.\" \/>\n<meta name=\"robots\" content=\"index, follow, max-snippet:-1, max-image-preview:large, max-video-preview:-1\" \/>\n<link rel=\"canonical\" href=\"https:\/\/www.hydronix.com\/tr\/hydronix-nem-sensoru-egitimi\/elektrik-donanimi\/\" \/>\n<meta property=\"og:locale\" content=\"tr_TR\" \/>\n<meta property=\"og:type\" content=\"article\" \/>\n<meta property=\"og:title\" content=\"Hydronix Nem Sens\u00f6r\u00fc Elektrik Donan\u0131m\u0131 Kurulumu\" \/>\n<meta property=\"og:description\" content=\"Hydronix nem sens\u00f6rleri ve aray\u00fczlerinin elektrik donan\u0131m\u0131 kurulumunun nas\u0131l yap\u0131laca\u011f\u0131na ili\u015fkin videolar, m\u00fchendislik notlar\u0131 ve kullan\u0131c\u0131 rehberleri.\" \/>\n<meta property=\"og:url\" content=\"https:\/\/www.hydronix.com\/tr\/hydronix-nem-sensoru-egitimi\/elektrik-donanimi\/\" \/>\n<meta property=\"og:site_name\" content=\"Hydronix\" \/>\n<meta property=\"article:modified_time\" content=\"2024-08-02T09:18:33+00:00\" \/>\n<meta property=\"og:image\" content=\"https:\/\/www.hydronix.com\/wp-content\/uploads\/2024\/06\/shutterstock_2305781813-online-learning-scaled.jpg\" \/>\n\t<meta property=\"og:image:width\" content=\"2560\" \/>\n\t<meta property=\"og:image:height\" content=\"1231\" \/>\n\t<meta property=\"og:image:type\" content=\"image\/jpeg\" \/>\n<meta name=\"twitter:card\" content=\"summary_large_image\" \/>\n<meta name=\"twitter:label1\" content=\"Tahmini okuma s\u00fcresi\" \/>\n\t<meta name=\"twitter:data1\" content=\"1 dakika\" \/>\n<script type=\"application\/ld+json\" class=\"yoast-schema-graph\">{\"@context\":\"https:\/\/schema.org\",\"@graph\":[{\"@type\":\"WebPage\",\"@id\":\"https:\/\/www.hydronix.com\/tr\/hydronix-nem-sensoru-egitimi\/elektrik-donanimi\/\",\"url\":\"https:\/\/www.hydronix.com\/tr\/hydronix-nem-sensoru-egitimi\/elektrik-donanimi\/\",\"name\":\"Hydronix Nem Sens\u00f6r\u00fc Elektrik Donan\u0131m\u0131 Kurulumu\",\"isPartOf\":{\"@id\":\"https:\/\/www.hydronix.com\/tr\/#website\"},\"primaryImageOfPage\":{\"@id\":\"https:\/\/www.hydronix.com\/tr\/hydronix-nem-sensoru-egitimi\/elektrik-donanimi\/#primaryimage\"},\"image\":{\"@id\":\"https:\/\/www.hydronix.com\/tr\/hydronix-nem-sensoru-egitimi\/elektrik-donanimi\/#primaryimage\"},\"thumbnailUrl\":\"https:\/\/www.hydronix.com\/wp-content\/uploads\/2024\/06\/shutterstock_2305781813-online-learning-scaled.jpg\",\"datePublished\":\"2024-06-28T08:00:46+00:00\",\"dateModified\":\"2024-08-02T09:18:33+00:00\",\"description\":\"Hydronix nem sens\u00f6rleri ve aray\u00fczlerinin elektrik donan\u0131m\u0131 kurulumunun nas\u0131l yap\u0131laca\u011f\u0131na ili\u015fkin videolar, m\u00fchendislik notlar\u0131 ve kullan\u0131c\u0131 rehberleri.\",\"breadcrumb\":{\"@id\":\"https:\/\/www.hydronix.com\/tr\/hydronix-nem-sensoru-egitimi\/elektrik-donanimi\/#breadcrumb\"},\"inLanguage\":\"tr\",\"potentialAction\":[{\"@type\":\"ReadAction\",\"target\":[\"https:\/\/www.hydronix.com\/tr\/hydronix-nem-sensoru-egitimi\/elektrik-donanimi\/\"]}]},{\"@type\":\"ImageObject\",\"inLanguage\":\"tr\",\"@id\":\"https:\/\/www.hydronix.com\/tr\/hydronix-nem-sensoru-egitimi\/elektrik-donanimi\/#primaryimage\",\"url\":\"https:\/\/www.hydronix.com\/wp-content\/uploads\/2024\/06\/shutterstock_2305781813-online-learning-scaled.jpg\",\"contentUrl\":\"https:\/\/www.hydronix.com\/wp-content\/uploads\/2024\/06\/shutterstock_2305781813-online-learning-scaled.jpg\",\"width\":2560,\"height\":1231,\"caption\":\"Hydronix e\u011fitim ve \u00e7evrimi\u00e7i \u00f6\u011frenme\"},{\"@type\":\"BreadcrumbList\",\"@id\":\"https:\/\/www.hydronix.com\/tr\/hydronix-nem-sensoru-egitimi\/elektrik-donanimi\/#breadcrumb\",\"itemListElement\":[{\"@type\":\"ListItem\",\"position\":1,\"name\":\"Home\",\"item\":\"https:\/\/www.hydronix.com\/tr\/\"},{\"@type\":\"ListItem\",\"position\":2,\"name\":\"E\u011fitim\",\"item\":\"https:\/\/www.hydronix.com\/tr\/hydronix-nem-sensoru-egitimi\/\"},{\"@type\":\"ListItem\",\"position\":3,\"name\":\"Elektrik donan\u0131m\u0131\"}]},{\"@type\":\"WebSite\",\"@id\":\"https:\/\/www.hydronix.com\/tr\/#website\",\"url\":\"https:\/\/www.hydronix.com\/tr\/\",\"name\":\"Hydronix\",\"description\":\"Your partner in moisture measurement\",\"potentialAction\":[{\"@type\":\"SearchAction\",\"target\":{\"@type\":\"EntryPoint\",\"urlTemplate\":\"https:\/\/www.hydronix.com\/tr\/?s={search_term_string}\"},\"query-input\":{\"@type\":\"PropertyValueSpecification\",\"valueRequired\":true,\"valueName\":\"search_term_string\"}}],\"inLanguage\":\"tr\"}]}<\/script>\n<!-- \/ Yoast SEO plugin. -->","yoast_head_json":{"title":"Hydronix Nem Sens\u00f6r\u00fc Elektrik Donan\u0131m\u0131 Kurulumu","description":"Hydronix nem sens\u00f6rleri ve aray\u00fczlerinin elektrik donan\u0131m\u0131 kurulumunun nas\u0131l yap\u0131laca\u011f\u0131na ili\u015fkin videolar, m\u00fchendislik notlar\u0131 ve kullan\u0131c\u0131 rehberleri.","robots":{"index":"index","follow":"follow","max-snippet":"max-snippet:-1","max-image-preview":"max-image-preview:large","max-video-preview":"max-video-preview:-1"},"canonical":"https:\/\/www.hydronix.com\/tr\/hydronix-nem-sensoru-egitimi\/elektrik-donanimi\/","og_locale":"tr_TR","og_type":"article","og_title":"Hydronix Nem Sens\u00f6r\u00fc Elektrik Donan\u0131m\u0131 Kurulumu","og_description":"Hydronix nem sens\u00f6rleri ve aray\u00fczlerinin elektrik donan\u0131m\u0131 kurulumunun nas\u0131l yap\u0131laca\u011f\u0131na ili\u015fkin videolar, m\u00fchendislik notlar\u0131 ve kullan\u0131c\u0131 rehberleri.","og_url":"https:\/\/www.hydronix.com\/tr\/hydronix-nem-sensoru-egitimi\/elektrik-donanimi\/","og_site_name":"Hydronix","article_modified_time":"2024-08-02T09:18:33+00:00","og_image":[{"width":2560,"height":1231,"url":"https:\/\/www.hydronix.com\/wp-content\/uploads\/2024\/06\/shutterstock_2305781813-online-learning-scaled.jpg","type":"image\/jpeg"}],"twitter_card":"summary_large_image","twitter_misc":{"Tahmini okuma s\u00fcresi":"1 dakika"},"schema":{"@context":"https:\/\/schema.org","@graph":[{"@type":"WebPage","@id":"https:\/\/www.hydronix.com\/tr\/hydronix-nem-sensoru-egitimi\/elektrik-donanimi\/","url":"https:\/\/www.hydronix.com\/tr\/hydronix-nem-sensoru-egitimi\/elektrik-donanimi\/","name":"Hydronix Nem Sens\u00f6r\u00fc Elektrik Donan\u0131m\u0131 Kurulumu","isPartOf":{"@id":"https:\/\/www.hydronix.com\/tr\/#website"},"primaryImageOfPage":{"@id":"https:\/\/www.hydronix.com\/tr\/hydronix-nem-sensoru-egitimi\/elektrik-donanimi\/#primaryimage"},"image":{"@id":"https:\/\/www.hydronix.com\/tr\/hydronix-nem-sensoru-egitimi\/elektrik-donanimi\/#primaryimage"},"thumbnailUrl":"https:\/\/www.hydronix.com\/wp-content\/uploads\/2024\/06\/shutterstock_2305781813-online-learning-scaled.jpg","datePublished":"2024-06-28T08:00:46+00:00","dateModified":"2024-08-02T09:18:33+00:00","description":"Hydronix nem sens\u00f6rleri ve aray\u00fczlerinin elektrik donan\u0131m\u0131 kurulumunun nas\u0131l yap\u0131laca\u011f\u0131na ili\u015fkin videolar, m\u00fchendislik notlar\u0131 ve kullan\u0131c\u0131 rehberleri.","breadcrumb":{"@id":"https:\/\/www.hydronix.com\/tr\/hydronix-nem-sensoru-egitimi\/elektrik-donanimi\/#breadcrumb"},"inLanguage":"tr","potentialAction":[{"@type":"ReadAction","target":["https:\/\/www.hydronix.com\/tr\/hydronix-nem-sensoru-egitimi\/elektrik-donanimi\/"]}]},{"@type":"ImageObject","inLanguage":"tr","@id":"https:\/\/www.hydronix.com\/tr\/hydronix-nem-sensoru-egitimi\/elektrik-donanimi\/#primaryimage","url":"https:\/\/www.hydronix.com\/wp-content\/uploads\/2024\/06\/shutterstock_2305781813-online-learning-scaled.jpg","contentUrl":"https:\/\/www.hydronix.com\/wp-content\/uploads\/2024\/06\/shutterstock_2305781813-online-learning-scaled.jpg","width":2560,"height":1231,"caption":"Hydronix e\u011fitim ve \u00e7evrimi\u00e7i \u00f6\u011frenme"},{"@type":"BreadcrumbList","@id":"https:\/\/www.hydronix.com\/tr\/hydronix-nem-sensoru-egitimi\/elektrik-donanimi\/#breadcrumb","itemListElement":[{"@type":"ListItem","position":1,"name":"Home","item":"https:\/\/www.hydronix.com\/tr\/"},{"@type":"ListItem","position":2,"name":"E\u011fitim","item":"https:\/\/www.hydronix.com\/tr\/hydronix-nem-sensoru-egitimi\/"},{"@type":"ListItem","position":3,"name":"Elektrik donan\u0131m\u0131"}]},{"@type":"WebSite","@id":"https:\/\/www.hydronix.com\/tr\/#website","url":"https:\/\/www.hydronix.com\/tr\/","name":"Hydronix","description":"Your partner in moisture measurement","potentialAction":[{"@type":"SearchAction","target":{"@type":"EntryPoint","urlTemplate":"https:\/\/www.hydronix.com\/tr\/?s={search_term_string}"},"query-input":{"@type":"PropertyValueSpecification","valueRequired":true,"valueName":"search_term_string"}}],"inLanguage":"tr"}]}},"_links":{"self":[{"href":"https:\/\/www.hydronix.com\/tr\/wp-json\/wp\/v2\/pages\/36928","targetHints":{"allow":["GET"]}}],"collection":[{"href":"https:\/\/www.hydronix.com\/tr\/wp-json\/wp\/v2\/pages"}],"about":[{"href":"https:\/\/www.hydronix.com\/tr\/wp-json\/wp\/v2\/types\/page"}],"author":[{"embeddable":true,"href":"https:\/\/www.hydronix.com\/tr\/wp-json\/wp\/v2\/users\/4"}],"replies":[{"embeddable":true,"href":"https:\/\/www.hydronix.com\/tr\/wp-json\/wp\/v2\/comments?post=36928"}],"version-history":[{"count":6,"href":"https:\/\/www.hydronix.com\/tr\/wp-json\/wp\/v2\/pages\/36928\/revisions"}],"predecessor-version":[{"id":37679,"href":"https:\/\/www.hydronix.com\/tr\/wp-json\/wp\/v2\/pages\/36928\/revisions\/37679"}],"up":[{"embeddable":true,"href":"https:\/\/www.hydronix.com\/tr\/wp-json\/wp\/v2\/pages\/37371"}],"wp:featuredmedia":[{"embeddable":true,"href":"https:\/\/www.hydronix.com\/tr\/wp-json\/wp\/v2\/media\/36978"}],"wp:attachment":[{"href":"https:\/\/www.hydronix.com\/tr\/wp-json\/wp\/v2\/media?parent=36928"}],"wp:term":[{"taxonomy":"industries","embeddable":true,"href":"https:\/\/www.hydronix.com\/tr\/wp-json\/wp\/v2\/industries?post=36928"},{"taxonomy":"process","embeddable":true,"href":"https:\/\/www.hydronix.com\/tr\/wp-json\/wp\/v2\/process?post=36928"}],"curies":[{"name":"wp","href":"https:\/\/api.w.org\/{rel}","templated":true}]}}