{"id":36895,"date":"2024-06-27T12:29:56","date_gmt":"2024-06-27T12:29:56","guid":{"rendered":"https:\/\/www.hydronix.com\/?page_id=36895"},"modified":"2024-08-01T09:42:07","modified_gmt":"2024-08-01T09:42:07","slug":"tasima","status":"publish","type":"page","link":"https:\/\/www.hydronix.com\/tr\/prosesler\/tasima\/","title":{"rendered":"Ta\u015f\u0131ma"},"content":{"rendered":"<!-- icon_hero -->\n<section class=\"application_hero d-flex py-5\" style=\"background-image:url(https:\/\/www.hydronix.com\/wp-content\/uploads\/2024\/06\/shutterstock_237863170-conveying-small.jpg)\">\n    <div class=\"overlay\"><\/div>\n    <div class=\"container my-auto\">\n        <div class=\"row\">\n            <div class=\"col-lg-2\"><img decoding=\"async\" src=\"https:\/\/www.hydronix.com\/wp-content\/themes\/cb-hydronix\/img\/icons\/icon__conveying--wo.svg\" class=\"w-50 w-lg-100\"><\/div>\n            <div class=\"col-lg-10 d-flex hero__content\"><h1 class=\"my-auto text-white\">Ta\u015f\u0131ma<\/h1><\/div>\n        <\/div>\n    <\/div>\n<\/section>\n<section class=\"sub_page_title py-1 mb-4\">\n    <div class=\"container-xl\">\n        <p id=\"breadcrumbs\"><span><span><a href=\"https:\/\/www.hydronix.com\/tr\/\">Home<\/a><\/span><\/span><\/p>    <\/div>\n<\/section>\n\n\n<!-- process_overview -->\n<section class=\"process_overview mb-4\">\n    <div class=\"container-xl\">\n        <div class=\"row g-4\">\n            <div class=\"col-md-6\">\n                <h2 class=\"fs-3 mb-4\">Genel Bak\u0131\u015f<\/h2>\n                <p>\u0130\u015fleme ad\u0131mlar\u0131 s\u0131ras\u0131nda malzemeler tesis i\u00e7inde ta\u015f\u0131n\u0131rken nem \u00f6l\u00e7\u00fcm\u00fc \u00f6nemlidir.<br \/>Sens\u00f6rler konvey\u00f6rlerde, kanallarda\/oluklarda, kar\u0131\u015ft\u0131r\u0131c\u0131larda, bunkerlerde ve silo \u00e7\u0131k\u0131\u015flar\u0131nda kullan\u0131labilir. Kontrol sistemleri, yap\u0131lan \u00f6l\u00e7\u00fcmleri \u00e7e\u015fitli kontrol d\u00f6ng\u00fcleri i\u00e7in ve tesis performans\u0131n\u0131n izlenmesi amac\u0131yla proses de\u011fi\u015fkenleri olarak kullanabilir. Kalite g\u00fcvence personeli, nem de\u011ferini kritik proses noktalar\u0131ndaki \u00fcr\u00fcn nemi miktar\u0131n\u0131 kaydetmek i\u00e7in kullanabilir. B\u00f6ylelikle daha y\u00fcksek verim elde edilir, \u00fcr\u00fcn israf\u0131 azalt\u0131l\u0131r ve enerji t\u00fcketimi asgariye indirilir.    <\/p>\n            <\/div>\n            <div class=\"col-md-6\">\n                <h2 class=\"fs-3 mb-4\">Faydalar\u0131<\/h2>\n                <div class=\"process_benefits mb-4\">\n                    <div class=\"card\">\n                    <ul class=\"mb-0\"><li>Ham maddeleri izleyin<\/li><li>\u00c7\u0131kan \u00fcr\u00fcnlerdeki farkl\u0131l\u0131\u011f\u0131 azalt\u0131n<\/li><li>\u00dcr\u00fcn verimini art\u0131r\u0131n<\/li><li>Enerji t\u00fcketimini ve emisyonlar\u0131 azalt\u0131n<\/li><\/ul>                    <\/div>\n                <\/div>\n                <h2 class=\"fs-3 mb-4\">Kurulum Noktalar\u0131<\/h2>\n                <div class=\"row g-4 justify-content-center installation_points installations\">\n                    <div class=\"col-sm-4 text-center\">\n                                                <div class=\"card inactive\">\n                            <img decoding=\"async\" src=\"https:\/\/www.hydronix.com\/wp-content\/themes\/cb-hydronix\/img\/icon--input-inactive.svg\" alt=\"\">\n                                Girdi                        <\/div>\n                    <\/div>\n                    <div class=\"col-sm-4 text-center\">\n                                                <div class=\"card\">\n                            <img decoding=\"async\" src=\"https:\/\/www.hydronix.com\/wp-content\/themes\/cb-hydronix\/img\/icon--in-process.svg\" alt=\"\">\n                                Proses S\u0131ras\u0131nda                        <\/div>\n                    <\/div>\n                    <div class=\"col-sm-4 text-center\">\n                                                <div class=\"card inactive\">\n                            <img decoding=\"async\" src=\"https:\/\/www.hydronix.com\/wp-content\/themes\/cb-hydronix\/img\/icon--output-inactive.svg\" alt=\"\">\n                                \u00c7\u0131kt\u0131                        <\/div>\n                    <\/div>\n                <\/div>\n            <\/div>\n        <\/div>\n    <\/div>\n<\/section>\n\n\n<div style=\"height:2rem\" aria-hidden=\"true\" class=\"wp-block-spacer\"><\/div>\n\n\n<!-- application_icons -->\n<section class=\"bg--blue-100  py-4\">\n<div class=\"container py-4\">\n    <h2 class=\"fs-4 text-center mb-4\">Standart Uygulamalar<\/h2>\n    <div class=\"applications row g-4\">\n                <div class=\"col-sm-4 col-lg-2 applications__card active\">\n            <a href=\"\/tr\/olcum\/beton-insaat\/\">\n                <img decoding=\"async\" src=\"https:\/\/www.hydronix.com\/wp-content\/themes\/cb-hydronix\/img\/icons\/icon__concrete-construction--blue.svg\" alt=\"X --blue\">\n                <div class=\"applications__title\">Beton ve \u0130n\u015faat<\/div>\n            <\/a>\n        <\/div>\n                    <div class=\"col-sm-4 col-lg-2 applications__card active\">\n            <a href=\"\/tr\/olcum\/gidalar-icin-guvenli\/\">\n                <img decoding=\"async\" src=\"https:\/\/www.hydronix.com\/wp-content\/themes\/cb-hydronix\/img\/icons\/icon__food-safe--blue.svg\" alt=\"X --blue\">\n                <div class=\"applications__title\">G\u0131dalar i\u00e7in G\u00fcvenli<\/div>\n            <\/a>\n        <\/div>\n                    <div class=\"col-sm-4 col-lg-2 applications__card active\">\n            <a href=\"\/tr\/olcum\/patlayici-ortam\/\">\n                <img decoding=\"async\" src=\"https:\/\/www.hydronix.com\/wp-content\/themes\/cb-hydronix\/img\/icons\/icon__explosive-atmosphere--blue.svg\" alt=\"X --blue\">\n                <div class=\"applications__title\">Patlay\u0131c\u0131 Ortam<\/div>\n            <\/a>\n        <\/div>\n                    <div class=\"col-sm-4 col-lg-2 applications__card active\">\n            <a href=\"\/tr\/olcum\/sivilar\/\">\n                <img decoding=\"async\" src=\"https:\/\/www.hydronix.com\/wp-content\/themes\/cb-hydronix\/img\/icons\/icon__liquids--blue.svg\" alt=\"X --blue\">\n                <div class=\"applications__title\">S\u0131v\u0131lar<\/div>\n            <\/a>\n        <\/div>\n                    <div class=\"col-sm-4 col-lg-2 applications__card active\">\n            <a href=\"\/tr\/olcum\/tahillar-ve-ambalajsiz-kati-malzemeler\/\">\n                <img decoding=\"async\" src=\"https:\/\/www.hydronix.com\/wp-content\/themes\/cb-hydronix\/img\/icons\/icon__grain-bulk-solids--blue.svg\" alt=\"X --blue\">\n                <div class=\"applications__title\">Tah\u0131llar ve Ambalajs\u0131z Kat\u0131 Malzemeler<\/div>\n            <\/a>\n        <\/div>\n                    <div class=\"col-sm-4 col-lg-2 applications__card active\">\n            <a href=\"\/tr\/olcum\/yuksek-sicaklik\/\">\n                <img decoding=\"async\" src=\"https:\/\/www.hydronix.com\/wp-content\/themes\/cb-hydronix\/img\/icons\/icon__high-temperature--blue.svg\" alt=\"X --blue\">\n                <div class=\"applications__title\">Y\u00fcksek S\u0131cakl\u0131k<\/div>\n            <\/a>\n        <\/div>\n                <\/div>\n<\/div>\n<\/section>\n\n\n<div style=\"height:2rem\" aria-hidden=\"true\" class=\"wp-block-spacer\"><\/div>\n\n\n<!-- products_by_process -->\n<section class=\"prod_by_app products pb-5\">\n    <div class=\"container-xl\">\n        <h2>\u0130lgili \u00dcr\u00fcnler<\/h2>\n        <div class=\"row g-3\">\n\n    <div class=\"col-sm-6 col-lg-3\">\n        <a class=\"product__card\" href=\"https:\/\/www.hydronix.com\/tr\/products\/hydro-mix\/\">\n        <img decoding=\"async\" src=\"https:\/\/www.hydronix.com\/wp-content\/uploads\/2022\/10\/hm08-hero-300x169.png\">\n            <div class=\"mb-2 fw-bold\">Hydro-Mix<\/div>\n            <div class=\"mb-2 product__subtitle\">Nem sens\u00f6r\u00fc: Mikserler ve konvey\u00f6rler i\u00e7in s\u0131va alt\u0131 montaj<\/div>\n            <div class=\"badges\">\n                            <\/div>        <\/a>\n    <\/div>\n        <div class=\"col-sm-6 col-lg-3\">\n        <a class=\"product__card\" href=\"https:\/\/www.hydronix.com\/tr\/products\/hydro-probe\/\">\n        <img decoding=\"async\" src=\"https:\/\/www.hydronix.com\/wp-content\/uploads\/2022\/09\/Hydro-Probe-300x169.png\">\n            <div class=\"mb-2 fw-bold\">Hydro-Probe<\/div>\n            <div class=\"mb-2 product__subtitle\">Nem sens\u00f6r\u00fc: Bunkerler ve kanallar i\u00e7in<\/div>\n            <div class=\"badges\">\n                            <\/div>        <\/a>\n    <\/div>\n        <div class=\"col-sm-6 col-lg-3\">\n        <a class=\"product__card\" href=\"https:\/\/www.hydronix.com\/tr\/products\/hydro-probe-orbiter\/\">\n        <img decoding=\"async\" src=\"https:\/\/www.hydronix.com\/wp-content\/uploads\/2022\/11\/orb3-flat-front-300x169.png\">\n            <div class=\"mb-2 fw-bold\">Hydro-Probe Orbiter<\/div>\n            <div class=\"mb-2 product__subtitle\">Nem sens\u00f6r\u00fc: D\u00f6ner pan mikserler i\u00e7in<\/div>\n            <div class=\"badges\">\n                                        <div class=\"badge badge--high-temp\"><\/div>\n                                    <\/div>        <\/a>\n    <\/div>\n        <div class=\"col-sm-6 col-lg-3\">\n        <a class=\"product__card\" href=\"https:\/\/www.hydronix.com\/tr\/products\/hydro-mix-xt-ex\/\">\n        <img decoding=\"async\" src=\"https:\/\/www.hydronix.com\/wp-content\/uploads\/2022\/11\/hmxtex-front-right-persp-300x169.png\">\n            <div class=\"mb-2 fw-bold\">Hydro-Mix XT-EX<\/div>\n            <div class=\"mb-2 product__subtitle\">Nem sens\u00f6r\u00fc: S\u0131va alt\u0131 montaj. 60\u00b0C&#8217;ye kadar i\u015flem s\u0131cakl\u0131\u011f\u0131 (B\u00f6lge 20\/21)<\/div>\n            <div class=\"badges\">\n                                        <div class=\"badge badge--atex\"><\/div>\n                        <div class=\"badge badge--etl\"><\/div>\n                                    <\/div>        <\/a>\n    <\/div>\n        <div class=\"col-sm-6 col-lg-3\">\n        <a class=\"product__card\" href=\"https:\/\/www.hydronix.com\/tr\/products\/hydro-mix-ht\/\">\n        <img decoding=\"async\" src=\"https:\/\/www.hydronix.com\/wp-content\/uploads\/2022\/11\/hmht01-front-persp-300x169.png\">\n            <div class=\"mb-2 fw-bold\">Hydro-Mix HT<\/div>\n            <div class=\"mb-2 product__subtitle\">Nem sens\u00f6r\u00fc: 120\u00b0C&#8217;ye kadar i\u015flem s\u0131cakl\u0131\u011f\u0131 aral\u0131\u011f\u0131<\/div>\n            <div class=\"badges\">\n                                        <div class=\"badge badge--high-temp\"><\/div>\n                                    <\/div>        <\/a>\n    <\/div>\n        <div class=\"col-sm-6 col-lg-3\">\n        <a class=\"product__card\" href=\"https:\/\/www.hydronix.com\/tr\/products\/hydro-mix-ht-ex\/\">\n        <img decoding=\"async\" src=\"https:\/\/www.hydronix.com\/wp-content\/uploads\/2022\/10\/hmhtex-left-persp-300x169.png\">\n            <div class=\"mb-2 fw-bold\">Hydro-Mix HT-EX<\/div>\n            <div class=\"mb-2 product__subtitle\">Nem sens\u00f6r\u00fc: S\u0131va alt\u0131 montaj. 120\u00b0C&#8217;ye kadar i\u015flem s\u0131cakl\u0131\u011f\u0131 (B\u00f6lge 20)<\/div>\n            <div class=\"badges\">\n                                        <div class=\"badge badge--atex\"><\/div>\n                        <div class=\"badge badge--etl\"><\/div>\n                                                <div class=\"badge badge--high-temp\"><\/div>\n                                    <\/div>        <\/a>\n    <\/div>\n        <div class=\"col-sm-6 col-lg-3\">\n        <a class=\"product__card\" href=\"https:\/\/www.hydronix.com\/tr\/products\/hydro-mix-xt\/\">\n        <img decoding=\"async\" src=\"https:\/\/www.hydronix.com\/wp-content\/uploads\/2022\/09\/HMXTFS-300x169.png\">\n            <div class=\"mb-2 fw-bold\">Hydro-Mix XT<\/div>\n            <div class=\"mb-2 product__subtitle\">Nem sens\u00f6r\u00fc: Mikserler ve konvey\u00f6rler i\u00e7in s\u0131va alt\u0131 montaj<\/div>\n            <div class=\"badges\">\n                            <\/div>        <\/a>\n    <\/div>\n        <div class=\"col-sm-6 col-lg-3\">\n        <a class=\"product__card\" href=\"https:\/\/www.hydronix.com\/tr\/products\/hydro-mix-xt-fs\/\">\n        <img decoding=\"async\" src=\"https:\/\/www.hydronix.com\/wp-content\/uploads\/2022\/09\/hmxtfs-front-300x169.png\">\n            <div class=\"mb-2 fw-bold\">Hydro-Mix XT-FS<\/div>\n            <div class=\"mb-2 product__subtitle\">Nem sens\u00f6r\u00fc: Mikserler ve konvey\u00f6rler i\u00e7in G\u0131da G\u00fcvenli s\u0131va alt\u0131 montaj<\/div>\n            <div class=\"badges\">\n                                        <div class=\"badge badge--food-safe\"><\/div>\n                                    <\/div>        <\/a>\n    <\/div>\n        <div class=\"col-sm-6 col-lg-3\">\n        <a class=\"product__card\" href=\"https:\/\/www.hydronix.com\/tr\/products\/hydro-probe-xt\/\">\n        <img decoding=\"async\" src=\"https:\/\/www.hydronix.com\/wp-content\/uploads\/2023\/03\/HDX_HPXT_PerspL_5617transp_1600px-300x151.png\">\n            <div class=\"mb-2 fw-bold\">Hydro-Probe XT<\/div>\n            <div class=\"mb-2 product__subtitle\">Nem sens\u00f6r\u00fc: Bunkerler, kanallar ve konvey\u00f6r bantlar\u0131 i\u00e7in<\/div>\n            <div class=\"badges\">\n                            <\/div>        <\/a>\n    <\/div>\n        <div class=\"col-sm-6 col-lg-3\">\n        <a class=\"product__card\" href=\"https:\/\/www.hydronix.com\/tr\/products\/hydro-probe-bx\/\">\n        <img decoding=\"async\" src=\"https:\/\/www.hydronix.com\/wp-content\/uploads\/2023\/06\/HDX_HPBX_PerspR_5679transp-e1688129840655-300x148.png\">\n            <div class=\"mb-2 fw-bold\">Hydro-Probe BX<\/div>\n            <div class=\"mb-2 product__subtitle\">Briks, nem ve \u00e7\u00f6z\u00fcnm\u00fc\u015f kat\u0131 madde sens\u00f6r\u00fc: Bas\u0131n\u00e7l\u0131 tanklara monte edilmeye uygun<\/div>\n            <div class=\"badges\">\n                            <\/div>        <\/a>\n    <\/div>\n            <\/div>\n    <\/div>\n<\/section>","protected":false},"excerpt":{"rendered":"<p> [&#8230;]<\/p>\n<p><a class=\"btn btn-secondary understrap-read-more-link\" href=\"https:\/\/www.hydronix.com\/tr\/prosesler\/tasima\/\">Daha fazlas\u0131n\u0131 oku\u2026<span class=\"screen-reader-text\"> from Ta\u015f\u0131ma<\/span><\/a><\/p>\n","protected":false},"author":4,"featured_media":0,"parent":31141,"menu_order":636,"comment_status":"closed","ping_status":"closed","template":"","meta":{"_acf_changed":false,"content-type":"","inline_featured_image":false,"footnotes":""},"industries":[],"process":[],"class_list":["post-36895","page","type-page","status-publish","hentry"],"acf":[],"yoast_head":"<!-- This site is optimized with the Yoast SEO plugin v27.1.1 - https:\/\/yoast.com\/product\/yoast-seo-wordpress\/ -->\n<title>Ta\u015f\u0131ma Prosesinde Nem \u00d6l\u00e7\u00fcm\u00fc Sens\u00f6rleri | Hydronix<\/title>\n<meta name=\"description\" content=\"Ta\u015f\u0131ma prosesinde do\u011fru nem \u00f6l\u00e7\u00fcm\u00fc, ham maddenin izlenmesini sa\u011flar ve nem de\u011fi\u015fkenli\u011fini azalt\u0131r.\" \/>\n<meta name=\"robots\" content=\"index, follow, max-snippet:-1, max-image-preview:large, max-video-preview:-1\" \/>\n<link rel=\"canonical\" href=\"https:\/\/www.hydronix.com\/tr\/prosesler\/tasima\/\" \/>\n<meta property=\"og:locale\" content=\"tr_TR\" \/>\n<meta property=\"og:type\" content=\"article\" \/>\n<meta property=\"og:title\" content=\"Ta\u015f\u0131ma Prosesinde Nem \u00d6l\u00e7\u00fcm\u00fc Sens\u00f6rleri | Hydronix\" \/>\n<meta property=\"og:description\" content=\"Ta\u015f\u0131ma prosesinde do\u011fru nem \u00f6l\u00e7\u00fcm\u00fc, ham maddenin izlenmesini sa\u011flar ve nem de\u011fi\u015fkenli\u011fini azalt\u0131r.\" \/>\n<meta property=\"og:url\" content=\"https:\/\/www.hydronix.com\/tr\/prosesler\/tasima\/\" \/>\n<meta property=\"og:site_name\" content=\"Hydronix\" \/>\n<meta property=\"article:modified_time\" content=\"2024-08-01T09:42:07+00:00\" \/>\n<meta name=\"twitter:card\" content=\"summary_large_image\" \/>\n<script type=\"application\/ld+json\" class=\"yoast-schema-graph\">{\"@context\":\"https:\/\/schema.org\",\"@graph\":[{\"@type\":\"WebPage\",\"@id\":\"https:\/\/www.hydronix.com\/tr\/prosesler\/tasima\/\",\"url\":\"https:\/\/www.hydronix.com\/tr\/prosesler\/tasima\/\",\"name\":\"Ta\u015f\u0131ma Prosesinde Nem \u00d6l\u00e7\u00fcm\u00fc Sens\u00f6rleri | Hydronix\",\"isPartOf\":{\"@id\":\"https:\/\/www.hydronix.com\/tr\/#website\"},\"datePublished\":\"2024-06-27T12:29:56+00:00\",\"dateModified\":\"2024-08-01T09:42:07+00:00\",\"description\":\"Ta\u015f\u0131ma prosesinde do\u011fru nem \u00f6l\u00e7\u00fcm\u00fc, ham maddenin izlenmesini sa\u011flar ve nem de\u011fi\u015fkenli\u011fini azalt\u0131r.\",\"breadcrumb\":{\"@id\":\"https:\/\/www.hydronix.com\/tr\/prosesler\/tasima\/#breadcrumb\"},\"inLanguage\":\"tr\",\"potentialAction\":[{\"@type\":\"ReadAction\",\"target\":[\"https:\/\/www.hydronix.com\/tr\/prosesler\/tasima\/\"]}]},{\"@type\":\"BreadcrumbList\",\"@id\":\"https:\/\/www.hydronix.com\/tr\/prosesler\/tasima\/#breadcrumb\",\"itemListElement\":[{\"@type\":\"ListItem\",\"position\":1,\"name\":\"Home\",\"item\":\"https:\/\/www.hydronix.com\/tr\/\"},{\"@type\":\"ListItem\",\"position\":2,\"name\":\"Prosesler\",\"item\":\"https:\/\/www.hydronix.com\/tr\/prosesler\/\"},{\"@type\":\"ListItem\",\"position\":3,\"name\":\"Ta\u015f\u0131ma\"}]},{\"@type\":\"WebSite\",\"@id\":\"https:\/\/www.hydronix.com\/tr\/#website\",\"url\":\"https:\/\/www.hydronix.com\/tr\/\",\"name\":\"Hydronix\",\"description\":\"Your partner in moisture measurement\",\"potentialAction\":[{\"@type\":\"SearchAction\",\"target\":{\"@type\":\"EntryPoint\",\"urlTemplate\":\"https:\/\/www.hydronix.com\/tr\/?s={search_term_string}\"},\"query-input\":{\"@type\":\"PropertyValueSpecification\",\"valueRequired\":true,\"valueName\":\"search_term_string\"}}],\"inLanguage\":\"tr\"}]}<\/script>\n<!-- \/ Yoast SEO plugin. -->","yoast_head_json":{"title":"Ta\u015f\u0131ma Prosesinde Nem \u00d6l\u00e7\u00fcm\u00fc Sens\u00f6rleri | Hydronix","description":"Ta\u015f\u0131ma prosesinde do\u011fru nem \u00f6l\u00e7\u00fcm\u00fc, ham maddenin izlenmesini sa\u011flar ve nem de\u011fi\u015fkenli\u011fini azalt\u0131r.","robots":{"index":"index","follow":"follow","max-snippet":"max-snippet:-1","max-image-preview":"max-image-preview:large","max-video-preview":"max-video-preview:-1"},"canonical":"https:\/\/www.hydronix.com\/tr\/prosesler\/tasima\/","og_locale":"tr_TR","og_type":"article","og_title":"Ta\u015f\u0131ma Prosesinde Nem \u00d6l\u00e7\u00fcm\u00fc Sens\u00f6rleri | Hydronix","og_description":"Ta\u015f\u0131ma prosesinde do\u011fru nem \u00f6l\u00e7\u00fcm\u00fc, ham maddenin izlenmesini sa\u011flar ve nem de\u011fi\u015fkenli\u011fini azalt\u0131r.","og_url":"https:\/\/www.hydronix.com\/tr\/prosesler\/tasima\/","og_site_name":"Hydronix","article_modified_time":"2024-08-01T09:42:07+00:00","twitter_card":"summary_large_image","schema":{"@context":"https:\/\/schema.org","@graph":[{"@type":"WebPage","@id":"https:\/\/www.hydronix.com\/tr\/prosesler\/tasima\/","url":"https:\/\/www.hydronix.com\/tr\/prosesler\/tasima\/","name":"Ta\u015f\u0131ma Prosesinde Nem \u00d6l\u00e7\u00fcm\u00fc Sens\u00f6rleri | Hydronix","isPartOf":{"@id":"https:\/\/www.hydronix.com\/tr\/#website"},"datePublished":"2024-06-27T12:29:56+00:00","dateModified":"2024-08-01T09:42:07+00:00","description":"Ta\u015f\u0131ma prosesinde do\u011fru nem \u00f6l\u00e7\u00fcm\u00fc, ham maddenin izlenmesini sa\u011flar ve nem de\u011fi\u015fkenli\u011fini azalt\u0131r.","breadcrumb":{"@id":"https:\/\/www.hydronix.com\/tr\/prosesler\/tasima\/#breadcrumb"},"inLanguage":"tr","potentialAction":[{"@type":"ReadAction","target":["https:\/\/www.hydronix.com\/tr\/prosesler\/tasima\/"]}]},{"@type":"BreadcrumbList","@id":"https:\/\/www.hydronix.com\/tr\/prosesler\/tasima\/#breadcrumb","itemListElement":[{"@type":"ListItem","position":1,"name":"Home","item":"https:\/\/www.hydronix.com\/tr\/"},{"@type":"ListItem","position":2,"name":"Prosesler","item":"https:\/\/www.hydronix.com\/tr\/prosesler\/"},{"@type":"ListItem","position":3,"name":"Ta\u015f\u0131ma"}]},{"@type":"WebSite","@id":"https:\/\/www.hydronix.com\/tr\/#website","url":"https:\/\/www.hydronix.com\/tr\/","name":"Hydronix","description":"Your partner in moisture measurement","potentialAction":[{"@type":"SearchAction","target":{"@type":"EntryPoint","urlTemplate":"https:\/\/www.hydronix.com\/tr\/?s={search_term_string}"},"query-input":{"@type":"PropertyValueSpecification","valueRequired":true,"valueName":"search_term_string"}}],"inLanguage":"tr"}]}},"_links":{"self":[{"href":"https:\/\/www.hydronix.com\/tr\/wp-json\/wp\/v2\/pages\/36895","targetHints":{"allow":["GET"]}}],"collection":[{"href":"https:\/\/www.hydronix.com\/tr\/wp-json\/wp\/v2\/pages"}],"about":[{"href":"https:\/\/www.hydronix.com\/tr\/wp-json\/wp\/v2\/types\/page"}],"author":[{"embeddable":true,"href":"https:\/\/www.hydronix.com\/tr\/wp-json\/wp\/v2\/users\/4"}],"replies":[{"embeddable":true,"href":"https:\/\/www.hydronix.com\/tr\/wp-json\/wp\/v2\/comments?post=36895"}],"version-history":[{"count":5,"href":"https:\/\/www.hydronix.com\/tr\/wp-json\/wp\/v2\/pages\/36895\/revisions"}],"predecessor-version":[{"id":37556,"href":"https:\/\/www.hydronix.com\/tr\/wp-json\/wp\/v2\/pages\/36895\/revisions\/37556"}],"up":[{"embeddable":true,"href":"https:\/\/www.hydronix.com\/tr\/wp-json\/wp\/v2\/pages\/31141"}],"wp:attachment":[{"href":"https:\/\/www.hydronix.com\/tr\/wp-json\/wp\/v2\/media?parent=36895"}],"wp:term":[{"taxonomy":"industries","embeddable":true,"href":"https:\/\/www.hydronix.com\/tr\/wp-json\/wp\/v2\/industries?post=36895"},{"taxonomy":"process","embeddable":true,"href":"https:\/\/www.hydronix.com\/tr\/wp-json\/wp\/v2\/process?post=36895"}],"curies":[{"name":"wp","href":"https:\/\/api.w.org\/{rel}","templated":true}]}}