{"id":31404,"date":"2023-01-11T17:26:05","date_gmt":"2023-01-11T17:26:05","guid":{"rendered":"https:\/\/hydronix.chilliservers.co.uk\/rma-talebi\/"},"modified":"2025-09-15T11:58:38","modified_gmt":"2025-09-15T11:58:38","slug":"rma-talebi","status":"publish","type":"page","link":"https:\/\/www.hydronix.com\/tr\/rma-talebi\/","title":{"rendered":"RMA talebi"},"content":{"rendered":"    \n<!-- hero_short -->\n<section class=\"short_hero d-flex py-5\" style=\"background-image:url(https:\/\/www.hydronix.com\/wp-content\/uploads\/2023\/01\/shutterstock_1990520669-return-cropped-scaled.jpg)\">\n    <div class=\"overlay\"><\/div>\n    <div class=\"container-xl my-auto\">\n        <div class=\"row\">\n            <div class=\"col-lg-5 hero__content\">\n                <h1>RMA talebi<\/h1>\n            <\/div>\n        <\/div>\n    <\/div>\n<\/section>\n<!--section class=\"sub_page_title py-1 mb-4\">\n    <div class=\"container-xl\">\n        <p id=\"breadcrumbs\"><span><span><a href=\"https:\/\/www.hydronix.com\/tr\/\">Home<\/a><\/span><\/span><\/p>    <\/div>\n<\/section-->\n\n\n\n<div style=\"height:40px\" aria-hidden=\"true\" class=\"wp-block-spacer\"><\/div>\n\n\n    <div class=\"container-xl\">\n\t\t\n<p class=\"w-md-75\">A\u015fa\u011f\u0131daki formu doldurarak veya alternatif olarak <a href=\"mailto:service@hydronix.com\" target=\"_blank\" rel=\"noreferrer noopener\">service@hydronix.com<\/a> adresiyle ileti\u015fime ge\u00e7erek \u00dcr\u00fcn \u0130ade Onay\u0131 (RMA) talebinde bulunabilirsiniz.<\/p>\n    <\/div>\n    \n\n\n<div style=\"height:40px\" aria-hidden=\"true\" class=\"wp-block-spacer\"><\/div>\n\n\n    <div class=\"container-xl\">\n\t\t\n<p class=\"w-md-75\"><\/p>\n    <\/div>\n    \n\n<!-- hs_form -->\n<div class=\"container-xl\" id=\"\">\n<!--[if lte IE 8]>\n<script charset=\"utf-8\" type=\"text\/javascript\" src=\"\/\/js.hsforms.net\/forms\/v2-legacy.js\"><\/script>\n<![endif]-->\n<script charset=\"utf-8\" type=\"text\/javascript\" src=\"\/\/js.hsforms.net\/forms\/v2.js\"><\/script>\n<script>\nhbspt.forms.create({\n    region: \"eu1\",\n    portalId: \"8142423\",\n    formId: \"f4dcf300-1b28-470e-a321-f351521dda59\"\n});\n<\/script>\n<\/div>","protected":false},"excerpt":{"rendered":"<p>A\u015fa\u011f\u0131daki formu doldurarak veya alternatif olarak service@hydronix.com adresiyle ileti\u015fime ge\u00e7erek \u00dcr\u00fcn \u0130ade Onay\u0131 (RMA) talebinde bulunabilirsiniz. [&#8230;]<\/p>\n<p><a class=\"btn btn-secondary understrap-read-more-link\" href=\"https:\/\/www.hydronix.com\/tr\/rma-talebi\/\">Daha fazlas\u0131n\u0131 oku\u2026<span class=\"screen-reader-text\"> from RMA talebi<\/span><\/a><\/p>\n","protected":false},"author":4,"featured_media":29993,"parent":0,"menu_order":333,"comment_status":"closed","ping_status":"closed","template":"","meta":{"_acf_changed":false,"content-type":"","inline_featured_image":false,"footnotes":""},"industries":[],"process":[],"class_list":["post-31404","page","type-page","status-publish","has-post-thumbnail","hentry"],"acf":[],"yoast_head":"<!-- This site is optimized with the Yoast SEO plugin v27.1.1 - https:\/\/yoast.com\/product\/yoast-seo-wordpress\/ -->\n<title>RMA talebi - Hydronix<\/title>\n<meta name=\"description\" content=\"Bir Hydronix \u00fcr\u00fcn\u00fcn\u00fc iade etmeniz gerekiyorsa \u00dcr\u00fcn \u0130ade Onay\u0131 (RMA) isteyin; m\u00fcmk\u00fcn olan en k\u0131sa s\u00fcrede size yan\u0131t veririz.\" \/>\n<meta name=\"robots\" content=\"index, follow, max-snippet:-1, max-image-preview:large, max-video-preview:-1\" \/>\n<link rel=\"canonical\" href=\"https:\/\/www.hydronix.com\/tr\/rma-talebi\/\" \/>\n<meta property=\"og:locale\" content=\"tr_TR\" \/>\n<meta property=\"og:type\" content=\"article\" \/>\n<meta property=\"og:title\" content=\"RMA talebi - Hydronix\" \/>\n<meta property=\"og:description\" content=\"Bir Hydronix \u00fcr\u00fcn\u00fcn\u00fc iade etmeniz gerekiyorsa \u00dcr\u00fcn \u0130ade Onay\u0131 (RMA) isteyin; m\u00fcmk\u00fcn olan en k\u0131sa s\u00fcrede size yan\u0131t veririz.\" \/>\n<meta property=\"og:url\" content=\"https:\/\/www.hydronix.com\/tr\/rma-talebi\/\" \/>\n<meta property=\"og:site_name\" content=\"Hydronix\" \/>\n<meta property=\"article:modified_time\" content=\"2025-09-15T11:58:38+00:00\" \/>\n<meta property=\"og:image\" content=\"https:\/\/www.hydronix.com\/wp-content\/uploads\/2023\/01\/shutterstock_1990520669-return-cropped-scaled.jpg\" \/>\n\t<meta property=\"og:image:width\" content=\"2560\" \/>\n\t<meta property=\"og:image:height\" content=\"1278\" \/>\n\t<meta property=\"og:image:type\" content=\"image\/jpeg\" \/>\n<meta name=\"twitter:card\" content=\"summary_large_image\" \/>\n<meta name=\"twitter:label1\" content=\"Tahmini okuma s\u00fcresi\" \/>\n\t<meta name=\"twitter:data1\" content=\"1 dakika\" \/>\n<script type=\"application\/ld+json\" class=\"yoast-schema-graph\">{\"@context\":\"https:\/\/schema.org\",\"@graph\":[{\"@type\":\"WebPage\",\"@id\":\"https:\/\/www.hydronix.com\/tr\/rma-talebi\/\",\"url\":\"https:\/\/www.hydronix.com\/tr\/rma-talebi\/\",\"name\":\"RMA talebi - Hydronix\",\"isPartOf\":{\"@id\":\"https:\/\/www.hydronix.com\/tr\/#website\"},\"primaryImageOfPage\":{\"@id\":\"https:\/\/www.hydronix.com\/tr\/rma-talebi\/#primaryimage\"},\"image\":{\"@id\":\"https:\/\/www.hydronix.com\/tr\/rma-talebi\/#primaryimage\"},\"thumbnailUrl\":\"https:\/\/www.hydronix.com\/wp-content\/uploads\/2023\/01\/shutterstock_1990520669-return-cropped-scaled.jpg\",\"datePublished\":\"2023-01-11T17:26:05+00:00\",\"dateModified\":\"2025-09-15T11:58:38+00:00\",\"description\":\"Bir Hydronix \u00fcr\u00fcn\u00fcn\u00fc iade etmeniz gerekiyorsa \u00dcr\u00fcn \u0130ade Onay\u0131 (RMA) isteyin; m\u00fcmk\u00fcn olan en k\u0131sa s\u00fcrede size yan\u0131t veririz.\",\"breadcrumb\":{\"@id\":\"https:\/\/www.hydronix.com\/tr\/rma-talebi\/#breadcrumb\"},\"inLanguage\":\"tr\",\"potentialAction\":[{\"@type\":\"ReadAction\",\"target\":[\"https:\/\/www.hydronix.com\/tr\/rma-talebi\/\"]}]},{\"@type\":\"ImageObject\",\"inLanguage\":\"tr\",\"@id\":\"https:\/\/www.hydronix.com\/tr\/rma-talebi\/#primaryimage\",\"url\":\"https:\/\/www.hydronix.com\/wp-content\/uploads\/2023\/01\/shutterstock_1990520669-return-cropped-scaled.jpg\",\"contentUrl\":\"https:\/\/www.hydronix.com\/wp-content\/uploads\/2023\/01\/shutterstock_1990520669-return-cropped-scaled.jpg\",\"width\":2560,\"height\":1278,\"caption\":\"sa\u011fl\u0131k koruma, teslimat ve posta hizmeti konsepti - paketin iadesini veya sat\u0131n alma i\u015flemini yapan m\u00fc\u015fteri ve kutuyu alan koruyucu eldivenli i\u015f\u00e7i\"},{\"@type\":\"BreadcrumbList\",\"@id\":\"https:\/\/www.hydronix.com\/tr\/rma-talebi\/#breadcrumb\",\"itemListElement\":[{\"@type\":\"ListItem\",\"position\":1,\"name\":\"Home\",\"item\":\"https:\/\/www.hydronix.com\/tr\/\"},{\"@type\":\"ListItem\",\"position\":2,\"name\":\"RMA talebi\"}]},{\"@type\":\"WebSite\",\"@id\":\"https:\/\/www.hydronix.com\/tr\/#website\",\"url\":\"https:\/\/www.hydronix.com\/tr\/\",\"name\":\"Hydronix\",\"description\":\"Your partner in moisture measurement\",\"potentialAction\":[{\"@type\":\"SearchAction\",\"target\":{\"@type\":\"EntryPoint\",\"urlTemplate\":\"https:\/\/www.hydronix.com\/tr\/?s={search_term_string}\"},\"query-input\":{\"@type\":\"PropertyValueSpecification\",\"valueRequired\":true,\"valueName\":\"search_term_string\"}}],\"inLanguage\":\"tr\"}]}<\/script>\n<!-- \/ Yoast SEO plugin. -->","yoast_head_json":{"title":"RMA talebi - Hydronix","description":"Bir Hydronix \u00fcr\u00fcn\u00fcn\u00fc iade etmeniz gerekiyorsa \u00dcr\u00fcn \u0130ade Onay\u0131 (RMA) isteyin; m\u00fcmk\u00fcn olan en k\u0131sa s\u00fcrede size yan\u0131t veririz.","robots":{"index":"index","follow":"follow","max-snippet":"max-snippet:-1","max-image-preview":"max-image-preview:large","max-video-preview":"max-video-preview:-1"},"canonical":"https:\/\/www.hydronix.com\/tr\/rma-talebi\/","og_locale":"tr_TR","og_type":"article","og_title":"RMA talebi - Hydronix","og_description":"Bir Hydronix \u00fcr\u00fcn\u00fcn\u00fc iade etmeniz gerekiyorsa \u00dcr\u00fcn \u0130ade Onay\u0131 (RMA) isteyin; m\u00fcmk\u00fcn olan en k\u0131sa s\u00fcrede size yan\u0131t veririz.","og_url":"https:\/\/www.hydronix.com\/tr\/rma-talebi\/","og_site_name":"Hydronix","article_modified_time":"2025-09-15T11:58:38+00:00","og_image":[{"width":2560,"height":1278,"url":"https:\/\/www.hydronix.com\/wp-content\/uploads\/2023\/01\/shutterstock_1990520669-return-cropped-scaled.jpg","type":"image\/jpeg"}],"twitter_card":"summary_large_image","twitter_misc":{"Tahmini okuma s\u00fcresi":"1 dakika"},"schema":{"@context":"https:\/\/schema.org","@graph":[{"@type":"WebPage","@id":"https:\/\/www.hydronix.com\/tr\/rma-talebi\/","url":"https:\/\/www.hydronix.com\/tr\/rma-talebi\/","name":"RMA talebi - Hydronix","isPartOf":{"@id":"https:\/\/www.hydronix.com\/tr\/#website"},"primaryImageOfPage":{"@id":"https:\/\/www.hydronix.com\/tr\/rma-talebi\/#primaryimage"},"image":{"@id":"https:\/\/www.hydronix.com\/tr\/rma-talebi\/#primaryimage"},"thumbnailUrl":"https:\/\/www.hydronix.com\/wp-content\/uploads\/2023\/01\/shutterstock_1990520669-return-cropped-scaled.jpg","datePublished":"2023-01-11T17:26:05+00:00","dateModified":"2025-09-15T11:58:38+00:00","description":"Bir Hydronix \u00fcr\u00fcn\u00fcn\u00fc iade etmeniz gerekiyorsa \u00dcr\u00fcn \u0130ade Onay\u0131 (RMA) isteyin; m\u00fcmk\u00fcn olan en k\u0131sa s\u00fcrede size yan\u0131t veririz.","breadcrumb":{"@id":"https:\/\/www.hydronix.com\/tr\/rma-talebi\/#breadcrumb"},"inLanguage":"tr","potentialAction":[{"@type":"ReadAction","target":["https:\/\/www.hydronix.com\/tr\/rma-talebi\/"]}]},{"@type":"ImageObject","inLanguage":"tr","@id":"https:\/\/www.hydronix.com\/tr\/rma-talebi\/#primaryimage","url":"https:\/\/www.hydronix.com\/wp-content\/uploads\/2023\/01\/shutterstock_1990520669-return-cropped-scaled.jpg","contentUrl":"https:\/\/www.hydronix.com\/wp-content\/uploads\/2023\/01\/shutterstock_1990520669-return-cropped-scaled.jpg","width":2560,"height":1278,"caption":"sa\u011fl\u0131k koruma, teslimat ve posta hizmeti konsepti - paketin iadesini veya sat\u0131n alma i\u015flemini yapan m\u00fc\u015fteri ve kutuyu alan koruyucu eldivenli i\u015f\u00e7i"},{"@type":"BreadcrumbList","@id":"https:\/\/www.hydronix.com\/tr\/rma-talebi\/#breadcrumb","itemListElement":[{"@type":"ListItem","position":1,"name":"Home","item":"https:\/\/www.hydronix.com\/tr\/"},{"@type":"ListItem","position":2,"name":"RMA talebi"}]},{"@type":"WebSite","@id":"https:\/\/www.hydronix.com\/tr\/#website","url":"https:\/\/www.hydronix.com\/tr\/","name":"Hydronix","description":"Your partner in moisture measurement","potentialAction":[{"@type":"SearchAction","target":{"@type":"EntryPoint","urlTemplate":"https:\/\/www.hydronix.com\/tr\/?s={search_term_string}"},"query-input":{"@type":"PropertyValueSpecification","valueRequired":true,"valueName":"search_term_string"}}],"inLanguage":"tr"}]}},"_links":{"self":[{"href":"https:\/\/www.hydronix.com\/tr\/wp-json\/wp\/v2\/pages\/31404","targetHints":{"allow":["GET"]}}],"collection":[{"href":"https:\/\/www.hydronix.com\/tr\/wp-json\/wp\/v2\/pages"}],"about":[{"href":"https:\/\/www.hydronix.com\/tr\/wp-json\/wp\/v2\/types\/page"}],"author":[{"embeddable":true,"href":"https:\/\/www.hydronix.com\/tr\/wp-json\/wp\/v2\/users\/4"}],"replies":[{"embeddable":true,"href":"https:\/\/www.hydronix.com\/tr\/wp-json\/wp\/v2\/comments?post=31404"}],"version-history":[{"count":1,"href":"https:\/\/www.hydronix.com\/tr\/wp-json\/wp\/v2\/pages\/31404\/revisions"}],"predecessor-version":[{"id":41600,"href":"https:\/\/www.hydronix.com\/tr\/wp-json\/wp\/v2\/pages\/31404\/revisions\/41600"}],"wp:featuredmedia":[{"embeddable":true,"href":"https:\/\/www.hydronix.com\/tr\/wp-json\/wp\/v2\/media\/29993"}],"wp:attachment":[{"href":"https:\/\/www.hydronix.com\/tr\/wp-json\/wp\/v2\/media?parent=31404"}],"wp:term":[{"taxonomy":"industries","embeddable":true,"href":"https:\/\/www.hydronix.com\/tr\/wp-json\/wp\/v2\/industries?post=31404"},{"taxonomy":"process","embeddable":true,"href":"https:\/\/www.hydronix.com\/tr\/wp-json\/wp\/v2\/process?post=31404"}],"curies":[{"name":"wp","href":"https:\/\/api.w.org\/{rel}","templated":true}]}}