{"id":31399,"date":"2022-09-21T15:10:47","date_gmt":"2022-09-21T15:10:47","guid":{"rendered":"https:\/\/hydronix.chilliservers.co.uk\/ara\/"},"modified":"2023-11-16T11:45:16","modified_gmt":"2023-11-16T11:45:16","slug":"ara","status":"publish","type":"page","link":"https:\/\/www.hydronix.com\/tr\/ara\/","title":{"rendered":"Ara"},"content":{"rendered":"","protected":false},"excerpt":{"rendered":"<p> [&#8230;]<\/p>\n<p><a class=\"btn btn-secondary understrap-read-more-link\" href=\"https:\/\/www.hydronix.com\/tr\/ara\/\">Daha fazlas\u0131n\u0131 oku\u2026<span class=\"screen-reader-text\"> from Ara<\/span><\/a><\/p>\n","protected":false},"author":1,"featured_media":0,"parent":0,"menu_order":393,"comment_status":"closed","ping_status":"closed","template":"searchpage.php","meta":{"_acf_changed":false,"content-type":"","inline_featured_image":false,"footnotes":""},"industries":[],"process":[],"class_list":["post-31399","page","type-page","status-publish","hentry"],"acf":[],"yoast_head":"<!-- This site is optimized with the Yoast SEO plugin v27.1.1 - https:\/\/yoast.com\/product\/yoast-seo-wordpress\/ -->\n<title>Ara - Hydronix<\/title>\n<meta name=\"description\" content=\"Nem \u00f6l\u00e7\u00fcm\u00fc ve kapsaml\u0131 \u00fcr\u00fcn portf\u00f6y\u00fcm\u00fcz hakk\u0131nda bilgi almak i\u00e7in Hydronix web sitesinde arama yap\u0131n.\" \/>\n<meta name=\"robots\" content=\"index, follow, max-snippet:-1, max-image-preview:large, max-video-preview:-1\" \/>\n<link rel=\"canonical\" href=\"https:\/\/www.hydronix.com\/tr\/ara\/\" \/>\n<meta property=\"og:locale\" content=\"tr_TR\" \/>\n<meta property=\"og:type\" content=\"article\" \/>\n<meta property=\"og:title\" content=\"Ara - Hydronix\" \/>\n<meta property=\"og:description\" content=\"Nem \u00f6l\u00e7\u00fcm\u00fc ve kapsaml\u0131 \u00fcr\u00fcn portf\u00f6y\u00fcm\u00fcz hakk\u0131nda bilgi almak i\u00e7in Hydronix web sitesinde arama yap\u0131n.\" \/>\n<meta property=\"og:url\" content=\"https:\/\/www.hydronix.com\/tr\/ara\/\" \/>\n<meta property=\"og:site_name\" content=\"Hydronix\" \/>\n<meta property=\"article:modified_time\" content=\"2023-11-16T11:45:16+00:00\" \/>\n<meta name=\"twitter:card\" content=\"summary_large_image\" \/>\n<script type=\"application\/ld+json\" class=\"yoast-schema-graph\">{\"@context\":\"https:\/\/schema.org\",\"@graph\":[{\"@type\":\"WebPage\",\"@id\":\"https:\/\/www.hydronix.com\/tr\/ara\/\",\"url\":\"https:\/\/www.hydronix.com\/tr\/ara\/\",\"name\":\"Ara - Hydronix\",\"isPartOf\":{\"@id\":\"https:\/\/www.hydronix.com\/tr\/#website\"},\"datePublished\":\"2022-09-21T15:10:47+00:00\",\"dateModified\":\"2023-11-16T11:45:16+00:00\",\"description\":\"Nem \u00f6l\u00e7\u00fcm\u00fc ve kapsaml\u0131 \u00fcr\u00fcn portf\u00f6y\u00fcm\u00fcz hakk\u0131nda bilgi almak i\u00e7in Hydronix web sitesinde arama yap\u0131n.\",\"breadcrumb\":{\"@id\":\"https:\/\/www.hydronix.com\/tr\/ara\/#breadcrumb\"},\"inLanguage\":\"tr\",\"potentialAction\":[{\"@type\":\"ReadAction\",\"target\":[\"https:\/\/www.hydronix.com\/tr\/ara\/\"]}]},{\"@type\":\"BreadcrumbList\",\"@id\":\"https:\/\/www.hydronix.com\/tr\/ara\/#breadcrumb\",\"itemListElement\":[{\"@type\":\"ListItem\",\"position\":1,\"name\":\"Home\",\"item\":\"https:\/\/www.hydronix.com\/tr\/\"},{\"@type\":\"ListItem\",\"position\":2,\"name\":\"Ara\"}]},{\"@type\":\"WebSite\",\"@id\":\"https:\/\/www.hydronix.com\/tr\/#website\",\"url\":\"https:\/\/www.hydronix.com\/tr\/\",\"name\":\"Hydronix\",\"description\":\"Your partner in moisture measurement\",\"potentialAction\":[{\"@type\":\"SearchAction\",\"target\":{\"@type\":\"EntryPoint\",\"urlTemplate\":\"https:\/\/www.hydronix.com\/tr\/?s={search_term_string}\"},\"query-input\":{\"@type\":\"PropertyValueSpecification\",\"valueRequired\":true,\"valueName\":\"search_term_string\"}}],\"inLanguage\":\"tr\"}]}<\/script>\n<!-- \/ Yoast SEO plugin. -->","yoast_head_json":{"title":"Ara - Hydronix","description":"Nem \u00f6l\u00e7\u00fcm\u00fc ve kapsaml\u0131 \u00fcr\u00fcn portf\u00f6y\u00fcm\u00fcz hakk\u0131nda bilgi almak i\u00e7in Hydronix web sitesinde arama yap\u0131n.","robots":{"index":"index","follow":"follow","max-snippet":"max-snippet:-1","max-image-preview":"max-image-preview:large","max-video-preview":"max-video-preview:-1"},"canonical":"https:\/\/www.hydronix.com\/tr\/ara\/","og_locale":"tr_TR","og_type":"article","og_title":"Ara - Hydronix","og_description":"Nem \u00f6l\u00e7\u00fcm\u00fc ve kapsaml\u0131 \u00fcr\u00fcn portf\u00f6y\u00fcm\u00fcz hakk\u0131nda bilgi almak i\u00e7in Hydronix web sitesinde arama yap\u0131n.","og_url":"https:\/\/www.hydronix.com\/tr\/ara\/","og_site_name":"Hydronix","article_modified_time":"2023-11-16T11:45:16+00:00","twitter_card":"summary_large_image","schema":{"@context":"https:\/\/schema.org","@graph":[{"@type":"WebPage","@id":"https:\/\/www.hydronix.com\/tr\/ara\/","url":"https:\/\/www.hydronix.com\/tr\/ara\/","name":"Ara - Hydronix","isPartOf":{"@id":"https:\/\/www.hydronix.com\/tr\/#website"},"datePublished":"2022-09-21T15:10:47+00:00","dateModified":"2023-11-16T11:45:16+00:00","description":"Nem \u00f6l\u00e7\u00fcm\u00fc ve kapsaml\u0131 \u00fcr\u00fcn portf\u00f6y\u00fcm\u00fcz hakk\u0131nda bilgi almak i\u00e7in Hydronix web sitesinde arama yap\u0131n.","breadcrumb":{"@id":"https:\/\/www.hydronix.com\/tr\/ara\/#breadcrumb"},"inLanguage":"tr","potentialAction":[{"@type":"ReadAction","target":["https:\/\/www.hydronix.com\/tr\/ara\/"]}]},{"@type":"BreadcrumbList","@id":"https:\/\/www.hydronix.com\/tr\/ara\/#breadcrumb","itemListElement":[{"@type":"ListItem","position":1,"name":"Home","item":"https:\/\/www.hydronix.com\/tr\/"},{"@type":"ListItem","position":2,"name":"Ara"}]},{"@type":"WebSite","@id":"https:\/\/www.hydronix.com\/tr\/#website","url":"https:\/\/www.hydronix.com\/tr\/","name":"Hydronix","description":"Your partner in moisture measurement","potentialAction":[{"@type":"SearchAction","target":{"@type":"EntryPoint","urlTemplate":"https:\/\/www.hydronix.com\/tr\/?s={search_term_string}"},"query-input":{"@type":"PropertyValueSpecification","valueRequired":true,"valueName":"search_term_string"}}],"inLanguage":"tr"}]}},"_links":{"self":[{"href":"https:\/\/www.hydronix.com\/tr\/wp-json\/wp\/v2\/pages\/31399","targetHints":{"allow":["GET"]}}],"collection":[{"href":"https:\/\/www.hydronix.com\/tr\/wp-json\/wp\/v2\/pages"}],"about":[{"href":"https:\/\/www.hydronix.com\/tr\/wp-json\/wp\/v2\/types\/page"}],"author":[{"embeddable":true,"href":"https:\/\/www.hydronix.com\/tr\/wp-json\/wp\/v2\/users\/1"}],"replies":[{"embeddable":true,"href":"https:\/\/www.hydronix.com\/tr\/wp-json\/wp\/v2\/comments?post=31399"}],"version-history":[{"count":0,"href":"https:\/\/www.hydronix.com\/tr\/wp-json\/wp\/v2\/pages\/31399\/revisions"}],"wp:attachment":[{"href":"https:\/\/www.hydronix.com\/tr\/wp-json\/wp\/v2\/media?parent=31399"}],"wp:term":[{"taxonomy":"industries","embeddable":true,"href":"https:\/\/www.hydronix.com\/tr\/wp-json\/wp\/v2\/industries?post=31399"},{"taxonomy":"process","embeddable":true,"href":"https:\/\/www.hydronix.com\/tr\/wp-json\/wp\/v2\/process?post=31399"}],"curies":[{"name":"wp","href":"https:\/\/api.w.org\/{rel}","templated":true}]}}