{"id":31397,"date":"2023-03-24T09:49:23","date_gmt":"2023-03-24T09:49:23","guid":{"rendered":"https:\/\/hydronix.chilliservers.co.uk\/urun-yazilimi-indirme\/"},"modified":"2023-11-16T11:45:30","modified_gmt":"2023-11-16T11:45:30","slug":"urun-yazilimi-indirme","status":"publish","type":"page","link":"https:\/\/www.hydronix.com\/tr\/urun-yazilimi-indirme\/","title":{"rendered":"\u00dcr\u00fcn Yaz\u0131l\u0131m\u0131 \u0130ndirme"},"content":{"rendered":"","protected":false},"excerpt":{"rendered":"<p> [&#8230;]<\/p>\n<p><a class=\"btn btn-secondary understrap-read-more-link\" href=\"https:\/\/www.hydronix.com\/tr\/urun-yazilimi-indirme\/\">Daha fazlas\u0131n\u0131 oku\u2026<span class=\"screen-reader-text\"> from \u00dcr\u00fcn Yaz\u0131l\u0131m\u0131 \u0130ndirme<\/span><\/a><\/p>\n","protected":false},"author":1,"featured_media":0,"parent":0,"menu_order":10,"comment_status":"closed","ping_status":"closed","template":"page-templates\/downloads.php","meta":{"_acf_changed":false,"content-type":"","inline_featured_image":false,"footnotes":""},"industries":[],"process":[],"class_list":["post-31397","page","type-page","status-publish","hentry"],"acf":[],"yoast_head":"<!-- This site is optimized with the Yoast SEO plugin v27.1.1 - https:\/\/yoast.com\/product\/yoast-seo-wordpress\/ -->\n<title>\u00dcr\u00fcn Yaz\u0131l\u0131m\u0131 \u0130ndirme - Hydronix<\/title>\n<meta name=\"description\" content=\"Hydronix mikrodalga nem \u00f6l\u00e7\u00fcm \u00fcr\u00fcnleri, sistemleri ve aksesuarlar\u0131 ailesini desteklemek i\u00e7in g\u00fcncellemeleri ve yaz\u0131l\u0131mlar\u0131 indirin.\" \/>\n<meta name=\"robots\" content=\"noindex, follow\" \/>\n<meta property=\"og:locale\" content=\"tr_TR\" \/>\n<meta property=\"og:type\" content=\"article\" \/>\n<meta property=\"og:title\" content=\"\u00dcr\u00fcn Yaz\u0131l\u0131m\u0131 \u0130ndirme - Hydronix\" \/>\n<meta property=\"og:description\" content=\"Hydronix mikrodalga nem \u00f6l\u00e7\u00fcm \u00fcr\u00fcnleri, sistemleri ve aksesuarlar\u0131 ailesini desteklemek i\u00e7in g\u00fcncellemeleri ve yaz\u0131l\u0131mlar\u0131 indirin.\" \/>\n<meta property=\"og:url\" content=\"https:\/\/www.hydronix.com\/tr\/urun-yazilimi-indirme\/\" \/>\n<meta property=\"og:site_name\" content=\"Hydronix\" \/>\n<meta property=\"article:modified_time\" content=\"2023-11-16T11:45:30+00:00\" \/>\n<meta name=\"twitter:card\" content=\"summary_large_image\" \/>\n<script type=\"application\/ld+json\" class=\"yoast-schema-graph\">{\"@context\":\"https:\/\/schema.org\",\"@graph\":[{\"@type\":\"WebPage\",\"@id\":\"https:\/\/www.hydronix.com\/tr\/urun-yazilimi-indirme\/\",\"url\":\"https:\/\/www.hydronix.com\/tr\/urun-yazilimi-indirme\/\",\"name\":\"\u00dcr\u00fcn Yaz\u0131l\u0131m\u0131 \u0130ndirme - Hydronix\",\"isPartOf\":{\"@id\":\"https:\/\/www.hydronix.com\/tr\/#website\"},\"datePublished\":\"2023-03-24T09:49:23+00:00\",\"dateModified\":\"2023-11-16T11:45:30+00:00\",\"description\":\"Hydronix mikrodalga nem \u00f6l\u00e7\u00fcm \u00fcr\u00fcnleri, sistemleri ve aksesuarlar\u0131 ailesini desteklemek i\u00e7in g\u00fcncellemeleri ve yaz\u0131l\u0131mlar\u0131 indirin.\",\"breadcrumb\":{\"@id\":\"https:\/\/www.hydronix.com\/tr\/urun-yazilimi-indirme\/#breadcrumb\"},\"inLanguage\":\"tr\",\"potentialAction\":[{\"@type\":\"ReadAction\",\"target\":[\"https:\/\/www.hydronix.com\/tr\/urun-yazilimi-indirme\/\"]}]},{\"@type\":\"BreadcrumbList\",\"@id\":\"https:\/\/www.hydronix.com\/tr\/urun-yazilimi-indirme\/#breadcrumb\",\"itemListElement\":[{\"@type\":\"ListItem\",\"position\":1,\"name\":\"Home\",\"item\":\"https:\/\/www.hydronix.com\/tr\/\"},{\"@type\":\"ListItem\",\"position\":2,\"name\":\"\u00dcr\u00fcn Yaz\u0131l\u0131m\u0131 \u0130ndirme\"}]},{\"@type\":\"WebSite\",\"@id\":\"https:\/\/www.hydronix.com\/tr\/#website\",\"url\":\"https:\/\/www.hydronix.com\/tr\/\",\"name\":\"Hydronix\",\"description\":\"Your partner in moisture measurement\",\"potentialAction\":[{\"@type\":\"SearchAction\",\"target\":{\"@type\":\"EntryPoint\",\"urlTemplate\":\"https:\/\/www.hydronix.com\/tr\/?s={search_term_string}\"},\"query-input\":{\"@type\":\"PropertyValueSpecification\",\"valueRequired\":true,\"valueName\":\"search_term_string\"}}],\"inLanguage\":\"tr\"}]}<\/script>\n<!-- \/ Yoast SEO plugin. -->","yoast_head_json":{"title":"\u00dcr\u00fcn Yaz\u0131l\u0131m\u0131 \u0130ndirme - Hydronix","description":"Hydronix mikrodalga nem \u00f6l\u00e7\u00fcm \u00fcr\u00fcnleri, sistemleri ve aksesuarlar\u0131 ailesini desteklemek i\u00e7in g\u00fcncellemeleri ve yaz\u0131l\u0131mlar\u0131 indirin.","robots":{"index":"noindex","follow":"follow"},"og_locale":"tr_TR","og_type":"article","og_title":"\u00dcr\u00fcn Yaz\u0131l\u0131m\u0131 \u0130ndirme - Hydronix","og_description":"Hydronix mikrodalga nem \u00f6l\u00e7\u00fcm \u00fcr\u00fcnleri, sistemleri ve aksesuarlar\u0131 ailesini desteklemek i\u00e7in g\u00fcncellemeleri ve yaz\u0131l\u0131mlar\u0131 indirin.","og_url":"https:\/\/www.hydronix.com\/tr\/urun-yazilimi-indirme\/","og_site_name":"Hydronix","article_modified_time":"2023-11-16T11:45:30+00:00","twitter_card":"summary_large_image","schema":{"@context":"https:\/\/schema.org","@graph":[{"@type":"WebPage","@id":"https:\/\/www.hydronix.com\/tr\/urun-yazilimi-indirme\/","url":"https:\/\/www.hydronix.com\/tr\/urun-yazilimi-indirme\/","name":"\u00dcr\u00fcn Yaz\u0131l\u0131m\u0131 \u0130ndirme - Hydronix","isPartOf":{"@id":"https:\/\/www.hydronix.com\/tr\/#website"},"datePublished":"2023-03-24T09:49:23+00:00","dateModified":"2023-11-16T11:45:30+00:00","description":"Hydronix mikrodalga nem \u00f6l\u00e7\u00fcm \u00fcr\u00fcnleri, sistemleri ve aksesuarlar\u0131 ailesini desteklemek i\u00e7in g\u00fcncellemeleri ve yaz\u0131l\u0131mlar\u0131 indirin.","breadcrumb":{"@id":"https:\/\/www.hydronix.com\/tr\/urun-yazilimi-indirme\/#breadcrumb"},"inLanguage":"tr","potentialAction":[{"@type":"ReadAction","target":["https:\/\/www.hydronix.com\/tr\/urun-yazilimi-indirme\/"]}]},{"@type":"BreadcrumbList","@id":"https:\/\/www.hydronix.com\/tr\/urun-yazilimi-indirme\/#breadcrumb","itemListElement":[{"@type":"ListItem","position":1,"name":"Home","item":"https:\/\/www.hydronix.com\/tr\/"},{"@type":"ListItem","position":2,"name":"\u00dcr\u00fcn Yaz\u0131l\u0131m\u0131 \u0130ndirme"}]},{"@type":"WebSite","@id":"https:\/\/www.hydronix.com\/tr\/#website","url":"https:\/\/www.hydronix.com\/tr\/","name":"Hydronix","description":"Your partner in moisture measurement","potentialAction":[{"@type":"SearchAction","target":{"@type":"EntryPoint","urlTemplate":"https:\/\/www.hydronix.com\/tr\/?s={search_term_string}"},"query-input":{"@type":"PropertyValueSpecification","valueRequired":true,"valueName":"search_term_string"}}],"inLanguage":"tr"}]}},"_links":{"self":[{"href":"https:\/\/www.hydronix.com\/tr\/wp-json\/wp\/v2\/pages\/31397","targetHints":{"allow":["GET"]}}],"collection":[{"href":"https:\/\/www.hydronix.com\/tr\/wp-json\/wp\/v2\/pages"}],"about":[{"href":"https:\/\/www.hydronix.com\/tr\/wp-json\/wp\/v2\/types\/page"}],"author":[{"embeddable":true,"href":"https:\/\/www.hydronix.com\/tr\/wp-json\/wp\/v2\/users\/1"}],"replies":[{"embeddable":true,"href":"https:\/\/www.hydronix.com\/tr\/wp-json\/wp\/v2\/comments?post=31397"}],"version-history":[{"count":0,"href":"https:\/\/www.hydronix.com\/tr\/wp-json\/wp\/v2\/pages\/31397\/revisions"}],"wp:attachment":[{"href":"https:\/\/www.hydronix.com\/tr\/wp-json\/wp\/v2\/media?parent=31397"}],"wp:term":[{"taxonomy":"industries","embeddable":true,"href":"https:\/\/www.hydronix.com\/tr\/wp-json\/wp\/v2\/industries?post=31397"},{"taxonomy":"process","embeddable":true,"href":"https:\/\/www.hydronix.com\/tr\/wp-json\/wp\/v2\/process?post=31397"}],"curies":[{"name":"wp","href":"https:\/\/api.w.org\/{rel}","templated":true}]}}