{"id":31394,"date":"2022-09-14T12:57:33","date_gmt":"2022-09-14T12:57:33","guid":{"rendered":"https:\/\/hydronix.chilliservers.co.uk\/servis-ve-garanti\/"},"modified":"2023-11-27T12:04:28","modified_gmt":"2023-11-27T12:04:28","slug":"servis-ve-garanti","status":"publish","type":"page","link":"https:\/\/www.hydronix.com\/tr\/servis-ve-garanti\/","title":{"rendered":"Servis ve Garanti"},"content":{"rendered":"    \n<!-- hero_short -->\n<section class=\"short_hero d-flex py-5\" style=\"background-image:url(https:\/\/www.hydronix.com\/wp-content\/uploads\/2022\/09\/hero-product-water-abstract.jpg)\">\n    <div class=\"overlay\"><\/div>\n    <div class=\"container-xl my-auto\">\n        <div class=\"row\">\n            <div class=\"col-lg-5 hero__content\">\n                <h1>Servis ve Garanti<\/h1>\n            <\/div>\n        <\/div>\n    <\/div>\n<\/section>\n<!--section class=\"sub_page_title py-1 mb-4\">\n    <div class=\"container-xl\">\n        <p id=\"breadcrumbs\"><span><span><a href=\"https:\/\/www.hydronix.com\/tr\/\">Home<\/a><\/span><\/span><\/p>    <\/div>\n<\/section-->\n\n\n    <div class=\"container-xl\">\n\t\t\n<p>Tesisinizdeki faaliyetlerin kesintiye u\u011framas\u0131n\u0131n nelere mal oldu\u011funu ve ar\u0131za durumunda h\u0131zl\u0131 hareket edilmesi gerekti\u011fini biliyoruz. Hydronix, m\u00fc\u015fterilerimize ekipmanlar\u0131 i\u00e7in en iyi servis ve deste\u011fi sunmak amac\u0131yla hem bayilere hem de son kullan\u0131c\u0131lara \u00e7e\u015fitli Servis Se\u00e7enekleri sunmaktad\u0131r.<\/p>\n    <\/div>\n    \n\n<!-- accordion -->\n<section class=\"faq py-5\">\n    <div class=\"container\">\n        <div id=\"accordion\" class=\"w-md-75\"><div class=\"py-4 border-bottom border-top\">  <div class=\"h4 question \" data-bs-toggle=\"collapse\" id=\"heading_0\" data-bs-target=\"#collapse_0\" aria-expanded=\"true\" aria-controls=\"collapse_0\">Standart 2 Y\u0131ll\u0131k Garanti<\/div>  <div class=\"answer collapse show\" id=\"collapse_0\" aria-labelledby=\"heading_0\" data-bs-parent=\"#accordion\"><div class=\"pt-2\" itemprop=\"text\"><p>Bu se\u00e7enek \u00fccretsizdir ve Hydronix&#8217;in t\u00fcm \u00fcr\u00fcnler i\u00e7in sundu\u011fu standart garantidir. \u0130\u015f\u00e7ilik ve\/veya malzeme kusurlar\u0131na kar\u015f\u0131 g\u00fcvence sa\u011flar. Garanti s\u00fcresi i\u00e7erisinde ar\u0131zal\u0131 oldu\u011fu kan\u0131tlanan t\u00fcm par\u00e7alar onar\u0131l\u0131r veya de\u011fi\u015ftirilir ve Hydronix, t\u00fcm onar\u0131mlar\u0131 \u00fcr\u00fcnleri teslim ald\u0131ktan sonraki 15 i\u015f g\u00fcn\u00fc i\u00e7inde ger\u00e7ekle\u015ftirmeye \u00e7al\u0131\u015f\u0131r.<\/p>\n<p>Garanti, Hydronix&#8217;in fatura tarihinden itibaren 2 y\u0131l s\u00fcreyle ge\u00e7erlidir ve yap\u0131lan t\u00fcm onar\u0131mlara 6 ayl\u0131k ek Garanti verilir.<\/p>\n<p>Bu garanti, hasar\u0131n bir kaza (y\u0131ld\u0131r\u0131m \u00e7arpmas\u0131na ba\u011fl\u0131 hasar gibi), uygun olmayan kullan\u0131m, hatal\u0131 kullan\u0131m, k\u00f6t\u00fc kullan\u0131m, suistimal, do\u011fal afet, yetkisiz onar\u0131m veya m\u00fcdahale nedeniyle meydana gelmesi halinde veya \u00fcr\u00fcn\u00fcn \u00fcreticinin belirtti\u011fi \u00f6zelliklere ve tavsiyelere uygun \u015fekilde kullan\u0131lmamas\u0131 durumunda ge\u00e7erli de\u011fildir.<\/p>\n<\/div><\/div><\/div><div class=\"py-4 border-bottom \">  <div class=\"h4 question collapsed\" data-bs-toggle=\"collapse\" id=\"heading_1\" data-bs-target=\"#collapse_1\" aria-expanded=\"true\" aria-controls=\"collapse_1\">Uzat\u0131lm\u0131\u015f 4 Y\u0131ll\u0131k Garanti<\/div>  <div class=\"answer collapse \" id=\"collapse_1\" aria-labelledby=\"heading_1\" data-bs-parent=\"#accordion\"><div class=\"pt-2\" itemprop=\"text\"><p>Bu se\u00e7enek, Standart Garanti ile birlikte ileri d\u00fczey Servis De\u011fi\u015ftirme politikas\u0131 sunar. Uzat\u0131lm\u0131\u015f 4 Y\u0131ll\u0131k Garanti, Hydronix taraf\u0131ndan d\u00fczenlenmi\u015f ilk fatura tarihinden itibaren 6 ay i\u00e7inde geriye d\u00f6n\u00fck olarak sat\u0131n al\u0131nabilir ve garanti s\u00fcresini toplam 4 y\u0131la \u00e7\u0131kar\u0131r.<\/p>\n<p><strong>Her ne sebeple olursa olsun<\/strong> bir \u00fcnite ar\u0131zas\u0131 durumunda Hydronix, yeni \u00fcniteyi d\u00fcnyan\u0131n herhangi bir yerine derhal g\u00f6nderir ve iade edilen ilk \u00fcnite i\u00e7in Servis De\u011fi\u015ftirme \u00fccreti ve ilgili nakliye \u00fccreti (yerel har\u00e7 ve vergiler hari\u00e7) almaz.<\/p>\n<\/div><\/div><\/div><div class=\"py-4 border-bottom \">  <div class=\"h4 question collapsed\" data-bs-toggle=\"collapse\" id=\"heading_2\" data-bs-target=\"#collapse_2\" aria-expanded=\"true\" aria-controls=\"collapse_2\">Garanti Kapsam\u0131nda Serviste \u00dcnite De\u011fi\u015ftirme<\/div>  <div class=\"answer collapse \" id=\"collapse_2\" aria-labelledby=\"heading_2\" data-bs-parent=\"#accordion\"><div class=\"pt-2\" itemprop=\"text\"><p>\u00c7o\u011fu durumda nem sens\u00f6r\u00fcn\u00fcn ar\u0131zas\u0131ndan kaynaklan\u0131yor gibi g\u00f6r\u00fcnen ar\u0131zalar sistemin mekanik, yaz\u0131l\u0131m veya elektrikli par\u00e7alar\u0131ndan kaynaklanmaktad\u0131r. Garanti servisi de\u011fi\u015ftirme prosed\u00fcr\u00fcm\u00fcz, m\u00fc\u015fterilerin en k\u0131sa s\u00fcrede yeni bir \u00fcnite almas\u0131n\u0131 sa\u011flar ve m\u00fchendislerin sens\u00f6r\u00fcn do\u011fru \u00e7al\u0131\u015f\u0131p \u00e7al\u0131\u015fmad\u0131\u011f\u0131n\u0131 h\u0131zl\u0131 bir \u015fekilde belirlemesine veya ar\u0131zan\u0131n ger\u00e7ek nedenini sistemin ba\u015fka bir b\u00f6l\u00fcm\u00fcnde aramas\u0131na yard\u0131mc\u0131 olur.<\/p>\n<p>Hydronix derhal yeni bir \u00fcnite g\u00f6nderir ve ar\u0131zan\u0131n Hydronix Garantisi kapsam\u0131na girmesi durumunda servis veya nakliye masraflar\u0131 (yerel har\u00e7 ve vergiler hari\u00e7) almaz. \u0130ade edilen \u00fcnitenin garanti kapsam\u0131nda iade olarak s\u0131n\u0131fland\u0131r\u0131lmamas\u0131, yani yanl\u0131\u015f kullan\u0131m veya kaza nedeniyle hasar g\u00f6rm\u00fc\u015f olmas\u0131 halinde Hydronix, Servis De\u011fi\u015ftirme \u00dccretini, ilgili t\u00fcm nakliye masraflar\u0131n\u0131 ve iade edilen ekipman\u0131n onar\u0131m masraflar\u0131n\u0131 fatura eder.<\/p>\n<\/div><\/div><\/div><div class=\"py-4 border-bottom \">  <div class=\"h4 question collapsed\" data-bs-toggle=\"collapse\" id=\"heading_3\" data-bs-target=\"#collapse_3\" aria-expanded=\"true\" aria-controls=\"collapse_3\">Garanti Kapsam\u0131 D\u0131\u015f\u0131nda Serviste De\u011fi\u015ftirme<\/div>  <div class=\"answer collapse \" id=\"collapse_3\" aria-labelledby=\"heading_3\" data-bs-parent=\"#accordion\"><div class=\"pt-2\" itemprop=\"text\"><p>Bu \u00fccretli se\u00e7enek, Hydronix garanti se\u00e7eneklerinden herhangi birinin kapsam\u0131na girmeyen ekipmanlara sahip m\u00fc\u015fterilerin ayn\u0131 hizmetten yararlanmas\u0131n\u0131 sa\u011flar ve Hydronix taraf\u0131ndan d\u00fczenlenmi\u015f fatura tarihinden itibaren 5 ya\u015f\u0131na kadar olan \u00fcniteler i\u00e7in ge\u00e7erlidir.<\/p>\n<\/div><\/div><\/div><\/div>    <\/div>\n<\/section>","protected":false},"excerpt":{"rendered":"<p>Tesisinizdeki faaliyetlerin kesintiye u\u011framas\u0131n\u0131n nelere mal oldu\u011funu ve ar\u0131za durumunda h\u0131zl\u0131 hareket edilmesi gerekti\u011fini biliyoruz. Hydronix, m\u00fc\u015fterilerimize ekipmanlar\u0131 i\u00e7in en iyi servis ve deste\u011fi sunmak amac\u0131yla hem bayilere hem de son kullan\u0131c\u0131lara \u00e7e\u015fitli Servis Se\u00e7enekleri sunmaktad\u0131r. [&#8230;]<\/p>\n<p><a class=\"btn btn-secondary understrap-read-more-link\" href=\"https:\/\/www.hydronix.com\/tr\/servis-ve-garanti\/\">Daha fazlas\u0131n\u0131 oku\u2026<span class=\"screen-reader-text\"> from Servis ve Garanti<\/span><\/a><\/p>\n","protected":false},"author":1,"featured_media":29724,"parent":0,"menu_order":608,"comment_status":"closed","ping_status":"closed","template":"","meta":{"_acf_changed":false,"content-type":"","inline_featured_image":false,"footnotes":""},"industries":[],"process":[],"class_list":["post-31394","page","type-page","status-publish","has-post-thumbnail","hentry"],"acf":[],"yoast_head":"<!-- This site is optimized with the Yoast SEO plugin v27.1.1 - https:\/\/yoast.com\/product\/yoast-seo-wordpress\/ -->\n<title>Servis ve Garanti - Hydronix<\/title>\n<meta name=\"description\" content=\"Hydronix&#039;in sundu\u011fu garanti ve servis se\u00e7enekleri hakk\u0131nda bilgi edinin. Tesis ar\u0131za s\u00fcresi maliyetini en aza indirmek i\u00e7in 2 ve 4 y\u0131ll\u0131k se\u00e7enekler.\" \/>\n<meta name=\"robots\" content=\"index, follow, max-snippet:-1, max-image-preview:large, max-video-preview:-1\" \/>\n<link rel=\"canonical\" href=\"https:\/\/www.hydronix.com\/tr\/servis-ve-garanti\/\" \/>\n<meta property=\"og:locale\" content=\"tr_TR\" \/>\n<meta property=\"og:type\" content=\"article\" \/>\n<meta property=\"og:title\" content=\"Servis ve Garanti - Hydronix\" \/>\n<meta property=\"og:description\" content=\"Hydronix&#039;in sundu\u011fu garanti ve servis se\u00e7enekleri hakk\u0131nda bilgi edinin. Tesis ar\u0131za s\u00fcresi maliyetini en aza indirmek i\u00e7in 2 ve 4 y\u0131ll\u0131k se\u00e7enekler.\" \/>\n<meta property=\"og:url\" content=\"https:\/\/www.hydronix.com\/tr\/servis-ve-garanti\/\" \/>\n<meta property=\"og:site_name\" content=\"Hydronix\" \/>\n<meta property=\"article:modified_time\" content=\"2023-11-27T12:04:28+00:00\" \/>\n<meta property=\"og:image\" content=\"https:\/\/www.hydronix.com\/wp-content\/uploads\/2022\/09\/hero-product-water-abstract.jpg\" \/>\n\t<meta property=\"og:image:width\" content=\"2000\" \/>\n\t<meta property=\"og:image:height\" content=\"400\" \/>\n\t<meta property=\"og:image:type\" content=\"image\/jpeg\" \/>\n<meta name=\"twitter:card\" content=\"summary_large_image\" \/>\n<meta name=\"twitter:label1\" content=\"Tahmini okuma s\u00fcresi\" \/>\n\t<meta name=\"twitter:data1\" content=\"1 dakika\" \/>\n<script type=\"application\/ld+json\" class=\"yoast-schema-graph\">{\"@context\":\"https:\/\/schema.org\",\"@graph\":[{\"@type\":\"WebPage\",\"@id\":\"https:\/\/www.hydronix.com\/tr\/servis-ve-garanti\/\",\"url\":\"https:\/\/www.hydronix.com\/tr\/servis-ve-garanti\/\",\"name\":\"Servis ve Garanti - Hydronix\",\"isPartOf\":{\"@id\":\"https:\/\/www.hydronix.com\/tr\/#website\"},\"primaryImageOfPage\":{\"@id\":\"https:\/\/www.hydronix.com\/tr\/servis-ve-garanti\/#primaryimage\"},\"image\":{\"@id\":\"https:\/\/www.hydronix.com\/tr\/servis-ve-garanti\/#primaryimage\"},\"thumbnailUrl\":\"https:\/\/www.hydronix.com\/wp-content\/uploads\/2022\/09\/hero-product-water-abstract.jpg\",\"datePublished\":\"2022-09-14T12:57:33+00:00\",\"dateModified\":\"2023-11-27T12:04:28+00:00\",\"description\":\"Hydronix'in sundu\u011fu garanti ve servis se\u00e7enekleri hakk\u0131nda bilgi edinin. Tesis ar\u0131za s\u00fcresi maliyetini en aza indirmek i\u00e7in 2 ve 4 y\u0131ll\u0131k se\u00e7enekler.\",\"breadcrumb\":{\"@id\":\"https:\/\/www.hydronix.com\/tr\/servis-ve-garanti\/#breadcrumb\"},\"inLanguage\":\"tr\",\"potentialAction\":[{\"@type\":\"ReadAction\",\"target\":[\"https:\/\/www.hydronix.com\/tr\/servis-ve-garanti\/\"]}]},{\"@type\":\"ImageObject\",\"inLanguage\":\"tr\",\"@id\":\"https:\/\/www.hydronix.com\/tr\/servis-ve-garanti\/#primaryimage\",\"url\":\"https:\/\/www.hydronix.com\/wp-content\/uploads\/2022\/09\/hero-product-water-abstract.jpg\",\"contentUrl\":\"https:\/\/www.hydronix.com\/wp-content\/uploads\/2022\/09\/hero-product-water-abstract.jpg\",\"width\":2000,\"height\":400},{\"@type\":\"BreadcrumbList\",\"@id\":\"https:\/\/www.hydronix.com\/tr\/servis-ve-garanti\/#breadcrumb\",\"itemListElement\":[{\"@type\":\"ListItem\",\"position\":1,\"name\":\"Home\",\"item\":\"https:\/\/www.hydronix.com\/tr\/\"},{\"@type\":\"ListItem\",\"position\":2,\"name\":\"Servis ve Garanti\"}]},{\"@type\":\"WebSite\",\"@id\":\"https:\/\/www.hydronix.com\/tr\/#website\",\"url\":\"https:\/\/www.hydronix.com\/tr\/\",\"name\":\"Hydronix\",\"description\":\"Your partner in moisture measurement\",\"potentialAction\":[{\"@type\":\"SearchAction\",\"target\":{\"@type\":\"EntryPoint\",\"urlTemplate\":\"https:\/\/www.hydronix.com\/tr\/?s={search_term_string}\"},\"query-input\":{\"@type\":\"PropertyValueSpecification\",\"valueRequired\":true,\"valueName\":\"search_term_string\"}}],\"inLanguage\":\"tr\"}]}<\/script>\n<!-- \/ Yoast SEO plugin. -->","yoast_head_json":{"title":"Servis ve Garanti - Hydronix","description":"Hydronix'in sundu\u011fu garanti ve servis se\u00e7enekleri hakk\u0131nda bilgi edinin. Tesis ar\u0131za s\u00fcresi maliyetini en aza indirmek i\u00e7in 2 ve 4 y\u0131ll\u0131k se\u00e7enekler.","robots":{"index":"index","follow":"follow","max-snippet":"max-snippet:-1","max-image-preview":"max-image-preview:large","max-video-preview":"max-video-preview:-1"},"canonical":"https:\/\/www.hydronix.com\/tr\/servis-ve-garanti\/","og_locale":"tr_TR","og_type":"article","og_title":"Servis ve Garanti - Hydronix","og_description":"Hydronix'in sundu\u011fu garanti ve servis se\u00e7enekleri hakk\u0131nda bilgi edinin. Tesis ar\u0131za s\u00fcresi maliyetini en aza indirmek i\u00e7in 2 ve 4 y\u0131ll\u0131k se\u00e7enekler.","og_url":"https:\/\/www.hydronix.com\/tr\/servis-ve-garanti\/","og_site_name":"Hydronix","article_modified_time":"2023-11-27T12:04:28+00:00","og_image":[{"width":2000,"height":400,"url":"https:\/\/www.hydronix.com\/wp-content\/uploads\/2022\/09\/hero-product-water-abstract.jpg","type":"image\/jpeg"}],"twitter_card":"summary_large_image","twitter_misc":{"Tahmini okuma s\u00fcresi":"1 dakika"},"schema":{"@context":"https:\/\/schema.org","@graph":[{"@type":"WebPage","@id":"https:\/\/www.hydronix.com\/tr\/servis-ve-garanti\/","url":"https:\/\/www.hydronix.com\/tr\/servis-ve-garanti\/","name":"Servis ve Garanti - Hydronix","isPartOf":{"@id":"https:\/\/www.hydronix.com\/tr\/#website"},"primaryImageOfPage":{"@id":"https:\/\/www.hydronix.com\/tr\/servis-ve-garanti\/#primaryimage"},"image":{"@id":"https:\/\/www.hydronix.com\/tr\/servis-ve-garanti\/#primaryimage"},"thumbnailUrl":"https:\/\/www.hydronix.com\/wp-content\/uploads\/2022\/09\/hero-product-water-abstract.jpg","datePublished":"2022-09-14T12:57:33+00:00","dateModified":"2023-11-27T12:04:28+00:00","description":"Hydronix'in sundu\u011fu garanti ve servis se\u00e7enekleri hakk\u0131nda bilgi edinin. Tesis ar\u0131za s\u00fcresi maliyetini en aza indirmek i\u00e7in 2 ve 4 y\u0131ll\u0131k se\u00e7enekler.","breadcrumb":{"@id":"https:\/\/www.hydronix.com\/tr\/servis-ve-garanti\/#breadcrumb"},"inLanguage":"tr","potentialAction":[{"@type":"ReadAction","target":["https:\/\/www.hydronix.com\/tr\/servis-ve-garanti\/"]}]},{"@type":"ImageObject","inLanguage":"tr","@id":"https:\/\/www.hydronix.com\/tr\/servis-ve-garanti\/#primaryimage","url":"https:\/\/www.hydronix.com\/wp-content\/uploads\/2022\/09\/hero-product-water-abstract.jpg","contentUrl":"https:\/\/www.hydronix.com\/wp-content\/uploads\/2022\/09\/hero-product-water-abstract.jpg","width":2000,"height":400},{"@type":"BreadcrumbList","@id":"https:\/\/www.hydronix.com\/tr\/servis-ve-garanti\/#breadcrumb","itemListElement":[{"@type":"ListItem","position":1,"name":"Home","item":"https:\/\/www.hydronix.com\/tr\/"},{"@type":"ListItem","position":2,"name":"Servis ve Garanti"}]},{"@type":"WebSite","@id":"https:\/\/www.hydronix.com\/tr\/#website","url":"https:\/\/www.hydronix.com\/tr\/","name":"Hydronix","description":"Your partner in moisture measurement","potentialAction":[{"@type":"SearchAction","target":{"@type":"EntryPoint","urlTemplate":"https:\/\/www.hydronix.com\/tr\/?s={search_term_string}"},"query-input":{"@type":"PropertyValueSpecification","valueRequired":true,"valueName":"search_term_string"}}],"inLanguage":"tr"}]}},"_links":{"self":[{"href":"https:\/\/www.hydronix.com\/tr\/wp-json\/wp\/v2\/pages\/31394","targetHints":{"allow":["GET"]}}],"collection":[{"href":"https:\/\/www.hydronix.com\/tr\/wp-json\/wp\/v2\/pages"}],"about":[{"href":"https:\/\/www.hydronix.com\/tr\/wp-json\/wp\/v2\/types\/page"}],"author":[{"embeddable":true,"href":"https:\/\/www.hydronix.com\/tr\/wp-json\/wp\/v2\/users\/1"}],"replies":[{"embeddable":true,"href":"https:\/\/www.hydronix.com\/tr\/wp-json\/wp\/v2\/comments?post=31394"}],"version-history":[{"count":0,"href":"https:\/\/www.hydronix.com\/tr\/wp-json\/wp\/v2\/pages\/31394\/revisions"}],"wp:featuredmedia":[{"embeddable":true,"href":"https:\/\/www.hydronix.com\/tr\/wp-json\/wp\/v2\/media\/29724"}],"wp:attachment":[{"href":"https:\/\/www.hydronix.com\/tr\/wp-json\/wp\/v2\/media?parent=31394"}],"wp:term":[{"taxonomy":"industries","embeddable":true,"href":"https:\/\/www.hydronix.com\/tr\/wp-json\/wp\/v2\/industries?post=31394"},{"taxonomy":"process","embeddable":true,"href":"https:\/\/www.hydronix.com\/tr\/wp-json\/wp\/v2\/process?post=31394"}],"curies":[{"name":"wp","href":"https:\/\/api.w.org\/{rel}","templated":true}]}}