{"id":31392,"date":"2022-09-14T12:50:21","date_gmt":"2022-09-14T12:50:21","guid":{"rendered":"https:\/\/hydronix.chilliservers.co.uk\/destek-birimiyle-iletisim\/"},"modified":"2025-11-10T13:11:16","modified_gmt":"2025-11-10T13:11:16","slug":"destek-birimiyle-iletisim","status":"publish","type":"page","link":"https:\/\/www.hydronix.com\/tr\/destek-birimiyle-iletisim\/","title":{"rendered":"Destek Birimiyle \u0130leti\u015fim"},"content":{"rendered":"    \n<!-- hero_short -->\n<section class=\"short_hero d-flex py-5\" style=\"background-image:url(https:\/\/www.hydronix.com\/wp-content\/uploads\/2022\/09\/Z-industries.jpg)\">\n    <div class=\"overlay\"><\/div>\n    <div class=\"container-xl my-auto\">\n        <div class=\"row\">\n            <div class=\"col-lg-5 hero__content\">\n                <h1>Destek Birimiyle \u0130leti\u015fim<\/h1>\n            <\/div>\n        <\/div>\n    <\/div>\n<\/section>\n<!--section class=\"sub_page_title py-1 mb-4\">\n    <div class=\"container-xl\">\n        <p id=\"breadcrumbs\"><span><span><a href=\"https:\/\/www.hydronix.com\/tr\/\">Home<\/a><\/span><\/span><\/p>    <\/div>\n<\/section-->\n\n\n\n<div style=\"height:39px\" aria-hidden=\"true\" class=\"wp-block-spacer\"><\/div>\n\n\n<!-- hs_form -->\n<div class=\"container-xl\" id=\"\">\n<!--[if lte IE 8]>\n<script charset=\"utf-8\" type=\"text\/javascript\" src=\"\/\/js.hsforms.net\/forms\/v2-legacy.js\"><\/script>\n<![endif]-->\n<script charset=\"utf-8\" type=\"text\/javascript\" src=\"\/\/js.hsforms.net\/forms\/v2.js\"><\/script>\n<script>\nhbspt.forms.create({\n    region: \"eu1\",\n    portalId: \"8142423\",\n    formId: \"aff5ae00-a34f-4ce3-9efb-c118c4d39965\"\n});\n<\/script>\n<\/div>","protected":false},"excerpt":{"rendered":"<p> [&#8230;]<\/p>\n<p><a class=\"btn btn-secondary understrap-read-more-link\" href=\"https:\/\/www.hydronix.com\/tr\/destek-birimiyle-iletisim\/\">Daha fazlas\u0131n\u0131 oku\u2026<span class=\"screen-reader-text\"> from Destek Birimiyle \u0130leti\u015fim<\/span><\/a><\/p>\n","protected":false},"author":1,"featured_media":29645,"parent":0,"menu_order":91,"comment_status":"closed","ping_status":"closed","template":"","meta":{"_acf_changed":false,"content-type":"","inline_featured_image":false,"footnotes":""},"industries":[],"process":[],"class_list":["post-31392","page","type-page","status-publish","has-post-thumbnail","hentry"],"acf":[],"yoast_head":"<!-- This site is optimized with the Yoast SEO plugin v27.1.1 - https:\/\/yoast.com\/product\/yoast-seo-wordpress\/ -->\n<title>Destek Birimiyle \u0130leti\u015fim - Hydronix<\/title>\n<meta name=\"description\" content=\"Nem \u00f6l\u00e7\u00fcm\u00fcnde kar\u015f\u0131la\u015ft\u0131\u011f\u0131n\u0131z zorluklara \u00e7\u00f6z\u00fcm bulmak ve sorular\u0131n\u0131za yan\u0131t almak i\u00e7in bu \u00e7evrimi\u00e7i formu kullanarak Hydronix destek birimiyle ileti\u015fime ge\u00e7in.\" \/>\n<meta name=\"robots\" content=\"index, follow, max-snippet:-1, max-image-preview:large, max-video-preview:-1\" \/>\n<link rel=\"canonical\" href=\"https:\/\/www.hydronix.com\/tr\/destek-birimiyle-iletisim\/\" \/>\n<meta property=\"og:locale\" content=\"tr_TR\" \/>\n<meta property=\"og:type\" content=\"article\" \/>\n<meta property=\"og:title\" content=\"Destek Birimiyle \u0130leti\u015fim - Hydronix\" \/>\n<meta property=\"og:description\" content=\"Nem \u00f6l\u00e7\u00fcm\u00fcnde kar\u015f\u0131la\u015ft\u0131\u011f\u0131n\u0131z zorluklara \u00e7\u00f6z\u00fcm bulmak ve sorular\u0131n\u0131za yan\u0131t almak i\u00e7in bu \u00e7evrimi\u00e7i formu kullanarak Hydronix destek birimiyle ileti\u015fime ge\u00e7in.\" \/>\n<meta property=\"og:url\" content=\"https:\/\/www.hydronix.com\/tr\/destek-birimiyle-iletisim\/\" \/>\n<meta property=\"og:site_name\" content=\"Hydronix\" \/>\n<meta property=\"article:modified_time\" content=\"2025-11-10T13:11:16+00:00\" \/>\n<meta property=\"og:image\" content=\"https:\/\/www.hydronix.com\/wp-content\/uploads\/2022\/09\/Z-industries.jpg\" \/>\n\t<meta property=\"og:image:width\" content=\"2000\" \/>\n\t<meta property=\"og:image:height\" content=\"400\" \/>\n\t<meta property=\"og:image:type\" content=\"image\/jpeg\" \/>\n<meta name=\"twitter:card\" content=\"summary_large_image\" \/>\n<meta name=\"twitter:label1\" content=\"Tahmini okuma s\u00fcresi\" \/>\n\t<meta name=\"twitter:data1\" content=\"1 dakika\" \/>\n<script type=\"application\/ld+json\" class=\"yoast-schema-graph\">{\"@context\":\"https:\/\/schema.org\",\"@graph\":[{\"@type\":\"WebPage\",\"@id\":\"https:\/\/www.hydronix.com\/tr\/destek-birimiyle-iletisim\/\",\"url\":\"https:\/\/www.hydronix.com\/tr\/destek-birimiyle-iletisim\/\",\"name\":\"Destek Birimiyle \u0130leti\u015fim - Hydronix\",\"isPartOf\":{\"@id\":\"https:\/\/www.hydronix.com\/tr\/#website\"},\"primaryImageOfPage\":{\"@id\":\"https:\/\/www.hydronix.com\/tr\/destek-birimiyle-iletisim\/#primaryimage\"},\"image\":{\"@id\":\"https:\/\/www.hydronix.com\/tr\/destek-birimiyle-iletisim\/#primaryimage\"},\"thumbnailUrl\":\"https:\/\/www.hydronix.com\/wp-content\/uploads\/2022\/09\/Z-industries.jpg\",\"datePublished\":\"2022-09-14T12:50:21+00:00\",\"dateModified\":\"2025-11-10T13:11:16+00:00\",\"description\":\"Nem \u00f6l\u00e7\u00fcm\u00fcnde kar\u015f\u0131la\u015ft\u0131\u011f\u0131n\u0131z zorluklara \u00e7\u00f6z\u00fcm bulmak ve sorular\u0131n\u0131za yan\u0131t almak i\u00e7in bu \u00e7evrimi\u00e7i formu kullanarak Hydronix destek birimiyle ileti\u015fime ge\u00e7in.\",\"breadcrumb\":{\"@id\":\"https:\/\/www.hydronix.com\/tr\/destek-birimiyle-iletisim\/#breadcrumb\"},\"inLanguage\":\"tr\",\"potentialAction\":[{\"@type\":\"ReadAction\",\"target\":[\"https:\/\/www.hydronix.com\/tr\/destek-birimiyle-iletisim\/\"]}]},{\"@type\":\"ImageObject\",\"inLanguage\":\"tr\",\"@id\":\"https:\/\/www.hydronix.com\/tr\/destek-birimiyle-iletisim\/#primaryimage\",\"url\":\"https:\/\/www.hydronix.com\/wp-content\/uploads\/2022\/09\/Z-industries.jpg\",\"contentUrl\":\"https:\/\/www.hydronix.com\/wp-content\/uploads\/2022\/09\/Z-industries.jpg\",\"width\":2000,\"height\":400},{\"@type\":\"BreadcrumbList\",\"@id\":\"https:\/\/www.hydronix.com\/tr\/destek-birimiyle-iletisim\/#breadcrumb\",\"itemListElement\":[{\"@type\":\"ListItem\",\"position\":1,\"name\":\"Home\",\"item\":\"https:\/\/www.hydronix.com\/tr\/\"},{\"@type\":\"ListItem\",\"position\":2,\"name\":\"Destek Birimiyle \u0130leti\u015fim\"}]},{\"@type\":\"WebSite\",\"@id\":\"https:\/\/www.hydronix.com\/tr\/#website\",\"url\":\"https:\/\/www.hydronix.com\/tr\/\",\"name\":\"Hydronix\",\"description\":\"Your partner in moisture measurement\",\"potentialAction\":[{\"@type\":\"SearchAction\",\"target\":{\"@type\":\"EntryPoint\",\"urlTemplate\":\"https:\/\/www.hydronix.com\/tr\/?s={search_term_string}\"},\"query-input\":{\"@type\":\"PropertyValueSpecification\",\"valueRequired\":true,\"valueName\":\"search_term_string\"}}],\"inLanguage\":\"tr\"}]}<\/script>\n<!-- \/ Yoast SEO plugin. -->","yoast_head_json":{"title":"Destek Birimiyle \u0130leti\u015fim - Hydronix","description":"Nem \u00f6l\u00e7\u00fcm\u00fcnde kar\u015f\u0131la\u015ft\u0131\u011f\u0131n\u0131z zorluklara \u00e7\u00f6z\u00fcm bulmak ve sorular\u0131n\u0131za yan\u0131t almak i\u00e7in bu \u00e7evrimi\u00e7i formu kullanarak Hydronix destek birimiyle ileti\u015fime ge\u00e7in.","robots":{"index":"index","follow":"follow","max-snippet":"max-snippet:-1","max-image-preview":"max-image-preview:large","max-video-preview":"max-video-preview:-1"},"canonical":"https:\/\/www.hydronix.com\/tr\/destek-birimiyle-iletisim\/","og_locale":"tr_TR","og_type":"article","og_title":"Destek Birimiyle \u0130leti\u015fim - Hydronix","og_description":"Nem \u00f6l\u00e7\u00fcm\u00fcnde kar\u015f\u0131la\u015ft\u0131\u011f\u0131n\u0131z zorluklara \u00e7\u00f6z\u00fcm bulmak ve sorular\u0131n\u0131za yan\u0131t almak i\u00e7in bu \u00e7evrimi\u00e7i formu kullanarak Hydronix destek birimiyle ileti\u015fime ge\u00e7in.","og_url":"https:\/\/www.hydronix.com\/tr\/destek-birimiyle-iletisim\/","og_site_name":"Hydronix","article_modified_time":"2025-11-10T13:11:16+00:00","og_image":[{"width":2000,"height":400,"url":"https:\/\/www.hydronix.com\/wp-content\/uploads\/2022\/09\/Z-industries.jpg","type":"image\/jpeg"}],"twitter_card":"summary_large_image","twitter_misc":{"Tahmini okuma s\u00fcresi":"1 dakika"},"schema":{"@context":"https:\/\/schema.org","@graph":[{"@type":"WebPage","@id":"https:\/\/www.hydronix.com\/tr\/destek-birimiyle-iletisim\/","url":"https:\/\/www.hydronix.com\/tr\/destek-birimiyle-iletisim\/","name":"Destek Birimiyle \u0130leti\u015fim - Hydronix","isPartOf":{"@id":"https:\/\/www.hydronix.com\/tr\/#website"},"primaryImageOfPage":{"@id":"https:\/\/www.hydronix.com\/tr\/destek-birimiyle-iletisim\/#primaryimage"},"image":{"@id":"https:\/\/www.hydronix.com\/tr\/destek-birimiyle-iletisim\/#primaryimage"},"thumbnailUrl":"https:\/\/www.hydronix.com\/wp-content\/uploads\/2022\/09\/Z-industries.jpg","datePublished":"2022-09-14T12:50:21+00:00","dateModified":"2025-11-10T13:11:16+00:00","description":"Nem \u00f6l\u00e7\u00fcm\u00fcnde kar\u015f\u0131la\u015ft\u0131\u011f\u0131n\u0131z zorluklara \u00e7\u00f6z\u00fcm bulmak ve sorular\u0131n\u0131za yan\u0131t almak i\u00e7in bu \u00e7evrimi\u00e7i formu kullanarak Hydronix destek birimiyle ileti\u015fime ge\u00e7in.","breadcrumb":{"@id":"https:\/\/www.hydronix.com\/tr\/destek-birimiyle-iletisim\/#breadcrumb"},"inLanguage":"tr","potentialAction":[{"@type":"ReadAction","target":["https:\/\/www.hydronix.com\/tr\/destek-birimiyle-iletisim\/"]}]},{"@type":"ImageObject","inLanguage":"tr","@id":"https:\/\/www.hydronix.com\/tr\/destek-birimiyle-iletisim\/#primaryimage","url":"https:\/\/www.hydronix.com\/wp-content\/uploads\/2022\/09\/Z-industries.jpg","contentUrl":"https:\/\/www.hydronix.com\/wp-content\/uploads\/2022\/09\/Z-industries.jpg","width":2000,"height":400},{"@type":"BreadcrumbList","@id":"https:\/\/www.hydronix.com\/tr\/destek-birimiyle-iletisim\/#breadcrumb","itemListElement":[{"@type":"ListItem","position":1,"name":"Home","item":"https:\/\/www.hydronix.com\/tr\/"},{"@type":"ListItem","position":2,"name":"Destek Birimiyle \u0130leti\u015fim"}]},{"@type":"WebSite","@id":"https:\/\/www.hydronix.com\/tr\/#website","url":"https:\/\/www.hydronix.com\/tr\/","name":"Hydronix","description":"Your partner in moisture measurement","potentialAction":[{"@type":"SearchAction","target":{"@type":"EntryPoint","urlTemplate":"https:\/\/www.hydronix.com\/tr\/?s={search_term_string}"},"query-input":{"@type":"PropertyValueSpecification","valueRequired":true,"valueName":"search_term_string"}}],"inLanguage":"tr"}]}},"_links":{"self":[{"href":"https:\/\/www.hydronix.com\/tr\/wp-json\/wp\/v2\/pages\/31392","targetHints":{"allow":["GET"]}}],"collection":[{"href":"https:\/\/www.hydronix.com\/tr\/wp-json\/wp\/v2\/pages"}],"about":[{"href":"https:\/\/www.hydronix.com\/tr\/wp-json\/wp\/v2\/types\/page"}],"author":[{"embeddable":true,"href":"https:\/\/www.hydronix.com\/tr\/wp-json\/wp\/v2\/users\/1"}],"replies":[{"embeddable":true,"href":"https:\/\/www.hydronix.com\/tr\/wp-json\/wp\/v2\/comments?post=31392"}],"version-history":[{"count":2,"href":"https:\/\/www.hydronix.com\/tr\/wp-json\/wp\/v2\/pages\/31392\/revisions"}],"predecessor-version":[{"id":41876,"href":"https:\/\/www.hydronix.com\/tr\/wp-json\/wp\/v2\/pages\/31392\/revisions\/41876"}],"wp:featuredmedia":[{"embeddable":true,"href":"https:\/\/www.hydronix.com\/tr\/wp-json\/wp\/v2\/media\/29645"}],"wp:attachment":[{"href":"https:\/\/www.hydronix.com\/tr\/wp-json\/wp\/v2\/media?parent=31392"}],"wp:term":[{"taxonomy":"industries","embeddable":true,"href":"https:\/\/www.hydronix.com\/tr\/wp-json\/wp\/v2\/industries?post=31392"},{"taxonomy":"process","embeddable":true,"href":"https:\/\/www.hydronix.com\/tr\/wp-json\/wp\/v2\/process?post=31392"}],"curies":[{"name":"wp","href":"https:\/\/api.w.org\/{rel}","templated":true}]}}