{"id":31389,"date":"2022-09-12T15:36:48","date_gmt":"2022-09-12T15:36:48","guid":{"rendered":"https:\/\/hydronix.chilliservers.co.uk\/kaynaklar\/hydronix-video-kitapligi\/"},"modified":"2025-02-20T15:17:32","modified_gmt":"2025-02-20T15:17:32","slug":"hydronix-video-kitapligi","status":"publish","type":"page","link":"https:\/\/www.hydronix.com\/tr\/kaynaklar\/hydronix-video-kitapligi\/","title":{"rendered":"Hydronix Video Kitapl\u0131\u011f\u0131"},"content":{"rendered":"    <div class=\"container-xl\">\n\t\t\n<p>A\u015fa\u011f\u0131daki videolar, \u00fcr\u00fcn tan\u0131t\u0131mlar\u0131n\u0131 ve farkl\u0131 uygulamalara kurulan Hydronix nem sens\u00f6rlerinin \u00f6rneklerini i\u00e7ermektedir.<\/p>\n    <\/div>\n    \n\n    <div class=\"container-xl\">\n\t\t\n<p>Uygulamalar ve kurulumla ilgili daha fazla bilgi i\u00e7in l\u00fctfen&nbsp;<a href=\"https:\/\/www.hydronix.com\/tr\/hydronix-hakkinda\/bize-ulasin\/\">bize ula\u015f\u0131n.<\/a><\/p>\n    <\/div>\n    \n\n<style>\n.video-grid {\n    display: grid;\n    gap: 1rem;\n}\n@media (min-width:992px) {\n    .video-grid {\n        grid-template-columns: repeat(2, 1fr);\n    }\n}\n@media (min-width:1200px) {\n    .video-grid {\n        grid-template-columns: repeat(3, 1fr);\n    }\n}\nlite-vimeo {\n    background-size: cover;\n    background-position: center;\n    background-repeat: no-repeat;\n}\n.video-description {\n    background-color: #0078a9;\n    color: white;\n    min-height: 4rem;\n}\n<\/style>\n<section class=\"three_col_video py-5  \">\n    <div class=\"container-xl\">\n                <h2>M\u00fc\u015fteri referanslar\u0131<\/h2>\n            <div class=\"video-grid\">        <div class=\"video-container\">\n            <div class=\"video-preview ratio ratio-16x9\">\n                                <lite-vimeo videoid=\"1025052168\" style=\"background-image:url('https:\/\/i.vimeocdn.com\/video\/1944527524-f299d8c1e6ef91a8fa23b31f320f773f292a406d4da86b50557e70ef9ec54f26-d_295x166?region=us');\"><\/lite-vimeo>\n                                <\/div>\n            <div class=\"video-description p-2\">\n                Curran Contracting: asfalt \u00fcretimi            <\/div>\n        <\/div>\n            <\/div>    <\/div>\n<\/section>\n<script type=module src=\"https:\/\/www.hydronix.com\/wp-content\/themes\/cb-hydronix\/js\/lite-vimeo.js\" defer><\/script>\n\n\n<style>\n.video-grid {\n    display: grid;\n    gap: 1rem;\n}\n@media (min-width:992px) {\n    .video-grid {\n        grid-template-columns: repeat(2, 1fr);\n    }\n}\n@media (min-width:1200px) {\n    .video-grid {\n        grid-template-columns: repeat(3, 1fr);\n    }\n}\nlite-vimeo {\n    background-size: cover;\n    background-position: center;\n    background-repeat: no-repeat;\n}\n.video-description {\n    background-color: #0078a9;\n    color: white;\n    min-height: 4rem;\n}\n<\/style>\n<section class=\"three_col_video py-5  \">\n    <div class=\"container-xl\">\n                <h2>Beton ve \u0130n\u015faat<\/h2>\n            <div class=\"video-grid\">        <div class=\"video-container\">\n            <div class=\"video-preview ratio ratio-16x9\">\n                                <lite-vimeo videoid=\"998776914\" style=\"background-image:url('https:\/\/i.vimeocdn.com\/video\/1914902589-ce4275b94c0cd667683d91214a90128f2a08f3193606d872a3596302164dfa62-d_295x166?region=us');\"><\/lite-vimeo>\n                                <\/div>\n            <div class=\"video-description p-2\">\n                Hydronix Beton Yap\u0131 \u00dcr\u00fcnlerine Genel Bak\u0131\u015f            <\/div>\n        <\/div>\n                    <div class=\"video-container\">\n            <div class=\"video-preview ratio ratio-16x9\">\n                                <lite-vimeo videoid=\"236757122\" style=\"background-image:url('https:\/\/i.vimeocdn.com\/video\/658955637-cc8abd8497eac342fe1814d2dd927b93fc8790c077c9f0081fcf1beea058c74a-d_295x166?region=us');\"><\/lite-vimeo>\n                                <\/div>\n            <div class=\"video-description p-2\">\n                Kum Konvey\u00f6r\u00fc \u00fczerinde Hydro-Probe Mikrodalga Nem \u00d6l\u00e7\u00fcm Sens\u00f6r\u00fc            <\/div>\n        <\/div>\n                    <div class=\"video-container\">\n            <div class=\"video-preview ratio ratio-16x9\">\n                                <lite-vimeo videoid=\"236549957\" style=\"background-image:url('https:\/\/i.vimeocdn.com\/video\/658688719-3b2df93dd273030c044d3aad803f7ed4ba9ca7f3e391f21cf64aa5d9e825c553-d_640?region=us');\"><\/lite-vimeo>\n                                <\/div>\n            <div class=\"video-description p-2\">\n                Kum Konvey\u00f6r\u00fc \u00fczerinde Hydro-Skid&#8217;e tak\u0131lan Hydro-Mix Nem Sens\u00f6r\u00fc            <\/div>\n        <\/div>\n                    <div class=\"video-container\">\n            <div class=\"video-preview ratio ratio-16x9\">\n                                <lite-vimeo videoid=\"237904871\" style=\"background-image:url('https:\/\/i.vimeocdn.com\/video\/660449611-62416f3f6ca2813e7841a33febf9e1dd13d08e63d6418c9c9dbcd342d8204e32-d_295x166?region=us');\"><\/lite-vimeo>\n                                <\/div>\n            <div class=\"video-description p-2\">\n                Kum Bunkeri alt\u0131na tak\u0131lan Hydro-Probe Nem Sens\u00f6r\u00fc            <\/div>\n        <\/div>\n                    <div class=\"video-container\">\n            <div class=\"video-preview ratio ratio-16x9\">\n                                <lite-vimeo videoid=\"237881330\" style=\"background-image:url('https:\/\/i.vimeocdn.com\/video\/660419579-186b3e312f2b9a822cce7bec3436104cd7dcb34395bb7185a07a5babc9591fa8-d_295x166?region=us');\"><\/lite-vimeo>\n                                <\/div>\n            <div class=\"video-description p-2\">\n                Agrega bunkerinin alt\u0131ndaki agregalar\u0131n nemini \u00f6l\u00e7en Hydro-Probe sens\u00f6r\u00fc            <\/div>\n        <\/div>\n                    <div class=\"video-container\">\n            <div class=\"video-preview ratio ratio-16x9\">\n                                <lite-vimeo videoid=\"236756585\" style=\"background-image:url('https:\/\/i.vimeocdn.com\/video\/658953105-9ff32e9df02203931c54aed7060d84de89a225793cd5d684a56f6e8d14eb0af7-d_295x166?region=us');\"><\/lite-vimeo>\n                                <\/div>\n            <div class=\"video-description p-2\">\n                Hydro-Mix nem sens\u00f6r\u00fc ile asfalt konvey\u00f6r\u00fc \u00fczerinde nem \u00f6l\u00e7me            <\/div>\n        <\/div>\n                    <div class=\"video-container\">\n            <div class=\"video-preview ratio ratio-16x9\">\n                                <lite-vimeo videoid=\"236549211\" style=\"background-image:url('https:\/\/i.vimeocdn.com\/video\/658956852-eef3305326ba81bc6ded510c9e3491b201b267f3ee27aef87f145b21720a76a7-d_295x166?region=us');\"><\/lite-vimeo>\n                                <\/div>\n            <div class=\"video-description p-2\">\n                Tu\u011fla fabrikas\u0131nda kil \u00e7\u0131karma s\u0131ras\u0131nda nem \u00f6l\u00e7en Hydro-Mix Sens\u00f6r\u00fc            <\/div>\n        <\/div>\n                    <div class=\"video-container\">\n            <div class=\"video-preview ratio ratio-16x9\">\n                                <lite-vimeo videoid=\"236758000\" style=\"background-image:url('https:\/\/i.vimeocdn.com\/video\/658960798-d22492e323d5209e26f08363610cc93e66dbcaacd6aaaf12215fad0afeb8c5e6-d_295x166?region=us');\"><\/lite-vimeo>\n                                <\/div>\n            <div class=\"video-description p-2\">\n                Planet Beton Mikseri i\u00e7inde Nem \u00d6l\u00e7\u00fcm\u00fc &#8211; Hydro-Probe Orbiter            <\/div>\n        <\/div>\n                    <div class=\"video-container\">\n            <div class=\"video-preview ratio ratio-16x9\">\n                                <lite-vimeo videoid=\"236757019\" style=\"background-image:url('https:\/\/i.vimeocdn.com\/video\/659115070-dbc791159289b029e87cc92790a2a2f66d2810289adf6752b4225df2d89954eb-d_295x166?region=us');\"><\/lite-vimeo>\n                                <\/div>\n            <div class=\"video-description p-2\">\n                Hydro-Probe Orbiter &#8211; miksere standart montaj            <\/div>\n        <\/div>\n                    <div class=\"video-container\">\n            <div class=\"video-preview ratio ratio-16x9\">\n                                <lite-vimeo videoid=\"236756884\" style=\"background-image:url('https:\/\/i.vimeocdn.com\/video\/659115224-2d0d4018170bca58b36f1b0edd2c5bb04a39c2e9f9fdaae0e15128213c1a8f8c-d_295x166?region=us');\"><\/lite-vimeo>\n                                <\/div>\n            <div class=\"video-description p-2\">\n                Hydro-Mix Sens\u00f6r\u00fc kullanarak konvey\u00f6r \u00fczerindeki ezilmi\u015f k\u00f6m\u00fcr\u00fcn nemini \u00f6l\u00e7er            <\/div>\n        <\/div>\n            <\/div>    <\/div>\n<\/section>\n<script type=module src=\"https:\/\/www.hydronix.com\/wp-content\/themes\/cb-hydronix\/js\/lite-vimeo.js\" defer><\/script>\n\n\n<style>\n.video-grid {\n    display: grid;\n    gap: 1rem;\n}\n@media (min-width:992px) {\n    .video-grid {\n        grid-template-columns: repeat(2, 1fr);\n    }\n}\n@media (min-width:1200px) {\n    .video-grid {\n        grid-template-columns: repeat(3, 1fr);\n    }\n}\nlite-vimeo {\n    background-size: cover;\n    background-position: center;\n    background-repeat: no-repeat;\n}\n.video-description {\n    background-color: #0078a9;\n    color: white;\n    min-height: 4rem;\n}\n<\/style>\n<section class=\"three_col_video py-5  \">\n    <div class=\"container-xl\">\n                <h2>Tah\u0131llar, \u00c7ekirdekler ve Kabuklu Yemi\u015fler<\/h2>\n            <div class=\"video-grid\">        <div class=\"video-container\">\n            <div class=\"video-preview ratio ratio-16x9\">\n                                <lite-vimeo videoid=\"241510813\" style=\"background-image:url('https:\/\/i.vimeocdn.com\/video\/665115700-14cd4919690593da2a6f7f8c865f6c6139fcf2a0c195193d2a05e8af6c4e89d5-d_640?region=us');\"><\/lite-vimeo>\n                                <\/div>\n            <div class=\"video-description p-2\">\n                Tah\u0131l oluklama sistemindeki nemi \u00f6l\u00e7en Hydro-Mix sens\u00f6r\u00fc            <\/div>\n        <\/div>\n                    <div class=\"video-container\">\n            <div class=\"video-preview ratio ratio-16x9\">\n                                <lite-vimeo videoid=\"1058564043\" style=\"background-image:url('https:\/\/i.vimeocdn.com\/video\/1984805032-54e7b3666727846cf68493fc2e8e18cce698b68e63f9ff10592184a14b0c12e9-d_295x166?region=us');\"><\/lite-vimeo>\n                                <\/div>\n            <div class=\"video-description p-2\">\n                Tah\u0131l oluklama sisteminde nem \u00f6l\u00e7\u00fcm\u00fc            <\/div>\n        <\/div>\n                    <div class=\"video-container\">\n            <div class=\"video-preview ratio ratio-16x9\">\n                                <lite-vimeo videoid=\"236551434\" style=\"background-image:url('https:\/\/i.vimeocdn.com\/video\/658960129-6f92b7b3553f03471d0c43574f3cad82d7cc1a5a067185eeab756cff512a8b76-d_295x166?region=us');\"><\/lite-vimeo>\n                                <\/div>\n            <div class=\"video-description p-2\">\n                Tah\u0131l\u0131n Nemini \u00d6l\u00e7er &#8211; Zincirli konvey\u00f6re tak\u0131lan Hydronix sens\u00f6r\u00fc            <\/div>\n        <\/div>\n                    <div class=\"video-container\">\n            <div class=\"video-preview ratio ratio-16x9\">\n                                <lite-vimeo videoid=\"238045049\" style=\"background-image:url('https:\/\/i.vimeocdn.com\/video\/660631353-ffeb5152be64c3ccc17acbfb0e49f088889443bc28ab37fc233b00acaa0a7968-d_295x166?region=us');\"><\/lite-vimeo>\n                                <\/div>\n            <div class=\"video-description p-2\">\n                Hydronix Sens\u00f6r\u00fc kullanarak konvey\u00f6rdeki pirincin nemini \u00f6l\u00e7me            <\/div>\n        <\/div>\n            <\/div>    <\/div>\n<\/section>\n<script type=module src=\"https:\/\/www.hydronix.com\/wp-content\/themes\/cb-hydronix\/js\/lite-vimeo.js\" defer><\/script>\n\n\n<style>\n.video-grid {\n    display: grid;\n    gap: 1rem;\n}\n@media (min-width:992px) {\n    .video-grid {\n        grid-template-columns: repeat(2, 1fr);\n    }\n}\n@media (min-width:1200px) {\n    .video-grid {\n        grid-template-columns: repeat(3, 1fr);\n    }\n}\nlite-vimeo {\n    background-size: cover;\n    background-position: center;\n    background-repeat: no-repeat;\n}\n.video-description {\n    background-color: #0078a9;\n    color: white;\n    min-height: 4rem;\n}\n<\/style>\n<section class=\"three_col_video py-5  \">\n    <div class=\"container-xl\">\n                <h2>Ka\u011f\u0131t Hamuru<\/h2>\n            <div class=\"video-grid\">        <div class=\"video-container\">\n            <div class=\"video-preview ratio ratio-16x9\">\n                                <lite-vimeo videoid=\"564077707\" style=\"background-image:url('https:\/\/i.vimeocdn.com\/video\/1166126551-4d0ffc94686de9dd3c96bc804a192a9299d97c3fb7017345a52134a67db81910-d_295x166?region=us');\"><\/lite-vimeo>\n                                <\/div>\n            <div class=\"video-description p-2\">\n                At\u0131k ka\u011f\u0131tta Hydro-Skid \u00fczerinde Hydro-Mix            <\/div>\n        <\/div>\n            <\/div>    <\/div>\n<\/section>\n<script type=module src=\"https:\/\/www.hydronix.com\/wp-content\/themes\/cb-hydronix\/js\/lite-vimeo.js\" defer><\/script>\n\n\n<style>\n.video-grid {\n    display: grid;\n    gap: 1rem;\n}\n@media (min-width:992px) {\n    .video-grid {\n        grid-template-columns: repeat(2, 1fr);\n    }\n}\n@media (min-width:1200px) {\n    .video-grid {\n        grid-template-columns: repeat(3, 1fr);\n    }\n}\nlite-vimeo {\n    background-size: cover;\n    background-position: center;\n    background-repeat: no-repeat;\n}\n.video-description {\n    background-color: #0078a9;\n    color: white;\n    min-height: 4rem;\n}\n<\/style>\n<section class=\"three_col_video py-5  \">\n    <div class=\"container-xl\">\n                <h2>\u00dcr\u00fcn Tan\u0131t\u0131mlar\u0131<\/h2>\n            <div class=\"video-grid\">        <div class=\"video-container\">\n            <div class=\"video-preview ratio ratio-16x9\">\n                                <lite-vimeo videoid=\"542033460\" style=\"background-image:url('https:\/\/i.vimeocdn.com\/video\/1122179390-2f192ad3b460c9d5c0c80a47d19a8719de55d2c59a4c7ccf9e2995a250bf918b-d_295x166?region=us');\"><\/lite-vimeo>\n                                <\/div>\n            <div class=\"video-description p-2\">\n                Hydro-Mix XT-EX, end\u00fcstriyel tehlikeli konumlar i\u00e7in hassas nem sens\u00f6r\u00fc            <\/div>\n        <\/div>\n                    <div class=\"video-container\">\n            <div class=\"video-preview ratio ratio-16x9\">\n                                <lite-vimeo videoid=\"769813200\" style=\"background-image:url('https:\/\/i.vimeocdn.com\/video\/1545113598-0f1893b1f8a8b79d4399cc2a4dfd61cee20c0ae5f52f3d3eabdf5c4251cc6614-d_295x166?region=us');\"><\/lite-vimeo>\n                                <\/div>\n            <div class=\"video-description p-2\">\n                Hydro-Mix HT-EX, end\u00fcstriyel tehlikeli konumlar i\u00e7in Y\u00fcksek S\u0131cakl\u0131k sens\u00f6r\u00fc            <\/div>\n        <\/div>\n                    <div class=\"video-container\">\n            <div class=\"video-preview ratio ratio-16x9\">\n                                <lite-vimeo videoid=\"769841773\" style=\"background-image:url('https:\/\/i.vimeocdn.com\/video\/1545162608-a27751f535bd4c02b502d8c0c290cff397a25e743fea4cdb6cf8c5f94a568212-d_295x166?region=us');\"><\/lite-vimeo>\n                                <\/div>\n            <div class=\"video-description p-2\">\n                Hydro-Mix XT-FS, s\u0131va alt\u0131 monteli, g\u0131dayla temasa uygun dijital mikrodalga nem sens\u00f6r\u00fc            <\/div>\n        <\/div>\n            <\/div>    <\/div>\n<\/section>\n<script type=module src=\"https:\/\/www.hydronix.com\/wp-content\/themes\/cb-hydronix\/js\/lite-vimeo.js\" defer><\/script>\n","protected":false},"excerpt":{"rendered":"<p>A\u015fa\u011f\u0131daki videolar, \u00fcr\u00fcn tan\u0131t\u0131mlar\u0131n\u0131 ve farkl\u0131 uygulamalara kurulan Hydronix nem sens\u00f6rlerinin \u00f6rneklerini i\u00e7ermektedir. Uygulamalar ve kurulumla ilgili daha fazla bilgi i\u00e7in l\u00fctfen&nbsp;bize ula\u015f\u0131n. [&#8230;]<\/p>\n<p><a class=\"btn btn-secondary understrap-read-more-link\" href=\"https:\/\/www.hydronix.com\/tr\/kaynaklar\/hydronix-video-kitapligi\/\">Daha fazlas\u0131n\u0131 oku\u2026<span class=\"screen-reader-text\"> from Hydronix Video Kitapl\u0131\u011f\u0131<\/span><\/a><\/p>\n","protected":false},"author":1,"featured_media":0,"parent":31016,"menu_order":224,"comment_status":"closed","ping_status":"closed","template":"page-templates\/fullwidthpage.php","meta":{"_acf_changed":false,"content-type":"","inline_featured_image":false,"footnotes":""},"industries":[],"process":[],"class_list":["post-31389","page","type-page","status-publish","hentry"],"acf":[],"yoast_head":"<!-- This site is optimized with the Yoast SEO plugin v27.1.1 - https:\/\/yoast.com\/product\/yoast-seo-wordpress\/ -->\n<title>Hydronix Video Kitapl\u0131\u011f\u0131 - Hydronix<\/title>\n<meta name=\"description\" content=\"Hydronix video kitapl\u0131\u011f\u0131nda \u00e7ok \u00e7e\u015fitli end\u00fcstrilere ve uygulamalara y\u00f6nelik end\u00fcstri lideri mikrodalga nem sens\u00f6rleri tan\u0131t\u0131lmaktad\u0131r.\" \/>\n<meta name=\"robots\" content=\"index, follow, max-snippet:-1, max-image-preview:large, max-video-preview:-1\" \/>\n<link rel=\"canonical\" href=\"https:\/\/www.hydronix.com\/tr\/kaynaklar\/hydronix-video-kitapligi\/\" \/>\n<meta property=\"og:locale\" content=\"tr_TR\" \/>\n<meta property=\"og:type\" content=\"article\" \/>\n<meta property=\"og:title\" content=\"Hydronix Video Kitapl\u0131\u011f\u0131 - Hydronix\" \/>\n<meta property=\"og:description\" content=\"Hydronix video kitapl\u0131\u011f\u0131nda \u00e7ok \u00e7e\u015fitli end\u00fcstrilere ve uygulamalara y\u00f6nelik end\u00fcstri lideri mikrodalga nem sens\u00f6rleri tan\u0131t\u0131lmaktad\u0131r.\" \/>\n<meta property=\"og:url\" content=\"https:\/\/www.hydronix.com\/tr\/kaynaklar\/hydronix-video-kitapligi\/\" \/>\n<meta property=\"og:site_name\" content=\"Hydronix\" \/>\n<meta property=\"article:modified_time\" content=\"2025-02-20T15:17:32+00:00\" \/>\n<meta name=\"twitter:card\" content=\"summary_large_image\" \/>\n<meta name=\"twitter:label1\" content=\"Tahmini okuma s\u00fcresi\" \/>\n\t<meta name=\"twitter:data1\" content=\"1 dakika\" \/>\n<script type=\"application\/ld+json\" class=\"yoast-schema-graph\">{\"@context\":\"https:\/\/schema.org\",\"@graph\":[{\"@type\":\"WebPage\",\"@id\":\"https:\/\/www.hydronix.com\/tr\/kaynaklar\/hydronix-video-kitapligi\/\",\"url\":\"https:\/\/www.hydronix.com\/tr\/kaynaklar\/hydronix-video-kitapligi\/\",\"name\":\"Hydronix Video Kitapl\u0131\u011f\u0131 - Hydronix\",\"isPartOf\":{\"@id\":\"https:\/\/www.hydronix.com\/tr\/#website\"},\"datePublished\":\"2022-09-12T15:36:48+00:00\",\"dateModified\":\"2025-02-20T15:17:32+00:00\",\"description\":\"Hydronix video kitapl\u0131\u011f\u0131nda \u00e7ok \u00e7e\u015fitli end\u00fcstrilere ve uygulamalara y\u00f6nelik end\u00fcstri lideri mikrodalga nem sens\u00f6rleri tan\u0131t\u0131lmaktad\u0131r.\",\"breadcrumb\":{\"@id\":\"https:\/\/www.hydronix.com\/tr\/kaynaklar\/hydronix-video-kitapligi\/#breadcrumb\"},\"inLanguage\":\"tr\",\"potentialAction\":[{\"@type\":\"ReadAction\",\"target\":[\"https:\/\/www.hydronix.com\/tr\/kaynaklar\/hydronix-video-kitapligi\/\"]}]},{\"@type\":\"BreadcrumbList\",\"@id\":\"https:\/\/www.hydronix.com\/tr\/kaynaklar\/hydronix-video-kitapligi\/#breadcrumb\",\"itemListElement\":[{\"@type\":\"ListItem\",\"position\":1,\"name\":\"Home\",\"item\":\"https:\/\/www.hydronix.com\/tr\/\"},{\"@type\":\"ListItem\",\"position\":2,\"name\":\"Kaynaklar\",\"item\":\"https:\/\/www.hydronix.com\/tr\/resources\/\"},{\"@type\":\"ListItem\",\"position\":3,\"name\":\"Hydronix Video Kitapl\u0131\u011f\u0131\"}]},{\"@type\":\"WebSite\",\"@id\":\"https:\/\/www.hydronix.com\/tr\/#website\",\"url\":\"https:\/\/www.hydronix.com\/tr\/\",\"name\":\"Hydronix\",\"description\":\"Your partner in moisture measurement\",\"potentialAction\":[{\"@type\":\"SearchAction\",\"target\":{\"@type\":\"EntryPoint\",\"urlTemplate\":\"https:\/\/www.hydronix.com\/tr\/?s={search_term_string}\"},\"query-input\":{\"@type\":\"PropertyValueSpecification\",\"valueRequired\":true,\"valueName\":\"search_term_string\"}}],\"inLanguage\":\"tr\"}]}<\/script>\n<!-- \/ Yoast SEO plugin. -->","yoast_head_json":{"title":"Hydronix Video Kitapl\u0131\u011f\u0131 - Hydronix","description":"Hydronix video kitapl\u0131\u011f\u0131nda \u00e7ok \u00e7e\u015fitli end\u00fcstrilere ve uygulamalara y\u00f6nelik end\u00fcstri lideri mikrodalga nem sens\u00f6rleri tan\u0131t\u0131lmaktad\u0131r.","robots":{"index":"index","follow":"follow","max-snippet":"max-snippet:-1","max-image-preview":"max-image-preview:large","max-video-preview":"max-video-preview:-1"},"canonical":"https:\/\/www.hydronix.com\/tr\/kaynaklar\/hydronix-video-kitapligi\/","og_locale":"tr_TR","og_type":"article","og_title":"Hydronix Video Kitapl\u0131\u011f\u0131 - Hydronix","og_description":"Hydronix video kitapl\u0131\u011f\u0131nda \u00e7ok \u00e7e\u015fitli end\u00fcstrilere ve uygulamalara y\u00f6nelik end\u00fcstri lideri mikrodalga nem sens\u00f6rleri tan\u0131t\u0131lmaktad\u0131r.","og_url":"https:\/\/www.hydronix.com\/tr\/kaynaklar\/hydronix-video-kitapligi\/","og_site_name":"Hydronix","article_modified_time":"2025-02-20T15:17:32+00:00","twitter_card":"summary_large_image","twitter_misc":{"Tahmini okuma s\u00fcresi":"1 dakika"},"schema":{"@context":"https:\/\/schema.org","@graph":[{"@type":"WebPage","@id":"https:\/\/www.hydronix.com\/tr\/kaynaklar\/hydronix-video-kitapligi\/","url":"https:\/\/www.hydronix.com\/tr\/kaynaklar\/hydronix-video-kitapligi\/","name":"Hydronix Video Kitapl\u0131\u011f\u0131 - Hydronix","isPartOf":{"@id":"https:\/\/www.hydronix.com\/tr\/#website"},"datePublished":"2022-09-12T15:36:48+00:00","dateModified":"2025-02-20T15:17:32+00:00","description":"Hydronix video kitapl\u0131\u011f\u0131nda \u00e7ok \u00e7e\u015fitli end\u00fcstrilere ve uygulamalara y\u00f6nelik end\u00fcstri lideri mikrodalga nem sens\u00f6rleri tan\u0131t\u0131lmaktad\u0131r.","breadcrumb":{"@id":"https:\/\/www.hydronix.com\/tr\/kaynaklar\/hydronix-video-kitapligi\/#breadcrumb"},"inLanguage":"tr","potentialAction":[{"@type":"ReadAction","target":["https:\/\/www.hydronix.com\/tr\/kaynaklar\/hydronix-video-kitapligi\/"]}]},{"@type":"BreadcrumbList","@id":"https:\/\/www.hydronix.com\/tr\/kaynaklar\/hydronix-video-kitapligi\/#breadcrumb","itemListElement":[{"@type":"ListItem","position":1,"name":"Home","item":"https:\/\/www.hydronix.com\/tr\/"},{"@type":"ListItem","position":2,"name":"Kaynaklar","item":"https:\/\/www.hydronix.com\/tr\/resources\/"},{"@type":"ListItem","position":3,"name":"Hydronix Video Kitapl\u0131\u011f\u0131"}]},{"@type":"WebSite","@id":"https:\/\/www.hydronix.com\/tr\/#website","url":"https:\/\/www.hydronix.com\/tr\/","name":"Hydronix","description":"Your partner in moisture measurement","potentialAction":[{"@type":"SearchAction","target":{"@type":"EntryPoint","urlTemplate":"https:\/\/www.hydronix.com\/tr\/?s={search_term_string}"},"query-input":{"@type":"PropertyValueSpecification","valueRequired":true,"valueName":"search_term_string"}}],"inLanguage":"tr"}]}},"_links":{"self":[{"href":"https:\/\/www.hydronix.com\/tr\/wp-json\/wp\/v2\/pages\/31389","targetHints":{"allow":["GET"]}}],"collection":[{"href":"https:\/\/www.hydronix.com\/tr\/wp-json\/wp\/v2\/pages"}],"about":[{"href":"https:\/\/www.hydronix.com\/tr\/wp-json\/wp\/v2\/types\/page"}],"author":[{"embeddable":true,"href":"https:\/\/www.hydronix.com\/tr\/wp-json\/wp\/v2\/users\/1"}],"replies":[{"embeddable":true,"href":"https:\/\/www.hydronix.com\/tr\/wp-json\/wp\/v2\/comments?post=31389"}],"version-history":[{"count":3,"href":"https:\/\/www.hydronix.com\/tr\/wp-json\/wp\/v2\/pages\/31389\/revisions"}],"predecessor-version":[{"id":39370,"href":"https:\/\/www.hydronix.com\/tr\/wp-json\/wp\/v2\/pages\/31389\/revisions\/39370"}],"up":[{"embeddable":true,"href":"https:\/\/www.hydronix.com\/tr\/wp-json\/wp\/v2\/pages\/31016"}],"wp:attachment":[{"href":"https:\/\/www.hydronix.com\/tr\/wp-json\/wp\/v2\/media?parent=31389"}],"wp:term":[{"taxonomy":"industries","embeddable":true,"href":"https:\/\/www.hydronix.com\/tr\/wp-json\/wp\/v2\/industries?post=31389"},{"taxonomy":"process","embeddable":true,"href":"https:\/\/www.hydronix.com\/tr\/wp-json\/wp\/v2\/process?post=31389"}],"curies":[{"name":"wp","href":"https:\/\/api.w.org\/{rel}","templated":true}]}}