{"id":31259,"date":"2022-09-12T15:08:18","date_gmt":"2022-09-12T15:08:18","guid":{"rendered":"https:\/\/hydronix.chilliservers.co.uk\/prosesler\/su-kimyasal-ekleme\/"},"modified":"2023-11-27T12:50:02","modified_gmt":"2023-11-27T12:50:02","slug":"su-kimyasal-ekleme","status":"publish","type":"page","link":"https:\/\/www.hydronix.com\/tr\/prosesler\/su-kimyasal-ekleme\/","title":{"rendered":"Su \/ Kimyasal Ekleme"},"content":{"rendered":"<!-- icon_hero -->\n<section class=\"application_hero d-flex py-5\" style=\"background-image:url(https:\/\/www.hydronix.com\/wp-content\/uploads\/2022\/09\/process-bg-water-chemical-addition.jpg)\">\n    <div class=\"overlay\"><\/div>\n    <div class=\"container my-auto\">\n        <div class=\"row\">\n            <div class=\"col-lg-2\"><img decoding=\"async\" src=\"https:\/\/www.hydronix.com\/wp-content\/themes\/cb-hydronix\/img\/icons\/icon__water-chemical-addition--wo.svg\" class=\"w-50 w-lg-100\"><\/div>\n            <div class=\"col-lg-10 d-flex hero__content\"><h1 class=\"my-auto text-white\">Su \/ Kimyasal Ekleme<\/h1><\/div>\n        <\/div>\n    <\/div>\n<\/section>\n<section class=\"sub_page_title py-1 mb-4\">\n    <div class=\"container-xl\">\n        <p id=\"breadcrumbs\"><span><span><a href=\"https:\/\/www.hydronix.com\/tr\/\">Home<\/a><\/span><\/span><\/p>    <\/div>\n<\/section>\n\n\n<!-- process_overview -->\n<section class=\"process_overview mb-4\">\n    <div class=\"container-xl\">\n        <div class=\"row g-4\">\n            <div class=\"col-md-6\">\n                <h2 class=\"fs-3 mb-4\">Genel Bak\u0131\u015f<\/h2>\n                <p>Malzeme ak\u0131\u015flar\u0131ndaki nem, sonraki prosesleri etkileyebilir. Nem i\u00e7eri\u011finin genellikle ak\u0131\u015fa su veya kimyasal madde ilave ederek ayarlanmas\u0131 gerekir. Do\u011fru hedef nemi elde etmek i\u00e7in su ilave edilebilir veya suyun etkilerini telafi etmek i\u00e7in kimyasallar ilave edilebilir.<\/p>\n            <\/div>\n            <div class=\"col-md-6\">\n                <h2 class=\"fs-3 mb-4\">Faydalar\u0131<\/h2>\n                <div class=\"process_benefits mb-4\">\n                    <div class=\"card\">\n                    <ul class=\"mb-0\"><li>Mikotoksinleri, bozulmay\u0131, tane k\u00fc\u00e7\u00fclmesini ve \u0131s\u0131 lekelerini \u00f6nleyin<\/li><li>Verimi art\u0131r\u0131n<\/li><li>\u00c7\u0131kan \u00fcr\u00fcnlerdeki farkl\u0131l\u0131\u011f\u0131 azalt\u0131n<\/li><li>Enerji t\u00fcketimini ve emisyonlar\u0131 azalt\u0131n<\/li><\/ul>                    <\/div>\n                <\/div>\n                <h2 class=\"fs-3 mb-4\">Kurulum Noktalar\u0131<\/h2>\n                <div class=\"row g-4 justify-content-center installation_points installations\">\n                    <div class=\"col-sm-4 text-center\">\n                                                <div class=\"card\">\n                            <img decoding=\"async\" src=\"https:\/\/www.hydronix.com\/wp-content\/themes\/cb-hydronix\/img\/icon--input.svg\" alt=\"\">\n                            Girdi                        <\/div>\n                    <\/div>\n                    <div class=\"col-sm-4 text-center\">\n                                                <div class=\"card\">\n                            <img decoding=\"async\" src=\"https:\/\/www.hydronix.com\/wp-content\/themes\/cb-hydronix\/img\/icon--in-process.svg\" alt=\"\">\n                                Proses S\u0131ras\u0131nda                        <\/div>\n                    <\/div>\n                    <div class=\"col-sm-4 text-center\">\n                                                <div class=\"card\">\n                            <img decoding=\"async\" src=\"https:\/\/www.hydronix.com\/wp-content\/themes\/cb-hydronix\/img\/icon--output.svg\" alt=\"\">\n                                \u00c7\u0131kt\u0131                        <\/div>\n                    <\/div>\n                <\/div>\n            <\/div>\n        <\/div>\n    <\/div>\n<\/section>\n\n<!-- application_icons -->\n<section class=\"bg--blue-100  py-4\">\n<div class=\"container py-4\">\n    <h2 class=\"fs-4 text-center mb-4\">Standart Uygulamalar<\/h2>\n    <div class=\"applications row g-4\">\n                <div class=\"col-sm-4 col-lg-2 applications__card active\">\n            <a href=\"\/tr\/olcum\/beton-insaat\/\">\n                <img decoding=\"async\" src=\"https:\/\/www.hydronix.com\/wp-content\/themes\/cb-hydronix\/img\/icons\/icon__concrete-construction--blue.svg\" alt=\"X --blue\">\n                <div class=\"applications__title\">Beton ve \u0130n\u015faat<\/div>\n            <\/a>\n        <\/div>\n                    <div class=\"col-sm-4 col-lg-2 applications__card active\">\n            <a href=\"\/tr\/olcum\/gidalar-icin-guvenli\/\">\n                <img decoding=\"async\" src=\"https:\/\/www.hydronix.com\/wp-content\/themes\/cb-hydronix\/img\/icons\/icon__food-safe--blue.svg\" alt=\"X --blue\">\n                <div class=\"applications__title\">G\u0131dalar i\u00e7in G\u00fcvenli<\/div>\n            <\/a>\n        <\/div>\n                    <div class=\"col-sm-4 col-lg-2 applications__card \">\n            <a href=\"\/tr\/olcum\/patlayici-ortam\/\">\n                <img decoding=\"async\" src=\"https:\/\/www.hydronix.com\/wp-content\/themes\/cb-hydronix\/img\/icons\/icon__explosive-atmosphere--grey.svg\" alt=\"X --grey\">\n                <div class=\"applications__title\">Patlay\u0131c\u0131 Ortam<\/div>\n            <\/a>\n        <\/div>\n                    <div class=\"col-sm-4 col-lg-2 applications__card active\">\n            <a href=\"\/tr\/olcum\/sivilar\/\">\n                <img decoding=\"async\" src=\"https:\/\/www.hydronix.com\/wp-content\/themes\/cb-hydronix\/img\/icons\/icon__liquids--blue.svg\" alt=\"X --blue\">\n                <div class=\"applications__title\">S\u0131v\u0131lar<\/div>\n            <\/a>\n        <\/div>\n                    <div class=\"col-sm-4 col-lg-2 applications__card active\">\n            <a href=\"\/tr\/olcum\/tahillar-ve-ambalajsiz-kati-malzemeler\/\">\n                <img decoding=\"async\" src=\"https:\/\/www.hydronix.com\/wp-content\/themes\/cb-hydronix\/img\/icons\/icon__grain-bulk-solids--blue.svg\" alt=\"X --blue\">\n                <div class=\"applications__title\">Tah\u0131llar ve Ambalajs\u0131z Kat\u0131 Malzemeler<\/div>\n            <\/a>\n        <\/div>\n                    <div class=\"col-sm-4 col-lg-2 applications__card \">\n            <a href=\"\/tr\/olcum\/yuksek-sicaklik\/\">\n                <img decoding=\"async\" src=\"https:\/\/www.hydronix.com\/wp-content\/themes\/cb-hydronix\/img\/icons\/icon__high-temperature--grey.svg\" alt=\"X --grey\">\n                <div class=\"applications__title\">Y\u00fcksek S\u0131cakl\u0131k<\/div>\n            <\/a>\n        <\/div>\n                <\/div>\n<\/div>\n<\/section>\n\n<!-- products_by_process -->\n<section class=\"prod_by_app products pb-5\">\n    <div class=\"container-xl\">\n        <h2>\u0130lgili \u00dcr\u00fcnler<\/h2>\n        <div class=\"row g-3\">\n\n    <div class=\"col-sm-6 col-lg-3\">\n        <a class=\"product__card\" href=\"https:\/\/www.hydronix.com\/tr\/products\/hydro-mix\/\">\n        <img decoding=\"async\" src=\"https:\/\/www.hydronix.com\/wp-content\/uploads\/2022\/10\/hm08-hero-300x169.png\">\n            <div class=\"mb-2 fw-bold\">Hydro-Mix<\/div>\n            <div class=\"mb-2 product__subtitle\">Nem sens\u00f6r\u00fc: Mikserler ve konvey\u00f6rler i\u00e7in s\u0131va alt\u0131 montaj<\/div>\n            <div class=\"badges\">\n                            <\/div>        <\/a>\n    <\/div>\n        <div class=\"col-sm-6 col-lg-3\">\n        <a class=\"product__card\" href=\"https:\/\/www.hydronix.com\/tr\/products\/hydro-probe\/\">\n        <img decoding=\"async\" src=\"https:\/\/www.hydronix.com\/wp-content\/uploads\/2022\/09\/Hydro-Probe-300x169.png\">\n            <div class=\"mb-2 fw-bold\">Hydro-Probe<\/div>\n            <div class=\"mb-2 product__subtitle\">Nem sens\u00f6r\u00fc: Bunkerler ve kanallar i\u00e7in<\/div>\n            <div class=\"badges\">\n                            <\/div>        <\/a>\n    <\/div>\n        <div class=\"col-sm-6 col-lg-3\">\n        <a class=\"product__card\" href=\"https:\/\/www.hydronix.com\/tr\/products\/hydro-mix-xt-ex\/\">\n        <img decoding=\"async\" src=\"https:\/\/www.hydronix.com\/wp-content\/uploads\/2022\/11\/hmxtex-front-right-persp-300x169.png\">\n            <div class=\"mb-2 fw-bold\">Hydro-Mix XT-EX<\/div>\n            <div class=\"mb-2 product__subtitle\">Nem sens\u00f6r\u00fc: S\u0131va alt\u0131 montaj. 60\u00b0C&#8217;ye kadar i\u015flem s\u0131cakl\u0131\u011f\u0131 (B\u00f6lge 20\/21)<\/div>\n            <div class=\"badges\">\n                                        <div class=\"badge badge--atex\"><\/div>\n                        <div class=\"badge badge--etl\"><\/div>\n                                    <\/div>        <\/a>\n    <\/div>\n        <div class=\"col-sm-6 col-lg-3\">\n        <a class=\"product__card\" href=\"https:\/\/www.hydronix.com\/tr\/products\/hydro-mix-ht\/\">\n        <img decoding=\"async\" src=\"https:\/\/www.hydronix.com\/wp-content\/uploads\/2022\/11\/hmht01-front-persp-300x169.png\">\n            <div class=\"mb-2 fw-bold\">Hydro-Mix HT<\/div>\n            <div class=\"mb-2 product__subtitle\">Nem sens\u00f6r\u00fc: 120\u00b0C&#8217;ye kadar i\u015flem s\u0131cakl\u0131\u011f\u0131 aral\u0131\u011f\u0131<\/div>\n            <div class=\"badges\">\n                                        <div class=\"badge badge--high-temp\"><\/div>\n                                    <\/div>        <\/a>\n    <\/div>\n        <div class=\"col-sm-6 col-lg-3\">\n        <a class=\"product__card\" href=\"https:\/\/www.hydronix.com\/tr\/products\/hydro-mix-ht-ex\/\">\n        <img decoding=\"async\" src=\"https:\/\/www.hydronix.com\/wp-content\/uploads\/2022\/10\/hmhtex-left-persp-300x169.png\">\n            <div class=\"mb-2 fw-bold\">Hydro-Mix HT-EX<\/div>\n            <div class=\"mb-2 product__subtitle\">Nem sens\u00f6r\u00fc: S\u0131va alt\u0131 montaj. 120\u00b0C&#8217;ye kadar i\u015flem s\u0131cakl\u0131\u011f\u0131 (B\u00f6lge 20)<\/div>\n            <div class=\"badges\">\n                                        <div class=\"badge badge--atex\"><\/div>\n                        <div class=\"badge badge--etl\"><\/div>\n                                                <div class=\"badge badge--high-temp\"><\/div>\n                                    <\/div>        <\/a>\n    <\/div>\n        <div class=\"col-sm-6 col-lg-3\">\n        <a class=\"product__card\" href=\"https:\/\/www.hydronix.com\/tr\/products\/hydro-mix-xt\/\">\n        <img decoding=\"async\" src=\"https:\/\/www.hydronix.com\/wp-content\/uploads\/2022\/09\/HMXTFS-300x169.png\">\n            <div class=\"mb-2 fw-bold\">Hydro-Mix XT<\/div>\n            <div class=\"mb-2 product__subtitle\">Nem sens\u00f6r\u00fc: Mikserler ve konvey\u00f6rler i\u00e7in s\u0131va alt\u0131 montaj<\/div>\n            <div class=\"badges\">\n                            <\/div>        <\/a>\n    <\/div>\n        <div class=\"col-sm-6 col-lg-3\">\n        <a class=\"product__card\" href=\"https:\/\/www.hydronix.com\/tr\/products\/hydro-mix-xt-fs\/\">\n        <img decoding=\"async\" src=\"https:\/\/www.hydronix.com\/wp-content\/uploads\/2022\/09\/hmxtfs-front-300x169.png\">\n            <div class=\"mb-2 fw-bold\">Hydro-Mix XT-FS<\/div>\n            <div class=\"mb-2 product__subtitle\">Nem sens\u00f6r\u00fc: Mikserler ve konvey\u00f6rler i\u00e7in G\u0131da G\u00fcvenli s\u0131va alt\u0131 montaj<\/div>\n            <div class=\"badges\">\n                                        <div class=\"badge badge--food-safe\"><\/div>\n                                    <\/div>        <\/a>\n    <\/div>\n        <div class=\"col-sm-6 col-lg-3\">\n        <a class=\"product__card\" href=\"https:\/\/www.hydronix.com\/tr\/products\/hydro-probe-xt\/\">\n        <img decoding=\"async\" src=\"https:\/\/www.hydronix.com\/wp-content\/uploads\/2023\/03\/HDX_HPXT_PerspL_5617transp_1600px-300x151.png\">\n            <div class=\"mb-2 fw-bold\">Hydro-Probe XT<\/div>\n            <div class=\"mb-2 product__subtitle\">Nem sens\u00f6r\u00fc: Bunkerler, kanallar ve konvey\u00f6r bantlar\u0131 i\u00e7in<\/div>\n            <div class=\"badges\">\n                            <\/div>        <\/a>\n    <\/div>\n        <div class=\"col-sm-6 col-lg-3\">\n        <a class=\"product__card\" href=\"https:\/\/www.hydronix.com\/tr\/products\/hydro-probe-bx\/\">\n        <img decoding=\"async\" src=\"https:\/\/www.hydronix.com\/wp-content\/uploads\/2023\/06\/HDX_HPBX_PerspR_5679transp-e1688129840655-300x148.png\">\n            <div class=\"mb-2 fw-bold\">Hydro-Probe BX<\/div>\n            <div class=\"mb-2 product__subtitle\">Briks, nem ve \u00e7\u00f6z\u00fcnm\u00fc\u015f kat\u0131 madde sens\u00f6r\u00fc: Bas\u0131n\u00e7l\u0131 tanklara monte edilmeye uygun<\/div>\n            <div class=\"badges\">\n                            <\/div>        <\/a>\n    <\/div>\n            <\/div>\n    <\/div>\n<\/section>","protected":false},"excerpt":{"rendered":"<p> [&#8230;]<\/p>\n<p><a class=\"btn btn-secondary understrap-read-more-link\" href=\"https:\/\/www.hydronix.com\/tr\/prosesler\/su-kimyasal-ekleme\/\">Daha fazlas\u0131n\u0131 oku\u2026<span class=\"screen-reader-text\"> from Su \/ Kimyasal Ekleme<\/span><\/a><\/p>\n","protected":false},"author":1,"featured_media":0,"parent":31141,"menu_order":709,"comment_status":"closed","ping_status":"closed","template":"","meta":{"_acf_changed":false,"content-type":"","inline_featured_image":false,"footnotes":""},"industries":[],"process":[],"class_list":["post-31259","page","type-page","status-publish","hentry"],"acf":[],"yoast_head":"<!-- This site is optimized with the Yoast SEO plugin v27.1.1 - https:\/\/yoast.com\/product\/yoast-seo-wordpress\/ -->\n<title>Su \/ Kimyasal Ekleme - Hydronix<\/title>\n<meta name=\"description\" content=\"Nem i\u00e7eri\u011finin \u00f6l\u00e7\u00fclmesi, hedef neme ula\u015fmak i\u00e7in do\u011fru miktarda su veya kimyasal ilave edilmesini sa\u011flar.\" \/>\n<meta name=\"robots\" content=\"index, follow, max-snippet:-1, max-image-preview:large, max-video-preview:-1\" \/>\n<link rel=\"canonical\" href=\"https:\/\/www.hydronix.com\/tr\/prosesler\/su-kimyasal-ekleme\/\" \/>\n<meta property=\"og:locale\" content=\"tr_TR\" \/>\n<meta property=\"og:type\" content=\"article\" \/>\n<meta property=\"og:title\" content=\"Su \/ Kimyasal Ekleme - Hydronix\" \/>\n<meta property=\"og:description\" content=\"Nem i\u00e7eri\u011finin \u00f6l\u00e7\u00fclmesi, hedef neme ula\u015fmak i\u00e7in do\u011fru miktarda su veya kimyasal ilave edilmesini sa\u011flar.\" \/>\n<meta property=\"og:url\" content=\"https:\/\/www.hydronix.com\/tr\/prosesler\/su-kimyasal-ekleme\/\" \/>\n<meta property=\"og:site_name\" content=\"Hydronix\" \/>\n<meta property=\"article:modified_time\" content=\"2023-11-27T12:50:02+00:00\" \/>\n<meta name=\"twitter:card\" content=\"summary_large_image\" \/>\n<script type=\"application\/ld+json\" class=\"yoast-schema-graph\">{\"@context\":\"https:\/\/schema.org\",\"@graph\":[{\"@type\":\"WebPage\",\"@id\":\"https:\/\/www.hydronix.com\/tr\/prosesler\/su-kimyasal-ekleme\/\",\"url\":\"https:\/\/www.hydronix.com\/tr\/prosesler\/su-kimyasal-ekleme\/\",\"name\":\"Su \/ Kimyasal Ekleme - Hydronix\",\"isPartOf\":{\"@id\":\"https:\/\/www.hydronix.com\/tr\/#website\"},\"datePublished\":\"2022-09-12T15:08:18+00:00\",\"dateModified\":\"2023-11-27T12:50:02+00:00\",\"description\":\"Nem i\u00e7eri\u011finin \u00f6l\u00e7\u00fclmesi, hedef neme ula\u015fmak i\u00e7in do\u011fru miktarda su veya kimyasal ilave edilmesini sa\u011flar.\",\"breadcrumb\":{\"@id\":\"https:\/\/www.hydronix.com\/tr\/prosesler\/su-kimyasal-ekleme\/#breadcrumb\"},\"inLanguage\":\"tr\",\"potentialAction\":[{\"@type\":\"ReadAction\",\"target\":[\"https:\/\/www.hydronix.com\/tr\/prosesler\/su-kimyasal-ekleme\/\"]}]},{\"@type\":\"BreadcrumbList\",\"@id\":\"https:\/\/www.hydronix.com\/tr\/prosesler\/su-kimyasal-ekleme\/#breadcrumb\",\"itemListElement\":[{\"@type\":\"ListItem\",\"position\":1,\"name\":\"Home\",\"item\":\"https:\/\/www.hydronix.com\/tr\/\"},{\"@type\":\"ListItem\",\"position\":2,\"name\":\"Prosesler\",\"item\":\"https:\/\/www.hydronix.com\/tr\/prosesler\/\"},{\"@type\":\"ListItem\",\"position\":3,\"name\":\"Su \/ Kimyasal Ekleme\"}]},{\"@type\":\"WebSite\",\"@id\":\"https:\/\/www.hydronix.com\/tr\/#website\",\"url\":\"https:\/\/www.hydronix.com\/tr\/\",\"name\":\"Hydronix\",\"description\":\"Your partner in moisture measurement\",\"potentialAction\":[{\"@type\":\"SearchAction\",\"target\":{\"@type\":\"EntryPoint\",\"urlTemplate\":\"https:\/\/www.hydronix.com\/tr\/?s={search_term_string}\"},\"query-input\":{\"@type\":\"PropertyValueSpecification\",\"valueRequired\":true,\"valueName\":\"search_term_string\"}}],\"inLanguage\":\"tr\"}]}<\/script>\n<!-- \/ Yoast SEO plugin. -->","yoast_head_json":{"title":"Su \/ Kimyasal Ekleme - Hydronix","description":"Nem i\u00e7eri\u011finin \u00f6l\u00e7\u00fclmesi, hedef neme ula\u015fmak i\u00e7in do\u011fru miktarda su veya kimyasal ilave edilmesini sa\u011flar.","robots":{"index":"index","follow":"follow","max-snippet":"max-snippet:-1","max-image-preview":"max-image-preview:large","max-video-preview":"max-video-preview:-1"},"canonical":"https:\/\/www.hydronix.com\/tr\/prosesler\/su-kimyasal-ekleme\/","og_locale":"tr_TR","og_type":"article","og_title":"Su \/ Kimyasal Ekleme - Hydronix","og_description":"Nem i\u00e7eri\u011finin \u00f6l\u00e7\u00fclmesi, hedef neme ula\u015fmak i\u00e7in do\u011fru miktarda su veya kimyasal ilave edilmesini sa\u011flar.","og_url":"https:\/\/www.hydronix.com\/tr\/prosesler\/su-kimyasal-ekleme\/","og_site_name":"Hydronix","article_modified_time":"2023-11-27T12:50:02+00:00","twitter_card":"summary_large_image","schema":{"@context":"https:\/\/schema.org","@graph":[{"@type":"WebPage","@id":"https:\/\/www.hydronix.com\/tr\/prosesler\/su-kimyasal-ekleme\/","url":"https:\/\/www.hydronix.com\/tr\/prosesler\/su-kimyasal-ekleme\/","name":"Su \/ Kimyasal Ekleme - Hydronix","isPartOf":{"@id":"https:\/\/www.hydronix.com\/tr\/#website"},"datePublished":"2022-09-12T15:08:18+00:00","dateModified":"2023-11-27T12:50:02+00:00","description":"Nem i\u00e7eri\u011finin \u00f6l\u00e7\u00fclmesi, hedef neme ula\u015fmak i\u00e7in do\u011fru miktarda su veya kimyasal ilave edilmesini sa\u011flar.","breadcrumb":{"@id":"https:\/\/www.hydronix.com\/tr\/prosesler\/su-kimyasal-ekleme\/#breadcrumb"},"inLanguage":"tr","potentialAction":[{"@type":"ReadAction","target":["https:\/\/www.hydronix.com\/tr\/prosesler\/su-kimyasal-ekleme\/"]}]},{"@type":"BreadcrumbList","@id":"https:\/\/www.hydronix.com\/tr\/prosesler\/su-kimyasal-ekleme\/#breadcrumb","itemListElement":[{"@type":"ListItem","position":1,"name":"Home","item":"https:\/\/www.hydronix.com\/tr\/"},{"@type":"ListItem","position":2,"name":"Prosesler","item":"https:\/\/www.hydronix.com\/tr\/prosesler\/"},{"@type":"ListItem","position":3,"name":"Su \/ Kimyasal Ekleme"}]},{"@type":"WebSite","@id":"https:\/\/www.hydronix.com\/tr\/#website","url":"https:\/\/www.hydronix.com\/tr\/","name":"Hydronix","description":"Your partner in moisture measurement","potentialAction":[{"@type":"SearchAction","target":{"@type":"EntryPoint","urlTemplate":"https:\/\/www.hydronix.com\/tr\/?s={search_term_string}"},"query-input":{"@type":"PropertyValueSpecification","valueRequired":true,"valueName":"search_term_string"}}],"inLanguage":"tr"}]}},"_links":{"self":[{"href":"https:\/\/www.hydronix.com\/tr\/wp-json\/wp\/v2\/pages\/31259","targetHints":{"allow":["GET"]}}],"collection":[{"href":"https:\/\/www.hydronix.com\/tr\/wp-json\/wp\/v2\/pages"}],"about":[{"href":"https:\/\/www.hydronix.com\/tr\/wp-json\/wp\/v2\/types\/page"}],"author":[{"embeddable":true,"href":"https:\/\/www.hydronix.com\/tr\/wp-json\/wp\/v2\/users\/1"}],"replies":[{"embeddable":true,"href":"https:\/\/www.hydronix.com\/tr\/wp-json\/wp\/v2\/comments?post=31259"}],"version-history":[{"count":0,"href":"https:\/\/www.hydronix.com\/tr\/wp-json\/wp\/v2\/pages\/31259\/revisions"}],"up":[{"embeddable":true,"href":"https:\/\/www.hydronix.com\/tr\/wp-json\/wp\/v2\/pages\/31141"}],"wp:attachment":[{"href":"https:\/\/www.hydronix.com\/tr\/wp-json\/wp\/v2\/media?parent=31259"}],"wp:term":[{"taxonomy":"industries","embeddable":true,"href":"https:\/\/www.hydronix.com\/tr\/wp-json\/wp\/v2\/industries?post=31259"},{"taxonomy":"process","embeddable":true,"href":"https:\/\/www.hydronix.com\/tr\/wp-json\/wp\/v2\/process?post=31259"}],"curies":[{"name":"wp","href":"https:\/\/api.w.org\/{rel}","templated":true}]}}