{"id":31141,"date":"2022-09-12T14:48:56","date_gmt":"2022-09-12T14:48:56","guid":{"rendered":"https:\/\/hydronix.chilliservers.co.uk\/prosesler\/"},"modified":"2023-11-22T10:35:47","modified_gmt":"2023-11-22T10:35:47","slug":"prosesler","status":"publish","type":"page","link":"https:\/\/www.hydronix.com\/tr\/prosesler\/","title":{"rendered":"Prosesler"},"content":{"rendered":"    \n<!-- hero_short -->\n<section class=\"short_hero d-flex py-5\" style=\"background-image:url(https:\/\/www.hydronix.com\/wp-content\/uploads\/2023\/04\/shutterstock_2200597295-processes-scaled.jpg)\">\n    <div class=\"overlay\"><\/div>\n    <div class=\"container-xl my-auto\">\n        <div class=\"row\">\n            <div class=\"col-lg-5 hero__content\">\n                <h1>Prosesler<\/h1>\n            <\/div>\n        <\/div>\n    <\/div>\n<\/section>\n<!--section class=\"sub_page_title py-1 mb-4\">\n    <div class=\"container-xl\">\n        <p id=\"breadcrumbs\"><span><span><a href=\"https:\/\/www.hydronix.com\/tr\/\">Home<\/a><\/span><\/span><\/p>    <\/div>\n<\/section-->\n    <div class=\"container-xl\">\n\t\t\n<p>Hydronix mikrodalga nem \u00f6l\u00e7\u00fcm sens\u00f6rleri, d\u00fcnya genelinde \u00e7e\u015fitli uygulamalarda akan malzemelerin nemini veya briks i\u00e7eri\u011fini \u00f6l\u00e7mek amac\u0131yla kullan\u0131lmaktad\u0131r.<\/p>\n    <\/div>\n        <div class=\"container-xl\">\n\t\t\n<p>Hydronix sens\u00f6rleri kullanarak nem \u00f6l\u00e7\u00fcm\u00fc yap\u0131lmas\u0131n\u0131 gerektiren baz\u0131 tipik prosesler:<\/p>\n    <\/div>\n    <!-- children_icons -->\n<section class=\"child_pages py-4\">\n    <div class=\"container-xl\">\n                <div class=\"row g-4 justify-content-center\">\n        <div class=\"col-md-4 col-xl-3\">\n            <a class=\"child_pages__card\" href=\"https:\/\/www.hydronix.com\/tr\/prosesler\/harmanlama-tartma\/\">\n                <img decoding=\"async\" src=\"https:\/\/www.hydronix.com\/wp-content\/themes\/cb-hydronix\/img\/icons\/icon__material-dosing-weighing--blue.svg\" alt=\"\" class=\"d-flex mx-auto w-50\">\n                Harmanlama \/ Tartma            <\/a>\n        <\/div>\n                <div class=\"col-md-4 col-xl-3\">\n            <a class=\"child_pages__card\" href=\"https:\/\/www.hydronix.com\/tr\/prosesler\/kosullandirma-buhar\/\">\n                <img decoding=\"async\" src=\"https:\/\/www.hydronix.com\/wp-content\/themes\/cb-hydronix\/img\/icons\/icon__conditioning-steam--blue.svg\" alt=\"\" class=\"d-flex mx-auto w-50\">\n                Ko\u015fulland\u0131rma            <\/a>\n        <\/div>\n                <div class=\"col-md-4 col-xl-3\">\n            <a class=\"child_pages__card\" href=\"https:\/\/www.hydronix.com\/tr\/prosesler\/tasima\/\">\n                <img decoding=\"async\" src=\"https:\/\/www.hydronix.com\/wp-content\/themes\/cb-hydronix\/img\/icons\/icon__conveying--blue.svg\" alt=\"\" class=\"d-flex mx-auto w-50\">\n                Ta\u015f\u0131ma            <\/a>\n        <\/div>\n                <div class=\"col-md-4 col-xl-3\">\n            <a class=\"child_pages__card\" href=\"https:\/\/www.hydronix.com\/tr\/prosesler\/kurutma\/\">\n                <img decoding=\"async\" src=\"https:\/\/www.hydronix.com\/wp-content\/themes\/cb-hydronix\/img\/icons\/icon__drying--blue.svg\" alt=\"\" class=\"d-flex mx-auto w-50\">\n                Kurutma            <\/a>\n        <\/div>\n                <div class=\"col-md-4 col-xl-3\">\n            <a class=\"child_pages__card\" href=\"https:\/\/www.hydronix.com\/tr\/prosesler\/isleme-ogutme\/\">\n                <img decoding=\"async\" src=\"https:\/\/www.hydronix.com\/wp-content\/themes\/cb-hydronix\/img\/icons\/icon__milling-grinding--blue.svg\" alt=\"\" class=\"d-flex mx-auto w-50\">\n                \u0130\u015fleme \/ \u00d6\u011f\u00fctme            <\/a>\n        <\/div>\n                <div class=\"col-md-4 col-xl-3\">\n            <a class=\"child_pages__card\" href=\"https:\/\/www.hydronix.com\/tr\/prosesler\/karistirma\/\">\n                <img decoding=\"async\" src=\"https:\/\/www.hydronix.com\/wp-content\/themes\/cb-hydronix\/img\/icons\/icon__mixing--blue.svg\" alt=\"\" class=\"d-flex mx-auto w-50\">\n                Kar\u0131\u015ft\u0131rma            <\/a>\n        <\/div>\n                <div class=\"col-md-4 col-xl-3\">\n            <a class=\"child_pages__card\" href=\"https:\/\/www.hydronix.com\/tr\/prosesler\/paketleme\/\">\n                <img decoding=\"async\" src=\"https:\/\/www.hydronix.com\/wp-content\/themes\/cb-hydronix\/img\/icons\/icon__packaging--blue.svg\" alt=\"\" class=\"d-flex mx-auto w-50\">\n                Paketleme            <\/a>\n        <\/div>\n                <div class=\"col-md-4 col-xl-3\">\n            <a class=\"child_pages__card\" href=\"https:\/\/www.hydronix.com\/tr\/prosesler\/peletleme-cikarma\/\">\n                <img decoding=\"async\" src=\"https:\/\/www.hydronix.com\/wp-content\/themes\/cb-hydronix\/img\/icons\/icon__pelletising-extrusion--blue.svg\" alt=\"\" class=\"d-flex mx-auto w-50\">\n                Peletleme \/ \u00c7\u0131karma            <\/a>\n        <\/div>\n                <div class=\"col-md-4 col-xl-3\">\n            <a class=\"child_pages__card\" href=\"https:\/\/www.hydronix.com\/tr\/prosesler\/depolama\/\">\n                <img decoding=\"async\" src=\"https:\/\/www.hydronix.com\/wp-content\/themes\/cb-hydronix\/img\/icons\/icon__storage--blue.svg\" alt=\"\" class=\"d-flex mx-auto w-50\">\n                Depolama            <\/a>\n        <\/div>\n                <div class=\"col-md-4 col-xl-3\">\n            <a class=\"child_pages__card\" href=\"https:\/\/www.hydronix.com\/tr\/prosesler\/vakum-kazani\/\">\n                <img decoding=\"async\" src=\"https:\/\/www.hydronix.com\/wp-content\/themes\/cb-hydronix\/img\/icons\/icon__vacuum-pan--blue.svg\" alt=\"\" class=\"d-flex mx-auto w-50\">\n                Vakum Kazan\u0131            <\/a>\n        <\/div>\n                <div class=\"col-md-4 col-xl-3\">\n            <a class=\"child_pages__card\" href=\"https:\/\/www.hydronix.com\/tr\/prosesler\/su-kimyasal-ekleme\/\">\n                <img decoding=\"async\" src=\"https:\/\/www.hydronix.com\/wp-content\/themes\/cb-hydronix\/img\/icons\/icon__water-chemical-addition--blue.svg\" alt=\"\" class=\"d-flex mx-auto w-50\">\n                Su \/ Kimyasal Ekleme            <\/a>\n        <\/div>\n            <\/div>\n<\/section>","protected":false},"excerpt":{"rendered":"<p>Hydronix mikrodalga nem \u00f6l\u00e7\u00fcm sens\u00f6rleri, d\u00fcnya genelinde \u00e7e\u015fitli uygulamalarda akan malzemelerin nemini veya briks i\u00e7eri\u011fini \u00f6l\u00e7mek amac\u0131yla kullan\u0131lmaktad\u0131r. Hydronix sens\u00f6rleri kullanarak nem \u00f6l\u00e7\u00fcm\u00fc yap\u0131lmas\u0131n\u0131 gerektiren baz\u0131 tipik prosesler: [&#8230;]<\/p>\n<p><a class=\"btn btn-secondary understrap-read-more-link\" href=\"https:\/\/www.hydronix.com\/tr\/prosesler\/\">Daha fazlas\u0131n\u0131 oku\u2026<span class=\"screen-reader-text\"> from Prosesler<\/span><\/a><\/p>\n","protected":false},"author":1,"featured_media":31142,"parent":0,"menu_order":83,"comment_status":"closed","ping_status":"closed","template":"","meta":{"_acf_changed":false,"content-type":"","inline_featured_image":false,"footnotes":""},"industries":[],"process":[],"class_list":["post-31141","page","type-page","status-publish","has-post-thumbnail","hentry"],"acf":[],"yoast_head":"<!-- This site is optimized with the Yoast SEO plugin v27.1.1 - https:\/\/yoast.com\/product\/yoast-seo-wordpress\/ -->\n<title>Prosesler - Hydronix<\/title>\n<meta name=\"description\" content=\"Hydronix mikrodalga nem \u00f6l\u00e7\u00fcm sens\u00f6rleri, \u00e7e\u015fitli proseslerde akan malzemelerin nemini \u00f6l\u00e7mek amac\u0131yla kullan\u0131lmaktad\u0131r.\" \/>\n<meta name=\"robots\" content=\"index, follow, max-snippet:-1, max-image-preview:large, max-video-preview:-1\" \/>\n<link rel=\"canonical\" href=\"https:\/\/www.hydronix.com\/tr\/prosesler\/\" \/>\n<meta property=\"og:locale\" content=\"tr_TR\" \/>\n<meta property=\"og:type\" content=\"article\" \/>\n<meta property=\"og:title\" content=\"Prosesler - Hydronix\" \/>\n<meta property=\"og:description\" content=\"Hydronix mikrodalga nem \u00f6l\u00e7\u00fcm sens\u00f6rleri, \u00e7e\u015fitli proseslerde akan malzemelerin nemini \u00f6l\u00e7mek amac\u0131yla kullan\u0131lmaktad\u0131r.\" \/>\n<meta property=\"og:url\" content=\"https:\/\/www.hydronix.com\/tr\/prosesler\/\" \/>\n<meta property=\"og:site_name\" content=\"Hydronix\" \/>\n<meta property=\"article:modified_time\" content=\"2023-11-22T10:35:47+00:00\" \/>\n<meta property=\"og:image\" content=\"https:\/\/www.hydronix.com\/wp-content\/uploads\/2023\/04\/shutterstock_2200597295-processes-scaled.jpg\" \/>\n\t<meta property=\"og:image:width\" content=\"2560\" \/>\n\t<meta property=\"og:image:height\" content=\"1241\" \/>\n\t<meta property=\"og:image:type\" content=\"image\/jpeg\" \/>\n<meta name=\"twitter:card\" content=\"summary_large_image\" \/>\n<meta name=\"twitter:label1\" content=\"Tahmini okuma s\u00fcresi\" \/>\n\t<meta name=\"twitter:data1\" content=\"1 dakika\" \/>\n<script type=\"application\/ld+json\" class=\"yoast-schema-graph\">{\"@context\":\"https:\/\/schema.org\",\"@graph\":[{\"@type\":\"WebPage\",\"@id\":\"https:\/\/www.hydronix.com\/tr\/prosesler\/\",\"url\":\"https:\/\/www.hydronix.com\/tr\/prosesler\/\",\"name\":\"Prosesler - Hydronix\",\"isPartOf\":{\"@id\":\"https:\/\/www.hydronix.com\/tr\/#website\"},\"primaryImageOfPage\":{\"@id\":\"https:\/\/www.hydronix.com\/tr\/prosesler\/#primaryimage\"},\"image\":{\"@id\":\"https:\/\/www.hydronix.com\/tr\/prosesler\/#primaryimage\"},\"thumbnailUrl\":\"https:\/\/www.hydronix.com\/wp-content\/uploads\/2023\/04\/shutterstock_2200597295-processes-scaled.jpg\",\"datePublished\":\"2022-09-12T14:48:56+00:00\",\"dateModified\":\"2023-11-22T10:35:47+00:00\",\"description\":\"Hydronix mikrodalga nem \u00f6l\u00e7\u00fcm sens\u00f6rleri, \u00e7e\u015fitli proseslerde akan malzemelerin nemini \u00f6l\u00e7mek amac\u0131yla kullan\u0131lmaktad\u0131r.\",\"breadcrumb\":{\"@id\":\"https:\/\/www.hydronix.com\/tr\/prosesler\/#breadcrumb\"},\"inLanguage\":\"tr\",\"potentialAction\":[{\"@type\":\"ReadAction\",\"target\":[\"https:\/\/www.hydronix.com\/tr\/prosesler\/\"]}]},{\"@type\":\"ImageObject\",\"inLanguage\":\"tr\",\"@id\":\"https:\/\/www.hydronix.com\/tr\/prosesler\/#primaryimage\",\"url\":\"https:\/\/www.hydronix.com\/wp-content\/uploads\/2023\/04\/shutterstock_2200597295-processes-scaled.jpg\",\"contentUrl\":\"https:\/\/www.hydronix.com\/wp-content\/uploads\/2023\/04\/shutterstock_2200597295-processes-scaled.jpg\",\"width\":2560,\"height\":1241,\"caption\":\"Hydronix prosesleri\"},{\"@type\":\"BreadcrumbList\",\"@id\":\"https:\/\/www.hydronix.com\/tr\/prosesler\/#breadcrumb\",\"itemListElement\":[{\"@type\":\"ListItem\",\"position\":1,\"name\":\"Home\",\"item\":\"https:\/\/www.hydronix.com\/tr\/\"},{\"@type\":\"ListItem\",\"position\":2,\"name\":\"Prosesler\"}]},{\"@type\":\"WebSite\",\"@id\":\"https:\/\/www.hydronix.com\/tr\/#website\",\"url\":\"https:\/\/www.hydronix.com\/tr\/\",\"name\":\"Hydronix\",\"description\":\"Your partner in moisture measurement\",\"potentialAction\":[{\"@type\":\"SearchAction\",\"target\":{\"@type\":\"EntryPoint\",\"urlTemplate\":\"https:\/\/www.hydronix.com\/tr\/?s={search_term_string}\"},\"query-input\":{\"@type\":\"PropertyValueSpecification\",\"valueRequired\":true,\"valueName\":\"search_term_string\"}}],\"inLanguage\":\"tr\"}]}<\/script>\n<!-- \/ Yoast SEO plugin. -->","yoast_head_json":{"title":"Prosesler - Hydronix","description":"Hydronix mikrodalga nem \u00f6l\u00e7\u00fcm sens\u00f6rleri, \u00e7e\u015fitli proseslerde akan malzemelerin nemini \u00f6l\u00e7mek amac\u0131yla kullan\u0131lmaktad\u0131r.","robots":{"index":"index","follow":"follow","max-snippet":"max-snippet:-1","max-image-preview":"max-image-preview:large","max-video-preview":"max-video-preview:-1"},"canonical":"https:\/\/www.hydronix.com\/tr\/prosesler\/","og_locale":"tr_TR","og_type":"article","og_title":"Prosesler - Hydronix","og_description":"Hydronix mikrodalga nem \u00f6l\u00e7\u00fcm sens\u00f6rleri, \u00e7e\u015fitli proseslerde akan malzemelerin nemini \u00f6l\u00e7mek amac\u0131yla kullan\u0131lmaktad\u0131r.","og_url":"https:\/\/www.hydronix.com\/tr\/prosesler\/","og_site_name":"Hydronix","article_modified_time":"2023-11-22T10:35:47+00:00","og_image":[{"width":2560,"height":1241,"url":"https:\/\/www.hydronix.com\/wp-content\/uploads\/2023\/04\/shutterstock_2200597295-processes-scaled.jpg","type":"image\/jpeg"}],"twitter_card":"summary_large_image","twitter_misc":{"Tahmini okuma s\u00fcresi":"1 dakika"},"schema":{"@context":"https:\/\/schema.org","@graph":[{"@type":"WebPage","@id":"https:\/\/www.hydronix.com\/tr\/prosesler\/","url":"https:\/\/www.hydronix.com\/tr\/prosesler\/","name":"Prosesler - Hydronix","isPartOf":{"@id":"https:\/\/www.hydronix.com\/tr\/#website"},"primaryImageOfPage":{"@id":"https:\/\/www.hydronix.com\/tr\/prosesler\/#primaryimage"},"image":{"@id":"https:\/\/www.hydronix.com\/tr\/prosesler\/#primaryimage"},"thumbnailUrl":"https:\/\/www.hydronix.com\/wp-content\/uploads\/2023\/04\/shutterstock_2200597295-processes-scaled.jpg","datePublished":"2022-09-12T14:48:56+00:00","dateModified":"2023-11-22T10:35:47+00:00","description":"Hydronix mikrodalga nem \u00f6l\u00e7\u00fcm sens\u00f6rleri, \u00e7e\u015fitli proseslerde akan malzemelerin nemini \u00f6l\u00e7mek amac\u0131yla kullan\u0131lmaktad\u0131r.","breadcrumb":{"@id":"https:\/\/www.hydronix.com\/tr\/prosesler\/#breadcrumb"},"inLanguage":"tr","potentialAction":[{"@type":"ReadAction","target":["https:\/\/www.hydronix.com\/tr\/prosesler\/"]}]},{"@type":"ImageObject","inLanguage":"tr","@id":"https:\/\/www.hydronix.com\/tr\/prosesler\/#primaryimage","url":"https:\/\/www.hydronix.com\/wp-content\/uploads\/2023\/04\/shutterstock_2200597295-processes-scaled.jpg","contentUrl":"https:\/\/www.hydronix.com\/wp-content\/uploads\/2023\/04\/shutterstock_2200597295-processes-scaled.jpg","width":2560,"height":1241,"caption":"Hydronix prosesleri"},{"@type":"BreadcrumbList","@id":"https:\/\/www.hydronix.com\/tr\/prosesler\/#breadcrumb","itemListElement":[{"@type":"ListItem","position":1,"name":"Home","item":"https:\/\/www.hydronix.com\/tr\/"},{"@type":"ListItem","position":2,"name":"Prosesler"}]},{"@type":"WebSite","@id":"https:\/\/www.hydronix.com\/tr\/#website","url":"https:\/\/www.hydronix.com\/tr\/","name":"Hydronix","description":"Your partner in moisture measurement","potentialAction":[{"@type":"SearchAction","target":{"@type":"EntryPoint","urlTemplate":"https:\/\/www.hydronix.com\/tr\/?s={search_term_string}"},"query-input":{"@type":"PropertyValueSpecification","valueRequired":true,"valueName":"search_term_string"}}],"inLanguage":"tr"}]}},"_links":{"self":[{"href":"https:\/\/www.hydronix.com\/tr\/wp-json\/wp\/v2\/pages\/31141","targetHints":{"allow":["GET"]}}],"collection":[{"href":"https:\/\/www.hydronix.com\/tr\/wp-json\/wp\/v2\/pages"}],"about":[{"href":"https:\/\/www.hydronix.com\/tr\/wp-json\/wp\/v2\/types\/page"}],"author":[{"embeddable":true,"href":"https:\/\/www.hydronix.com\/tr\/wp-json\/wp\/v2\/users\/1"}],"replies":[{"embeddable":true,"href":"https:\/\/www.hydronix.com\/tr\/wp-json\/wp\/v2\/comments?post=31141"}],"version-history":[{"count":0,"href":"https:\/\/www.hydronix.com\/tr\/wp-json\/wp\/v2\/pages\/31141\/revisions"}],"wp:featuredmedia":[{"embeddable":true,"href":"https:\/\/www.hydronix.com\/tr\/wp-json\/wp\/v2\/media\/31142"}],"wp:attachment":[{"href":"https:\/\/www.hydronix.com\/tr\/wp-json\/wp\/v2\/media?parent=31141"}],"wp:term":[{"taxonomy":"industries","embeddable":true,"href":"https:\/\/www.hydronix.com\/tr\/wp-json\/wp\/v2\/industries?post=31141"},{"taxonomy":"process","embeddable":true,"href":"https:\/\/www.hydronix.com\/tr\/wp-json\/wp\/v2\/process?post=31141"}],"curies":[{"name":"wp","href":"https:\/\/api.w.org\/{rel}","templated":true}]}}