{"id":31139,"date":"2022-09-12T14:43:54","date_gmt":"2022-09-12T14:43:54","guid":{"rendered":"https:\/\/hydronix.chilliservers.co.uk\/yonetme\/"},"modified":"2023-11-23T13:48:53","modified_gmt":"2023-11-23T13:48:53","slug":"yonetme","status":"publish","type":"page","link":"https:\/\/www.hydronix.com\/tr\/yonetme\/","title":{"rendered":"Y\u00f6netme"},"content":{"rendered":"<!-- icon_hero -->\n<section class=\"application_hero d-flex py-5\" style=\"background-image:url(https:\/\/www.hydronix.com\/wp-content\/uploads\/2022\/09\/hero-product-water-abstract.jpg)\">\n    <div class=\"overlay\"><\/div>\n    <div class=\"container my-auto\">\n        <div class=\"row\">\n            <div class=\"col-lg-2\"><img decoding=\"async\" src=\"https:\/\/www.hydronix.com\/wp-content\/themes\/cb-hydronix\/img\/icons\/icon__manage--wo.svg\" class=\"w-50 w-lg-100\"><\/div>\n            <div class=\"col-lg-10 d-flex hero__content\"><h1 class=\"my-auto text-white\">Y\u00f6netme<\/h1><\/div>\n        <\/div>\n    <\/div>\n<\/section>\n<section class=\"sub_page_title py-1 mb-4\">\n    <div class=\"container-xl\">\n        <p id=\"breadcrumbs\"><span><span><a href=\"https:\/\/www.hydronix.com\/tr\/\">Home<\/a><\/span><\/span><\/p>    <\/div>\n<\/section>\n\n\n    <div class=\"container-xl\">\n\t\t\n<p>Hydronix, sens\u00f6r kalibrasyonunu ve yap\u0131land\u0131rmas\u0131n\u0131 y\u00f6netmek i\u00e7in baz\u0131 yaz\u0131l\u0131mlar geli\u015ftirmi\u015ftir.<\/p>\n    <\/div>\n    \n\n<!-- products -->\n<section class=\"prod_by_app product pb-5\">\n    <div class=\"container-xl\">\n        <h2>\u00dcr\u00fcnler<\/h2>\n        <div class=\"row g-3\">\n\n    <div class=\"col-sm-6 col-lg-3\">\n        <a class=\"product__card\" href=\"https:\/\/www.hydronix.com\/tr\/products\/hydro-com\/\">\n            <img decoding=\"async\" src=\"https:\/\/www.hydronix.com\/wp-content\/uploads\/2022\/09\/Log-300x169.jpg\">\n            <div class=\"mb-2 fw-bold\">Hydro-Com<\/div>\n            <div class=\"mb-2 product__subtitle\">Sens\u00f6r Kalibrasyonu ve Yap\u0131land\u0131rma Yaz\u0131l\u0131m\u0131<\/div>\n            <div class=\"badges\">\n                            <\/div>\n        <\/a>\n    <\/div>\n            <\/div>\n    <\/div>\n<\/section>","protected":false},"excerpt":{"rendered":"<p>Hydronix, sens\u00f6r kalibrasyonunu ve yap\u0131land\u0131rmas\u0131n\u0131 y\u00f6netmek i\u00e7in baz\u0131 yaz\u0131l\u0131mlar geli\u015ftirmi\u015ftir. [&#8230;]<\/p>\n<p><a class=\"btn btn-secondary understrap-read-more-link\" href=\"https:\/\/www.hydronix.com\/tr\/yonetme\/\">Daha fazlas\u0131n\u0131 oku\u2026<span class=\"screen-reader-text\"> from Y\u00f6netme<\/span><\/a><\/p>\n","protected":false},"author":1,"featured_media":0,"parent":0,"menu_order":98,"comment_status":"closed","ping_status":"closed","template":"","meta":{"_acf_changed":false,"content-type":"","inline_featured_image":false,"footnotes":""},"industries":[],"process":[],"class_list":["post-31139","page","type-page","status-publish","hentry"],"acf":[],"yoast_head":"<!-- This site is optimized with the Yoast SEO plugin v27.1.1 - https:\/\/yoast.com\/product\/yoast-seo-wordpress\/ -->\n<title>Y\u00f6netme - Hydronix<\/title>\n<meta name=\"description\" content=\"Hydronix sens\u00f6rlerinizin kalibrasyonunu ve yap\u0131land\u0131rmas\u0131n\u0131, sens\u00f6r y\u00f6netimi yaz\u0131l\u0131m \u00e7\u00f6z\u00fcmlerimizle y\u00f6netin.\" \/>\n<meta name=\"robots\" content=\"index, follow, max-snippet:-1, max-image-preview:large, max-video-preview:-1\" \/>\n<link rel=\"canonical\" href=\"https:\/\/www.hydronix.com\/tr\/yonetme\/\" \/>\n<meta property=\"og:locale\" content=\"tr_TR\" \/>\n<meta property=\"og:type\" content=\"article\" \/>\n<meta property=\"og:title\" content=\"Y\u00f6netme - Hydronix\" \/>\n<meta property=\"og:description\" content=\"Hydronix sens\u00f6rlerinizin kalibrasyonunu ve yap\u0131land\u0131rmas\u0131n\u0131, sens\u00f6r y\u00f6netimi yaz\u0131l\u0131m \u00e7\u00f6z\u00fcmlerimizle y\u00f6netin.\" \/>\n<meta property=\"og:url\" content=\"https:\/\/www.hydronix.com\/tr\/yonetme\/\" \/>\n<meta property=\"og:site_name\" content=\"Hydronix\" \/>\n<meta property=\"article:modified_time\" content=\"2023-11-23T13:48:53+00:00\" \/>\n<meta name=\"twitter:card\" content=\"summary_large_image\" \/>\n<meta name=\"twitter:label1\" content=\"Tahmini okuma s\u00fcresi\" \/>\n\t<meta name=\"twitter:data1\" content=\"1 dakika\" \/>\n<script type=\"application\/ld+json\" class=\"yoast-schema-graph\">{\"@context\":\"https:\/\/schema.org\",\"@graph\":[{\"@type\":\"WebPage\",\"@id\":\"https:\/\/www.hydronix.com\/tr\/yonetme\/\",\"url\":\"https:\/\/www.hydronix.com\/tr\/yonetme\/\",\"name\":\"Y\u00f6netme - Hydronix\",\"isPartOf\":{\"@id\":\"https:\/\/www.hydronix.com\/tr\/#website\"},\"datePublished\":\"2022-09-12T14:43:54+00:00\",\"dateModified\":\"2023-11-23T13:48:53+00:00\",\"description\":\"Hydronix sens\u00f6rlerinizin kalibrasyonunu ve yap\u0131land\u0131rmas\u0131n\u0131, sens\u00f6r y\u00f6netimi yaz\u0131l\u0131m \u00e7\u00f6z\u00fcmlerimizle y\u00f6netin.\",\"breadcrumb\":{\"@id\":\"https:\/\/www.hydronix.com\/tr\/yonetme\/#breadcrumb\"},\"inLanguage\":\"tr\",\"potentialAction\":[{\"@type\":\"ReadAction\",\"target\":[\"https:\/\/www.hydronix.com\/tr\/yonetme\/\"]}]},{\"@type\":\"BreadcrumbList\",\"@id\":\"https:\/\/www.hydronix.com\/tr\/yonetme\/#breadcrumb\",\"itemListElement\":[{\"@type\":\"ListItem\",\"position\":1,\"name\":\"Home\",\"item\":\"https:\/\/www.hydronix.com\/tr\/\"},{\"@type\":\"ListItem\",\"position\":2,\"name\":\"Y\u00f6netme\"}]},{\"@type\":\"WebSite\",\"@id\":\"https:\/\/www.hydronix.com\/tr\/#website\",\"url\":\"https:\/\/www.hydronix.com\/tr\/\",\"name\":\"Hydronix\",\"description\":\"Your partner in moisture measurement\",\"potentialAction\":[{\"@type\":\"SearchAction\",\"target\":{\"@type\":\"EntryPoint\",\"urlTemplate\":\"https:\/\/www.hydronix.com\/tr\/?s={search_term_string}\"},\"query-input\":{\"@type\":\"PropertyValueSpecification\",\"valueRequired\":true,\"valueName\":\"search_term_string\"}}],\"inLanguage\":\"tr\"}]}<\/script>\n<!-- \/ Yoast SEO plugin. -->","yoast_head_json":{"title":"Y\u00f6netme - Hydronix","description":"Hydronix sens\u00f6rlerinizin kalibrasyonunu ve yap\u0131land\u0131rmas\u0131n\u0131, sens\u00f6r y\u00f6netimi yaz\u0131l\u0131m \u00e7\u00f6z\u00fcmlerimizle y\u00f6netin.","robots":{"index":"index","follow":"follow","max-snippet":"max-snippet:-1","max-image-preview":"max-image-preview:large","max-video-preview":"max-video-preview:-1"},"canonical":"https:\/\/www.hydronix.com\/tr\/yonetme\/","og_locale":"tr_TR","og_type":"article","og_title":"Y\u00f6netme - Hydronix","og_description":"Hydronix sens\u00f6rlerinizin kalibrasyonunu ve yap\u0131land\u0131rmas\u0131n\u0131, sens\u00f6r y\u00f6netimi yaz\u0131l\u0131m \u00e7\u00f6z\u00fcmlerimizle y\u00f6netin.","og_url":"https:\/\/www.hydronix.com\/tr\/yonetme\/","og_site_name":"Hydronix","article_modified_time":"2023-11-23T13:48:53+00:00","twitter_card":"summary_large_image","twitter_misc":{"Tahmini okuma s\u00fcresi":"1 dakika"},"schema":{"@context":"https:\/\/schema.org","@graph":[{"@type":"WebPage","@id":"https:\/\/www.hydronix.com\/tr\/yonetme\/","url":"https:\/\/www.hydronix.com\/tr\/yonetme\/","name":"Y\u00f6netme - Hydronix","isPartOf":{"@id":"https:\/\/www.hydronix.com\/tr\/#website"},"datePublished":"2022-09-12T14:43:54+00:00","dateModified":"2023-11-23T13:48:53+00:00","description":"Hydronix sens\u00f6rlerinizin kalibrasyonunu ve yap\u0131land\u0131rmas\u0131n\u0131, sens\u00f6r y\u00f6netimi yaz\u0131l\u0131m \u00e7\u00f6z\u00fcmlerimizle y\u00f6netin.","breadcrumb":{"@id":"https:\/\/www.hydronix.com\/tr\/yonetme\/#breadcrumb"},"inLanguage":"tr","potentialAction":[{"@type":"ReadAction","target":["https:\/\/www.hydronix.com\/tr\/yonetme\/"]}]},{"@type":"BreadcrumbList","@id":"https:\/\/www.hydronix.com\/tr\/yonetme\/#breadcrumb","itemListElement":[{"@type":"ListItem","position":1,"name":"Home","item":"https:\/\/www.hydronix.com\/tr\/"},{"@type":"ListItem","position":2,"name":"Y\u00f6netme"}]},{"@type":"WebSite","@id":"https:\/\/www.hydronix.com\/tr\/#website","url":"https:\/\/www.hydronix.com\/tr\/","name":"Hydronix","description":"Your partner in moisture measurement","potentialAction":[{"@type":"SearchAction","target":{"@type":"EntryPoint","urlTemplate":"https:\/\/www.hydronix.com\/tr\/?s={search_term_string}"},"query-input":{"@type":"PropertyValueSpecification","valueRequired":true,"valueName":"search_term_string"}}],"inLanguage":"tr"}]}},"_links":{"self":[{"href":"https:\/\/www.hydronix.com\/tr\/wp-json\/wp\/v2\/pages\/31139","targetHints":{"allow":["GET"]}}],"collection":[{"href":"https:\/\/www.hydronix.com\/tr\/wp-json\/wp\/v2\/pages"}],"about":[{"href":"https:\/\/www.hydronix.com\/tr\/wp-json\/wp\/v2\/types\/page"}],"author":[{"embeddable":true,"href":"https:\/\/www.hydronix.com\/tr\/wp-json\/wp\/v2\/users\/1"}],"replies":[{"embeddable":true,"href":"https:\/\/www.hydronix.com\/tr\/wp-json\/wp\/v2\/comments?post=31139"}],"version-history":[{"count":0,"href":"https:\/\/www.hydronix.com\/tr\/wp-json\/wp\/v2\/pages\/31139\/revisions"}],"wp:attachment":[{"href":"https:\/\/www.hydronix.com\/tr\/wp-json\/wp\/v2\/media?parent=31139"}],"wp:term":[{"taxonomy":"industries","embeddable":true,"href":"https:\/\/www.hydronix.com\/tr\/wp-json\/wp\/v2\/industries?post=31139"},{"taxonomy":"process","embeddable":true,"href":"https:\/\/www.hydronix.com\/tr\/wp-json\/wp\/v2\/process?post=31139"}],"curies":[{"name":"wp","href":"https:\/\/api.w.org\/{rel}","templated":true}]}}