{"id":31117,"date":"2022-09-12T14:42:31","date_gmt":"2022-09-12T14:42:31","guid":{"rendered":"https:\/\/hydronix.chilliservers.co.uk\/baglama\/"},"modified":"2023-11-23T13:53:34","modified_gmt":"2023-11-23T13:53:34","slug":"baglama","status":"publish","type":"page","link":"https:\/\/www.hydronix.com\/tr\/baglama\/","title":{"rendered":"Ba\u011flama"},"content":{"rendered":"<!-- icon_hero -->\n<section class=\"application_hero d-flex py-5\" style=\"background-image:url(https:\/\/www.hydronix.com\/wp-content\/uploads\/2022\/11\/W-connect.jpg)\">\n    <div class=\"overlay\"><\/div>\n    <div class=\"container my-auto\">\n        <div class=\"row\">\n            <div class=\"col-lg-2\"><img decoding=\"async\" src=\"https:\/\/www.hydronix.com\/wp-content\/themes\/cb-hydronix\/img\/icons\/icon__connect--wo.svg\" class=\"w-50 w-lg-100\"><\/div>\n            <div class=\"col-lg-10 d-flex hero__content\"><h1 class=\"my-auto text-white\">Ba\u011flama<\/h1><\/div>\n        <\/div>\n    <\/div>\n<\/section>\n<section class=\"sub_page_title py-1 mb-4\">\n    <div class=\"container-xl\">\n        <p id=\"breadcrumbs\"><span><span><a href=\"https:\/\/www.hydronix.com\/tr\/\">Home<\/a><\/span><\/span><\/p>    <\/div>\n<\/section>\n\n\n    <div class=\"container-xl\">\n\t\t\n<p>Hydronix, nem sens\u00f6rlerimizi ba\u011flamak, yap\u0131land\u0131rmak, te\u015fhis etmek, kalibre etmek ve global bir sens\u00f6r a\u011f\u0131 olu\u015fturmak i\u00e7in \u00e7e\u015fitli aray\u00fczler geli\u015ftirmi\u015ftir. Bu aray\u00fczler nem verilerinin daha geni\u015f analiz i\u00e7in harici sistemler taraf\u0131ndan toplanmas\u0131n\u0131 da sa\u011flar.<\/p>\n    <\/div>\n    \n\n<!-- products -->\n<section class=\"prod_by_app product pb-5\">\n    <div class=\"container-xl\">\n        <h2>\u00dcr\u00fcnler<\/h2>\n        <div class=\"row g-3\">\n\n    <div class=\"col-sm-6 col-lg-3\">\n        <a class=\"product__card\" href=\"https:\/\/www.hydronix.com\/tr\/products\/hydro-view\/\">\n            <img decoding=\"async\" src=\"https:\/\/www.hydronix.com\/wp-content\/uploads\/2023\/10\/HV05-screenshot-smaller-300x265.png\">\n            <div class=\"mb-2 fw-bold\">Hydro-View<\/div>\n            <div class=\"mb-2 product__subtitle\">Veri g\u00f6r\u00fcnt\u00fclemek ve Hydronix Sens\u00f6rleri y\u00f6netmek i\u00e7in dokunmatik ekran sistemi<\/div>\n            <div class=\"badges\">\n                            <\/div>\n        <\/a>\n    <\/div>\n        <div class=\"col-sm-6 col-lg-3\">\n        <a class=\"product__card\" href=\"https:\/\/www.hydronix.com\/tr\/products\/hydro-hub\/\">\n            <img decoding=\"async\" src=\"https:\/\/www.hydronix.com\/wp-content\/uploads\/2022\/09\/HH01-300x169.png\">\n            <div class=\"mb-2 fw-bold\">Hydro-Hub<\/div>\n            <div class=\"mb-2 product__subtitle\">Hydronix sens\u00f6rleri Ofis ve Fieldbus a\u011flar\u0131na kolayca ba\u011flay\u0131n<\/div>\n            <div class=\"badges\">\n                            <\/div>\n        <\/a>\n    <\/div>\n        <div class=\"col-sm-6 col-lg-3\">\n        <a class=\"product__card\" href=\"https:\/\/www.hydronix.com\/tr\/products\/ethernet-adaptoru\/\">\n            <img decoding=\"async\" src=\"https:\/\/www.hydronix.com\/wp-content\/uploads\/2022\/09\/ea01-hero-300x169.png\">\n            <div class=\"mb-2 fw-bold\">Ethernet Adapt\u00f6r\u00fc<\/div>\n            <div class=\"mb-2 product__subtitle\">Hydronix Nem Sens\u00f6rleri ve Kontrolleri A\u011f\u0131<\/div>\n            <div class=\"badges\">\n                            <\/div>\n        <\/a>\n    <\/div>\n        <div class=\"col-sm-6 col-lg-3\">\n        <a class=\"product__card\" href=\"https:\/\/www.hydronix.com\/tr\/products\/usb-sensor-arayuz-modulu\/\">\n            <img decoding=\"async\" src=\"https:\/\/www.hydronix.com\/wp-content\/uploads\/2022\/09\/simXX-hero-300x169.png\">\n            <div class=\"mb-2 fw-bold\">USB Sens\u00f6r Aray\u00fcz Mod\u00fcl\u00fc<\/div>\n            <div class=\"mb-2 product__subtitle\">Hydronix Nem Sens\u00f6rlerini PC&#8217;ye veya Diz\u00fcst\u00fc Bilgisayara Ba\u011flama<\/div>\n            <div class=\"badges\">\n                            <\/div>\n        <\/a>\n    <\/div>\n            <\/div>\n    <\/div>\n<\/section>\n\n<!-- latest -->\n<section class=\"latest\">\n    <div class=\"latest__heading py-4\">\n        <div class=\"container-xl\">\n            <h2>\u0130lgili Haberler, Blog Yaz\u0131lar\u0131 ve Etkinlikler<\/h2>\n        <\/div>\n    <\/div>\n    <div class=\"container py-5\">\n        <div class=\"row g-5\">\n            <div class=\"col-lg-7\">\n                                <div>\n                    <a href=\"\/resources\/\" class=\"mx-auto btn btn--orange\">Hydronix Kaynak Merkezi<\/a>\n                <\/div>\n            <\/div>\n            <div class=\"col-lg-5\">\n                                <div>\n                    <a href=\"\/resources\/events\/\" class=\"mx-auto btn btn--orange\">T\u00fcm Etkinlikler<\/a>\n                <\/div>\n            <\/div>\n        <\/div>\n    <\/div>\n<\/section>","protected":false},"excerpt":{"rendered":"<p>Hydronix, nem sens\u00f6rlerimizi ba\u011flamak, yap\u0131land\u0131rmak, te\u015fhis etmek, kalibre etmek ve global bir sens\u00f6r a\u011f\u0131 olu\u015fturmak i\u00e7in \u00e7e\u015fitli aray\u00fczler geli\u015ftirmi\u015ftir. Bu aray\u00fczler nem verilerinin daha geni\u015f analiz i\u00e7in harici sistemler taraf\u0131ndan toplanmas\u0131n\u0131 da sa\u011flar. [&#8230;]<\/p>\n<p><a class=\"btn btn-secondary understrap-read-more-link\" href=\"https:\/\/www.hydronix.com\/tr\/baglama\/\">Daha fazlas\u0131n\u0131 oku\u2026<span class=\"screen-reader-text\"> from Ba\u011flama<\/span><\/a><\/p>\n","protected":false},"author":1,"featured_media":0,"parent":0,"menu_order":107,"comment_status":"closed","ping_status":"closed","template":"","meta":{"_acf_changed":false,"content-type":"","inline_featured_image":false,"footnotes":""},"industries":[],"process":[],"class_list":["post-31117","page","type-page","status-publish","hentry"],"acf":[],"yoast_head":"<!-- This site is optimized with the Yoast SEO plugin v27.1.1 - https:\/\/yoast.com\/product\/yoast-seo-wordpress\/ -->\n<title>Ba\u011flama - Hydronix<\/title>\n<meta name=\"description\" content=\"Hydronix, nem sens\u00f6rlerimizi ba\u011flamak, yap\u0131land\u0131rmak, te\u015fhis etmek, kalibre etmek ve ayn\u0131 zamanda veri toplamak i\u00e7in \u00e7e\u015fitli aray\u00fczler geli\u015ftirmi\u015ftir.\" \/>\n<meta name=\"robots\" content=\"index, follow, max-snippet:-1, max-image-preview:large, max-video-preview:-1\" \/>\n<link rel=\"canonical\" href=\"https:\/\/www.hydronix.com\/tr\/baglama\/\" \/>\n<meta property=\"og:locale\" content=\"tr_TR\" \/>\n<meta property=\"og:type\" content=\"article\" \/>\n<meta property=\"og:title\" content=\"Ba\u011flama - Hydronix\" \/>\n<meta property=\"og:description\" content=\"Hydronix, nem sens\u00f6rlerimizi ba\u011flamak, yap\u0131land\u0131rmak, te\u015fhis etmek, kalibre etmek ve ayn\u0131 zamanda veri toplamak i\u00e7in \u00e7e\u015fitli aray\u00fczler geli\u015ftirmi\u015ftir.\" \/>\n<meta property=\"og:url\" content=\"https:\/\/www.hydronix.com\/tr\/baglama\/\" \/>\n<meta property=\"og:site_name\" content=\"Hydronix\" \/>\n<meta property=\"article:modified_time\" content=\"2023-11-23T13:53:34+00:00\" \/>\n<meta name=\"twitter:card\" content=\"summary_large_image\" \/>\n<meta name=\"twitter:label1\" content=\"Tahmini okuma s\u00fcresi\" \/>\n\t<meta name=\"twitter:data1\" content=\"1 dakika\" \/>\n<script type=\"application\/ld+json\" class=\"yoast-schema-graph\">{\"@context\":\"https:\/\/schema.org\",\"@graph\":[{\"@type\":\"WebPage\",\"@id\":\"https:\/\/www.hydronix.com\/tr\/baglama\/\",\"url\":\"https:\/\/www.hydronix.com\/tr\/baglama\/\",\"name\":\"Ba\u011flama - Hydronix\",\"isPartOf\":{\"@id\":\"https:\/\/www.hydronix.com\/tr\/#website\"},\"datePublished\":\"2022-09-12T14:42:31+00:00\",\"dateModified\":\"2023-11-23T13:53:34+00:00\",\"description\":\"Hydronix, nem sens\u00f6rlerimizi ba\u011flamak, yap\u0131land\u0131rmak, te\u015fhis etmek, kalibre etmek ve ayn\u0131 zamanda veri toplamak i\u00e7in \u00e7e\u015fitli aray\u00fczler geli\u015ftirmi\u015ftir.\",\"breadcrumb\":{\"@id\":\"https:\/\/www.hydronix.com\/tr\/baglama\/#breadcrumb\"},\"inLanguage\":\"tr\",\"potentialAction\":[{\"@type\":\"ReadAction\",\"target\":[\"https:\/\/www.hydronix.com\/tr\/baglama\/\"]}]},{\"@type\":\"BreadcrumbList\",\"@id\":\"https:\/\/www.hydronix.com\/tr\/baglama\/#breadcrumb\",\"itemListElement\":[{\"@type\":\"ListItem\",\"position\":1,\"name\":\"Home\",\"item\":\"https:\/\/www.hydronix.com\/tr\/\"},{\"@type\":\"ListItem\",\"position\":2,\"name\":\"Ba\u011flama\"}]},{\"@type\":\"WebSite\",\"@id\":\"https:\/\/www.hydronix.com\/tr\/#website\",\"url\":\"https:\/\/www.hydronix.com\/tr\/\",\"name\":\"Hydronix\",\"description\":\"Your partner in moisture measurement\",\"potentialAction\":[{\"@type\":\"SearchAction\",\"target\":{\"@type\":\"EntryPoint\",\"urlTemplate\":\"https:\/\/www.hydronix.com\/tr\/?s={search_term_string}\"},\"query-input\":{\"@type\":\"PropertyValueSpecification\",\"valueRequired\":true,\"valueName\":\"search_term_string\"}}],\"inLanguage\":\"tr\"}]}<\/script>\n<!-- \/ Yoast SEO plugin. -->","yoast_head_json":{"title":"Ba\u011flama - Hydronix","description":"Hydronix, nem sens\u00f6rlerimizi ba\u011flamak, yap\u0131land\u0131rmak, te\u015fhis etmek, kalibre etmek ve ayn\u0131 zamanda veri toplamak i\u00e7in \u00e7e\u015fitli aray\u00fczler geli\u015ftirmi\u015ftir.","robots":{"index":"index","follow":"follow","max-snippet":"max-snippet:-1","max-image-preview":"max-image-preview:large","max-video-preview":"max-video-preview:-1"},"canonical":"https:\/\/www.hydronix.com\/tr\/baglama\/","og_locale":"tr_TR","og_type":"article","og_title":"Ba\u011flama - Hydronix","og_description":"Hydronix, nem sens\u00f6rlerimizi ba\u011flamak, yap\u0131land\u0131rmak, te\u015fhis etmek, kalibre etmek ve ayn\u0131 zamanda veri toplamak i\u00e7in \u00e7e\u015fitli aray\u00fczler geli\u015ftirmi\u015ftir.","og_url":"https:\/\/www.hydronix.com\/tr\/baglama\/","og_site_name":"Hydronix","article_modified_time":"2023-11-23T13:53:34+00:00","twitter_card":"summary_large_image","twitter_misc":{"Tahmini okuma s\u00fcresi":"1 dakika"},"schema":{"@context":"https:\/\/schema.org","@graph":[{"@type":"WebPage","@id":"https:\/\/www.hydronix.com\/tr\/baglama\/","url":"https:\/\/www.hydronix.com\/tr\/baglama\/","name":"Ba\u011flama - Hydronix","isPartOf":{"@id":"https:\/\/www.hydronix.com\/tr\/#website"},"datePublished":"2022-09-12T14:42:31+00:00","dateModified":"2023-11-23T13:53:34+00:00","description":"Hydronix, nem sens\u00f6rlerimizi ba\u011flamak, yap\u0131land\u0131rmak, te\u015fhis etmek, kalibre etmek ve ayn\u0131 zamanda veri toplamak i\u00e7in \u00e7e\u015fitli aray\u00fczler geli\u015ftirmi\u015ftir.","breadcrumb":{"@id":"https:\/\/www.hydronix.com\/tr\/baglama\/#breadcrumb"},"inLanguage":"tr","potentialAction":[{"@type":"ReadAction","target":["https:\/\/www.hydronix.com\/tr\/baglama\/"]}]},{"@type":"BreadcrumbList","@id":"https:\/\/www.hydronix.com\/tr\/baglama\/#breadcrumb","itemListElement":[{"@type":"ListItem","position":1,"name":"Home","item":"https:\/\/www.hydronix.com\/tr\/"},{"@type":"ListItem","position":2,"name":"Ba\u011flama"}]},{"@type":"WebSite","@id":"https:\/\/www.hydronix.com\/tr\/#website","url":"https:\/\/www.hydronix.com\/tr\/","name":"Hydronix","description":"Your partner in moisture measurement","potentialAction":[{"@type":"SearchAction","target":{"@type":"EntryPoint","urlTemplate":"https:\/\/www.hydronix.com\/tr\/?s={search_term_string}"},"query-input":{"@type":"PropertyValueSpecification","valueRequired":true,"valueName":"search_term_string"}}],"inLanguage":"tr"}]}},"_links":{"self":[{"href":"https:\/\/www.hydronix.com\/tr\/wp-json\/wp\/v2\/pages\/31117","targetHints":{"allow":["GET"]}}],"collection":[{"href":"https:\/\/www.hydronix.com\/tr\/wp-json\/wp\/v2\/pages"}],"about":[{"href":"https:\/\/www.hydronix.com\/tr\/wp-json\/wp\/v2\/types\/page"}],"author":[{"embeddable":true,"href":"https:\/\/www.hydronix.com\/tr\/wp-json\/wp\/v2\/users\/1"}],"replies":[{"embeddable":true,"href":"https:\/\/www.hydronix.com\/tr\/wp-json\/wp\/v2\/comments?post=31117"}],"version-history":[{"count":0,"href":"https:\/\/www.hydronix.com\/tr\/wp-json\/wp\/v2\/pages\/31117\/revisions"}],"wp:attachment":[{"href":"https:\/\/www.hydronix.com\/tr\/wp-json\/wp\/v2\/media?parent=31117"}],"wp:term":[{"taxonomy":"industries","embeddable":true,"href":"https:\/\/www.hydronix.com\/tr\/wp-json\/wp\/v2\/industries?post=31117"},{"taxonomy":"process","embeddable":true,"href":"https:\/\/www.hydronix.com\/tr\/wp-json\/wp\/v2\/process?post=31117"}],"curies":[{"name":"wp","href":"https:\/\/api.w.org\/{rel}","templated":true}]}}