{"id":31112,"date":"2022-09-12T14:26:30","date_gmt":"2022-09-12T14:26:30","guid":{"rendered":"https:\/\/hydronix.chilliservers.co.uk\/uygulamaniz\/"},"modified":"2024-01-08T12:41:57","modified_gmt":"2024-01-08T12:41:57","slug":"uygulamaniz","status":"publish","type":"page","link":"https:\/\/www.hydronix.com\/tr\/uygulamaniz\/","title":{"rendered":"Uygulaman\u0131z"},"content":{"rendered":"    \n<!-- hero_short -->\n<section class=\"short_hero d-flex py-5\" style=\"background-image:url(https:\/\/www.hydronix.com\/wp-content\/uploads\/2022\/09\/hero-product-water-abstract.jpg)\">\n    <div class=\"overlay\"><\/div>\n    <div class=\"container-xl my-auto\">\n        <div class=\"row\">\n            <div class=\"col-lg-5 hero__content\">\n                <h1>Uygulaman\u0131z<\/h1>\n            <\/div>\n        <\/div>\n    <\/div>\n<\/section>\n<!--section class=\"sub_page_title py-1 mb-4\">\n    <div class=\"container-xl\">\n        <p id=\"breadcrumbs\"><span><span><a href=\"https:\/\/www.hydronix.com\/tr\/\">Home<\/a><\/span><\/span><\/p>    <\/div>\n<\/section-->\n\n\n    <div class=\"container-xl pt-4\" id=\"size-en-uygun-sensoru-bulun\">\n        \n<h2 class=\"wp-block-heading\">Size en uygun sens\u00f6r\u00fc bulun!<\/h2>\n    <\/div>\n    \n\n<style>\n#spinner {\n    width: 1rem;\n    height: 1rem;\n    margin-left: 0.5rem;\n}\n<\/style>\n<input type=\"hidden\" id=\"currLang\" value=\"tr\">\n<!-- product_selector -->\n<section class=\"product_selector pb-5\">\n    <div class=\"container-xl\">\n        <div class=\"row mb-5\">\n            <div class=\"col-md-4\">\n                <label for=\"industry\">End\u00fcstri:<\/label>\n                <select name=\"industry\" id=\"industry\" data-field-name=\"industry\" class=\"form-select mb-4\">\n                    <option value=\"\">Sekt\u00f6r\u00fcn\u00fcz\u00fc se\u00e7in<\/option>\n                    <option value=\"agregalar\">Agregalar<\/option><option value=\"ahsap-endustrisi\">Ah\u015fap End\u00fcstrisi<\/option><option value=\"ambalajsiz-kati-malzemeler\">Ambalajs\u0131z Kat\u0131 Malzemeler<\/option><option value=\"asfalt\">Asfalt<\/option><option value=\"beton-tr\">Beton<\/option><option value=\"beton-insaat\">Beton ve \u0130n\u015faat<\/option><option value=\"biyoenerji\">Biyoenerji<\/option><option value=\"gida\">G\u0131da<\/option><option value=\"hayvan-besinleri\">Hayvan ve Bal\u0131k Besinleri<\/option><option value=\"kagit-hamuru\">Ka\u011f\u0131t Hamuru<\/option><option value=\"organik\">Organik<\/option><option value=\"pirinc-isleme\">Pirin\u00e7 \u0130\u015fleme<\/option><option value=\"seker\">\u015eeker<\/option><option value=\"tarim\">Tar\u0131m<\/option><option value=\"yag-cikartma\">Ya\u011f \u00c7\u0131kartma<\/option>                    <option value=\"other\">Di\u011fer<\/option>\n                <\/select>\n            <\/div>\n            <div class=\"col-md-4\">\n                <div id=\"processContainer\">\n                    <label for=\"process\">Proses:<\/label>\n                    <select name=\"process\" id=\"process\" data-field-name=\"process\" class=\"form-select mb-4\"><\/select>\n                <\/div>\n            <\/div>\n            <div class=\"col-md-4\">\n                <div id=\"tempContainer\">\n                    <label for=\"temperature\">Malzeme S\u0131cakl\u0131\u011f\u0131:<\/label>\n                    <select name=\"temperature\" id=\"temperature\" data-field-name=\"temperature\" class=\"form-select mb-4\"><\/select>\n                <\/div>\n            <\/div>\n            <div class=\"col-md-4\">\n                <button id=\"reset\" class=\"btn btn-secondary\">\n                    <span id=\"resetText\">S\u0131f\u0131rla<\/span>\n                    <img decoding=\"async\" src=\"https:\/\/www.hydronix.com\/wp-content\/themes\/cb-hydronix\/img\/spinner.gif\" id=\"spinner\">\n                <\/button>\n            <\/div>\n            <div class=\"col-12\">\n                <div id=\"productsContainer\" class=\"my-4 p-4\">\n                    <h3 class=\"mb-3\">Mevcut \u00dcr\u00fcnler<\/h3>\n                    <div class=\"row mb-4 g-3\" id=\"products\"><\/div>\n                <\/div>\n            <\/div>\n        <\/div>\n        <!-- hs_form -->\n        <div class=\"\" id=\"\">\n            <h2 class=\"h4\">Arad\u0131\u011f\u0131n\u0131z\u0131 bulam\u0131yor musunuz? Bize daha fazlas\u0131n\u0131 s\u00f6yleyin:<\/h2>\n            <!--[if lte IE 8]>\n            <script charset=\"utf-8\" type=\"text\/javascript\" src=\"\/\/js.hsforms.net\/forms\/v2-legacy.js\"><\/script>\n            <![endif]-->\n            <script charset=\"utf-8\" type=\"text\/javascript\" src=\"\/\/js.hsforms.net\/forms\/v2.js\"><\/script>\n            <script>\n                            hbspt.forms.create({\n                region: \"na1\",\n                portalId: \"8142423\",\n                formId: \"14709285-0063-45d7-942c-355910e9e48e\"\n            });\n            <\/script>\n        <\/div>\n        <input type=\"hidden\" name=\"hiddenIndustry\" id=\"hiddenIndustry\">\n        <input type=\"hidden\" name=\"hiddenProcess\" id=\"hiddenProcess\">\n        <input type=\"hidden\" name=\"hiddenTemp\" id=\"hiddenTemp\">\n    <\/div>\n<\/section>\n","protected":false},"excerpt":{"rendered":"<p>Size en uygun sens\u00f6r\u00fc bulun! [&#8230;]<\/p>\n<p><a class=\"btn btn-secondary understrap-read-more-link\" href=\"https:\/\/www.hydronix.com\/tr\/uygulamaniz\/\">Daha fazlas\u0131n\u0131 oku\u2026<span class=\"screen-reader-text\"> from Uygulaman\u0131z<\/span><\/a><\/p>\n","protected":false},"author":1,"featured_media":29724,"parent":0,"menu_order":257,"comment_status":"closed","ping_status":"closed","template":"","meta":{"_acf_changed":false,"content-type":"","inline_featured_image":false,"footnotes":""},"industries":[],"process":[],"class_list":["post-31112","page","type-page","status-publish","has-post-thumbnail","hentry"],"acf":[],"yoast_head":"<!-- This site is optimized with the Yoast SEO plugin v27.1.1 - https:\/\/yoast.com\/product\/yoast-seo-wordpress\/ -->\n<title>Uygulaman\u0131z - Hydronix<\/title>\n<meta name=\"description\" content=\"Se\u00e7im k\u0131lavuzumuzla uygulaman\u0131z i\u00e7in en iyi nem \u00f6l\u00e7\u00fcm sens\u00f6r\u00fcn\u00fc bulun veya ayr\u0131nt\u0131l\u0131 tavsiye almak i\u00e7in bize bilgileri g\u00f6nderin.\" \/>\n<meta name=\"robots\" content=\"index, follow, max-snippet:-1, max-image-preview:large, max-video-preview:-1\" \/>\n<link rel=\"canonical\" href=\"https:\/\/www.hydronix.com\/tr\/uygulamaniz\/\" \/>\n<meta property=\"og:locale\" content=\"tr_TR\" \/>\n<meta property=\"og:type\" content=\"article\" \/>\n<meta property=\"og:title\" content=\"Uygulaman\u0131z - Hydronix\" \/>\n<meta property=\"og:description\" content=\"Se\u00e7im k\u0131lavuzumuzla uygulaman\u0131z i\u00e7in en iyi nem \u00f6l\u00e7\u00fcm sens\u00f6r\u00fcn\u00fc bulun veya ayr\u0131nt\u0131l\u0131 tavsiye almak i\u00e7in bize bilgileri g\u00f6nderin.\" \/>\n<meta property=\"og:url\" content=\"https:\/\/www.hydronix.com\/tr\/uygulamaniz\/\" \/>\n<meta property=\"og:site_name\" content=\"Hydronix\" \/>\n<meta property=\"article:modified_time\" content=\"2024-01-08T12:41:57+00:00\" \/>\n<meta property=\"og:image\" content=\"https:\/\/www.hydronix.com\/wp-content\/uploads\/2022\/09\/hero-product-water-abstract.jpg\" \/>\n\t<meta property=\"og:image:width\" content=\"2000\" \/>\n\t<meta property=\"og:image:height\" content=\"400\" \/>\n\t<meta property=\"og:image:type\" content=\"image\/jpeg\" \/>\n<meta name=\"twitter:card\" content=\"summary_large_image\" \/>\n<meta name=\"twitter:label1\" content=\"Tahmini okuma s\u00fcresi\" \/>\n\t<meta name=\"twitter:data1\" content=\"1 dakika\" \/>\n<script type=\"application\/ld+json\" class=\"yoast-schema-graph\">{\"@context\":\"https:\/\/schema.org\",\"@graph\":[{\"@type\":\"WebPage\",\"@id\":\"https:\/\/www.hydronix.com\/tr\/uygulamaniz\/\",\"url\":\"https:\/\/www.hydronix.com\/tr\/uygulamaniz\/\",\"name\":\"Uygulaman\u0131z - Hydronix\",\"isPartOf\":{\"@id\":\"https:\/\/www.hydronix.com\/tr\/#website\"},\"primaryImageOfPage\":{\"@id\":\"https:\/\/www.hydronix.com\/tr\/uygulamaniz\/#primaryimage\"},\"image\":{\"@id\":\"https:\/\/www.hydronix.com\/tr\/uygulamaniz\/#primaryimage\"},\"thumbnailUrl\":\"https:\/\/www.hydronix.com\/wp-content\/uploads\/2022\/09\/hero-product-water-abstract.jpg\",\"datePublished\":\"2022-09-12T14:26:30+00:00\",\"dateModified\":\"2024-01-08T12:41:57+00:00\",\"description\":\"Se\u00e7im k\u0131lavuzumuzla uygulaman\u0131z i\u00e7in en iyi nem \u00f6l\u00e7\u00fcm sens\u00f6r\u00fcn\u00fc bulun veya ayr\u0131nt\u0131l\u0131 tavsiye almak i\u00e7in bize bilgileri g\u00f6nderin.\",\"breadcrumb\":{\"@id\":\"https:\/\/www.hydronix.com\/tr\/uygulamaniz\/#breadcrumb\"},\"inLanguage\":\"tr\",\"potentialAction\":[{\"@type\":\"ReadAction\",\"target\":[\"https:\/\/www.hydronix.com\/tr\/uygulamaniz\/\"]}]},{\"@type\":\"ImageObject\",\"inLanguage\":\"tr\",\"@id\":\"https:\/\/www.hydronix.com\/tr\/uygulamaniz\/#primaryimage\",\"url\":\"https:\/\/www.hydronix.com\/wp-content\/uploads\/2022\/09\/hero-product-water-abstract.jpg\",\"contentUrl\":\"https:\/\/www.hydronix.com\/wp-content\/uploads\/2022\/09\/hero-product-water-abstract.jpg\",\"width\":2000,\"height\":400},{\"@type\":\"BreadcrumbList\",\"@id\":\"https:\/\/www.hydronix.com\/tr\/uygulamaniz\/#breadcrumb\",\"itemListElement\":[{\"@type\":\"ListItem\",\"position\":1,\"name\":\"Home\",\"item\":\"https:\/\/www.hydronix.com\/tr\/\"},{\"@type\":\"ListItem\",\"position\":2,\"name\":\"Uygulaman\u0131z\"}]},{\"@type\":\"WebSite\",\"@id\":\"https:\/\/www.hydronix.com\/tr\/#website\",\"url\":\"https:\/\/www.hydronix.com\/tr\/\",\"name\":\"Hydronix\",\"description\":\"Your partner in moisture measurement\",\"potentialAction\":[{\"@type\":\"SearchAction\",\"target\":{\"@type\":\"EntryPoint\",\"urlTemplate\":\"https:\/\/www.hydronix.com\/tr\/?s={search_term_string}\"},\"query-input\":{\"@type\":\"PropertyValueSpecification\",\"valueRequired\":true,\"valueName\":\"search_term_string\"}}],\"inLanguage\":\"tr\"}]}<\/script>\n<!-- \/ Yoast SEO plugin. -->","yoast_head_json":{"title":"Uygulaman\u0131z - Hydronix","description":"Se\u00e7im k\u0131lavuzumuzla uygulaman\u0131z i\u00e7in en iyi nem \u00f6l\u00e7\u00fcm sens\u00f6r\u00fcn\u00fc bulun veya ayr\u0131nt\u0131l\u0131 tavsiye almak i\u00e7in bize bilgileri g\u00f6nderin.","robots":{"index":"index","follow":"follow","max-snippet":"max-snippet:-1","max-image-preview":"max-image-preview:large","max-video-preview":"max-video-preview:-1"},"canonical":"https:\/\/www.hydronix.com\/tr\/uygulamaniz\/","og_locale":"tr_TR","og_type":"article","og_title":"Uygulaman\u0131z - Hydronix","og_description":"Se\u00e7im k\u0131lavuzumuzla uygulaman\u0131z i\u00e7in en iyi nem \u00f6l\u00e7\u00fcm sens\u00f6r\u00fcn\u00fc bulun veya ayr\u0131nt\u0131l\u0131 tavsiye almak i\u00e7in bize bilgileri g\u00f6nderin.","og_url":"https:\/\/www.hydronix.com\/tr\/uygulamaniz\/","og_site_name":"Hydronix","article_modified_time":"2024-01-08T12:41:57+00:00","og_image":[{"width":2000,"height":400,"url":"https:\/\/www.hydronix.com\/wp-content\/uploads\/2022\/09\/hero-product-water-abstract.jpg","type":"image\/jpeg"}],"twitter_card":"summary_large_image","twitter_misc":{"Tahmini okuma s\u00fcresi":"1 dakika"},"schema":{"@context":"https:\/\/schema.org","@graph":[{"@type":"WebPage","@id":"https:\/\/www.hydronix.com\/tr\/uygulamaniz\/","url":"https:\/\/www.hydronix.com\/tr\/uygulamaniz\/","name":"Uygulaman\u0131z - Hydronix","isPartOf":{"@id":"https:\/\/www.hydronix.com\/tr\/#website"},"primaryImageOfPage":{"@id":"https:\/\/www.hydronix.com\/tr\/uygulamaniz\/#primaryimage"},"image":{"@id":"https:\/\/www.hydronix.com\/tr\/uygulamaniz\/#primaryimage"},"thumbnailUrl":"https:\/\/www.hydronix.com\/wp-content\/uploads\/2022\/09\/hero-product-water-abstract.jpg","datePublished":"2022-09-12T14:26:30+00:00","dateModified":"2024-01-08T12:41:57+00:00","description":"Se\u00e7im k\u0131lavuzumuzla uygulaman\u0131z i\u00e7in en iyi nem \u00f6l\u00e7\u00fcm sens\u00f6r\u00fcn\u00fc bulun veya ayr\u0131nt\u0131l\u0131 tavsiye almak i\u00e7in bize bilgileri g\u00f6nderin.","breadcrumb":{"@id":"https:\/\/www.hydronix.com\/tr\/uygulamaniz\/#breadcrumb"},"inLanguage":"tr","potentialAction":[{"@type":"ReadAction","target":["https:\/\/www.hydronix.com\/tr\/uygulamaniz\/"]}]},{"@type":"ImageObject","inLanguage":"tr","@id":"https:\/\/www.hydronix.com\/tr\/uygulamaniz\/#primaryimage","url":"https:\/\/www.hydronix.com\/wp-content\/uploads\/2022\/09\/hero-product-water-abstract.jpg","contentUrl":"https:\/\/www.hydronix.com\/wp-content\/uploads\/2022\/09\/hero-product-water-abstract.jpg","width":2000,"height":400},{"@type":"BreadcrumbList","@id":"https:\/\/www.hydronix.com\/tr\/uygulamaniz\/#breadcrumb","itemListElement":[{"@type":"ListItem","position":1,"name":"Home","item":"https:\/\/www.hydronix.com\/tr\/"},{"@type":"ListItem","position":2,"name":"Uygulaman\u0131z"}]},{"@type":"WebSite","@id":"https:\/\/www.hydronix.com\/tr\/#website","url":"https:\/\/www.hydronix.com\/tr\/","name":"Hydronix","description":"Your partner in moisture measurement","potentialAction":[{"@type":"SearchAction","target":{"@type":"EntryPoint","urlTemplate":"https:\/\/www.hydronix.com\/tr\/?s={search_term_string}"},"query-input":{"@type":"PropertyValueSpecification","valueRequired":true,"valueName":"search_term_string"}}],"inLanguage":"tr"}]}},"_links":{"self":[{"href":"https:\/\/www.hydronix.com\/tr\/wp-json\/wp\/v2\/pages\/31112","targetHints":{"allow":["GET"]}}],"collection":[{"href":"https:\/\/www.hydronix.com\/tr\/wp-json\/wp\/v2\/pages"}],"about":[{"href":"https:\/\/www.hydronix.com\/tr\/wp-json\/wp\/v2\/types\/page"}],"author":[{"embeddable":true,"href":"https:\/\/www.hydronix.com\/tr\/wp-json\/wp\/v2\/users\/1"}],"replies":[{"embeddable":true,"href":"https:\/\/www.hydronix.com\/tr\/wp-json\/wp\/v2\/comments?post=31112"}],"version-history":[{"count":0,"href":"https:\/\/www.hydronix.com\/tr\/wp-json\/wp\/v2\/pages\/31112\/revisions"}],"wp:featuredmedia":[{"embeddable":true,"href":"https:\/\/www.hydronix.com\/tr\/wp-json\/wp\/v2\/media\/29724"}],"wp:attachment":[{"href":"https:\/\/www.hydronix.com\/tr\/wp-json\/wp\/v2\/media?parent=31112"}],"wp:term":[{"taxonomy":"industries","embeddable":true,"href":"https:\/\/www.hydronix.com\/tr\/wp-json\/wp\/v2\/industries?post=31112"},{"taxonomy":"process","embeddable":true,"href":"https:\/\/www.hydronix.com\/tr\/wp-json\/wp\/v2\/process?post=31112"}],"curies":[{"name":"wp","href":"https:\/\/api.w.org\/{rel}","templated":true}]}}