{"id":31108,"date":"2022-09-12T13:57:02","date_gmt":"2022-09-12T13:57:02","guid":{"rendered":"https:\/\/hydronix.chilliservers.co.uk\/olcum\/beton-ve-insaat\/"},"modified":"2024-09-10T11:25:43","modified_gmt":"2024-09-10T11:25:43","slug":"beton-ve-insaat","status":"publish","type":"page","link":"https:\/\/www.hydronix.com\/tr\/olcum\/beton-ve-insaat\/","title":{"rendered":"Beton ve \u0130n\u015faat"},"content":{"rendered":"<!-- icon_hero -->\n<section class=\"application_hero d-flex py-5\" style=\"background-image:url(https:\/\/www.hydronix.com\/wp-content\/uploads\/2022\/09\/application-bg-concrete.jpg)\">\n    <div class=\"overlay\"><\/div>\n    <div class=\"container my-auto\">\n        <div class=\"row\">\n            <div class=\"col-lg-2\"><img decoding=\"async\" src=\"https:\/\/www.hydronix.com\/wp-content\/themes\/cb-hydronix\/img\/icons\/icon__concrete-construction--wo.svg\" class=\"w-50 w-lg-100\"><\/div>\n            <div class=\"col-lg-10 d-flex hero__content\"><h1 class=\"my-auto text-white\">Beton ve \u0130n\u015faat<\/h1><\/div>\n        <\/div>\n    <\/div>\n<\/section>\n<section class=\"sub_page_title py-1 mb-4\">\n    <div class=\"container-xl\">\n        <p id=\"breadcrumbs\"><span><span><a href=\"https:\/\/www.hydronix.com\/tr\/\">Home<\/a><\/span><\/span><\/p>    <\/div>\n<\/section>\n\n\n    <div class=\"container-xl\">\n\t\t\n<p>Bu Hydronix sens\u00f6rler ilk ba\u015fta beton \u00fcretiminde nem \u00f6l\u00e7\u00fcm\u00fc i\u00e7in tasarlanm\u0131\u015ft\u0131r ve akan agregalar\u0131n zorlu ortam\u0131na ve beton mikserinin t\u00fcrb\u00fclans\u0131na dayanacak \u015fekilde \u00fcretilmi\u015ftir. \u00dcreticilerin, maliyetleri minimum d\u00fczeyde tutarken, bir partiden di\u011ferine y\u00fcksek teknik \u00f6zelliklere g\u00f6re kaliteli beton \u00fcretmelerine olanak tan\u0131r.<\/p>\n    <\/div>\n    \n\n<!-- text_video -->\n<section class=\"text_video  py-5\">\n    <div class=\"container-xl\">\n        <div class=\"row\">\n            <div class=\"col-lg-5 text_video__content order-1 order-lg-1 mb-4 mb-lg-0 pt-5 py-md-5\">\n                <h2>\u00dcr\u00fcne Genel Bak\u0131\u015f<\/h2><div class=\"fs-4 mb-4\">BETON HARMANLAMADA NEM KONTROL\u00dc<\/div>                <div class=\"content mb-4\"><p>Bu video, beton ve in\u015faat sekt\u00f6r\u00fc i\u00e7in \u00f6zel olarak tasarlanm\u0131\u015f Hydronix \u00fcr\u00fcn yelpazesine genel bir bak\u0131\u015f sunmaktad\u0131r.<\/p>\n<\/div>\n                            <\/div>\n            <div class=\"col-lg-7 mb-4 mb-lg-0 d-flex order-2 order-lg-2\">\n                <div class=\"video__container w-100 my-auto\" style=\"background-color:#1a1a1a\">\n                                        <div class=\"ratio ratio-16x9 mx-auto\">\n                                                <iframe src=\"https:\/\/player.vimeo.com\/video\/998776914?byline=0&#038;portrait=0\" allow=\"autoplay; fullscreen; picture-in-picture\" webkitallowfullscreen mozallowfullscreen allowfullscreen><\/iframe>\n                                                <\/div>\n                    <!-- <lite-vimeo videoid=\"998776914\" style=\"background-image:url('');\"><\/lite-vimeo> -->\n                <\/div>\n            <\/div>\n        <\/div>\n    <\/div>\n<\/section>\n<!-- <script type=module src=\"https:\/\/cdn.jsdelivr.net\/npm\/@slightlyoff\/lite-vimeo@0.1.1\/lite-vimeo.js\"><\/script> -->\n\n<!-- products -->\n<section class=\"prod_by_app product pb-5\">\n    <div class=\"container-xl\">\n        <h2>\u00dcr\u00fcnler<\/h2>\n        <div class=\"row g-3\">\n\n    <div class=\"col-sm-6 col-lg-3\">\n        <a class=\"product__card\" href=\"https:\/\/www.hydronix.com\/tr\/products\/hydro-probe\/\">\n            <img decoding=\"async\" src=\"https:\/\/www.hydronix.com\/wp-content\/uploads\/2022\/09\/Hydro-Probe-300x169.png\">\n            <div class=\"mb-2 fw-bold\">Hydro-Probe<\/div>\n            <div class=\"mb-2 product__subtitle\">Nem sens\u00f6r\u00fc: Bunkerler ve kanallar i\u00e7in<\/div>\n            <div class=\"badges\">\n                            <\/div>\n        <\/a>\n    <\/div>\n        <div class=\"col-sm-6 col-lg-3\">\n        <a class=\"product__card\" href=\"https:\/\/www.hydronix.com\/tr\/products\/hydro-mix\/\">\n            <img decoding=\"async\" src=\"https:\/\/www.hydronix.com\/wp-content\/uploads\/2022\/10\/hm08-hero-300x169.png\">\n            <div class=\"mb-2 fw-bold\">Hydro-Mix<\/div>\n            <div class=\"mb-2 product__subtitle\">Nem sens\u00f6r\u00fc: Mikserler ve konvey\u00f6rler i\u00e7in s\u0131va alt\u0131 montaj<\/div>\n            <div class=\"badges\">\n                            <\/div>\n        <\/a>\n    <\/div>\n        <div class=\"col-sm-6 col-lg-3\">\n        <a class=\"product__card\" href=\"https:\/\/www.hydronix.com\/tr\/products\/hydro-probe-orbiter\/\">\n            <img decoding=\"async\" src=\"https:\/\/www.hydronix.com\/wp-content\/uploads\/2022\/11\/orb3-flat-front-300x169.png\">\n            <div class=\"mb-2 fw-bold\">Hydro-Probe Orbiter<\/div>\n            <div class=\"mb-2 product__subtitle\">Nem sens\u00f6r\u00fc: D\u00f6ner pan mikserler i\u00e7in<\/div>\n            <div class=\"badges\">\n                                        <div class=\"badge badge--high-temp\"><\/div>\n                                    <\/div>\n        <\/a>\n    <\/div>\n        <div class=\"col-sm-6 col-lg-3\">\n        <a class=\"product__card\" href=\"https:\/\/www.hydronix.com\/tr\/products\/thermo-tuff\/\">\n            <img decoding=\"async\" src=\"https:\/\/www.hydronix.com\/wp-content\/uploads\/2022\/11\/tt01-persp-300x169.png\">\n            <div class=\"mb-2 fw-bold\">Thermo-Tuff<\/div>\n            <div class=\"mb-2 product__subtitle\">S\u0131cakl\u0131k sens\u00f6r\u00fc: Bunkerler ve mikserler i\u00e7in y\u00fcksek h\u0131zl\u0131 dayan\u0131kl\u0131 s\u0131cakl\u0131k sens\u00f6r\u00fc<\/div>\n            <div class=\"badges\">\n                                        <div class=\"badge badge--high-temp\"><\/div>\n                                    <\/div>\n        <\/a>\n    <\/div>\n        <div class=\"col-sm-6 col-lg-3\">\n        <a class=\"product__card\" href=\"https:\/\/www.hydronix.com\/tr\/products\/hydro-control\/\">\n            <img decoding=\"async\" src=\"https:\/\/www.hydronix.com\/wp-content\/uploads\/2022\/09\/HC07screenshot-300x216.png\">\n            <div class=\"mb-2 fw-bold\">Hydro-Control<\/div>\n            <div class=\"mb-2 product__subtitle\">Su Kontrol\u00f6r\u00fc<\/div>\n            <div class=\"badges\">\n                            <\/div>\n        <\/a>\n    <\/div>\n        <div class=\"col-sm-6 col-lg-3\">\n        <a class=\"product__card\" href=\"https:\/\/www.hydronix.com\/tr\/products\/hydro-hub\/\">\n            <img decoding=\"async\" src=\"https:\/\/www.hydronix.com\/wp-content\/uploads\/2022\/09\/HH01-300x169.png\">\n            <div class=\"mb-2 fw-bold\">Hydro-Hub<\/div>\n            <div class=\"mb-2 product__subtitle\">Hydronix sens\u00f6rleri Ofis ve Fieldbus a\u011flar\u0131na kolayca ba\u011flay\u0131n<\/div>\n            <div class=\"badges\">\n                            <\/div>\n        <\/a>\n    <\/div>\n        <div class=\"col-sm-6 col-lg-3\">\n        <a class=\"product__card\" href=\"https:\/\/www.hydronix.com\/tr\/products\/hydro-view\/\">\n            <img decoding=\"async\" src=\"https:\/\/www.hydronix.com\/wp-content\/uploads\/2023\/10\/HV05-screenshot-smaller-300x265.png\">\n            <div class=\"mb-2 fw-bold\">Hydro-View<\/div>\n            <div class=\"mb-2 product__subtitle\">Veri g\u00f6r\u00fcnt\u00fclemek ve Hydronix Sens\u00f6rleri y\u00f6netmek i\u00e7in dokunmatik ekran sistemi<\/div>\n            <div class=\"badges\">\n                            <\/div>\n        <\/a>\n    <\/div>\n            <\/div>\n    <\/div>\n<\/section>\n\n<section class=\"aggregate-plant pt-4 pb-5\">\n    <div class=\"container-xl\">\n        <h2>Kurulum Noktalar\u0131<\/h2>\n        <div class=\"row\">\n            <div class=\"col-md-8 mb-4\">\n                <img decoding=\"async\" src=\"https:\/\/www.hydronix.com\/wp-content\/themes\/cb-hydronix\/img\/plant\/aggregate-plant--dots.png\" alt=\"aggregate plant\" class=\"sc-map img-fluid\" usemap=\"#imageMap\">\n            <\/div>\n            <div class=\"col-md-4\">\n                <div class=\"plant\" id=\"plantInfo\">\n                    <div id=\"intro\" class=\"plant__card\">\n                        Hydronix sens\u00f6rlerin nereye tak\u0131labilece\u011fini g\u00f6rmek i\u00e7in yandaki \u015femay\u0131 inceleyin.                    <\/div>\n                    <div id=\"hopperContent\" class=\"plant__card\" style=\"display:none\">\n                                                <h3 class=\"plant__title\">Bunker\/Silo\/Huni<\/h3>\n                        <div class=\"row g-2\">\n                            <div class=\"col-md-4 order-1 order-md-2 text-center\">\n                                <img decoding=\"async\" src=\"\">\n                            <\/div>\n                            <div class=\"col-md-8 order-2 order-md-1\">\n                                <ul>\n                                <li>Bunkerin Bo\u011faz\u0131<\/li><li>Bunkerin Alt\u0131na<\/li><li>Bunkerin \u0130\u00e7ine<\/li>                                <\/ul>\n                            <\/div>\n                        <\/div>\n                        <ul>\n                            <li><a href=\"https:\/\/www.hydronix.com\/tr\/products\/hydro-probe\/\">Hydro-Probe<\/a><\/li><li><a href=\"https:\/\/www.hydronix.com\/tr\/products\/thermo-tuff\/\">Thermo-Tuff<\/a><\/li>                        <\/ul>\n                    <\/div>\n                    <div id=\"conveyorContent\" class=\"plant__card\" style=\"display:none\">\n                                                <h3 class=\"plant__title\">Konvey\u00f6r band\u0131<\/h3>\n                        <div class=\"row g-2\">\n                            <div class=\"col-md-4 order-1 order-md-2 text-center\">\n                                <img decoding=\"async\" src=\"\">\n                            <\/div>\n                            <div class=\"col-md-8 order-2 order-md-1\">\n                                <ul>\n                                <li>Konvey\u00f6r\u00fcn \u00fczerine monte edilir<\/li>                                <\/ul>\n                            <\/div>\n                        <\/div>\n                        <ul>\n                            <li><a href=\"https:\/\/www.hydronix.com\/tr\/products\/hydro-probe\/\">Hydro-Probe<\/a><\/li><li><a href=\"https:\/\/www.hydronix.com\/tr\/products\/hydro-probe-orbiter\/\">Hydro-Probe Orbiter<\/a><\/li>                        <\/ul>\n                    <\/div>\n                    <div id=\"mixerContent\" class=\"plant__card\" style=\"display:none\">\n                                                <h3 class=\"plant__title\">Mikser<\/h3>\n                        <div class=\"row g-2\">\n                            <div class=\"col-md-4 order-1 order-md-2 text-center\">\n                                <img decoding=\"async\" src=\"\">\n                            <\/div>\n                            <div class=\"col-md-8 order-2 order-md-1\">\n                                <ul>\n                                <li>Tek \/ \u00c7ift \u015eaftl\u0131 Mikser<\/li><li>Statik Kazan Mikser ve Planet Mikser<\/li><li>D\u00f6ner Kazan Mikser<\/li>                                <\/ul>\n                            <\/div>\n                        <\/div>\n                        <ul>\n                            <li><a href=\"https:\/\/www.hydronix.com\/tr\/products\/hydro-mix\/\">Hydro-Mix<\/a><\/li><li><a href=\"https:\/\/www.hydronix.com\/tr\/products\/hydro-probe-orbiter\/\">Hydro-Probe Orbiter<\/a><\/li><li><a href=\"https:\/\/www.hydronix.com\/tr\/products\/thermo-tuff\/\">Thermo-Tuff<\/a><\/li>                        <\/ul>\n                    <\/div>\n                    <div id=\"controlContent\" class=\"plant__card\" style=\"display:none\">\n                                            <h3 class=\"plant__title\">Kontrol Odas\u0131<\/h2>\n                        <div class=\"row g-2\">\n                            <div class=\"col-md-4 order-1 order-md-2 text-center\">\n                                <img decoding=\"async\" src=\"\">\n                            <\/div>\n                            <div class=\"col-md-8 order-2 order-md-1\">\n                                <ul>\n                                    <li>Su kontrol\u00fc<\/li><li>Sens\u00f6r ekran\u0131, yap\u0131land\u0131rma ve tan\u0131lama<\/li><li>Uzaktan eri\u015fim<\/li>                                <\/ul>\n                            <\/div>\n                        <\/div>\n                        <ul>\n                            <li><a href=\"https:\/\/www.hydronix.com\/tr\/products\/hydro-view\/\">Hydro-View<\/a><\/li><li><a href=\"https:\/\/www.hydronix.com\/tr\/products\/hydro-hub\/\">Hydro-Hub<\/a><\/li><li><a href=\"https:\/\/www.hydronix.com\/tr\/products\/hydro-control\/\">Hydro-Control<\/a><\/li>                        <\/ul>\n                    <\/div>\n                <\/div>\n            <\/div>\n        <\/div>\n    <\/div>\n<\/section>\n\n<map name=\"imageMap\">\n    <area data-maphilight='{\"fillColor\":\"ef9829\",\"fillOpacity\":0.6}' id=\"hopper\" alt=\"hopper\" title=\"hopper\" href=\"#\" coords=\"43,388,43,537,279,400,280,317,101,421\" shape=\"poly\">\n    <area data-maphilight='{\"fillColor\":\"ef9829\",\"fillOpacity\":0.6}' id=\"conveyor\" alt=\"conveyor\" title=\"conveyor\" href=\"#\" coords=\"5,561,299,390,313,394,447,221,479,238,326,437,39,600,5,581\" shape=\"poly\">\n    <area data-maphilight='{\"fillColor\":\"ef9829\",\"fillOpacity\":0.6}' id=\"mixer\" alt=\"mixer\" title=\"mixer\" href=\"#\" coords=\"455,222,481,237,461,266,486,280,509,283,527,280,550,273,558,258,558,225,553,217,534,231,508,236,493,235,472,228\" shape=\"poly\">\n    <area data-maphilight='{\"fillColor\":\"ef9829\",\"fillOpacity\":0.6}' id=\"control\" alt=\"control\" title=\"control\" href=\"#\" coords=\"712,257,756,231,796,255,796,319,752,344,713,321\" shape=\"poly\">\n<\/map>\n\n<style>\n    .highlight {\n        background-color: yellow;\n    }\n<\/style>\n","protected":false},"excerpt":{"rendered":"<p>Bu Hydronix sens\u00f6rler ilk ba\u015fta beton \u00fcretiminde nem \u00f6l\u00e7\u00fcm\u00fc i\u00e7in tasarlanm\u0131\u015ft\u0131r ve akan agregalar\u0131n zorlu ortam\u0131na ve beton mikserinin t\u00fcrb\u00fclans\u0131na dayanacak \u015fekilde \u00fcretilmi\u015ftir. \u00dcreticilerin, maliyetleri minimum d\u00fczeyde tutarken, bir partiden di\u011ferine y\u00fcksek teknik \u00f6zelliklere g\u00f6re kaliteli beton \u00fcretmelerine olanak tan\u0131r. [&#8230;]<\/p>\n<p><a class=\"btn btn-secondary understrap-read-more-link\" href=\"https:\/\/www.hydronix.com\/tr\/olcum\/beton-ve-insaat\/\">Daha fazlas\u0131n\u0131 oku\u2026<span class=\"screen-reader-text\"> from Beton ve \u0130n\u015faat<\/span><\/a><\/p>\n","protected":false},"author":1,"featured_media":0,"parent":31098,"menu_order":439,"comment_status":"closed","ping_status":"closed","template":"","meta":{"_acf_changed":false,"content-type":"","inline_featured_image":false,"footnotes":""},"industries":[],"process":[],"class_list":["post-31108","page","type-page","status-publish","hentry"],"acf":[],"yoast_head":"<!-- This site is optimized with the Yoast SEO plugin v27.1.1 - https:\/\/yoast.com\/product\/yoast-seo-wordpress\/ -->\n<title>Beton ve \u0130n\u015faat - Hydronix<\/title>\n<meta name=\"description\" content=\"Beton \u00fcretiminde kullan\u0131ma y\u00f6nelik nem sens\u00f6rleri, akan agregalar\u0131n zorlu ortam\u0131na ve beton mikserinin t\u00fcrb\u00fclans\u0131na dayanacak \u015fekilde \u00fcretilmi\u015ftir.\" \/>\n<meta name=\"robots\" content=\"index, follow, max-snippet:-1, max-image-preview:large, max-video-preview:-1\" \/>\n<link rel=\"canonical\" href=\"https:\/\/www.hydronix.com\/tr\/olcum\/beton-ve-insaat\/\" \/>\n<meta property=\"og:locale\" content=\"tr_TR\" \/>\n<meta property=\"og:type\" content=\"article\" \/>\n<meta property=\"og:title\" content=\"Beton ve \u0130n\u015faat - Hydronix\" \/>\n<meta property=\"og:description\" content=\"Beton \u00fcretiminde kullan\u0131ma y\u00f6nelik nem sens\u00f6rleri, akan agregalar\u0131n zorlu ortam\u0131na ve beton mikserinin t\u00fcrb\u00fclans\u0131na dayanacak \u015fekilde \u00fcretilmi\u015ftir.\" \/>\n<meta property=\"og:url\" content=\"https:\/\/www.hydronix.com\/tr\/olcum\/beton-ve-insaat\/\" \/>\n<meta property=\"og:site_name\" content=\"Hydronix\" \/>\n<meta property=\"article:modified_time\" content=\"2024-09-10T11:25:43+00:00\" \/>\n<meta name=\"twitter:card\" content=\"summary_large_image\" \/>\n<meta name=\"twitter:label1\" content=\"Tahmini okuma s\u00fcresi\" \/>\n\t<meta name=\"twitter:data1\" content=\"1 dakika\" \/>\n<script type=\"application\/ld+json\" class=\"yoast-schema-graph\">{\"@context\":\"https:\/\/schema.org\",\"@graph\":[{\"@type\":\"WebPage\",\"@id\":\"https:\/\/www.hydronix.com\/tr\/olcum\/beton-ve-insaat\/\",\"url\":\"https:\/\/www.hydronix.com\/tr\/olcum\/beton-ve-insaat\/\",\"name\":\"Beton ve \u0130n\u015faat - Hydronix\",\"isPartOf\":{\"@id\":\"https:\/\/www.hydronix.com\/tr\/#website\"},\"datePublished\":\"2022-09-12T13:57:02+00:00\",\"dateModified\":\"2024-09-10T11:25:43+00:00\",\"description\":\"Beton \u00fcretiminde kullan\u0131ma y\u00f6nelik nem sens\u00f6rleri, akan agregalar\u0131n zorlu ortam\u0131na ve beton mikserinin t\u00fcrb\u00fclans\u0131na dayanacak \u015fekilde \u00fcretilmi\u015ftir.\",\"breadcrumb\":{\"@id\":\"https:\/\/www.hydronix.com\/tr\/olcum\/beton-ve-insaat\/#breadcrumb\"},\"inLanguage\":\"tr\",\"potentialAction\":[{\"@type\":\"ReadAction\",\"target\":[\"https:\/\/www.hydronix.com\/tr\/olcum\/beton-ve-insaat\/\"]}]},{\"@type\":\"BreadcrumbList\",\"@id\":\"https:\/\/www.hydronix.com\/tr\/olcum\/beton-ve-insaat\/#breadcrumb\",\"itemListElement\":[{\"@type\":\"ListItem\",\"position\":1,\"name\":\"Home\",\"item\":\"https:\/\/www.hydronix.com\/tr\/\"},{\"@type\":\"ListItem\",\"position\":2,\"name\":\"\u00d6l\u00e7\u00fcm\",\"item\":\"https:\/\/www.hydronix.com\/tr\/olcum\/\"},{\"@type\":\"ListItem\",\"position\":3,\"name\":\"Beton ve \u0130n\u015faat\"}]},{\"@type\":\"WebSite\",\"@id\":\"https:\/\/www.hydronix.com\/tr\/#website\",\"url\":\"https:\/\/www.hydronix.com\/tr\/\",\"name\":\"Hydronix\",\"description\":\"Your partner in moisture measurement\",\"potentialAction\":[{\"@type\":\"SearchAction\",\"target\":{\"@type\":\"EntryPoint\",\"urlTemplate\":\"https:\/\/www.hydronix.com\/tr\/?s={search_term_string}\"},\"query-input\":{\"@type\":\"PropertyValueSpecification\",\"valueRequired\":true,\"valueName\":\"search_term_string\"}}],\"inLanguage\":\"tr\"}]}<\/script>\n<!-- \/ Yoast SEO plugin. -->","yoast_head_json":{"title":"Beton ve \u0130n\u015faat - Hydronix","description":"Beton \u00fcretiminde kullan\u0131ma y\u00f6nelik nem sens\u00f6rleri, akan agregalar\u0131n zorlu ortam\u0131na ve beton mikserinin t\u00fcrb\u00fclans\u0131na dayanacak \u015fekilde \u00fcretilmi\u015ftir.","robots":{"index":"index","follow":"follow","max-snippet":"max-snippet:-1","max-image-preview":"max-image-preview:large","max-video-preview":"max-video-preview:-1"},"canonical":"https:\/\/www.hydronix.com\/tr\/olcum\/beton-ve-insaat\/","og_locale":"tr_TR","og_type":"article","og_title":"Beton ve \u0130n\u015faat - Hydronix","og_description":"Beton \u00fcretiminde kullan\u0131ma y\u00f6nelik nem sens\u00f6rleri, akan agregalar\u0131n zorlu ortam\u0131na ve beton mikserinin t\u00fcrb\u00fclans\u0131na dayanacak \u015fekilde \u00fcretilmi\u015ftir.","og_url":"https:\/\/www.hydronix.com\/tr\/olcum\/beton-ve-insaat\/","og_site_name":"Hydronix","article_modified_time":"2024-09-10T11:25:43+00:00","twitter_card":"summary_large_image","twitter_misc":{"Tahmini okuma s\u00fcresi":"1 dakika"},"schema":{"@context":"https:\/\/schema.org","@graph":[{"@type":"WebPage","@id":"https:\/\/www.hydronix.com\/tr\/olcum\/beton-ve-insaat\/","url":"https:\/\/www.hydronix.com\/tr\/olcum\/beton-ve-insaat\/","name":"Beton ve \u0130n\u015faat - Hydronix","isPartOf":{"@id":"https:\/\/www.hydronix.com\/tr\/#website"},"datePublished":"2022-09-12T13:57:02+00:00","dateModified":"2024-09-10T11:25:43+00:00","description":"Beton \u00fcretiminde kullan\u0131ma y\u00f6nelik nem sens\u00f6rleri, akan agregalar\u0131n zorlu ortam\u0131na ve beton mikserinin t\u00fcrb\u00fclans\u0131na dayanacak \u015fekilde \u00fcretilmi\u015ftir.","breadcrumb":{"@id":"https:\/\/www.hydronix.com\/tr\/olcum\/beton-ve-insaat\/#breadcrumb"},"inLanguage":"tr","potentialAction":[{"@type":"ReadAction","target":["https:\/\/www.hydronix.com\/tr\/olcum\/beton-ve-insaat\/"]}]},{"@type":"BreadcrumbList","@id":"https:\/\/www.hydronix.com\/tr\/olcum\/beton-ve-insaat\/#breadcrumb","itemListElement":[{"@type":"ListItem","position":1,"name":"Home","item":"https:\/\/www.hydronix.com\/tr\/"},{"@type":"ListItem","position":2,"name":"\u00d6l\u00e7\u00fcm","item":"https:\/\/www.hydronix.com\/tr\/olcum\/"},{"@type":"ListItem","position":3,"name":"Beton ve \u0130n\u015faat"}]},{"@type":"WebSite","@id":"https:\/\/www.hydronix.com\/tr\/#website","url":"https:\/\/www.hydronix.com\/tr\/","name":"Hydronix","description":"Your partner in moisture measurement","potentialAction":[{"@type":"SearchAction","target":{"@type":"EntryPoint","urlTemplate":"https:\/\/www.hydronix.com\/tr\/?s={search_term_string}"},"query-input":{"@type":"PropertyValueSpecification","valueRequired":true,"valueName":"search_term_string"}}],"inLanguage":"tr"}]}},"_links":{"self":[{"href":"https:\/\/www.hydronix.com\/tr\/wp-json\/wp\/v2\/pages\/31108","targetHints":{"allow":["GET"]}}],"collection":[{"href":"https:\/\/www.hydronix.com\/tr\/wp-json\/wp\/v2\/pages"}],"about":[{"href":"https:\/\/www.hydronix.com\/tr\/wp-json\/wp\/v2\/types\/page"}],"author":[{"embeddable":true,"href":"https:\/\/www.hydronix.com\/tr\/wp-json\/wp\/v2\/users\/1"}],"replies":[{"embeddable":true,"href":"https:\/\/www.hydronix.com\/tr\/wp-json\/wp\/v2\/comments?post=31108"}],"version-history":[{"count":1,"href":"https:\/\/www.hydronix.com\/tr\/wp-json\/wp\/v2\/pages\/31108\/revisions"}],"predecessor-version":[{"id":37851,"href":"https:\/\/www.hydronix.com\/tr\/wp-json\/wp\/v2\/pages\/31108\/revisions\/37851"}],"up":[{"embeddable":true,"href":"https:\/\/www.hydronix.com\/tr\/wp-json\/wp\/v2\/pages\/31098"}],"wp:attachment":[{"href":"https:\/\/www.hydronix.com\/tr\/wp-json\/wp\/v2\/media?parent=31108"}],"wp:term":[{"taxonomy":"industries","embeddable":true,"href":"https:\/\/www.hydronix.com\/tr\/wp-json\/wp\/v2\/industries?post=31108"},{"taxonomy":"process","embeddable":true,"href":"https:\/\/www.hydronix.com\/tr\/wp-json\/wp\/v2\/process?post=31108"}],"curies":[{"name":"wp","href":"https:\/\/api.w.org\/{rel}","templated":true}]}}