{"id":31102,"date":"2022-09-12T13:47:11","date_gmt":"2022-09-12T13:47:11","guid":{"rendered":"https:\/\/hydronix.chilliservers.co.uk\/olcum\/gidalar-icin-guvenli\/"},"modified":"2023-11-23T14:17:59","modified_gmt":"2023-11-23T14:17:59","slug":"gidalar-icin-guvenli","status":"publish","type":"page","link":"https:\/\/www.hydronix.com\/tr\/olcum\/gidalar-icin-guvenli\/","title":{"rendered":"G\u0131dalar i\u00e7in G\u00fcvenli"},"content":{"rendered":"<!-- icon_hero -->\n<section class=\"application_hero d-flex py-5\" style=\"background-image:url(https:\/\/www.hydronix.com\/wp-content\/uploads\/2022\/09\/E-food.jpg)\">\n    <div class=\"overlay\"><\/div>\n    <div class=\"container my-auto\">\n        <div class=\"row\">\n            <div class=\"col-lg-2\"><img decoding=\"async\" src=\"https:\/\/www.hydronix.com\/wp-content\/themes\/cb-hydronix\/img\/icons\/icon__food-safe--wo.svg\" class=\"w-50 w-lg-100\"><\/div>\n            <div class=\"col-lg-10 d-flex hero__content\"><h1 class=\"my-auto text-white\">G\u0131dalar i\u00e7in G\u00fcvenli<\/h1><\/div>\n        <\/div>\n    <\/div>\n<\/section>\n<section class=\"sub_page_title py-1 mb-4\">\n    <div class=\"container-xl\">\n        <p id=\"breadcrumbs\"><span><span><a href=\"https:\/\/www.hydronix.com\/tr\/\">Home<\/a><\/span><\/span><\/p>    <\/div>\n<\/section>\n\n\n    <div class=\"container-xl\">\n\t\t\n<p>Bu sens\u00f6r, g\u0131dayla temasa uygunlu\u011fun gerekti\u011fi durumlarda akan malzemelerin nemini \u00f6l\u00e7mek i\u00e7in tasarlanm\u0131\u015ft\u0131r. Sens\u00f6r, EN 1935\/2004 gerekliliklerine uygundur.<\/p>\n    <\/div>\n    \n\n<!-- products -->\n<section class=\"prod_by_app product pb-5\">\n    <div class=\"container-xl\">\n        <h2>\u00dcr\u00fcnler<\/h2>\n        <div class=\"row g-3\">\n\n    <div class=\"col-sm-6 col-lg-3\">\n        <a class=\"product__card\" href=\"https:\/\/www.hydronix.com\/tr\/products\/hydro-mix-xt-fs\/\">\n            <img decoding=\"async\" src=\"https:\/\/www.hydronix.com\/wp-content\/uploads\/2022\/09\/hmxtfs-front-300x169.png\">\n            <div class=\"mb-2 fw-bold\">Hydro-Mix XT-FS<\/div>\n            <div class=\"mb-2 product__subtitle\">Nem sens\u00f6r\u00fc: Mikserler ve konvey\u00f6rler i\u00e7in G\u0131da G\u00fcvenli s\u0131va alt\u0131 montaj<\/div>\n            <div class=\"badges\">\n                                        <div class=\"badge badge--food-safe\"><\/div>\n                                    <\/div>\n        <\/a>\n    <\/div>\n            <\/div>\n    <\/div>\n<\/section>","protected":false},"excerpt":{"rendered":"<p>Bu sens\u00f6r, g\u0131dayla temasa uygunlu\u011fun gerekti\u011fi durumlarda akan malzemelerin nemini \u00f6l\u00e7mek i\u00e7in tasarlanm\u0131\u015ft\u0131r. Sens\u00f6r, EN 1935\/2004 gerekliliklerine uygundur. [&#8230;]<\/p>\n<p><a class=\"btn btn-secondary understrap-read-more-link\" href=\"https:\/\/www.hydronix.com\/tr\/olcum\/gidalar-icin-guvenli\/\">Daha fazlas\u0131n\u0131 oku\u2026<span class=\"screen-reader-text\"> from G\u0131dalar i\u00e7in G\u00fcvenli<\/span><\/a><\/p>\n","protected":false},"author":1,"featured_media":0,"parent":31098,"menu_order":318,"comment_status":"closed","ping_status":"closed","template":"","meta":{"_acf_changed":false,"content-type":"","inline_featured_image":false,"footnotes":""},"industries":[],"process":[],"class_list":["post-31102","page","type-page","status-publish","hentry"],"acf":[],"yoast_head":"<!-- This site is optimized with the Yoast SEO plugin v27.1.1 - https:\/\/yoast.com\/product\/yoast-seo-wordpress\/ -->\n<title>G\u0131dalar i\u00e7in G\u00fcvenli - Hydronix<\/title>\n<meta name=\"description\" content=\"EN 1935\/2004 gereklilikleriyle tamamen uyumlu, Hydronix g\u0131dalar i\u00e7in g\u00fcvenli dijital mikrodalga nem sens\u00f6r\u00fc.\" \/>\n<meta name=\"robots\" content=\"index, follow, max-snippet:-1, max-image-preview:large, max-video-preview:-1\" \/>\n<link rel=\"canonical\" href=\"https:\/\/www.hydronix.com\/tr\/olcum\/gidalar-icin-guvenli\/\" \/>\n<meta property=\"og:locale\" content=\"tr_TR\" \/>\n<meta property=\"og:type\" content=\"article\" \/>\n<meta property=\"og:title\" content=\"G\u0131dalar i\u00e7in G\u00fcvenli - Hydronix\" \/>\n<meta property=\"og:description\" content=\"EN 1935\/2004 gereklilikleriyle tamamen uyumlu, Hydronix g\u0131dalar i\u00e7in g\u00fcvenli dijital mikrodalga nem sens\u00f6r\u00fc.\" \/>\n<meta property=\"og:url\" content=\"https:\/\/www.hydronix.com\/tr\/olcum\/gidalar-icin-guvenli\/\" \/>\n<meta property=\"og:site_name\" content=\"Hydronix\" \/>\n<meta property=\"article:modified_time\" content=\"2023-11-23T14:17:59+00:00\" \/>\n<meta name=\"twitter:card\" content=\"summary_large_image\" \/>\n<meta name=\"twitter:label1\" content=\"Tahmini okuma s\u00fcresi\" \/>\n\t<meta name=\"twitter:data1\" content=\"1 dakika\" \/>\n<script type=\"application\/ld+json\" class=\"yoast-schema-graph\">{\"@context\":\"https:\/\/schema.org\",\"@graph\":[{\"@type\":\"WebPage\",\"@id\":\"https:\/\/www.hydronix.com\/tr\/olcum\/gidalar-icin-guvenli\/\",\"url\":\"https:\/\/www.hydronix.com\/tr\/olcum\/gidalar-icin-guvenli\/\",\"name\":\"G\u0131dalar i\u00e7in G\u00fcvenli - Hydronix\",\"isPartOf\":{\"@id\":\"https:\/\/www.hydronix.com\/tr\/#website\"},\"datePublished\":\"2022-09-12T13:47:11+00:00\",\"dateModified\":\"2023-11-23T14:17:59+00:00\",\"description\":\"EN 1935\/2004 gereklilikleriyle tamamen uyumlu, Hydronix g\u0131dalar i\u00e7in g\u00fcvenli dijital mikrodalga nem sens\u00f6r\u00fc.\",\"breadcrumb\":{\"@id\":\"https:\/\/www.hydronix.com\/tr\/olcum\/gidalar-icin-guvenli\/#breadcrumb\"},\"inLanguage\":\"tr\",\"potentialAction\":[{\"@type\":\"ReadAction\",\"target\":[\"https:\/\/www.hydronix.com\/tr\/olcum\/gidalar-icin-guvenli\/\"]}]},{\"@type\":\"BreadcrumbList\",\"@id\":\"https:\/\/www.hydronix.com\/tr\/olcum\/gidalar-icin-guvenli\/#breadcrumb\",\"itemListElement\":[{\"@type\":\"ListItem\",\"position\":1,\"name\":\"Home\",\"item\":\"https:\/\/www.hydronix.com\/tr\/\"},{\"@type\":\"ListItem\",\"position\":2,\"name\":\"\u00d6l\u00e7\u00fcm\",\"item\":\"https:\/\/www.hydronix.com\/tr\/olcum\/\"},{\"@type\":\"ListItem\",\"position\":3,\"name\":\"G\u0131dalar i\u00e7in G\u00fcvenli\"}]},{\"@type\":\"WebSite\",\"@id\":\"https:\/\/www.hydronix.com\/tr\/#website\",\"url\":\"https:\/\/www.hydronix.com\/tr\/\",\"name\":\"Hydronix\",\"description\":\"Your partner in moisture measurement\",\"potentialAction\":[{\"@type\":\"SearchAction\",\"target\":{\"@type\":\"EntryPoint\",\"urlTemplate\":\"https:\/\/www.hydronix.com\/tr\/?s={search_term_string}\"},\"query-input\":{\"@type\":\"PropertyValueSpecification\",\"valueRequired\":true,\"valueName\":\"search_term_string\"}}],\"inLanguage\":\"tr\"}]}<\/script>\n<!-- \/ Yoast SEO plugin. -->","yoast_head_json":{"title":"G\u0131dalar i\u00e7in G\u00fcvenli - Hydronix","description":"EN 1935\/2004 gereklilikleriyle tamamen uyumlu, Hydronix g\u0131dalar i\u00e7in g\u00fcvenli dijital mikrodalga nem sens\u00f6r\u00fc.","robots":{"index":"index","follow":"follow","max-snippet":"max-snippet:-1","max-image-preview":"max-image-preview:large","max-video-preview":"max-video-preview:-1"},"canonical":"https:\/\/www.hydronix.com\/tr\/olcum\/gidalar-icin-guvenli\/","og_locale":"tr_TR","og_type":"article","og_title":"G\u0131dalar i\u00e7in G\u00fcvenli - Hydronix","og_description":"EN 1935\/2004 gereklilikleriyle tamamen uyumlu, Hydronix g\u0131dalar i\u00e7in g\u00fcvenli dijital mikrodalga nem sens\u00f6r\u00fc.","og_url":"https:\/\/www.hydronix.com\/tr\/olcum\/gidalar-icin-guvenli\/","og_site_name":"Hydronix","article_modified_time":"2023-11-23T14:17:59+00:00","twitter_card":"summary_large_image","twitter_misc":{"Tahmini okuma s\u00fcresi":"1 dakika"},"schema":{"@context":"https:\/\/schema.org","@graph":[{"@type":"WebPage","@id":"https:\/\/www.hydronix.com\/tr\/olcum\/gidalar-icin-guvenli\/","url":"https:\/\/www.hydronix.com\/tr\/olcum\/gidalar-icin-guvenli\/","name":"G\u0131dalar i\u00e7in G\u00fcvenli - Hydronix","isPartOf":{"@id":"https:\/\/www.hydronix.com\/tr\/#website"},"datePublished":"2022-09-12T13:47:11+00:00","dateModified":"2023-11-23T14:17:59+00:00","description":"EN 1935\/2004 gereklilikleriyle tamamen uyumlu, Hydronix g\u0131dalar i\u00e7in g\u00fcvenli dijital mikrodalga nem sens\u00f6r\u00fc.","breadcrumb":{"@id":"https:\/\/www.hydronix.com\/tr\/olcum\/gidalar-icin-guvenli\/#breadcrumb"},"inLanguage":"tr","potentialAction":[{"@type":"ReadAction","target":["https:\/\/www.hydronix.com\/tr\/olcum\/gidalar-icin-guvenli\/"]}]},{"@type":"BreadcrumbList","@id":"https:\/\/www.hydronix.com\/tr\/olcum\/gidalar-icin-guvenli\/#breadcrumb","itemListElement":[{"@type":"ListItem","position":1,"name":"Home","item":"https:\/\/www.hydronix.com\/tr\/"},{"@type":"ListItem","position":2,"name":"\u00d6l\u00e7\u00fcm","item":"https:\/\/www.hydronix.com\/tr\/olcum\/"},{"@type":"ListItem","position":3,"name":"G\u0131dalar i\u00e7in G\u00fcvenli"}]},{"@type":"WebSite","@id":"https:\/\/www.hydronix.com\/tr\/#website","url":"https:\/\/www.hydronix.com\/tr\/","name":"Hydronix","description":"Your partner in moisture measurement","potentialAction":[{"@type":"SearchAction","target":{"@type":"EntryPoint","urlTemplate":"https:\/\/www.hydronix.com\/tr\/?s={search_term_string}"},"query-input":{"@type":"PropertyValueSpecification","valueRequired":true,"valueName":"search_term_string"}}],"inLanguage":"tr"}]}},"_links":{"self":[{"href":"https:\/\/www.hydronix.com\/tr\/wp-json\/wp\/v2\/pages\/31102","targetHints":{"allow":["GET"]}}],"collection":[{"href":"https:\/\/www.hydronix.com\/tr\/wp-json\/wp\/v2\/pages"}],"about":[{"href":"https:\/\/www.hydronix.com\/tr\/wp-json\/wp\/v2\/types\/page"}],"author":[{"embeddable":true,"href":"https:\/\/www.hydronix.com\/tr\/wp-json\/wp\/v2\/users\/1"}],"replies":[{"embeddable":true,"href":"https:\/\/www.hydronix.com\/tr\/wp-json\/wp\/v2\/comments?post=31102"}],"version-history":[{"count":0,"href":"https:\/\/www.hydronix.com\/tr\/wp-json\/wp\/v2\/pages\/31102\/revisions"}],"up":[{"embeddable":true,"href":"https:\/\/www.hydronix.com\/tr\/wp-json\/wp\/v2\/pages\/31098"}],"wp:attachment":[{"href":"https:\/\/www.hydronix.com\/tr\/wp-json\/wp\/v2\/media?parent=31102"}],"wp:term":[{"taxonomy":"industries","embeddable":true,"href":"https:\/\/www.hydronix.com\/tr\/wp-json\/wp\/v2\/industries?post=31102"},{"taxonomy":"process","embeddable":true,"href":"https:\/\/www.hydronix.com\/tr\/wp-json\/wp\/v2\/process?post=31102"}],"curies":[{"name":"wp","href":"https:\/\/api.w.org\/{rel}","templated":true}]}}