{"id":31100,"date":"2022-09-12T13:46:43","date_gmt":"2022-09-12T13:46:43","guid":{"rendered":"https:\/\/hydronix.chilliservers.co.uk\/olcum\/sivilar\/"},"modified":"2024-03-04T15:39:09","modified_gmt":"2024-03-04T15:39:09","slug":"sivilar","status":"publish","type":"page","link":"https:\/\/www.hydronix.com\/tr\/olcum\/sivilar\/","title":{"rendered":"S\u0131v\u0131lar"},"content":{"rendered":"<!-- icon_hero -->\n<section class=\"application_hero d-flex py-5\" style=\"background-image:url(https:\/\/www.hydronix.com\/wp-content\/uploads\/2022\/09\/process-bg-water-chemical-addition.jpg)\">\n    <div class=\"overlay\"><\/div>\n    <div class=\"container my-auto\">\n        <div class=\"row\">\n            <div class=\"col-lg-2\"><img decoding=\"async\" src=\"https:\/\/www.hydronix.com\/wp-content\/themes\/cb-hydronix\/img\/icons\/icon__liquids--wo.svg\" class=\"w-50 w-lg-100\"><\/div>\n            <div class=\"col-lg-10 d-flex hero__content\"><h1 class=\"my-auto text-white\">S\u0131v\u0131lar<\/h1><\/div>\n        <\/div>\n    <\/div>\n<\/section>\n<section class=\"sub_page_title py-1 mb-4\">\n    <div class=\"container-xl\">\n        <p id=\"breadcrumbs\"><span><span><a href=\"https:\/\/www.hydronix.com\/tr\/\">Home<\/a><\/span><\/span><\/p>    <\/div>\n<\/section>\n\n\n    <div class=\"container-xl\">\n\t\t\n<p>S\u0131v\u0131larda briks, nem ve \u00e7\u00f6z\u00fcnm\u00fc\u015f kat\u0131 madde seviyesi \u00f6l\u00e7\u00fcm\u00fc.<\/p>\n    <\/div>\n    \n\n<!-- products -->\n<section class=\"prod_by_app product pb-5\">\n    <div class=\"container-xl\">\n        <h2>\u00dcr\u00fcnler<\/h2>\n        <div class=\"row g-3\">\n\n    <div class=\"col-sm-6 col-lg-3\">\n        <a class=\"product__card\" href=\"https:\/\/www.hydronix.com\/tr\/products\/hydro-probe-bx\/\">\n            <img decoding=\"async\" src=\"https:\/\/www.hydronix.com\/wp-content\/uploads\/2023\/06\/HDX_HPBX_PerspR_5679transp-e1688129840655-300x148.png\">\n            <div class=\"mb-2 fw-bold\">Hydro-Probe BX<\/div>\n            <div class=\"mb-2 product__subtitle\">Briks, nem ve \u00e7\u00f6z\u00fcnm\u00fc\u015f kat\u0131 madde sens\u00f6r\u00fc: Bas\u0131n\u00e7l\u0131 tanklara monte edilmeye uygun<\/div>\n            <div class=\"badges\">\n                            <\/div>\n        <\/a>\n    <\/div>\n            <\/div>\n    <\/div>\n<\/section>","protected":false},"excerpt":{"rendered":"<p>S\u0131v\u0131larda briks, nem ve \u00e7\u00f6z\u00fcnm\u00fc\u015f kat\u0131 madde seviyesi \u00f6l\u00e7\u00fcm\u00fc. [&#8230;]<\/p>\n<p><a class=\"btn btn-secondary understrap-read-more-link\" href=\"https:\/\/www.hydronix.com\/tr\/olcum\/sivilar\/\">Daha fazlas\u0131n\u0131 oku\u2026<span class=\"screen-reader-text\"> from S\u0131v\u0131lar<\/span><\/a><\/p>\n","protected":false},"author":1,"featured_media":0,"parent":31098,"menu_order":329,"comment_status":"closed","ping_status":"closed","template":"","meta":{"_acf_changed":false,"content-type":"","inline_featured_image":false,"footnotes":""},"industries":[],"process":[],"class_list":["post-31100","page","type-page","status-publish","hentry"],"acf":[],"yoast_head":"<!-- This site is optimized with the Yoast SEO plugin v27.1.1 - https:\/\/yoast.com\/product\/yoast-seo-wordpress\/ -->\n<title>S\u0131v\u0131lar - Hydronix<\/title>\n<meta name=\"description\" content=\"Konsantre ve \u00e7\u00f6zeltilerdeki nem i\u00e7eri\u011fini veya \u00e7\u00f6z\u00fcnm\u00fc\u015f kat\u0131lar\u0131 \u00f6l\u00e7mek i\u00e7in dijital nem sens\u00f6r\u00fc.\" \/>\n<meta name=\"robots\" content=\"index, follow, max-snippet:-1, max-image-preview:large, max-video-preview:-1\" \/>\n<link rel=\"canonical\" href=\"https:\/\/www.hydronix.com\/tr\/olcum\/sivilar\/\" \/>\n<meta property=\"og:locale\" content=\"tr_TR\" \/>\n<meta property=\"og:type\" content=\"article\" \/>\n<meta property=\"og:title\" content=\"S\u0131v\u0131lar - Hydronix\" \/>\n<meta property=\"og:description\" content=\"Konsantre ve \u00e7\u00f6zeltilerdeki nem i\u00e7eri\u011fini veya \u00e7\u00f6z\u00fcnm\u00fc\u015f kat\u0131lar\u0131 \u00f6l\u00e7mek i\u00e7in dijital nem sens\u00f6r\u00fc.\" \/>\n<meta property=\"og:url\" content=\"https:\/\/www.hydronix.com\/tr\/olcum\/sivilar\/\" \/>\n<meta property=\"og:site_name\" content=\"Hydronix\" \/>\n<meta property=\"article:modified_time\" content=\"2024-03-04T15:39:09+00:00\" \/>\n<meta name=\"twitter:card\" content=\"summary_large_image\" \/>\n<meta name=\"twitter:label1\" content=\"Tahmini okuma s\u00fcresi\" \/>\n\t<meta name=\"twitter:data1\" content=\"1 dakika\" \/>\n<script type=\"application\/ld+json\" class=\"yoast-schema-graph\">{\"@context\":\"https:\/\/schema.org\",\"@graph\":[{\"@type\":\"WebPage\",\"@id\":\"https:\/\/www.hydronix.com\/tr\/olcum\/sivilar\/\",\"url\":\"https:\/\/www.hydronix.com\/tr\/olcum\/sivilar\/\",\"name\":\"S\u0131v\u0131lar - Hydronix\",\"isPartOf\":{\"@id\":\"https:\/\/www.hydronix.com\/tr\/#website\"},\"datePublished\":\"2022-09-12T13:46:43+00:00\",\"dateModified\":\"2024-03-04T15:39:09+00:00\",\"description\":\"Konsantre ve \u00e7\u00f6zeltilerdeki nem i\u00e7eri\u011fini veya \u00e7\u00f6z\u00fcnm\u00fc\u015f kat\u0131lar\u0131 \u00f6l\u00e7mek i\u00e7in dijital nem sens\u00f6r\u00fc.\",\"breadcrumb\":{\"@id\":\"https:\/\/www.hydronix.com\/tr\/olcum\/sivilar\/#breadcrumb\"},\"inLanguage\":\"tr\",\"potentialAction\":[{\"@type\":\"ReadAction\",\"target\":[\"https:\/\/www.hydronix.com\/tr\/olcum\/sivilar\/\"]}]},{\"@type\":\"BreadcrumbList\",\"@id\":\"https:\/\/www.hydronix.com\/tr\/olcum\/sivilar\/#breadcrumb\",\"itemListElement\":[{\"@type\":\"ListItem\",\"position\":1,\"name\":\"Home\",\"item\":\"https:\/\/www.hydronix.com\/tr\/\"},{\"@type\":\"ListItem\",\"position\":2,\"name\":\"\u00d6l\u00e7\u00fcm\",\"item\":\"https:\/\/www.hydronix.com\/tr\/olcum\/\"},{\"@type\":\"ListItem\",\"position\":3,\"name\":\"S\u0131v\u0131lar\"}]},{\"@type\":\"WebSite\",\"@id\":\"https:\/\/www.hydronix.com\/tr\/#website\",\"url\":\"https:\/\/www.hydronix.com\/tr\/\",\"name\":\"Hydronix\",\"description\":\"Your partner in moisture measurement\",\"potentialAction\":[{\"@type\":\"SearchAction\",\"target\":{\"@type\":\"EntryPoint\",\"urlTemplate\":\"https:\/\/www.hydronix.com\/tr\/?s={search_term_string}\"},\"query-input\":{\"@type\":\"PropertyValueSpecification\",\"valueRequired\":true,\"valueName\":\"search_term_string\"}}],\"inLanguage\":\"tr\"}]}<\/script>\n<!-- \/ Yoast SEO plugin. -->","yoast_head_json":{"title":"S\u0131v\u0131lar - Hydronix","description":"Konsantre ve \u00e7\u00f6zeltilerdeki nem i\u00e7eri\u011fini veya \u00e7\u00f6z\u00fcnm\u00fc\u015f kat\u0131lar\u0131 \u00f6l\u00e7mek i\u00e7in dijital nem sens\u00f6r\u00fc.","robots":{"index":"index","follow":"follow","max-snippet":"max-snippet:-1","max-image-preview":"max-image-preview:large","max-video-preview":"max-video-preview:-1"},"canonical":"https:\/\/www.hydronix.com\/tr\/olcum\/sivilar\/","og_locale":"tr_TR","og_type":"article","og_title":"S\u0131v\u0131lar - Hydronix","og_description":"Konsantre ve \u00e7\u00f6zeltilerdeki nem i\u00e7eri\u011fini veya \u00e7\u00f6z\u00fcnm\u00fc\u015f kat\u0131lar\u0131 \u00f6l\u00e7mek i\u00e7in dijital nem sens\u00f6r\u00fc.","og_url":"https:\/\/www.hydronix.com\/tr\/olcum\/sivilar\/","og_site_name":"Hydronix","article_modified_time":"2024-03-04T15:39:09+00:00","twitter_card":"summary_large_image","twitter_misc":{"Tahmini okuma s\u00fcresi":"1 dakika"},"schema":{"@context":"https:\/\/schema.org","@graph":[{"@type":"WebPage","@id":"https:\/\/www.hydronix.com\/tr\/olcum\/sivilar\/","url":"https:\/\/www.hydronix.com\/tr\/olcum\/sivilar\/","name":"S\u0131v\u0131lar - Hydronix","isPartOf":{"@id":"https:\/\/www.hydronix.com\/tr\/#website"},"datePublished":"2022-09-12T13:46:43+00:00","dateModified":"2024-03-04T15:39:09+00:00","description":"Konsantre ve \u00e7\u00f6zeltilerdeki nem i\u00e7eri\u011fini veya \u00e7\u00f6z\u00fcnm\u00fc\u015f kat\u0131lar\u0131 \u00f6l\u00e7mek i\u00e7in dijital nem sens\u00f6r\u00fc.","breadcrumb":{"@id":"https:\/\/www.hydronix.com\/tr\/olcum\/sivilar\/#breadcrumb"},"inLanguage":"tr","potentialAction":[{"@type":"ReadAction","target":["https:\/\/www.hydronix.com\/tr\/olcum\/sivilar\/"]}]},{"@type":"BreadcrumbList","@id":"https:\/\/www.hydronix.com\/tr\/olcum\/sivilar\/#breadcrumb","itemListElement":[{"@type":"ListItem","position":1,"name":"Home","item":"https:\/\/www.hydronix.com\/tr\/"},{"@type":"ListItem","position":2,"name":"\u00d6l\u00e7\u00fcm","item":"https:\/\/www.hydronix.com\/tr\/olcum\/"},{"@type":"ListItem","position":3,"name":"S\u0131v\u0131lar"}]},{"@type":"WebSite","@id":"https:\/\/www.hydronix.com\/tr\/#website","url":"https:\/\/www.hydronix.com\/tr\/","name":"Hydronix","description":"Your partner in moisture measurement","potentialAction":[{"@type":"SearchAction","target":{"@type":"EntryPoint","urlTemplate":"https:\/\/www.hydronix.com\/tr\/?s={search_term_string}"},"query-input":{"@type":"PropertyValueSpecification","valueRequired":true,"valueName":"search_term_string"}}],"inLanguage":"tr"}]}},"_links":{"self":[{"href":"https:\/\/www.hydronix.com\/tr\/wp-json\/wp\/v2\/pages\/31100","targetHints":{"allow":["GET"]}}],"collection":[{"href":"https:\/\/www.hydronix.com\/tr\/wp-json\/wp\/v2\/pages"}],"about":[{"href":"https:\/\/www.hydronix.com\/tr\/wp-json\/wp\/v2\/types\/page"}],"author":[{"embeddable":true,"href":"https:\/\/www.hydronix.com\/tr\/wp-json\/wp\/v2\/users\/1"}],"replies":[{"embeddable":true,"href":"https:\/\/www.hydronix.com\/tr\/wp-json\/wp\/v2\/comments?post=31100"}],"version-history":[{"count":0,"href":"https:\/\/www.hydronix.com\/tr\/wp-json\/wp\/v2\/pages\/31100\/revisions"}],"up":[{"embeddable":true,"href":"https:\/\/www.hydronix.com\/tr\/wp-json\/wp\/v2\/pages\/31098"}],"wp:attachment":[{"href":"https:\/\/www.hydronix.com\/tr\/wp-json\/wp\/v2\/media?parent=31100"}],"wp:term":[{"taxonomy":"industries","embeddable":true,"href":"https:\/\/www.hydronix.com\/tr\/wp-json\/wp\/v2\/industries?post=31100"},{"taxonomy":"process","embeddable":true,"href":"https:\/\/www.hydronix.com\/tr\/wp-json\/wp\/v2\/process?post=31100"}],"curies":[{"name":"wp","href":"https:\/\/api.w.org\/{rel}","templated":true}]}}