{"id":31098,"date":"2022-09-12T13:46:06","date_gmt":"2022-09-12T13:46:06","guid":{"rendered":"https:\/\/hydronix.chilliservers.co.uk\/olcum\/"},"modified":"2023-11-23T14:05:15","modified_gmt":"2023-11-23T14:05:15","slug":"olcum","status":"publish","type":"page","link":"https:\/\/www.hydronix.com\/tr\/olcum\/","title":{"rendered":"\u00d6l\u00e7\u00fcm"},"content":{"rendered":"<!-- icon_hero -->\n<section class=\"application_hero d-flex py-5\" style=\"background-image:url(https:\/\/www.hydronix.com\/wp-content\/uploads\/2022\/09\/hero-product-water-abstract.jpg)\">\n    <div class=\"overlay\"><\/div>\n    <div class=\"container my-auto\">\n        <div class=\"row\">\n            <div class=\"col-lg-2\"><img decoding=\"async\" src=\"https:\/\/www.hydronix.com\/wp-content\/themes\/cb-hydronix\/img\/icons\/icon__measure--wo.svg\" class=\"w-50 w-lg-100\"><\/div>\n            <div class=\"col-lg-10 d-flex hero__content\"><h1 class=\"my-auto text-white\">\u00d6l\u00e7\u00fcm<\/h1><\/div>\n        <\/div>\n    <\/div>\n<\/section>\n<section class=\"sub_page_title py-1 mb-4\">\n    <div class=\"container-xl\">\n        <p id=\"breadcrumbs\"><span><span><a href=\"https:\/\/www.hydronix.com\/tr\/\">Home<\/a><\/span><\/span><\/p>    <\/div>\n<\/section>\n\n\n    <div class=\"container-xl\">\n\t\t\n<p>Hydronix sens\u00f6rler, malzemenin serbest\u00e7e akt\u0131\u011f\u0131 \u00e7o\u011fu proses kontrol uygulamas\u0131nda nemi, s\u0131cakl\u0131\u011f\u0131 veya Briks&#8217;i hassas bir \u015fekilde \u00f6l\u00e7er. Sens\u00f6rler, proses s\u0131ras\u0131nda malzemenin seramik \u00f6n y\u00fczde akt\u0131\u011f\u0131 temasl\u0131 \u00f6l\u00e7\u00fcm y\u00f6ntemini kullan\u0131r. Bu, tutarl\u0131, temsili bir malzeme numunesinden ger\u00e7ek zamanl\u0131 \u00f6l\u00e7\u00fcmlerin al\u0131nmas\u0131n\u0131 sa\u011flar.<\/p>\n    <\/div>\n    \n\n<!-- children_icons -->\n<section class=\"child_pages py-4\">\n    <div class=\"container-xl\">\n                <div class=\"row g-4 justify-content-center\">\n        <div class=\"col-md-4 col-xl-3\">\n            <a class=\"child_pages__card\" href=\"https:\/\/www.hydronix.com\/tr\/olcum\/yuksek-sicaklik\/\">\n                <img decoding=\"async\" src=\"https:\/\/www.hydronix.com\/wp-content\/themes\/cb-hydronix\/img\/icons\/icon__high-temperature--blue.svg\" alt=\"\" class=\"d-flex mx-auto w-50\">\n                Y\u00fcksek S\u0131cakl\u0131k            <\/a>\n        <\/div>\n                <div class=\"col-md-4 col-xl-3\">\n            <a class=\"child_pages__card\" href=\"https:\/\/www.hydronix.com\/tr\/olcum\/patlayici-ortam\/\">\n                <img decoding=\"async\" src=\"https:\/\/www.hydronix.com\/wp-content\/themes\/cb-hydronix\/img\/icons\/icon__explosive-atmosphere--blue.svg\" alt=\"\" class=\"d-flex mx-auto w-50\">\n                Patlay\u0131c\u0131 Ortam            <\/a>\n        <\/div>\n                <div class=\"col-md-4 col-xl-3\">\n            <a class=\"child_pages__card\" href=\"https:\/\/www.hydronix.com\/tr\/olcum\/gidalar-icin-guvenli\/\">\n                <img decoding=\"async\" src=\"https:\/\/www.hydronix.com\/wp-content\/themes\/cb-hydronix\/img\/icons\/icon__food-safe--blue.svg\" alt=\"\" class=\"d-flex mx-auto w-50\">\n                G\u0131dalar i\u00e7in G\u00fcvenli            <\/a>\n        <\/div>\n                <div class=\"col-md-4 col-xl-3\">\n            <a class=\"child_pages__card\" href=\"https:\/\/www.hydronix.com\/tr\/olcum\/sivilar\/\">\n                <img decoding=\"async\" src=\"https:\/\/www.hydronix.com\/wp-content\/themes\/cb-hydronix\/img\/icons\/icon__liquids--blue.svg\" alt=\"\" class=\"d-flex mx-auto w-50\">\n                S\u0131v\u0131lar            <\/a>\n        <\/div>\n                <div class=\"col-md-4 col-xl-3\">\n            <a class=\"child_pages__card\" href=\"https:\/\/www.hydronix.com\/tr\/olcum\/beton-ve-insaat\/\">\n                <img decoding=\"async\" src=\"https:\/\/www.hydronix.com\/wp-content\/themes\/cb-hydronix\/img\/icons\/icon__concrete-construction--blue.svg\" alt=\"\" class=\"d-flex mx-auto w-50\">\n                Beton ve \u0130n\u015faat            <\/a>\n        <\/div>\n                <div class=\"col-md-4 col-xl-3\">\n            <a class=\"child_pages__card\" href=\"https:\/\/www.hydronix.com\/tr\/olcum\/tahillar-ve-ambalajsiz-kati-malzemeler\/\">\n                <img decoding=\"async\" src=\"https:\/\/www.hydronix.com\/wp-content\/themes\/cb-hydronix\/img\/icons\/icon__grain-bulk-solids--blue.svg\" alt=\"\" class=\"d-flex mx-auto w-50\">\n                Tah\u0131llar ve Ambalajs\u0131z Kat\u0131 Malzemeler            <\/a>\n        <\/div>\n                <div class=\"col-md-4 col-xl-3\">\n            <a class=\"child_pages__card\" href=\"https:\/\/www.hydronix.com\/tr\/uygulamaniz\/\">\n                <img decoding=\"async\" src=\"https:\/\/www.hydronix.com\/wp-content\/themes\/cb-hydronix\/img\/icons\/icon--your-application.svg\" alt=\"\" class=\"d-flex mx-auto w-50\">\n                Uygulaman\u0131z            <\/a>\n        <\/div>\n        <\/div>\n<\/section>","protected":false},"excerpt":{"rendered":"<p>Hydronix sens\u00f6rler, malzemenin serbest\u00e7e akt\u0131\u011f\u0131 \u00e7o\u011fu proses kontrol uygulamas\u0131nda nemi, s\u0131cakl\u0131\u011f\u0131 veya Briks&#8217;i hassas bir \u015fekilde \u00f6l\u00e7er. Sens\u00f6rler, proses s\u0131ras\u0131nda malzemenin seramik \u00f6n y\u00fczde akt\u0131\u011f\u0131 temasl\u0131 \u00f6l\u00e7\u00fcm y\u00f6ntemini kullan\u0131r. Bu, tutarl\u0131, temsili bir malzeme numunesinden ger\u00e7ek zamanl\u0131 \u00f6l\u00e7\u00fcmlerin al\u0131nmas\u0131n\u0131 sa\u011flar. [&#8230;]<\/p>\n<p><a class=\"btn btn-secondary understrap-read-more-link\" href=\"https:\/\/www.hydronix.com\/tr\/olcum\/\">Daha fazlas\u0131n\u0131 oku\u2026<span class=\"screen-reader-text\"> from \u00d6l\u00e7\u00fcm<\/span><\/a><\/p>\n","protected":false},"author":1,"featured_media":0,"parent":0,"menu_order":429,"comment_status":"closed","ping_status":"closed","template":"","meta":{"_acf_changed":false,"content-type":"","inline_featured_image":false,"footnotes":""},"industries":[],"process":[],"class_list":["post-31098","page","type-page","status-publish","hentry"],"acf":[],"yoast_head":"<!-- This site is optimized with the Yoast SEO plugin v27.1.1 - https:\/\/yoast.com\/product\/yoast-seo-wordpress\/ -->\n<title>\u00d6l\u00e7\u00fcm - Hydronix<\/title>\n<meta name=\"description\" content=\"Hydronix sens\u00f6rler, malzemenin serbest\u00e7e akt\u0131\u011f\u0131 \u00e7o\u011fu proses kontrol uygulamas\u0131nda nemi, s\u0131cakl\u0131\u011f\u0131 veya Briks&#039;i hassas bir \u015fekilde \u00f6l\u00e7er.\" \/>\n<meta name=\"robots\" content=\"index, follow, max-snippet:-1, max-image-preview:large, max-video-preview:-1\" \/>\n<link rel=\"canonical\" href=\"https:\/\/www.hydronix.com\/tr\/olcum\/\" \/>\n<meta property=\"og:locale\" content=\"tr_TR\" \/>\n<meta property=\"og:type\" content=\"article\" \/>\n<meta property=\"og:title\" content=\"\u00d6l\u00e7\u00fcm - Hydronix\" \/>\n<meta property=\"og:description\" content=\"Hydronix sens\u00f6rler, malzemenin serbest\u00e7e akt\u0131\u011f\u0131 \u00e7o\u011fu proses kontrol uygulamas\u0131nda nemi, s\u0131cakl\u0131\u011f\u0131 veya Briks&#039;i hassas bir \u015fekilde \u00f6l\u00e7er.\" \/>\n<meta property=\"og:url\" content=\"https:\/\/www.hydronix.com\/tr\/olcum\/\" \/>\n<meta property=\"og:site_name\" content=\"Hydronix\" \/>\n<meta property=\"article:modified_time\" content=\"2023-11-23T14:05:15+00:00\" \/>\n<meta name=\"twitter:card\" content=\"summary_large_image\" \/>\n<meta name=\"twitter:label1\" content=\"Tahmini okuma s\u00fcresi\" \/>\n\t<meta name=\"twitter:data1\" content=\"1 dakika\" \/>\n<script type=\"application\/ld+json\" class=\"yoast-schema-graph\">{\"@context\":\"https:\/\/schema.org\",\"@graph\":[{\"@type\":\"WebPage\",\"@id\":\"https:\/\/www.hydronix.com\/tr\/olcum\/\",\"url\":\"https:\/\/www.hydronix.com\/tr\/olcum\/\",\"name\":\"\u00d6l\u00e7\u00fcm - Hydronix\",\"isPartOf\":{\"@id\":\"https:\/\/www.hydronix.com\/tr\/#website\"},\"datePublished\":\"2022-09-12T13:46:06+00:00\",\"dateModified\":\"2023-11-23T14:05:15+00:00\",\"description\":\"Hydronix sens\u00f6rler, malzemenin serbest\u00e7e akt\u0131\u011f\u0131 \u00e7o\u011fu proses kontrol uygulamas\u0131nda nemi, s\u0131cakl\u0131\u011f\u0131 veya Briks'i hassas bir \u015fekilde \u00f6l\u00e7er.\",\"breadcrumb\":{\"@id\":\"https:\/\/www.hydronix.com\/tr\/olcum\/#breadcrumb\"},\"inLanguage\":\"tr\",\"potentialAction\":[{\"@type\":\"ReadAction\",\"target\":[\"https:\/\/www.hydronix.com\/tr\/olcum\/\"]}]},{\"@type\":\"BreadcrumbList\",\"@id\":\"https:\/\/www.hydronix.com\/tr\/olcum\/#breadcrumb\",\"itemListElement\":[{\"@type\":\"ListItem\",\"position\":1,\"name\":\"Home\",\"item\":\"https:\/\/www.hydronix.com\/tr\/\"},{\"@type\":\"ListItem\",\"position\":2,\"name\":\"\u00d6l\u00e7\u00fcm\"}]},{\"@type\":\"WebSite\",\"@id\":\"https:\/\/www.hydronix.com\/tr\/#website\",\"url\":\"https:\/\/www.hydronix.com\/tr\/\",\"name\":\"Hydronix\",\"description\":\"Your partner in moisture measurement\",\"potentialAction\":[{\"@type\":\"SearchAction\",\"target\":{\"@type\":\"EntryPoint\",\"urlTemplate\":\"https:\/\/www.hydronix.com\/tr\/?s={search_term_string}\"},\"query-input\":{\"@type\":\"PropertyValueSpecification\",\"valueRequired\":true,\"valueName\":\"search_term_string\"}}],\"inLanguage\":\"tr\"}]}<\/script>\n<!-- \/ Yoast SEO plugin. -->","yoast_head_json":{"title":"\u00d6l\u00e7\u00fcm - Hydronix","description":"Hydronix sens\u00f6rler, malzemenin serbest\u00e7e akt\u0131\u011f\u0131 \u00e7o\u011fu proses kontrol uygulamas\u0131nda nemi, s\u0131cakl\u0131\u011f\u0131 veya Briks'i hassas bir \u015fekilde \u00f6l\u00e7er.","robots":{"index":"index","follow":"follow","max-snippet":"max-snippet:-1","max-image-preview":"max-image-preview:large","max-video-preview":"max-video-preview:-1"},"canonical":"https:\/\/www.hydronix.com\/tr\/olcum\/","og_locale":"tr_TR","og_type":"article","og_title":"\u00d6l\u00e7\u00fcm - Hydronix","og_description":"Hydronix sens\u00f6rler, malzemenin serbest\u00e7e akt\u0131\u011f\u0131 \u00e7o\u011fu proses kontrol uygulamas\u0131nda nemi, s\u0131cakl\u0131\u011f\u0131 veya Briks'i hassas bir \u015fekilde \u00f6l\u00e7er.","og_url":"https:\/\/www.hydronix.com\/tr\/olcum\/","og_site_name":"Hydronix","article_modified_time":"2023-11-23T14:05:15+00:00","twitter_card":"summary_large_image","twitter_misc":{"Tahmini okuma s\u00fcresi":"1 dakika"},"schema":{"@context":"https:\/\/schema.org","@graph":[{"@type":"WebPage","@id":"https:\/\/www.hydronix.com\/tr\/olcum\/","url":"https:\/\/www.hydronix.com\/tr\/olcum\/","name":"\u00d6l\u00e7\u00fcm - Hydronix","isPartOf":{"@id":"https:\/\/www.hydronix.com\/tr\/#website"},"datePublished":"2022-09-12T13:46:06+00:00","dateModified":"2023-11-23T14:05:15+00:00","description":"Hydronix sens\u00f6rler, malzemenin serbest\u00e7e akt\u0131\u011f\u0131 \u00e7o\u011fu proses kontrol uygulamas\u0131nda nemi, s\u0131cakl\u0131\u011f\u0131 veya Briks'i hassas bir \u015fekilde \u00f6l\u00e7er.","breadcrumb":{"@id":"https:\/\/www.hydronix.com\/tr\/olcum\/#breadcrumb"},"inLanguage":"tr","potentialAction":[{"@type":"ReadAction","target":["https:\/\/www.hydronix.com\/tr\/olcum\/"]}]},{"@type":"BreadcrumbList","@id":"https:\/\/www.hydronix.com\/tr\/olcum\/#breadcrumb","itemListElement":[{"@type":"ListItem","position":1,"name":"Home","item":"https:\/\/www.hydronix.com\/tr\/"},{"@type":"ListItem","position":2,"name":"\u00d6l\u00e7\u00fcm"}]},{"@type":"WebSite","@id":"https:\/\/www.hydronix.com\/tr\/#website","url":"https:\/\/www.hydronix.com\/tr\/","name":"Hydronix","description":"Your partner in moisture measurement","potentialAction":[{"@type":"SearchAction","target":{"@type":"EntryPoint","urlTemplate":"https:\/\/www.hydronix.com\/tr\/?s={search_term_string}"},"query-input":{"@type":"PropertyValueSpecification","valueRequired":true,"valueName":"search_term_string"}}],"inLanguage":"tr"}]}},"_links":{"self":[{"href":"https:\/\/www.hydronix.com\/tr\/wp-json\/wp\/v2\/pages\/31098","targetHints":{"allow":["GET"]}}],"collection":[{"href":"https:\/\/www.hydronix.com\/tr\/wp-json\/wp\/v2\/pages"}],"about":[{"href":"https:\/\/www.hydronix.com\/tr\/wp-json\/wp\/v2\/types\/page"}],"author":[{"embeddable":true,"href":"https:\/\/www.hydronix.com\/tr\/wp-json\/wp\/v2\/users\/1"}],"replies":[{"embeddable":true,"href":"https:\/\/www.hydronix.com\/tr\/wp-json\/wp\/v2\/comments?post=31098"}],"version-history":[{"count":0,"href":"https:\/\/www.hydronix.com\/tr\/wp-json\/wp\/v2\/pages\/31098\/revisions"}],"wp:attachment":[{"href":"https:\/\/www.hydronix.com\/tr\/wp-json\/wp\/v2\/media?parent=31098"}],"wp:term":[{"taxonomy":"industries","embeddable":true,"href":"https:\/\/www.hydronix.com\/tr\/wp-json\/wp\/v2\/industries?post=31098"},{"taxonomy":"process","embeddable":true,"href":"https:\/\/www.hydronix.com\/tr\/wp-json\/wp\/v2\/process?post=31098"}],"curies":[{"name":"wp","href":"https:\/\/api.w.org\/{rel}","templated":true}]}}