{"id":31072,"date":"2022-09-12T12:57:30","date_gmt":"2022-09-12T12:57:30","guid":{"rendered":"https:\/\/hydronix.chilliservers.co.uk\/endustriler\/beton\/"},"modified":"2024-09-10T11:28:29","modified_gmt":"2024-09-10T11:28:29","slug":"beton","status":"publish","type":"page","link":"https:\/\/www.hydronix.com\/tr\/endustriler\/beton\/","title":{"rendered":"Beton"},"content":{"rendered":"    \n<!-- hero_short -->\n<section class=\"short_hero d-flex py-5\" style=\"background-image:url(https:\/\/www.hydronix.com\/wp-content\/uploads\/2022\/09\/application-bg-concrete.jpg)\">\n    <div class=\"overlay\"><\/div>\n    <div class=\"container-xl my-auto\">\n        <div class=\"row\">\n            <div class=\"col-lg-5 hero__content\">\n                <h1>Beton<\/h1>\n            <\/div>\n        <\/div>\n    <\/div>\n<\/section>\n<!--section class=\"sub_page_title py-1 mb-4\">\n    <div class=\"container-xl\">\n        <p id=\"breadcrumbs\"><span><span><a href=\"https:\/\/www.hydronix.com\/tr\/hydronix\/\">Home<\/a><\/span><\/span><\/p>    <\/div>\n<\/section-->\n\n\n\n<div class=\"wp-block-group py-5\"><div class=\"wp-block-group__inner-container is-layout-constrained wp-block-group-is-layout-constrained\">    <div class=\"container-xl\">\n\t\t\n<p>Hydronix sens\u00f6rler esas olarak beton \u00fcretiminde nem \u00f6l\u00e7\u00fcm\u00fc i\u00e7in tasarlanm\u0131\u015ft\u0131r ve akan agregalar\u0131n zorlu ortam\u0131na ve beton mikserinin t\u00fcrb\u00fclans\u0131na dayanacak \u015fekilde \u00fcretilmi\u015ftir.<\/p>\n    <\/div>\n    \n\n    <div class=\"container-xl\">\n\t\t\n<p>Sens\u00f6rler, betonun kat\u0131 teknik \u00f6zelliklere g\u00f6re \u00fcretilmesini sa\u011flar ve \u00fcreticilerin, maliyetleri kontrol edip \u00e7evresel etkiyi azalt\u0131rken bir partiden di\u011ferine tekrarlanabilir beton \u00fcretmelerine olanak tan\u0131r.<\/p>\n    <\/div>\n    <\/div><\/div>\n\n\n<!-- children -->\n<section class=\"child_pages py-4 mb-4\">\n    <div class=\"container-xl\">\n                <div class=\"row g-4 justify-content-center\">\n        <div class=\"col-md-4 col-xl-3\">\n            <a class=\"child_pages__card child_pages__card--blue\" href=\"https:\/\/www.hydronix.com\/tr\/endustriler\/beton\/hazir-karisim-beton\/\">Haz\u0131r Kar\u0131\u015f\u0131m Beton<\/a>\n        <\/div>\n                <div class=\"col-md-4 col-xl-3\">\n            <a class=\"child_pages__card child_pages__card--blue\" href=\"https:\/\/www.hydronix.com\/tr\/endustriler\/beton\/prekast-beton\/\">Prekast Beton<\/a>\n        <\/div>\n            <\/div>\n<\/section>\n\n<!-- text_video -->\n<section class=\"text_video text_video--bg py-5\">\n    <div class=\"container-xl\">\n        <div class=\"row\">\n            <div class=\"col-lg-5 text_video__content order-1 order-lg-1 mb-4 mb-lg-0 pt-5 py-md-5\">\n                <h2>\u00dcr\u00fcne Genel Bak\u0131\u015f<\/h2><div class=\"fs-4 mb-4\">BETON HARMANLAMADA NEM KONTROL\u00dc<\/div>                <div class=\"content mb-4\"><p>Bu video, beton ve in\u015faat sekt\u00f6r\u00fc i\u00e7in \u00f6zel olarak tasarlanm\u0131\u015f Hydronix \u00fcr\u00fcn yelpazesine genel bir bak\u0131\u015f sunmaktad\u0131r.<\/p>\n<\/div>\n                            <\/div>\n            <div class=\"col-lg-7 mb-4 mb-lg-0 d-flex order-2 order-lg-2\">\n                <div class=\"video__container w-100 my-auto\" style=\"background-color:#1a1a1a\">\n                                        <div class=\"ratio ratio-16x9 mx-auto\">\n                                                <iframe src=\"https:\/\/player.vimeo.com\/video\/998776914?byline=0&#038;portrait=0\" allow=\"autoplay; fullscreen; picture-in-picture\" webkitallowfullscreen mozallowfullscreen allowfullscreen><\/iframe>\n                                                <\/div>\n                    <!-- <lite-vimeo videoid=\"998776914\" style=\"background-image:url('');\"><\/lite-vimeo> -->\n                <\/div>\n            <\/div>\n        <\/div>\n    <\/div>\n<\/section>\n<!-- <script type=module src=\"https:\/\/cdn.jsdelivr.net\/npm\/@slightlyoff\/lite-vimeo@0.1.1\/lite-vimeo.js\"><\/script> -->","protected":false},"excerpt":{"rendered":"<p>Hydronix sens\u00f6rler esas olarak beton \u00fcretiminde nem \u00f6l\u00e7\u00fcm\u00fc i\u00e7in tasarlanm\u0131\u015ft\u0131r ve akan agregalar\u0131n zorlu ortam\u0131na ve beton mikserinin t\u00fcrb\u00fclans\u0131na dayanacak \u015fekilde \u00fcretilmi\u015ftir. Sens\u00f6rler, betonun kat\u0131 teknik \u00f6zelliklere g\u00f6re \u00fcretilmesini sa\u011flar ve \u00fcreticilerin, maliyetleri kontrol edip \u00e7evresel etkiyi azalt\u0131rken bir partiden di\u011ferine tekrarlanabilir beton \u00fcretmelerine olanak tan\u0131r. [&#8230;]<\/p>\n<p><a class=\"btn btn-secondary understrap-read-more-link\" href=\"https:\/\/www.hydronix.com\/tr\/endustriler\/beton\/\">Daha fazlas\u0131n\u0131 oku\u2026<span class=\"screen-reader-text\"> from Beton<\/span><\/a><\/p>\n","protected":false},"author":1,"featured_media":29769,"parent":31019,"menu_order":277,"comment_status":"closed","ping_status":"closed","template":"","meta":{"_acf_changed":false,"content-type":"","inline_featured_image":false,"footnotes":""},"industries":[],"process":[],"class_list":["post-31072","page","type-page","status-publish","has-post-thumbnail","hentry"],"acf":[],"yoast_head":"<!-- This site is optimized with the Yoast SEO plugin v27.5 - https:\/\/yoast.com\/product\/yoast-seo-wordpress\/ -->\n<title>Beton \u00dcretimi i\u00e7in Premium Nem \u00d6l\u00e7\u00fcm Sens\u00f6rleri<\/title>\n<meta name=\"description\" content=\"Hydronix beton nem sens\u00f6r\u00fc, \u00e7evre kimlik bilgilerine zarar vermeden tekrarlanabilir \u00fcr\u00fcn kalitesi ve daha s\u0131k\u0131 maliyet kontrol\u00fc sa\u011flar.\" \/>\n<meta name=\"robots\" content=\"index, follow, max-snippet:-1, max-image-preview:large, max-video-preview:-1\" \/>\n<link rel=\"canonical\" href=\"https:\/\/www.hydronix.com\/tr\/endustriler\/beton\/\" \/>\n<meta property=\"og:locale\" content=\"tr_TR\" \/>\n<meta property=\"og:type\" content=\"article\" \/>\n<meta property=\"og:title\" content=\"Beton \u00dcretimi i\u00e7in Premium Nem \u00d6l\u00e7\u00fcm Sens\u00f6rleri\" \/>\n<meta property=\"og:description\" content=\"Hydronix beton nem sens\u00f6r\u00fc, \u00e7evre kimlik bilgilerine zarar vermeden tekrarlanabilir \u00fcr\u00fcn kalitesi ve daha s\u0131k\u0131 maliyet kontrol\u00fc sa\u011flar.\" \/>\n<meta property=\"og:url\" content=\"https:\/\/www.hydronix.com\/tr\/endustriler\/beton\/\" \/>\n<meta property=\"og:site_name\" content=\"Hydronix\" \/>\n<meta property=\"article:modified_time\" content=\"2024-09-10T11:28:29+00:00\" \/>\n<meta property=\"og:image\" content=\"https:\/\/www.hydronix.com\/wp-content\/uploads\/2022\/09\/application-bg-concrete.jpg\" \/>\n\t<meta property=\"og:image:width\" content=\"1423\" \/>\n\t<meta property=\"og:image:height\" content=\"522\" \/>\n\t<meta property=\"og:image:type\" content=\"image\/jpeg\" \/>\n<meta name=\"twitter:card\" content=\"summary_large_image\" \/>\n<meta name=\"twitter:label1\" content=\"Tahmini okuma s\u00fcresi\" \/>\n\t<meta name=\"twitter:data1\" content=\"1 dakika\" \/>\n<script type=\"application\/ld+json\" class=\"yoast-schema-graph\">{\"@context\":\"https:\\\/\\\/schema.org\",\"@graph\":[{\"@type\":\"WebPage\",\"@id\":\"https:\\\/\\\/www.hydronix.com\\\/tr\\\/endustriler\\\/beton\\\/\",\"url\":\"https:\\\/\\\/www.hydronix.com\\\/tr\\\/endustriler\\\/beton\\\/\",\"name\":\"Beton \u00dcretimi i\u00e7in Premium Nem \u00d6l\u00e7\u00fcm Sens\u00f6rleri\",\"isPartOf\":{\"@id\":\"https:\\\/\\\/www.hydronix.com\\\/tr\\\/#website\"},\"primaryImageOfPage\":{\"@id\":\"https:\\\/\\\/www.hydronix.com\\\/tr\\\/endustriler\\\/beton\\\/#primaryimage\"},\"image\":{\"@id\":\"https:\\\/\\\/www.hydronix.com\\\/tr\\\/endustriler\\\/beton\\\/#primaryimage\"},\"thumbnailUrl\":\"https:\\\/\\\/www.hydronix.com\\\/wp-content\\\/uploads\\\/2022\\\/09\\\/application-bg-concrete.jpg\",\"datePublished\":\"2022-09-12T12:57:30+00:00\",\"dateModified\":\"2024-09-10T11:28:29+00:00\",\"description\":\"Hydronix beton nem sens\u00f6r\u00fc, \u00e7evre kimlik bilgilerine zarar vermeden tekrarlanabilir \u00fcr\u00fcn kalitesi ve daha s\u0131k\u0131 maliyet kontrol\u00fc sa\u011flar.\",\"breadcrumb\":{\"@id\":\"https:\\\/\\\/www.hydronix.com\\\/tr\\\/endustriler\\\/beton\\\/#breadcrumb\"},\"inLanguage\":\"tr\",\"potentialAction\":[{\"@type\":\"ReadAction\",\"target\":[\"https:\\\/\\\/www.hydronix.com\\\/tr\\\/endustriler\\\/beton\\\/\"]}]},{\"@type\":\"ImageObject\",\"inLanguage\":\"tr\",\"@id\":\"https:\\\/\\\/www.hydronix.com\\\/tr\\\/endustriler\\\/beton\\\/#primaryimage\",\"url\":\"https:\\\/\\\/www.hydronix.com\\\/wp-content\\\/uploads\\\/2022\\\/09\\\/application-bg-concrete.jpg\",\"contentUrl\":\"https:\\\/\\\/www.hydronix.com\\\/wp-content\\\/uploads\\\/2022\\\/09\\\/application-bg-concrete.jpg\",\"width\":1423,\"height\":522},{\"@type\":\"BreadcrumbList\",\"@id\":\"https:\\\/\\\/www.hydronix.com\\\/tr\\\/endustriler\\\/beton\\\/#breadcrumb\",\"itemListElement\":[{\"@type\":\"ListItem\",\"position\":1,\"name\":\"Home\",\"item\":\"https:\\\/\\\/www.hydronix.com\\\/tr\\\/hydronix\\\/\"},{\"@type\":\"ListItem\",\"position\":2,\"name\":\"End\u00fcstriler\",\"item\":\"https:\\\/\\\/www.hydronix.com\\\/tr\\\/endustriler\\\/\"},{\"@type\":\"ListItem\",\"position\":3,\"name\":\"Beton\"}]},{\"@type\":\"WebSite\",\"@id\":\"https:\\\/\\\/www.hydronix.com\\\/tr\\\/#website\",\"url\":\"https:\\\/\\\/www.hydronix.com\\\/tr\\\/\",\"name\":\"Hydronix\",\"description\":\"Your partner in moisture measurement\",\"potentialAction\":[{\"@type\":\"SearchAction\",\"target\":{\"@type\":\"EntryPoint\",\"urlTemplate\":\"https:\\\/\\\/www.hydronix.com\\\/tr\\\/?s={search_term_string}\"},\"query-input\":{\"@type\":\"PropertyValueSpecification\",\"valueRequired\":true,\"valueName\":\"search_term_string\"}}],\"inLanguage\":\"tr\"}]}<\/script>\n<!-- \/ Yoast SEO plugin. -->","yoast_head_json":{"title":"Beton \u00dcretimi i\u00e7in Premium Nem \u00d6l\u00e7\u00fcm Sens\u00f6rleri","description":"Hydronix beton nem sens\u00f6r\u00fc, \u00e7evre kimlik bilgilerine zarar vermeden tekrarlanabilir \u00fcr\u00fcn kalitesi ve daha s\u0131k\u0131 maliyet kontrol\u00fc sa\u011flar.","robots":{"index":"index","follow":"follow","max-snippet":"max-snippet:-1","max-image-preview":"max-image-preview:large","max-video-preview":"max-video-preview:-1"},"canonical":"https:\/\/www.hydronix.com\/tr\/endustriler\/beton\/","og_locale":"tr_TR","og_type":"article","og_title":"Beton \u00dcretimi i\u00e7in Premium Nem \u00d6l\u00e7\u00fcm Sens\u00f6rleri","og_description":"Hydronix beton nem sens\u00f6r\u00fc, \u00e7evre kimlik bilgilerine zarar vermeden tekrarlanabilir \u00fcr\u00fcn kalitesi ve daha s\u0131k\u0131 maliyet kontrol\u00fc sa\u011flar.","og_url":"https:\/\/www.hydronix.com\/tr\/endustriler\/beton\/","og_site_name":"Hydronix","article_modified_time":"2024-09-10T11:28:29+00:00","og_image":[{"width":1423,"height":522,"url":"https:\/\/www.hydronix.com\/wp-content\/uploads\/2022\/09\/application-bg-concrete.jpg","type":"image\/jpeg"}],"twitter_card":"summary_large_image","twitter_misc":{"Tahmini okuma s\u00fcresi":"1 dakika"},"schema":{"@context":"https:\/\/schema.org","@graph":[{"@type":"WebPage","@id":"https:\/\/www.hydronix.com\/tr\/endustriler\/beton\/","url":"https:\/\/www.hydronix.com\/tr\/endustriler\/beton\/","name":"Beton \u00dcretimi i\u00e7in Premium Nem \u00d6l\u00e7\u00fcm Sens\u00f6rleri","isPartOf":{"@id":"https:\/\/www.hydronix.com\/tr\/#website"},"primaryImageOfPage":{"@id":"https:\/\/www.hydronix.com\/tr\/endustriler\/beton\/#primaryimage"},"image":{"@id":"https:\/\/www.hydronix.com\/tr\/endustriler\/beton\/#primaryimage"},"thumbnailUrl":"https:\/\/www.hydronix.com\/wp-content\/uploads\/2022\/09\/application-bg-concrete.jpg","datePublished":"2022-09-12T12:57:30+00:00","dateModified":"2024-09-10T11:28:29+00:00","description":"Hydronix beton nem sens\u00f6r\u00fc, \u00e7evre kimlik bilgilerine zarar vermeden tekrarlanabilir \u00fcr\u00fcn kalitesi ve daha s\u0131k\u0131 maliyet kontrol\u00fc sa\u011flar.","breadcrumb":{"@id":"https:\/\/www.hydronix.com\/tr\/endustriler\/beton\/#breadcrumb"},"inLanguage":"tr","potentialAction":[{"@type":"ReadAction","target":["https:\/\/www.hydronix.com\/tr\/endustriler\/beton\/"]}]},{"@type":"ImageObject","inLanguage":"tr","@id":"https:\/\/www.hydronix.com\/tr\/endustriler\/beton\/#primaryimage","url":"https:\/\/www.hydronix.com\/wp-content\/uploads\/2022\/09\/application-bg-concrete.jpg","contentUrl":"https:\/\/www.hydronix.com\/wp-content\/uploads\/2022\/09\/application-bg-concrete.jpg","width":1423,"height":522},{"@type":"BreadcrumbList","@id":"https:\/\/www.hydronix.com\/tr\/endustriler\/beton\/#breadcrumb","itemListElement":[{"@type":"ListItem","position":1,"name":"Home","item":"https:\/\/www.hydronix.com\/tr\/hydronix\/"},{"@type":"ListItem","position":2,"name":"End\u00fcstriler","item":"https:\/\/www.hydronix.com\/tr\/endustriler\/"},{"@type":"ListItem","position":3,"name":"Beton"}]},{"@type":"WebSite","@id":"https:\/\/www.hydronix.com\/tr\/#website","url":"https:\/\/www.hydronix.com\/tr\/","name":"Hydronix","description":"Your partner in moisture measurement","potentialAction":[{"@type":"SearchAction","target":{"@type":"EntryPoint","urlTemplate":"https:\/\/www.hydronix.com\/tr\/?s={search_term_string}"},"query-input":{"@type":"PropertyValueSpecification","valueRequired":true,"valueName":"search_term_string"}}],"inLanguage":"tr"}]}},"_links":{"self":[{"href":"https:\/\/www.hydronix.com\/tr\/wp-json\/wp\/v2\/pages\/31072","targetHints":{"allow":["GET"]}}],"collection":[{"href":"https:\/\/www.hydronix.com\/tr\/wp-json\/wp\/v2\/pages"}],"about":[{"href":"https:\/\/www.hydronix.com\/tr\/wp-json\/wp\/v2\/types\/page"}],"author":[{"embeddable":true,"href":"https:\/\/www.hydronix.com\/tr\/wp-json\/wp\/v2\/users\/1"}],"replies":[{"embeddable":true,"href":"https:\/\/www.hydronix.com\/tr\/wp-json\/wp\/v2\/comments?post=31072"}],"version-history":[{"count":1,"href":"https:\/\/www.hydronix.com\/tr\/wp-json\/wp\/v2\/pages\/31072\/revisions"}],"predecessor-version":[{"id":37854,"href":"https:\/\/www.hydronix.com\/tr\/wp-json\/wp\/v2\/pages\/31072\/revisions\/37854"}],"up":[{"embeddable":true,"href":"https:\/\/www.hydronix.com\/tr\/wp-json\/wp\/v2\/pages\/31019"}],"wp:featuredmedia":[{"embeddable":true,"href":"https:\/\/www.hydronix.com\/tr\/wp-json\/wp\/v2\/media\/29769"}],"wp:attachment":[{"href":"https:\/\/www.hydronix.com\/tr\/wp-json\/wp\/v2\/media?parent=31072"}],"wp:term":[{"taxonomy":"industries","embeddable":true,"href":"https:\/\/www.hydronix.com\/tr\/wp-json\/wp\/v2\/industries?post=31072"},{"taxonomy":"process","embeddable":true,"href":"https:\/\/www.hydronix.com\/tr\/wp-json\/wp\/v2\/process?post=31072"}],"curies":[{"name":"wp","href":"https:\/\/api.w.org\/{rel}","templated":true}]}}