{"id":31057,"date":"2022-09-12T12:54:11","date_gmt":"2022-09-12T12:54:11","guid":{"rendered":"https:\/\/hydronix.chilliservers.co.uk\/endustriler\/hayvan-ve-balik-besinleri\/"},"modified":"2023-11-23T16:20:36","modified_gmt":"2023-11-23T16:20:36","slug":"hayvan-ve-balik-besinleri","status":"publish","type":"page","link":"https:\/\/www.hydronix.com\/tr\/endustriler\/hayvan-ve-balik-besinleri\/","title":{"rendered":"Hayvan ve Bal\u0131k Besinleri"},"content":{"rendered":"    \n<!-- hero_short -->\n<section class=\"short_hero d-flex py-5\" style=\"background-image:url(https:\/\/www.hydronix.com\/wp-content\/uploads\/2022\/09\/D-animal-nutrition.jpg)\">\n    <div class=\"overlay\"><\/div>\n    <div class=\"container-xl my-auto\">\n        <div class=\"row\">\n            <div class=\"col-lg-5 hero__content\">\n                <h1>Hayvan ve Bal\u0131k Besinleri<\/h1>\n            <\/div>\n        <\/div>\n    <\/div>\n<\/section>\n<!--section class=\"sub_page_title py-1 mb-4\">\n    <div class=\"container-xl\">\n        <p id=\"breadcrumbs\"><span><span><a href=\"https:\/\/www.hydronix.com\/tr\/\">Home<\/a><\/span><\/span><\/p>    <\/div>\n<\/section-->\n\n<div class=\"wp-block-group py-5\"><div class=\"wp-block-group__inner-container is-layout-constrained wp-block-group-is-layout-constrained\">    <div class=\"container-xl\">\n\t\t\n<p>Hayvan ve bal\u0131k yemi \u00fcretiminin \u00e7e\u015fitli a\u015famalar\u0131nda nem \u00f6l\u00e7\u00fcm\u00fc gerekir.<\/p>\n    <\/div>\n    \n\n    <div class=\"container-xl\">\n\t\t\n<p>Hammaddelerdeki nem i\u00e7eri\u011finin s\u00fcrekli de\u011fi\u015fmesi nedeniyle \u00e7evrimi\u00e7i \u00f6l\u00e7\u00fcm, ideal verimlilik ve kalite kontrol\u00fc sa\u011flanmas\u0131nda \u00f6nemli bir ara\u00e7 haline gelmi\u015ftir.<\/p>\n    <\/div>\n    \n\n    <div class=\"container-xl\">\n\t\t\n<p>Yem \u00fcretim s\u00fcreci s\u0131ras\u0131nda nemi \u00f6l\u00e7me ve ayarlama yapabilme imkan\u0131, \u00fcretimin \u00e7e\u015fitli a\u015famalar\u0131nda kritik \u00f6nemdedir.<\/p>\n    <\/div>\n    <\/div><\/div>\n<!-- children -->\n<section class=\"child_pages py-4 mb-4\">\n    <div class=\"container-xl\">\n                <div class=\"row g-4 justify-content-center\">\n        <div class=\"col-md-4 col-xl-3\">\n            <a class=\"child_pages__card child_pages__card--blue\" href=\"https:\/\/www.hydronix.com\/tr\/endustriler\/hayvan-ve-balik-besinleri\/hayvan-mamasi\/\">Hayvan Mamas\u0131<\/a>\n        <\/div>\n                <div class=\"col-md-4 col-xl-3\">\n            <a class=\"child_pages__card child_pages__card--blue\" href=\"https:\/\/www.hydronix.com\/tr\/endustriler\/hayvan-ve-balik-besinleri\/su-yemi\/\">Su Yemi<\/a>\n        <\/div>\n                <div class=\"col-md-4 col-xl-3\">\n            <a class=\"child_pages__card child_pages__card--blue\" href=\"https:\/\/www.hydronix.com\/tr\/endustriler\/hayvan-ve-balik-besinleri\/seker-pancari-parcalari\/\">\u015eeker Pancar\u0131 Par\u00e7alar\u0131<\/a>\n        <\/div>\n                <div class=\"col-md-4 col-xl-3\">\n            <a class=\"child_pages__card child_pages__card--blue\" href=\"https:\/\/www.hydronix.com\/tr\/endustriler\/hayvan-ve-balik-besinleri\/hayvan-yemi\/\">Hayvan Yemi<\/a>\n        <\/div>\n            <\/div>\n<\/section>","protected":false},"excerpt":{"rendered":"<p>Hayvan ve bal\u0131k yemi \u00fcretiminin \u00e7e\u015fitli a\u015famalar\u0131nda nem \u00f6l\u00e7\u00fcm\u00fc gerekir. Hammaddelerdeki nem i\u00e7eri\u011finin s\u00fcrekli de\u011fi\u015fmesi nedeniyle \u00e7evrimi\u00e7i \u00f6l\u00e7\u00fcm, ideal verimlilik ve kalite kontrol\u00fc sa\u011flanmas\u0131nda \u00f6nemli bir ara\u00e7 haline gelmi\u015ftir. Yem \u00fcretim s\u00fcreci s\u0131ras\u0131nda nemi \u00f6l\u00e7me ve ayarlama yapabilme imkan\u0131, \u00fcretimin \u00e7e\u015fitli a\u015famalar\u0131nda kritik \u00f6nemdedir. [&#8230;]<\/p>\n<p><a class=\"btn btn-secondary understrap-read-more-link\" href=\"https:\/\/www.hydronix.com\/tr\/endustriler\/hayvan-ve-balik-besinleri\/\">Daha fazlas\u0131n\u0131 oku\u2026<span class=\"screen-reader-text\"> from Hayvan ve Bal\u0131k Besinleri<\/span><\/a><\/p>\n","protected":false},"author":1,"featured_media":29158,"parent":31019,"menu_order":482,"comment_status":"closed","ping_status":"closed","template":"","meta":{"_acf_changed":false,"content-type":"","inline_featured_image":false,"footnotes":""},"industries":[],"process":[],"class_list":["post-31057","page","type-page","status-publish","has-post-thumbnail","hentry"],"acf":[],"yoast_head":"<!-- This site is optimized with the Yoast SEO plugin v27.1.1 - https:\/\/yoast.com\/product\/yoast-seo-wordpress\/ -->\n<title>Hayvan ve Bal\u0131k Besinleri - Hydronix<\/title>\n<meta name=\"description\" content=\"Hayvan ve bal\u0131k besinlerinde nem \u00f6l\u00e7\u00fcm\u00fc, verimlilik ve kalite kontrol\u00fc sa\u011flar. \u00c7e\u015fitli \u00fcretim a\u015famalar\u0131nda kullan\u0131l\u0131r.\" \/>\n<meta name=\"robots\" content=\"index, follow, max-snippet:-1, max-image-preview:large, max-video-preview:-1\" \/>\n<link rel=\"canonical\" href=\"https:\/\/www.hydronix.com\/tr\/endustriler\/hayvan-ve-balik-besinleri\/\" \/>\n<meta property=\"og:locale\" content=\"tr_TR\" \/>\n<meta property=\"og:type\" content=\"article\" \/>\n<meta property=\"og:title\" content=\"Hayvan ve Bal\u0131k Besinleri - Hydronix\" \/>\n<meta property=\"og:description\" content=\"Hayvan ve bal\u0131k besinlerinde nem \u00f6l\u00e7\u00fcm\u00fc, verimlilik ve kalite kontrol\u00fc sa\u011flar. \u00c7e\u015fitli \u00fcretim a\u015famalar\u0131nda kullan\u0131l\u0131r.\" \/>\n<meta property=\"og:url\" content=\"https:\/\/www.hydronix.com\/tr\/endustriler\/hayvan-ve-balik-besinleri\/\" \/>\n<meta property=\"og:site_name\" content=\"Hydronix\" \/>\n<meta property=\"article:modified_time\" content=\"2023-11-23T16:20:36+00:00\" \/>\n<meta property=\"og:image\" content=\"https:\/\/www.hydronix.com\/wp-content\/uploads\/2022\/09\/D-animal-nutrition.jpg\" \/>\n\t<meta property=\"og:image:width\" content=\"2000\" \/>\n\t<meta property=\"og:image:height\" content=\"400\" \/>\n\t<meta property=\"og:image:type\" content=\"image\/jpeg\" \/>\n<meta name=\"twitter:card\" content=\"summary_large_image\" \/>\n<meta name=\"twitter:label1\" content=\"Tahmini okuma s\u00fcresi\" \/>\n\t<meta name=\"twitter:data1\" content=\"1 dakika\" \/>\n<script type=\"application\/ld+json\" class=\"yoast-schema-graph\">{\"@context\":\"https:\/\/schema.org\",\"@graph\":[{\"@type\":\"WebPage\",\"@id\":\"https:\/\/www.hydronix.com\/tr\/endustriler\/hayvan-ve-balik-besinleri\/\",\"url\":\"https:\/\/www.hydronix.com\/tr\/endustriler\/hayvan-ve-balik-besinleri\/\",\"name\":\"Hayvan ve Bal\u0131k Besinleri - Hydronix\",\"isPartOf\":{\"@id\":\"https:\/\/www.hydronix.com\/tr\/#website\"},\"primaryImageOfPage\":{\"@id\":\"https:\/\/www.hydronix.com\/tr\/endustriler\/hayvan-ve-balik-besinleri\/#primaryimage\"},\"image\":{\"@id\":\"https:\/\/www.hydronix.com\/tr\/endustriler\/hayvan-ve-balik-besinleri\/#primaryimage\"},\"thumbnailUrl\":\"https:\/\/www.hydronix.com\/wp-content\/uploads\/2022\/09\/D-animal-nutrition.jpg\",\"datePublished\":\"2022-09-12T12:54:11+00:00\",\"dateModified\":\"2023-11-23T16:20:36+00:00\",\"description\":\"Hayvan ve bal\u0131k besinlerinde nem \u00f6l\u00e7\u00fcm\u00fc, verimlilik ve kalite kontrol\u00fc sa\u011flar. \u00c7e\u015fitli \u00fcretim a\u015famalar\u0131nda kullan\u0131l\u0131r.\",\"breadcrumb\":{\"@id\":\"https:\/\/www.hydronix.com\/tr\/endustriler\/hayvan-ve-balik-besinleri\/#breadcrumb\"},\"inLanguage\":\"tr\",\"potentialAction\":[{\"@type\":\"ReadAction\",\"target\":[\"https:\/\/www.hydronix.com\/tr\/endustriler\/hayvan-ve-balik-besinleri\/\"]}]},{\"@type\":\"ImageObject\",\"inLanguage\":\"tr\",\"@id\":\"https:\/\/www.hydronix.com\/tr\/endustriler\/hayvan-ve-balik-besinleri\/#primaryimage\",\"url\":\"https:\/\/www.hydronix.com\/wp-content\/uploads\/2022\/09\/D-animal-nutrition.jpg\",\"contentUrl\":\"https:\/\/www.hydronix.com\/wp-content\/uploads\/2022\/09\/D-animal-nutrition.jpg\",\"width\":2000,\"height\":400},{\"@type\":\"BreadcrumbList\",\"@id\":\"https:\/\/www.hydronix.com\/tr\/endustriler\/hayvan-ve-balik-besinleri\/#breadcrumb\",\"itemListElement\":[{\"@type\":\"ListItem\",\"position\":1,\"name\":\"Home\",\"item\":\"https:\/\/www.hydronix.com\/tr\/\"},{\"@type\":\"ListItem\",\"position\":2,\"name\":\"End\u00fcstriler\",\"item\":\"https:\/\/www.hydronix.com\/tr\/endustriler\/\"},{\"@type\":\"ListItem\",\"position\":3,\"name\":\"Hayvan ve Bal\u0131k Besinleri\"}]},{\"@type\":\"WebSite\",\"@id\":\"https:\/\/www.hydronix.com\/tr\/#website\",\"url\":\"https:\/\/www.hydronix.com\/tr\/\",\"name\":\"Hydronix\",\"description\":\"Your partner in moisture measurement\",\"potentialAction\":[{\"@type\":\"SearchAction\",\"target\":{\"@type\":\"EntryPoint\",\"urlTemplate\":\"https:\/\/www.hydronix.com\/tr\/?s={search_term_string}\"},\"query-input\":{\"@type\":\"PropertyValueSpecification\",\"valueRequired\":true,\"valueName\":\"search_term_string\"}}],\"inLanguage\":\"tr\"}]}<\/script>\n<!-- \/ Yoast SEO plugin. -->","yoast_head_json":{"title":"Hayvan ve Bal\u0131k Besinleri - Hydronix","description":"Hayvan ve bal\u0131k besinlerinde nem \u00f6l\u00e7\u00fcm\u00fc, verimlilik ve kalite kontrol\u00fc sa\u011flar. \u00c7e\u015fitli \u00fcretim a\u015famalar\u0131nda kullan\u0131l\u0131r.","robots":{"index":"index","follow":"follow","max-snippet":"max-snippet:-1","max-image-preview":"max-image-preview:large","max-video-preview":"max-video-preview:-1"},"canonical":"https:\/\/www.hydronix.com\/tr\/endustriler\/hayvan-ve-balik-besinleri\/","og_locale":"tr_TR","og_type":"article","og_title":"Hayvan ve Bal\u0131k Besinleri - Hydronix","og_description":"Hayvan ve bal\u0131k besinlerinde nem \u00f6l\u00e7\u00fcm\u00fc, verimlilik ve kalite kontrol\u00fc sa\u011flar. \u00c7e\u015fitli \u00fcretim a\u015famalar\u0131nda kullan\u0131l\u0131r.","og_url":"https:\/\/www.hydronix.com\/tr\/endustriler\/hayvan-ve-balik-besinleri\/","og_site_name":"Hydronix","article_modified_time":"2023-11-23T16:20:36+00:00","og_image":[{"width":2000,"height":400,"url":"https:\/\/www.hydronix.com\/wp-content\/uploads\/2022\/09\/D-animal-nutrition.jpg","type":"image\/jpeg"}],"twitter_card":"summary_large_image","twitter_misc":{"Tahmini okuma s\u00fcresi":"1 dakika"},"schema":{"@context":"https:\/\/schema.org","@graph":[{"@type":"WebPage","@id":"https:\/\/www.hydronix.com\/tr\/endustriler\/hayvan-ve-balik-besinleri\/","url":"https:\/\/www.hydronix.com\/tr\/endustriler\/hayvan-ve-balik-besinleri\/","name":"Hayvan ve Bal\u0131k Besinleri - Hydronix","isPartOf":{"@id":"https:\/\/www.hydronix.com\/tr\/#website"},"primaryImageOfPage":{"@id":"https:\/\/www.hydronix.com\/tr\/endustriler\/hayvan-ve-balik-besinleri\/#primaryimage"},"image":{"@id":"https:\/\/www.hydronix.com\/tr\/endustriler\/hayvan-ve-balik-besinleri\/#primaryimage"},"thumbnailUrl":"https:\/\/www.hydronix.com\/wp-content\/uploads\/2022\/09\/D-animal-nutrition.jpg","datePublished":"2022-09-12T12:54:11+00:00","dateModified":"2023-11-23T16:20:36+00:00","description":"Hayvan ve bal\u0131k besinlerinde nem \u00f6l\u00e7\u00fcm\u00fc, verimlilik ve kalite kontrol\u00fc sa\u011flar. \u00c7e\u015fitli \u00fcretim a\u015famalar\u0131nda kullan\u0131l\u0131r.","breadcrumb":{"@id":"https:\/\/www.hydronix.com\/tr\/endustriler\/hayvan-ve-balik-besinleri\/#breadcrumb"},"inLanguage":"tr","potentialAction":[{"@type":"ReadAction","target":["https:\/\/www.hydronix.com\/tr\/endustriler\/hayvan-ve-balik-besinleri\/"]}]},{"@type":"ImageObject","inLanguage":"tr","@id":"https:\/\/www.hydronix.com\/tr\/endustriler\/hayvan-ve-balik-besinleri\/#primaryimage","url":"https:\/\/www.hydronix.com\/wp-content\/uploads\/2022\/09\/D-animal-nutrition.jpg","contentUrl":"https:\/\/www.hydronix.com\/wp-content\/uploads\/2022\/09\/D-animal-nutrition.jpg","width":2000,"height":400},{"@type":"BreadcrumbList","@id":"https:\/\/www.hydronix.com\/tr\/endustriler\/hayvan-ve-balik-besinleri\/#breadcrumb","itemListElement":[{"@type":"ListItem","position":1,"name":"Home","item":"https:\/\/www.hydronix.com\/tr\/"},{"@type":"ListItem","position":2,"name":"End\u00fcstriler","item":"https:\/\/www.hydronix.com\/tr\/endustriler\/"},{"@type":"ListItem","position":3,"name":"Hayvan ve Bal\u0131k Besinleri"}]},{"@type":"WebSite","@id":"https:\/\/www.hydronix.com\/tr\/#website","url":"https:\/\/www.hydronix.com\/tr\/","name":"Hydronix","description":"Your partner in moisture measurement","potentialAction":[{"@type":"SearchAction","target":{"@type":"EntryPoint","urlTemplate":"https:\/\/www.hydronix.com\/tr\/?s={search_term_string}"},"query-input":{"@type":"PropertyValueSpecification","valueRequired":true,"valueName":"search_term_string"}}],"inLanguage":"tr"}]}},"_links":{"self":[{"href":"https:\/\/www.hydronix.com\/tr\/wp-json\/wp\/v2\/pages\/31057","targetHints":{"allow":["GET"]}}],"collection":[{"href":"https:\/\/www.hydronix.com\/tr\/wp-json\/wp\/v2\/pages"}],"about":[{"href":"https:\/\/www.hydronix.com\/tr\/wp-json\/wp\/v2\/types\/page"}],"author":[{"embeddable":true,"href":"https:\/\/www.hydronix.com\/tr\/wp-json\/wp\/v2\/users\/1"}],"replies":[{"embeddable":true,"href":"https:\/\/www.hydronix.com\/tr\/wp-json\/wp\/v2\/comments?post=31057"}],"version-history":[{"count":0,"href":"https:\/\/www.hydronix.com\/tr\/wp-json\/wp\/v2\/pages\/31057\/revisions"}],"up":[{"embeddable":true,"href":"https:\/\/www.hydronix.com\/tr\/wp-json\/wp\/v2\/pages\/31019"}],"wp:featuredmedia":[{"embeddable":true,"href":"https:\/\/www.hydronix.com\/tr\/wp-json\/wp\/v2\/media\/29158"}],"wp:attachment":[{"href":"https:\/\/www.hydronix.com\/tr\/wp-json\/wp\/v2\/media?parent=31057"}],"wp:term":[{"taxonomy":"industries","embeddable":true,"href":"https:\/\/www.hydronix.com\/tr\/wp-json\/wp\/v2\/industries?post=31057"},{"taxonomy":"process","embeddable":true,"href":"https:\/\/www.hydronix.com\/tr\/wp-json\/wp\/v2\/process?post=31057"}],"curies":[{"name":"wp","href":"https:\/\/api.w.org\/{rel}","templated":true}]}}