{"id":31055,"date":"2022-09-12T12:53:28","date_gmt":"2022-09-12T12:53:28","guid":{"rendered":"https:\/\/hydronix.chilliservers.co.uk\/endustriler\/gida\/"},"modified":"2023-11-24T08:45:04","modified_gmt":"2023-11-24T08:45:04","slug":"gida","status":"publish","type":"page","link":"https:\/\/www.hydronix.com\/tr\/endustriler\/gida\/","title":{"rendered":"G\u0131da"},"content":{"rendered":"    \n<!-- hero_short -->\n<section class=\"short_hero d-flex py-5\" style=\"background-image:url(https:\/\/www.hydronix.com\/wp-content\/uploads\/2022\/09\/E-food.jpg)\">\n    <div class=\"overlay\"><\/div>\n    <div class=\"container-xl my-auto\">\n        <div class=\"row\">\n            <div class=\"col-lg-5 hero__content\">\n                <h1>G\u0131da<\/h1>\n            <\/div>\n        <\/div>\n    <\/div>\n<\/section>\n<!--section class=\"sub_page_title py-1 mb-4\">\n    <div class=\"container-xl\">\n        <p id=\"breadcrumbs\"><span><span><a href=\"https:\/\/www.hydronix.com\/tr\/\">Home<\/a><\/span><\/span><\/p>    <\/div>\n<\/section-->\n\n<div class=\"wp-block-group py-5\"><div class=\"wp-block-group__inner-container is-layout-constrained wp-block-group-is-layout-constrained\">    <div class=\"container-xl\">\n\t\t\n<p>Nem kontrol\u00fc, ham maddelerin al\u0131m\u0131ndan paketlemeye kadar g\u0131dalar\u0131n i\u015flenmesinde \u00f6nemli bir unsurdur. Besin de\u011feri y\u00fcksek, tekrarlanabilir ve tutarl\u0131 bir nihai \u00fcr\u00fcn elde etmek i\u00e7in nemin izlenmesi \u00f6nemlidir.<\/p>\n    <\/div>\n    \n\n    <div class=\"container-xl\">\n\t\t\n<p>Nem \u00f6l\u00e7\u00fcm\u00fc, \u00fcretimi ve k\u00e2rl\u0131l\u0131\u011f\u0131 iyile\u015ftirme, enerji t\u00fcketimini, at\u0131klar\u0131 ve \u00e7evresel etkiyi azaltma gibi ek faydalar sa\u011flar.<\/p>\n    <\/div>\n    <\/div><\/div>\n<!-- children -->\n<section class=\"child_pages py-4 mb-4\">\n    <div class=\"container-xl\">\n                <div class=\"row g-4 justify-content-center\">\n        <div class=\"col-md-4 col-xl-3\">\n            <a class=\"child_pages__card child_pages__card--blue\" href=\"https:\/\/www.hydronix.com\/tr\/endustriler\/gida\/tozlar\/\">Tozlar<\/a>\n        <\/div>\n                <div class=\"col-md-4 col-xl-3\">\n            <a class=\"child_pages__card child_pages__card--blue\" href=\"https:\/\/www.hydronix.com\/tr\/endustriler\/gida\/gida-uretimi\/\">G\u0131da \u00dcretimi<\/a>\n        <\/div>\n            <\/div>\n<\/section>","protected":false},"excerpt":{"rendered":"<p>Nem kontrol\u00fc, ham maddelerin al\u0131m\u0131ndan paketlemeye kadar g\u0131dalar\u0131n i\u015flenmesinde \u00f6nemli bir unsurdur. Besin de\u011feri y\u00fcksek, tekrarlanabilir ve tutarl\u0131 bir nihai \u00fcr\u00fcn elde etmek i\u00e7in nemin izlenmesi \u00f6nemlidir. Nem \u00f6l\u00e7\u00fcm\u00fc, \u00fcretimi ve k\u00e2rl\u0131l\u0131\u011f\u0131 iyile\u015ftirme, enerji t\u00fcketimini, at\u0131klar\u0131 ve \u00e7evresel etkiyi azaltma gibi ek faydalar sa\u011flar. [&#8230;]<\/p>\n<p><a class=\"btn btn-secondary understrap-read-more-link\" href=\"https:\/\/www.hydronix.com\/tr\/endustriler\/gida\/\">Daha fazlas\u0131n\u0131 oku\u2026<span class=\"screen-reader-text\"> from G\u0131da<\/span><\/a><\/p>\n","protected":false},"author":1,"featured_media":29189,"parent":31019,"menu_order":498,"comment_status":"closed","ping_status":"closed","template":"","meta":{"_acf_changed":false,"content-type":"","inline_featured_image":false,"footnotes":""},"industries":[],"process":[],"class_list":["post-31055","page","type-page","status-publish","has-post-thumbnail","hentry"],"acf":[],"yoast_head":"<!-- This site is optimized with the Yoast SEO plugin v27.1.1 - https:\/\/yoast.com\/product\/yoast-seo-wordpress\/ -->\n<title>G\u0131da - Hydronix<\/title>\n<meta name=\"description\" content=\"\u00dcretim prosesi s\u0131ras\u0131nda g\u0131dalar\u0131n neminin \u00f6l\u00e7\u00fclmesi, enerji t\u00fcketimini, at\u0131klar\u0131 ve \u00e7evresel etkiyi azalt\u0131r.\" \/>\n<meta name=\"robots\" content=\"index, follow, max-snippet:-1, max-image-preview:large, max-video-preview:-1\" \/>\n<link rel=\"canonical\" href=\"https:\/\/www.hydronix.com\/tr\/endustriler\/gida\/\" \/>\n<meta property=\"og:locale\" content=\"tr_TR\" \/>\n<meta property=\"og:type\" content=\"article\" \/>\n<meta property=\"og:title\" content=\"G\u0131da - Hydronix\" \/>\n<meta property=\"og:description\" content=\"\u00dcretim prosesi s\u0131ras\u0131nda g\u0131dalar\u0131n neminin \u00f6l\u00e7\u00fclmesi, enerji t\u00fcketimini, at\u0131klar\u0131 ve \u00e7evresel etkiyi azalt\u0131r.\" \/>\n<meta property=\"og:url\" content=\"https:\/\/www.hydronix.com\/tr\/endustriler\/gida\/\" \/>\n<meta property=\"og:site_name\" content=\"Hydronix\" \/>\n<meta property=\"article:modified_time\" content=\"2023-11-24T08:45:04+00:00\" \/>\n<meta property=\"og:image\" content=\"https:\/\/www.hydronix.com\/wp-content\/uploads\/2022\/09\/E-food.jpg\" \/>\n\t<meta property=\"og:image:width\" content=\"2000\" \/>\n\t<meta property=\"og:image:height\" content=\"400\" \/>\n\t<meta property=\"og:image:type\" content=\"image\/jpeg\" \/>\n<meta name=\"twitter:card\" content=\"summary_large_image\" \/>\n<meta name=\"twitter:label1\" content=\"Tahmini okuma s\u00fcresi\" \/>\n\t<meta name=\"twitter:data1\" content=\"1 dakika\" \/>\n<script type=\"application\/ld+json\" class=\"yoast-schema-graph\">{\"@context\":\"https:\/\/schema.org\",\"@graph\":[{\"@type\":\"WebPage\",\"@id\":\"https:\/\/www.hydronix.com\/tr\/endustriler\/gida\/\",\"url\":\"https:\/\/www.hydronix.com\/tr\/endustriler\/gida\/\",\"name\":\"G\u0131da - Hydronix\",\"isPartOf\":{\"@id\":\"https:\/\/www.hydronix.com\/tr\/#website\"},\"primaryImageOfPage\":{\"@id\":\"https:\/\/www.hydronix.com\/tr\/endustriler\/gida\/#primaryimage\"},\"image\":{\"@id\":\"https:\/\/www.hydronix.com\/tr\/endustriler\/gida\/#primaryimage\"},\"thumbnailUrl\":\"https:\/\/www.hydronix.com\/wp-content\/uploads\/2022\/09\/E-food.jpg\",\"datePublished\":\"2022-09-12T12:53:28+00:00\",\"dateModified\":\"2023-11-24T08:45:04+00:00\",\"description\":\"\u00dcretim prosesi s\u0131ras\u0131nda g\u0131dalar\u0131n neminin \u00f6l\u00e7\u00fclmesi, enerji t\u00fcketimini, at\u0131klar\u0131 ve \u00e7evresel etkiyi azalt\u0131r.\",\"breadcrumb\":{\"@id\":\"https:\/\/www.hydronix.com\/tr\/endustriler\/gida\/#breadcrumb\"},\"inLanguage\":\"tr\",\"potentialAction\":[{\"@type\":\"ReadAction\",\"target\":[\"https:\/\/www.hydronix.com\/tr\/endustriler\/gida\/\"]}]},{\"@type\":\"ImageObject\",\"inLanguage\":\"tr\",\"@id\":\"https:\/\/www.hydronix.com\/tr\/endustriler\/gida\/#primaryimage\",\"url\":\"https:\/\/www.hydronix.com\/wp-content\/uploads\/2022\/09\/E-food.jpg\",\"contentUrl\":\"https:\/\/www.hydronix.com\/wp-content\/uploads\/2022\/09\/E-food.jpg\",\"width\":2000,\"height\":400},{\"@type\":\"BreadcrumbList\",\"@id\":\"https:\/\/www.hydronix.com\/tr\/endustriler\/gida\/#breadcrumb\",\"itemListElement\":[{\"@type\":\"ListItem\",\"position\":1,\"name\":\"Home\",\"item\":\"https:\/\/www.hydronix.com\/tr\/\"},{\"@type\":\"ListItem\",\"position\":2,\"name\":\"End\u00fcstriler\",\"item\":\"https:\/\/www.hydronix.com\/tr\/endustriler\/\"},{\"@type\":\"ListItem\",\"position\":3,\"name\":\"G\u0131da\"}]},{\"@type\":\"WebSite\",\"@id\":\"https:\/\/www.hydronix.com\/tr\/#website\",\"url\":\"https:\/\/www.hydronix.com\/tr\/\",\"name\":\"Hydronix\",\"description\":\"Your partner in moisture measurement\",\"potentialAction\":[{\"@type\":\"SearchAction\",\"target\":{\"@type\":\"EntryPoint\",\"urlTemplate\":\"https:\/\/www.hydronix.com\/tr\/?s={search_term_string}\"},\"query-input\":{\"@type\":\"PropertyValueSpecification\",\"valueRequired\":true,\"valueName\":\"search_term_string\"}}],\"inLanguage\":\"tr\"}]}<\/script>\n<!-- \/ Yoast SEO plugin. -->","yoast_head_json":{"title":"G\u0131da - Hydronix","description":"\u00dcretim prosesi s\u0131ras\u0131nda g\u0131dalar\u0131n neminin \u00f6l\u00e7\u00fclmesi, enerji t\u00fcketimini, at\u0131klar\u0131 ve \u00e7evresel etkiyi azalt\u0131r.","robots":{"index":"index","follow":"follow","max-snippet":"max-snippet:-1","max-image-preview":"max-image-preview:large","max-video-preview":"max-video-preview:-1"},"canonical":"https:\/\/www.hydronix.com\/tr\/endustriler\/gida\/","og_locale":"tr_TR","og_type":"article","og_title":"G\u0131da - Hydronix","og_description":"\u00dcretim prosesi s\u0131ras\u0131nda g\u0131dalar\u0131n neminin \u00f6l\u00e7\u00fclmesi, enerji t\u00fcketimini, at\u0131klar\u0131 ve \u00e7evresel etkiyi azalt\u0131r.","og_url":"https:\/\/www.hydronix.com\/tr\/endustriler\/gida\/","og_site_name":"Hydronix","article_modified_time":"2023-11-24T08:45:04+00:00","og_image":[{"width":2000,"height":400,"url":"https:\/\/www.hydronix.com\/wp-content\/uploads\/2022\/09\/E-food.jpg","type":"image\/jpeg"}],"twitter_card":"summary_large_image","twitter_misc":{"Tahmini okuma s\u00fcresi":"1 dakika"},"schema":{"@context":"https:\/\/schema.org","@graph":[{"@type":"WebPage","@id":"https:\/\/www.hydronix.com\/tr\/endustriler\/gida\/","url":"https:\/\/www.hydronix.com\/tr\/endustriler\/gida\/","name":"G\u0131da - Hydronix","isPartOf":{"@id":"https:\/\/www.hydronix.com\/tr\/#website"},"primaryImageOfPage":{"@id":"https:\/\/www.hydronix.com\/tr\/endustriler\/gida\/#primaryimage"},"image":{"@id":"https:\/\/www.hydronix.com\/tr\/endustriler\/gida\/#primaryimage"},"thumbnailUrl":"https:\/\/www.hydronix.com\/wp-content\/uploads\/2022\/09\/E-food.jpg","datePublished":"2022-09-12T12:53:28+00:00","dateModified":"2023-11-24T08:45:04+00:00","description":"\u00dcretim prosesi s\u0131ras\u0131nda g\u0131dalar\u0131n neminin \u00f6l\u00e7\u00fclmesi, enerji t\u00fcketimini, at\u0131klar\u0131 ve \u00e7evresel etkiyi azalt\u0131r.","breadcrumb":{"@id":"https:\/\/www.hydronix.com\/tr\/endustriler\/gida\/#breadcrumb"},"inLanguage":"tr","potentialAction":[{"@type":"ReadAction","target":["https:\/\/www.hydronix.com\/tr\/endustriler\/gida\/"]}]},{"@type":"ImageObject","inLanguage":"tr","@id":"https:\/\/www.hydronix.com\/tr\/endustriler\/gida\/#primaryimage","url":"https:\/\/www.hydronix.com\/wp-content\/uploads\/2022\/09\/E-food.jpg","contentUrl":"https:\/\/www.hydronix.com\/wp-content\/uploads\/2022\/09\/E-food.jpg","width":2000,"height":400},{"@type":"BreadcrumbList","@id":"https:\/\/www.hydronix.com\/tr\/endustriler\/gida\/#breadcrumb","itemListElement":[{"@type":"ListItem","position":1,"name":"Home","item":"https:\/\/www.hydronix.com\/tr\/"},{"@type":"ListItem","position":2,"name":"End\u00fcstriler","item":"https:\/\/www.hydronix.com\/tr\/endustriler\/"},{"@type":"ListItem","position":3,"name":"G\u0131da"}]},{"@type":"WebSite","@id":"https:\/\/www.hydronix.com\/tr\/#website","url":"https:\/\/www.hydronix.com\/tr\/","name":"Hydronix","description":"Your partner in moisture measurement","potentialAction":[{"@type":"SearchAction","target":{"@type":"EntryPoint","urlTemplate":"https:\/\/www.hydronix.com\/tr\/?s={search_term_string}"},"query-input":{"@type":"PropertyValueSpecification","valueRequired":true,"valueName":"search_term_string"}}],"inLanguage":"tr"}]}},"_links":{"self":[{"href":"https:\/\/www.hydronix.com\/tr\/wp-json\/wp\/v2\/pages\/31055","targetHints":{"allow":["GET"]}}],"collection":[{"href":"https:\/\/www.hydronix.com\/tr\/wp-json\/wp\/v2\/pages"}],"about":[{"href":"https:\/\/www.hydronix.com\/tr\/wp-json\/wp\/v2\/types\/page"}],"author":[{"embeddable":true,"href":"https:\/\/www.hydronix.com\/tr\/wp-json\/wp\/v2\/users\/1"}],"replies":[{"embeddable":true,"href":"https:\/\/www.hydronix.com\/tr\/wp-json\/wp\/v2\/comments?post=31055"}],"version-history":[{"count":0,"href":"https:\/\/www.hydronix.com\/tr\/wp-json\/wp\/v2\/pages\/31055\/revisions"}],"up":[{"embeddable":true,"href":"https:\/\/www.hydronix.com\/tr\/wp-json\/wp\/v2\/pages\/31019"}],"wp:featuredmedia":[{"embeddable":true,"href":"https:\/\/www.hydronix.com\/tr\/wp-json\/wp\/v2\/media\/29189"}],"wp:attachment":[{"href":"https:\/\/www.hydronix.com\/tr\/wp-json\/wp\/v2\/media?parent=31055"}],"wp:term":[{"taxonomy":"industries","embeddable":true,"href":"https:\/\/www.hydronix.com\/tr\/wp-json\/wp\/v2\/industries?post=31055"},{"taxonomy":"process","embeddable":true,"href":"https:\/\/www.hydronix.com\/tr\/wp-json\/wp\/v2\/process?post=31055"}],"curies":[{"name":"wp","href":"https:\/\/api.w.org\/{rel}","templated":true}]}}