{"id":31019,"date":"2022-09-12T12:51:46","date_gmt":"2022-09-12T12:51:46","guid":{"rendered":"https:\/\/hydronix.chilliservers.co.uk\/endustriler\/"},"modified":"2024-01-19T14:25:26","modified_gmt":"2024-01-19T14:25:26","slug":"endustriler","status":"publish","type":"page","link":"https:\/\/www.hydronix.com\/tr\/endustriler\/","title":{"rendered":"End\u00fcstriler"},"content":{"rendered":"    \n<!-- hero_short -->\n<section class=\"short_hero d-flex py-5\" style=\"background-image:url(https:\/\/www.hydronix.com\/wp-content\/uploads\/2022\/09\/Z-industries.jpg)\">\n    <div class=\"overlay\"><\/div>\n    <div class=\"container-xl my-auto\">\n        <div class=\"row\">\n            <div class=\"col-lg-5 hero__content\">\n                <h1>End\u00fcstriler<\/h1>\n            <\/div>\n        <\/div>\n    <\/div>\n<\/section>\n<!--section class=\"sub_page_title py-1 mb-4\">\n    <div class=\"container-xl\">\n        <p id=\"breadcrumbs\"><span><span><a href=\"https:\/\/www.hydronix.com\/tr\/hydronix\/\">Home<\/a><\/span><\/span><\/p>    <\/div>\n<\/section-->\n\n\n\n<div style=\"height:40px\" aria-hidden=\"true\" class=\"wp-block-spacer\"><\/div>\n\n\n    <div class=\"container-xl\">\n\t\t\n<p>Hydronix mikrodalga nem \u00f6l\u00e7\u00fcm sens\u00f6rleri, d\u00fcnya genelinde \u00e7e\u015fitli uygulamalarda akan malzemelerin nemini veya Briks i\u00e7eri\u011fini \u00f6l\u00e7mek amac\u0131yla kullan\u0131lmaktad\u0131r. Benzersiz Hydronix dijital mikrodalga nem \u00f6l\u00e7\u00fcm tekni\u011fi, sens\u00f6rlerimizin hem mineral hem de organik \u00e7ok \u00e7e\u015fitli malzemelerde optimum performans g\u00f6sterecek \u015fekilde yap\u0131land\u0131r\u0131lmas\u0131na olanak tan\u0131r. Bu esneklik, tasar\u0131m\u0131n dayan\u0131kl\u0131l\u0131\u011f\u0131yla birlikte Hydronix sens\u00f6rlerin art\u0131k bir\u00e7ok end\u00fcstride tercih edilen sens\u00f6r olarak kabul edilmesini sa\u011flad\u0131.<\/p>\n    <\/div>\n    \n\n    <div class=\"container-xl\">\n\t\t\n<p>Hydronix sens\u00f6rleri kullanarak nem \u00f6l\u00e7\u00fcm\u00fc yap\u0131lan baz\u0131 tipik end\u00fcstriler:<\/p>\n    <\/div>\n    \n\n\n<div style=\"height:40px\" aria-hidden=\"true\" class=\"wp-block-spacer\"><\/div>\n\n\n<!-- children -->\n<section class=\"child_pages py-4 mb-4\">\n    <div class=\"container-xl\">\n                <div class=\"row g-4 justify-content-center\">\n        <div class=\"col-md-4 col-xl-3\">\n            <a class=\"child_pages__card child_pages__card--blue\" href=\"https:\/\/www.hydronix.com\/tr\/endustriler\/seker-uretimi-brix-ve-kati-madde-sensorleri\/\">\u015eeker \u00dcretimi &#8211; Brix ve Kat\u0131 Madde Sens\u00f6rleri<\/a>\n        <\/div>\n                <div class=\"col-md-4 col-xl-3\">\n            <a class=\"child_pages__card child_pages__card--blue\" href=\"https:\/\/www.hydronix.com\/tr\/endustriler\/agregalar\/\">Agregalar<\/a>\n        <\/div>\n                <div class=\"col-md-4 col-xl-3\">\n            <a class=\"child_pages__card child_pages__card--blue\" href=\"https:\/\/www.hydronix.com\/tr\/endustriler\/beton\/\">Beton<\/a>\n        <\/div>\n                <div class=\"col-md-4 col-xl-3\">\n            <a class=\"child_pages__card child_pages__card--blue\" href=\"https:\/\/www.hydronix.com\/tr\/endustriler\/asfalt\/\">Asfalt<\/a>\n        <\/div>\n                <div class=\"col-md-4 col-xl-3\">\n            <a class=\"child_pages__card child_pages__card--blue\" href=\"https:\/\/www.hydronix.com\/tr\/endustriler\/tarim\/\">Tar\u0131m<\/a>\n        <\/div>\n                <div class=\"col-md-4 col-xl-3\">\n            <a class=\"child_pages__card child_pages__card--blue\" href=\"https:\/\/www.hydronix.com\/tr\/endustriler\/hayvan-ve-balik-besinleri\/\">Hayvan ve Bal\u0131k Besinleri<\/a>\n        <\/div>\n                <div class=\"col-md-4 col-xl-3\">\n            <a class=\"child_pages__card child_pages__card--blue\" href=\"https:\/\/www.hydronix.com\/tr\/endustriler\/gida\/\">G\u0131da<\/a>\n        <\/div>\n                <div class=\"col-md-4 col-xl-3\">\n            <a class=\"child_pages__card child_pages__card--blue\" href=\"https:\/\/www.hydronix.com\/tr\/endustriler\/pirinc-isleme\/\">Pirin\u00e7 \u0130\u015fleme<\/a>\n        <\/div>\n                <div class=\"col-md-4 col-xl-3\">\n            <a class=\"child_pages__card child_pages__card--blue\" href=\"https:\/\/www.hydronix.com\/tr\/endustriler\/yagli-tohum-isleme\/\">Ya\u011fl\u0131 Tohum \u0130\u015fleme<\/a>\n        <\/div>\n                <div class=\"col-md-4 col-xl-3\">\n            <a class=\"child_pages__card child_pages__card--blue\" href=\"https:\/\/www.hydronix.com\/tr\/endustriler\/ambalajsiz-kati-malzemeler\/\">Ambalajs\u0131z Kat\u0131 Malzemeler<\/a>\n        <\/div>\n                <div class=\"col-md-4 col-xl-3\">\n            <a class=\"child_pages__card child_pages__card--blue\" href=\"https:\/\/www.hydronix.com\/tr\/endustriler\/biyoenerji\/\">Biyoenerji<\/a>\n        <\/div>\n                <div class=\"col-md-4 col-xl-3\">\n            <a class=\"child_pages__card child_pages__card--blue\" href=\"https:\/\/www.hydronix.com\/tr\/endustriler\/kagit-hamuru\/\">Ka\u011f\u0131t Hamuru<\/a>\n        <\/div>\n                <div class=\"col-md-4 col-xl-3\">\n            <a class=\"child_pages__card child_pages__card--blue\" href=\"https:\/\/www.hydronix.com\/tr\/endustriler\/ahsap-endustrisi\/\">Ah\u015fap End\u00fcstrisi<\/a>\n        <\/div>\n            <\/div>\n<\/section>","protected":false},"excerpt":{"rendered":"<p>Hydronix mikrodalga nem \u00f6l\u00e7\u00fcm sens\u00f6rleri, d\u00fcnya genelinde \u00e7e\u015fitli uygulamalarda akan malzemelerin nemini veya Briks i\u00e7eri\u011fini \u00f6l\u00e7mek amac\u0131yla kullan\u0131lmaktad\u0131r. Benzersiz Hydronix dijital mikrodalga nem \u00f6l\u00e7\u00fcm tekni\u011fi, sens\u00f6rlerimizin hem mineral hem de organik \u00e7ok \u00e7e\u015fitli malzemelerde optimum performans g\u00f6sterecek \u015fekilde yap\u0131land\u0131r\u0131lmas\u0131na olanak tan\u0131r. Bu esneklik, tasar\u0131m\u0131n dayan\u0131kl\u0131l\u0131\u011f\u0131yla birlikte Hydronix sens\u00f6rlerin art\u0131k bir\u00e7ok end\u00fcstride tercih edilen sens\u00f6r olarak [&#8230;]<\/p>\n<p><a class=\"btn btn-secondary understrap-read-more-link\" href=\"https:\/\/www.hydronix.com\/tr\/endustriler\/\">Daha fazlas\u0131n\u0131 oku\u2026<span class=\"screen-reader-text\"> from End\u00fcstriler<\/span><\/a><\/p>\n","protected":false},"author":1,"featured_media":29645,"parent":0,"menu_order":498,"comment_status":"closed","ping_status":"closed","template":"","meta":{"_acf_changed":false,"content-type":"","inline_featured_image":false,"footnotes":""},"industries":[],"process":[],"class_list":["post-31019","page","type-page","status-publish","has-post-thumbnail","hentry"],"acf":[],"yoast_head":"<!-- This site is optimized with the Yoast SEO plugin v27.1.1 - https:\/\/yoast.com\/product\/yoast-seo-wordpress\/ -->\n<title>Sekt\u00f6r\u00fcn\u00fcze Uygun Nem Sens\u00f6r\u00fc | Hydronix<\/title>\n<meta name=\"description\" content=\"Bir\u00e7ok sekt\u00f6r Hydronix nem sens\u00f6rlerinden faydalan\u0131r. Benzersiz dijital mikrodalga nem \u00f6l\u00e7\u00fcm tekniklerimiz size g\u00fcvenilir sonu\u00e7lar sunar.\" \/>\n<meta name=\"robots\" content=\"index, follow, max-snippet:-1, max-image-preview:large, max-video-preview:-1\" \/>\n<link rel=\"canonical\" href=\"https:\/\/www.hydronix.com\/tr\/endustriler\/\" \/>\n<meta property=\"og:locale\" content=\"tr_TR\" \/>\n<meta property=\"og:type\" content=\"article\" \/>\n<meta property=\"og:title\" content=\"Sekt\u00f6r\u00fcn\u00fcze Uygun Nem Sens\u00f6r\u00fc | Hydronix\" \/>\n<meta property=\"og:description\" content=\"Bir\u00e7ok sekt\u00f6r Hydronix nem sens\u00f6rlerinden faydalan\u0131r. Benzersiz dijital mikrodalga nem \u00f6l\u00e7\u00fcm tekniklerimiz size g\u00fcvenilir sonu\u00e7lar sunar.\" \/>\n<meta property=\"og:url\" content=\"https:\/\/www.hydronix.com\/tr\/endustriler\/\" \/>\n<meta property=\"og:site_name\" content=\"Hydronix\" \/>\n<meta property=\"article:modified_time\" content=\"2024-01-19T14:25:26+00:00\" \/>\n<meta property=\"og:image\" content=\"https:\/\/www.hydronix.com\/wp-content\/uploads\/2022\/09\/Z-industries.jpg\" \/>\n\t<meta property=\"og:image:width\" content=\"2000\" \/>\n\t<meta property=\"og:image:height\" content=\"400\" \/>\n\t<meta property=\"og:image:type\" content=\"image\/jpeg\" \/>\n<meta name=\"twitter:card\" content=\"summary_large_image\" \/>\n<meta name=\"twitter:label1\" content=\"Tahmini okuma s\u00fcresi\" \/>\n\t<meta name=\"twitter:data1\" content=\"1 dakika\" \/>\n<script type=\"application\/ld+json\" class=\"yoast-schema-graph\">{\"@context\":\"https:\/\/schema.org\",\"@graph\":[{\"@type\":\"WebPage\",\"@id\":\"https:\/\/www.hydronix.com\/tr\/endustriler\/\",\"url\":\"https:\/\/www.hydronix.com\/tr\/endustriler\/\",\"name\":\"Sekt\u00f6r\u00fcn\u00fcze Uygun Nem Sens\u00f6r\u00fc | Hydronix\",\"isPartOf\":{\"@id\":\"https:\/\/www.hydronix.com\/tr\/#website\"},\"primaryImageOfPage\":{\"@id\":\"https:\/\/www.hydronix.com\/tr\/endustriler\/#primaryimage\"},\"image\":{\"@id\":\"https:\/\/www.hydronix.com\/tr\/endustriler\/#primaryimage\"},\"thumbnailUrl\":\"https:\/\/www.hydronix.com\/wp-content\/uploads\/2022\/09\/Z-industries.jpg\",\"datePublished\":\"2022-09-12T12:51:46+00:00\",\"dateModified\":\"2024-01-19T14:25:26+00:00\",\"description\":\"Bir\u00e7ok sekt\u00f6r Hydronix nem sens\u00f6rlerinden faydalan\u0131r. Benzersiz dijital mikrodalga nem \u00f6l\u00e7\u00fcm tekniklerimiz size g\u00fcvenilir sonu\u00e7lar sunar.\",\"breadcrumb\":{\"@id\":\"https:\/\/www.hydronix.com\/tr\/endustriler\/#breadcrumb\"},\"inLanguage\":\"tr\",\"potentialAction\":[{\"@type\":\"ReadAction\",\"target\":[\"https:\/\/www.hydronix.com\/tr\/endustriler\/\"]}]},{\"@type\":\"ImageObject\",\"inLanguage\":\"tr\",\"@id\":\"https:\/\/www.hydronix.com\/tr\/endustriler\/#primaryimage\",\"url\":\"https:\/\/www.hydronix.com\/wp-content\/uploads\/2022\/09\/Z-industries.jpg\",\"contentUrl\":\"https:\/\/www.hydronix.com\/wp-content\/uploads\/2022\/09\/Z-industries.jpg\",\"width\":2000,\"height\":400},{\"@type\":\"BreadcrumbList\",\"@id\":\"https:\/\/www.hydronix.com\/tr\/endustriler\/#breadcrumb\",\"itemListElement\":[{\"@type\":\"ListItem\",\"position\":1,\"name\":\"Home\",\"item\":\"https:\/\/www.hydronix.com\/tr\/hydronix\/\"},{\"@type\":\"ListItem\",\"position\":2,\"name\":\"End\u00fcstriler\"}]},{\"@type\":\"WebSite\",\"@id\":\"https:\/\/www.hydronix.com\/tr\/#website\",\"url\":\"https:\/\/www.hydronix.com\/tr\/\",\"name\":\"Hydronix\",\"description\":\"Your partner in moisture measurement\",\"potentialAction\":[{\"@type\":\"SearchAction\",\"target\":{\"@type\":\"EntryPoint\",\"urlTemplate\":\"https:\/\/www.hydronix.com\/tr\/?s={search_term_string}\"},\"query-input\":{\"@type\":\"PropertyValueSpecification\",\"valueRequired\":true,\"valueName\":\"search_term_string\"}}],\"inLanguage\":\"tr\"}]}<\/script>\n<!-- \/ Yoast SEO plugin. -->","yoast_head_json":{"title":"Sekt\u00f6r\u00fcn\u00fcze Uygun Nem Sens\u00f6r\u00fc | Hydronix","description":"Bir\u00e7ok sekt\u00f6r Hydronix nem sens\u00f6rlerinden faydalan\u0131r. Benzersiz dijital mikrodalga nem \u00f6l\u00e7\u00fcm tekniklerimiz size g\u00fcvenilir sonu\u00e7lar sunar.","robots":{"index":"index","follow":"follow","max-snippet":"max-snippet:-1","max-image-preview":"max-image-preview:large","max-video-preview":"max-video-preview:-1"},"canonical":"https:\/\/www.hydronix.com\/tr\/endustriler\/","og_locale":"tr_TR","og_type":"article","og_title":"Sekt\u00f6r\u00fcn\u00fcze Uygun Nem Sens\u00f6r\u00fc | Hydronix","og_description":"Bir\u00e7ok sekt\u00f6r Hydronix nem sens\u00f6rlerinden faydalan\u0131r. Benzersiz dijital mikrodalga nem \u00f6l\u00e7\u00fcm tekniklerimiz size g\u00fcvenilir sonu\u00e7lar sunar.","og_url":"https:\/\/www.hydronix.com\/tr\/endustriler\/","og_site_name":"Hydronix","article_modified_time":"2024-01-19T14:25:26+00:00","og_image":[{"width":2000,"height":400,"url":"https:\/\/www.hydronix.com\/wp-content\/uploads\/2022\/09\/Z-industries.jpg","type":"image\/jpeg"}],"twitter_card":"summary_large_image","twitter_misc":{"Tahmini okuma s\u00fcresi":"1 dakika"},"schema":{"@context":"https:\/\/schema.org","@graph":[{"@type":"WebPage","@id":"https:\/\/www.hydronix.com\/tr\/endustriler\/","url":"https:\/\/www.hydronix.com\/tr\/endustriler\/","name":"Sekt\u00f6r\u00fcn\u00fcze Uygun Nem Sens\u00f6r\u00fc | Hydronix","isPartOf":{"@id":"https:\/\/www.hydronix.com\/tr\/#website"},"primaryImageOfPage":{"@id":"https:\/\/www.hydronix.com\/tr\/endustriler\/#primaryimage"},"image":{"@id":"https:\/\/www.hydronix.com\/tr\/endustriler\/#primaryimage"},"thumbnailUrl":"https:\/\/www.hydronix.com\/wp-content\/uploads\/2022\/09\/Z-industries.jpg","datePublished":"2022-09-12T12:51:46+00:00","dateModified":"2024-01-19T14:25:26+00:00","description":"Bir\u00e7ok sekt\u00f6r Hydronix nem sens\u00f6rlerinden faydalan\u0131r. Benzersiz dijital mikrodalga nem \u00f6l\u00e7\u00fcm tekniklerimiz size g\u00fcvenilir sonu\u00e7lar sunar.","breadcrumb":{"@id":"https:\/\/www.hydronix.com\/tr\/endustriler\/#breadcrumb"},"inLanguage":"tr","potentialAction":[{"@type":"ReadAction","target":["https:\/\/www.hydronix.com\/tr\/endustriler\/"]}]},{"@type":"ImageObject","inLanguage":"tr","@id":"https:\/\/www.hydronix.com\/tr\/endustriler\/#primaryimage","url":"https:\/\/www.hydronix.com\/wp-content\/uploads\/2022\/09\/Z-industries.jpg","contentUrl":"https:\/\/www.hydronix.com\/wp-content\/uploads\/2022\/09\/Z-industries.jpg","width":2000,"height":400},{"@type":"BreadcrumbList","@id":"https:\/\/www.hydronix.com\/tr\/endustriler\/#breadcrumb","itemListElement":[{"@type":"ListItem","position":1,"name":"Home","item":"https:\/\/www.hydronix.com\/tr\/hydronix\/"},{"@type":"ListItem","position":2,"name":"End\u00fcstriler"}]},{"@type":"WebSite","@id":"https:\/\/www.hydronix.com\/tr\/#website","url":"https:\/\/www.hydronix.com\/tr\/","name":"Hydronix","description":"Your partner in moisture measurement","potentialAction":[{"@type":"SearchAction","target":{"@type":"EntryPoint","urlTemplate":"https:\/\/www.hydronix.com\/tr\/?s={search_term_string}"},"query-input":{"@type":"PropertyValueSpecification","valueRequired":true,"valueName":"search_term_string"}}],"inLanguage":"tr"}]}},"_links":{"self":[{"href":"https:\/\/www.hydronix.com\/tr\/wp-json\/wp\/v2\/pages\/31019","targetHints":{"allow":["GET"]}}],"collection":[{"href":"https:\/\/www.hydronix.com\/tr\/wp-json\/wp\/v2\/pages"}],"about":[{"href":"https:\/\/www.hydronix.com\/tr\/wp-json\/wp\/v2\/types\/page"}],"author":[{"embeddable":true,"href":"https:\/\/www.hydronix.com\/tr\/wp-json\/wp\/v2\/users\/1"}],"replies":[{"embeddable":true,"href":"https:\/\/www.hydronix.com\/tr\/wp-json\/wp\/v2\/comments?post=31019"}],"version-history":[{"count":0,"href":"https:\/\/www.hydronix.com\/tr\/wp-json\/wp\/v2\/pages\/31019\/revisions"}],"wp:featuredmedia":[{"embeddable":true,"href":"https:\/\/www.hydronix.com\/tr\/wp-json\/wp\/v2\/media\/29645"}],"wp:attachment":[{"href":"https:\/\/www.hydronix.com\/tr\/wp-json\/wp\/v2\/media?parent=31019"}],"wp:term":[{"taxonomy":"industries","embeddable":true,"href":"https:\/\/www.hydronix.com\/tr\/wp-json\/wp\/v2\/industries?post=31019"},{"taxonomy":"process","embeddable":true,"href":"https:\/\/www.hydronix.com\/tr\/wp-json\/wp\/v2\/process?post=31019"}],"curies":[{"name":"wp","href":"https:\/\/api.w.org\/{rel}","templated":true}]}}