{"id":31016,"date":"2022-09-12T12:46:50","date_gmt":"2022-09-12T12:46:50","guid":{"rendered":"https:\/\/hydronix.chilliservers.co.uk\/kaynaklar\/"},"modified":"2022-09-12T12:46:50","modified_gmt":"2022-09-12T12:46:50","slug":"kaynaklar","status":"publish","type":"page","link":"https:\/\/www.hydronix.com\/tr\/kaynaklar\/","title":{"rendered":"Kaynaklar"},"content":{"rendered":"","protected":false},"excerpt":{"rendered":"<p> [&#8230;]<\/p>\n<p><a class=\"btn btn-secondary understrap-read-more-link\" href=\"https:\/\/www.hydronix.com\/tr\/kaynaklar\/\">Daha fazlas\u0131n\u0131 oku\u2026<span class=\"screen-reader-text\"> from Kaynaklar<\/span><\/a><\/p>\n","protected":false},"author":1,"featured_media":0,"parent":0,"menu_order":400,"comment_status":"closed","ping_status":"closed","template":"page-templates\/resources.php","meta":{"_acf_changed":false,"content-type":"","inline_featured_image":false,"footnotes":""},"industries":[],"process":[],"class_list":["post-31016","page","type-page","status-publish","hentry"],"acf":[],"yoast_head":"<!-- This site is optimized with the Yoast SEO plugin v27.1.1 - https:\/\/yoast.com\/product\/yoast-seo-wordpress\/ -->\n<title>Hydronix Sens\u00f6rleri i\u00e7in Kaynaklar ve Bilgiler<\/title>\n<meta name=\"description\" content=\"Hydronix&#039;ten nem \u00f6l\u00e7\u00fcm\u00fc kaynaklar\u0131 ve bilgileri; en son haberler, bloglar, etkinlikler ve sekt\u00f6r uzmanlar\u0131ndan g\u00f6r\u00fc\u015fler.\" \/>\n<meta name=\"robots\" content=\"index, follow, max-snippet:-1, max-image-preview:large, max-video-preview:-1\" \/>\n<link rel=\"canonical\" href=\"https:\/\/www.hydronix.com\/tr\/kaynaklar\/\" \/>\n<meta property=\"og:locale\" content=\"tr_TR\" \/>\n<meta property=\"og:type\" content=\"article\" \/>\n<meta property=\"og:title\" content=\"Hydronix Sens\u00f6rleri i\u00e7in Kaynaklar ve Bilgiler\" \/>\n<meta property=\"og:description\" content=\"Hydronix&#039;ten nem \u00f6l\u00e7\u00fcm\u00fc kaynaklar\u0131 ve bilgileri; en son haberler, bloglar, etkinlikler ve sekt\u00f6r uzmanlar\u0131ndan g\u00f6r\u00fc\u015fler.\" \/>\n<meta property=\"og:url\" content=\"https:\/\/www.hydronix.com\/tr\/kaynaklar\/\" \/>\n<meta property=\"og:site_name\" content=\"Hydronix\" \/>\n<meta name=\"twitter:card\" content=\"summary_large_image\" \/>\n<script type=\"application\/ld+json\" class=\"yoast-schema-graph\">{\"@context\":\"https:\/\/schema.org\",\"@graph\":[{\"@type\":\"WebPage\",\"@id\":\"https:\/\/www.hydronix.com\/tr\/kaynaklar\/\",\"url\":\"https:\/\/www.hydronix.com\/tr\/kaynaklar\/\",\"name\":\"Hydronix Sens\u00f6rleri i\u00e7in Kaynaklar ve Bilgiler\",\"isPartOf\":{\"@id\":\"https:\/\/www.hydronix.com\/tr\/#website\"},\"datePublished\":\"2022-09-12T12:46:50+00:00\",\"description\":\"Hydronix'ten nem \u00f6l\u00e7\u00fcm\u00fc kaynaklar\u0131 ve bilgileri; en son haberler, bloglar, etkinlikler ve sekt\u00f6r uzmanlar\u0131ndan g\u00f6r\u00fc\u015fler.\",\"breadcrumb\":{\"@id\":\"https:\/\/www.hydronix.com\/tr\/kaynaklar\/#breadcrumb\"},\"inLanguage\":\"tr\",\"potentialAction\":[{\"@type\":\"ReadAction\",\"target\":[\"https:\/\/www.hydronix.com\/tr\/kaynaklar\/\"]}]},{\"@type\":\"BreadcrumbList\",\"@id\":\"https:\/\/www.hydronix.com\/tr\/kaynaklar\/#breadcrumb\",\"itemListElement\":[{\"@type\":\"ListItem\",\"position\":1,\"name\":\"Home\",\"item\":\"https:\/\/www.hydronix.com\/tr\/hydronix\/\"},{\"@type\":\"ListItem\",\"position\":2,\"name\":\"Kaynaklar\"}]},{\"@type\":\"WebSite\",\"@id\":\"https:\/\/www.hydronix.com\/tr\/#website\",\"url\":\"https:\/\/www.hydronix.com\/tr\/\",\"name\":\"Hydronix\",\"description\":\"Your partner in moisture measurement\",\"potentialAction\":[{\"@type\":\"SearchAction\",\"target\":{\"@type\":\"EntryPoint\",\"urlTemplate\":\"https:\/\/www.hydronix.com\/tr\/?s={search_term_string}\"},\"query-input\":{\"@type\":\"PropertyValueSpecification\",\"valueRequired\":true,\"valueName\":\"search_term_string\"}}],\"inLanguage\":\"tr\"}]}<\/script>\n<!-- \/ Yoast SEO plugin. -->","yoast_head_json":{"title":"Hydronix Sens\u00f6rleri i\u00e7in Kaynaklar ve Bilgiler","description":"Hydronix'ten nem \u00f6l\u00e7\u00fcm\u00fc kaynaklar\u0131 ve bilgileri; en son haberler, bloglar, etkinlikler ve sekt\u00f6r uzmanlar\u0131ndan g\u00f6r\u00fc\u015fler.","robots":{"index":"index","follow":"follow","max-snippet":"max-snippet:-1","max-image-preview":"max-image-preview:large","max-video-preview":"max-video-preview:-1"},"canonical":"https:\/\/www.hydronix.com\/tr\/kaynaklar\/","og_locale":"tr_TR","og_type":"article","og_title":"Hydronix Sens\u00f6rleri i\u00e7in Kaynaklar ve Bilgiler","og_description":"Hydronix'ten nem \u00f6l\u00e7\u00fcm\u00fc kaynaklar\u0131 ve bilgileri; en son haberler, bloglar, etkinlikler ve sekt\u00f6r uzmanlar\u0131ndan g\u00f6r\u00fc\u015fler.","og_url":"https:\/\/www.hydronix.com\/tr\/kaynaklar\/","og_site_name":"Hydronix","twitter_card":"summary_large_image","schema":{"@context":"https:\/\/schema.org","@graph":[{"@type":"WebPage","@id":"https:\/\/www.hydronix.com\/tr\/kaynaklar\/","url":"https:\/\/www.hydronix.com\/tr\/kaynaklar\/","name":"Hydronix Sens\u00f6rleri i\u00e7in Kaynaklar ve Bilgiler","isPartOf":{"@id":"https:\/\/www.hydronix.com\/tr\/#website"},"datePublished":"2022-09-12T12:46:50+00:00","description":"Hydronix'ten nem \u00f6l\u00e7\u00fcm\u00fc kaynaklar\u0131 ve bilgileri; en son haberler, bloglar, etkinlikler ve sekt\u00f6r uzmanlar\u0131ndan g\u00f6r\u00fc\u015fler.","breadcrumb":{"@id":"https:\/\/www.hydronix.com\/tr\/kaynaklar\/#breadcrumb"},"inLanguage":"tr","potentialAction":[{"@type":"ReadAction","target":["https:\/\/www.hydronix.com\/tr\/kaynaklar\/"]}]},{"@type":"BreadcrumbList","@id":"https:\/\/www.hydronix.com\/tr\/kaynaklar\/#breadcrumb","itemListElement":[{"@type":"ListItem","position":1,"name":"Home","item":"https:\/\/www.hydronix.com\/tr\/hydronix\/"},{"@type":"ListItem","position":2,"name":"Kaynaklar"}]},{"@type":"WebSite","@id":"https:\/\/www.hydronix.com\/tr\/#website","url":"https:\/\/www.hydronix.com\/tr\/","name":"Hydronix","description":"Your partner in moisture measurement","potentialAction":[{"@type":"SearchAction","target":{"@type":"EntryPoint","urlTemplate":"https:\/\/www.hydronix.com\/tr\/?s={search_term_string}"},"query-input":{"@type":"PropertyValueSpecification","valueRequired":true,"valueName":"search_term_string"}}],"inLanguage":"tr"}]}},"_links":{"self":[{"href":"https:\/\/www.hydronix.com\/tr\/wp-json\/wp\/v2\/pages\/31016","targetHints":{"allow":["GET"]}}],"collection":[{"href":"https:\/\/www.hydronix.com\/tr\/wp-json\/wp\/v2\/pages"}],"about":[{"href":"https:\/\/www.hydronix.com\/tr\/wp-json\/wp\/v2\/types\/page"}],"author":[{"embeddable":true,"href":"https:\/\/www.hydronix.com\/tr\/wp-json\/wp\/v2\/users\/1"}],"replies":[{"embeddable":true,"href":"https:\/\/www.hydronix.com\/tr\/wp-json\/wp\/v2\/comments?post=31016"}],"version-history":[{"count":0,"href":"https:\/\/www.hydronix.com\/tr\/wp-json\/wp\/v2\/pages\/31016\/revisions"}],"wp:attachment":[{"href":"https:\/\/www.hydronix.com\/tr\/wp-json\/wp\/v2\/media?parent=31016"}],"wp:term":[{"taxonomy":"industries","embeddable":true,"href":"https:\/\/www.hydronix.com\/tr\/wp-json\/wp\/v2\/industries?post=31016"},{"taxonomy":"process","embeddable":true,"href":"https:\/\/www.hydronix.com\/tr\/wp-json\/wp\/v2\/process?post=31016"}],"curies":[{"name":"wp","href":"https:\/\/api.w.org\/{rel}","templated":true}]}}