{"id":31014,"date":"2022-09-12T12:44:19","date_gmt":"2022-09-12T12:44:19","guid":{"rendered":"https:\/\/hydronix.chilliservers.co.uk\/hydronix-hakkinda\/bize-ulasin\/"},"modified":"2023-11-16T10:50:47","modified_gmt":"2023-11-16T10:50:47","slug":"bize-ulasin","status":"publish","type":"page","link":"https:\/\/www.hydronix.com\/tr\/hydronix-hakkinda\/bize-ulasin\/","title":{"rendered":"Bize Ula\u015f\u0131n"},"content":{"rendered":"    <div class=\"container-xl\">\n\t\t\n<p>Daha detayl\u0131 bilgi i\u00e7in l\u00fctfen sa\u011f taraftaki formu doldurarak bizimle ileti\u015fime ge\u00e7in. Yerel ofisiniz veya en yak\u0131n Hydronix bayiniz en k\u0131sa s\u00fcrede sizinle ileti\u015fime ge\u00e7ecektir. Alternatif olarak bize yazmay\u0131 veya e-posta g\u00f6ndermeyi tercih ederseniz ileti\u015fim bilgilerimizi a\u015fa\u011f\u0131da bulabilirsiniz.<\/p>\n    <\/div>\n        <div class=\"container-xl\">\n\t\t\n<p>Hydronix, verilerin korunmas\u0131na b\u00fcy\u00fck \u00f6nem verir ve verilerinizi yaln\u0131zca bilgi veya yard\u0131m ama\u00e7l\u0131 isteklerinize yan\u0131t vermek i\u00e7in kullan\u0131r. Toplad\u0131\u011f\u0131m\u0131z verilere ve bu verileri nas\u0131l kulland\u0131\u011f\u0131m\u0131za ili\u015fkin bilgilerin tamam\u0131n\u0131 <a href=\"https:\/\/www.hydronix.com\/tr\/gizlilik-politikasi\/\">Hydronix Gizlilik ve Ki\u015fisel Verilerin Korunmas\u0131 Gizlilik Politikas\u0131<\/a>&#8216;nda bulabilirsiniz.<\/p>\n    <\/div>\n    ","protected":false},"excerpt":{"rendered":"<p>Daha detayl\u0131 bilgi i\u00e7in l\u00fctfen sa\u011f taraftaki formu doldurarak bizimle ileti\u015fime ge\u00e7in. Yerel ofisiniz veya en yak\u0131n Hydronix bayiniz en k\u0131sa s\u00fcrede sizinle ileti\u015fime ge\u00e7ecektir. Alternatif olarak bize yazmay\u0131 veya e-posta g\u00f6ndermeyi tercih ederseniz ileti\u015fim bilgilerimizi a\u015fa\u011f\u0131da bulabilirsiniz. Hydronix, verilerin korunmas\u0131na b\u00fcy\u00fck \u00f6nem verir ve verilerinizi yaln\u0131zca bilgi veya yard\u0131m ama\u00e7l\u0131 isteklerinize yan\u0131t vermek i\u00e7in [&#8230;]<\/p>\n<p><a class=\"btn btn-secondary understrap-read-more-link\" href=\"https:\/\/www.hydronix.com\/tr\/hydronix-hakkinda\/bize-ulasin\/\">Daha fazlas\u0131n\u0131 oku\u2026<span class=\"screen-reader-text\"> from Bize Ula\u015f\u0131n<\/span><\/a><\/p>\n","protected":false},"author":1,"featured_media":0,"parent":30962,"menu_order":441,"comment_status":"closed","ping_status":"closed","template":"page-templates\/contact-us.php","meta":{"_acf_changed":false,"content-type":"","inline_featured_image":false,"footnotes":""},"industries":[],"process":[],"class_list":["post-31014","page","type-page","status-publish","hentry"],"acf":[],"yoast_head":"<!-- This site is optimized with the Yoast SEO plugin v27.1.1 - https:\/\/yoast.com\/product\/yoast-seo-wordpress\/ -->\n<title>Bize Ula\u015f\u0131n - Hydronix<\/title>\n<meta name=\"description\" content=\"Mikrodalga nem sens\u00f6rlerimizle ilgili daha fazla bilgi almak veya uygulaman\u0131zdaki nemi kontrol etmenize yard\u0131mc\u0131 olacak destek almak i\u00e7in Hydronix ile ileti\u015fime ge\u00e7in.\" \/>\n<meta name=\"robots\" content=\"index, follow, max-snippet:-1, max-image-preview:large, max-video-preview:-1\" \/>\n<link rel=\"canonical\" href=\"https:\/\/www.hydronix.com\/tr\/hydronix-hakkinda\/bize-ulasin\/\" \/>\n<meta property=\"og:locale\" content=\"tr_TR\" \/>\n<meta property=\"og:type\" content=\"article\" \/>\n<meta property=\"og:title\" content=\"Bize Ula\u015f\u0131n - Hydronix\" \/>\n<meta property=\"og:description\" content=\"Mikrodalga nem sens\u00f6rlerimizle ilgili daha fazla bilgi almak veya uygulaman\u0131zdaki nemi kontrol etmenize yard\u0131mc\u0131 olacak destek almak i\u00e7in Hydronix ile ileti\u015fime ge\u00e7in.\" \/>\n<meta property=\"og:url\" content=\"https:\/\/www.hydronix.com\/tr\/hydronix-hakkinda\/bize-ulasin\/\" \/>\n<meta property=\"og:site_name\" content=\"Hydronix\" \/>\n<meta property=\"article:modified_time\" content=\"2023-11-16T10:50:47+00:00\" \/>\n<meta name=\"twitter:card\" content=\"summary_large_image\" \/>\n<meta name=\"twitter:label1\" content=\"Tahmini okuma s\u00fcresi\" \/>\n\t<meta name=\"twitter:data1\" content=\"1 dakika\" \/>\n<script type=\"application\/ld+json\" class=\"yoast-schema-graph\">{\"@context\":\"https:\/\/schema.org\",\"@graph\":[{\"@type\":\"WebPage\",\"@id\":\"https:\/\/www.hydronix.com\/tr\/hydronix-hakkinda\/bize-ulasin\/\",\"url\":\"https:\/\/www.hydronix.com\/tr\/hydronix-hakkinda\/bize-ulasin\/\",\"name\":\"Bize Ula\u015f\u0131n - Hydronix\",\"isPartOf\":{\"@id\":\"https:\/\/www.hydronix.com\/tr\/#website\"},\"datePublished\":\"2022-09-12T12:44:19+00:00\",\"dateModified\":\"2023-11-16T10:50:47+00:00\",\"description\":\"Mikrodalga nem sens\u00f6rlerimizle ilgili daha fazla bilgi almak veya uygulaman\u0131zdaki nemi kontrol etmenize yard\u0131mc\u0131 olacak destek almak i\u00e7in Hydronix ile ileti\u015fime ge\u00e7in.\",\"breadcrumb\":{\"@id\":\"https:\/\/www.hydronix.com\/tr\/hydronix-hakkinda\/bize-ulasin\/#breadcrumb\"},\"inLanguage\":\"tr\",\"potentialAction\":[{\"@type\":\"ReadAction\",\"target\":[\"https:\/\/www.hydronix.com\/tr\/hydronix-hakkinda\/bize-ulasin\/\"]}]},{\"@type\":\"BreadcrumbList\",\"@id\":\"https:\/\/www.hydronix.com\/tr\/hydronix-hakkinda\/bize-ulasin\/#breadcrumb\",\"itemListElement\":[{\"@type\":\"ListItem\",\"position\":1,\"name\":\"Home\",\"item\":\"https:\/\/www.hydronix.com\/tr\/\"},{\"@type\":\"ListItem\",\"position\":2,\"name\":\"Hydronix Hakk\u0131nda\",\"item\":\"https:\/\/www.hydronix.com\/tr\/hydronix-hakkinda\/\"},{\"@type\":\"ListItem\",\"position\":3,\"name\":\"Bize Ula\u015f\u0131n\"}]},{\"@type\":\"WebSite\",\"@id\":\"https:\/\/www.hydronix.com\/tr\/#website\",\"url\":\"https:\/\/www.hydronix.com\/tr\/\",\"name\":\"Hydronix\",\"description\":\"Your partner in moisture measurement\",\"potentialAction\":[{\"@type\":\"SearchAction\",\"target\":{\"@type\":\"EntryPoint\",\"urlTemplate\":\"https:\/\/www.hydronix.com\/tr\/?s={search_term_string}\"},\"query-input\":{\"@type\":\"PropertyValueSpecification\",\"valueRequired\":true,\"valueName\":\"search_term_string\"}}],\"inLanguage\":\"tr\"}]}<\/script>\n<!-- \/ Yoast SEO plugin. -->","yoast_head_json":{"title":"Bize Ula\u015f\u0131n - Hydronix","description":"Mikrodalga nem sens\u00f6rlerimizle ilgili daha fazla bilgi almak veya uygulaman\u0131zdaki nemi kontrol etmenize yard\u0131mc\u0131 olacak destek almak i\u00e7in Hydronix ile ileti\u015fime ge\u00e7in.","robots":{"index":"index","follow":"follow","max-snippet":"max-snippet:-1","max-image-preview":"max-image-preview:large","max-video-preview":"max-video-preview:-1"},"canonical":"https:\/\/www.hydronix.com\/tr\/hydronix-hakkinda\/bize-ulasin\/","og_locale":"tr_TR","og_type":"article","og_title":"Bize Ula\u015f\u0131n - Hydronix","og_description":"Mikrodalga nem sens\u00f6rlerimizle ilgili daha fazla bilgi almak veya uygulaman\u0131zdaki nemi kontrol etmenize yard\u0131mc\u0131 olacak destek almak i\u00e7in Hydronix ile ileti\u015fime ge\u00e7in.","og_url":"https:\/\/www.hydronix.com\/tr\/hydronix-hakkinda\/bize-ulasin\/","og_site_name":"Hydronix","article_modified_time":"2023-11-16T10:50:47+00:00","twitter_card":"summary_large_image","twitter_misc":{"Tahmini okuma s\u00fcresi":"1 dakika"},"schema":{"@context":"https:\/\/schema.org","@graph":[{"@type":"WebPage","@id":"https:\/\/www.hydronix.com\/tr\/hydronix-hakkinda\/bize-ulasin\/","url":"https:\/\/www.hydronix.com\/tr\/hydronix-hakkinda\/bize-ulasin\/","name":"Bize Ula\u015f\u0131n - Hydronix","isPartOf":{"@id":"https:\/\/www.hydronix.com\/tr\/#website"},"datePublished":"2022-09-12T12:44:19+00:00","dateModified":"2023-11-16T10:50:47+00:00","description":"Mikrodalga nem sens\u00f6rlerimizle ilgili daha fazla bilgi almak veya uygulaman\u0131zdaki nemi kontrol etmenize yard\u0131mc\u0131 olacak destek almak i\u00e7in Hydronix ile ileti\u015fime ge\u00e7in.","breadcrumb":{"@id":"https:\/\/www.hydronix.com\/tr\/hydronix-hakkinda\/bize-ulasin\/#breadcrumb"},"inLanguage":"tr","potentialAction":[{"@type":"ReadAction","target":["https:\/\/www.hydronix.com\/tr\/hydronix-hakkinda\/bize-ulasin\/"]}]},{"@type":"BreadcrumbList","@id":"https:\/\/www.hydronix.com\/tr\/hydronix-hakkinda\/bize-ulasin\/#breadcrumb","itemListElement":[{"@type":"ListItem","position":1,"name":"Home","item":"https:\/\/www.hydronix.com\/tr\/"},{"@type":"ListItem","position":2,"name":"Hydronix Hakk\u0131nda","item":"https:\/\/www.hydronix.com\/tr\/hydronix-hakkinda\/"},{"@type":"ListItem","position":3,"name":"Bize Ula\u015f\u0131n"}]},{"@type":"WebSite","@id":"https:\/\/www.hydronix.com\/tr\/#website","url":"https:\/\/www.hydronix.com\/tr\/","name":"Hydronix","description":"Your partner in moisture measurement","potentialAction":[{"@type":"SearchAction","target":{"@type":"EntryPoint","urlTemplate":"https:\/\/www.hydronix.com\/tr\/?s={search_term_string}"},"query-input":{"@type":"PropertyValueSpecification","valueRequired":true,"valueName":"search_term_string"}}],"inLanguage":"tr"}]}},"_links":{"self":[{"href":"https:\/\/www.hydronix.com\/tr\/wp-json\/wp\/v2\/pages\/31014","targetHints":{"allow":["GET"]}}],"collection":[{"href":"https:\/\/www.hydronix.com\/tr\/wp-json\/wp\/v2\/pages"}],"about":[{"href":"https:\/\/www.hydronix.com\/tr\/wp-json\/wp\/v2\/types\/page"}],"author":[{"embeddable":true,"href":"https:\/\/www.hydronix.com\/tr\/wp-json\/wp\/v2\/users\/1"}],"replies":[{"embeddable":true,"href":"https:\/\/www.hydronix.com\/tr\/wp-json\/wp\/v2\/comments?post=31014"}],"version-history":[{"count":0,"href":"https:\/\/www.hydronix.com\/tr\/wp-json\/wp\/v2\/pages\/31014\/revisions"}],"up":[{"embeddable":true,"href":"https:\/\/www.hydronix.com\/tr\/wp-json\/wp\/v2\/pages\/30962"}],"wp:attachment":[{"href":"https:\/\/www.hydronix.com\/tr\/wp-json\/wp\/v2\/media?parent=31014"}],"wp:term":[{"taxonomy":"industries","embeddable":true,"href":"https:\/\/www.hydronix.com\/tr\/wp-json\/wp\/v2\/industries?post=31014"},{"taxonomy":"process","embeddable":true,"href":"https:\/\/www.hydronix.com\/tr\/wp-json\/wp\/v2\/process?post=31014"}],"curies":[{"name":"wp","href":"https:\/\/api.w.org\/{rel}","templated":true}]}}