{"id":30962,"date":"2022-09-12T12:44:01","date_gmt":"2022-09-12T12:44:01","guid":{"rendered":"https:\/\/hydronix.chilliservers.co.uk\/hydronix-hakkinda\/"},"modified":"2023-11-27T11:19:22","modified_gmt":"2023-11-27T11:19:22","slug":"hydronix-hakkinda","status":"publish","type":"page","link":"https:\/\/www.hydronix.com\/tr\/hydronix-hakkinda\/","title":{"rendered":"Hydronix Hakk\u0131nda"},"content":{"rendered":"    \n<!-- hero_short -->\n<section class=\"short_hero d-flex py-5\" style=\"background-image:url(https:\/\/www.hydronix.com\/wp-content\/uploads\/2022\/11\/about-hero.jpg)\">\n    <div class=\"overlay\"><\/div>\n    <div class=\"container-xl my-auto\">\n        <div class=\"row\">\n            <div class=\"col-lg-5 hero__content\">\n                <h1>Hydronix Hakk\u0131nda<\/h1>\n            <\/div>\n        <\/div>\n    <\/div>\n<\/section>\n<!--section class=\"sub_page_title py-1 mb-4\">\n    <div class=\"container-xl\">\n        <p id=\"breadcrumbs\"><span><span><a href=\"https:\/\/www.hydronix.com\/tr\/\">Home<\/a><\/span><\/span><\/p>    <\/div>\n<\/section-->\n\n\n<!-- text_video -->\n<section class=\"text_video  py-5\">\n    <div class=\"container-xl\">\n        <div class=\"row\">\n            <div class=\"col-lg-5 text_video__content order-1 order-lg-1 mb-4 mb-lg-0 pt-5 py-md-5\">\n                <h2>Tarih\u00e7emiz<\/h2>                <div class=\"content mb-4\"><p>1982 y\u0131l\u0131nda kurulan Hydronix, dijital mikrodalga nem \u00f6l\u00e7\u00fcm sistemlerinin ara\u015ft\u0131r\u0131lmas\u0131, geli\u015ftirilmesi ve \u00fcretilmesi konusunda uzmand\u0131r.<\/p>\n<p>Bir aile \u015firketi olan Hydronix, ki\u015fisel ve duyarl\u0131 m\u00fc\u015fteri hizmetleri sunmaktan b\u00fcy\u00fck gurur duyar. Bunu d\u00fcnya \u00e7ap\u0131ndaki bayi a\u011f\u0131m\u0131zla ger\u00e7ekle\u015ftiriyoruz. \u0130\u015f ortaklar\u0131m\u0131z\u0131n tamam\u0131 kurulum, e\u011fitim ve destek de dahil olmak \u00fczere ekipmanlar\u0131m\u0131z\u0131n t\u00fcm y\u00f6nleriyle ilgili geni\u015f deneyime ve tam e\u011fitime sahiptir.<\/p>\n<\/div>\n                            <\/div>\n            <div class=\"col-lg-7 mb-4 mb-lg-0 d-flex order-2 order-lg-2\">\n                <div class=\"video__container w-100 my-auto\" style=\"background-color:#1a1a1a\">\n                                        <div class=\"ratio ratio-16x9 mx-auto\">\n                                                <iframe src=\"https:\/\/player.vimeo.com\/video\/726652705?byline=0&#038;portrait=0\" allow=\"autoplay; fullscreen; picture-in-picture\" webkitallowfullscreen mozallowfullscreen allowfullscreen><\/iframe>\n                                                <\/div>\n                    <!-- <lite-vimeo videoid=\"726652705\" style=\"background-image:url('');\"><\/lite-vimeo> -->\n                <\/div>\n            <\/div>\n        <\/div>\n    <\/div>\n<\/section>\n<!-- <script type=module src=\"https:\/\/cdn.jsdelivr.net\/npm\/@slightlyoff\/lite-vimeo@0.1.1\/lite-vimeo.js\"><\/script> -->\n\n    <div class=\"container-xl pt-4\" id=\"hydronix-dort-temel-deger-uzerine-kurulmustur\">\n        \n<h2 class=\"wp-block-heading has-text-align-center break-out mb-0 has-background\" style=\"background-color:#e9e9e9\">Hydronix d\u00f6rt temel de\u011fer \u00fczerine kurulmu\u015ftur:<\/h2>\n    <\/div>\n    \n\n    \n<!-- text_image -->\n<section class=\"text_image py-5 bg--grey \">\n  <div class=\"container-xl\">\n    <div class=\"row\">\n      <div class=\"col-lg-8 text_image__content my-auto order-2 order-lg-1\">\n        \n        <div class=\"content\"><style>.text_image__image img { max-width: 300px; }<\/style>\n<h3>1. M\u00fckemmelli\u011fe ba\u011fl\u0131l\u0131k<\/h3>\n<p>M\u00fckemmellik ve kaliteye ba\u011fl\u0131l\u0131\u011f\u0131m\u0131z, i\u015fimizin t\u00fcm y\u00f6nlerini kapsar.<\/p>\n<p>Hydronix \u00fcr\u00fcnleri, en zor ortamlar i\u00e7in tasarlanmakta ve uzun y\u0131llar dayanacak \u015fekilde \u00fcretilmektedir.<\/p>\n<p>Her sens\u00f6r hassas, g\u00fcvenilir, dayan\u0131kl\u0131 yap\u0131dad\u0131r ve nihai \u00fcr\u00fcn\u00fcn\u00fczde tekrarlanabilir ve tutarl\u0131 sonu\u00e7lar sa\u011flar.<\/p>\n<p>M\u00fckemmelli\u011fe ba\u011fl\u0131l\u0131\u011f\u0131m\u0131z, size en iyi deneyimi sunma konusunda tutkulu olan personelimizin ve i\u015f ortaklar\u0131m\u0131z\u0131n eseridir.<\/p>\n<\/div>\n\n              <\/div>\n\n      <div class=\"col-lg-4 text_image__image text-center my-auto order-1 order-lg-2\">\n        <img decoding=\"async\" src=\"https:\/\/www.hydronix.com\/wp-content\/uploads\/2022\/09\/icon-climb.svg\"\n             class=\"img-fluid w-50 w-md-75 mb-4\" alt=\"\">\n      <\/div>\n    <\/div>\n  <\/div>\n<\/section>\n\n    \n<!-- text_image -->\n<section class=\"text_image py-5 bg--light \">\n  <div class=\"container-xl\">\n    <div class=\"row\">\n      <div class=\"col-lg-8 text_image__content my-auto order-2 order-lg-2\">\n        \n        <div class=\"content\"><h3>2. \u0130novasyon<\/h3>\n<p>Hydronix, beton end\u00fcstrisine ilk mikrodalga nem sens\u00f6rlerini 1982 y\u0131l\u0131nda sundu.<\/p>\n<p>Birle\u015fik Krall\u0131k merkezli olduk\u00e7a deneyimli ara\u015ft\u0131rma ve geli\u015ftirme ekibi, \u00fcr\u00fcnlerimizin yenilik\u00e7i kalmas\u0131n\u0131 ve pazardaki lider konumunu korumas\u0131n\u0131 sa\u011flamak i\u00e7in s\u00fcrekli olarak en son teknolojileri benimsemeye odaklanmaktad\u0131r.<\/p>\n<\/div>\n\n              <\/div>\n\n      <div class=\"col-lg-4 text_image__image text-center my-auto order-1 order-lg-1\">\n        <img decoding=\"async\" src=\"https:\/\/www.hydronix.com\/wp-content\/uploads\/2022\/09\/icon-innovation.svg\"\n             class=\"img-fluid w-50 w-md-75 mb-4\" alt=\"\">\n      <\/div>\n    <\/div>\n  <\/div>\n<\/section>\n\n    \n<!-- text_image -->\n<section class=\"text_image py-5 bg--grey \">\n  <div class=\"container-xl\">\n    <div class=\"row\">\n      <div class=\"col-lg-8 text_image__content my-auto order-2 order-lg-1\">\n        \n        <div class=\"content\"><h3>3. D\u00fcnya Genelinde Uzman A\u011f\u0131<\/h3>\n<p>Emin ellerdesiniz; Hydronix, uzman i\u015f ortaklardan olu\u015fan global a\u011f\u0131m\u0131z sayesinde m\u00fckemmel hizmet sunmaya kararl\u0131d\u0131r.<\/p>\n<p>Geleneksel temellerimiz \u00fczerinde y\u00fckselen Hydronix Ailesi, d\u00fcnya \u00e7ap\u0131nda lider OEM&#8217;ler ve kendi dilinizde size yard\u0131mc\u0131 olabilecek yerel sistem entegrat\u00f6rleri de dahil olmak \u00fczere geni\u015f bayi ailemizle uzun vadeli ili\u015fkiler kurarak b\u00fcy\u00fcmeyi s\u00fcrd\u00fcr\u00fcyor.<\/p>\n<\/div>\n\n              <\/div>\n\n      <div class=\"col-lg-4 text_image__image text-center my-auto order-1 order-lg-2\">\n        <img decoding=\"async\" src=\"https:\/\/www.hydronix.com\/wp-content\/uploads\/2022\/09\/icon-worldwide.svg\"\n             class=\"img-fluid w-50 w-md-75 mb-4\" alt=\"\">\n      <\/div>\n    <\/div>\n  <\/div>\n<\/section>\n\n    \n<!-- text_image -->\n<section class=\"text_image py-5 bg--light \">\n  <div class=\"container-xl\">\n    <div class=\"row\">\n      <div class=\"col-lg-8 text_image__content my-auto order-2 order-lg-2\">\n        \n        <div class=\"content\"><h3>4. Ara\u015ft\u0131rma ve Teknoloji<\/h3>\n<p>Hydronix sens\u00f6rleri, en y\u00fcksek hassasiyet ve stabiliteyi sa\u011flamak i\u00e7in s\u00fcrekli olarak iyile\u015ftirdi\u011fimiz benzersiz dijital \u00f6l\u00e7\u00fcm teknolojimizi temel al\u0131r.<\/p>\n<p>Hydronix, nem seviyesindeki de\u011fi\u015fiklikleri tespit etmek amac\u0131yla en uygun frekansta \u00f6l\u00e7\u00fcm yapmak i\u00e7in \u00f6zel bir sistem tasar\u0131m\u0131 kullan\u0131r.<\/p>\n<p>Sens\u00f6rlerimiz en yeni mikroi\u015flemci teknolojisiyle \u00fcretilmektedir ve <a href=\"https:\/\/www.hydronix.com\/products\/hydro-com\/\">Hydro-Com yaz\u0131l\u0131m\u0131<\/a> kullan\u0131larak tamamen yap\u0131land\u0131r\u0131labilir.<\/p>\n<\/div>\n\n              <\/div>\n\n      <div class=\"col-lg-4 text_image__image text-center my-auto order-1 order-lg-1\">\n        <img decoding=\"async\" src=\"https:\/\/www.hydronix.com\/wp-content\/uploads\/2022\/09\/icon-technology.svg\"\n             class=\"img-fluid w-50 w-md-75 mb-4\" alt=\"\">\n      <\/div>\n    <\/div>\n  <\/div>\n<\/section>\n\n<!-- latest -->\n<section class=\"latest\">\n    <div class=\"latest__heading py-4\">\n        <div class=\"container-xl\">\n            <h2>Son Haberler, Blog Yaz\u0131lar\u0131 ve Etkinlikler<\/h2>\n        <\/div>\n    <\/div>\n    <div class=\"container py-5\">\n        <div class=\"row g-5\">\n            <div class=\"col-lg-7\">\n                <h2 class=\"mb-4\">Son Haberler ve Blog Yaz\u0131lar\u0131<\/h2>\n                                <a href=\"https:\/\/www.hydronix.com\/tr\/resources\/blogs\/relative-vs-absolute-values-for-control\/\" class=\"latest__item mb-4\">\n                    <div class=\"row mb-4\">\n                        <div class=\"col-md-8\">\n                            <div class=\"latest__title\">Precision Without Complexity: The Power of Relative Values for Control<\/div>\n                            <div class=\"latest__date\">2 Aral\u0131k 2025<\/div>\n                            <div class=\"latest__intro\">Introduction Modern industrial processing relies heavily on automation. Moisture is one of the most influential&hellip;<\/div>\n                        <\/div>\n                        <div class=\"col-md-4 text-center\">\n                            <img decoding=\"async\" src=\"https:\/\/www.hydronix.com\/wp-content\/smush-webp\/2025\/12\/iStock-1330811086_water-droplets-small-300x177.png.webp \" alt=\"\" class=\"latest__image\">\n                        <\/div>\n                    <\/div>\n                <\/a>\n                                <a href=\"https:\/\/www.hydronix.com\/tr\/resources\/blogs\/last-order-date-for-2025-delivery\/\" class=\"latest__item mb-4\">\n                    <div class=\"row mb-4\">\n                        <div class=\"col-md-8\">\n                            <div class=\"latest__title\">Last Order Date for 2025 Delivery<\/div>\n                            <div class=\"latest__date\">24 Kas\u0131m 2025<\/div>\n                            <div class=\"latest__intro\">To ensure delivery before the end of the year, please note the following order and&hellip;<\/div>\n                        <\/div>\n                        <div class=\"col-md-4 text-center\">\n                            <img decoding=\"async\" src=\"https:\/\/www.hydronix.com\/wp-content\/smush-webp\/2025\/11\/iStock-2226629156-HappyHolidays-adjusted2-300x109.png.webp \" alt=\"\" class=\"latest__image\">\n                        <\/div>\n                    <\/div>\n                <\/a>\n                                <div>\n                    <a href=\"\/tr\/kaynaklar\/\" class=\"mx-auto btn btn--orange\">Hydronix Kaynak Merkezi<\/a>\n                <\/div>\n            <\/div>\n            <div class=\"col-lg-5\">\n                <h2 class=\"mb-4\">Yakla\u015fan Etkinlikler<\/h2>\n                                <a href=\"https:\/\/www.hydronix.com\/tr\/kaynaklar\/etkinlikler\/victam-international-2026\/\" class=\"evt__item mb-4\">\n                    <div class=\"row evt mx-0\">\n                        <div class=\"col-md-4 px-0\"><div class=\"evt__edate evt__edate--organic\">2 Haziran, 2026<\/div><\/div>\n                        <div class=\"col-md-8 py-2 evt__detail\">\n                            <div class=\"evt__title\">Victam International 2026<\/div>\n                            <div class=\"evt__loca\">Jaarbeurs, Utrecht, The Netherlands<\/div>\n                        <\/div>\n                    <\/div>\n                <\/a>\n                                <a href=\"https:\/\/www.hydronix.com\/tr\/kaynaklar\/etkinlikler\/bauma-conexpo-india-2026\/\" class=\"evt__item mb-4\">\n                    <div class=\"row evt mx-0\">\n                        <div class=\"col-md-4 px-0\"><div class=\"evt__edate evt__edate--concrete\">15 Eyl\u00fcl, 2026<\/div><\/div>\n                        <div class=\"col-md-8 py-2 evt__detail\">\n                            <div class=\"evt__title\">bauma CONEXPO India 2026<\/div>\n                            <div class=\"evt__loca\">India Expo Centre, Greater Noida | India<\/div>\n                        <\/div>\n                    <\/div>\n                <\/a>\n                                <a href=\"https:\/\/www.hydronix.com\/tr\/kaynaklar\/etkinlikler\/sim-chalons-en-champagne\/\" class=\"evt__item mb-4\">\n                    <div class=\"row evt mx-0\">\n                        <div class=\"col-md-4 px-0\"><div class=\"evt__edate evt__edate--concrete\">7 Ekim, 2026<\/div><\/div>\n                        <div class=\"col-md-8 py-2 evt__detail\">\n                            <div class=\"evt__title\">SIM Ch\u00e2lons-en-Champagne<\/div>\n                            <div class=\"evt__loca\">Parc des Expositions, Ch\u00e2lons-en-Champagne | France<\/div>\n                        <\/div>\n                    <\/div>\n                <\/a>\n                                <a href=\"https:\/\/www.hydronix.com\/tr\/kaynaklar\/etkinlikler\/vractech-douai-2026\/\" class=\"evt__item mb-4\">\n                    <div class=\"row evt mx-0\">\n                        <div class=\"col-md-4 px-0\"><div class=\"evt__edate evt__edate--organic\">17 Kas\u0131m, 2026<\/div><\/div>\n                        <div class=\"col-md-8 py-2 evt__detail\">\n                            <div class=\"evt__title\">VracTech Douai 2026<\/div>\n                            <div class=\"evt__loca\">Douai | France<\/div>\n                        <\/div>\n                    <\/div>\n                <\/a>\n                                <div>\n                    <a href=\"\/tr\/kaynaklar\/etkinlikler\/\" class=\"mx-auto btn btn--orange\">T\u00fcm Etkinlikler<\/a>\n                <\/div>\n            <\/div>\n        <\/div>\n    <\/div>\n<\/section>","protected":false},"excerpt":{"rendered":"<p>Hydronix d\u00f6rt temel de\u011fer \u00fczerine kurulmu\u015ftur: [&#8230;]<\/p>\n<p><a class=\"btn btn-secondary understrap-read-more-link\" href=\"https:\/\/www.hydronix.com\/tr\/hydronix-hakkinda\/\">Daha fazlas\u0131n\u0131 oku\u2026<span class=\"screen-reader-text\"> from Hydronix Hakk\u0131nda<\/span><\/a><\/p>\n","protected":false},"author":1,"featured_media":30963,"parent":0,"menu_order":430,"comment_status":"closed","ping_status":"closed","template":"","meta":{"_acf_changed":false,"content-type":"","inline_featured_image":false,"footnotes":""},"industries":[],"process":[],"class_list":["post-30962","page","type-page","status-publish","has-post-thumbnail","hentry"],"acf":[],"yoast_head":"<!-- This site is optimized with the Yoast SEO plugin v27.1.1 - https:\/\/yoast.com\/product\/yoast-seo-wordpress\/ -->\n<title>Hydronix Hakk\u0131nda - Hydronix<\/title>\n<meta name=\"description\" content=\"1982 y\u0131l\u0131nda kurulan Hydronix, dijital mikrodalga nem \u00f6l\u00e7\u00fcm sistemlerinin ara\u015ft\u0131r\u0131lmas\u0131, geli\u015ftirilmesi ve \u00fcretilmesi konusunda uzmand\u0131r.\" \/>\n<meta name=\"robots\" content=\"index, follow, max-snippet:-1, max-image-preview:large, max-video-preview:-1\" \/>\n<link rel=\"canonical\" href=\"https:\/\/www.hydronix.com\/tr\/hydronix-hakkinda\/\" \/>\n<meta property=\"og:locale\" content=\"tr_TR\" \/>\n<meta property=\"og:type\" content=\"article\" \/>\n<meta property=\"og:title\" content=\"Hydronix Hakk\u0131nda - Hydronix\" \/>\n<meta property=\"og:description\" content=\"1982 y\u0131l\u0131nda kurulan Hydronix, dijital mikrodalga nem \u00f6l\u00e7\u00fcm sistemlerinin ara\u015ft\u0131r\u0131lmas\u0131, geli\u015ftirilmesi ve \u00fcretilmesi konusunda uzmand\u0131r.\" \/>\n<meta property=\"og:url\" content=\"https:\/\/www.hydronix.com\/tr\/hydronix-hakkinda\/\" \/>\n<meta property=\"og:site_name\" content=\"Hydronix\" \/>\n<meta property=\"article:modified_time\" content=\"2023-11-27T11:19:22+00:00\" \/>\n<meta property=\"og:image\" content=\"https:\/\/www.hydronix.com\/wp-content\/uploads\/2022\/11\/about-hero.jpg\" \/>\n\t<meta property=\"og:image:width\" content=\"1423\" \/>\n\t<meta property=\"og:image:height\" content=\"522\" \/>\n\t<meta property=\"og:image:type\" content=\"image\/jpeg\" \/>\n<meta name=\"twitter:card\" content=\"summary_large_image\" \/>\n<meta name=\"twitter:label1\" content=\"Tahmini okuma s\u00fcresi\" \/>\n\t<meta name=\"twitter:data1\" content=\"1 dakika\" \/>\n<script type=\"application\/ld+json\" class=\"yoast-schema-graph\">{\"@context\":\"https:\/\/schema.org\",\"@graph\":[{\"@type\":\"WebPage\",\"@id\":\"https:\/\/www.hydronix.com\/tr\/hydronix-hakkinda\/\",\"url\":\"https:\/\/www.hydronix.com\/tr\/hydronix-hakkinda\/\",\"name\":\"Hydronix Hakk\u0131nda - Hydronix\",\"isPartOf\":{\"@id\":\"https:\/\/www.hydronix.com\/tr\/#website\"},\"primaryImageOfPage\":{\"@id\":\"https:\/\/www.hydronix.com\/tr\/hydronix-hakkinda\/#primaryimage\"},\"image\":{\"@id\":\"https:\/\/www.hydronix.com\/tr\/hydronix-hakkinda\/#primaryimage\"},\"thumbnailUrl\":\"https:\/\/www.hydronix.com\/wp-content\/uploads\/2022\/11\/about-hero.jpg\",\"datePublished\":\"2022-09-12T12:44:01+00:00\",\"dateModified\":\"2023-11-27T11:19:22+00:00\",\"description\":\"1982 y\u0131l\u0131nda kurulan Hydronix, dijital mikrodalga nem \u00f6l\u00e7\u00fcm sistemlerinin ara\u015ft\u0131r\u0131lmas\u0131, geli\u015ftirilmesi ve \u00fcretilmesi konusunda uzmand\u0131r.\",\"breadcrumb\":{\"@id\":\"https:\/\/www.hydronix.com\/tr\/hydronix-hakkinda\/#breadcrumb\"},\"inLanguage\":\"tr\",\"potentialAction\":[{\"@type\":\"ReadAction\",\"target\":[\"https:\/\/www.hydronix.com\/tr\/hydronix-hakkinda\/\"]}]},{\"@type\":\"ImageObject\",\"inLanguage\":\"tr\",\"@id\":\"https:\/\/www.hydronix.com\/tr\/hydronix-hakkinda\/#primaryimage\",\"url\":\"https:\/\/www.hydronix.com\/wp-content\/uploads\/2022\/11\/about-hero.jpg\",\"contentUrl\":\"https:\/\/www.hydronix.com\/wp-content\/uploads\/2022\/11\/about-hero.jpg\",\"width\":1423,\"height\":522},{\"@type\":\"BreadcrumbList\",\"@id\":\"https:\/\/www.hydronix.com\/tr\/hydronix-hakkinda\/#breadcrumb\",\"itemListElement\":[{\"@type\":\"ListItem\",\"position\":1,\"name\":\"Home\",\"item\":\"https:\/\/www.hydronix.com\/tr\/\"},{\"@type\":\"ListItem\",\"position\":2,\"name\":\"Hydronix Hakk\u0131nda\"}]},{\"@type\":\"WebSite\",\"@id\":\"https:\/\/www.hydronix.com\/tr\/#website\",\"url\":\"https:\/\/www.hydronix.com\/tr\/\",\"name\":\"Hydronix\",\"description\":\"Your partner in moisture measurement\",\"potentialAction\":[{\"@type\":\"SearchAction\",\"target\":{\"@type\":\"EntryPoint\",\"urlTemplate\":\"https:\/\/www.hydronix.com\/tr\/?s={search_term_string}\"},\"query-input\":{\"@type\":\"PropertyValueSpecification\",\"valueRequired\":true,\"valueName\":\"search_term_string\"}}],\"inLanguage\":\"tr\"}]}<\/script>\n<!-- \/ Yoast SEO plugin. -->","yoast_head_json":{"title":"Hydronix Hakk\u0131nda - Hydronix","description":"1982 y\u0131l\u0131nda kurulan Hydronix, dijital mikrodalga nem \u00f6l\u00e7\u00fcm sistemlerinin ara\u015ft\u0131r\u0131lmas\u0131, geli\u015ftirilmesi ve \u00fcretilmesi konusunda uzmand\u0131r.","robots":{"index":"index","follow":"follow","max-snippet":"max-snippet:-1","max-image-preview":"max-image-preview:large","max-video-preview":"max-video-preview:-1"},"canonical":"https:\/\/www.hydronix.com\/tr\/hydronix-hakkinda\/","og_locale":"tr_TR","og_type":"article","og_title":"Hydronix Hakk\u0131nda - Hydronix","og_description":"1982 y\u0131l\u0131nda kurulan Hydronix, dijital mikrodalga nem \u00f6l\u00e7\u00fcm sistemlerinin ara\u015ft\u0131r\u0131lmas\u0131, geli\u015ftirilmesi ve \u00fcretilmesi konusunda uzmand\u0131r.","og_url":"https:\/\/www.hydronix.com\/tr\/hydronix-hakkinda\/","og_site_name":"Hydronix","article_modified_time":"2023-11-27T11:19:22+00:00","og_image":[{"width":1423,"height":522,"url":"https:\/\/www.hydronix.com\/wp-content\/uploads\/2022\/11\/about-hero.jpg","type":"image\/jpeg"}],"twitter_card":"summary_large_image","twitter_misc":{"Tahmini okuma s\u00fcresi":"1 dakika"},"schema":{"@context":"https:\/\/schema.org","@graph":[{"@type":"WebPage","@id":"https:\/\/www.hydronix.com\/tr\/hydronix-hakkinda\/","url":"https:\/\/www.hydronix.com\/tr\/hydronix-hakkinda\/","name":"Hydronix Hakk\u0131nda - Hydronix","isPartOf":{"@id":"https:\/\/www.hydronix.com\/tr\/#website"},"primaryImageOfPage":{"@id":"https:\/\/www.hydronix.com\/tr\/hydronix-hakkinda\/#primaryimage"},"image":{"@id":"https:\/\/www.hydronix.com\/tr\/hydronix-hakkinda\/#primaryimage"},"thumbnailUrl":"https:\/\/www.hydronix.com\/wp-content\/uploads\/2022\/11\/about-hero.jpg","datePublished":"2022-09-12T12:44:01+00:00","dateModified":"2023-11-27T11:19:22+00:00","description":"1982 y\u0131l\u0131nda kurulan Hydronix, dijital mikrodalga nem \u00f6l\u00e7\u00fcm sistemlerinin ara\u015ft\u0131r\u0131lmas\u0131, geli\u015ftirilmesi ve \u00fcretilmesi konusunda uzmand\u0131r.","breadcrumb":{"@id":"https:\/\/www.hydronix.com\/tr\/hydronix-hakkinda\/#breadcrumb"},"inLanguage":"tr","potentialAction":[{"@type":"ReadAction","target":["https:\/\/www.hydronix.com\/tr\/hydronix-hakkinda\/"]}]},{"@type":"ImageObject","inLanguage":"tr","@id":"https:\/\/www.hydronix.com\/tr\/hydronix-hakkinda\/#primaryimage","url":"https:\/\/www.hydronix.com\/wp-content\/uploads\/2022\/11\/about-hero.jpg","contentUrl":"https:\/\/www.hydronix.com\/wp-content\/uploads\/2022\/11\/about-hero.jpg","width":1423,"height":522},{"@type":"BreadcrumbList","@id":"https:\/\/www.hydronix.com\/tr\/hydronix-hakkinda\/#breadcrumb","itemListElement":[{"@type":"ListItem","position":1,"name":"Home","item":"https:\/\/www.hydronix.com\/tr\/"},{"@type":"ListItem","position":2,"name":"Hydronix Hakk\u0131nda"}]},{"@type":"WebSite","@id":"https:\/\/www.hydronix.com\/tr\/#website","url":"https:\/\/www.hydronix.com\/tr\/","name":"Hydronix","description":"Your partner in moisture measurement","potentialAction":[{"@type":"SearchAction","target":{"@type":"EntryPoint","urlTemplate":"https:\/\/www.hydronix.com\/tr\/?s={search_term_string}"},"query-input":{"@type":"PropertyValueSpecification","valueRequired":true,"valueName":"search_term_string"}}],"inLanguage":"tr"}]}},"_links":{"self":[{"href":"https:\/\/www.hydronix.com\/tr\/wp-json\/wp\/v2\/pages\/30962","targetHints":{"allow":["GET"]}}],"collection":[{"href":"https:\/\/www.hydronix.com\/tr\/wp-json\/wp\/v2\/pages"}],"about":[{"href":"https:\/\/www.hydronix.com\/tr\/wp-json\/wp\/v2\/types\/page"}],"author":[{"embeddable":true,"href":"https:\/\/www.hydronix.com\/tr\/wp-json\/wp\/v2\/users\/1"}],"replies":[{"embeddable":true,"href":"https:\/\/www.hydronix.com\/tr\/wp-json\/wp\/v2\/comments?post=30962"}],"version-history":[{"count":0,"href":"https:\/\/www.hydronix.com\/tr\/wp-json\/wp\/v2\/pages\/30962\/revisions"}],"wp:featuredmedia":[{"embeddable":true,"href":"https:\/\/www.hydronix.com\/tr\/wp-json\/wp\/v2\/media\/30963"}],"wp:attachment":[{"href":"https:\/\/www.hydronix.com\/tr\/wp-json\/wp\/v2\/media?parent=30962"}],"wp:term":[{"taxonomy":"industries","embeddable":true,"href":"https:\/\/www.hydronix.com\/tr\/wp-json\/wp\/v2\/industries?post=30962"},{"taxonomy":"process","embeddable":true,"href":"https:\/\/www.hydronix.com\/tr\/wp-json\/wp\/v2\/process?post=30962"}],"curies":[{"name":"wp","href":"https:\/\/api.w.org\/{rel}","templated":true}]}}