{"id":30765,"date":"2022-09-12T10:14:34","date_gmt":"2022-09-12T10:14:34","guid":{"rendered":"https:\/\/hydronix.chilliservers.co.uk\/gizlilik-politikasi\/"},"modified":"2023-11-16T10:50:46","modified_gmt":"2023-11-16T10:50:46","slug":"gizlilik-politikasi","status":"publish","type":"page","link":"https:\/\/www.hydronix.com\/tr\/gizlilik-politikasi\/","title":{"rendered":"Gizlilik Politikas\u0131"},"content":{"rendered":"    <div class=\"container-xl\">\n\t\t\n<p>Hydronix web sitesine ho\u015f geldiniz. Bu web sitesini kullanman\u0131z, a\u015fa\u011f\u0131da a\u00e7\u0131klanan \u015fartlara ve ko\u015fullara uymay\u0131 ve bunlara ba\u011fl\u0131 kalmay\u0131 kabul etti\u011finiz anlam\u0131na geldi\u011fi i\u00e7in l\u00fctfen a\u015fa\u011f\u0131daki bilgileri dikkatlice okuyun. Hydronix, bu web sitesini veya a\u015fa\u011f\u0131daki \u015fartlar\u0131 ve ko\u015fullar\u0131 \u00f6nceden bildirimde bulunmaks\u0131z\u0131n herhangi bir zamanda de\u011fi\u015ftirme veya g\u00fcncelleme hakk\u0131n\u0131 sakl\u0131 tutar.<\/p>\n    <\/div>\n        <div class=\"container-xl pt-4\" id=\"web-sitesinin-kullanimi-ve-telif-haklari\">\n        \n<h2 class=\"wp-block-heading\">Web Sitesinin Kullan\u0131m\u0131 ve Telif Haklar\u0131<\/h2>\n    <\/div>\n        <div class=\"container-xl\">\n\t\t\n<p>Bu web sitesinde yer alan t\u00fcm bilgilerin sahibi Hydronix&#8217;tir ve bu bilgiler telif haklar\u0131yla korunmaktad\u0131r. Bu web sitesindeki bilgilerin izinsiz kullan\u0131lmas\u0131 telif hakk\u0131, ticari marka kanunlar\u0131 ve di\u011fer kanunlar\u0131 ihlal edebilir. Bilgiler, ki\u015fisel kullan\u0131m amac\u0131yla al\u0131nabilir veya kopyalanabilir ancak kullan\u0131c\u0131, orijinal verilerin par\u00e7as\u0131 olan t\u00fcm telif hakk\u0131 bilgilerini ve di\u011fer m\u00fclkiyet bildirimlerini saklamal\u0131d\u0131r.<\/p>\n    <\/div>\n        <div class=\"container-xl pt-4\" id=\"garantiler-ve-sorumluluk-reddi\">\n        \n<h2 class=\"wp-block-heading\">Garantiler ve Sorumluluk Reddi<\/h2>\n    <\/div>\n        <div class=\"container-xl\">\n\t\t\n<p>Hydronix, bu web sitesinde yer alan bilgilerin, siteye eklendi\u011fi tarihte do\u011fru oldu\u011fundan emin olmak i\u00e7in her t\u00fcrl\u00fc makul \u00e7abay\u0131 g\u00f6sterse de belirli bir zamanda mevcut bilgiler eksik, g\u00fcncelli\u011fini yitirmi\u015f veya yanl\u0131\u015f olabilir ve bu bilgiler herhangi bir bildirimde bulunulmaks\u0131z\u0131n veya herhangi sorumluluk al\u0131nmaks\u0131z\u0131n de\u011fi\u015ftirilebilir. Kullan\u0131c\u0131lar\u0131n, web sitesinde yer alan bir bilgiye dayanarak ger\u00e7ekle\u015ftirecekleri i\u015flemler i\u00e7in Hydronix&#8217;in sorumlu olmad\u0131\u011f\u0131n\u0131 kabul etmeleri gerekir. Hydronix kesintisiz, gecikmesiz, hatas\u0131z, eksiksiz veya vir\u00fcs i\u00e7ermeyen bir web sitesi sunmak i\u00e7in her t\u00fcrl\u00fc \u00e7abay\u0131 g\u00f6sterecek olsa da maalesef bu konuda bir garanti verilemez.<\/p>\n    <\/div>\n        <div class=\"container-xl\">\n\t\t\n<p>Hydronix, ba\u011fl\u0131 ortakl\u0131klar\u0131 ve y\u00f6neticileri, ortaklar\u0131, yetkilileri, \u00e7al\u0131\u015fanlar\u0131, dan\u0131\u015fmanlar\u0131 veya temsilcileri, Hydronix web sitesinden kaynaklanan veya bununla ba\u011flant\u0131l\u0131 olarak ortaya \u00e7\u0131kan do\u011frudan, dolayl\u0131, ar\u0131zi, \u00f6zel, \u00f6rnek, cezai, nihai veya di\u011fer zararlardan (kullan\u0131m, veri veya gelir kayb\u0131 dahil ancak bunlarla s\u0131n\u0131rl\u0131 olmamak \u00fczere) hi\u00e7bir \u015fekilde sorumlu tutulamaz.<\/p>\n    <\/div>\n        <div class=\"container-xl pt-4\" id=\"verilerin-korunmasi\">\n        \n<h2 class=\"wp-block-heading\">Verilerin Korunmas\u0131<\/h2>\n    <\/div>\n        <div class=\"container-xl\">\n\t\t\n<p>Hydronix, verilerin korunmas\u0131n\u0131 \u00e7ok ciddiye al\u0131r ve sa\u011flayabilece\u011finiz ki\u015fisel bilgilere b\u00fcy\u00fck \u00f6zen g\u00f6sterir. Toplad\u0131\u011f\u0131m\u0131z veriler ve bunlar\u0131 nas\u0131l kulland\u0131\u011f\u0131m\u0131z hakk\u0131nda <a href=\"https:\/\/www.hydronix.com\/wp-content\/uploads\/2023\/09\/hd0807_1_1_0.pdf\">Hydronix Gizlilik ve Ki\u015fisel Verilerin Korunmas\u0131 Politikas\u0131<\/a>&#8216;nda daha fazla bilgi bulabilirsiniz.<\/p>\n    <\/div>\n        <div class=\"container-xl pt-4\" id=\"cerezler\">\n        \n<h2 class=\"wp-block-heading\">\u00c7erezler<\/h2>\n    <\/div>\n        <div class=\"container-xl\">\n\t\t\n<p>Hydronix web sitesindeki baz\u0131 sayfalar ilgili i\u015flevlerin \u00e7al\u0131\u015fmas\u0131 i\u00e7in \u00e7erezler kullan\u0131r. Bunlar, bilgisayar\u0131n\u0131zda depolanan ve taray\u0131c\u0131 oturumunuzun sonunda otomatik olarak silinen k\u00fc\u00e7\u00fck dosyalard\u0131r. Hydronix bu \u00e7erezlerden ki\u015fisel veri saklamaz. \u00c7erezler ve bunlar\u0131 nas\u0131l kulland\u0131\u011f\u0131m\u0131z hakk\u0131nda daha fazla bilgiyi <a href=\"https:\/\/www.hydronix.com\/wp-content\/uploads\/2023\/09\/hd0806_1_2_0.pdf\">\u00c7erez Politikam\u0131zda<\/a> bulabilirsiniz.<\/p>\n    <\/div>\n        <div class=\"container-xl pt-4\" id=\"ucuncu-taraf-web-sitelerine-baglantilar\">\n        \n<h2 class=\"wp-block-heading\">\u00dc\u00e7\u00fcnc\u00fc Taraf Web Sitelerine Ba\u011flant\u0131lar<\/h2>\n    <\/div>\n        <div class=\"container-xl\">\n\t\t\n<p>Hydronix, ba\u011flant\u0131 verilen herhangi bir web sitesinin i\u00e7eri\u011finden veya g\u00fcvenilirli\u011finden sorumlu de\u011fildir ve bu web sitelerindeki g\u00f6r\u00fc\u015fleri onaylam\u0131yor olabilir. \u00dc\u00e7\u00fcnc\u00fc taraf ba\u011flant\u0131lar\u0131, Hydronix web sitesinin kullan\u0131c\u0131lar\u0131na kolayl\u0131k sa\u011flamak amac\u0131yla verilmektedir. Hydronix, ba\u011flant\u0131 verilen web sitelerini veya bunlar\u0131n i\u00e7eriklerini kontrol etmemektedir ve bunlardan sorumlu de\u011fildir.<\/p>\n    <\/div>\n        <div class=\"container-xl pt-4\" id=\"gonderiler-ve-geri-bildirimler\">\n        \n<h2 class=\"wp-block-heading\">G\u00f6nderiler ve Geri Bildirimler<\/h2>\n    <\/div>\n        <div class=\"container-xl\">\n\t\t\n<p>Web sitesi \u00fczerinden Hydronix&#8217;e g\u00f6nderilen t\u00fcm yorum, geri bildirim, bilgi veya materyallerin gizli olmad\u0131\u011f\u0131 ve Hydronix Limited&#8217;e ait oldu\u011fu kabul edilir. Kullan\u0131c\u0131lar herhangi bir yorum, bilgi, materyal veya ba\u015fka bir geri bildirim g\u00f6ndererek yorumlara, bilgilere, materyallere veya di\u011fer geri bildirimlere ili\u015fkin her t\u00fcrl\u00fc hak, m\u00fclkiyet ve \u00e7\u0131kar\u0131 Hydronix Limited&#8217;e \u00fccretsiz olarak devretmeyi ve bunlar\u0131n Hydronix taraf\u0131ndan k\u0131s\u0131tlama olmaks\u0131z\u0131n kullanabilece\u011fi kabul ederler.<\/p>\n    <\/div>\n        <div class=\"container-xl pt-4\" id=\"gecerli-kanun-ve-yargi-bolgesi\">\n        \n<h2 class=\"wp-block-heading\">Ge\u00e7erli Kanun ve Yarg\u0131 B\u00f6lgesi<\/h2>\n    <\/div>\n        <div class=\"container-xl\">\n\t\t\n<p>Bu yasal bildirim \u0130ngiliz kanunlar\u0131na tabidir.<\/p>\n    <\/div>\n        <div class=\"container-xl pt-4\" id=\"yasal-iletisim\">\n        \n<h2 class=\"wp-block-heading\">Yasal \u0130leti\u015fim<\/h2>\n    <\/div>\n        <div class=\"container-xl\">\n\t\t\n<p>Bu web sitesinin kullan\u0131c\u0131s\u0131 olarak bu \u015fartlar ve ko\u015fullarla ilgili herhangi bir sorunuz olursa l\u00fctfen yaz\u0131l\u0131 olarak veya <a href=\"https:\/\/www.hydronix.com\/tr\/hydronix-hakkinda\/bize-ulasin\/\">e-posta<\/a> yoluyla Hydronix ile ileti\u015fime ge\u00e7in.<\/p>\n    <\/div>\n        <div class=\"container-xl pt-4\" id=\"sirket-merkezi\">\n        \n<h2 class=\"wp-block-heading\">\u015eirket Merkezi<\/h2>\n    <\/div>\n        <div class=\"container-xl\">\n\t\t\n<p>Hydronix Limited<br\/>Units 11-12 Henley Business Park<br\/>Pirbright Road<br\/>Normandy<br\/>Surrey<br\/>GU3 2DX<\/p>\n    <\/div>\n        <div class=\"container-xl\">\n\t\t\n<p>\u015eirket Sicil Numaras\u0131: 01609365<\/p>\n    <\/div>\n    ","protected":false},"excerpt":{"rendered":"<p>Hydronix web sitesine ho\u015f geldiniz. Bu web sitesini kullanman\u0131z, a\u015fa\u011f\u0131da a\u00e7\u0131klanan \u015fartlara ve ko\u015fullara uymay\u0131 ve bunlara ba\u011fl\u0131 kalmay\u0131 kabul etti\u011finiz anlam\u0131na geldi\u011fi i\u00e7in l\u00fctfen a\u015fa\u011f\u0131daki bilgileri dikkatlice okuyun. Hydronix, bu web sitesini veya a\u015fa\u011f\u0131daki \u015fartlar\u0131 ve ko\u015fullar\u0131 \u00f6nceden bildirimde bulunmaks\u0131z\u0131n herhangi bir zamanda de\u011fi\u015ftirme veya g\u00fcncelleme hakk\u0131n\u0131 sakl\u0131 tutar. Web Sitesinin Kullan\u0131m\u0131 ve Telif [&#8230;]<\/p>\n<p><a class=\"btn btn-secondary understrap-read-more-link\" href=\"https:\/\/www.hydronix.com\/tr\/gizlilik-politikasi\/\">Daha fazlas\u0131n\u0131 oku\u2026<span class=\"screen-reader-text\"> from Gizlilik Politikas\u0131<\/span><\/a><\/p>\n","protected":false},"author":1,"featured_media":0,"parent":0,"menu_order":479,"comment_status":"closed","ping_status":"open","template":"page-templates\/fullwidthpage.php","meta":{"_acf_changed":false,"content-type":"","inline_featured_image":false,"footnotes":""},"industries":[],"process":[],"class_list":["post-30765","page","type-page","status-publish","hentry"],"acf":[],"yoast_head":"<!-- This site is optimized with the Yoast SEO plugin v27.1.1 - https:\/\/yoast.com\/product\/yoast-seo-wordpress\/ -->\n<title>Gizlilik Politikas\u0131 - Hydronix<\/title>\n<meta name=\"robots\" content=\"index, follow, max-snippet:-1, max-image-preview:large, max-video-preview:-1\" \/>\n<link rel=\"canonical\" href=\"https:\/\/www.hydronix.com\/tr\/gizlilik-politikasi\/\" \/>\n<meta property=\"og:locale\" content=\"tr_TR\" \/>\n<meta property=\"og:type\" content=\"article\" \/>\n<meta property=\"og:title\" content=\"Gizlilik Politikas\u0131 - Hydronix\" \/>\n<meta property=\"og:description\" content=\"Hydronix web sitesine ho\u015f geldiniz. Bu web sitesini kullanman\u0131z, a\u015fa\u011f\u0131da a\u00e7\u0131klanan \u015fartlara ve ko\u015fullara uymay\u0131 ve bunlara ba\u011fl\u0131 kalmay\u0131 kabul etti\u011finiz anlam\u0131na geldi\u011fi i\u00e7in l\u00fctfen a\u015fa\u011f\u0131daki bilgileri dikkatlice okuyun. Hydronix, bu web sitesini veya a\u015fa\u011f\u0131daki \u015fartlar\u0131 ve ko\u015fullar\u0131 \u00f6nceden bildirimde bulunmaks\u0131z\u0131n herhangi bir zamanda de\u011fi\u015ftirme veya g\u00fcncelleme hakk\u0131n\u0131 sakl\u0131 tutar. Web Sitesinin Kullan\u0131m\u0131 ve Telif [...]Daha fazlas\u0131n\u0131 oku\u2026 from Gizlilik Politikas\u0131\" \/>\n<meta property=\"og:url\" content=\"https:\/\/www.hydronix.com\/tr\/gizlilik-politikasi\/\" \/>\n<meta property=\"og:site_name\" content=\"Hydronix\" \/>\n<meta property=\"article:modified_time\" content=\"2023-11-16T10:50:46+00:00\" \/>\n<meta name=\"twitter:card\" content=\"summary_large_image\" \/>\n<meta name=\"twitter:label1\" content=\"Tahmini okuma s\u00fcresi\" \/>\n\t<meta name=\"twitter:data1\" content=\"3 dakika\" \/>\n<script type=\"application\/ld+json\" class=\"yoast-schema-graph\">{\"@context\":\"https:\/\/schema.org\",\"@graph\":[{\"@type\":\"WebPage\",\"@id\":\"https:\/\/www.hydronix.com\/tr\/gizlilik-politikasi\/\",\"url\":\"https:\/\/www.hydronix.com\/tr\/gizlilik-politikasi\/\",\"name\":\"Gizlilik Politikas\u0131 - Hydronix\",\"isPartOf\":{\"@id\":\"https:\/\/www.hydronix.com\/tr\/#website\"},\"datePublished\":\"2022-09-12T10:14:34+00:00\",\"dateModified\":\"2023-11-16T10:50:46+00:00\",\"breadcrumb\":{\"@id\":\"https:\/\/www.hydronix.com\/tr\/gizlilik-politikasi\/#breadcrumb\"},\"inLanguage\":\"tr\",\"potentialAction\":[{\"@type\":\"ReadAction\",\"target\":[\"https:\/\/www.hydronix.com\/tr\/gizlilik-politikasi\/\"]}]},{\"@type\":\"BreadcrumbList\",\"@id\":\"https:\/\/www.hydronix.com\/tr\/gizlilik-politikasi\/#breadcrumb\",\"itemListElement\":[{\"@type\":\"ListItem\",\"position\":1,\"name\":\"Home\",\"item\":\"https:\/\/www.hydronix.com\/tr\/\"},{\"@type\":\"ListItem\",\"position\":2,\"name\":\"Gizlilik Politikas\u0131\"}]},{\"@type\":\"WebSite\",\"@id\":\"https:\/\/www.hydronix.com\/tr\/#website\",\"url\":\"https:\/\/www.hydronix.com\/tr\/\",\"name\":\"Hydronix\",\"description\":\"Your partner in moisture measurement\",\"potentialAction\":[{\"@type\":\"SearchAction\",\"target\":{\"@type\":\"EntryPoint\",\"urlTemplate\":\"https:\/\/www.hydronix.com\/tr\/?s={search_term_string}\"},\"query-input\":{\"@type\":\"PropertyValueSpecification\",\"valueRequired\":true,\"valueName\":\"search_term_string\"}}],\"inLanguage\":\"tr\"}]}<\/script>\n<!-- \/ Yoast SEO plugin. -->","yoast_head_json":{"title":"Gizlilik Politikas\u0131 - Hydronix","robots":{"index":"index","follow":"follow","max-snippet":"max-snippet:-1","max-image-preview":"max-image-preview:large","max-video-preview":"max-video-preview:-1"},"canonical":"https:\/\/www.hydronix.com\/tr\/gizlilik-politikasi\/","og_locale":"tr_TR","og_type":"article","og_title":"Gizlilik Politikas\u0131 - Hydronix","og_description":"Hydronix web sitesine ho\u015f geldiniz. Bu web sitesini kullanman\u0131z, a\u015fa\u011f\u0131da a\u00e7\u0131klanan \u015fartlara ve ko\u015fullara uymay\u0131 ve bunlara ba\u011fl\u0131 kalmay\u0131 kabul etti\u011finiz anlam\u0131na geldi\u011fi i\u00e7in l\u00fctfen a\u015fa\u011f\u0131daki bilgileri dikkatlice okuyun. Hydronix, bu web sitesini veya a\u015fa\u011f\u0131daki \u015fartlar\u0131 ve ko\u015fullar\u0131 \u00f6nceden bildirimde bulunmaks\u0131z\u0131n herhangi bir zamanda de\u011fi\u015ftirme veya g\u00fcncelleme hakk\u0131n\u0131 sakl\u0131 tutar. Web Sitesinin Kullan\u0131m\u0131 ve Telif [...]Daha fazlas\u0131n\u0131 oku\u2026 from Gizlilik Politikas\u0131","og_url":"https:\/\/www.hydronix.com\/tr\/gizlilik-politikasi\/","og_site_name":"Hydronix","article_modified_time":"2023-11-16T10:50:46+00:00","twitter_card":"summary_large_image","twitter_misc":{"Tahmini okuma s\u00fcresi":"3 dakika"},"schema":{"@context":"https:\/\/schema.org","@graph":[{"@type":"WebPage","@id":"https:\/\/www.hydronix.com\/tr\/gizlilik-politikasi\/","url":"https:\/\/www.hydronix.com\/tr\/gizlilik-politikasi\/","name":"Gizlilik Politikas\u0131 - Hydronix","isPartOf":{"@id":"https:\/\/www.hydronix.com\/tr\/#website"},"datePublished":"2022-09-12T10:14:34+00:00","dateModified":"2023-11-16T10:50:46+00:00","breadcrumb":{"@id":"https:\/\/www.hydronix.com\/tr\/gizlilik-politikasi\/#breadcrumb"},"inLanguage":"tr","potentialAction":[{"@type":"ReadAction","target":["https:\/\/www.hydronix.com\/tr\/gizlilik-politikasi\/"]}]},{"@type":"BreadcrumbList","@id":"https:\/\/www.hydronix.com\/tr\/gizlilik-politikasi\/#breadcrumb","itemListElement":[{"@type":"ListItem","position":1,"name":"Home","item":"https:\/\/www.hydronix.com\/tr\/"},{"@type":"ListItem","position":2,"name":"Gizlilik Politikas\u0131"}]},{"@type":"WebSite","@id":"https:\/\/www.hydronix.com\/tr\/#website","url":"https:\/\/www.hydronix.com\/tr\/","name":"Hydronix","description":"Your partner in moisture measurement","potentialAction":[{"@type":"SearchAction","target":{"@type":"EntryPoint","urlTemplate":"https:\/\/www.hydronix.com\/tr\/?s={search_term_string}"},"query-input":{"@type":"PropertyValueSpecification","valueRequired":true,"valueName":"search_term_string"}}],"inLanguage":"tr"}]}},"_links":{"self":[{"href":"https:\/\/www.hydronix.com\/tr\/wp-json\/wp\/v2\/pages\/30765","targetHints":{"allow":["GET"]}}],"collection":[{"href":"https:\/\/www.hydronix.com\/tr\/wp-json\/wp\/v2\/pages"}],"about":[{"href":"https:\/\/www.hydronix.com\/tr\/wp-json\/wp\/v2\/types\/page"}],"author":[{"embeddable":true,"href":"https:\/\/www.hydronix.com\/tr\/wp-json\/wp\/v2\/users\/1"}],"replies":[{"embeddable":true,"href":"https:\/\/www.hydronix.com\/tr\/wp-json\/wp\/v2\/comments?post=30765"}],"version-history":[{"count":0,"href":"https:\/\/www.hydronix.com\/tr\/wp-json\/wp\/v2\/pages\/30765\/revisions"}],"wp:attachment":[{"href":"https:\/\/www.hydronix.com\/tr\/wp-json\/wp\/v2\/media?parent=30765"}],"wp:term":[{"taxonomy":"industries","embeddable":true,"href":"https:\/\/www.hydronix.com\/tr\/wp-json\/wp\/v2\/industries?post=30765"},{"taxonomy":"process","embeddable":true,"href":"https:\/\/www.hydronix.com\/tr\/wp-json\/wp\/v2\/process?post=30765"}],"curies":[{"name":"wp","href":"https:\/\/api.w.org\/{rel}","templated":true}]}}