{"id":37093,"date":"2024-06-28T08:02:23","date_gmt":"2024-06-28T08:02:23","guid":{"rendered":"https:\/\/www.hydronix.com\/?page_id=37093"},"modified":"2024-08-01T11:59:20","modified_gmt":"2024-08-01T11:59:20","slug":"configuracao","status":"publish","type":"page","link":"https:\/\/www.hydronix.com\/pt-pt\/formacao-do-sensor-de-humidade-hydronix\/configuracao\/","title":{"rendered":"Configura\u00e7\u00e3o"},"content":{"rendered":"    \n<!-- hero_short -->\n<section class=\"short_hero d-flex py-5\" style=\"background-image:url(https:\/\/www.hydronix.com\/wp-content\/uploads\/2024\/06\/shutterstock_2305781813-online-learning-scaled.jpg)\">\n    <div class=\"overlay\"><\/div>\n    <div class=\"container-xl my-auto\">\n        <div class=\"row\">\n            <div class=\"col-lg-5 hero__content\">\n                <h1>Configura\u00e7\u00e3o<\/h1>\n            <\/div>\n        <\/div>\n    <\/div>\n<\/section>\n<!--section class=\"sub_page_title py-1 mb-4\">\n    <div class=\"container-xl\">\n        <p id=\"breadcrumbs\"><span><span><a href=\"https:\/\/www.hydronix.com\/pt-pt\/\">Home<\/a><\/span><\/span><\/p>    <\/div>\n<\/section-->\n\n\n<!-- accordion -->\n<section class=\"faq py-5\">\n    <div class=\"container\">\n        <div id=\"accordion\" class=\"\"><div class=\"py-4 border-bottom border-top\">  <div class=\"h4 question \" data-bs-toggle=\"collapse\" id=\"heading_0\" data-bs-target=\"#collapse_0\" aria-expanded=\"true\" aria-controls=\"collapse_0\">Hydro-Hub<\/div>  <div class=\"answer collapse show\" id=\"collapse_0\" aria-labelledby=\"heading_0\" data-bs-parent=\"#accordion\"><div class=\"pt-2\" itemprop=\"text\"><h4>Configurar o endere\u00e7o IP do Hydro-Hub<\/h4>\n<p> Fornece detalhes sobre como configurar o endere\u00e7o IP de um Hydro-Hub, com demonstra\u00e7\u00e3o de dois m\u00e9todos. (5 minutos)  <\/p>\n<div style=\"padding: 56.25% 0 0 0; position: relative;\"><iframe style=\"position: absolute; top: 0; left: 0; width: 100%; height: 100%;\" title=\"Configura\u00e7\u00e3o do IP do Hydro-Hub\" src=\"https:\/\/player.vimeo.com\/video\/947373343?badge=0&amp;autopause=0&amp;player_id=0&amp;app_id=58479\" frameborder=\"0\"><\/iframe><\/div>\n<p>&nbsp;<\/p>\n<h4>Ecr\u00e3 de vista geral do Hydro-Hub (HH01)<\/h4>\n<p> Demonstra a configura\u00e7\u00e3o do ecr\u00e3 de vista geral do Hydro-Hub. (4 minutos)  <\/p>\n<div style=\"padding: 56.25% 0 0 0; position: relative;\"><iframe style=\"position: absolute; top: 0; left: 0; width: 100%; height: 100%;\" title=\"Configurar o ecr\u00e3 de vista geral do Hydro-Hub\" src=\"https:\/\/player.vimeo.com\/video\/569787375?badge=0&amp;autopause=0&amp;player_id=0&amp;app_id=58479\" frameborder=\"0\"><\/iframe><\/div>\n<p>&nbsp;<\/p>\n<h4>Acesso remoto ao Hydro-View (HV05) e ao Hydro-Hub (HH01)<\/h4>\n<p> Apresenta os m\u00e9todos utilizados para estabelecer uma liga\u00e7\u00e3o remota ao Hydro-View\/Hydro-Hub atrav\u00e9s de um navegador da Web. (3 minutos)  <\/p>\n<div style=\"padding: 56.25% 0 0 0; position: relative;\"><iframe style=\"position: absolute; top: 0; left: 0; width: 100%; height: 100%;\" title=\"Acesso remoto ao Hydro-View\/Hydro-Hub\" src=\"https:\/\/player.vimeo.com\/video\/569787559?badge=0&amp;autopause=0&amp;player_id=0&amp;app_id=58479\" frameborder=\"0\"><\/iframe><\/div>\n<p>&nbsp;<\/p>\n<\/div><\/div><\/div><div class=\"py-4 border-bottom \">  <div class=\"h4 question collapsed\" data-bs-toggle=\"collapse\" id=\"heading_1\" data-bs-target=\"#collapse_1\" aria-expanded=\"true\" aria-controls=\"collapse_1\">Hydro-View<\/div>  <div class=\"answer collapse \" id=\"collapse_1\" aria-labelledby=\"heading_1\" data-bs-parent=\"#accordion\"><div class=\"pt-2\" itemprop=\"text\"><h4>Acesso remoto ao Hydro-View (HV05) e ao Hydro-Hub (HH01)<\/h4>\n<p> Apresenta os m\u00e9todos utilizados para estabelecer uma liga\u00e7\u00e3o remota ao Hydro-View\/Hydro-Hub atrav\u00e9s de um navegador da Web. (3 minutos)  <\/p>\n<div style=\"padding: 56.25% 0 0 0; position: relative;\"><iframe style=\"position: absolute; top: 0; left: 0; width: 100%; height: 100%;\" title=\"Acesso remoto ao Hydro-View\/Hydro-Hub\" src=\"https:\/\/player.vimeo.com\/video\/569787559?badge=0&amp;autopause=0&amp;player_id=0&amp;app_id=58479\" frameborder=\"0\"><\/iframe><\/div>\n<p>&nbsp;<\/p>\n<\/div><\/div><\/div><div class=\"py-4 border-bottom \">  <div class=\"h4 question collapsed\" data-bs-toggle=\"collapse\" id=\"heading_2\" data-bs-target=\"#collapse_2\" aria-expanded=\"true\" aria-controls=\"collapse_2\">Filtragem<\/div>  <div class=\"answer collapse \" id=\"collapse_2\" aria-labelledby=\"heading_2\" data-bs-parent=\"#accordion\"><div class=\"pt-2\" itemprop=\"text\"><h4>Filtragem de correia transportadora<\/h4>\n<p> Descreve como os filtros de sinal s\u00e3o utilizados para remover interfer\u00eancias provocadas quando um sensor Hydro-Mix XT \u00e9 instalado numa correia transportadora. (3 minutos)  <\/p>\n<div style=\"padding: 56.25% 0 0 0; position: relative;\"><iframe style=\"position: absolute; top: 0; left: 0; width: 100%; height: 100%;\" title=\"Filtragem de correia transportadora\" src=\"https:\/\/player.vimeo.com\/video\/696473572?badge=0&amp;autopause=0&amp;player_id=0&amp;app_id=58479\" frameborder=\"0\"><\/iframe><\/div>\n<p>&nbsp;<\/p>\n<\/div><\/div><\/div><div class=\"py-4 border-bottom \">  <div class=\"h4 question collapsed\" data-bs-toggle=\"collapse\" id=\"heading_3\" data-bs-target=\"#collapse_3\" aria-expanded=\"true\" aria-controls=\"collapse_3\">Hydro-Com<\/div>  <div class=\"answer collapse \" id=\"collapse_3\" aria-labelledby=\"heading_3\" data-bs-parent=\"#accordion\"><div class=\"pt-2\" itemprop=\"text\"><h4>Registo n\u00e3o processado Hydro-Com<\/h4>\n<p> Mostra como configurar o software Hydro-Com para registar a sa\u00edda n\u00e3o graduada e n\u00e3o processada de um sensor de humidade Hydronix. (5 minutos)  <\/p>\n<div style=\"padding: 56.25% 0 0 0; position: relative;\"><iframe style=\"position: absolute; top: 0; left: 0; width: 100%; height: 100%;\" title=\"Registo n\u00e3o processado Hydro-Com\" src=\"https:\/\/player.vimeo.com\/video\/696475915?badge=0&amp;autopause=0&amp;player_id=0&amp;app_id=58479\" frameborder=\"0\"><\/iframe><\/div>\n<p>&nbsp;<\/p>\n<h4>Modbus RTU<\/h4>\n<p> Explica como configurar um sensor Hydronix para permitir o protocolo de comunica\u00e7\u00e3o Modbus RTU. (5 minutos)  <\/p>\n<div style=\"padding: 56.25% 0 0 0; position: relative;\"><iframe style=\"position: absolute; top: 0; left: 0; width: 100%; height: 100%;\" title=\"V\u00eddeo de configura\u00e7\u00e3o do Modbus\" src=\"https:\/\/player.vimeo.com\/video\/696476617?badge=0&amp;autopause=0&amp;player_id=0&amp;app_id=58479\" frameborder=\"0\"><\/iframe><\/div>\n<p>&nbsp;<\/p>\n<\/div><\/div><\/div><\/div>    <\/div>\n<\/section>","protected":false},"excerpt":{"rendered":"<p> [&#8230;]<\/p>\n<p><a class=\"btn btn-secondary understrap-read-more-link\" href=\"https:\/\/www.hydronix.com\/pt-pt\/formacao-do-sensor-de-humidade-hydronix\/configuracao\/\">Continuar a ler&#8230;<span class=\"screen-reader-text\"> from Configura\u00e7\u00e3o<\/span><\/a><\/p>\n","protected":false},"author":4,"featured_media":36975,"parent":37384,"menu_order":592,"comment_status":"closed","ping_status":"closed","template":"","meta":{"_acf_changed":false,"content-type":"","inline_featured_image":false,"footnotes":""},"industries":[],"process":[],"class_list":["post-37093","page","type-page","status-publish","has-post-thumbnail","hentry"],"acf":[],"yoast_head":"<!-- This site is optimized with the Yoast SEO plugin v27.1.1 - https:\/\/yoast.com\/product\/yoast-seo-wordpress\/ -->\n<title>Configura\u00e7\u00e3o do sensor de humidade Hydronix<\/title>\n<meta name=\"description\" content=\"A Hydronix est\u00e1 a disponibilizar alguns v\u00eddeos sobre como configurar os respetivos sensores de humidade e interfaces.\" \/>\n<meta name=\"robots\" content=\"index, follow, max-snippet:-1, max-image-preview:large, max-video-preview:-1\" \/>\n<link rel=\"canonical\" href=\"https:\/\/www.hydronix.com\/pt-pt\/formacao-do-sensor-de-humidade-hydronix\/configuracao\/\" \/>\n<meta property=\"og:locale\" content=\"pt_PT\" \/>\n<meta property=\"og:type\" content=\"article\" \/>\n<meta property=\"og:title\" content=\"Configura\u00e7\u00e3o do sensor de humidade Hydronix\" \/>\n<meta property=\"og:description\" content=\"A Hydronix est\u00e1 a disponibilizar alguns v\u00eddeos sobre como configurar os respetivos sensores de humidade e interfaces.\" \/>\n<meta property=\"og:url\" content=\"https:\/\/www.hydronix.com\/pt-pt\/formacao-do-sensor-de-humidade-hydronix\/configuracao\/\" \/>\n<meta property=\"og:site_name\" content=\"Hydronix\" \/>\n<meta property=\"article:modified_time\" content=\"2024-08-01T11:59:20+00:00\" \/>\n<meta property=\"og:image\" content=\"https:\/\/www.hydronix.com\/wp-content\/uploads\/2024\/06\/shutterstock_2305781813-online-learning-scaled.jpg\" \/>\n\t<meta property=\"og:image:width\" content=\"2560\" \/>\n\t<meta property=\"og:image:height\" content=\"1231\" \/>\n\t<meta property=\"og:image:type\" content=\"image\/jpeg\" \/>\n<meta name=\"twitter:card\" content=\"summary_large_image\" \/>\n<meta name=\"twitter:label1\" content=\"Tempo estimado de leitura\" \/>\n\t<meta name=\"twitter:data1\" content=\"1 minuto\" \/>\n<script type=\"application\/ld+json\" class=\"yoast-schema-graph\">{\"@context\":\"https:\/\/schema.org\",\"@graph\":[{\"@type\":\"WebPage\",\"@id\":\"https:\/\/www.hydronix.com\/pt-pt\/formacao-do-sensor-de-humidade-hydronix\/configuracao\/\",\"url\":\"https:\/\/www.hydronix.com\/pt-pt\/formacao-do-sensor-de-humidade-hydronix\/configuracao\/\",\"name\":\"Configura\u00e7\u00e3o do sensor de humidade Hydronix\",\"isPartOf\":{\"@id\":\"https:\/\/www.hydronix.com\/pt-pt\/#website\"},\"primaryImageOfPage\":{\"@id\":\"https:\/\/www.hydronix.com\/pt-pt\/formacao-do-sensor-de-humidade-hydronix\/configuracao\/#primaryimage\"},\"image\":{\"@id\":\"https:\/\/www.hydronix.com\/pt-pt\/formacao-do-sensor-de-humidade-hydronix\/configuracao\/#primaryimage\"},\"thumbnailUrl\":\"https:\/\/www.hydronix.com\/wp-content\/uploads\/2024\/06\/shutterstock_2305781813-online-learning-scaled.jpg\",\"datePublished\":\"2024-06-28T08:02:23+00:00\",\"dateModified\":\"2024-08-01T11:59:20+00:00\",\"description\":\"A Hydronix est\u00e1 a disponibilizar alguns v\u00eddeos sobre como configurar os respetivos sensores de humidade e interfaces.\",\"breadcrumb\":{\"@id\":\"https:\/\/www.hydronix.com\/pt-pt\/formacao-do-sensor-de-humidade-hydronix\/configuracao\/#breadcrumb\"},\"inLanguage\":\"pt-PT\",\"potentialAction\":[{\"@type\":\"ReadAction\",\"target\":[\"https:\/\/www.hydronix.com\/pt-pt\/formacao-do-sensor-de-humidade-hydronix\/configuracao\/\"]}]},{\"@type\":\"ImageObject\",\"inLanguage\":\"pt-PT\",\"@id\":\"https:\/\/www.hydronix.com\/pt-pt\/formacao-do-sensor-de-humidade-hydronix\/configuracao\/#primaryimage\",\"url\":\"https:\/\/www.hydronix.com\/wp-content\/uploads\/2024\/06\/shutterstock_2305781813-online-learning-scaled.jpg\",\"contentUrl\":\"https:\/\/www.hydronix.com\/wp-content\/uploads\/2024\/06\/shutterstock_2305781813-online-learning-scaled.jpg\",\"width\":2560,\"height\":1231,\"caption\":\"Forma\u00e7\u00e3o e aprendizagem online Hydronix\"},{\"@type\":\"BreadcrumbList\",\"@id\":\"https:\/\/www.hydronix.com\/pt-pt\/formacao-do-sensor-de-humidade-hydronix\/configuracao\/#breadcrumb\",\"itemListElement\":[{\"@type\":\"ListItem\",\"position\":1,\"name\":\"Home\",\"item\":\"https:\/\/www.hydronix.com\/pt-pt\/\"},{\"@type\":\"ListItem\",\"position\":2,\"name\":\"Forma\u00e7\u00e3o\",\"item\":\"https:\/\/www.hydronix.com\/pt-pt\/formacao-do-sensor-de-humidade-hydronix\/\"},{\"@type\":\"ListItem\",\"position\":3,\"name\":\"Configura\u00e7\u00e3o\"}]},{\"@type\":\"WebSite\",\"@id\":\"https:\/\/www.hydronix.com\/pt-pt\/#website\",\"url\":\"https:\/\/www.hydronix.com\/pt-pt\/\",\"name\":\"Hydronix\",\"description\":\"Your partner in moisture measurement\",\"potentialAction\":[{\"@type\":\"SearchAction\",\"target\":{\"@type\":\"EntryPoint\",\"urlTemplate\":\"https:\/\/www.hydronix.com\/pt-pt\/?s={search_term_string}\"},\"query-input\":{\"@type\":\"PropertyValueSpecification\",\"valueRequired\":true,\"valueName\":\"search_term_string\"}}],\"inLanguage\":\"pt-PT\"}]}<\/script>\n<!-- \/ Yoast SEO plugin. -->","yoast_head_json":{"title":"Configura\u00e7\u00e3o do sensor de humidade Hydronix","description":"A Hydronix est\u00e1 a disponibilizar alguns v\u00eddeos sobre como configurar os respetivos sensores de humidade e interfaces.","robots":{"index":"index","follow":"follow","max-snippet":"max-snippet:-1","max-image-preview":"max-image-preview:large","max-video-preview":"max-video-preview:-1"},"canonical":"https:\/\/www.hydronix.com\/pt-pt\/formacao-do-sensor-de-humidade-hydronix\/configuracao\/","og_locale":"pt_PT","og_type":"article","og_title":"Configura\u00e7\u00e3o do sensor de humidade Hydronix","og_description":"A Hydronix est\u00e1 a disponibilizar alguns v\u00eddeos sobre como configurar os respetivos sensores de humidade e interfaces.","og_url":"https:\/\/www.hydronix.com\/pt-pt\/formacao-do-sensor-de-humidade-hydronix\/configuracao\/","og_site_name":"Hydronix","article_modified_time":"2024-08-01T11:59:20+00:00","og_image":[{"width":2560,"height":1231,"url":"https:\/\/www.hydronix.com\/wp-content\/uploads\/2024\/06\/shutterstock_2305781813-online-learning-scaled.jpg","type":"image\/jpeg"}],"twitter_card":"summary_large_image","twitter_misc":{"Tempo estimado de leitura":"1 minuto"},"schema":{"@context":"https:\/\/schema.org","@graph":[{"@type":"WebPage","@id":"https:\/\/www.hydronix.com\/pt-pt\/formacao-do-sensor-de-humidade-hydronix\/configuracao\/","url":"https:\/\/www.hydronix.com\/pt-pt\/formacao-do-sensor-de-humidade-hydronix\/configuracao\/","name":"Configura\u00e7\u00e3o do sensor de humidade Hydronix","isPartOf":{"@id":"https:\/\/www.hydronix.com\/pt-pt\/#website"},"primaryImageOfPage":{"@id":"https:\/\/www.hydronix.com\/pt-pt\/formacao-do-sensor-de-humidade-hydronix\/configuracao\/#primaryimage"},"image":{"@id":"https:\/\/www.hydronix.com\/pt-pt\/formacao-do-sensor-de-humidade-hydronix\/configuracao\/#primaryimage"},"thumbnailUrl":"https:\/\/www.hydronix.com\/wp-content\/uploads\/2024\/06\/shutterstock_2305781813-online-learning-scaled.jpg","datePublished":"2024-06-28T08:02:23+00:00","dateModified":"2024-08-01T11:59:20+00:00","description":"A Hydronix est\u00e1 a disponibilizar alguns v\u00eddeos sobre como configurar os respetivos sensores de humidade e interfaces.","breadcrumb":{"@id":"https:\/\/www.hydronix.com\/pt-pt\/formacao-do-sensor-de-humidade-hydronix\/configuracao\/#breadcrumb"},"inLanguage":"pt-PT","potentialAction":[{"@type":"ReadAction","target":["https:\/\/www.hydronix.com\/pt-pt\/formacao-do-sensor-de-humidade-hydronix\/configuracao\/"]}]},{"@type":"ImageObject","inLanguage":"pt-PT","@id":"https:\/\/www.hydronix.com\/pt-pt\/formacao-do-sensor-de-humidade-hydronix\/configuracao\/#primaryimage","url":"https:\/\/www.hydronix.com\/wp-content\/uploads\/2024\/06\/shutterstock_2305781813-online-learning-scaled.jpg","contentUrl":"https:\/\/www.hydronix.com\/wp-content\/uploads\/2024\/06\/shutterstock_2305781813-online-learning-scaled.jpg","width":2560,"height":1231,"caption":"Forma\u00e7\u00e3o e aprendizagem online Hydronix"},{"@type":"BreadcrumbList","@id":"https:\/\/www.hydronix.com\/pt-pt\/formacao-do-sensor-de-humidade-hydronix\/configuracao\/#breadcrumb","itemListElement":[{"@type":"ListItem","position":1,"name":"Home","item":"https:\/\/www.hydronix.com\/pt-pt\/"},{"@type":"ListItem","position":2,"name":"Forma\u00e7\u00e3o","item":"https:\/\/www.hydronix.com\/pt-pt\/formacao-do-sensor-de-humidade-hydronix\/"},{"@type":"ListItem","position":3,"name":"Configura\u00e7\u00e3o"}]},{"@type":"WebSite","@id":"https:\/\/www.hydronix.com\/pt-pt\/#website","url":"https:\/\/www.hydronix.com\/pt-pt\/","name":"Hydronix","description":"Your partner in moisture measurement","potentialAction":[{"@type":"SearchAction","target":{"@type":"EntryPoint","urlTemplate":"https:\/\/www.hydronix.com\/pt-pt\/?s={search_term_string}"},"query-input":{"@type":"PropertyValueSpecification","valueRequired":true,"valueName":"search_term_string"}}],"inLanguage":"pt-PT"}]}},"_links":{"self":[{"href":"https:\/\/www.hydronix.com\/pt-pt\/wp-json\/wp\/v2\/pages\/37093","targetHints":{"allow":["GET"]}}],"collection":[{"href":"https:\/\/www.hydronix.com\/pt-pt\/wp-json\/wp\/v2\/pages"}],"about":[{"href":"https:\/\/www.hydronix.com\/pt-pt\/wp-json\/wp\/v2\/types\/page"}],"author":[{"embeddable":true,"href":"https:\/\/www.hydronix.com\/pt-pt\/wp-json\/wp\/v2\/users\/4"}],"replies":[{"embeddable":true,"href":"https:\/\/www.hydronix.com\/pt-pt\/wp-json\/wp\/v2\/comments?post=37093"}],"version-history":[{"count":3,"href":"https:\/\/www.hydronix.com\/pt-pt\/wp-json\/wp\/v2\/pages\/37093\/revisions"}],"predecessor-version":[{"id":37586,"href":"https:\/\/www.hydronix.com\/pt-pt\/wp-json\/wp\/v2\/pages\/37093\/revisions\/37586"}],"up":[{"embeddable":true,"href":"https:\/\/www.hydronix.com\/pt-pt\/wp-json\/wp\/v2\/pages\/37384"}],"wp:featuredmedia":[{"embeddable":true,"href":"https:\/\/www.hydronix.com\/pt-pt\/wp-json\/wp\/v2\/media\/36975"}],"wp:attachment":[{"href":"https:\/\/www.hydronix.com\/pt-pt\/wp-json\/wp\/v2\/media?parent=37093"}],"wp:term":[{"taxonomy":"industries","embeddable":true,"href":"https:\/\/www.hydronix.com\/pt-pt\/wp-json\/wp\/v2\/industries?post=37093"},{"taxonomy":"process","embeddable":true,"href":"https:\/\/www.hydronix.com\/pt-pt\/wp-json\/wp\/v2\/process?post=37093"}],"curies":[{"name":"wp","href":"https:\/\/api.w.org\/{rel}","templated":true}]}}