{"id":36934,"date":"2024-06-28T08:03:21","date_gmt":"2024-06-28T08:03:21","guid":{"rendered":"https:\/\/www.hydronix.com\/?page_id=36934"},"modified":"2025-02-21T12:15:37","modified_gmt":"2025-02-21T12:15:37","slug":"calibracao","status":"publish","type":"page","link":"https:\/\/www.hydronix.com\/pt-pt\/formacao-do-sensor-de-humidade-hydronix\/calibracao\/","title":{"rendered":"Calibra\u00e7\u00e3o"},"content":{"rendered":"    \n<!-- hero_short -->\n<section class=\"short_hero d-flex py-5\" style=\"background-image:url(https:\/\/www.hydronix.com\/wp-content\/uploads\/2024\/06\/shutterstock_2305781813-online-learning-scaled.jpg)\">\n    <div class=\"overlay\"><\/div>\n    <div class=\"container-xl my-auto\">\n        <div class=\"row\">\n            <div class=\"col-lg-5 hero__content\">\n                <h1>Calibra\u00e7\u00e3o<\/h1>\n            <\/div>\n        <\/div>\n    <\/div>\n<\/section>\n<!--section class=\"sub_page_title py-1 mb-4\">\n    <div class=\"container-xl\">\n        <p id=\"breadcrumbs\"><span><span><a href=\"https:\/\/www.hydronix.com\/pt-pt\/\">Home<\/a><\/span><\/span><\/p>    <\/div>\n<\/section-->\n\n\n<!-- text_video -->\n<section class=\"text_video  py-5\">\n    <div class=\"container-xl\">\n        <div class=\"row\">\n            <div class=\"col-lg-5 text_video__content order-1 order-lg-1 mb-4 mb-lg-0 pt-5 py-md-5\">\n                <h2>Vista geral: Agregados<\/h2>                <div class=\"content mb-4\"><p>Uma boa calibra\u00e7\u00e3o \u00e9 crucial para alcan\u00e7ar os verdadeiros benef\u00edcios da utiliza\u00e7\u00e3o de um sensor Hydronix. Elabor\u00e1mos algumas dicas e ferramentas \u00fateis para ajudar.<\/p>\n<ul>\n<li><a href=\"https:\/\/www.hydronix.com\/wp-content\/uploads\/2024\/06\/9-Steps-for-Calibration-Guide.pdf\" target=\"_blank\" rel=\"noopener\">9 passos para a calibra\u00e7\u00e3o<\/a><\/li>\n<li><a href=\"https:\/\/www.hydronix.com\/wp-content\/uploads\/2022\/11\/hs0101_1_0_0.xlsx\" target=\"_blank\" rel=\"noopener\">Folha de c\u00e1lculo de assist\u00eancia para a calibra\u00e7\u00e3o do sensor<\/a><\/li>\n<li><a href=\"https:\/\/www.hydronix.com\/wp-content\/uploads\/2024\/12\/hd0679pt_1_10_0.pdf\" target=\"_blank\" rel=\"noopener\">Manual do utilizador de configura\u00e7\u00e3o e calibra\u00e7\u00e3o do sensor<\/a>.<\/li>\n<\/ul>\n<\/div>\n                            <\/div>\n            <div class=\"col-lg-7 mb-4 mb-lg-0 d-flex order-2 order-lg-2\">\n                <div class=\"video__container w-100 my-auto\" style=\"background-color:#1a1a1a\">\n                                        <div class=\"ratio ratio-16x9 mx-auto\">\n                                                <iframe src=\"https:\/\/player.vimeo.com\/video\/990162953?byline=0&#038;portrait=0\" allow=\"autoplay; fullscreen; picture-in-picture\" webkitallowfullscreen mozallowfullscreen allowfullscreen><\/iframe>\n                                                <\/div>\n                    <!-- <lite-vimeo videoid=\"990162953\" style=\"background-image:url('');\"><\/lite-vimeo> -->\n                <\/div>\n            <\/div>\n        <\/div>\n    <\/div>\n<\/section>\n<!-- <script type=module src=\"https:\/\/cdn.jsdelivr.net\/npm\/@slightlyoff\/lite-vimeo@0.1.1\/lite-vimeo.js\"><\/script> -->\n\n<!-- text_video -->\n<section class=\"text_video text_video--bg py-5\">\n    <div class=\"container-xl\">\n        <div class=\"row\">\n            <div class=\"col-lg-5 text_video__content order-1 order-lg-1 mb-4 mb-lg-0 pt-5 py-md-5\">\n                <h2>Hydro-Com<\/h2>                <div class=\"content mb-4\"><p>Demonstra o procedimento de calibra\u00e7\u00e3o do material para um sensor de humidade Hydronix com o software Hydro-Com. Aplica-se o mesmo procedimento de calibra\u00e7\u00e3o a todos os tipos de materiais. (12 minutos)  <\/p>\n<\/div>\n                            <\/div>\n            <div class=\"col-lg-7 mb-4 mb-lg-0 d-flex order-2 order-lg-2\">\n                <div class=\"video__container w-100 my-auto\" style=\"background-color:#1a1a1a\">\n                                        <div class=\"ratio ratio-16x9 mx-auto\">\n                                                <iframe src=\"https:\/\/player.vimeo.com\/video\/696475048?byline=0&#038;portrait=0\" allow=\"autoplay; fullscreen; picture-in-picture\" webkitallowfullscreen mozallowfullscreen allowfullscreen><\/iframe>\n                                                <\/div>\n                    <!-- <lite-vimeo videoid=\"696475048\" style=\"background-image:url('');\"><\/lite-vimeo> -->\n                <\/div>\n            <\/div>\n        <\/div>\n    <\/div>\n<\/section>\n<!-- <script type=module src=\"https:\/\/cdn.jsdelivr.net\/npm\/@slightlyoff\/lite-vimeo@0.1.1\/lite-vimeo.js\"><\/script> -->\n\n<!-- text_video -->\n<section class=\"text_video  py-5\">\n    <div class=\"container-xl\">\n        <div class=\"row\">\n            <div class=\"col-lg-5 text_video__content order-1 order-lg-1 mb-4 mb-lg-0 pt-5 py-md-5\">\n                <h2>Hydro-View (HV05) e Hydro-Hub (HH01)<\/h2>                <div class=\"content mb-4\"><p>Fornece detalhes sobre o procedimento de calibra\u00e7\u00e3o de um sensor Hydronix utilizando um ecr\u00e3 t\u00e1til Hydro-View ou uma unidade Hydro-Hub. (5 minutos) <\/p>\n<\/div>\n                            <\/div>\n            <div class=\"col-lg-7 mb-4 mb-lg-0 d-flex order-2 order-lg-2\">\n                <div class=\"video__container w-100 my-auto\" style=\"background-color:#1a1a1a\">\n                                        <div class=\"ratio ratio-16x9 mx-auto\">\n                                                <iframe src=\"https:\/\/player.vimeo.com\/video\/569787439?byline=0&#038;portrait=0\" allow=\"autoplay; fullscreen; picture-in-picture\" webkitallowfullscreen mozallowfullscreen allowfullscreen><\/iframe>\n                                                <\/div>\n                    <!-- <lite-vimeo videoid=\"569787439\" style=\"background-image:url('');\"><\/lite-vimeo> -->\n                <\/div>\n            <\/div>\n        <\/div>\n    <\/div>\n<\/section>\n<!-- <script type=module src=\"https:\/\/cdn.jsdelivr.net\/npm\/@slightlyoff\/lite-vimeo@0.1.1\/lite-vimeo.js\"><\/script> -->","protected":false},"excerpt":{"rendered":"<p> [&#8230;]<\/p>\n<p><a class=\"btn btn-secondary understrap-read-more-link\" href=\"https:\/\/www.hydronix.com\/pt-pt\/formacao-do-sensor-de-humidade-hydronix\/calibracao\/\">Continuar a ler&#8230;<span class=\"screen-reader-text\"> from Calibra\u00e7\u00e3o<\/span><\/a><\/p>\n","protected":false},"author":4,"featured_media":36975,"parent":37384,"menu_order":573,"comment_status":"closed","ping_status":"closed","template":"","meta":{"_acf_changed":false,"content-type":"","inline_featured_image":false,"footnotes":""},"industries":[],"process":[],"class_list":["post-36934","page","type-page","status-publish","has-post-thumbnail","hentry"],"acf":[],"yoast_head":"<!-- This site is optimized with the Yoast SEO plugin v27.1.1 - https:\/\/yoast.com\/product\/yoast-seo-wordpress\/ -->\n<title>Calibra\u00e7\u00e3o do sensor de humidade Hydronix<\/title>\n<meta name=\"description\" content=\"V\u00eddeos, infografias, manuais do utilizador e outros materiais sobre como calibrar os seus sensores de humidade e interfaces Hydronix.\" \/>\n<meta name=\"robots\" content=\"index, follow, max-snippet:-1, max-image-preview:large, max-video-preview:-1\" \/>\n<link rel=\"canonical\" href=\"https:\/\/www.hydronix.com\/pt-pt\/formacao-do-sensor-de-humidade-hydronix\/calibracao\/\" \/>\n<meta property=\"og:locale\" content=\"pt_PT\" \/>\n<meta property=\"og:type\" content=\"article\" \/>\n<meta property=\"og:title\" content=\"Calibra\u00e7\u00e3o do sensor de humidade Hydronix\" \/>\n<meta property=\"og:description\" content=\"V\u00eddeos, infografias, manuais do utilizador e outros materiais sobre como calibrar os seus sensores de humidade e interfaces Hydronix.\" \/>\n<meta property=\"og:url\" content=\"https:\/\/www.hydronix.com\/pt-pt\/formacao-do-sensor-de-humidade-hydronix\/calibracao\/\" \/>\n<meta property=\"og:site_name\" content=\"Hydronix\" \/>\n<meta property=\"article:modified_time\" content=\"2025-02-21T12:15:37+00:00\" \/>\n<meta property=\"og:image\" content=\"https:\/\/www.hydronix.com\/wp-content\/uploads\/2024\/06\/shutterstock_2305781813-online-learning-scaled.jpg\" \/>\n\t<meta property=\"og:image:width\" content=\"2560\" \/>\n\t<meta property=\"og:image:height\" content=\"1231\" \/>\n\t<meta property=\"og:image:type\" content=\"image\/jpeg\" \/>\n<meta name=\"twitter:card\" content=\"summary_large_image\" \/>\n<meta name=\"twitter:label1\" content=\"Tempo estimado de leitura\" \/>\n\t<meta name=\"twitter:data1\" content=\"1 minuto\" \/>\n<script type=\"application\/ld+json\" class=\"yoast-schema-graph\">{\"@context\":\"https:\/\/schema.org\",\"@graph\":[{\"@type\":\"WebPage\",\"@id\":\"https:\/\/www.hydronix.com\/pt-pt\/formacao-do-sensor-de-humidade-hydronix\/calibracao\/\",\"url\":\"https:\/\/www.hydronix.com\/pt-pt\/formacao-do-sensor-de-humidade-hydronix\/calibracao\/\",\"name\":\"Calibra\u00e7\u00e3o do sensor de humidade Hydronix\",\"isPartOf\":{\"@id\":\"https:\/\/www.hydronix.com\/pt-pt\/#website\"},\"primaryImageOfPage\":{\"@id\":\"https:\/\/www.hydronix.com\/pt-pt\/formacao-do-sensor-de-humidade-hydronix\/calibracao\/#primaryimage\"},\"image\":{\"@id\":\"https:\/\/www.hydronix.com\/pt-pt\/formacao-do-sensor-de-humidade-hydronix\/calibracao\/#primaryimage\"},\"thumbnailUrl\":\"https:\/\/www.hydronix.com\/wp-content\/uploads\/2024\/06\/shutterstock_2305781813-online-learning-scaled.jpg\",\"datePublished\":\"2024-06-28T08:03:21+00:00\",\"dateModified\":\"2025-02-21T12:15:37+00:00\",\"description\":\"V\u00eddeos, infografias, manuais do utilizador e outros materiais sobre como calibrar os seus sensores de humidade e interfaces Hydronix.\",\"breadcrumb\":{\"@id\":\"https:\/\/www.hydronix.com\/pt-pt\/formacao-do-sensor-de-humidade-hydronix\/calibracao\/#breadcrumb\"},\"inLanguage\":\"pt-PT\",\"potentialAction\":[{\"@type\":\"ReadAction\",\"target\":[\"https:\/\/www.hydronix.com\/pt-pt\/formacao-do-sensor-de-humidade-hydronix\/calibracao\/\"]}]},{\"@type\":\"ImageObject\",\"inLanguage\":\"pt-PT\",\"@id\":\"https:\/\/www.hydronix.com\/pt-pt\/formacao-do-sensor-de-humidade-hydronix\/calibracao\/#primaryimage\",\"url\":\"https:\/\/www.hydronix.com\/wp-content\/uploads\/2024\/06\/shutterstock_2305781813-online-learning-scaled.jpg\",\"contentUrl\":\"https:\/\/www.hydronix.com\/wp-content\/uploads\/2024\/06\/shutterstock_2305781813-online-learning-scaled.jpg\",\"width\":2560,\"height\":1231,\"caption\":\"Forma\u00e7\u00e3o e aprendizagem online Hydronix\"},{\"@type\":\"BreadcrumbList\",\"@id\":\"https:\/\/www.hydronix.com\/pt-pt\/formacao-do-sensor-de-humidade-hydronix\/calibracao\/#breadcrumb\",\"itemListElement\":[{\"@type\":\"ListItem\",\"position\":1,\"name\":\"Home\",\"item\":\"https:\/\/www.hydronix.com\/pt-pt\/\"},{\"@type\":\"ListItem\",\"position\":2,\"name\":\"Forma\u00e7\u00e3o\",\"item\":\"https:\/\/www.hydronix.com\/pt-pt\/formacao-do-sensor-de-humidade-hydronix\/\"},{\"@type\":\"ListItem\",\"position\":3,\"name\":\"Calibra\u00e7\u00e3o\"}]},{\"@type\":\"WebSite\",\"@id\":\"https:\/\/www.hydronix.com\/pt-pt\/#website\",\"url\":\"https:\/\/www.hydronix.com\/pt-pt\/\",\"name\":\"Hydronix\",\"description\":\"Your partner in moisture measurement\",\"potentialAction\":[{\"@type\":\"SearchAction\",\"target\":{\"@type\":\"EntryPoint\",\"urlTemplate\":\"https:\/\/www.hydronix.com\/pt-pt\/?s={search_term_string}\"},\"query-input\":{\"@type\":\"PropertyValueSpecification\",\"valueRequired\":true,\"valueName\":\"search_term_string\"}}],\"inLanguage\":\"pt-PT\"}]}<\/script>\n<!-- \/ Yoast SEO plugin. -->","yoast_head_json":{"title":"Calibra\u00e7\u00e3o do sensor de humidade Hydronix","description":"V\u00eddeos, infografias, manuais do utilizador e outros materiais sobre como calibrar os seus sensores de humidade e interfaces Hydronix.","robots":{"index":"index","follow":"follow","max-snippet":"max-snippet:-1","max-image-preview":"max-image-preview:large","max-video-preview":"max-video-preview:-1"},"canonical":"https:\/\/www.hydronix.com\/pt-pt\/formacao-do-sensor-de-humidade-hydronix\/calibracao\/","og_locale":"pt_PT","og_type":"article","og_title":"Calibra\u00e7\u00e3o do sensor de humidade Hydronix","og_description":"V\u00eddeos, infografias, manuais do utilizador e outros materiais sobre como calibrar os seus sensores de humidade e interfaces Hydronix.","og_url":"https:\/\/www.hydronix.com\/pt-pt\/formacao-do-sensor-de-humidade-hydronix\/calibracao\/","og_site_name":"Hydronix","article_modified_time":"2025-02-21T12:15:37+00:00","og_image":[{"width":2560,"height":1231,"url":"https:\/\/www.hydronix.com\/wp-content\/uploads\/2024\/06\/shutterstock_2305781813-online-learning-scaled.jpg","type":"image\/jpeg"}],"twitter_card":"summary_large_image","twitter_misc":{"Tempo estimado de leitura":"1 minuto"},"schema":{"@context":"https:\/\/schema.org","@graph":[{"@type":"WebPage","@id":"https:\/\/www.hydronix.com\/pt-pt\/formacao-do-sensor-de-humidade-hydronix\/calibracao\/","url":"https:\/\/www.hydronix.com\/pt-pt\/formacao-do-sensor-de-humidade-hydronix\/calibracao\/","name":"Calibra\u00e7\u00e3o do sensor de humidade Hydronix","isPartOf":{"@id":"https:\/\/www.hydronix.com\/pt-pt\/#website"},"primaryImageOfPage":{"@id":"https:\/\/www.hydronix.com\/pt-pt\/formacao-do-sensor-de-humidade-hydronix\/calibracao\/#primaryimage"},"image":{"@id":"https:\/\/www.hydronix.com\/pt-pt\/formacao-do-sensor-de-humidade-hydronix\/calibracao\/#primaryimage"},"thumbnailUrl":"https:\/\/www.hydronix.com\/wp-content\/uploads\/2024\/06\/shutterstock_2305781813-online-learning-scaled.jpg","datePublished":"2024-06-28T08:03:21+00:00","dateModified":"2025-02-21T12:15:37+00:00","description":"V\u00eddeos, infografias, manuais do utilizador e outros materiais sobre como calibrar os seus sensores de humidade e interfaces Hydronix.","breadcrumb":{"@id":"https:\/\/www.hydronix.com\/pt-pt\/formacao-do-sensor-de-humidade-hydronix\/calibracao\/#breadcrumb"},"inLanguage":"pt-PT","potentialAction":[{"@type":"ReadAction","target":["https:\/\/www.hydronix.com\/pt-pt\/formacao-do-sensor-de-humidade-hydronix\/calibracao\/"]}]},{"@type":"ImageObject","inLanguage":"pt-PT","@id":"https:\/\/www.hydronix.com\/pt-pt\/formacao-do-sensor-de-humidade-hydronix\/calibracao\/#primaryimage","url":"https:\/\/www.hydronix.com\/wp-content\/uploads\/2024\/06\/shutterstock_2305781813-online-learning-scaled.jpg","contentUrl":"https:\/\/www.hydronix.com\/wp-content\/uploads\/2024\/06\/shutterstock_2305781813-online-learning-scaled.jpg","width":2560,"height":1231,"caption":"Forma\u00e7\u00e3o e aprendizagem online Hydronix"},{"@type":"BreadcrumbList","@id":"https:\/\/www.hydronix.com\/pt-pt\/formacao-do-sensor-de-humidade-hydronix\/calibracao\/#breadcrumb","itemListElement":[{"@type":"ListItem","position":1,"name":"Home","item":"https:\/\/www.hydronix.com\/pt-pt\/"},{"@type":"ListItem","position":2,"name":"Forma\u00e7\u00e3o","item":"https:\/\/www.hydronix.com\/pt-pt\/formacao-do-sensor-de-humidade-hydronix\/"},{"@type":"ListItem","position":3,"name":"Calibra\u00e7\u00e3o"}]},{"@type":"WebSite","@id":"https:\/\/www.hydronix.com\/pt-pt\/#website","url":"https:\/\/www.hydronix.com\/pt-pt\/","name":"Hydronix","description":"Your partner in moisture measurement","potentialAction":[{"@type":"SearchAction","target":{"@type":"EntryPoint","urlTemplate":"https:\/\/www.hydronix.com\/pt-pt\/?s={search_term_string}"},"query-input":{"@type":"PropertyValueSpecification","valueRequired":true,"valueName":"search_term_string"}}],"inLanguage":"pt-PT"}]}},"_links":{"self":[{"href":"https:\/\/www.hydronix.com\/pt-pt\/wp-json\/wp\/v2\/pages\/36934","targetHints":{"allow":["GET"]}}],"collection":[{"href":"https:\/\/www.hydronix.com\/pt-pt\/wp-json\/wp\/v2\/pages"}],"about":[{"href":"https:\/\/www.hydronix.com\/pt-pt\/wp-json\/wp\/v2\/types\/page"}],"author":[{"embeddable":true,"href":"https:\/\/www.hydronix.com\/pt-pt\/wp-json\/wp\/v2\/users\/4"}],"replies":[{"embeddable":true,"href":"https:\/\/www.hydronix.com\/pt-pt\/wp-json\/wp\/v2\/comments?post=36934"}],"version-history":[{"count":5,"href":"https:\/\/www.hydronix.com\/pt-pt\/wp-json\/wp\/v2\/pages\/36934\/revisions"}],"predecessor-version":[{"id":39388,"href":"https:\/\/www.hydronix.com\/pt-pt\/wp-json\/wp\/v2\/pages\/36934\/revisions\/39388"}],"up":[{"embeddable":true,"href":"https:\/\/www.hydronix.com\/pt-pt\/wp-json\/wp\/v2\/pages\/37384"}],"wp:featuredmedia":[{"embeddable":true,"href":"https:\/\/www.hydronix.com\/pt-pt\/wp-json\/wp\/v2\/media\/36975"}],"wp:attachment":[{"href":"https:\/\/www.hydronix.com\/pt-pt\/wp-json\/wp\/v2\/media?parent=36934"}],"wp:term":[{"taxonomy":"industries","embeddable":true,"href":"https:\/\/www.hydronix.com\/pt-pt\/wp-json\/wp\/v2\/industries?post=36934"},{"taxonomy":"process","embeddable":true,"href":"https:\/\/www.hydronix.com\/pt-pt\/wp-json\/wp\/v2\/process?post=36934"}],"curies":[{"name":"wp","href":"https:\/\/api.w.org\/{rel}","templated":true}]}}