{"id":29802,"date":"2022-09-12T14:48:56","date_gmt":"2022-09-12T14:48:56","guid":{"rendered":"https:\/\/hydronix.chilliservers.co.uk\/processos\/"},"modified":"2023-11-15T14:09:39","modified_gmt":"2023-11-15T14:09:39","slug":"processos","status":"publish","type":"page","link":"https:\/\/www.hydronix.com\/pt-pt\/processos\/","title":{"rendered":"Processos"},"content":{"rendered":"    \n<!-- hero_short -->\n<section class=\"short_hero d-flex py-5\" style=\"background-image:url(https:\/\/www.hydronix.com\/wp-content\/uploads\/2023\/04\/shutterstock_2200597295-processes-scaled.jpg)\">\n    <div class=\"overlay\"><\/div>\n    <div class=\"container-xl my-auto\">\n        <div class=\"row\">\n            <div class=\"col-lg-5 hero__content\">\n                <h1>Processos<\/h1>\n            <\/div>\n        <\/div>\n    <\/div>\n<\/section>\n<!--section class=\"sub_page_title py-1 mb-4\">\n    <div class=\"container-xl\">\n        <p id=\"breadcrumbs\"><span><span><a href=\"https:\/\/www.hydronix.com\/pt-pt\/\">Home<\/a><\/span><\/span><\/p>    <\/div>\n<\/section-->\n    <div class=\"container-xl\">\n\t\t\n<p>Os sensores de medi\u00e7\u00e3o de humidade por micro-ondas s\u00e3o utilizados numa variedade de aplica\u00e7\u00f5es em todo o mundo para medir o teor de humidade ou brix dos materiais de fluxo.<\/p>\n    <\/div>\n        <div class=\"container-xl\">\n\t\t\n<p>Seguem-se alguns processos t\u00edpicos que exigem a medi\u00e7\u00e3o de humidade com sensores Hydronix:<\/p>\n    <\/div>\n    <!-- children_icons -->\n<section class=\"child_pages py-4\">\n    <div class=\"container-xl\">\n                <div class=\"row g-4 justify-content-center\">\n        <div class=\"col-md-4 col-xl-3\">\n            <a class=\"child_pages__card\" href=\"https:\/\/www.hydronix.com\/pt-pt\/processos\/dosagem-pesagem\/\">\n                <img decoding=\"async\" src=\"https:\/\/www.hydronix.com\/wp-content\/themes\/cb-hydronix\/img\/icons\/icon__material-dosing-weighing--blue.svg\" alt=\"\" class=\"d-flex mx-auto w-50\">\n                Dosagem\/Pesagem            <\/a>\n        <\/div>\n                <div class=\"col-md-4 col-xl-3\">\n            <a class=\"child_pages__card\" href=\"https:\/\/www.hydronix.com\/pt-pt\/processos\/condicionamento-vapor\/\">\n                <img decoding=\"async\" src=\"https:\/\/www.hydronix.com\/wp-content\/themes\/cb-hydronix\/img\/icons\/icon__conditioning-steam--blue.svg\" alt=\"\" class=\"d-flex mx-auto w-50\">\n                Condicionamento            <\/a>\n        <\/div>\n                <div class=\"col-md-4 col-xl-3\">\n            <a class=\"child_pages__card\" href=\"https:\/\/www.hydronix.com\/pt-pt\/processos\/transporte\/\">\n                <img decoding=\"async\" src=\"https:\/\/www.hydronix.com\/wp-content\/themes\/cb-hydronix\/img\/icons\/icon__conveying--blue.svg\" alt=\"\" class=\"d-flex mx-auto w-50\">\n                Transporte            <\/a>\n        <\/div>\n                <div class=\"col-md-4 col-xl-3\">\n            <a class=\"child_pages__card\" href=\"https:\/\/www.hydronix.com\/pt-pt\/processos\/secagem\/\">\n                <img decoding=\"async\" src=\"https:\/\/www.hydronix.com\/wp-content\/themes\/cb-hydronix\/img\/icons\/icon__drying--blue.svg\" alt=\"\" class=\"d-flex mx-auto w-50\">\n                Secagem            <\/a>\n        <\/div>\n                <div class=\"col-md-4 col-xl-3\">\n            <a class=\"child_pages__card\" href=\"https:\/\/www.hydronix.com\/pt-pt\/processos\/moagem-trituracao\/\">\n                <img decoding=\"async\" src=\"https:\/\/www.hydronix.com\/wp-content\/themes\/cb-hydronix\/img\/icons\/icon__milling-grinding--blue.svg\" alt=\"\" class=\"d-flex mx-auto w-50\">\n                Moagem\/Tritura\u00e7\u00e3o            <\/a>\n        <\/div>\n                <div class=\"col-md-4 col-xl-3\">\n            <a class=\"child_pages__card\" href=\"https:\/\/www.hydronix.com\/pt-pt\/processos\/mistura\/\">\n                <img decoding=\"async\" src=\"https:\/\/www.hydronix.com\/wp-content\/themes\/cb-hydronix\/img\/icons\/icon__mixing--blue.svg\" alt=\"\" class=\"d-flex mx-auto w-50\">\n                Mistura            <\/a>\n        <\/div>\n                <div class=\"col-md-4 col-xl-3\">\n            <a class=\"child_pages__card\" href=\"https:\/\/www.hydronix.com\/pt-pt\/processos\/embalagem\/\">\n                <img decoding=\"async\" src=\"https:\/\/www.hydronix.com\/wp-content\/themes\/cb-hydronix\/img\/icons\/icon__packaging--blue.svg\" alt=\"\" class=\"d-flex mx-auto w-50\">\n                Embalagem            <\/a>\n        <\/div>\n                <div class=\"col-md-4 col-xl-3\">\n            <a class=\"child_pages__card\" href=\"https:\/\/www.hydronix.com\/pt-pt\/processos\/granulacao-extrusao\/\">\n                <img decoding=\"async\" src=\"https:\/\/www.hydronix.com\/wp-content\/themes\/cb-hydronix\/img\/icons\/icon__pelletising-extrusion--blue.svg\" alt=\"\" class=\"d-flex mx-auto w-50\">\n                Granula\u00e7\u00e3o\/Extrus\u00e3o            <\/a>\n        <\/div>\n                <div class=\"col-md-4 col-xl-3\">\n            <a class=\"child_pages__card\" href=\"https:\/\/www.hydronix.com\/pt-pt\/processos\/armazenamento\/\">\n                <img decoding=\"async\" src=\"https:\/\/www.hydronix.com\/wp-content\/themes\/cb-hydronix\/img\/icons\/icon__storage--blue.svg\" alt=\"\" class=\"d-flex mx-auto w-50\">\n                Armazenamento            <\/a>\n        <\/div>\n                <div class=\"col-md-4 col-xl-3\">\n            <a class=\"child_pages__card\" href=\"https:\/\/www.hydronix.com\/pt-pt\/processos\/concentrador-de-vacuo\/\">\n                <img decoding=\"async\" src=\"https:\/\/www.hydronix.com\/wp-content\/themes\/cb-hydronix\/img\/icons\/icon__vacuum-pan--blue.svg\" alt=\"\" class=\"d-flex mx-auto w-50\">\n                Concentrador de v\u00e1cuo            <\/a>\n        <\/div>\n                <div class=\"col-md-4 col-xl-3\">\n            <a class=\"child_pages__card\" href=\"https:\/\/www.hydronix.com\/pt-pt\/processos\/adicao-quimica-de-agua\/\">\n                <img decoding=\"async\" src=\"https:\/\/www.hydronix.com\/wp-content\/themes\/cb-hydronix\/img\/icons\/icon__water-chemical-addition--blue.svg\" alt=\"\" class=\"d-flex mx-auto w-50\">\n                Adi\u00e7\u00e3o qu\u00edmica\/de \u00e1gua            <\/a>\n        <\/div>\n            <\/div>\n<\/section>","protected":false},"excerpt":{"rendered":"<p>Os sensores de medi\u00e7\u00e3o de humidade por micro-ondas s\u00e3o utilizados numa variedade de aplica\u00e7\u00f5es em todo o mundo para medir o teor de humidade ou brix dos materiais de fluxo. Seguem-se alguns processos t\u00edpicos que exigem a medi\u00e7\u00e3o de humidade com sensores Hydronix: [&#8230;]<\/p>\n<p><a class=\"btn btn-secondary understrap-read-more-link\" href=\"https:\/\/www.hydronix.com\/pt-pt\/processos\/\">Continuar a ler&#8230;<span class=\"screen-reader-text\"> from Processos<\/span><\/a><\/p>\n","protected":false},"author":1,"featured_media":29803,"parent":0,"menu_order":84,"comment_status":"closed","ping_status":"closed","template":"","meta":{"_acf_changed":false,"content-type":"","inline_featured_image":false,"footnotes":""},"industries":[],"process":[],"class_list":["post-29802","page","type-page","status-publish","has-post-thumbnail","hentry"],"acf":[],"yoast_head":"<!-- This site is optimized with the Yoast SEO plugin v27.1.1 - https:\/\/yoast.com\/product\/yoast-seo-wordpress\/ -->\n<title>Processos - Hydronix<\/title>\n<meta name=\"description\" content=\"Os sensores de medi\u00e7\u00e3o de humidade por micro-ondas s\u00e3o utilizados numa variedade de processos para medir a humidade dos materiais de fluxo.\" \/>\n<meta name=\"robots\" content=\"index, follow, max-snippet:-1, max-image-preview:large, max-video-preview:-1\" \/>\n<link rel=\"canonical\" href=\"https:\/\/www.hydronix.com\/pt-pt\/processos\/\" \/>\n<meta property=\"og:locale\" content=\"pt_PT\" \/>\n<meta property=\"og:type\" content=\"article\" \/>\n<meta property=\"og:title\" content=\"Processos - Hydronix\" \/>\n<meta property=\"og:description\" content=\"Os sensores de medi\u00e7\u00e3o de humidade por micro-ondas s\u00e3o utilizados numa variedade de processos para medir a humidade dos materiais de fluxo.\" \/>\n<meta property=\"og:url\" content=\"https:\/\/www.hydronix.com\/pt-pt\/processos\/\" \/>\n<meta property=\"og:site_name\" content=\"Hydronix\" \/>\n<meta property=\"article:modified_time\" content=\"2023-11-15T14:09:39+00:00\" \/>\n<meta property=\"og:image\" content=\"https:\/\/www.hydronix.com\/wp-content\/uploads\/2023\/04\/shutterstock_2200597295-processes-scaled.jpg\" \/>\n\t<meta property=\"og:image:width\" content=\"2560\" \/>\n\t<meta property=\"og:image:height\" content=\"1241\" \/>\n\t<meta property=\"og:image:type\" content=\"image\/jpeg\" \/>\n<meta name=\"twitter:card\" content=\"summary_large_image\" \/>\n<meta name=\"twitter:label1\" content=\"Tempo estimado de leitura\" \/>\n\t<meta name=\"twitter:data1\" content=\"1 minuto\" \/>\n<script type=\"application\/ld+json\" class=\"yoast-schema-graph\">{\"@context\":\"https:\/\/schema.org\",\"@graph\":[{\"@type\":\"WebPage\",\"@id\":\"https:\/\/www.hydronix.com\/pt-pt\/processos\/\",\"url\":\"https:\/\/www.hydronix.com\/pt-pt\/processos\/\",\"name\":\"Processos - Hydronix\",\"isPartOf\":{\"@id\":\"https:\/\/www.hydronix.com\/pt-pt\/#website\"},\"primaryImageOfPage\":{\"@id\":\"https:\/\/www.hydronix.com\/pt-pt\/processos\/#primaryimage\"},\"image\":{\"@id\":\"https:\/\/www.hydronix.com\/pt-pt\/processos\/#primaryimage\"},\"thumbnailUrl\":\"https:\/\/www.hydronix.com\/wp-content\/uploads\/2023\/04\/shutterstock_2200597295-processes-scaled.jpg\",\"datePublished\":\"2022-09-12T14:48:56+00:00\",\"dateModified\":\"2023-11-15T14:09:39+00:00\",\"description\":\"Os sensores de medi\u00e7\u00e3o de humidade por micro-ondas s\u00e3o utilizados numa variedade de processos para medir a humidade dos materiais de fluxo.\",\"breadcrumb\":{\"@id\":\"https:\/\/www.hydronix.com\/pt-pt\/processos\/#breadcrumb\"},\"inLanguage\":\"pt-PT\",\"potentialAction\":[{\"@type\":\"ReadAction\",\"target\":[\"https:\/\/www.hydronix.com\/pt-pt\/processos\/\"]}]},{\"@type\":\"ImageObject\",\"inLanguage\":\"pt-PT\",\"@id\":\"https:\/\/www.hydronix.com\/pt-pt\/processos\/#primaryimage\",\"url\":\"https:\/\/www.hydronix.com\/wp-content\/uploads\/2023\/04\/shutterstock_2200597295-processes-scaled.jpg\",\"contentUrl\":\"https:\/\/www.hydronix.com\/wp-content\/uploads\/2023\/04\/shutterstock_2200597295-processes-scaled.jpg\",\"width\":2560,\"height\":1241,\"caption\":\"Processos Hydronix\"},{\"@type\":\"BreadcrumbList\",\"@id\":\"https:\/\/www.hydronix.com\/pt-pt\/processos\/#breadcrumb\",\"itemListElement\":[{\"@type\":\"ListItem\",\"position\":1,\"name\":\"Home\",\"item\":\"https:\/\/www.hydronix.com\/pt-pt\/\"},{\"@type\":\"ListItem\",\"position\":2,\"name\":\"Processos\"}]},{\"@type\":\"WebSite\",\"@id\":\"https:\/\/www.hydronix.com\/pt-pt\/#website\",\"url\":\"https:\/\/www.hydronix.com\/pt-pt\/\",\"name\":\"Hydronix\",\"description\":\"Your partner in moisture measurement\",\"potentialAction\":[{\"@type\":\"SearchAction\",\"target\":{\"@type\":\"EntryPoint\",\"urlTemplate\":\"https:\/\/www.hydronix.com\/pt-pt\/?s={search_term_string}\"},\"query-input\":{\"@type\":\"PropertyValueSpecification\",\"valueRequired\":true,\"valueName\":\"search_term_string\"}}],\"inLanguage\":\"pt-PT\"}]}<\/script>\n<!-- \/ Yoast SEO plugin. -->","yoast_head_json":{"title":"Processos - Hydronix","description":"Os sensores de medi\u00e7\u00e3o de humidade por micro-ondas s\u00e3o utilizados numa variedade de processos para medir a humidade dos materiais de fluxo.","robots":{"index":"index","follow":"follow","max-snippet":"max-snippet:-1","max-image-preview":"max-image-preview:large","max-video-preview":"max-video-preview:-1"},"canonical":"https:\/\/www.hydronix.com\/pt-pt\/processos\/","og_locale":"pt_PT","og_type":"article","og_title":"Processos - Hydronix","og_description":"Os sensores de medi\u00e7\u00e3o de humidade por micro-ondas s\u00e3o utilizados numa variedade de processos para medir a humidade dos materiais de fluxo.","og_url":"https:\/\/www.hydronix.com\/pt-pt\/processos\/","og_site_name":"Hydronix","article_modified_time":"2023-11-15T14:09:39+00:00","og_image":[{"width":2560,"height":1241,"url":"https:\/\/www.hydronix.com\/wp-content\/uploads\/2023\/04\/shutterstock_2200597295-processes-scaled.jpg","type":"image\/jpeg"}],"twitter_card":"summary_large_image","twitter_misc":{"Tempo estimado de leitura":"1 minuto"},"schema":{"@context":"https:\/\/schema.org","@graph":[{"@type":"WebPage","@id":"https:\/\/www.hydronix.com\/pt-pt\/processos\/","url":"https:\/\/www.hydronix.com\/pt-pt\/processos\/","name":"Processos - Hydronix","isPartOf":{"@id":"https:\/\/www.hydronix.com\/pt-pt\/#website"},"primaryImageOfPage":{"@id":"https:\/\/www.hydronix.com\/pt-pt\/processos\/#primaryimage"},"image":{"@id":"https:\/\/www.hydronix.com\/pt-pt\/processos\/#primaryimage"},"thumbnailUrl":"https:\/\/www.hydronix.com\/wp-content\/uploads\/2023\/04\/shutterstock_2200597295-processes-scaled.jpg","datePublished":"2022-09-12T14:48:56+00:00","dateModified":"2023-11-15T14:09:39+00:00","description":"Os sensores de medi\u00e7\u00e3o de humidade por micro-ondas s\u00e3o utilizados numa variedade de processos para medir a humidade dos materiais de fluxo.","breadcrumb":{"@id":"https:\/\/www.hydronix.com\/pt-pt\/processos\/#breadcrumb"},"inLanguage":"pt-PT","potentialAction":[{"@type":"ReadAction","target":["https:\/\/www.hydronix.com\/pt-pt\/processos\/"]}]},{"@type":"ImageObject","inLanguage":"pt-PT","@id":"https:\/\/www.hydronix.com\/pt-pt\/processos\/#primaryimage","url":"https:\/\/www.hydronix.com\/wp-content\/uploads\/2023\/04\/shutterstock_2200597295-processes-scaled.jpg","contentUrl":"https:\/\/www.hydronix.com\/wp-content\/uploads\/2023\/04\/shutterstock_2200597295-processes-scaled.jpg","width":2560,"height":1241,"caption":"Processos Hydronix"},{"@type":"BreadcrumbList","@id":"https:\/\/www.hydronix.com\/pt-pt\/processos\/#breadcrumb","itemListElement":[{"@type":"ListItem","position":1,"name":"Home","item":"https:\/\/www.hydronix.com\/pt-pt\/"},{"@type":"ListItem","position":2,"name":"Processos"}]},{"@type":"WebSite","@id":"https:\/\/www.hydronix.com\/pt-pt\/#website","url":"https:\/\/www.hydronix.com\/pt-pt\/","name":"Hydronix","description":"Your partner in moisture measurement","potentialAction":[{"@type":"SearchAction","target":{"@type":"EntryPoint","urlTemplate":"https:\/\/www.hydronix.com\/pt-pt\/?s={search_term_string}"},"query-input":{"@type":"PropertyValueSpecification","valueRequired":true,"valueName":"search_term_string"}}],"inLanguage":"pt-PT"}]}},"_links":{"self":[{"href":"https:\/\/www.hydronix.com\/pt-pt\/wp-json\/wp\/v2\/pages\/29802","targetHints":{"allow":["GET"]}}],"collection":[{"href":"https:\/\/www.hydronix.com\/pt-pt\/wp-json\/wp\/v2\/pages"}],"about":[{"href":"https:\/\/www.hydronix.com\/pt-pt\/wp-json\/wp\/v2\/types\/page"}],"author":[{"embeddable":true,"href":"https:\/\/www.hydronix.com\/pt-pt\/wp-json\/wp\/v2\/users\/1"}],"replies":[{"embeddable":true,"href":"https:\/\/www.hydronix.com\/pt-pt\/wp-json\/wp\/v2\/comments?post=29802"}],"version-history":[{"count":0,"href":"https:\/\/www.hydronix.com\/pt-pt\/wp-json\/wp\/v2\/pages\/29802\/revisions"}],"wp:featuredmedia":[{"embeddable":true,"href":"https:\/\/www.hydronix.com\/pt-pt\/wp-json\/wp\/v2\/media\/29803"}],"wp:attachment":[{"href":"https:\/\/www.hydronix.com\/pt-pt\/wp-json\/wp\/v2\/media?parent=29802"}],"wp:term":[{"taxonomy":"industries","embeddable":true,"href":"https:\/\/www.hydronix.com\/pt-pt\/wp-json\/wp\/v2\/industries?post=29802"},{"taxonomy":"process","embeddable":true,"href":"https:\/\/www.hydronix.com\/pt-pt\/wp-json\/wp\/v2\/process?post=29802"}],"curies":[{"name":"wp","href":"https:\/\/api.w.org\/{rel}","templated":true}]}}