{"id":29800,"date":"2022-09-12T14:43:54","date_gmt":"2022-09-12T14:43:54","guid":{"rendered":"https:\/\/hydronix.chilliservers.co.uk\/gestao\/"},"modified":"2023-11-16T10:19:20","modified_gmt":"2023-11-16T10:19:20","slug":"gestao","status":"publish","type":"page","link":"https:\/\/www.hydronix.com\/pt-pt\/gestao\/","title":{"rendered":"Gest\u00e3o"},"content":{"rendered":"<!-- icon_hero -->\n<section class=\"application_hero d-flex py-5\" style=\"background-image:url(https:\/\/www.hydronix.com\/wp-content\/uploads\/2022\/09\/hero-product-water-abstract.jpg)\">\n    <div class=\"overlay\"><\/div>\n    <div class=\"container my-auto\">\n        <div class=\"row\">\n            <div class=\"col-lg-2\"><img decoding=\"async\" src=\"https:\/\/www.hydronix.com\/wp-content\/themes\/cb-hydronix\/img\/icons\/icon__manage--wo.svg\" class=\"w-50 w-lg-100\"><\/div>\n            <div class=\"col-lg-10 d-flex hero__content\"><h1 class=\"my-auto text-white\">Gest\u00e3o<\/h1><\/div>\n        <\/div>\n    <\/div>\n<\/section>\n<section class=\"sub_page_title py-1 mb-4\">\n    <div class=\"container-xl\">\n        <p id=\"breadcrumbs\"><span><span><a href=\"https:\/\/www.hydronix.com\/pt-pt\/\">Home<\/a><\/span><\/span><\/p>    <\/div>\n<\/section>\n\n\n    <div class=\"container-xl\">\n\t\t\n<p>A Hydronix desenvolveu software para gerir a calibra\u00e7\u00e3o e a configura\u00e7\u00e3o dos sensores.<\/p>\n    <\/div>\n    \n\n<!-- products -->\n<section class=\"prod_by_app product pb-5\">\n    <div class=\"container-xl\">\n        <h2>Produtos<\/h2>\n        <div class=\"row g-3\">\n\n    <div class=\"col-sm-6 col-lg-3\">\n        <a class=\"product__card\" href=\"https:\/\/www.hydronix.com\/pt-pt\/products\/hydro-com\/\">\n            <img decoding=\"async\" src=\"https:\/\/www.hydronix.com\/wp-content\/uploads\/2022\/09\/Log-300x169.jpg\">\n            <div class=\"mb-2 fw-bold\">Hydro-Com<\/div>\n            <div class=\"mb-2 product__subtitle\">Software para configura\u00e7\u00e3o e calibra\u00e7\u00e3o do sensor<\/div>\n            <div class=\"badges\">\n                            <\/div>\n        <\/a>\n    <\/div>\n            <\/div>\n    <\/div>\n<\/section>","protected":false},"excerpt":{"rendered":"<p>A Hydronix desenvolveu software para gerir a calibra\u00e7\u00e3o e a configura\u00e7\u00e3o dos sensores. [&#8230;]<\/p>\n<p><a class=\"btn btn-secondary understrap-read-more-link\" href=\"https:\/\/www.hydronix.com\/pt-pt\/gestao\/\">Continuar a ler&#8230;<span class=\"screen-reader-text\"> from Gest\u00e3o<\/span><\/a><\/p>\n","protected":false},"author":1,"featured_media":0,"parent":0,"menu_order":97,"comment_status":"closed","ping_status":"closed","template":"","meta":{"_acf_changed":false,"content-type":"","inline_featured_image":false,"footnotes":""},"industries":[],"process":[],"class_list":["post-29800","page","type-page","status-publish","hentry"],"acf":[],"yoast_head":"<!-- This site is optimized with the Yoast SEO plugin v27.1.1 - https:\/\/yoast.com\/product\/yoast-seo-wordpress\/ -->\n<title>Gest\u00e3o - Hydronix<\/title>\n<meta name=\"description\" content=\"Efetue a gest\u00e3o da calibra\u00e7\u00e3o e da configura\u00e7\u00e3o dos seus sensores Hydronix com as nossas solu\u00e7\u00f5es de software de gest\u00e3o de sensores.\" \/>\n<meta name=\"robots\" content=\"index, follow, max-snippet:-1, max-image-preview:large, max-video-preview:-1\" \/>\n<link rel=\"canonical\" href=\"https:\/\/www.hydronix.com\/pt-pt\/gestao\/\" \/>\n<meta property=\"og:locale\" content=\"pt_PT\" \/>\n<meta property=\"og:type\" content=\"article\" \/>\n<meta property=\"og:title\" content=\"Gest\u00e3o - Hydronix\" \/>\n<meta property=\"og:description\" content=\"Efetue a gest\u00e3o da calibra\u00e7\u00e3o e da configura\u00e7\u00e3o dos seus sensores Hydronix com as nossas solu\u00e7\u00f5es de software de gest\u00e3o de sensores.\" \/>\n<meta property=\"og:url\" content=\"https:\/\/www.hydronix.com\/pt-pt\/gestao\/\" \/>\n<meta property=\"og:site_name\" content=\"Hydronix\" \/>\n<meta property=\"article:modified_time\" content=\"2023-11-16T10:19:20+00:00\" \/>\n<meta name=\"twitter:card\" content=\"summary_large_image\" \/>\n<meta name=\"twitter:label1\" content=\"Tempo estimado de leitura\" \/>\n\t<meta name=\"twitter:data1\" content=\"1 minuto\" \/>\n<script type=\"application\/ld+json\" class=\"yoast-schema-graph\">{\"@context\":\"https:\/\/schema.org\",\"@graph\":[{\"@type\":\"WebPage\",\"@id\":\"https:\/\/www.hydronix.com\/pt-pt\/gestao\/\",\"url\":\"https:\/\/www.hydronix.com\/pt-pt\/gestao\/\",\"name\":\"Gest\u00e3o - Hydronix\",\"isPartOf\":{\"@id\":\"https:\/\/www.hydronix.com\/pt-pt\/#website\"},\"datePublished\":\"2022-09-12T14:43:54+00:00\",\"dateModified\":\"2023-11-16T10:19:20+00:00\",\"description\":\"Efetue a gest\u00e3o da calibra\u00e7\u00e3o e da configura\u00e7\u00e3o dos seus sensores Hydronix com as nossas solu\u00e7\u00f5es de software de gest\u00e3o de sensores.\",\"breadcrumb\":{\"@id\":\"https:\/\/www.hydronix.com\/pt-pt\/gestao\/#breadcrumb\"},\"inLanguage\":\"pt-PT\",\"potentialAction\":[{\"@type\":\"ReadAction\",\"target\":[\"https:\/\/www.hydronix.com\/pt-pt\/gestao\/\"]}]},{\"@type\":\"BreadcrumbList\",\"@id\":\"https:\/\/www.hydronix.com\/pt-pt\/gestao\/#breadcrumb\",\"itemListElement\":[{\"@type\":\"ListItem\",\"position\":1,\"name\":\"Home\",\"item\":\"https:\/\/www.hydronix.com\/pt-pt\/\"},{\"@type\":\"ListItem\",\"position\":2,\"name\":\"Gest\u00e3o\"}]},{\"@type\":\"WebSite\",\"@id\":\"https:\/\/www.hydronix.com\/pt-pt\/#website\",\"url\":\"https:\/\/www.hydronix.com\/pt-pt\/\",\"name\":\"Hydronix\",\"description\":\"Your partner in moisture measurement\",\"potentialAction\":[{\"@type\":\"SearchAction\",\"target\":{\"@type\":\"EntryPoint\",\"urlTemplate\":\"https:\/\/www.hydronix.com\/pt-pt\/?s={search_term_string}\"},\"query-input\":{\"@type\":\"PropertyValueSpecification\",\"valueRequired\":true,\"valueName\":\"search_term_string\"}}],\"inLanguage\":\"pt-PT\"}]}<\/script>\n<!-- \/ Yoast SEO plugin. -->","yoast_head_json":{"title":"Gest\u00e3o - Hydronix","description":"Efetue a gest\u00e3o da calibra\u00e7\u00e3o e da configura\u00e7\u00e3o dos seus sensores Hydronix com as nossas solu\u00e7\u00f5es de software de gest\u00e3o de sensores.","robots":{"index":"index","follow":"follow","max-snippet":"max-snippet:-1","max-image-preview":"max-image-preview:large","max-video-preview":"max-video-preview:-1"},"canonical":"https:\/\/www.hydronix.com\/pt-pt\/gestao\/","og_locale":"pt_PT","og_type":"article","og_title":"Gest\u00e3o - Hydronix","og_description":"Efetue a gest\u00e3o da calibra\u00e7\u00e3o e da configura\u00e7\u00e3o dos seus sensores Hydronix com as nossas solu\u00e7\u00f5es de software de gest\u00e3o de sensores.","og_url":"https:\/\/www.hydronix.com\/pt-pt\/gestao\/","og_site_name":"Hydronix","article_modified_time":"2023-11-16T10:19:20+00:00","twitter_card":"summary_large_image","twitter_misc":{"Tempo estimado de leitura":"1 minuto"},"schema":{"@context":"https:\/\/schema.org","@graph":[{"@type":"WebPage","@id":"https:\/\/www.hydronix.com\/pt-pt\/gestao\/","url":"https:\/\/www.hydronix.com\/pt-pt\/gestao\/","name":"Gest\u00e3o - Hydronix","isPartOf":{"@id":"https:\/\/www.hydronix.com\/pt-pt\/#website"},"datePublished":"2022-09-12T14:43:54+00:00","dateModified":"2023-11-16T10:19:20+00:00","description":"Efetue a gest\u00e3o da calibra\u00e7\u00e3o e da configura\u00e7\u00e3o dos seus sensores Hydronix com as nossas solu\u00e7\u00f5es de software de gest\u00e3o de sensores.","breadcrumb":{"@id":"https:\/\/www.hydronix.com\/pt-pt\/gestao\/#breadcrumb"},"inLanguage":"pt-PT","potentialAction":[{"@type":"ReadAction","target":["https:\/\/www.hydronix.com\/pt-pt\/gestao\/"]}]},{"@type":"BreadcrumbList","@id":"https:\/\/www.hydronix.com\/pt-pt\/gestao\/#breadcrumb","itemListElement":[{"@type":"ListItem","position":1,"name":"Home","item":"https:\/\/www.hydronix.com\/pt-pt\/"},{"@type":"ListItem","position":2,"name":"Gest\u00e3o"}]},{"@type":"WebSite","@id":"https:\/\/www.hydronix.com\/pt-pt\/#website","url":"https:\/\/www.hydronix.com\/pt-pt\/","name":"Hydronix","description":"Your partner in moisture measurement","potentialAction":[{"@type":"SearchAction","target":{"@type":"EntryPoint","urlTemplate":"https:\/\/www.hydronix.com\/pt-pt\/?s={search_term_string}"},"query-input":{"@type":"PropertyValueSpecification","valueRequired":true,"valueName":"search_term_string"}}],"inLanguage":"pt-PT"}]}},"_links":{"self":[{"href":"https:\/\/www.hydronix.com\/pt-pt\/wp-json\/wp\/v2\/pages\/29800","targetHints":{"allow":["GET"]}}],"collection":[{"href":"https:\/\/www.hydronix.com\/pt-pt\/wp-json\/wp\/v2\/pages"}],"about":[{"href":"https:\/\/www.hydronix.com\/pt-pt\/wp-json\/wp\/v2\/types\/page"}],"author":[{"embeddable":true,"href":"https:\/\/www.hydronix.com\/pt-pt\/wp-json\/wp\/v2\/users\/1"}],"replies":[{"embeddable":true,"href":"https:\/\/www.hydronix.com\/pt-pt\/wp-json\/wp\/v2\/comments?post=29800"}],"version-history":[{"count":0,"href":"https:\/\/www.hydronix.com\/pt-pt\/wp-json\/wp\/v2\/pages\/29800\/revisions"}],"wp:attachment":[{"href":"https:\/\/www.hydronix.com\/pt-pt\/wp-json\/wp\/v2\/media?parent=29800"}],"wp:term":[{"taxonomy":"industries","embeddable":true,"href":"https:\/\/www.hydronix.com\/pt-pt\/wp-json\/wp\/v2\/industries?post=29800"},{"taxonomy":"process","embeddable":true,"href":"https:\/\/www.hydronix.com\/pt-pt\/wp-json\/wp\/v2\/process?post=29800"}],"curies":[{"name":"wp","href":"https:\/\/api.w.org\/{rel}","templated":true}]}}