{"id":29776,"date":"2022-09-12T14:36:22","date_gmt":"2022-09-12T14:36:22","guid":{"rendered":"https:\/\/hydronix.chilliservers.co.uk\/controlo\/"},"modified":"2023-11-16T10:26:28","modified_gmt":"2023-11-16T10:26:28","slug":"controlo","status":"publish","type":"page","link":"https:\/\/www.hydronix.com\/pt-pt\/controlo\/","title":{"rendered":"Controlo"},"content":{"rendered":"<!-- icon_hero -->\n<section class=\"application_hero d-flex py-5\" style=\"background-image:url(https:\/\/www.hydronix.com\/wp-content\/uploads\/2022\/09\/hero-product-water-abstract.jpg)\">\n    <div class=\"overlay\"><\/div>\n    <div class=\"container my-auto\">\n        <div class=\"row\">\n            <div class=\"col-lg-2\"><img decoding=\"async\" src=\"https:\/\/www.hydronix.com\/wp-content\/themes\/cb-hydronix\/img\/icons\/icon__control--wo.svg\" class=\"w-50 w-lg-100\"><\/div>\n            <div class=\"col-lg-10 d-flex hero__content\"><h1 class=\"my-auto text-white\">Controlo<\/h1><\/div>\n        <\/div>\n    <\/div>\n<\/section>\n<section class=\"sub_page_title py-1 mb-4\">\n    <div class=\"container-xl\">\n        <p id=\"breadcrumbs\"><span><span><a href=\"https:\/\/www.hydronix.com\/pt-pt\/\">Home<\/a><\/span><\/span><\/p>    <\/div>\n<\/section>\n\n\n    <div class=\"container-xl\">\n\t\t\n<p>A Hydronix desenvolveu o Hydro-Control, uma unidade de controlo de \u00e1gua precisa e de utiliza\u00e7\u00e3o simples destinada a utiliza\u00e7\u00e3o com os sensores Hydro-Mix ou Hydro-Probe Orbiter na mistura de bet\u00e3o.<\/p>\n    <\/div>\n    \n\n<!-- products -->\n<section class=\"prod_by_app product pb-5\">\n    <div class=\"container-xl\">\n        <h2>Produtos<\/h2>\n        <div class=\"row g-3\">\n\n    <div class=\"col-sm-6 col-lg-3\">\n        <a class=\"product__card\" href=\"https:\/\/www.hydronix.com\/pt-pt\/products\/hydro-control\/\">\n            <img decoding=\"async\" src=\"https:\/\/www.hydronix.com\/wp-content\/uploads\/2022\/09\/HC07screenshot-300x216.png\">\n            <div class=\"mb-2 fw-bold\">Hydro-Control<\/div>\n            <div class=\"mb-2 product__subtitle\">Controlador de \u00e1gua<\/div>\n            <div class=\"badges\">\n                            <\/div>\n        <\/a>\n    <\/div>\n            <\/div>\n    <\/div>\n<\/section>","protected":false},"excerpt":{"rendered":"<p>A Hydronix desenvolveu o Hydro-Control, uma unidade de controlo de \u00e1gua precisa e de utiliza\u00e7\u00e3o simples destinada a utiliza\u00e7\u00e3o com os sensores Hydro-Mix ou Hydro-Probe Orbiter na mistura de bet\u00e3o. [&#8230;]<\/p>\n<p><a class=\"btn btn-secondary understrap-read-more-link\" href=\"https:\/\/www.hydronix.com\/pt-pt\/controlo\/\">Continuar a ler&#8230;<span class=\"screen-reader-text\"> from Controlo<\/span><\/a><\/p>\n","protected":false},"author":1,"featured_media":0,"parent":0,"menu_order":119,"comment_status":"closed","ping_status":"closed","template":"","meta":{"_acf_changed":false,"content-type":"","inline_featured_image":false,"footnotes":""},"industries":[],"process":[],"class_list":["post-29776","page","type-page","status-publish","hentry"],"acf":[],"yoast_head":"<!-- This site is optimized with the Yoast SEO plugin v27.1.1 - https:\/\/yoast.com\/product\/yoast-seo-wordpress\/ -->\n<title>Controlo - Hydronix<\/title>\n<meta name=\"description\" content=\"O Hydro-Control \u00e9 uma unidade de controlo de \u00e1gua precisa e de utiliza\u00e7\u00e3o simples destinada aos sensores Hydro-Mix ou Hydro-Probe Orbiter na mistura de bet\u00e3o.\" \/>\n<meta name=\"robots\" content=\"index, follow, max-snippet:-1, max-image-preview:large, max-video-preview:-1\" \/>\n<link rel=\"canonical\" href=\"https:\/\/www.hydronix.com\/pt-pt\/controlo\/\" \/>\n<meta property=\"og:locale\" content=\"pt_PT\" \/>\n<meta property=\"og:type\" content=\"article\" \/>\n<meta property=\"og:title\" content=\"Controlo - Hydronix\" \/>\n<meta property=\"og:description\" content=\"O Hydro-Control \u00e9 uma unidade de controlo de \u00e1gua precisa e de utiliza\u00e7\u00e3o simples destinada aos sensores Hydro-Mix ou Hydro-Probe Orbiter na mistura de bet\u00e3o.\" \/>\n<meta property=\"og:url\" content=\"https:\/\/www.hydronix.com\/pt-pt\/controlo\/\" \/>\n<meta property=\"og:site_name\" content=\"Hydronix\" \/>\n<meta property=\"article:modified_time\" content=\"2023-11-16T10:26:28+00:00\" \/>\n<meta name=\"twitter:card\" content=\"summary_large_image\" \/>\n<meta name=\"twitter:label1\" content=\"Tempo estimado de leitura\" \/>\n\t<meta name=\"twitter:data1\" content=\"1 minuto\" \/>\n<script type=\"application\/ld+json\" class=\"yoast-schema-graph\">{\"@context\":\"https:\/\/schema.org\",\"@graph\":[{\"@type\":\"WebPage\",\"@id\":\"https:\/\/www.hydronix.com\/pt-pt\/controlo\/\",\"url\":\"https:\/\/www.hydronix.com\/pt-pt\/controlo\/\",\"name\":\"Controlo - Hydronix\",\"isPartOf\":{\"@id\":\"https:\/\/www.hydronix.com\/pt-pt\/#website\"},\"datePublished\":\"2022-09-12T14:36:22+00:00\",\"dateModified\":\"2023-11-16T10:26:28+00:00\",\"description\":\"O Hydro-Control \u00e9 uma unidade de controlo de \u00e1gua precisa e de utiliza\u00e7\u00e3o simples destinada aos sensores Hydro-Mix ou Hydro-Probe Orbiter na mistura de bet\u00e3o.\",\"breadcrumb\":{\"@id\":\"https:\/\/www.hydronix.com\/pt-pt\/controlo\/#breadcrumb\"},\"inLanguage\":\"pt-PT\",\"potentialAction\":[{\"@type\":\"ReadAction\",\"target\":[\"https:\/\/www.hydronix.com\/pt-pt\/controlo\/\"]}]},{\"@type\":\"BreadcrumbList\",\"@id\":\"https:\/\/www.hydronix.com\/pt-pt\/controlo\/#breadcrumb\",\"itemListElement\":[{\"@type\":\"ListItem\",\"position\":1,\"name\":\"Home\",\"item\":\"https:\/\/www.hydronix.com\/pt-pt\/\"},{\"@type\":\"ListItem\",\"position\":2,\"name\":\"Controlo\"}]},{\"@type\":\"WebSite\",\"@id\":\"https:\/\/www.hydronix.com\/pt-pt\/#website\",\"url\":\"https:\/\/www.hydronix.com\/pt-pt\/\",\"name\":\"Hydronix\",\"description\":\"Your partner in moisture measurement\",\"potentialAction\":[{\"@type\":\"SearchAction\",\"target\":{\"@type\":\"EntryPoint\",\"urlTemplate\":\"https:\/\/www.hydronix.com\/pt-pt\/?s={search_term_string}\"},\"query-input\":{\"@type\":\"PropertyValueSpecification\",\"valueRequired\":true,\"valueName\":\"search_term_string\"}}],\"inLanguage\":\"pt-PT\"}]}<\/script>\n<!-- \/ Yoast SEO plugin. -->","yoast_head_json":{"title":"Controlo - Hydronix","description":"O Hydro-Control \u00e9 uma unidade de controlo de \u00e1gua precisa e de utiliza\u00e7\u00e3o simples destinada aos sensores Hydro-Mix ou Hydro-Probe Orbiter na mistura de bet\u00e3o.","robots":{"index":"index","follow":"follow","max-snippet":"max-snippet:-1","max-image-preview":"max-image-preview:large","max-video-preview":"max-video-preview:-1"},"canonical":"https:\/\/www.hydronix.com\/pt-pt\/controlo\/","og_locale":"pt_PT","og_type":"article","og_title":"Controlo - Hydronix","og_description":"O Hydro-Control \u00e9 uma unidade de controlo de \u00e1gua precisa e de utiliza\u00e7\u00e3o simples destinada aos sensores Hydro-Mix ou Hydro-Probe Orbiter na mistura de bet\u00e3o.","og_url":"https:\/\/www.hydronix.com\/pt-pt\/controlo\/","og_site_name":"Hydronix","article_modified_time":"2023-11-16T10:26:28+00:00","twitter_card":"summary_large_image","twitter_misc":{"Tempo estimado de leitura":"1 minuto"},"schema":{"@context":"https:\/\/schema.org","@graph":[{"@type":"WebPage","@id":"https:\/\/www.hydronix.com\/pt-pt\/controlo\/","url":"https:\/\/www.hydronix.com\/pt-pt\/controlo\/","name":"Controlo - Hydronix","isPartOf":{"@id":"https:\/\/www.hydronix.com\/pt-pt\/#website"},"datePublished":"2022-09-12T14:36:22+00:00","dateModified":"2023-11-16T10:26:28+00:00","description":"O Hydro-Control \u00e9 uma unidade de controlo de \u00e1gua precisa e de utiliza\u00e7\u00e3o simples destinada aos sensores Hydro-Mix ou Hydro-Probe Orbiter na mistura de bet\u00e3o.","breadcrumb":{"@id":"https:\/\/www.hydronix.com\/pt-pt\/controlo\/#breadcrumb"},"inLanguage":"pt-PT","potentialAction":[{"@type":"ReadAction","target":["https:\/\/www.hydronix.com\/pt-pt\/controlo\/"]}]},{"@type":"BreadcrumbList","@id":"https:\/\/www.hydronix.com\/pt-pt\/controlo\/#breadcrumb","itemListElement":[{"@type":"ListItem","position":1,"name":"Home","item":"https:\/\/www.hydronix.com\/pt-pt\/"},{"@type":"ListItem","position":2,"name":"Controlo"}]},{"@type":"WebSite","@id":"https:\/\/www.hydronix.com\/pt-pt\/#website","url":"https:\/\/www.hydronix.com\/pt-pt\/","name":"Hydronix","description":"Your partner in moisture measurement","potentialAction":[{"@type":"SearchAction","target":{"@type":"EntryPoint","urlTemplate":"https:\/\/www.hydronix.com\/pt-pt\/?s={search_term_string}"},"query-input":{"@type":"PropertyValueSpecification","valueRequired":true,"valueName":"search_term_string"}}],"inLanguage":"pt-PT"}]}},"_links":{"self":[{"href":"https:\/\/www.hydronix.com\/pt-pt\/wp-json\/wp\/v2\/pages\/29776","targetHints":{"allow":["GET"]}}],"collection":[{"href":"https:\/\/www.hydronix.com\/pt-pt\/wp-json\/wp\/v2\/pages"}],"about":[{"href":"https:\/\/www.hydronix.com\/pt-pt\/wp-json\/wp\/v2\/types\/page"}],"author":[{"embeddable":true,"href":"https:\/\/www.hydronix.com\/pt-pt\/wp-json\/wp\/v2\/users\/1"}],"replies":[{"embeddable":true,"href":"https:\/\/www.hydronix.com\/pt-pt\/wp-json\/wp\/v2\/comments?post=29776"}],"version-history":[{"count":0,"href":"https:\/\/www.hydronix.com\/pt-pt\/wp-json\/wp\/v2\/pages\/29776\/revisions"}],"wp:attachment":[{"href":"https:\/\/www.hydronix.com\/pt-pt\/wp-json\/wp\/v2\/media?parent=29776"}],"wp:term":[{"taxonomy":"industries","embeddable":true,"href":"https:\/\/www.hydronix.com\/pt-pt\/wp-json\/wp\/v2\/industries?post=29776"},{"taxonomy":"process","embeddable":true,"href":"https:\/\/www.hydronix.com\/pt-pt\/wp-json\/wp\/v2\/process?post=29776"}],"curies":[{"name":"wp","href":"https:\/\/api.w.org\/{rel}","templated":true}]}}