{"id":29766,"date":"2022-09-12T13:57:02","date_gmt":"2022-09-12T13:57:02","guid":{"rendered":"https:\/\/hydronix.chilliservers.co.uk\/medicao\/betao-e-construcao\/"},"modified":"2024-09-10T12:10:20","modified_gmt":"2024-09-10T12:10:20","slug":"betao-e-construcao","status":"publish","type":"page","link":"https:\/\/www.hydronix.com\/pt-pt\/medicao\/betao-e-construcao\/","title":{"rendered":"Bet\u00e3o e constru\u00e7\u00e3o"},"content":{"rendered":"<!-- icon_hero -->\n<section class=\"application_hero d-flex py-5\" style=\"background-image:url(https:\/\/www.hydronix.com\/wp-content\/uploads\/2022\/09\/application-bg-concrete.jpg)\">\n    <div class=\"overlay\"><\/div>\n    <div class=\"container my-auto\">\n        <div class=\"row\">\n            <div class=\"col-lg-2\"><img decoding=\"async\" src=\"https:\/\/www.hydronix.com\/wp-content\/themes\/cb-hydronix\/img\/icons\/icon__concrete-construction--wo.svg\" class=\"w-50 w-lg-100\"><\/div>\n            <div class=\"col-lg-10 d-flex hero__content\"><h1 class=\"my-auto text-white\">Bet\u00e3o e constru\u00e7\u00e3o<\/h1><\/div>\n        <\/div>\n    <\/div>\n<\/section>\n<section class=\"sub_page_title py-1 mb-4\">\n    <div class=\"container-xl\">\n        <p id=\"breadcrumbs\"><span><span><a href=\"https:\/\/www.hydronix.com\/pt-pt\/\">Home<\/a><\/span><\/span><\/p>    <\/div>\n<\/section>\n\n\n    <div class=\"container-xl\">\n\t\t\n<p>Estes sensores Hydronix foram originalmente concebidos para a medi\u00e7\u00e3o de humidade na produ\u00e7\u00e3o de bet\u00e3o e s\u00e3o fabricados para resistir ao exigente ambiente dos agregados de fluxo e \u00e0 turbul\u00eancia de um misturador de bet\u00e3o. Os fabricantes t\u00eam de produzir lotes de bet\u00e3o de alta qualidade de acordo com especifica\u00e7\u00f5es rigorosas, mantendo tamb\u00e9m os custos num valor m\u00ednimo.<\/p>\n    <\/div>\n    \n\n<!-- text_video -->\n<section class=\"text_video  py-5\">\n    <div class=\"container-xl\">\n        <div class=\"row\">\n            <div class=\"col-lg-5 text_video__content order-1 order-lg-1 mb-4 mb-lg-0 pt-5 py-md-5\">\n                <h2>Vis\u00e3o geral do produto<\/h2><div class=\"fs-4 mb-4\">CONTROLO DA HUMIDADE NA DOSAGEM DE BET\u00c3O<\/div>                <div class=\"content mb-4\"><p>Este v\u00eddeo fornece uma vis\u00e3o geral da gama de produtos Hydronix especificamente concebida para a ind\u00fastria do bet\u00e3o e da constru\u00e7\u00e3o.<\/p>\n<\/div>\n                            <\/div>\n            <div class=\"col-lg-7 mb-4 mb-lg-0 d-flex order-2 order-lg-2\">\n                <div class=\"video__container w-100 my-auto\" style=\"background-color:#1a1a1a\">\n                                        <div class=\"ratio ratio-16x9 mx-auto\">\n                                                <iframe src=\"https:\/\/player.vimeo.com\/video\/998723740?byline=0&#038;portrait=0\" allow=\"autoplay; fullscreen; picture-in-picture\" webkitallowfullscreen mozallowfullscreen allowfullscreen><\/iframe>\n                                                <\/div>\n                    <!-- <lite-vimeo videoid=\"998723740\" style=\"background-image:url('');\"><\/lite-vimeo> -->\n                <\/div>\n            <\/div>\n        <\/div>\n    <\/div>\n<\/section>\n<!-- <script type=module src=\"https:\/\/cdn.jsdelivr.net\/npm\/@slightlyoff\/lite-vimeo@0.1.1\/lite-vimeo.js\"><\/script> -->\n\n<!-- products -->\n<section class=\"prod_by_app product pb-5\">\n    <div class=\"container-xl\">\n        <h2>Produtos<\/h2>\n        <div class=\"row g-3\">\n\n    <div class=\"col-sm-6 col-lg-3\">\n        <a class=\"product__card\" href=\"https:\/\/www.hydronix.com\/pt-pt\/products\/hydro-probe\/\">\n            <img decoding=\"async\" src=\"https:\/\/www.hydronix.com\/wp-content\/uploads\/2022\/09\/Hydro-Probe-300x169.png\">\n            <div class=\"mb-2 fw-bold\">Hydro-Probe<\/div>\n            <div class=\"mb-2 product__subtitle\">Sensor de humidade: para dep\u00f3sitos, calhas de escoamento<\/div>\n            <div class=\"badges\">\n                            <\/div>\n        <\/a>\n    <\/div>\n        <div class=\"col-sm-6 col-lg-3\">\n        <a class=\"product__card\" href=\"https:\/\/www.hydronix.com\/pt-pt\/products\/hydro-mix\/\">\n            <img decoding=\"async\" src=\"https:\/\/www.hydronix.com\/wp-content\/uploads\/2022\/10\/hm08-hero-300x169.png\">\n            <div class=\"mb-2 fw-bold\">Hydro-Mix<\/div>\n            <div class=\"mb-2 product__subtitle\">Sensor de humidade: montar \u00e0 face para misturadores e transportadores<\/div>\n            <div class=\"badges\">\n                            <\/div>\n        <\/a>\n    <\/div>\n        <div class=\"col-sm-6 col-lg-3\">\n        <a class=\"product__card\" href=\"https:\/\/www.hydronix.com\/pt-pt\/products\/hydro-probe-orbiter\/\">\n            <img decoding=\"async\" src=\"https:\/\/www.hydronix.com\/wp-content\/uploads\/2022\/11\/orb3-flat-front-300x169.png\">\n            <div class=\"mb-2 fw-bold\">Hydro-Probe Orbiter<\/div>\n            <div class=\"mb-2 product__subtitle\">Sensor de humidade: para misturadores de tina girat\u00f3ria<\/div>\n            <div class=\"badges\">\n                                        <div class=\"badge badge--high-temp\"><\/div>\n                                    <\/div>\n        <\/a>\n    <\/div>\n        <div class=\"col-sm-6 col-lg-3\">\n        <a class=\"product__card\" href=\"https:\/\/www.hydronix.com\/pt-pt\/products\/thermo-tuff\/\">\n            <img decoding=\"async\" src=\"https:\/\/www.hydronix.com\/wp-content\/uploads\/2022\/11\/tt01-persp-300x169.png\">\n            <div class=\"mb-2 fw-bold\">Thermo-Tuff<\/div>\n            <div class=\"mb-2 product__subtitle\">Sensor de temperatura: alta velocidade e robustez para dep\u00f3sitos e misturadores<\/div>\n            <div class=\"badges\">\n                                        <div class=\"badge badge--high-temp\"><\/div>\n                                    <\/div>\n        <\/a>\n    <\/div>\n        <div class=\"col-sm-6 col-lg-3\">\n        <a class=\"product__card\" href=\"https:\/\/www.hydronix.com\/pt-pt\/products\/hydro-control\/\">\n            <img decoding=\"async\" src=\"https:\/\/www.hydronix.com\/wp-content\/uploads\/2022\/09\/HC07screenshot-300x216.png\">\n            <div class=\"mb-2 fw-bold\">Hydro-Control<\/div>\n            <div class=\"mb-2 product__subtitle\">Controlador de \u00e1gua<\/div>\n            <div class=\"badges\">\n                            <\/div>\n        <\/a>\n    <\/div>\n        <div class=\"col-sm-6 col-lg-3\">\n        <a class=\"product__card\" href=\"https:\/\/www.hydronix.com\/pt-pt\/products\/hydro-hub\/\">\n            <img decoding=\"async\" src=\"https:\/\/www.hydronix.com\/wp-content\/uploads\/2022\/09\/HH01-300x169.png\">\n            <div class=\"mb-2 fw-bold\">Hydro-Hub<\/div>\n            <div class=\"mb-2 product__subtitle\">Ligar facilmente sensores Hydronix a redes fieldbus e de escrit\u00f3rio<\/div>\n            <div class=\"badges\">\n                            <\/div>\n        <\/a>\n    <\/div>\n        <div class=\"col-sm-6 col-lg-3\">\n        <a class=\"product__card\" href=\"https:\/\/www.hydronix.com\/pt-pt\/products\/hydro-view\/\">\n            <img decoding=\"async\" src=\"https:\/\/www.hydronix.com\/wp-content\/uploads\/2023\/10\/HV05-screenshot-smaller-300x265.png\">\n            <div class=\"mb-2 fw-bold\">Hydro-View<\/div>\n            <div class=\"mb-2 product__subtitle\">Sistema de ecr\u00e3 t\u00e1til para ver dados e gerir sensores Hydronix<\/div>\n            <div class=\"badges\">\n                            <\/div>\n        <\/a>\n    <\/div>\n            <\/div>\n    <\/div>\n<\/section>\n\n<section class=\"aggregate-plant pt-4 pb-5\">\n    <div class=\"container-xl\">\n        <h2>Pontos de instala\u00e7\u00e3o<\/h2>\n        <div class=\"row\">\n            <div class=\"col-md-8 mb-4\">\n                <img decoding=\"async\" src=\"https:\/\/www.hydronix.com\/wp-content\/themes\/cb-hydronix\/img\/plant\/aggregate-plant--dots.png\" alt=\"aggregate plant\" class=\"sc-map img-fluid\" usemap=\"#imageMap\">\n            <\/div>\n            <div class=\"col-md-4\">\n                <div class=\"plant\" id=\"plantInfo\">\n                    <div id=\"intro\" class=\"plant__card\">\n                        Explore o diagrama ao lado para ver onde os sensores Hydronix podem ser instalados.                    <\/div>\n                    <div id=\"hopperContent\" class=\"plant__card\" style=\"display:none\">\n                                                <h3 class=\"plant__title\">Dep\u00f3sito\/Silo\/Tremonha<\/h3>\n                        <div class=\"row g-2\">\n                            <div class=\"col-md-4 order-1 order-md-2 text-center\">\n                                <img decoding=\"async\" src=\"https:\/\/www.hydronix.com\/wp-content\/uploads\/2022\/12\/Hopper-272x300.png\">\n                            <\/div>\n                            <div class=\"col-md-8 order-2 order-md-1\">\n                                <ul>\n                                <li>Abertura do dep\u00f3sito<\/li><li>Sob o dep\u00f3sito<\/li><li>Interior do dep\u00f3sito<\/li>                                <\/ul>\n                            <\/div>\n                        <\/div>\n                        <ul>\n                            <li><a href=\"https:\/\/www.hydronix.com\/pt-pt\/products\/hydro-probe\/\">Hydro-Probe<\/a><\/li><li><a href=\"https:\/\/www.hydronix.com\/pt-pt\/products\/thermo-tuff\/\">Thermo-Tuff<\/a><\/li>                        <\/ul>\n                    <\/div>\n                    <div id=\"conveyorContent\" class=\"plant__card\" style=\"display:none\">\n                                                <h3 class=\"plant__title\">Correia transportadora<\/h3>\n                        <div class=\"row g-2\">\n                            <div class=\"col-md-4 order-1 order-md-2 text-center\">\n                                <img decoding=\"async\" src=\"https:\/\/www.hydronix.com\/wp-content\/uploads\/2022\/09\/conveyor-flat-300x195.png\">\n                            <\/div>\n                            <div class=\"col-md-8 order-2 order-md-1\">\n                                <ul>\n                                <li>Montado por cima do transportador<\/li>                                <\/ul>\n                            <\/div>\n                        <\/div>\n                        <ul>\n                            <li><a href=\"https:\/\/www.hydronix.com\/pt-pt\/products\/hydro-probe\/\">Hydro-Probe<\/a><\/li><li><a href=\"https:\/\/www.hydronix.com\/pt-pt\/products\/hydro-probe-orbiter\/\">Hydro-Probe Orbiter<\/a><\/li>                        <\/ul>\n                    <\/div>\n                    <div id=\"mixerContent\" class=\"plant__card\" style=\"display:none\">\n                                                <h3 class=\"plant__title\">Misturador<\/h3>\n                        <div class=\"row g-2\">\n                            <div class=\"col-md-4 order-1 order-md-2 text-center\">\n                                <img decoding=\"async\" src=\"https:\/\/www.hydronix.com\/wp-content\/uploads\/2022\/09\/mixer-290x300.png\">\n                            <\/div>\n                            <div class=\"col-md-8 order-2 order-md-1\">\n                                <ul>\n                                <li>Misturadores de veio simples\/duplo<\/li><li>Misturadores de tina est\u00e1tica e misturadores planet\u00e1rio<\/li><li>Misturadores de tina girat\u00f3ria<\/li>                                <\/ul>\n                            <\/div>\n                        <\/div>\n                        <ul>\n                            <li><a href=\"https:\/\/www.hydronix.com\/pt-pt\/products\/hydro-mix\/\">Hydro-Mix<\/a><\/li><li><a href=\"https:\/\/www.hydronix.com\/pt-pt\/products\/hydro-probe-orbiter\/\">Hydro-Probe Orbiter<\/a><\/li><li><a href=\"https:\/\/www.hydronix.com\/pt-pt\/products\/thermo-tuff\/\">Thermo-Tuff<\/a><\/li>                        <\/ul>\n                    <\/div>\n                    <div id=\"controlContent\" class=\"plant__card\" style=\"display:none\">\n                                            <h3 class=\"plant__title\">Sala de controlo<\/h2>\n                        <div class=\"row g-2\">\n                            <div class=\"col-md-4 order-1 order-md-2 text-center\">\n                                <img decoding=\"async\" src=\"https:\/\/www.hydronix.com\/wp-content\/uploads\/2022\/10\/diag-shed-222x300.png\">\n                            <\/div>\n                            <div class=\"col-md-8 order-2 order-md-1\">\n                                <ul>\n                                    <li>Controlo da \u00e1gua<\/li><li>Visualiza\u00e7\u00e3o, configura\u00e7\u00e3o e diagn\u00f3stico dos sensores<\/li><li>Acesso remoto<\/li>                                <\/ul>\n                            <\/div>\n                        <\/div>\n                        <ul>\n                            <li><a href=\"https:\/\/www.hydronix.com\/pt-pt\/products\/hydro-hub\/\">Hydro-Hub<\/a><\/li><li><a href=\"https:\/\/www.hydronix.com\/pt-pt\/products\/hydro-view\/\">Hydro-View<\/a><\/li><li><a href=\"https:\/\/www.hydronix.com\/pt-pt\/products\/hydro-control\/\">Hydro-Control<\/a><\/li>                        <\/ul>\n                    <\/div>\n                <\/div>\n            <\/div>\n        <\/div>\n    <\/div>\n<\/section>\n\n<map name=\"imageMap\">\n    <area data-maphilight='{\"fillColor\":\"ef9829\",\"fillOpacity\":0.6}' id=\"hopper\" alt=\"hopper\" title=\"hopper\" href=\"#\" coords=\"43,388,43,537,279,400,280,317,101,421\" shape=\"poly\">\n    <area data-maphilight='{\"fillColor\":\"ef9829\",\"fillOpacity\":0.6}' id=\"conveyor\" alt=\"conveyor\" title=\"conveyor\" href=\"#\" coords=\"5,561,299,390,313,394,447,221,479,238,326,437,39,600,5,581\" shape=\"poly\">\n    <area data-maphilight='{\"fillColor\":\"ef9829\",\"fillOpacity\":0.6}' id=\"mixer\" alt=\"mixer\" title=\"mixer\" href=\"#\" coords=\"455,222,481,237,461,266,486,280,509,283,527,280,550,273,558,258,558,225,553,217,534,231,508,236,493,235,472,228\" shape=\"poly\">\n    <area data-maphilight='{\"fillColor\":\"ef9829\",\"fillOpacity\":0.6}' id=\"control\" alt=\"control\" title=\"control\" href=\"#\" coords=\"712,257,756,231,796,255,796,319,752,344,713,321\" shape=\"poly\">\n<\/map>\n\n<style>\n    .highlight {\n        background-color: yellow;\n    }\n<\/style>\n","protected":false},"excerpt":{"rendered":"<p>Estes sensores Hydronix foram originalmente concebidos para a medi\u00e7\u00e3o de humidade na produ\u00e7\u00e3o de bet\u00e3o e s\u00e3o fabricados para resistir ao exigente ambiente dos agregados de fluxo e \u00e0 turbul\u00eancia de um misturador de bet\u00e3o. Os fabricantes t\u00eam de produzir lotes de bet\u00e3o de alta qualidade de acordo com especifica\u00e7\u00f5es rigorosas, mantendo tamb\u00e9m os custos [&#8230;]<\/p>\n<p><a class=\"btn btn-secondary understrap-read-more-link\" href=\"https:\/\/www.hydronix.com\/pt-pt\/medicao\/betao-e-construcao\/\">Continuar a ler&#8230;<span class=\"screen-reader-text\"> from Bet\u00e3o e constru\u00e7\u00e3o<\/span><\/a><\/p>\n","protected":false},"author":1,"featured_media":0,"parent":29721,"menu_order":439,"comment_status":"closed","ping_status":"closed","template":"","meta":{"_acf_changed":false,"content-type":"","inline_featured_image":false,"footnotes":""},"industries":[],"process":[],"class_list":["post-29766","page","type-page","status-publish","hentry"],"acf":[],"yoast_head":"<!-- This site is optimized with the Yoast SEO plugin v27.1.1 - https:\/\/yoast.com\/product\/yoast-seo-wordpress\/ -->\n<title>Bet\u00e3o e constru\u00e7\u00e3o - Hydronix<\/title>\n<meta name=\"description\" content=\"Sensores de humidade para a produ\u00e7\u00e3o de bet\u00e3o fabricados para resistir ao exigente ambiente dos agregados de fluxo e \u00e0 turbul\u00eancia de um misturador de bet\u00e3o.\" \/>\n<meta name=\"robots\" content=\"index, follow, max-snippet:-1, max-image-preview:large, max-video-preview:-1\" \/>\n<link rel=\"canonical\" href=\"https:\/\/www.hydronix.com\/pt-pt\/medicao\/betao-e-construcao\/\" \/>\n<meta property=\"og:locale\" content=\"pt_PT\" \/>\n<meta property=\"og:type\" content=\"article\" \/>\n<meta property=\"og:title\" content=\"Bet\u00e3o e constru\u00e7\u00e3o - Hydronix\" \/>\n<meta property=\"og:description\" content=\"Sensores de humidade para a produ\u00e7\u00e3o de bet\u00e3o fabricados para resistir ao exigente ambiente dos agregados de fluxo e \u00e0 turbul\u00eancia de um misturador de bet\u00e3o.\" \/>\n<meta property=\"og:url\" content=\"https:\/\/www.hydronix.com\/pt-pt\/medicao\/betao-e-construcao\/\" \/>\n<meta property=\"og:site_name\" content=\"Hydronix\" \/>\n<meta property=\"article:modified_time\" content=\"2024-09-10T12:10:20+00:00\" \/>\n<meta name=\"twitter:card\" content=\"summary_large_image\" \/>\n<meta name=\"twitter:label1\" content=\"Tempo estimado de leitura\" \/>\n\t<meta name=\"twitter:data1\" content=\"1 minuto\" \/>\n<script type=\"application\/ld+json\" class=\"yoast-schema-graph\">{\"@context\":\"https:\/\/schema.org\",\"@graph\":[{\"@type\":\"WebPage\",\"@id\":\"https:\/\/www.hydronix.com\/pt-pt\/medicao\/betao-e-construcao\/\",\"url\":\"https:\/\/www.hydronix.com\/pt-pt\/medicao\/betao-e-construcao\/\",\"name\":\"Bet\u00e3o e constru\u00e7\u00e3o - Hydronix\",\"isPartOf\":{\"@id\":\"https:\/\/www.hydronix.com\/pt-pt\/#website\"},\"datePublished\":\"2022-09-12T13:57:02+00:00\",\"dateModified\":\"2024-09-10T12:10:20+00:00\",\"description\":\"Sensores de humidade para a produ\u00e7\u00e3o de bet\u00e3o fabricados para resistir ao exigente ambiente dos agregados de fluxo e \u00e0 turbul\u00eancia de um misturador de bet\u00e3o.\",\"breadcrumb\":{\"@id\":\"https:\/\/www.hydronix.com\/pt-pt\/medicao\/betao-e-construcao\/#breadcrumb\"},\"inLanguage\":\"pt-PT\",\"potentialAction\":[{\"@type\":\"ReadAction\",\"target\":[\"https:\/\/www.hydronix.com\/pt-pt\/medicao\/betao-e-construcao\/\"]}]},{\"@type\":\"BreadcrumbList\",\"@id\":\"https:\/\/www.hydronix.com\/pt-pt\/medicao\/betao-e-construcao\/#breadcrumb\",\"itemListElement\":[{\"@type\":\"ListItem\",\"position\":1,\"name\":\"Home\",\"item\":\"https:\/\/www.hydronix.com\/pt-pt\/\"},{\"@type\":\"ListItem\",\"position\":2,\"name\":\"Medi\u00e7\u00e3o\",\"item\":\"https:\/\/www.hydronix.com\/pt-pt\/medicao\/\"},{\"@type\":\"ListItem\",\"position\":3,\"name\":\"Bet\u00e3o e constru\u00e7\u00e3o\"}]},{\"@type\":\"WebSite\",\"@id\":\"https:\/\/www.hydronix.com\/pt-pt\/#website\",\"url\":\"https:\/\/www.hydronix.com\/pt-pt\/\",\"name\":\"Hydronix\",\"description\":\"Your partner in moisture measurement\",\"potentialAction\":[{\"@type\":\"SearchAction\",\"target\":{\"@type\":\"EntryPoint\",\"urlTemplate\":\"https:\/\/www.hydronix.com\/pt-pt\/?s={search_term_string}\"},\"query-input\":{\"@type\":\"PropertyValueSpecification\",\"valueRequired\":true,\"valueName\":\"search_term_string\"}}],\"inLanguage\":\"pt-PT\"}]}<\/script>\n<!-- \/ Yoast SEO plugin. -->","yoast_head_json":{"title":"Bet\u00e3o e constru\u00e7\u00e3o - Hydronix","description":"Sensores de humidade para a produ\u00e7\u00e3o de bet\u00e3o fabricados para resistir ao exigente ambiente dos agregados de fluxo e \u00e0 turbul\u00eancia de um misturador de bet\u00e3o.","robots":{"index":"index","follow":"follow","max-snippet":"max-snippet:-1","max-image-preview":"max-image-preview:large","max-video-preview":"max-video-preview:-1"},"canonical":"https:\/\/www.hydronix.com\/pt-pt\/medicao\/betao-e-construcao\/","og_locale":"pt_PT","og_type":"article","og_title":"Bet\u00e3o e constru\u00e7\u00e3o - Hydronix","og_description":"Sensores de humidade para a produ\u00e7\u00e3o de bet\u00e3o fabricados para resistir ao exigente ambiente dos agregados de fluxo e \u00e0 turbul\u00eancia de um misturador de bet\u00e3o.","og_url":"https:\/\/www.hydronix.com\/pt-pt\/medicao\/betao-e-construcao\/","og_site_name":"Hydronix","article_modified_time":"2024-09-10T12:10:20+00:00","twitter_card":"summary_large_image","twitter_misc":{"Tempo estimado de leitura":"1 minuto"},"schema":{"@context":"https:\/\/schema.org","@graph":[{"@type":"WebPage","@id":"https:\/\/www.hydronix.com\/pt-pt\/medicao\/betao-e-construcao\/","url":"https:\/\/www.hydronix.com\/pt-pt\/medicao\/betao-e-construcao\/","name":"Bet\u00e3o e constru\u00e7\u00e3o - Hydronix","isPartOf":{"@id":"https:\/\/www.hydronix.com\/pt-pt\/#website"},"datePublished":"2022-09-12T13:57:02+00:00","dateModified":"2024-09-10T12:10:20+00:00","description":"Sensores de humidade para a produ\u00e7\u00e3o de bet\u00e3o fabricados para resistir ao exigente ambiente dos agregados de fluxo e \u00e0 turbul\u00eancia de um misturador de bet\u00e3o.","breadcrumb":{"@id":"https:\/\/www.hydronix.com\/pt-pt\/medicao\/betao-e-construcao\/#breadcrumb"},"inLanguage":"pt-PT","potentialAction":[{"@type":"ReadAction","target":["https:\/\/www.hydronix.com\/pt-pt\/medicao\/betao-e-construcao\/"]}]},{"@type":"BreadcrumbList","@id":"https:\/\/www.hydronix.com\/pt-pt\/medicao\/betao-e-construcao\/#breadcrumb","itemListElement":[{"@type":"ListItem","position":1,"name":"Home","item":"https:\/\/www.hydronix.com\/pt-pt\/"},{"@type":"ListItem","position":2,"name":"Medi\u00e7\u00e3o","item":"https:\/\/www.hydronix.com\/pt-pt\/medicao\/"},{"@type":"ListItem","position":3,"name":"Bet\u00e3o e constru\u00e7\u00e3o"}]},{"@type":"WebSite","@id":"https:\/\/www.hydronix.com\/pt-pt\/#website","url":"https:\/\/www.hydronix.com\/pt-pt\/","name":"Hydronix","description":"Your partner in moisture measurement","potentialAction":[{"@type":"SearchAction","target":{"@type":"EntryPoint","urlTemplate":"https:\/\/www.hydronix.com\/pt-pt\/?s={search_term_string}"},"query-input":{"@type":"PropertyValueSpecification","valueRequired":true,"valueName":"search_term_string"}}],"inLanguage":"pt-PT"}]}},"_links":{"self":[{"href":"https:\/\/www.hydronix.com\/pt-pt\/wp-json\/wp\/v2\/pages\/29766","targetHints":{"allow":["GET"]}}],"collection":[{"href":"https:\/\/www.hydronix.com\/pt-pt\/wp-json\/wp\/v2\/pages"}],"about":[{"href":"https:\/\/www.hydronix.com\/pt-pt\/wp-json\/wp\/v2\/types\/page"}],"author":[{"embeddable":true,"href":"https:\/\/www.hydronix.com\/pt-pt\/wp-json\/wp\/v2\/users\/1"}],"replies":[{"embeddable":true,"href":"https:\/\/www.hydronix.com\/pt-pt\/wp-json\/wp\/v2\/comments?post=29766"}],"version-history":[{"count":1,"href":"https:\/\/www.hydronix.com\/pt-pt\/wp-json\/wp\/v2\/pages\/29766\/revisions"}],"predecessor-version":[{"id":37871,"href":"https:\/\/www.hydronix.com\/pt-pt\/wp-json\/wp\/v2\/pages\/29766\/revisions\/37871"}],"up":[{"embeddable":true,"href":"https:\/\/www.hydronix.com\/pt-pt\/wp-json\/wp\/v2\/pages\/29721"}],"wp:attachment":[{"href":"https:\/\/www.hydronix.com\/pt-pt\/wp-json\/wp\/v2\/media?parent=29766"}],"wp:term":[{"taxonomy":"industries","embeddable":true,"href":"https:\/\/www.hydronix.com\/pt-pt\/wp-json\/wp\/v2\/industries?post=29766"},{"taxonomy":"process","embeddable":true,"href":"https:\/\/www.hydronix.com\/pt-pt\/wp-json\/wp\/v2\/process?post=29766"}],"curies":[{"name":"wp","href":"https:\/\/api.w.org\/{rel}","templated":true}]}}