{"id":29742,"date":"2022-09-12T13:56:20","date_gmt":"2022-09-12T13:56:20","guid":{"rendered":"https:\/\/hydronix.chilliservers.co.uk\/medicao\/alta-temperatura\/"},"modified":"2023-11-16T10:59:43","modified_gmt":"2023-11-16T10:59:43","slug":"alta-temperatura","status":"publish","type":"page","link":"https:\/\/www.hydronix.com\/pt-pt\/medicao\/alta-temperatura\/","title":{"rendered":"Alta temperatura"},"content":{"rendered":"<!-- icon_hero -->\n<section class=\"application_hero d-flex py-5\" style=\"background-image:url(https:\/\/www.hydronix.com\/wp-content\/uploads\/2022\/11\/Y-high-temp.jpg)\">\n    <div class=\"overlay\"><\/div>\n    <div class=\"container my-auto\">\n        <div class=\"row\">\n            <div class=\"col-lg-2\"><img decoding=\"async\" src=\"https:\/\/www.hydronix.com\/wp-content\/themes\/cb-hydronix\/img\/icons\/icon__high-temperature--wo.svg\" class=\"w-50 w-lg-100\"><\/div>\n            <div class=\"col-lg-10 d-flex hero__content\"><h1 class=\"my-auto text-white\">Alta temperatura<\/h1><\/div>\n        <\/div>\n    <\/div>\n<\/section>\n<section class=\"sub_page_title py-1 mb-4\">\n    <div class=\"container-xl\">\n        <p id=\"breadcrumbs\"><span><span><a href=\"https:\/\/www.hydronix.com\/pt-pt\/\">Home<\/a><\/span><\/span><\/p>    <\/div>\n<\/section>\n\n\n    <div class=\"container-xl\">\n\t\t\n<p>Estes sensores foram concebidos para aplica\u00e7\u00f5es a funcionar a alta temperatura, at\u00e9 120&nbsp;\u00b0C.<\/p>\n    <\/div>\n    \n\n<!-- products -->\n<section class=\"prod_by_app product pb-5\">\n    <div class=\"container-xl\">\n        <h2>Produtos<\/h2>\n        <div class=\"row g-3\">\n\n    <div class=\"col-sm-6 col-lg-3\">\n        <a class=\"product__card\" href=\"https:\/\/www.hydronix.com\/pt-pt\/products\/hydro-mix-ht\/\">\n            <img decoding=\"async\" src=\"https:\/\/www.hydronix.com\/wp-content\/uploads\/2022\/11\/hmht01-front-persp-300x169.png\">\n            <div class=\"mb-2 fw-bold\">Hydro-Mix HT<\/div>\n            <div class=\"mb-2 product__subtitle\">Sensor de humidade: intervalo de temperatura de processo at\u00e9 120\u00a0\u00b0C<\/div>\n            <div class=\"badges\">\n                                        <div class=\"badge badge--high-temp\"><\/div>\n                                    <\/div>\n        <\/a>\n    <\/div>\n        <div class=\"col-sm-6 col-lg-3\">\n        <a class=\"product__card\" href=\"https:\/\/www.hydronix.com\/pt-pt\/products\/hydro-mix-ht-ex\/\">\n            <img decoding=\"async\" src=\"https:\/\/www.hydronix.com\/wp-content\/uploads\/2022\/10\/hmhtex-left-persp-300x169.png\">\n            <div class=\"mb-2 fw-bold\">Hydro-Mix HT-EX<\/div>\n            <div class=\"mb-2 product__subtitle\">Sensor de humidade: montar \u00e0 face. Temperatura de processo at\u00e9 120\u00a0\u00b0C (Zona\u00a020)<\/div>\n            <div class=\"badges\">\n                                        <div class=\"badge badge--high-temp\"><\/div>\n                                                <div class=\"badge badge--atex\"><\/div>\n                        <div class=\"badge badge--etl\"><\/div>\n                                    <\/div>\n        <\/a>\n    <\/div>\n        <div class=\"col-sm-6 col-lg-3\">\n        <a class=\"product__card\" href=\"https:\/\/www.hydronix.com\/pt-pt\/products\/hydro-probe-orbiter\/\">\n            <img decoding=\"async\" src=\"https:\/\/www.hydronix.com\/wp-content\/uploads\/2022\/11\/orb3-flat-front-300x169.png\">\n            <div class=\"mb-2 fw-bold\">Hydro-Probe Orbiter<\/div>\n            <div class=\"mb-2 product__subtitle\">Sensor de humidade: para misturadores de tina girat\u00f3ria<\/div>\n            <div class=\"badges\">\n                                        <div class=\"badge badge--high-temp\"><\/div>\n                                    <\/div>\n        <\/a>\n    <\/div>\n            <\/div>\n    <\/div>\n<\/section>","protected":false},"excerpt":{"rendered":"<p>Estes sensores foram concebidos para aplica\u00e7\u00f5es a funcionar a alta temperatura, at\u00e9 120&nbsp;\u00b0C. [&#8230;]<\/p>\n<p><a class=\"btn btn-secondary understrap-read-more-link\" href=\"https:\/\/www.hydronix.com\/pt-pt\/medicao\/alta-temperatura\/\">Continuar a ler&#8230;<span class=\"screen-reader-text\"> from Alta temperatura<\/span><\/a><\/p>\n","protected":false},"author":1,"featured_media":0,"parent":29721,"menu_order":293,"comment_status":"closed","ping_status":"closed","template":"","meta":{"_acf_changed":false,"content-type":"","inline_featured_image":false,"footnotes":""},"industries":[],"process":[],"class_list":["post-29742","page","type-page","status-publish","hentry"],"acf":[],"yoast_head":"<!-- This site is optimized with the Yoast SEO plugin v27.1.1 - https:\/\/yoast.com\/product\/yoast-seo-wordpress\/ -->\n<title>Alta temperatura - Hydronix<\/title>\n<meta name=\"description\" content=\"Os sensores de humidade por micro-ondas digitais da Hydronix concebidos para aplica\u00e7\u00f5es a funcionar a alta temperatura, at\u00e9 120\u00a0\u00b0C.\" \/>\n<meta name=\"robots\" content=\"index, follow, max-snippet:-1, max-image-preview:large, max-video-preview:-1\" \/>\n<link rel=\"canonical\" href=\"https:\/\/www.hydronix.com\/pt-pt\/medicao\/alta-temperatura\/\" \/>\n<meta property=\"og:locale\" content=\"pt_PT\" \/>\n<meta property=\"og:type\" content=\"article\" \/>\n<meta property=\"og:title\" content=\"Alta temperatura - Hydronix\" \/>\n<meta property=\"og:description\" content=\"Os sensores de humidade por micro-ondas digitais da Hydronix concebidos para aplica\u00e7\u00f5es a funcionar a alta temperatura, at\u00e9 120\u00a0\u00b0C.\" \/>\n<meta property=\"og:url\" content=\"https:\/\/www.hydronix.com\/pt-pt\/medicao\/alta-temperatura\/\" \/>\n<meta property=\"og:site_name\" content=\"Hydronix\" \/>\n<meta property=\"article:modified_time\" content=\"2023-11-16T10:59:43+00:00\" \/>\n<meta name=\"twitter:card\" content=\"summary_large_image\" \/>\n<meta name=\"twitter:label1\" content=\"Tempo estimado de leitura\" \/>\n\t<meta name=\"twitter:data1\" content=\"1 minuto\" \/>\n<script type=\"application\/ld+json\" class=\"yoast-schema-graph\">{\"@context\":\"https:\/\/schema.org\",\"@graph\":[{\"@type\":\"WebPage\",\"@id\":\"https:\/\/www.hydronix.com\/pt-pt\/medicao\/alta-temperatura\/\",\"url\":\"https:\/\/www.hydronix.com\/pt-pt\/medicao\/alta-temperatura\/\",\"name\":\"Alta temperatura - Hydronix\",\"isPartOf\":{\"@id\":\"https:\/\/www.hydronix.com\/pt-pt\/#website\"},\"datePublished\":\"2022-09-12T13:56:20+00:00\",\"dateModified\":\"2023-11-16T10:59:43+00:00\",\"description\":\"Os sensores de humidade por micro-ondas digitais da Hydronix concebidos para aplica\u00e7\u00f5es a funcionar a alta temperatura, at\u00e9 120\u00a0\u00b0C.\",\"breadcrumb\":{\"@id\":\"https:\/\/www.hydronix.com\/pt-pt\/medicao\/alta-temperatura\/#breadcrumb\"},\"inLanguage\":\"pt-PT\",\"potentialAction\":[{\"@type\":\"ReadAction\",\"target\":[\"https:\/\/www.hydronix.com\/pt-pt\/medicao\/alta-temperatura\/\"]}]},{\"@type\":\"BreadcrumbList\",\"@id\":\"https:\/\/www.hydronix.com\/pt-pt\/medicao\/alta-temperatura\/#breadcrumb\",\"itemListElement\":[{\"@type\":\"ListItem\",\"position\":1,\"name\":\"Home\",\"item\":\"https:\/\/www.hydronix.com\/pt-pt\/\"},{\"@type\":\"ListItem\",\"position\":2,\"name\":\"Medi\u00e7\u00e3o\",\"item\":\"https:\/\/www.hydronix.com\/pt-pt\/medicao\/\"},{\"@type\":\"ListItem\",\"position\":3,\"name\":\"Alta temperatura\"}]},{\"@type\":\"WebSite\",\"@id\":\"https:\/\/www.hydronix.com\/pt-pt\/#website\",\"url\":\"https:\/\/www.hydronix.com\/pt-pt\/\",\"name\":\"Hydronix\",\"description\":\"Your partner in moisture measurement\",\"potentialAction\":[{\"@type\":\"SearchAction\",\"target\":{\"@type\":\"EntryPoint\",\"urlTemplate\":\"https:\/\/www.hydronix.com\/pt-pt\/?s={search_term_string}\"},\"query-input\":{\"@type\":\"PropertyValueSpecification\",\"valueRequired\":true,\"valueName\":\"search_term_string\"}}],\"inLanguage\":\"pt-PT\"}]}<\/script>\n<!-- \/ Yoast SEO plugin. -->","yoast_head_json":{"title":"Alta temperatura - Hydronix","description":"Os sensores de humidade por micro-ondas digitais da Hydronix concebidos para aplica\u00e7\u00f5es a funcionar a alta temperatura, at\u00e9 120\u00a0\u00b0C.","robots":{"index":"index","follow":"follow","max-snippet":"max-snippet:-1","max-image-preview":"max-image-preview:large","max-video-preview":"max-video-preview:-1"},"canonical":"https:\/\/www.hydronix.com\/pt-pt\/medicao\/alta-temperatura\/","og_locale":"pt_PT","og_type":"article","og_title":"Alta temperatura - Hydronix","og_description":"Os sensores de humidade por micro-ondas digitais da Hydronix concebidos para aplica\u00e7\u00f5es a funcionar a alta temperatura, at\u00e9 120\u00a0\u00b0C.","og_url":"https:\/\/www.hydronix.com\/pt-pt\/medicao\/alta-temperatura\/","og_site_name":"Hydronix","article_modified_time":"2023-11-16T10:59:43+00:00","twitter_card":"summary_large_image","twitter_misc":{"Tempo estimado de leitura":"1 minuto"},"schema":{"@context":"https:\/\/schema.org","@graph":[{"@type":"WebPage","@id":"https:\/\/www.hydronix.com\/pt-pt\/medicao\/alta-temperatura\/","url":"https:\/\/www.hydronix.com\/pt-pt\/medicao\/alta-temperatura\/","name":"Alta temperatura - Hydronix","isPartOf":{"@id":"https:\/\/www.hydronix.com\/pt-pt\/#website"},"datePublished":"2022-09-12T13:56:20+00:00","dateModified":"2023-11-16T10:59:43+00:00","description":"Os sensores de humidade por micro-ondas digitais da Hydronix concebidos para aplica\u00e7\u00f5es a funcionar a alta temperatura, at\u00e9 120\u00a0\u00b0C.","breadcrumb":{"@id":"https:\/\/www.hydronix.com\/pt-pt\/medicao\/alta-temperatura\/#breadcrumb"},"inLanguage":"pt-PT","potentialAction":[{"@type":"ReadAction","target":["https:\/\/www.hydronix.com\/pt-pt\/medicao\/alta-temperatura\/"]}]},{"@type":"BreadcrumbList","@id":"https:\/\/www.hydronix.com\/pt-pt\/medicao\/alta-temperatura\/#breadcrumb","itemListElement":[{"@type":"ListItem","position":1,"name":"Home","item":"https:\/\/www.hydronix.com\/pt-pt\/"},{"@type":"ListItem","position":2,"name":"Medi\u00e7\u00e3o","item":"https:\/\/www.hydronix.com\/pt-pt\/medicao\/"},{"@type":"ListItem","position":3,"name":"Alta temperatura"}]},{"@type":"WebSite","@id":"https:\/\/www.hydronix.com\/pt-pt\/#website","url":"https:\/\/www.hydronix.com\/pt-pt\/","name":"Hydronix","description":"Your partner in moisture measurement","potentialAction":[{"@type":"SearchAction","target":{"@type":"EntryPoint","urlTemplate":"https:\/\/www.hydronix.com\/pt-pt\/?s={search_term_string}"},"query-input":{"@type":"PropertyValueSpecification","valueRequired":true,"valueName":"search_term_string"}}],"inLanguage":"pt-PT"}]}},"_links":{"self":[{"href":"https:\/\/www.hydronix.com\/pt-pt\/wp-json\/wp\/v2\/pages\/29742","targetHints":{"allow":["GET"]}}],"collection":[{"href":"https:\/\/www.hydronix.com\/pt-pt\/wp-json\/wp\/v2\/pages"}],"about":[{"href":"https:\/\/www.hydronix.com\/pt-pt\/wp-json\/wp\/v2\/types\/page"}],"author":[{"embeddable":true,"href":"https:\/\/www.hydronix.com\/pt-pt\/wp-json\/wp\/v2\/users\/1"}],"replies":[{"embeddable":true,"href":"https:\/\/www.hydronix.com\/pt-pt\/wp-json\/wp\/v2\/comments?post=29742"}],"version-history":[{"count":0,"href":"https:\/\/www.hydronix.com\/pt-pt\/wp-json\/wp\/v2\/pages\/29742\/revisions"}],"up":[{"embeddable":true,"href":"https:\/\/www.hydronix.com\/pt-pt\/wp-json\/wp\/v2\/pages\/29721"}],"wp:attachment":[{"href":"https:\/\/www.hydronix.com\/pt-pt\/wp-json\/wp\/v2\/media?parent=29742"}],"wp:term":[{"taxonomy":"industries","embeddable":true,"href":"https:\/\/www.hydronix.com\/pt-pt\/wp-json\/wp\/v2\/industries?post=29742"},{"taxonomy":"process","embeddable":true,"href":"https:\/\/www.hydronix.com\/pt-pt\/wp-json\/wp\/v2\/process?post=29742"}],"curies":[{"name":"wp","href":"https:\/\/api.w.org\/{rel}","templated":true}]}}