{"id":29685,"date":"2022-09-12T12:57:30","date_gmt":"2022-09-12T12:57:30","guid":{"rendered":"https:\/\/hydronix.chilliservers.co.uk\/industrias\/betao\/"},"modified":"2024-09-10T12:07:42","modified_gmt":"2024-09-10T12:07:42","slug":"betao","status":"publish","type":"page","link":"https:\/\/www.hydronix.com\/pt-pt\/industrias\/betao\/","title":{"rendered":"Bet\u00e3o"},"content":{"rendered":"    \n<!-- hero_short -->\n<section class=\"short_hero d-flex py-5\" style=\"background-image:url(https:\/\/www.hydronix.com\/wp-content\/uploads\/2022\/09\/application-bg-concrete.jpg)\">\n    <div class=\"overlay\"><\/div>\n    <div class=\"container-xl my-auto\">\n        <div class=\"row\">\n            <div class=\"col-lg-5 hero__content\">\n                <h1>Bet\u00e3o<\/h1>\n            <\/div>\n        <\/div>\n    <\/div>\n<\/section>\n<!--section class=\"sub_page_title py-1 mb-4\">\n    <div class=\"container-xl\">\n        <p id=\"breadcrumbs\"><span><span><a href=\"https:\/\/www.hydronix.com\/pt-pt\/\">Home<\/a><\/span><\/span><\/p>    <\/div>\n<\/section-->\n\n\n\n<div class=\"wp-block-group py-5\"><div class=\"wp-block-group__inner-container is-layout-constrained wp-block-group-is-layout-constrained\">    <div class=\"container-xl\">\n\t\t\n<p>Os sensores Hydronix foram originalmente concebidos para a medi\u00e7\u00e3o de humidade na produ\u00e7\u00e3o de bet\u00e3o e s\u00e3o fabricados para resistir ao exigente ambiente dos agregados de fluxo e \u00e0 turbul\u00eancia de um misturador de bet\u00e3o.<\/p>\n    <\/div>\n    \n\n    <div class=\"container-xl\">\n\t\t\n<p>Os sensores possibilitam a produ\u00e7\u00e3o de bet\u00e3o de acordo com rigorosas especifica\u00e7\u00f5es, permitindo que os fabricantes produzam lotes de bet\u00e3o repet\u00edveis, controlando simultaneamente os custos e reduzindo o impacto ambiental.<\/p>\n    <\/div>\n    <\/div><\/div>\n\n\n<!-- children -->\n<section class=\"child_pages py-4 mb-4\">\n    <div class=\"container-xl\">\n                <div class=\"row g-4 justify-content-center\">\n        <div class=\"col-md-4 col-xl-3\">\n            <a class=\"child_pages__card child_pages__card--blue\" href=\"https:\/\/www.hydronix.com\/pt-pt\/industrias\/betao\/betao-pronto\/\">Bet\u00e3o pronto<\/a>\n        <\/div>\n                <div class=\"col-md-4 col-xl-3\">\n            <a class=\"child_pages__card child_pages__card--blue\" href=\"https:\/\/www.hydronix.com\/pt-pt\/industrias\/betao\/betao-pre-fabricado\/\">Bet\u00e3o pr\u00e9-fabricado<\/a>\n        <\/div>\n            <\/div>\n<\/section>\n\n<!-- text_video -->\n<section class=\"text_video text_video--bg py-5\">\n    <div class=\"container-xl\">\n        <div class=\"row\">\n            <div class=\"col-lg-5 text_video__content order-1 order-lg-1 mb-4 mb-lg-0 pt-5 py-md-5\">\n                <h2>Vis\u00e3o geral do produto<\/h2><div class=\"fs-4 mb-4\">CONTROLO DA HUMIDADE NA DOSAGEM DE BET\u00c3O<\/div>                <div class=\"content mb-4\"><p>Este v\u00eddeo fornece uma vis\u00e3o geral da gama de produtos Hydronix especificamente concebida para a ind\u00fastria do bet\u00e3o e da constru\u00e7\u00e3o.<\/p>\n<\/div>\n                            <\/div>\n            <div class=\"col-lg-7 mb-4 mb-lg-0 d-flex order-2 order-lg-2\">\n                <div class=\"video__container w-100 my-auto\" style=\"background-color:#1a1a1a\">\n                                        <div class=\"ratio ratio-16x9 mx-auto\">\n                                                <iframe src=\"https:\/\/player.vimeo.com\/video\/998723740?byline=0&#038;portrait=0\" allow=\"autoplay; fullscreen; picture-in-picture\" webkitallowfullscreen mozallowfullscreen allowfullscreen><\/iframe>\n                                                <\/div>\n                    <!-- <lite-vimeo videoid=\"998723740\" style=\"background-image:url('');\"><\/lite-vimeo> -->\n                <\/div>\n            <\/div>\n        <\/div>\n    <\/div>\n<\/section>\n<!-- <script type=module src=\"https:\/\/cdn.jsdelivr.net\/npm\/@slightlyoff\/lite-vimeo@0.1.1\/lite-vimeo.js\"><\/script> -->","protected":false},"excerpt":{"rendered":"<p>Os sensores Hydronix foram originalmente concebidos para a medi\u00e7\u00e3o de humidade na produ\u00e7\u00e3o de bet\u00e3o e s\u00e3o fabricados para resistir ao exigente ambiente dos agregados de fluxo e \u00e0 turbul\u00eancia de um misturador de bet\u00e3o. Os sensores possibilitam a produ\u00e7\u00e3o de bet\u00e3o de acordo com rigorosas especifica\u00e7\u00f5es, permitindo que os fabricantes produzam lotes de bet\u00e3o [&#8230;]<\/p>\n<p><a class=\"btn btn-secondary understrap-read-more-link\" href=\"https:\/\/www.hydronix.com\/pt-pt\/industrias\/betao\/\">Continuar a ler&#8230;<span class=\"screen-reader-text\"> from Bet\u00e3o<\/span><\/a><\/p>\n","protected":false},"author":1,"featured_media":29686,"parent":29642,"menu_order":277,"comment_status":"closed","ping_status":"closed","template":"","meta":{"_acf_changed":false,"content-type":"","inline_featured_image":false,"footnotes":""},"industries":[],"process":[],"class_list":["post-29685","page","type-page","status-publish","has-post-thumbnail","hentry"],"acf":[],"yoast_head":"<!-- This site is optimized with the Yoast SEO plugin v27.1.1 - https:\/\/yoast.com\/product\/yoast-seo-wordpress\/ -->\n<title>Bet\u00e3o - Hydronix<\/title>\n<meta name=\"description\" content=\"A medi\u00e7\u00e3o de humidade durante a produ\u00e7\u00e3o de bet\u00e3o garante uma qualidade repet\u00edvel, controlando tamb\u00e9m os custos e reduzindo o impacto ambiental.\" \/>\n<meta name=\"robots\" content=\"index, follow, max-snippet:-1, max-image-preview:large, max-video-preview:-1\" \/>\n<link rel=\"canonical\" href=\"https:\/\/www.hydronix.com\/pt-pt\/industrias\/betao\/\" \/>\n<meta property=\"og:locale\" content=\"pt_PT\" \/>\n<meta property=\"og:type\" content=\"article\" \/>\n<meta property=\"og:title\" content=\"Bet\u00e3o - Hydronix\" \/>\n<meta property=\"og:description\" content=\"A medi\u00e7\u00e3o de humidade durante a produ\u00e7\u00e3o de bet\u00e3o garante uma qualidade repet\u00edvel, controlando tamb\u00e9m os custos e reduzindo o impacto ambiental.\" \/>\n<meta property=\"og:url\" content=\"https:\/\/www.hydronix.com\/pt-pt\/industrias\/betao\/\" \/>\n<meta property=\"og:site_name\" content=\"Hydronix\" \/>\n<meta property=\"article:modified_time\" content=\"2024-09-10T12:07:42+00:00\" \/>\n<meta property=\"og:image\" content=\"https:\/\/www.hydronix.com\/wp-content\/uploads\/2022\/09\/application-bg-concrete.jpg\" \/>\n\t<meta property=\"og:image:width\" content=\"1423\" \/>\n\t<meta property=\"og:image:height\" content=\"522\" \/>\n\t<meta property=\"og:image:type\" content=\"image\/jpeg\" \/>\n<meta name=\"twitter:card\" content=\"summary_large_image\" \/>\n<meta name=\"twitter:label1\" content=\"Tempo estimado de leitura\" \/>\n\t<meta name=\"twitter:data1\" content=\"1 minuto\" \/>\n<script type=\"application\/ld+json\" class=\"yoast-schema-graph\">{\"@context\":\"https:\/\/schema.org\",\"@graph\":[{\"@type\":\"WebPage\",\"@id\":\"https:\/\/www.hydronix.com\/pt-pt\/industrias\/betao\/\",\"url\":\"https:\/\/www.hydronix.com\/pt-pt\/industrias\/betao\/\",\"name\":\"Bet\u00e3o - Hydronix\",\"isPartOf\":{\"@id\":\"https:\/\/www.hydronix.com\/pt-pt\/#website\"},\"primaryImageOfPage\":{\"@id\":\"https:\/\/www.hydronix.com\/pt-pt\/industrias\/betao\/#primaryimage\"},\"image\":{\"@id\":\"https:\/\/www.hydronix.com\/pt-pt\/industrias\/betao\/#primaryimage\"},\"thumbnailUrl\":\"https:\/\/www.hydronix.com\/wp-content\/uploads\/2022\/09\/application-bg-concrete.jpg\",\"datePublished\":\"2022-09-12T12:57:30+00:00\",\"dateModified\":\"2024-09-10T12:07:42+00:00\",\"description\":\"A medi\u00e7\u00e3o de humidade durante a produ\u00e7\u00e3o de bet\u00e3o garante uma qualidade repet\u00edvel, controlando tamb\u00e9m os custos e reduzindo o impacto ambiental.\",\"breadcrumb\":{\"@id\":\"https:\/\/www.hydronix.com\/pt-pt\/industrias\/betao\/#breadcrumb\"},\"inLanguage\":\"pt-PT\",\"potentialAction\":[{\"@type\":\"ReadAction\",\"target\":[\"https:\/\/www.hydronix.com\/pt-pt\/industrias\/betao\/\"]}]},{\"@type\":\"ImageObject\",\"inLanguage\":\"pt-PT\",\"@id\":\"https:\/\/www.hydronix.com\/pt-pt\/industrias\/betao\/#primaryimage\",\"url\":\"https:\/\/www.hydronix.com\/wp-content\/uploads\/2022\/09\/application-bg-concrete.jpg\",\"contentUrl\":\"https:\/\/www.hydronix.com\/wp-content\/uploads\/2022\/09\/application-bg-concrete.jpg\",\"width\":1423,\"height\":522},{\"@type\":\"BreadcrumbList\",\"@id\":\"https:\/\/www.hydronix.com\/pt-pt\/industrias\/betao\/#breadcrumb\",\"itemListElement\":[{\"@type\":\"ListItem\",\"position\":1,\"name\":\"Home\",\"item\":\"https:\/\/www.hydronix.com\/pt-pt\/\"},{\"@type\":\"ListItem\",\"position\":2,\"name\":\"Ind\u00fastrias\",\"item\":\"https:\/\/www.hydronix.com\/pt-pt\/industrias\/\"},{\"@type\":\"ListItem\",\"position\":3,\"name\":\"Bet\u00e3o\"}]},{\"@type\":\"WebSite\",\"@id\":\"https:\/\/www.hydronix.com\/pt-pt\/#website\",\"url\":\"https:\/\/www.hydronix.com\/pt-pt\/\",\"name\":\"Hydronix\",\"description\":\"Your partner in moisture measurement\",\"potentialAction\":[{\"@type\":\"SearchAction\",\"target\":{\"@type\":\"EntryPoint\",\"urlTemplate\":\"https:\/\/www.hydronix.com\/pt-pt\/?s={search_term_string}\"},\"query-input\":{\"@type\":\"PropertyValueSpecification\",\"valueRequired\":true,\"valueName\":\"search_term_string\"}}],\"inLanguage\":\"pt-PT\"}]}<\/script>\n<!-- \/ Yoast SEO plugin. -->","yoast_head_json":{"title":"Bet\u00e3o - Hydronix","description":"A medi\u00e7\u00e3o de humidade durante a produ\u00e7\u00e3o de bet\u00e3o garante uma qualidade repet\u00edvel, controlando tamb\u00e9m os custos e reduzindo o impacto ambiental.","robots":{"index":"index","follow":"follow","max-snippet":"max-snippet:-1","max-image-preview":"max-image-preview:large","max-video-preview":"max-video-preview:-1"},"canonical":"https:\/\/www.hydronix.com\/pt-pt\/industrias\/betao\/","og_locale":"pt_PT","og_type":"article","og_title":"Bet\u00e3o - Hydronix","og_description":"A medi\u00e7\u00e3o de humidade durante a produ\u00e7\u00e3o de bet\u00e3o garante uma qualidade repet\u00edvel, controlando tamb\u00e9m os custos e reduzindo o impacto ambiental.","og_url":"https:\/\/www.hydronix.com\/pt-pt\/industrias\/betao\/","og_site_name":"Hydronix","article_modified_time":"2024-09-10T12:07:42+00:00","og_image":[{"width":1423,"height":522,"url":"https:\/\/www.hydronix.com\/wp-content\/uploads\/2022\/09\/application-bg-concrete.jpg","type":"image\/jpeg"}],"twitter_card":"summary_large_image","twitter_misc":{"Tempo estimado de leitura":"1 minuto"},"schema":{"@context":"https:\/\/schema.org","@graph":[{"@type":"WebPage","@id":"https:\/\/www.hydronix.com\/pt-pt\/industrias\/betao\/","url":"https:\/\/www.hydronix.com\/pt-pt\/industrias\/betao\/","name":"Bet\u00e3o - Hydronix","isPartOf":{"@id":"https:\/\/www.hydronix.com\/pt-pt\/#website"},"primaryImageOfPage":{"@id":"https:\/\/www.hydronix.com\/pt-pt\/industrias\/betao\/#primaryimage"},"image":{"@id":"https:\/\/www.hydronix.com\/pt-pt\/industrias\/betao\/#primaryimage"},"thumbnailUrl":"https:\/\/www.hydronix.com\/wp-content\/uploads\/2022\/09\/application-bg-concrete.jpg","datePublished":"2022-09-12T12:57:30+00:00","dateModified":"2024-09-10T12:07:42+00:00","description":"A medi\u00e7\u00e3o de humidade durante a produ\u00e7\u00e3o de bet\u00e3o garante uma qualidade repet\u00edvel, controlando tamb\u00e9m os custos e reduzindo o impacto ambiental.","breadcrumb":{"@id":"https:\/\/www.hydronix.com\/pt-pt\/industrias\/betao\/#breadcrumb"},"inLanguage":"pt-PT","potentialAction":[{"@type":"ReadAction","target":["https:\/\/www.hydronix.com\/pt-pt\/industrias\/betao\/"]}]},{"@type":"ImageObject","inLanguage":"pt-PT","@id":"https:\/\/www.hydronix.com\/pt-pt\/industrias\/betao\/#primaryimage","url":"https:\/\/www.hydronix.com\/wp-content\/uploads\/2022\/09\/application-bg-concrete.jpg","contentUrl":"https:\/\/www.hydronix.com\/wp-content\/uploads\/2022\/09\/application-bg-concrete.jpg","width":1423,"height":522},{"@type":"BreadcrumbList","@id":"https:\/\/www.hydronix.com\/pt-pt\/industrias\/betao\/#breadcrumb","itemListElement":[{"@type":"ListItem","position":1,"name":"Home","item":"https:\/\/www.hydronix.com\/pt-pt\/"},{"@type":"ListItem","position":2,"name":"Ind\u00fastrias","item":"https:\/\/www.hydronix.com\/pt-pt\/industrias\/"},{"@type":"ListItem","position":3,"name":"Bet\u00e3o"}]},{"@type":"WebSite","@id":"https:\/\/www.hydronix.com\/pt-pt\/#website","url":"https:\/\/www.hydronix.com\/pt-pt\/","name":"Hydronix","description":"Your partner in moisture measurement","potentialAction":[{"@type":"SearchAction","target":{"@type":"EntryPoint","urlTemplate":"https:\/\/www.hydronix.com\/pt-pt\/?s={search_term_string}"},"query-input":{"@type":"PropertyValueSpecification","valueRequired":true,"valueName":"search_term_string"}}],"inLanguage":"pt-PT"}]}},"_links":{"self":[{"href":"https:\/\/www.hydronix.com\/pt-pt\/wp-json\/wp\/v2\/pages\/29685","targetHints":{"allow":["GET"]}}],"collection":[{"href":"https:\/\/www.hydronix.com\/pt-pt\/wp-json\/wp\/v2\/pages"}],"about":[{"href":"https:\/\/www.hydronix.com\/pt-pt\/wp-json\/wp\/v2\/types\/page"}],"author":[{"embeddable":true,"href":"https:\/\/www.hydronix.com\/pt-pt\/wp-json\/wp\/v2\/users\/1"}],"replies":[{"embeddable":true,"href":"https:\/\/www.hydronix.com\/pt-pt\/wp-json\/wp\/v2\/comments?post=29685"}],"version-history":[{"count":1,"href":"https:\/\/www.hydronix.com\/pt-pt\/wp-json\/wp\/v2\/pages\/29685\/revisions"}],"predecessor-version":[{"id":37868,"href":"https:\/\/www.hydronix.com\/pt-pt\/wp-json\/wp\/v2\/pages\/29685\/revisions\/37868"}],"up":[{"embeddable":true,"href":"https:\/\/www.hydronix.com\/pt-pt\/wp-json\/wp\/v2\/pages\/29642"}],"wp:featuredmedia":[{"embeddable":true,"href":"https:\/\/www.hydronix.com\/pt-pt\/wp-json\/wp\/v2\/media\/29686"}],"wp:attachment":[{"href":"https:\/\/www.hydronix.com\/pt-pt\/wp-json\/wp\/v2\/media?parent=29685"}],"wp:term":[{"taxonomy":"industries","embeddable":true,"href":"https:\/\/www.hydronix.com\/pt-pt\/wp-json\/wp\/v2\/industries?post=29685"},{"taxonomy":"process","embeddable":true,"href":"https:\/\/www.hydronix.com\/pt-pt\/wp-json\/wp\/v2\/process?post=29685"}],"curies":[{"name":"wp","href":"https:\/\/api.w.org\/{rel}","templated":true}]}}