{"id":29683,"date":"2022-09-12T12:54:11","date_gmt":"2022-09-12T12:54:11","guid":{"rendered":"https:\/\/hydronix.chilliservers.co.uk\/industrias\/nutricao-de-animais-e-peixes\/"},"modified":"2023-11-16T13:53:49","modified_gmt":"2023-11-16T13:53:49","slug":"nutricao-de-animais-e-peixes","status":"publish","type":"page","link":"https:\/\/www.hydronix.com\/pt-pt\/industrias\/nutricao-de-animais-e-peixes\/","title":{"rendered":"Nutri\u00e7\u00e3o de animais e peixes"},"content":{"rendered":"    \n<!-- hero_short -->\n<section class=\"short_hero d-flex py-5\" style=\"background-image:url(https:\/\/www.hydronix.com\/wp-content\/uploads\/2022\/09\/D-animal-nutrition.jpg)\">\n    <div class=\"overlay\"><\/div>\n    <div class=\"container-xl my-auto\">\n        <div class=\"row\">\n            <div class=\"col-lg-5 hero__content\">\n                <h1>Nutri\u00e7\u00e3o de animais e peixes<\/h1>\n            <\/div>\n        <\/div>\n    <\/div>\n<\/section>\n<!--section class=\"sub_page_title py-1 mb-4\">\n    <div class=\"container-xl\">\n        <p id=\"breadcrumbs\"><span><span><a href=\"https:\/\/www.hydronix.com\/pt-pt\/\">Home<\/a><\/span><\/span><\/p>    <\/div>\n<\/section-->\n\n<div class=\"wp-block-group py-5\"><div class=\"wp-block-group__inner-container is-layout-constrained wp-block-group-is-layout-constrained\">    <div class=\"container-xl\">\n\t\t\n<p>A medi\u00e7\u00e3o de humidade na produ\u00e7\u00e3o de alimenta\u00e7\u00e3o para animais e peixes \u00e9 recomend\u00e1vel em v\u00e1rias fases durante o processo de fabrico.<\/p>\n    <\/div>\n    \n\n    <div class=\"container-xl\">\n\t\t\n<p>Com o teor de humidade em constante varia\u00e7\u00e3o nas mat\u00e9rias-primas, a medi\u00e7\u00e3o online tornou-se a principal ferramenta na garantia de um controlo de qualidade e efici\u00eancia ideais.<\/p>\n    <\/div>\n    \n\n    <div class=\"container-xl\">\n\t\t\n<p>A capacidade para medir a humidade e efetuar ajustes durante o processo de produ\u00e7\u00e3o de alimenta\u00e7\u00e3o torna-se essencial em v\u00e1rias fases durante o ciclo de produ\u00e7\u00e3o.<\/p>\n    <\/div>\n    <\/div><\/div>\n<!-- children -->\n<section class=\"child_pages py-4 mb-4\">\n    <div class=\"container-xl\">\n                <div class=\"row g-4 justify-content-center\">\n        <div class=\"col-md-4 col-xl-3\">\n            <a class=\"child_pages__card child_pages__card--blue\" href=\"https:\/\/www.hydronix.com\/pt-pt\/industrias\/nutricao-de-animais-e-peixes\/alimentacao-para-animais\/\">Alimenta\u00e7\u00e3o para animais<\/a>\n        <\/div>\n                <div class=\"col-md-4 col-xl-3\">\n            <a class=\"child_pages__card child_pages__card--blue\" href=\"https:\/\/www.hydronix.com\/pt-pt\/industrias\/nutricao-de-animais-e-peixes\/alimentos-para-animais-aquaticos\/\">Alimentos para animais aqu\u00e1ticos<\/a>\n        <\/div>\n                <div class=\"col-md-4 col-xl-3\">\n            <a class=\"child_pages__card child_pages__card--blue\" href=\"https:\/\/www.hydronix.com\/pt-pt\/industrias\/nutricao-de-animais-e-peixes\/grao-de-beterraba-sacarina\/\">Gr\u00e3o de beterraba sacarina<\/a>\n        <\/div>\n                <div class=\"col-md-4 col-xl-3\">\n            <a class=\"child_pages__card child_pages__card--blue\" href=\"https:\/\/www.hydronix.com\/pt-pt\/industrias\/nutricao-de-animais-e-peixes\/alimentacao-animal\/\">Alimenta\u00e7\u00e3o animal<\/a>\n        <\/div>\n            <\/div>\n<\/section>","protected":false},"excerpt":{"rendered":"<p>A medi\u00e7\u00e3o de humidade na produ\u00e7\u00e3o de alimenta\u00e7\u00e3o para animais e peixes \u00e9 recomend\u00e1vel em v\u00e1rias fases durante o processo de fabrico. Com o teor de humidade em constante varia\u00e7\u00e3o nas mat\u00e9rias-primas, a medi\u00e7\u00e3o online tornou-se a principal ferramenta na garantia de um controlo de qualidade e efici\u00eancia ideais. A capacidade para medir a humidade [&#8230;]<\/p>\n<p><a class=\"btn btn-secondary understrap-read-more-link\" href=\"https:\/\/www.hydronix.com\/pt-pt\/industrias\/nutricao-de-animais-e-peixes\/\">Continuar a ler&#8230;<span class=\"screen-reader-text\"> from Nutri\u00e7\u00e3o de animais e peixes<\/span><\/a><\/p>\n","protected":false},"author":1,"featured_media":29132,"parent":29642,"menu_order":459,"comment_status":"closed","ping_status":"closed","template":"","meta":{"_acf_changed":false,"content-type":"","inline_featured_image":false,"footnotes":""},"industries":[],"process":[],"class_list":["post-29683","page","type-page","status-publish","has-post-thumbnail","hentry"],"acf":[],"yoast_head":"<!-- This site is optimized with the Yoast SEO plugin v27.1.1 - https:\/\/yoast.com\/product\/yoast-seo-wordpress\/ -->\n<title>Nutri\u00e7\u00e3o de animais e peixes - Hydronix<\/title>\n<meta name=\"description\" content=\"A medi\u00e7\u00e3o de humidade da nutri\u00e7\u00e3o de animais e peixes promove a efici\u00eancia e o controlo de qualidade. \u00c9 utilizada em v\u00e1rias fases da produ\u00e7\u00e3o.\" \/>\n<meta name=\"robots\" content=\"index, follow, max-snippet:-1, max-image-preview:large, max-video-preview:-1\" \/>\n<link rel=\"canonical\" href=\"https:\/\/www.hydronix.com\/pt-pt\/industrias\/nutricao-de-animais-e-peixes\/\" \/>\n<meta property=\"og:locale\" content=\"pt_PT\" \/>\n<meta property=\"og:type\" content=\"article\" \/>\n<meta property=\"og:title\" content=\"Nutri\u00e7\u00e3o de animais e peixes - Hydronix\" \/>\n<meta property=\"og:description\" content=\"A medi\u00e7\u00e3o de humidade da nutri\u00e7\u00e3o de animais e peixes promove a efici\u00eancia e o controlo de qualidade. \u00c9 utilizada em v\u00e1rias fases da produ\u00e7\u00e3o.\" \/>\n<meta property=\"og:url\" content=\"https:\/\/www.hydronix.com\/pt-pt\/industrias\/nutricao-de-animais-e-peixes\/\" \/>\n<meta property=\"og:site_name\" content=\"Hydronix\" \/>\n<meta property=\"article:modified_time\" content=\"2023-11-16T13:53:49+00:00\" \/>\n<meta property=\"og:image\" content=\"https:\/\/www.hydronix.com\/wp-content\/uploads\/2022\/09\/D-animal-nutrition.jpg\" \/>\n\t<meta property=\"og:image:width\" content=\"2000\" \/>\n\t<meta property=\"og:image:height\" content=\"400\" \/>\n\t<meta property=\"og:image:type\" content=\"image\/jpeg\" \/>\n<meta name=\"twitter:card\" content=\"summary_large_image\" \/>\n<meta name=\"twitter:label1\" content=\"Tempo estimado de leitura\" \/>\n\t<meta name=\"twitter:data1\" content=\"1 minuto\" \/>\n<script type=\"application\/ld+json\" class=\"yoast-schema-graph\">{\"@context\":\"https:\/\/schema.org\",\"@graph\":[{\"@type\":\"WebPage\",\"@id\":\"https:\/\/www.hydronix.com\/pt-pt\/industrias\/nutricao-de-animais-e-peixes\/\",\"url\":\"https:\/\/www.hydronix.com\/pt-pt\/industrias\/nutricao-de-animais-e-peixes\/\",\"name\":\"Nutri\u00e7\u00e3o de animais e peixes - Hydronix\",\"isPartOf\":{\"@id\":\"https:\/\/www.hydronix.com\/pt-pt\/#website\"},\"primaryImageOfPage\":{\"@id\":\"https:\/\/www.hydronix.com\/pt-pt\/industrias\/nutricao-de-animais-e-peixes\/#primaryimage\"},\"image\":{\"@id\":\"https:\/\/www.hydronix.com\/pt-pt\/industrias\/nutricao-de-animais-e-peixes\/#primaryimage\"},\"thumbnailUrl\":\"https:\/\/www.hydronix.com\/wp-content\/uploads\/2022\/09\/D-animal-nutrition.jpg\",\"datePublished\":\"2022-09-12T12:54:11+00:00\",\"dateModified\":\"2023-11-16T13:53:49+00:00\",\"description\":\"A medi\u00e7\u00e3o de humidade da nutri\u00e7\u00e3o de animais e peixes promove a efici\u00eancia e o controlo de qualidade. \u00c9 utilizada em v\u00e1rias fases da produ\u00e7\u00e3o.\",\"breadcrumb\":{\"@id\":\"https:\/\/www.hydronix.com\/pt-pt\/industrias\/nutricao-de-animais-e-peixes\/#breadcrumb\"},\"inLanguage\":\"pt-PT\",\"potentialAction\":[{\"@type\":\"ReadAction\",\"target\":[\"https:\/\/www.hydronix.com\/pt-pt\/industrias\/nutricao-de-animais-e-peixes\/\"]}]},{\"@type\":\"ImageObject\",\"inLanguage\":\"pt-PT\",\"@id\":\"https:\/\/www.hydronix.com\/pt-pt\/industrias\/nutricao-de-animais-e-peixes\/#primaryimage\",\"url\":\"https:\/\/www.hydronix.com\/wp-content\/uploads\/2022\/09\/D-animal-nutrition.jpg\",\"contentUrl\":\"https:\/\/www.hydronix.com\/wp-content\/uploads\/2022\/09\/D-animal-nutrition.jpg\",\"width\":2000,\"height\":400},{\"@type\":\"BreadcrumbList\",\"@id\":\"https:\/\/www.hydronix.com\/pt-pt\/industrias\/nutricao-de-animais-e-peixes\/#breadcrumb\",\"itemListElement\":[{\"@type\":\"ListItem\",\"position\":1,\"name\":\"Home\",\"item\":\"https:\/\/www.hydronix.com\/pt-pt\/\"},{\"@type\":\"ListItem\",\"position\":2,\"name\":\"Ind\u00fastrias\",\"item\":\"https:\/\/www.hydronix.com\/pt-pt\/industrias\/\"},{\"@type\":\"ListItem\",\"position\":3,\"name\":\"Nutri\u00e7\u00e3o de animais e peixes\"}]},{\"@type\":\"WebSite\",\"@id\":\"https:\/\/www.hydronix.com\/pt-pt\/#website\",\"url\":\"https:\/\/www.hydronix.com\/pt-pt\/\",\"name\":\"Hydronix\",\"description\":\"Your partner in moisture measurement\",\"potentialAction\":[{\"@type\":\"SearchAction\",\"target\":{\"@type\":\"EntryPoint\",\"urlTemplate\":\"https:\/\/www.hydronix.com\/pt-pt\/?s={search_term_string}\"},\"query-input\":{\"@type\":\"PropertyValueSpecification\",\"valueRequired\":true,\"valueName\":\"search_term_string\"}}],\"inLanguage\":\"pt-PT\"}]}<\/script>\n<!-- \/ Yoast SEO plugin. -->","yoast_head_json":{"title":"Nutri\u00e7\u00e3o de animais e peixes - Hydronix","description":"A medi\u00e7\u00e3o de humidade da nutri\u00e7\u00e3o de animais e peixes promove a efici\u00eancia e o controlo de qualidade. \u00c9 utilizada em v\u00e1rias fases da produ\u00e7\u00e3o.","robots":{"index":"index","follow":"follow","max-snippet":"max-snippet:-1","max-image-preview":"max-image-preview:large","max-video-preview":"max-video-preview:-1"},"canonical":"https:\/\/www.hydronix.com\/pt-pt\/industrias\/nutricao-de-animais-e-peixes\/","og_locale":"pt_PT","og_type":"article","og_title":"Nutri\u00e7\u00e3o de animais e peixes - Hydronix","og_description":"A medi\u00e7\u00e3o de humidade da nutri\u00e7\u00e3o de animais e peixes promove a efici\u00eancia e o controlo de qualidade. \u00c9 utilizada em v\u00e1rias fases da produ\u00e7\u00e3o.","og_url":"https:\/\/www.hydronix.com\/pt-pt\/industrias\/nutricao-de-animais-e-peixes\/","og_site_name":"Hydronix","article_modified_time":"2023-11-16T13:53:49+00:00","og_image":[{"width":2000,"height":400,"url":"https:\/\/www.hydronix.com\/wp-content\/uploads\/2022\/09\/D-animal-nutrition.jpg","type":"image\/jpeg"}],"twitter_card":"summary_large_image","twitter_misc":{"Tempo estimado de leitura":"1 minuto"},"schema":{"@context":"https:\/\/schema.org","@graph":[{"@type":"WebPage","@id":"https:\/\/www.hydronix.com\/pt-pt\/industrias\/nutricao-de-animais-e-peixes\/","url":"https:\/\/www.hydronix.com\/pt-pt\/industrias\/nutricao-de-animais-e-peixes\/","name":"Nutri\u00e7\u00e3o de animais e peixes - Hydronix","isPartOf":{"@id":"https:\/\/www.hydronix.com\/pt-pt\/#website"},"primaryImageOfPage":{"@id":"https:\/\/www.hydronix.com\/pt-pt\/industrias\/nutricao-de-animais-e-peixes\/#primaryimage"},"image":{"@id":"https:\/\/www.hydronix.com\/pt-pt\/industrias\/nutricao-de-animais-e-peixes\/#primaryimage"},"thumbnailUrl":"https:\/\/www.hydronix.com\/wp-content\/uploads\/2022\/09\/D-animal-nutrition.jpg","datePublished":"2022-09-12T12:54:11+00:00","dateModified":"2023-11-16T13:53:49+00:00","description":"A medi\u00e7\u00e3o de humidade da nutri\u00e7\u00e3o de animais e peixes promove a efici\u00eancia e o controlo de qualidade. \u00c9 utilizada em v\u00e1rias fases da produ\u00e7\u00e3o.","breadcrumb":{"@id":"https:\/\/www.hydronix.com\/pt-pt\/industrias\/nutricao-de-animais-e-peixes\/#breadcrumb"},"inLanguage":"pt-PT","potentialAction":[{"@type":"ReadAction","target":["https:\/\/www.hydronix.com\/pt-pt\/industrias\/nutricao-de-animais-e-peixes\/"]}]},{"@type":"ImageObject","inLanguage":"pt-PT","@id":"https:\/\/www.hydronix.com\/pt-pt\/industrias\/nutricao-de-animais-e-peixes\/#primaryimage","url":"https:\/\/www.hydronix.com\/wp-content\/uploads\/2022\/09\/D-animal-nutrition.jpg","contentUrl":"https:\/\/www.hydronix.com\/wp-content\/uploads\/2022\/09\/D-animal-nutrition.jpg","width":2000,"height":400},{"@type":"BreadcrumbList","@id":"https:\/\/www.hydronix.com\/pt-pt\/industrias\/nutricao-de-animais-e-peixes\/#breadcrumb","itemListElement":[{"@type":"ListItem","position":1,"name":"Home","item":"https:\/\/www.hydronix.com\/pt-pt\/"},{"@type":"ListItem","position":2,"name":"Ind\u00fastrias","item":"https:\/\/www.hydronix.com\/pt-pt\/industrias\/"},{"@type":"ListItem","position":3,"name":"Nutri\u00e7\u00e3o de animais e peixes"}]},{"@type":"WebSite","@id":"https:\/\/www.hydronix.com\/pt-pt\/#website","url":"https:\/\/www.hydronix.com\/pt-pt\/","name":"Hydronix","description":"Your partner in moisture measurement","potentialAction":[{"@type":"SearchAction","target":{"@type":"EntryPoint","urlTemplate":"https:\/\/www.hydronix.com\/pt-pt\/?s={search_term_string}"},"query-input":{"@type":"PropertyValueSpecification","valueRequired":true,"valueName":"search_term_string"}}],"inLanguage":"pt-PT"}]}},"_links":{"self":[{"href":"https:\/\/www.hydronix.com\/pt-pt\/wp-json\/wp\/v2\/pages\/29683","targetHints":{"allow":["GET"]}}],"collection":[{"href":"https:\/\/www.hydronix.com\/pt-pt\/wp-json\/wp\/v2\/pages"}],"about":[{"href":"https:\/\/www.hydronix.com\/pt-pt\/wp-json\/wp\/v2\/types\/page"}],"author":[{"embeddable":true,"href":"https:\/\/www.hydronix.com\/pt-pt\/wp-json\/wp\/v2\/users\/1"}],"replies":[{"embeddable":true,"href":"https:\/\/www.hydronix.com\/pt-pt\/wp-json\/wp\/v2\/comments?post=29683"}],"version-history":[{"count":0,"href":"https:\/\/www.hydronix.com\/pt-pt\/wp-json\/wp\/v2\/pages\/29683\/revisions"}],"up":[{"embeddable":true,"href":"https:\/\/www.hydronix.com\/pt-pt\/wp-json\/wp\/v2\/pages\/29642"}],"wp:featuredmedia":[{"embeddable":true,"href":"https:\/\/www.hydronix.com\/pt-pt\/wp-json\/wp\/v2\/media\/29132"}],"wp:attachment":[{"href":"https:\/\/www.hydronix.com\/pt-pt\/wp-json\/wp\/v2\/media?parent=29683"}],"wp:term":[{"taxonomy":"industries","embeddable":true,"href":"https:\/\/www.hydronix.com\/pt-pt\/wp-json\/wp\/v2\/industries?post=29683"},{"taxonomy":"process","embeddable":true,"href":"https:\/\/www.hydronix.com\/pt-pt\/wp-json\/wp\/v2\/process?post=29683"}],"curies":[{"name":"wp","href":"https:\/\/api.w.org\/{rel}","templated":true}]}}