{"id":29681,"date":"2022-09-12T12:53:28","date_gmt":"2022-09-12T12:53:28","guid":{"rendered":"https:\/\/hydronix.chilliservers.co.uk\/industrias\/alimentos\/"},"modified":"2023-11-16T14:34:47","modified_gmt":"2023-11-16T14:34:47","slug":"alimentos","status":"publish","type":"page","link":"https:\/\/www.hydronix.com\/pt-pt\/industrias\/alimentos\/","title":{"rendered":"Alimentos"},"content":{"rendered":"    \n<!-- hero_short -->\n<section class=\"short_hero d-flex py-5\" style=\"background-image:url(https:\/\/www.hydronix.com\/wp-content\/uploads\/2022\/09\/E-food.jpg)\">\n    <div class=\"overlay\"><\/div>\n    <div class=\"container-xl my-auto\">\n        <div class=\"row\">\n            <div class=\"col-lg-5 hero__content\">\n                <h1>Alimentos<\/h1>\n            <\/div>\n        <\/div>\n    <\/div>\n<\/section>\n<!--section class=\"sub_page_title py-1 mb-4\">\n    <div class=\"container-xl\">\n        <p id=\"breadcrumbs\"><span><span><a href=\"https:\/\/www.hydronix.com\/pt-pt\/hydronix\/\">Home<\/a><\/span><\/span><\/p>    <\/div>\n<\/section-->\n\n<div class=\"wp-block-group py-5\"><div class=\"wp-block-group__inner-container is-layout-constrained wp-block-group-is-layout-constrained\">    <div class=\"container-xl\">\n\t\t\n<p>O controlo de humidade \u00e9 um elemento fundamental ao processar alimentos, desde a entrada de mat\u00e9ria-prima \u00e0 embalagem. \u00c9 essencial que a humidade seja monitorizada para obter um produto final repet\u00edvel e consistente, ainda com um elevado valor nutricional.<\/p>\n    <\/div>\n    \n\n    <div class=\"container-xl\">\n\t\t\n<p>A medi\u00e7\u00e3o de humidade acrescentou vantagens ao melhorar a produ\u00e7\u00e3o e a rentabilidade, poupar energia, reduzir o desperd\u00edcio e minimizar o impacto ambiental.<\/p>\n    <\/div>\n    <\/div><\/div>\n<!-- children -->\n<section class=\"child_pages py-4 mb-4\">\n    <div class=\"container-xl\">\n                <div class=\"row g-4 justify-content-center\">\n        <div class=\"col-md-4 col-xl-3\">\n            <a class=\"child_pages__card child_pages__card--blue\" href=\"https:\/\/www.hydronix.com\/pt-pt\/industrias\/alimentos\/pos\/\">P\u00f3s<\/a>\n        <\/div>\n                <div class=\"col-md-4 col-xl-3\">\n            <a class=\"child_pages__card child_pages__card--blue\" href=\"https:\/\/www.hydronix.com\/pt-pt\/industrias\/alimentos\/producao-alimentar\/\">Produ\u00e7\u00e3o alimentar<\/a>\n        <\/div>\n            <\/div>\n<\/section>","protected":false},"excerpt":{"rendered":"<p>O controlo de humidade \u00e9 um elemento fundamental ao processar alimentos, desde a entrada de mat\u00e9ria-prima \u00e0 embalagem. \u00c9 essencial que a humidade seja monitorizada para obter um produto final repet\u00edvel e consistente, ainda com um elevado valor nutricional. A medi\u00e7\u00e3o de humidade acrescentou vantagens ao melhorar a produ\u00e7\u00e3o e a rentabilidade, poupar energia, reduzir [&#8230;]<\/p>\n<p><a class=\"btn btn-secondary understrap-read-more-link\" href=\"https:\/\/www.hydronix.com\/pt-pt\/industrias\/alimentos\/\">Continuar a ler&#8230;<span class=\"screen-reader-text\"> from Alimentos<\/span><\/a><\/p>\n","protected":false},"author":1,"featured_media":29163,"parent":29642,"menu_order":498,"comment_status":"closed","ping_status":"closed","template":"","meta":{"_acf_changed":false,"content-type":"","inline_featured_image":false,"footnotes":""},"industries":[],"process":[],"class_list":["post-29681","page","type-page","status-publish","has-post-thumbnail","hentry"],"acf":[],"yoast_head":"<!-- This site is optimized with the Yoast SEO plugin v27.5 - https:\/\/yoast.com\/product\/yoast-seo-wordpress\/ -->\n<title>Sensores de umidade para produ\u00e7\u00e3o alimentar | Hydronix<\/title>\n<meta name=\"description\" content=\"Usar um sensor Hydronix na produ\u00e7\u00e3o de alimentos economiza energia, reduz desperd\u00edcios e o impacto ambiental. Descubra como podemos ajudar.\" \/>\n<meta name=\"robots\" content=\"index, follow, max-snippet:-1, max-image-preview:large, max-video-preview:-1\" \/>\n<link rel=\"canonical\" href=\"https:\/\/www.hydronix.com\/pt-pt\/industrias\/alimentos\/\" \/>\n<meta property=\"og:locale\" content=\"pt_PT\" \/>\n<meta property=\"og:type\" content=\"article\" \/>\n<meta property=\"og:title\" content=\"Sensores de umidade para produ\u00e7\u00e3o alimentar | Hydronix\" \/>\n<meta property=\"og:description\" content=\"Usar um sensor Hydronix na produ\u00e7\u00e3o de alimentos economiza energia, reduz desperd\u00edcios e o impacto ambiental. Descubra como podemos ajudar.\" \/>\n<meta property=\"og:url\" content=\"https:\/\/www.hydronix.com\/pt-pt\/industrias\/alimentos\/\" \/>\n<meta property=\"og:site_name\" content=\"Hydronix\" \/>\n<meta property=\"article:modified_time\" content=\"2023-11-16T14:34:47+00:00\" \/>\n<meta property=\"og:image\" content=\"https:\/\/www.hydronix.com\/wp-content\/uploads\/2022\/09\/E-food.jpg\" \/>\n\t<meta property=\"og:image:width\" content=\"2000\" \/>\n\t<meta property=\"og:image:height\" content=\"400\" \/>\n\t<meta property=\"og:image:type\" content=\"image\/jpeg\" \/>\n<meta name=\"twitter:card\" content=\"summary_large_image\" \/>\n<meta name=\"twitter:label1\" content=\"Tempo estimado de leitura\" \/>\n\t<meta name=\"twitter:data1\" content=\"1 minuto\" \/>\n<script type=\"application\/ld+json\" class=\"yoast-schema-graph\">{\"@context\":\"https:\\\/\\\/schema.org\",\"@graph\":[{\"@type\":\"WebPage\",\"@id\":\"https:\\\/\\\/www.hydronix.com\\\/pt-pt\\\/industrias\\\/alimentos\\\/\",\"url\":\"https:\\\/\\\/www.hydronix.com\\\/pt-pt\\\/industrias\\\/alimentos\\\/\",\"name\":\"Sensores de umidade para produ\u00e7\u00e3o alimentar | Hydronix\",\"isPartOf\":{\"@id\":\"https:\\\/\\\/www.hydronix.com\\\/pt-pt\\\/#website\"},\"primaryImageOfPage\":{\"@id\":\"https:\\\/\\\/www.hydronix.com\\\/pt-pt\\\/industrias\\\/alimentos\\\/#primaryimage\"},\"image\":{\"@id\":\"https:\\\/\\\/www.hydronix.com\\\/pt-pt\\\/industrias\\\/alimentos\\\/#primaryimage\"},\"thumbnailUrl\":\"https:\\\/\\\/www.hydronix.com\\\/wp-content\\\/uploads\\\/2022\\\/09\\\/E-food.jpg\",\"datePublished\":\"2022-09-12T12:53:28+00:00\",\"dateModified\":\"2023-11-16T14:34:47+00:00\",\"description\":\"Usar um sensor Hydronix na produ\u00e7\u00e3o de alimentos economiza energia, reduz desperd\u00edcios e o impacto ambiental. Descubra como podemos ajudar.\",\"breadcrumb\":{\"@id\":\"https:\\\/\\\/www.hydronix.com\\\/pt-pt\\\/industrias\\\/alimentos\\\/#breadcrumb\"},\"inLanguage\":\"pt-PT\",\"potentialAction\":[{\"@type\":\"ReadAction\",\"target\":[\"https:\\\/\\\/www.hydronix.com\\\/pt-pt\\\/industrias\\\/alimentos\\\/\"]}]},{\"@type\":\"ImageObject\",\"inLanguage\":\"pt-PT\",\"@id\":\"https:\\\/\\\/www.hydronix.com\\\/pt-pt\\\/industrias\\\/alimentos\\\/#primaryimage\",\"url\":\"https:\\\/\\\/www.hydronix.com\\\/wp-content\\\/uploads\\\/2022\\\/09\\\/E-food.jpg\",\"contentUrl\":\"https:\\\/\\\/www.hydronix.com\\\/wp-content\\\/uploads\\\/2022\\\/09\\\/E-food.jpg\",\"width\":2000,\"height\":400},{\"@type\":\"BreadcrumbList\",\"@id\":\"https:\\\/\\\/www.hydronix.com\\\/pt-pt\\\/industrias\\\/alimentos\\\/#breadcrumb\",\"itemListElement\":[{\"@type\":\"ListItem\",\"position\":1,\"name\":\"Home\",\"item\":\"https:\\\/\\\/www.hydronix.com\\\/pt-pt\\\/hydronix\\\/\"},{\"@type\":\"ListItem\",\"position\":2,\"name\":\"Ind\u00fastrias\",\"item\":\"https:\\\/\\\/www.hydronix.com\\\/pt-pt\\\/industrias\\\/\"},{\"@type\":\"ListItem\",\"position\":3,\"name\":\"Alimentos\"}]},{\"@type\":\"WebSite\",\"@id\":\"https:\\\/\\\/www.hydronix.com\\\/pt-pt\\\/#website\",\"url\":\"https:\\\/\\\/www.hydronix.com\\\/pt-pt\\\/\",\"name\":\"Hydronix\",\"description\":\"Your partner in moisture measurement\",\"potentialAction\":[{\"@type\":\"SearchAction\",\"target\":{\"@type\":\"EntryPoint\",\"urlTemplate\":\"https:\\\/\\\/www.hydronix.com\\\/pt-pt\\\/?s={search_term_string}\"},\"query-input\":{\"@type\":\"PropertyValueSpecification\",\"valueRequired\":true,\"valueName\":\"search_term_string\"}}],\"inLanguage\":\"pt-PT\"}]}<\/script>\n<!-- \/ Yoast SEO plugin. -->","yoast_head_json":{"title":"Sensores de umidade para produ\u00e7\u00e3o alimentar | Hydronix","description":"Usar um sensor Hydronix na produ\u00e7\u00e3o de alimentos economiza energia, reduz desperd\u00edcios e o impacto ambiental. Descubra como podemos ajudar.","robots":{"index":"index","follow":"follow","max-snippet":"max-snippet:-1","max-image-preview":"max-image-preview:large","max-video-preview":"max-video-preview:-1"},"canonical":"https:\/\/www.hydronix.com\/pt-pt\/industrias\/alimentos\/","og_locale":"pt_PT","og_type":"article","og_title":"Sensores de umidade para produ\u00e7\u00e3o alimentar | Hydronix","og_description":"Usar um sensor Hydronix na produ\u00e7\u00e3o de alimentos economiza energia, reduz desperd\u00edcios e o impacto ambiental. Descubra como podemos ajudar.","og_url":"https:\/\/www.hydronix.com\/pt-pt\/industrias\/alimentos\/","og_site_name":"Hydronix","article_modified_time":"2023-11-16T14:34:47+00:00","og_image":[{"width":2000,"height":400,"url":"https:\/\/www.hydronix.com\/wp-content\/uploads\/2022\/09\/E-food.jpg","type":"image\/jpeg"}],"twitter_card":"summary_large_image","twitter_misc":{"Tempo estimado de leitura":"1 minuto"},"schema":{"@context":"https:\/\/schema.org","@graph":[{"@type":"WebPage","@id":"https:\/\/www.hydronix.com\/pt-pt\/industrias\/alimentos\/","url":"https:\/\/www.hydronix.com\/pt-pt\/industrias\/alimentos\/","name":"Sensores de umidade para produ\u00e7\u00e3o alimentar | Hydronix","isPartOf":{"@id":"https:\/\/www.hydronix.com\/pt-pt\/#website"},"primaryImageOfPage":{"@id":"https:\/\/www.hydronix.com\/pt-pt\/industrias\/alimentos\/#primaryimage"},"image":{"@id":"https:\/\/www.hydronix.com\/pt-pt\/industrias\/alimentos\/#primaryimage"},"thumbnailUrl":"https:\/\/www.hydronix.com\/wp-content\/uploads\/2022\/09\/E-food.jpg","datePublished":"2022-09-12T12:53:28+00:00","dateModified":"2023-11-16T14:34:47+00:00","description":"Usar um sensor Hydronix na produ\u00e7\u00e3o de alimentos economiza energia, reduz desperd\u00edcios e o impacto ambiental. Descubra como podemos ajudar.","breadcrumb":{"@id":"https:\/\/www.hydronix.com\/pt-pt\/industrias\/alimentos\/#breadcrumb"},"inLanguage":"pt-PT","potentialAction":[{"@type":"ReadAction","target":["https:\/\/www.hydronix.com\/pt-pt\/industrias\/alimentos\/"]}]},{"@type":"ImageObject","inLanguage":"pt-PT","@id":"https:\/\/www.hydronix.com\/pt-pt\/industrias\/alimentos\/#primaryimage","url":"https:\/\/www.hydronix.com\/wp-content\/uploads\/2022\/09\/E-food.jpg","contentUrl":"https:\/\/www.hydronix.com\/wp-content\/uploads\/2022\/09\/E-food.jpg","width":2000,"height":400},{"@type":"BreadcrumbList","@id":"https:\/\/www.hydronix.com\/pt-pt\/industrias\/alimentos\/#breadcrumb","itemListElement":[{"@type":"ListItem","position":1,"name":"Home","item":"https:\/\/www.hydronix.com\/pt-pt\/hydronix\/"},{"@type":"ListItem","position":2,"name":"Ind\u00fastrias","item":"https:\/\/www.hydronix.com\/pt-pt\/industrias\/"},{"@type":"ListItem","position":3,"name":"Alimentos"}]},{"@type":"WebSite","@id":"https:\/\/www.hydronix.com\/pt-pt\/#website","url":"https:\/\/www.hydronix.com\/pt-pt\/","name":"Hydronix","description":"Your partner in moisture measurement","potentialAction":[{"@type":"SearchAction","target":{"@type":"EntryPoint","urlTemplate":"https:\/\/www.hydronix.com\/pt-pt\/?s={search_term_string}"},"query-input":{"@type":"PropertyValueSpecification","valueRequired":true,"valueName":"search_term_string"}}],"inLanguage":"pt-PT"}]}},"_links":{"self":[{"href":"https:\/\/www.hydronix.com\/pt-pt\/wp-json\/wp\/v2\/pages\/29681","targetHints":{"allow":["GET"]}}],"collection":[{"href":"https:\/\/www.hydronix.com\/pt-pt\/wp-json\/wp\/v2\/pages"}],"about":[{"href":"https:\/\/www.hydronix.com\/pt-pt\/wp-json\/wp\/v2\/types\/page"}],"author":[{"embeddable":true,"href":"https:\/\/www.hydronix.com\/pt-pt\/wp-json\/wp\/v2\/users\/1"}],"replies":[{"embeddable":true,"href":"https:\/\/www.hydronix.com\/pt-pt\/wp-json\/wp\/v2\/comments?post=29681"}],"version-history":[{"count":0,"href":"https:\/\/www.hydronix.com\/pt-pt\/wp-json\/wp\/v2\/pages\/29681\/revisions"}],"up":[{"embeddable":true,"href":"https:\/\/www.hydronix.com\/pt-pt\/wp-json\/wp\/v2\/pages\/29642"}],"wp:featuredmedia":[{"embeddable":true,"href":"https:\/\/www.hydronix.com\/pt-pt\/wp-json\/wp\/v2\/media\/29163"}],"wp:attachment":[{"href":"https:\/\/www.hydronix.com\/pt-pt\/wp-json\/wp\/v2\/media?parent=29681"}],"wp:term":[{"taxonomy":"industries","embeddable":true,"href":"https:\/\/www.hydronix.com\/pt-pt\/wp-json\/wp\/v2\/industries?post=29681"},{"taxonomy":"process","embeddable":true,"href":"https:\/\/www.hydronix.com\/pt-pt\/wp-json\/wp\/v2\/process?post=29681"}],"curies":[{"name":"wp","href":"https:\/\/api.w.org\/{rel}","templated":true}]}}