{"id":29637,"date":"2022-09-12T12:44:19","date_gmt":"2022-09-12T12:44:19","guid":{"rendered":"https:\/\/hydronix.chilliservers.co.uk\/acerca-da-hydronix\/contacte-nos\/"},"modified":"2023-11-22T16:07:15","modified_gmt":"2023-11-22T16:07:15","slug":"contacte-nos","status":"publish","type":"page","link":"https:\/\/www.hydronix.com\/pt-pt\/acerca-da-hydronix\/contacte-nos\/","title":{"rendered":"Contacte-nos"},"content":{"rendered":"    <div class=\"container-xl\">\n\t\t\n<p>Contacte-nos para obter mais informa\u00e7\u00f5es ao preencher o formul\u00e1rio \u00e0 direita. O seu escrit\u00f3rio local ou o revendedor Hydronix mais pr\u00f3ximo ir\u00e3o contact\u00e1-lo logo que poss\u00edvel. Em alternativa, se preferir, pode escrever-nos ou enviar-nos um e-mail. Os nossos detalhes completos tamb\u00e9m podem ser encontrados abaixo.<\/p>\n    <\/div>\n        <div class=\"container-xl\">\n\t\t\n<p>A Hydronix leva muito a s\u00e9rio a prote\u00e7\u00e3o dos seus dados e s\u00f3 os usar\u00e1 para responder a pedidos que fa\u00e7a para obter mais informa\u00e7\u00f5es ou ajuda. Todos os detalhes sobre os dados que recolhemos e sobre a forma como os utilizamos est\u00e3o dispon\u00edveis na\u00a0<a href=\"https:\/\/www.hydronix.com\/privacy-policy\/\">Pol\u00edtica de Privacidade e Prote\u00e7\u00e3o de Dados Pessoais da Hydronix<\/a>.<\/p>\n    <\/div>\n    ","protected":false},"excerpt":{"rendered":"<p>Contacte-nos para obter mais informa\u00e7\u00f5es ao preencher o formul\u00e1rio \u00e0 direita. O seu escrit\u00f3rio local ou o revendedor Hydronix mais pr\u00f3ximo ir\u00e3o contact\u00e1-lo logo que poss\u00edvel. Em alternativa, se preferir, pode escrever-nos ou enviar-nos um e-mail. Os nossos detalhes completos tamb\u00e9m podem ser encontrados abaixo. A Hydronix leva muito a s\u00e9rio a prote\u00e7\u00e3o dos seus [&#8230;]<\/p>\n<p><a class=\"btn btn-secondary understrap-read-more-link\" href=\"https:\/\/www.hydronix.com\/pt-pt\/acerca-da-hydronix\/contacte-nos\/\">Continuar a ler&#8230;<span class=\"screen-reader-text\"> from Contacte-nos<\/span><\/a><\/p>\n","protected":false},"author":1,"featured_media":0,"parent":29585,"menu_order":440,"comment_status":"closed","ping_status":"closed","template":"page-templates\/contact-us.php","meta":{"_acf_changed":false,"content-type":"","inline_featured_image":false,"footnotes":""},"industries":[],"process":[],"class_list":["post-29637","page","type-page","status-publish","hentry"],"acf":[],"yoast_head":"<!-- This site is optimized with the Yoast SEO plugin v27.1.1 - https:\/\/yoast.com\/product\/yoast-seo-wordpress\/ -->\n<title>Contacte-nos - Hydronix<\/title>\n<meta name=\"description\" content=\"Contacte a Hydronix para obter mais informa\u00e7\u00f5es sobre os nossos sensores de humidade por micro-ondas ou obter apoio para o ajudar a controlar a humidade na sua aplica\u00e7\u00e3o.\" \/>\n<meta name=\"robots\" content=\"index, follow, max-snippet:-1, max-image-preview:large, max-video-preview:-1\" \/>\n<link rel=\"canonical\" href=\"https:\/\/www.hydronix.com\/pt-pt\/acerca-da-hydronix\/contacte-nos\/\" \/>\n<meta property=\"og:locale\" content=\"pt_PT\" \/>\n<meta property=\"og:type\" content=\"article\" \/>\n<meta property=\"og:title\" content=\"Contacte-nos - Hydronix\" \/>\n<meta property=\"og:description\" content=\"Contacte a Hydronix para obter mais informa\u00e7\u00f5es sobre os nossos sensores de humidade por micro-ondas ou obter apoio para o ajudar a controlar a humidade na sua aplica\u00e7\u00e3o.\" \/>\n<meta property=\"og:url\" content=\"https:\/\/www.hydronix.com\/pt-pt\/acerca-da-hydronix\/contacte-nos\/\" \/>\n<meta property=\"og:site_name\" content=\"Hydronix\" \/>\n<meta property=\"article:modified_time\" content=\"2023-11-22T16:07:15+00:00\" \/>\n<meta name=\"twitter:card\" content=\"summary_large_image\" \/>\n<meta name=\"twitter:label1\" content=\"Tempo estimado de leitura\" \/>\n\t<meta name=\"twitter:data1\" content=\"1 minuto\" \/>\n<script type=\"application\/ld+json\" class=\"yoast-schema-graph\">{\"@context\":\"https:\/\/schema.org\",\"@graph\":[{\"@type\":\"WebPage\",\"@id\":\"https:\/\/www.hydronix.com\/pt-pt\/acerca-da-hydronix\/contacte-nos\/\",\"url\":\"https:\/\/www.hydronix.com\/pt-pt\/acerca-da-hydronix\/contacte-nos\/\",\"name\":\"Contacte-nos - Hydronix\",\"isPartOf\":{\"@id\":\"https:\/\/www.hydronix.com\/pt-pt\/#website\"},\"datePublished\":\"2022-09-12T12:44:19+00:00\",\"dateModified\":\"2023-11-22T16:07:15+00:00\",\"description\":\"Contacte a Hydronix para obter mais informa\u00e7\u00f5es sobre os nossos sensores de humidade por micro-ondas ou obter apoio para o ajudar a controlar a humidade na sua aplica\u00e7\u00e3o.\",\"breadcrumb\":{\"@id\":\"https:\/\/www.hydronix.com\/pt-pt\/acerca-da-hydronix\/contacte-nos\/#breadcrumb\"},\"inLanguage\":\"pt-PT\",\"potentialAction\":[{\"@type\":\"ReadAction\",\"target\":[\"https:\/\/www.hydronix.com\/pt-pt\/acerca-da-hydronix\/contacte-nos\/\"]}]},{\"@type\":\"BreadcrumbList\",\"@id\":\"https:\/\/www.hydronix.com\/pt-pt\/acerca-da-hydronix\/contacte-nos\/#breadcrumb\",\"itemListElement\":[{\"@type\":\"ListItem\",\"position\":1,\"name\":\"Home\",\"item\":\"https:\/\/www.hydronix.com\/pt-pt\/\"},{\"@type\":\"ListItem\",\"position\":2,\"name\":\"Acerca da Hydronix\",\"item\":\"https:\/\/www.hydronix.com\/pt-pt\/acerca-da-hydronix\/\"},{\"@type\":\"ListItem\",\"position\":3,\"name\":\"Contacte-nos\"}]},{\"@type\":\"WebSite\",\"@id\":\"https:\/\/www.hydronix.com\/pt-pt\/#website\",\"url\":\"https:\/\/www.hydronix.com\/pt-pt\/\",\"name\":\"Hydronix\",\"description\":\"Your partner in moisture measurement\",\"potentialAction\":[{\"@type\":\"SearchAction\",\"target\":{\"@type\":\"EntryPoint\",\"urlTemplate\":\"https:\/\/www.hydronix.com\/pt-pt\/?s={search_term_string}\"},\"query-input\":{\"@type\":\"PropertyValueSpecification\",\"valueRequired\":true,\"valueName\":\"search_term_string\"}}],\"inLanguage\":\"pt-PT\"}]}<\/script>\n<!-- \/ Yoast SEO plugin. -->","yoast_head_json":{"title":"Contacte-nos - Hydronix","description":"Contacte a Hydronix para obter mais informa\u00e7\u00f5es sobre os nossos sensores de humidade por micro-ondas ou obter apoio para o ajudar a controlar a humidade na sua aplica\u00e7\u00e3o.","robots":{"index":"index","follow":"follow","max-snippet":"max-snippet:-1","max-image-preview":"max-image-preview:large","max-video-preview":"max-video-preview:-1"},"canonical":"https:\/\/www.hydronix.com\/pt-pt\/acerca-da-hydronix\/contacte-nos\/","og_locale":"pt_PT","og_type":"article","og_title":"Contacte-nos - Hydronix","og_description":"Contacte a Hydronix para obter mais informa\u00e7\u00f5es sobre os nossos sensores de humidade por micro-ondas ou obter apoio para o ajudar a controlar a humidade na sua aplica\u00e7\u00e3o.","og_url":"https:\/\/www.hydronix.com\/pt-pt\/acerca-da-hydronix\/contacte-nos\/","og_site_name":"Hydronix","article_modified_time":"2023-11-22T16:07:15+00:00","twitter_card":"summary_large_image","twitter_misc":{"Tempo estimado de leitura":"1 minuto"},"schema":{"@context":"https:\/\/schema.org","@graph":[{"@type":"WebPage","@id":"https:\/\/www.hydronix.com\/pt-pt\/acerca-da-hydronix\/contacte-nos\/","url":"https:\/\/www.hydronix.com\/pt-pt\/acerca-da-hydronix\/contacte-nos\/","name":"Contacte-nos - Hydronix","isPartOf":{"@id":"https:\/\/www.hydronix.com\/pt-pt\/#website"},"datePublished":"2022-09-12T12:44:19+00:00","dateModified":"2023-11-22T16:07:15+00:00","description":"Contacte a Hydronix para obter mais informa\u00e7\u00f5es sobre os nossos sensores de humidade por micro-ondas ou obter apoio para o ajudar a controlar a humidade na sua aplica\u00e7\u00e3o.","breadcrumb":{"@id":"https:\/\/www.hydronix.com\/pt-pt\/acerca-da-hydronix\/contacte-nos\/#breadcrumb"},"inLanguage":"pt-PT","potentialAction":[{"@type":"ReadAction","target":["https:\/\/www.hydronix.com\/pt-pt\/acerca-da-hydronix\/contacte-nos\/"]}]},{"@type":"BreadcrumbList","@id":"https:\/\/www.hydronix.com\/pt-pt\/acerca-da-hydronix\/contacte-nos\/#breadcrumb","itemListElement":[{"@type":"ListItem","position":1,"name":"Home","item":"https:\/\/www.hydronix.com\/pt-pt\/"},{"@type":"ListItem","position":2,"name":"Acerca da Hydronix","item":"https:\/\/www.hydronix.com\/pt-pt\/acerca-da-hydronix\/"},{"@type":"ListItem","position":3,"name":"Contacte-nos"}]},{"@type":"WebSite","@id":"https:\/\/www.hydronix.com\/pt-pt\/#website","url":"https:\/\/www.hydronix.com\/pt-pt\/","name":"Hydronix","description":"Your partner in moisture measurement","potentialAction":[{"@type":"SearchAction","target":{"@type":"EntryPoint","urlTemplate":"https:\/\/www.hydronix.com\/pt-pt\/?s={search_term_string}"},"query-input":{"@type":"PropertyValueSpecification","valueRequired":true,"valueName":"search_term_string"}}],"inLanguage":"pt-PT"}]}},"_links":{"self":[{"href":"https:\/\/www.hydronix.com\/pt-pt\/wp-json\/wp\/v2\/pages\/29637","targetHints":{"allow":["GET"]}}],"collection":[{"href":"https:\/\/www.hydronix.com\/pt-pt\/wp-json\/wp\/v2\/pages"}],"about":[{"href":"https:\/\/www.hydronix.com\/pt-pt\/wp-json\/wp\/v2\/types\/page"}],"author":[{"embeddable":true,"href":"https:\/\/www.hydronix.com\/pt-pt\/wp-json\/wp\/v2\/users\/1"}],"replies":[{"embeddable":true,"href":"https:\/\/www.hydronix.com\/pt-pt\/wp-json\/wp\/v2\/comments?post=29637"}],"version-history":[{"count":0,"href":"https:\/\/www.hydronix.com\/pt-pt\/wp-json\/wp\/v2\/pages\/29637\/revisions"}],"up":[{"embeddable":true,"href":"https:\/\/www.hydronix.com\/pt-pt\/wp-json\/wp\/v2\/pages\/29585"}],"wp:attachment":[{"href":"https:\/\/www.hydronix.com\/pt-pt\/wp-json\/wp\/v2\/media?parent=29637"}],"wp:term":[{"taxonomy":"industries","embeddable":true,"href":"https:\/\/www.hydronix.com\/pt-pt\/wp-json\/wp\/v2\/industries?post=29637"},{"taxonomy":"process","embeddable":true,"href":"https:\/\/www.hydronix.com\/pt-pt\/wp-json\/wp\/v2\/process?post=29637"}],"curies":[{"name":"wp","href":"https:\/\/api.w.org\/{rel}","templated":true}]}}