{"id":29303,"date":"2022-09-12T10:14:34","date_gmt":"2022-09-12T10:14:34","guid":{"rendered":"https:\/\/hydronix.chilliservers.co.uk\/politica-de-privacidade\/"},"modified":"2023-11-23T09:52:26","modified_gmt":"2023-11-23T09:52:26","slug":"politica-de-privacidade","status":"publish","type":"page","link":"https:\/\/www.hydronix.com\/pt-pt\/politica-de-privacidade\/","title":{"rendered":"Pol\u00edtica de Privacidade"},"content":{"rendered":"    <div class=\"container-xl\">\n\t\t\n<p>Bem-vindo ao website da Hydronix. Leia atentamente as seguintes informa\u00e7\u00f5es, uma vez que a utiliza\u00e7\u00e3o deste website significa que aceita seguir e ficar vinculado aos termos e condi\u00e7\u00f5es fornecidos abaixo. A Hydronix reserva-se o direito de alterar ou atualizar este website, ou os termos e condi\u00e7\u00f5es seguintes, em qualquer momento e sem aviso.<\/p>\n    <\/div>\n    \n\n    <div class=\"container-xl pt-4\" id=\"utilizacao-do-website-e-direitos-de-autor\">\n        \n<h2 class=\"wp-block-heading\">Utiliza\u00e7\u00e3o do WebSite e Direitos de Autor<\/h2>\n    <\/div>\n    \n\n    <div class=\"container-xl\">\n\t\t\n<p>Todas as informa\u00e7\u00f5es contidas neste website s\u00e3o propriedade da Hydronix e est\u00e3o protegidas por direitos de autor. Qualquer utiliza\u00e7\u00e3o n\u00e3o autorizada das informa\u00e7\u00f5es contidas neste website poder\u00e1 violar, entre outras, leis de direitos de autor e marcas comerciais. As informa\u00e7\u00f5es podem ser obtidas ou copiadas para uso pessoal, embora o utilizador tenha de reter todos os direitos de autor e outros avisos de propriedade que fa\u00e7am parte dos dados originais.<\/p>\n    <\/div>\n    \n\n    <div class=\"container-xl pt-4\" id=\"garantias-e-limitacoes-de-responsabilidade\">\n        \n<h2 class=\"wp-block-heading\">Garantias e Limita\u00e7\u00f5es de Responsabilidade<\/h2>\n    <\/div>\n    \n\n    <div class=\"container-xl\">\n\t\t\n<p>Embora a Hydronix envide todos os esfor\u00e7os considerados razo\u00e1veis para garantir que as informa\u00e7\u00f5es contidas neste website s\u00e3o precisas no momento da respetiva inclus\u00e3o, as informa\u00e7\u00f5es dispon\u00edveis poder\u00e3o, em qualquer altura, estar incompletas, desatualizadas ou incorretas e ser alteradas sem aviso ou responsabiliza\u00e7\u00e3o. Trata-se de uma condi\u00e7\u00e3o de que os utilizadores aceitam que a Hydronix n\u00e3o ser\u00e1 respons\u00e1vel por qualquer a\u00e7\u00e3o que estes tomem confiando nas informa\u00e7\u00f5es contidas no site. Apesar de a Hydronix envidar todos os esfor\u00e7os para disponibilizar um website ininterrupto e sem atrasos, erros, omiss\u00f5es ou v\u00edrus, tal n\u00e3o pode ser infelizmente garantido.<\/p>\n    <\/div>\n    \n\n    <div class=\"container-xl\">\n\t\t\n<p>A Hydronix, respetivas subsidi\u00e1rias e diretores, parceiros, funcion\u00e1rios, consultores ou agentes, n\u00e3o ser\u00e1, em caso algum, respons\u00e1vel por quaisquer danos diretos, incidentais, especiais, exemplares, punitivos, consequentes ou outros (incluindo, mas n\u00e3o se limitando, a responsabilidade por perda de utiliza\u00e7\u00e3o, dados ou lucros), resultantes de, ou relacionados com, o website da Hydronix.<\/p>\n    <\/div>\n    \n\n    <div class=\"container-xl pt-4\" id=\"protecao-de-dados\">\n        \n<h2 class=\"wp-block-heading\">Prote\u00e7\u00e3o de Dados<\/h2>\n    <\/div>\n    \n\n    <div class=\"container-xl\">\n\t\t\n<p>A Hydronix leva a prote\u00e7\u00e3o de dados muito a s\u00e9rio e tomar\u00e1 bastante cuidado com todas as informa\u00e7\u00f5es pessoais que nos possa fornecer. Mais detalhes sobre os dados que recolhemos e sobre a forma como os utilizamos est\u00e3o dispon\u00edveis na Pol\u00edtica de <a href=\"https:\/\/www.hydronix.com\/wp-content\/uploads\/2023\/09\/hd0807_1_1_0.pdf\">Privacidade e Prote\u00e7\u00e3o de Dados Pessoais da Hydronix<\/a>.<\/p>\n    <\/div>\n    \n\n    <div class=\"container-xl pt-4\" id=\"cookies\">\n        \n<h2 class=\"wp-block-heading\">Cookies<\/h2>\n    <\/div>\n    \n\n    <div class=\"container-xl\">\n\t\t\n<p>Algumas das p\u00e1ginas do website da Hydronix usam cookies para ativar funcionalidades. Trata-se de pequenos ficheiros, que s\u00e3o guardados no seu computador e s\u00e3o automaticamente apagados no fim da sua sess\u00e3o de navega\u00e7\u00e3o. A Hydronix n\u00e3o guarda quaisquer dados pessoais a partir destes cookies. Est\u00e3o dispon\u00edveis mais informa\u00e7\u00f5es sobre cookies e sobre a forma como os utilizamos na nossa <a href=\"https:\/\/www.hydronix.com\/wp-content\/uploads\/2023\/09\/hd0806_1_2_0.pdf\">Pol\u00edtica de Cookies<\/a>.<\/p>\n    <\/div>\n    \n\n    <div class=\"container-xl pt-4\" id=\"ligacoes-para-websites-de-terceiros\">\n        \n<h2 class=\"wp-block-heading\">Liga\u00e7\u00f5es para Websites de Terceiros<\/h2>\n    <\/div>\n    \n\n    <div class=\"container-xl\">\n\t\t\n<p>A Hydronix n\u00e3o \u00e9 respons\u00e1vel pelos conte\u00fados nem pela fidedignidade de outros websites associados e n\u00e3o apoia necessariamente as opini\u00f5es expressas nesses websites. As liga\u00e7\u00f5es de terceiros s\u00e3o fornecidas por conveni\u00eancia para os utilizadores do website da Hydronix. A Hydronix n\u00e3o controla nem \u00e9 respons\u00e1vel por nenhum website associado ou pelo respetivo conte\u00fado.<\/p>\n    <\/div>\n    \n\n    <div class=\"container-xl pt-4\" id=\"apresentacoes-e-comentarios\">\n        \n<h2 class=\"wp-block-heading\">Apresenta\u00e7\u00f5es e Coment\u00e1rios<\/h2>\n    <\/div>\n    \n\n    <div class=\"container-xl\">\n\t\t\n<p>Todos os coment\u00e1rios, informa\u00e7\u00f5es ou materiais apresentados \u00e0 Hydronix por meio do website ser\u00e3o considerados n\u00e3o confidenciais e propriedade da Hydronix Limited. Ao apresentar coment\u00e1rios, informa\u00e7\u00f5es, materiais ou outros conte\u00fados, os utilizadores aceitam a cess\u00e3o gratuita \u00e0 Hydronix Limited de quaisquer direitos, t\u00edtulos e interesse nos coment\u00e1rios, informa\u00e7\u00f5es, materiais ou outros conte\u00fados, que a Hydronix possa utilizar sem restri\u00e7\u00e3o.<\/p>\n    <\/div>\n    \n\n    <div class=\"container-xl pt-4\" id=\"lei-aplicavel-e-jurisdicao\">\n        \n<h2 class=\"wp-block-heading\">Lei Aplic\u00e1vel e Jurisdi\u00e7\u00e3o<\/h2>\n    <\/div>\n    \n\n    <div class=\"container-xl\">\n\t\t\n<p>Este aviso legal ser\u00e1 regido pela lei inglesa.<\/p>\n    <\/div>\n    \n\n    <div class=\"container-xl pt-4\" id=\"contactos-juridicos\">\n        \n<h2 class=\"wp-block-heading\">Contactos Jur\u00eddicos<\/h2>\n    <\/div>\n    \n\n    <div class=\"container-xl\">\n\t\t\n<p>Se os utilizadores deste website tiverem quaisquer quest\u00f5es relativas a estes termos e condi\u00e7\u00f5es, poder\u00e3o contactar a Hydronix por escrito ou por <a href=\"https:\/\/www.hydronix.com\/about-hydronix\/contact-us\/\">e-mail<\/a>.<\/p>\n    <\/div>\n    \n\n    <div class=\"container-xl pt-4\" id=\"sede-social\">\n        \n<h2 class=\"wp-block-heading\">Sede Social<\/h2>\n    <\/div>\n    \n\n    <div class=\"container-xl\">\n\t\t\n<p>Hydronix Limited<br\/>Units 11-12 Henley Business Park<br\/>Pirbright Road<br\/>Normandy<br\/&#038;>Surrey<br\/>GU3 2DX<\/p>\n    <\/div>\n    \n\n    <div class=\"container-xl\">\n\t\t\n<p>N\u00famero de Registo: 01609365<\/p>\n    <\/div>\n    ","protected":false},"excerpt":{"rendered":"<p>Bem-vindo ao website da Hydronix. Leia atentamente as seguintes informa\u00e7\u00f5es, uma vez que a utiliza\u00e7\u00e3o deste website significa que aceita seguir e ficar vinculado aos termos e condi\u00e7\u00f5es fornecidos abaixo. A Hydronix reserva-se o direito de alterar ou atualizar este website, ou os termos e condi\u00e7\u00f5es seguintes, em qualquer momento e sem aviso. Utiliza\u00e7\u00e3o do [&#8230;]<\/p>\n<p><a class=\"btn btn-secondary understrap-read-more-link\" href=\"https:\/\/www.hydronix.com\/pt-pt\/politica-de-privacidade\/\">Continuar a ler&#8230;<span class=\"screen-reader-text\"> from Pol\u00edtica de Privacidade<\/span><\/a><\/p>\n","protected":false},"author":1,"featured_media":0,"parent":0,"menu_order":479,"comment_status":"closed","ping_status":"open","template":"page-templates\/fullwidthpage.php","meta":{"_acf_changed":false,"content-type":"","inline_featured_image":false,"footnotes":""},"industries":[],"process":[],"class_list":["post-29303","page","type-page","status-publish","hentry"],"acf":[],"yoast_head":"<!-- This site is optimized with the Yoast SEO plugin v27.1.1 - https:\/\/yoast.com\/product\/yoast-seo-wordpress\/ -->\n<title>Pol\u00edtica de Privacidade - Hydronix<\/title>\n<meta name=\"robots\" content=\"index, follow, max-snippet:-1, max-image-preview:large, max-video-preview:-1\" \/>\n<link rel=\"canonical\" href=\"https:\/\/www.hydronix.com\/pt-pt\/politica-de-privacidade\/\" \/>\n<meta property=\"og:locale\" content=\"pt_PT\" \/>\n<meta property=\"og:type\" content=\"article\" \/>\n<meta property=\"og:title\" content=\"Pol\u00edtica de Privacidade - Hydronix\" \/>\n<meta property=\"og:description\" content=\"Bem-vindo ao website da Hydronix. Leia atentamente as seguintes informa\u00e7\u00f5es, uma vez que a utiliza\u00e7\u00e3o deste website significa que aceita seguir e ficar vinculado aos termos e condi\u00e7\u00f5es fornecidos abaixo. A Hydronix reserva-se o direito de alterar ou atualizar este website, ou os termos e condi\u00e7\u00f5es seguintes, em qualquer momento e sem aviso. Utiliza\u00e7\u00e3o do [...]Continuar a ler... from Pol\u00edtica de Privacidade\" \/>\n<meta property=\"og:url\" content=\"https:\/\/www.hydronix.com\/pt-pt\/politica-de-privacidade\/\" \/>\n<meta property=\"og:site_name\" content=\"Hydronix\" \/>\n<meta property=\"article:modified_time\" content=\"2023-11-23T09:52:26+00:00\" \/>\n<meta name=\"twitter:card\" content=\"summary_large_image\" \/>\n<meta name=\"twitter:label1\" content=\"Tempo estimado de leitura\" \/>\n\t<meta name=\"twitter:data1\" content=\"3 minutos\" \/>\n<script type=\"application\/ld+json\" class=\"yoast-schema-graph\">{\"@context\":\"https:\/\/schema.org\",\"@graph\":[{\"@type\":\"WebPage\",\"@id\":\"https:\/\/www.hydronix.com\/pt-pt\/politica-de-privacidade\/\",\"url\":\"https:\/\/www.hydronix.com\/pt-pt\/politica-de-privacidade\/\",\"name\":\"Pol\u00edtica de Privacidade - Hydronix\",\"isPartOf\":{\"@id\":\"https:\/\/www.hydronix.com\/pt-pt\/#website\"},\"datePublished\":\"2022-09-12T10:14:34+00:00\",\"dateModified\":\"2023-11-23T09:52:26+00:00\",\"breadcrumb\":{\"@id\":\"https:\/\/www.hydronix.com\/pt-pt\/politica-de-privacidade\/#breadcrumb\"},\"inLanguage\":\"pt-PT\",\"potentialAction\":[{\"@type\":\"ReadAction\",\"target\":[\"https:\/\/www.hydronix.com\/pt-pt\/politica-de-privacidade\/\"]}]},{\"@type\":\"BreadcrumbList\",\"@id\":\"https:\/\/www.hydronix.com\/pt-pt\/politica-de-privacidade\/#breadcrumb\",\"itemListElement\":[{\"@type\":\"ListItem\",\"position\":1,\"name\":\"Home\",\"item\":\"https:\/\/www.hydronix.com\/pt-pt\/\"},{\"@type\":\"ListItem\",\"position\":2,\"name\":\"Pol\u00edtica de Privacidade\"}]},{\"@type\":\"WebSite\",\"@id\":\"https:\/\/www.hydronix.com\/pt-pt\/#website\",\"url\":\"https:\/\/www.hydronix.com\/pt-pt\/\",\"name\":\"Hydronix\",\"description\":\"Your partner in moisture measurement\",\"potentialAction\":[{\"@type\":\"SearchAction\",\"target\":{\"@type\":\"EntryPoint\",\"urlTemplate\":\"https:\/\/www.hydronix.com\/pt-pt\/?s={search_term_string}\"},\"query-input\":{\"@type\":\"PropertyValueSpecification\",\"valueRequired\":true,\"valueName\":\"search_term_string\"}}],\"inLanguage\":\"pt-PT\"}]}<\/script>\n<!-- \/ Yoast SEO plugin. -->","yoast_head_json":{"title":"Pol\u00edtica de Privacidade - Hydronix","robots":{"index":"index","follow":"follow","max-snippet":"max-snippet:-1","max-image-preview":"max-image-preview:large","max-video-preview":"max-video-preview:-1"},"canonical":"https:\/\/www.hydronix.com\/pt-pt\/politica-de-privacidade\/","og_locale":"pt_PT","og_type":"article","og_title":"Pol\u00edtica de Privacidade - Hydronix","og_description":"Bem-vindo ao website da Hydronix. Leia atentamente as seguintes informa\u00e7\u00f5es, uma vez que a utiliza\u00e7\u00e3o deste website significa que aceita seguir e ficar vinculado aos termos e condi\u00e7\u00f5es fornecidos abaixo. A Hydronix reserva-se o direito de alterar ou atualizar este website, ou os termos e condi\u00e7\u00f5es seguintes, em qualquer momento e sem aviso. Utiliza\u00e7\u00e3o do [...]Continuar a ler... from Pol\u00edtica de Privacidade","og_url":"https:\/\/www.hydronix.com\/pt-pt\/politica-de-privacidade\/","og_site_name":"Hydronix","article_modified_time":"2023-11-23T09:52:26+00:00","twitter_card":"summary_large_image","twitter_misc":{"Tempo estimado de leitura":"3 minutos"},"schema":{"@context":"https:\/\/schema.org","@graph":[{"@type":"WebPage","@id":"https:\/\/www.hydronix.com\/pt-pt\/politica-de-privacidade\/","url":"https:\/\/www.hydronix.com\/pt-pt\/politica-de-privacidade\/","name":"Pol\u00edtica de Privacidade - Hydronix","isPartOf":{"@id":"https:\/\/www.hydronix.com\/pt-pt\/#website"},"datePublished":"2022-09-12T10:14:34+00:00","dateModified":"2023-11-23T09:52:26+00:00","breadcrumb":{"@id":"https:\/\/www.hydronix.com\/pt-pt\/politica-de-privacidade\/#breadcrumb"},"inLanguage":"pt-PT","potentialAction":[{"@type":"ReadAction","target":["https:\/\/www.hydronix.com\/pt-pt\/politica-de-privacidade\/"]}]},{"@type":"BreadcrumbList","@id":"https:\/\/www.hydronix.com\/pt-pt\/politica-de-privacidade\/#breadcrumb","itemListElement":[{"@type":"ListItem","position":1,"name":"Home","item":"https:\/\/www.hydronix.com\/pt-pt\/"},{"@type":"ListItem","position":2,"name":"Pol\u00edtica de Privacidade"}]},{"@type":"WebSite","@id":"https:\/\/www.hydronix.com\/pt-pt\/#website","url":"https:\/\/www.hydronix.com\/pt-pt\/","name":"Hydronix","description":"Your partner in moisture measurement","potentialAction":[{"@type":"SearchAction","target":{"@type":"EntryPoint","urlTemplate":"https:\/\/www.hydronix.com\/pt-pt\/?s={search_term_string}"},"query-input":{"@type":"PropertyValueSpecification","valueRequired":true,"valueName":"search_term_string"}}],"inLanguage":"pt-PT"}]}},"_links":{"self":[{"href":"https:\/\/www.hydronix.com\/pt-pt\/wp-json\/wp\/v2\/pages\/29303","targetHints":{"allow":["GET"]}}],"collection":[{"href":"https:\/\/www.hydronix.com\/pt-pt\/wp-json\/wp\/v2\/pages"}],"about":[{"href":"https:\/\/www.hydronix.com\/pt-pt\/wp-json\/wp\/v2\/types\/page"}],"author":[{"embeddable":true,"href":"https:\/\/www.hydronix.com\/pt-pt\/wp-json\/wp\/v2\/users\/1"}],"replies":[{"embeddable":true,"href":"https:\/\/www.hydronix.com\/pt-pt\/wp-json\/wp\/v2\/comments?post=29303"}],"version-history":[{"count":0,"href":"https:\/\/www.hydronix.com\/pt-pt\/wp-json\/wp\/v2\/pages\/29303\/revisions"}],"wp:attachment":[{"href":"https:\/\/www.hydronix.com\/pt-pt\/wp-json\/wp\/v2\/media?parent=29303"}],"wp:term":[{"taxonomy":"industries","embeddable":true,"href":"https:\/\/www.hydronix.com\/pt-pt\/wp-json\/wp\/v2\/industries?post=29303"},{"taxonomy":"process","embeddable":true,"href":"https:\/\/www.hydronix.com\/pt-pt\/wp-json\/wp\/v2\/process?post=29303"}],"curies":[{"name":"wp","href":"https:\/\/api.w.org\/{rel}","templated":true}]}}