{"id":29301,"date":"2023-03-24T09:49:23","date_gmt":"2023-03-24T09:49:23","guid":{"rendered":"https:\/\/hydronix.chilliservers.co.uk\/transferencias-de-produtos\/"},"modified":"2023-11-10T17:02:55","modified_gmt":"2023-11-10T17:02:55","slug":"transferencias-de-produtos","status":"publish","type":"page","link":"https:\/\/www.hydronix.com\/pt-pt\/transferencias-de-produtos\/","title":{"rendered":"Transfer\u00eancias de produtos"},"content":{"rendered":"","protected":false},"excerpt":{"rendered":"<p> [&#8230;]<\/p>\n<p><a class=\"btn btn-secondary understrap-read-more-link\" href=\"https:\/\/www.hydronix.com\/pt-pt\/transferencias-de-produtos\/\">Continuar a ler&#8230;<span class=\"screen-reader-text\"> from Transfer\u00eancias de produtos<\/span><\/a><\/p>\n","protected":false},"author":1,"featured_media":0,"parent":0,"menu_order":10,"comment_status":"closed","ping_status":"closed","template":"page-templates\/downloads.php","meta":{"_acf_changed":false,"content-type":"","inline_featured_image":false,"footnotes":""},"industries":[],"process":[],"class_list":["post-29301","page","type-page","status-publish","hentry"],"acf":[],"yoast_head":"<!-- This site is optimized with the Yoast SEO plugin v27.1.1 - https:\/\/yoast.com\/product\/yoast-seo-wordpress\/ -->\n<title>Transfer\u00eancias de produtos - Hydronix<\/title>\n<meta name=\"description\" content=\"Transfira atualiza\u00e7\u00f5es e software para fornecer suporte \u00e0 fam\u00edlia de produtos, sistemas e acess\u00f3rios de medi\u00e7\u00e3o de humidade por micro-ondas Hydronix.\" \/>\n<meta name=\"robots\" content=\"noindex, follow\" \/>\n<meta property=\"og:locale\" content=\"pt_PT\" \/>\n<meta property=\"og:type\" content=\"article\" \/>\n<meta property=\"og:title\" content=\"Transfer\u00eancias de produtos - Hydronix\" \/>\n<meta property=\"og:description\" content=\"Transfira atualiza\u00e7\u00f5es e software para fornecer suporte \u00e0 fam\u00edlia de produtos, sistemas e acess\u00f3rios de medi\u00e7\u00e3o de humidade por micro-ondas Hydronix.\" \/>\n<meta property=\"og:url\" content=\"https:\/\/www.hydronix.com\/pt-pt\/transferencias-de-produtos\/\" \/>\n<meta property=\"og:site_name\" content=\"Hydronix\" \/>\n<meta property=\"article:modified_time\" content=\"2023-11-10T17:02:55+00:00\" \/>\n<meta name=\"twitter:card\" content=\"summary_large_image\" \/>\n<script type=\"application\/ld+json\" class=\"yoast-schema-graph\">{\"@context\":\"https:\/\/schema.org\",\"@graph\":[{\"@type\":\"WebPage\",\"@id\":\"https:\/\/www.hydronix.com\/pt-pt\/transferencias-de-produtos\/\",\"url\":\"https:\/\/www.hydronix.com\/pt-pt\/transferencias-de-produtos\/\",\"name\":\"Transfer\u00eancias de produtos - Hydronix\",\"isPartOf\":{\"@id\":\"https:\/\/www.hydronix.com\/pt-pt\/#website\"},\"datePublished\":\"2023-03-24T09:49:23+00:00\",\"dateModified\":\"2023-11-10T17:02:55+00:00\",\"description\":\"Transfira atualiza\u00e7\u00f5es e software para fornecer suporte \u00e0 fam\u00edlia de produtos, sistemas e acess\u00f3rios de medi\u00e7\u00e3o de humidade por micro-ondas Hydronix.\",\"breadcrumb\":{\"@id\":\"https:\/\/www.hydronix.com\/pt-pt\/transferencias-de-produtos\/#breadcrumb\"},\"inLanguage\":\"pt-PT\",\"potentialAction\":[{\"@type\":\"ReadAction\",\"target\":[\"https:\/\/www.hydronix.com\/pt-pt\/transferencias-de-produtos\/\"]}]},{\"@type\":\"BreadcrumbList\",\"@id\":\"https:\/\/www.hydronix.com\/pt-pt\/transferencias-de-produtos\/#breadcrumb\",\"itemListElement\":[{\"@type\":\"ListItem\",\"position\":1,\"name\":\"Home\",\"item\":\"https:\/\/www.hydronix.com\/pt-pt\/\"},{\"@type\":\"ListItem\",\"position\":2,\"name\":\"Transfer\u00eancias de produtos\"}]},{\"@type\":\"WebSite\",\"@id\":\"https:\/\/www.hydronix.com\/pt-pt\/#website\",\"url\":\"https:\/\/www.hydronix.com\/pt-pt\/\",\"name\":\"Hydronix\",\"description\":\"Your partner in moisture measurement\",\"potentialAction\":[{\"@type\":\"SearchAction\",\"target\":{\"@type\":\"EntryPoint\",\"urlTemplate\":\"https:\/\/www.hydronix.com\/pt-pt\/?s={search_term_string}\"},\"query-input\":{\"@type\":\"PropertyValueSpecification\",\"valueRequired\":true,\"valueName\":\"search_term_string\"}}],\"inLanguage\":\"pt-PT\"}]}<\/script>\n<!-- \/ Yoast SEO plugin. -->","yoast_head_json":{"title":"Transfer\u00eancias de produtos - Hydronix","description":"Transfira atualiza\u00e7\u00f5es e software para fornecer suporte \u00e0 fam\u00edlia de produtos, sistemas e acess\u00f3rios de medi\u00e7\u00e3o de humidade por micro-ondas Hydronix.","robots":{"index":"noindex","follow":"follow"},"og_locale":"pt_PT","og_type":"article","og_title":"Transfer\u00eancias de produtos - Hydronix","og_description":"Transfira atualiza\u00e7\u00f5es e software para fornecer suporte \u00e0 fam\u00edlia de produtos, sistemas e acess\u00f3rios de medi\u00e7\u00e3o de humidade por micro-ondas Hydronix.","og_url":"https:\/\/www.hydronix.com\/pt-pt\/transferencias-de-produtos\/","og_site_name":"Hydronix","article_modified_time":"2023-11-10T17:02:55+00:00","twitter_card":"summary_large_image","schema":{"@context":"https:\/\/schema.org","@graph":[{"@type":"WebPage","@id":"https:\/\/www.hydronix.com\/pt-pt\/transferencias-de-produtos\/","url":"https:\/\/www.hydronix.com\/pt-pt\/transferencias-de-produtos\/","name":"Transfer\u00eancias de produtos - Hydronix","isPartOf":{"@id":"https:\/\/www.hydronix.com\/pt-pt\/#website"},"datePublished":"2023-03-24T09:49:23+00:00","dateModified":"2023-11-10T17:02:55+00:00","description":"Transfira atualiza\u00e7\u00f5es e software para fornecer suporte \u00e0 fam\u00edlia de produtos, sistemas e acess\u00f3rios de medi\u00e7\u00e3o de humidade por micro-ondas Hydronix.","breadcrumb":{"@id":"https:\/\/www.hydronix.com\/pt-pt\/transferencias-de-produtos\/#breadcrumb"},"inLanguage":"pt-PT","potentialAction":[{"@type":"ReadAction","target":["https:\/\/www.hydronix.com\/pt-pt\/transferencias-de-produtos\/"]}]},{"@type":"BreadcrumbList","@id":"https:\/\/www.hydronix.com\/pt-pt\/transferencias-de-produtos\/#breadcrumb","itemListElement":[{"@type":"ListItem","position":1,"name":"Home","item":"https:\/\/www.hydronix.com\/pt-pt\/"},{"@type":"ListItem","position":2,"name":"Transfer\u00eancias de produtos"}]},{"@type":"WebSite","@id":"https:\/\/www.hydronix.com\/pt-pt\/#website","url":"https:\/\/www.hydronix.com\/pt-pt\/","name":"Hydronix","description":"Your partner in moisture measurement","potentialAction":[{"@type":"SearchAction","target":{"@type":"EntryPoint","urlTemplate":"https:\/\/www.hydronix.com\/pt-pt\/?s={search_term_string}"},"query-input":{"@type":"PropertyValueSpecification","valueRequired":true,"valueName":"search_term_string"}}],"inLanguage":"pt-PT"}]}},"_links":{"self":[{"href":"https:\/\/www.hydronix.com\/pt-pt\/wp-json\/wp\/v2\/pages\/29301","targetHints":{"allow":["GET"]}}],"collection":[{"href":"https:\/\/www.hydronix.com\/pt-pt\/wp-json\/wp\/v2\/pages"}],"about":[{"href":"https:\/\/www.hydronix.com\/pt-pt\/wp-json\/wp\/v2\/types\/page"}],"author":[{"embeddable":true,"href":"https:\/\/www.hydronix.com\/pt-pt\/wp-json\/wp\/v2\/users\/1"}],"replies":[{"embeddable":true,"href":"https:\/\/www.hydronix.com\/pt-pt\/wp-json\/wp\/v2\/comments?post=29301"}],"version-history":[{"count":0,"href":"https:\/\/www.hydronix.com\/pt-pt\/wp-json\/wp\/v2\/pages\/29301\/revisions"}],"wp:attachment":[{"href":"https:\/\/www.hydronix.com\/pt-pt\/wp-json\/wp\/v2\/media?parent=29301"}],"wp:term":[{"taxonomy":"industries","embeddable":true,"href":"https:\/\/www.hydronix.com\/pt-pt\/wp-json\/wp\/v2\/industries?post=29301"},{"taxonomy":"process","embeddable":true,"href":"https:\/\/www.hydronix.com\/pt-pt\/wp-json\/wp\/v2\/process?post=29301"}],"curies":[{"name":"wp","href":"https:\/\/api.w.org\/{rel}","templated":true}]}}