{"id":29236,"date":"2023-01-11T17:26:05","date_gmt":"2023-01-11T17:26:05","guid":{"rendered":"https:\/\/hydronix.chilliservers.co.uk\/pedir-rma\/"},"modified":"2025-09-15T11:59:59","modified_gmt":"2025-09-15T11:59:59","slug":"pedir-rma","status":"publish","type":"page","link":"https:\/\/www.hydronix.com\/pt-pt\/pedir-rma\/","title":{"rendered":"Pedir RMA"},"content":{"rendered":"    \n<!-- hero_short -->\n<section class=\"short_hero d-flex py-5\" style=\"background-image:url(https:\/\/www.hydronix.com\/wp-content\/uploads\/2023\/01\/shutterstock_1990520669-return-cropped-scaled.jpg)\">\n    <div class=\"overlay\"><\/div>\n    <div class=\"container-xl my-auto\">\n        <div class=\"row\">\n            <div class=\"col-lg-5 hero__content\">\n                <h1>Pedir RMA<\/h1>\n            <\/div>\n        <\/div>\n    <\/div>\n<\/section>\n<!--section class=\"sub_page_title py-1 mb-4\">\n    <div class=\"container-xl\">\n        <p id=\"breadcrumbs\"><span><span><a href=\"https:\/\/www.hydronix.com\/pt-pt\/\">Home<\/a><\/span><\/span><\/p>    <\/div>\n<\/section-->\n\n\n\n<div style=\"height:40px\" aria-hidden=\"true\" class=\"wp-block-spacer\"><\/div>\n\n\n    <div class=\"container-xl\">\n\t\t\n<p class=\"w-md-75\">Pe\u00e7a uma autoriza\u00e7\u00e3o de devolu\u00e7\u00e3o de artigo (RMA) ao preencher o formul\u00e1rio abaixo. Em alternativa, contacte-nos pelo endere\u00e7o de e-mail <a href=\"mailto:service@hydronix.com\" target=\"_blank\" rel=\"noreferrer noopener\">service@hydronix.com<\/a>.<\/p>\n    <\/div>\n    \n\n\n<div style=\"height:40px\" aria-hidden=\"true\" class=\"wp-block-spacer\"><\/div>\n\n\n    <div class=\"container-xl\">\n\t\t\n<p class=\"w-md-75\"><\/p>\n    <\/div>\n    \n\n<!-- hs_form -->\n<div class=\"container-xl\" id=\"\">\n<!--[if lte IE 8]>\n<script charset=\"utf-8\" type=\"text\/javascript\" src=\"\/\/js.hsforms.net\/forms\/v2-legacy.js\"><\/script>\n<![endif]-->\n<script charset=\"utf-8\" type=\"text\/javascript\" src=\"\/\/js.hsforms.net\/forms\/v2.js\"><\/script>\n<script>\nhbspt.forms.create({\n    region: \"eu1\",\n    portalId: \"8142423\",\n    formId: \"493283a1-6680-4fa7-8bfc-dd1525078018\"\n});\n<\/script>\n<\/div>","protected":false},"excerpt":{"rendered":"<p>Pe\u00e7a uma autoriza\u00e7\u00e3o de devolu\u00e7\u00e3o de artigo (RMA) ao preencher o formul\u00e1rio abaixo. Em alternativa, contacte-nos pelo endere\u00e7o de e-mail service@hydronix.com. [&#8230;]<\/p>\n<p><a class=\"btn btn-secondary understrap-read-more-link\" href=\"https:\/\/www.hydronix.com\/pt-pt\/pedir-rma\/\">Continuar a ler&#8230;<span class=\"screen-reader-text\"> from Pedir RMA<\/span><\/a><\/p>\n","protected":false},"author":4,"featured_media":29237,"parent":0,"menu_order":333,"comment_status":"closed","ping_status":"closed","template":"","meta":{"_acf_changed":false,"content-type":"","inline_featured_image":false,"footnotes":""},"industries":[],"process":[],"class_list":["post-29236","page","type-page","status-publish","has-post-thumbnail","hentry"],"acf":[],"yoast_head":"<!-- This site is optimized with the Yoast SEO plugin v27.1.1 - https:\/\/yoast.com\/product\/yoast-seo-wordpress\/ -->\n<title>Pedir RMA - Hydronix<\/title>\n<meta name=\"description\" content=\"Pe\u00e7a uma autoriza\u00e7\u00e3o de devolu\u00e7\u00e3o de artigo (RMA) se necessitar de devolver um produto Hydronix, e responderemos logo que poss\u00edvel.\" \/>\n<meta name=\"robots\" content=\"index, follow, max-snippet:-1, max-image-preview:large, max-video-preview:-1\" \/>\n<link rel=\"canonical\" href=\"https:\/\/www.hydronix.com\/pt-pt\/pedir-rma\/\" \/>\n<meta property=\"og:locale\" content=\"pt_PT\" \/>\n<meta property=\"og:type\" content=\"article\" \/>\n<meta property=\"og:title\" content=\"Pedir RMA - Hydronix\" \/>\n<meta property=\"og:description\" content=\"Pe\u00e7a uma autoriza\u00e7\u00e3o de devolu\u00e7\u00e3o de artigo (RMA) se necessitar de devolver um produto Hydronix, e responderemos logo que poss\u00edvel.\" \/>\n<meta property=\"og:url\" content=\"https:\/\/www.hydronix.com\/pt-pt\/pedir-rma\/\" \/>\n<meta property=\"og:site_name\" content=\"Hydronix\" \/>\n<meta property=\"article:modified_time\" content=\"2025-09-15T11:59:59+00:00\" \/>\n<meta property=\"og:image\" content=\"https:\/\/www.hydronix.com\/wp-content\/uploads\/2023\/01\/shutterstock_1990520669-return-cropped-scaled.jpg\" \/>\n\t<meta property=\"og:image:width\" content=\"2560\" \/>\n\t<meta property=\"og:image:height\" content=\"1278\" \/>\n\t<meta property=\"og:image:type\" content=\"image\/jpeg\" \/>\n<meta name=\"twitter:card\" content=\"summary_large_image\" \/>\n<meta name=\"twitter:label1\" content=\"Tempo estimado de leitura\" \/>\n\t<meta name=\"twitter:data1\" content=\"1 minuto\" \/>\n<script type=\"application\/ld+json\" class=\"yoast-schema-graph\">{\"@context\":\"https:\/\/schema.org\",\"@graph\":[{\"@type\":\"WebPage\",\"@id\":\"https:\/\/www.hydronix.com\/pt-pt\/pedir-rma\/\",\"url\":\"https:\/\/www.hydronix.com\/pt-pt\/pedir-rma\/\",\"name\":\"Pedir RMA - Hydronix\",\"isPartOf\":{\"@id\":\"https:\/\/www.hydronix.com\/pt-pt\/#website\"},\"primaryImageOfPage\":{\"@id\":\"https:\/\/www.hydronix.com\/pt-pt\/pedir-rma\/#primaryimage\"},\"image\":{\"@id\":\"https:\/\/www.hydronix.com\/pt-pt\/pedir-rma\/#primaryimage\"},\"thumbnailUrl\":\"https:\/\/www.hydronix.com\/wp-content\/uploads\/2023\/01\/shutterstock_1990520669-return-cropped-scaled.jpg\",\"datePublished\":\"2023-01-11T17:26:05+00:00\",\"dateModified\":\"2025-09-15T11:59:59+00:00\",\"description\":\"Pe\u00e7a uma autoriza\u00e7\u00e3o de devolu\u00e7\u00e3o de artigo (RMA) se necessitar de devolver um produto Hydronix, e responderemos logo que poss\u00edvel.\",\"breadcrumb\":{\"@id\":\"https:\/\/www.hydronix.com\/pt-pt\/pedir-rma\/#breadcrumb\"},\"inLanguage\":\"pt-PT\",\"potentialAction\":[{\"@type\":\"ReadAction\",\"target\":[\"https:\/\/www.hydronix.com\/pt-pt\/pedir-rma\/\"]}]},{\"@type\":\"ImageObject\",\"inLanguage\":\"pt-PT\",\"@id\":\"https:\/\/www.hydronix.com\/pt-pt\/pedir-rma\/#primaryimage\",\"url\":\"https:\/\/www.hydronix.com\/wp-content\/uploads\/2023\/01\/shutterstock_1990520669-return-cropped-scaled.jpg\",\"contentUrl\":\"https:\/\/www.hydronix.com\/wp-content\/uploads\/2023\/01\/shutterstock_1990520669-return-cropped-scaled.jpg\",\"width\":2560,\"height\":1278,\"caption\":\"conceito de prote\u00e7\u00e3o da sa\u00fade, entregas e servi\u00e7o de correio \u2014 cliente a efetuar devolu\u00e7\u00e3o de encomenda ou compra e funcion\u00e1rio com luvas de prote\u00e7\u00e3o a receber caixa\"},{\"@type\":\"BreadcrumbList\",\"@id\":\"https:\/\/www.hydronix.com\/pt-pt\/pedir-rma\/#breadcrumb\",\"itemListElement\":[{\"@type\":\"ListItem\",\"position\":1,\"name\":\"Home\",\"item\":\"https:\/\/www.hydronix.com\/pt-pt\/\"},{\"@type\":\"ListItem\",\"position\":2,\"name\":\"Pedir RMA\"}]},{\"@type\":\"WebSite\",\"@id\":\"https:\/\/www.hydronix.com\/pt-pt\/#website\",\"url\":\"https:\/\/www.hydronix.com\/pt-pt\/\",\"name\":\"Hydronix\",\"description\":\"Your partner in moisture measurement\",\"potentialAction\":[{\"@type\":\"SearchAction\",\"target\":{\"@type\":\"EntryPoint\",\"urlTemplate\":\"https:\/\/www.hydronix.com\/pt-pt\/?s={search_term_string}\"},\"query-input\":{\"@type\":\"PropertyValueSpecification\",\"valueRequired\":true,\"valueName\":\"search_term_string\"}}],\"inLanguage\":\"pt-PT\"}]}<\/script>\n<!-- \/ Yoast SEO plugin. -->","yoast_head_json":{"title":"Pedir RMA - Hydronix","description":"Pe\u00e7a uma autoriza\u00e7\u00e3o de devolu\u00e7\u00e3o de artigo (RMA) se necessitar de devolver um produto Hydronix, e responderemos logo que poss\u00edvel.","robots":{"index":"index","follow":"follow","max-snippet":"max-snippet:-1","max-image-preview":"max-image-preview:large","max-video-preview":"max-video-preview:-1"},"canonical":"https:\/\/www.hydronix.com\/pt-pt\/pedir-rma\/","og_locale":"pt_PT","og_type":"article","og_title":"Pedir RMA - Hydronix","og_description":"Pe\u00e7a uma autoriza\u00e7\u00e3o de devolu\u00e7\u00e3o de artigo (RMA) se necessitar de devolver um produto Hydronix, e responderemos logo que poss\u00edvel.","og_url":"https:\/\/www.hydronix.com\/pt-pt\/pedir-rma\/","og_site_name":"Hydronix","article_modified_time":"2025-09-15T11:59:59+00:00","og_image":[{"width":2560,"height":1278,"url":"https:\/\/www.hydronix.com\/wp-content\/uploads\/2023\/01\/shutterstock_1990520669-return-cropped-scaled.jpg","type":"image\/jpeg"}],"twitter_card":"summary_large_image","twitter_misc":{"Tempo estimado de leitura":"1 minuto"},"schema":{"@context":"https:\/\/schema.org","@graph":[{"@type":"WebPage","@id":"https:\/\/www.hydronix.com\/pt-pt\/pedir-rma\/","url":"https:\/\/www.hydronix.com\/pt-pt\/pedir-rma\/","name":"Pedir RMA - Hydronix","isPartOf":{"@id":"https:\/\/www.hydronix.com\/pt-pt\/#website"},"primaryImageOfPage":{"@id":"https:\/\/www.hydronix.com\/pt-pt\/pedir-rma\/#primaryimage"},"image":{"@id":"https:\/\/www.hydronix.com\/pt-pt\/pedir-rma\/#primaryimage"},"thumbnailUrl":"https:\/\/www.hydronix.com\/wp-content\/uploads\/2023\/01\/shutterstock_1990520669-return-cropped-scaled.jpg","datePublished":"2023-01-11T17:26:05+00:00","dateModified":"2025-09-15T11:59:59+00:00","description":"Pe\u00e7a uma autoriza\u00e7\u00e3o de devolu\u00e7\u00e3o de artigo (RMA) se necessitar de devolver um produto Hydronix, e responderemos logo que poss\u00edvel.","breadcrumb":{"@id":"https:\/\/www.hydronix.com\/pt-pt\/pedir-rma\/#breadcrumb"},"inLanguage":"pt-PT","potentialAction":[{"@type":"ReadAction","target":["https:\/\/www.hydronix.com\/pt-pt\/pedir-rma\/"]}]},{"@type":"ImageObject","inLanguage":"pt-PT","@id":"https:\/\/www.hydronix.com\/pt-pt\/pedir-rma\/#primaryimage","url":"https:\/\/www.hydronix.com\/wp-content\/uploads\/2023\/01\/shutterstock_1990520669-return-cropped-scaled.jpg","contentUrl":"https:\/\/www.hydronix.com\/wp-content\/uploads\/2023\/01\/shutterstock_1990520669-return-cropped-scaled.jpg","width":2560,"height":1278,"caption":"conceito de prote\u00e7\u00e3o da sa\u00fade, entregas e servi\u00e7o de correio \u2014 cliente a efetuar devolu\u00e7\u00e3o de encomenda ou compra e funcion\u00e1rio com luvas de prote\u00e7\u00e3o a receber caixa"},{"@type":"BreadcrumbList","@id":"https:\/\/www.hydronix.com\/pt-pt\/pedir-rma\/#breadcrumb","itemListElement":[{"@type":"ListItem","position":1,"name":"Home","item":"https:\/\/www.hydronix.com\/pt-pt\/"},{"@type":"ListItem","position":2,"name":"Pedir RMA"}]},{"@type":"WebSite","@id":"https:\/\/www.hydronix.com\/pt-pt\/#website","url":"https:\/\/www.hydronix.com\/pt-pt\/","name":"Hydronix","description":"Your partner in moisture measurement","potentialAction":[{"@type":"SearchAction","target":{"@type":"EntryPoint","urlTemplate":"https:\/\/www.hydronix.com\/pt-pt\/?s={search_term_string}"},"query-input":{"@type":"PropertyValueSpecification","valueRequired":true,"valueName":"search_term_string"}}],"inLanguage":"pt-PT"}]}},"_links":{"self":[{"href":"https:\/\/www.hydronix.com\/pt-pt\/wp-json\/wp\/v2\/pages\/29236","targetHints":{"allow":["GET"]}}],"collection":[{"href":"https:\/\/www.hydronix.com\/pt-pt\/wp-json\/wp\/v2\/pages"}],"about":[{"href":"https:\/\/www.hydronix.com\/pt-pt\/wp-json\/wp\/v2\/types\/page"}],"author":[{"embeddable":true,"href":"https:\/\/www.hydronix.com\/pt-pt\/wp-json\/wp\/v2\/users\/4"}],"replies":[{"embeddable":true,"href":"https:\/\/www.hydronix.com\/pt-pt\/wp-json\/wp\/v2\/comments?post=29236"}],"version-history":[{"count":1,"href":"https:\/\/www.hydronix.com\/pt-pt\/wp-json\/wp\/v2\/pages\/29236\/revisions"}],"predecessor-version":[{"id":41603,"href":"https:\/\/www.hydronix.com\/pt-pt\/wp-json\/wp\/v2\/pages\/29236\/revisions\/41603"}],"wp:featuredmedia":[{"embeddable":true,"href":"https:\/\/www.hydronix.com\/pt-pt\/wp-json\/wp\/v2\/media\/29237"}],"wp:attachment":[{"href":"https:\/\/www.hydronix.com\/pt-pt\/wp-json\/wp\/v2\/media?parent=29236"}],"wp:term":[{"taxonomy":"industries","embeddable":true,"href":"https:\/\/www.hydronix.com\/pt-pt\/wp-json\/wp\/v2\/industries?post=29236"},{"taxonomy":"process","embeddable":true,"href":"https:\/\/www.hydronix.com\/pt-pt\/wp-json\/wp\/v2\/process?post=29236"}],"curies":[{"name":"wp","href":"https:\/\/api.w.org\/{rel}","templated":true}]}}