{"id":29218,"date":"2022-09-20T08:57:20","date_gmt":"2022-09-20T08:57:20","guid":{"rendered":"https:\/\/hydronix.chilliservers.co.uk\/concentrador-de-vacuo\/"},"modified":"2023-11-20T14:57:28","modified_gmt":"2023-11-20T14:57:28","slug":"concentrador-de-vacuo","status":"publish","type":"page","link":"https:\/\/www.hydronix.com\/pt-pt\/processos\/concentrador-de-vacuo\/","title":{"rendered":"Concentrador de v\u00e1cuo"},"content":{"rendered":"<!-- icon_hero -->\n<section class=\"application_hero d-flex py-5\" style=\"background-image:url(https:\/\/www.hydronix.com\/wp-content\/uploads\/2022\/12\/Vacuum-pan-abstract.jpg)\">\n    <div class=\"overlay\"><\/div>\n    <div class=\"container my-auto\">\n        <div class=\"row\">\n            <div class=\"col-lg-2\"><img decoding=\"async\" src=\"https:\/\/www.hydronix.com\/wp-content\/themes\/cb-hydronix\/img\/icons\/icon__vacuum-pan--wo.svg\" class=\"w-50 w-lg-100\"><\/div>\n            <div class=\"col-lg-10 d-flex hero__content\"><h1 class=\"my-auto text-white\">Concentrador de v\u00e1cuo<\/h1><\/div>\n        <\/div>\n    <\/div>\n<\/section>\n<section class=\"sub_page_title py-1 mb-4\">\n    <div class=\"container-xl\">\n        <p id=\"breadcrumbs\"><span><span><a href=\"https:\/\/www.hydronix.com\/pt-pt\/\">Home<\/a><\/span><\/span><\/p>    <\/div>\n<\/section>\n\n\n<!-- process_overview -->\n<section class=\"process_overview mb-4\">\n    <div class=\"container-xl\">\n        <div class=\"row g-4\">\n            <div class=\"col-md-6\">\n                <h2 class=\"fs-3 mb-4\">Vista geral<\/h2>\n                <p>Podem ser utilizados sensores em processos cont\u00ednuos e por lote de concentradores de v\u00e1cuo para monitorizar o teor de s\u00f3lidos no material. Desta forma, os produtores t\u00eam uma indica\u00e7\u00e3o muito \u00fatil de quando um concentrador possui a concentra\u00e7\u00e3o correta para passar \u00e0 fase seguinte.<\/p>\n            <\/div>\n            <div class=\"col-md-6\">\n                <h2 class=\"fs-3 mb-4\">Vantagens<\/h2>\n                <div class=\"process_benefits mb-4\">\n                    <div class=\"card\">\n                    <ul class=\"mb-0\"><li>Teor final de s\u00f3lidos finais repet\u00edvel<\/li><li>Redu\u00e7\u00e3o de res\u00edduos<\/li><li>Redu\u00e7\u00e3o do consumo de energia<\/li><\/ul>                    <\/div>\n                <\/div>\n                <h2 class=\"fs-3 mb-4\">Pontos de instala\u00e7\u00e3o<\/h2>\n                <div class=\"row g-4 justify-content-center installation_points installations\">\n                    <div class=\"col-sm-4 text-center\">\n                                                <div class=\"card inactive\">\n                            <img decoding=\"async\" src=\"https:\/\/www.hydronix.com\/wp-content\/themes\/cb-hydronix\/img\/icon--input-inactive.svg\" alt=\"\">\n                                Entrada                        <\/div>\n                    <\/div>\n                    <div class=\"col-sm-4 text-center\">\n                                                <div class=\"card\">\n                            <img decoding=\"async\" src=\"https:\/\/www.hydronix.com\/wp-content\/themes\/cb-hydronix\/img\/icon--in-process.svg\" alt=\"\">\n                                Em processamento                        <\/div>\n                    <\/div>\n                    <div class=\"col-sm-4 text-center\">\n                                                <div class=\"card inactive\">\n                            <img decoding=\"async\" src=\"https:\/\/www.hydronix.com\/wp-content\/themes\/cb-hydronix\/img\/icon--output-inactive.svg\" alt=\"\">\n                                Sa\u00edda                        <\/div>\n                    <\/div>\n                <\/div>\n            <\/div>\n        <\/div>\n    <\/div>\n<\/section>\n\n<!-- application_icons -->\n<section class=\"bg--blue-100  py-4\">\n<div class=\"container py-4\">\n    <h2 class=\"fs-4 text-center mb-4\">Aplica\u00e7\u00f5es t\u00edpicas<\/h2>\n    <div class=\"applications row g-4\">\n                <div class=\"col-sm-4 col-lg-2 applications__card active\">\n            <a href=\"\/pt-pt\/medicao\/alta-temperatura-pt-pt\/\">\n                <img decoding=\"async\" src=\"https:\/\/www.hydronix.com\/wp-content\/themes\/cb-hydronix\/img\/icons\/icon__high-temperature--blue.svg\" alt=\"X --blue\">\n                <div class=\"applications__title\">Alta temperatura<\/div>\n            <\/a>\n        <\/div>\n                    <div class=\"col-sm-4 col-lg-2 applications__card \">\n            <a href=\"\/pt-pt\/medicao\/atmosfera-explosiva-pt-pt\/\">\n                <img decoding=\"async\" src=\"https:\/\/www.hydronix.com\/wp-content\/themes\/cb-hydronix\/img\/icons\/icon__explosive-atmosphere--grey.svg\" alt=\"X --grey\">\n                <div class=\"applications__title\">Atmosfera explosiva<\/div>\n            <\/a>\n        <\/div>\n                    <div class=\"col-sm-4 col-lg-2 applications__card \">\n            <a href=\"\/pt-pt\/medicao\/betao-e-construcao\/\">\n                <img decoding=\"async\" src=\"https:\/\/www.hydronix.com\/wp-content\/themes\/cb-hydronix\/img\/icons\/icon__concrete-construction--grey.svg\" alt=\"X --grey\">\n                <div class=\"applications__title\">Bet\u00e3o e constru\u00e7\u00e3o<\/div>\n            <\/a>\n        <\/div>\n                    <div class=\"col-sm-4 col-lg-2 applications__card \">\n            <a href=\"\/pt-pt\/medicao\/cereais-e-solidos-a-granel\/\">\n                <img decoding=\"async\" src=\"https:\/\/www.hydronix.com\/wp-content\/themes\/cb-hydronix\/img\/icons\/icon__grain-bulk-solids--grey.svg\" alt=\"X --grey\">\n                <div class=\"applications__title\">Cereais e s\u00f3lidos a granel<\/div>\n            <\/a>\n        <\/div>\n                    <div class=\"col-sm-4 col-lg-2 applications__card active\">\n            <a href=\"\/pt-pt\/medicao\/liquidos-pt-pt\/\">\n                <img decoding=\"async\" src=\"https:\/\/www.hydronix.com\/wp-content\/themes\/cb-hydronix\/img\/icons\/icon__liquids--blue.svg\" alt=\"X --blue\">\n                <div class=\"applications__title\">L\u00edquidos<\/div>\n            <\/a>\n        <\/div>\n                    <div class=\"col-sm-4 col-lg-2 applications__card \">\n            <a href=\"\/pt-pt\/medicao\/seguranca-alimentar\/\">\n                <img decoding=\"async\" src=\"https:\/\/www.hydronix.com\/wp-content\/themes\/cb-hydronix\/img\/icons\/icon__food-safe--grey.svg\" alt=\"X --grey\">\n                <div class=\"applications__title\">Seguran\u00e7a alimentar<\/div>\n            <\/a>\n        <\/div>\n                <\/div>\n<\/div>\n<\/section>\n\n<!-- products_by_process -->\n<section class=\"prod_by_app products pb-5\">\n    <div class=\"container-xl\">\n        <h2>Produtos relacionados<\/h2>\n        <div class=\"row g-3\">\n\n    <div class=\"col-sm-6 col-lg-3\">\n        <a class=\"product__card\" href=\"https:\/\/www.hydronix.com\/pt-pt\/products\/hydro-probe-bx\/\">\n        <img decoding=\"async\" src=\"https:\/\/www.hydronix.com\/wp-content\/uploads\/2023\/06\/HDX_HPBX_PerspR_5679transp-e1688129840655-300x148.png\">\n            <div class=\"mb-2 fw-bold\">Hydro-Probe BX<\/div>\n            <div class=\"mb-2 product__subtitle\">Sensor de brix, humidade e s\u00f3lidos dissolvidos: para montagem em recipientes pressurizados<\/div>\n            <div class=\"badges\">\n                            <\/div>        <\/a>\n    <\/div>\n            <\/div>\n    <\/div>\n<\/section>","protected":false},"excerpt":{"rendered":"<p> [&#8230;]<\/p>\n<p><a class=\"btn btn-secondary understrap-read-more-link\" href=\"https:\/\/www.hydronix.com\/pt-pt\/processos\/concentrador-de-vacuo\/\">Continuar a ler&#8230;<span class=\"screen-reader-text\"> from Concentrador de v\u00e1cuo<\/span><\/a><\/p>\n","protected":false},"author":1,"featured_media":0,"parent":29802,"menu_order":700,"comment_status":"closed","ping_status":"closed","template":"","meta":{"_acf_changed":false,"content-type":"","inline_featured_image":false,"footnotes":""},"industries":[],"process":[],"class_list":["post-29218","page","type-page","status-publish","hentry"],"acf":[],"yoast_head":"<!-- This site is optimized with the Yoast SEO plugin v27.1.1 - https:\/\/yoast.com\/product\/yoast-seo-wordpress\/ -->\n<title>Concentrador de v\u00e1cuo - Hydronix<\/title>\n<meta name=\"description\" content=\"A medi\u00e7\u00e3o de humidade em processos de concentradores de v\u00e1cuo fornece uma indica\u00e7\u00e3o muito \u00fatil de quando um concentrador possui a concentra\u00e7\u00e3o correta.\" \/>\n<meta name=\"robots\" content=\"index, follow, max-snippet:-1, max-image-preview:large, max-video-preview:-1\" \/>\n<link rel=\"canonical\" href=\"https:\/\/www.hydronix.com\/pt-pt\/processos\/concentrador-de-vacuo\/\" \/>\n<meta property=\"og:locale\" content=\"pt_PT\" \/>\n<meta property=\"og:type\" content=\"article\" \/>\n<meta property=\"og:title\" content=\"Concentrador de v\u00e1cuo - Hydronix\" \/>\n<meta property=\"og:description\" content=\"A medi\u00e7\u00e3o de humidade em processos de concentradores de v\u00e1cuo fornece uma indica\u00e7\u00e3o muito \u00fatil de quando um concentrador possui a concentra\u00e7\u00e3o correta.\" \/>\n<meta property=\"og:url\" content=\"https:\/\/www.hydronix.com\/pt-pt\/processos\/concentrador-de-vacuo\/\" \/>\n<meta property=\"og:site_name\" content=\"Hydronix\" \/>\n<meta property=\"article:modified_time\" content=\"2023-11-20T14:57:28+00:00\" \/>\n<meta name=\"twitter:card\" content=\"summary_large_image\" \/>\n<script type=\"application\/ld+json\" class=\"yoast-schema-graph\">{\"@context\":\"https:\/\/schema.org\",\"@graph\":[{\"@type\":\"WebPage\",\"@id\":\"https:\/\/www.hydronix.com\/pt-pt\/processos\/concentrador-de-vacuo\/\",\"url\":\"https:\/\/www.hydronix.com\/pt-pt\/processos\/concentrador-de-vacuo\/\",\"name\":\"Concentrador de v\u00e1cuo - Hydronix\",\"isPartOf\":{\"@id\":\"https:\/\/www.hydronix.com\/pt-pt\/#website\"},\"datePublished\":\"2022-09-20T08:57:20+00:00\",\"dateModified\":\"2023-11-20T14:57:28+00:00\",\"description\":\"A medi\u00e7\u00e3o de humidade em processos de concentradores de v\u00e1cuo fornece uma indica\u00e7\u00e3o muito \u00fatil de quando um concentrador possui a concentra\u00e7\u00e3o correta.\",\"breadcrumb\":{\"@id\":\"https:\/\/www.hydronix.com\/pt-pt\/processos\/concentrador-de-vacuo\/#breadcrumb\"},\"inLanguage\":\"pt-PT\",\"potentialAction\":[{\"@type\":\"ReadAction\",\"target\":[\"https:\/\/www.hydronix.com\/pt-pt\/processos\/concentrador-de-vacuo\/\"]}]},{\"@type\":\"BreadcrumbList\",\"@id\":\"https:\/\/www.hydronix.com\/pt-pt\/processos\/concentrador-de-vacuo\/#breadcrumb\",\"itemListElement\":[{\"@type\":\"ListItem\",\"position\":1,\"name\":\"Home\",\"item\":\"https:\/\/www.hydronix.com\/pt-pt\/\"},{\"@type\":\"ListItem\",\"position\":2,\"name\":\"Processos\",\"item\":\"https:\/\/www.hydronix.com\/pt-pt\/processos\/\"},{\"@type\":\"ListItem\",\"position\":3,\"name\":\"Concentrador de v\u00e1cuo\"}]},{\"@type\":\"WebSite\",\"@id\":\"https:\/\/www.hydronix.com\/pt-pt\/#website\",\"url\":\"https:\/\/www.hydronix.com\/pt-pt\/\",\"name\":\"Hydronix\",\"description\":\"Your partner in moisture measurement\",\"potentialAction\":[{\"@type\":\"SearchAction\",\"target\":{\"@type\":\"EntryPoint\",\"urlTemplate\":\"https:\/\/www.hydronix.com\/pt-pt\/?s={search_term_string}\"},\"query-input\":{\"@type\":\"PropertyValueSpecification\",\"valueRequired\":true,\"valueName\":\"search_term_string\"}}],\"inLanguage\":\"pt-PT\"}]}<\/script>\n<!-- \/ Yoast SEO plugin. -->","yoast_head_json":{"title":"Concentrador de v\u00e1cuo - Hydronix","description":"A medi\u00e7\u00e3o de humidade em processos de concentradores de v\u00e1cuo fornece uma indica\u00e7\u00e3o muito \u00fatil de quando um concentrador possui a concentra\u00e7\u00e3o correta.","robots":{"index":"index","follow":"follow","max-snippet":"max-snippet:-1","max-image-preview":"max-image-preview:large","max-video-preview":"max-video-preview:-1"},"canonical":"https:\/\/www.hydronix.com\/pt-pt\/processos\/concentrador-de-vacuo\/","og_locale":"pt_PT","og_type":"article","og_title":"Concentrador de v\u00e1cuo - Hydronix","og_description":"A medi\u00e7\u00e3o de humidade em processos de concentradores de v\u00e1cuo fornece uma indica\u00e7\u00e3o muito \u00fatil de quando um concentrador possui a concentra\u00e7\u00e3o correta.","og_url":"https:\/\/www.hydronix.com\/pt-pt\/processos\/concentrador-de-vacuo\/","og_site_name":"Hydronix","article_modified_time":"2023-11-20T14:57:28+00:00","twitter_card":"summary_large_image","schema":{"@context":"https:\/\/schema.org","@graph":[{"@type":"WebPage","@id":"https:\/\/www.hydronix.com\/pt-pt\/processos\/concentrador-de-vacuo\/","url":"https:\/\/www.hydronix.com\/pt-pt\/processos\/concentrador-de-vacuo\/","name":"Concentrador de v\u00e1cuo - Hydronix","isPartOf":{"@id":"https:\/\/www.hydronix.com\/pt-pt\/#website"},"datePublished":"2022-09-20T08:57:20+00:00","dateModified":"2023-11-20T14:57:28+00:00","description":"A medi\u00e7\u00e3o de humidade em processos de concentradores de v\u00e1cuo fornece uma indica\u00e7\u00e3o muito \u00fatil de quando um concentrador possui a concentra\u00e7\u00e3o correta.","breadcrumb":{"@id":"https:\/\/www.hydronix.com\/pt-pt\/processos\/concentrador-de-vacuo\/#breadcrumb"},"inLanguage":"pt-PT","potentialAction":[{"@type":"ReadAction","target":["https:\/\/www.hydronix.com\/pt-pt\/processos\/concentrador-de-vacuo\/"]}]},{"@type":"BreadcrumbList","@id":"https:\/\/www.hydronix.com\/pt-pt\/processos\/concentrador-de-vacuo\/#breadcrumb","itemListElement":[{"@type":"ListItem","position":1,"name":"Home","item":"https:\/\/www.hydronix.com\/pt-pt\/"},{"@type":"ListItem","position":2,"name":"Processos","item":"https:\/\/www.hydronix.com\/pt-pt\/processos\/"},{"@type":"ListItem","position":3,"name":"Concentrador de v\u00e1cuo"}]},{"@type":"WebSite","@id":"https:\/\/www.hydronix.com\/pt-pt\/#website","url":"https:\/\/www.hydronix.com\/pt-pt\/","name":"Hydronix","description":"Your partner in moisture measurement","potentialAction":[{"@type":"SearchAction","target":{"@type":"EntryPoint","urlTemplate":"https:\/\/www.hydronix.com\/pt-pt\/?s={search_term_string}"},"query-input":{"@type":"PropertyValueSpecification","valueRequired":true,"valueName":"search_term_string"}}],"inLanguage":"pt-PT"}]}},"_links":{"self":[{"href":"https:\/\/www.hydronix.com\/pt-pt\/wp-json\/wp\/v2\/pages\/29218","targetHints":{"allow":["GET"]}}],"collection":[{"href":"https:\/\/www.hydronix.com\/pt-pt\/wp-json\/wp\/v2\/pages"}],"about":[{"href":"https:\/\/www.hydronix.com\/pt-pt\/wp-json\/wp\/v2\/types\/page"}],"author":[{"embeddable":true,"href":"https:\/\/www.hydronix.com\/pt-pt\/wp-json\/wp\/v2\/users\/1"}],"replies":[{"embeddable":true,"href":"https:\/\/www.hydronix.com\/pt-pt\/wp-json\/wp\/v2\/comments?post=29218"}],"version-history":[{"count":0,"href":"https:\/\/www.hydronix.com\/pt-pt\/wp-json\/wp\/v2\/pages\/29218\/revisions"}],"up":[{"embeddable":true,"href":"https:\/\/www.hydronix.com\/pt-pt\/wp-json\/wp\/v2\/pages\/29802"}],"wp:attachment":[{"href":"https:\/\/www.hydronix.com\/pt-pt\/wp-json\/wp\/v2\/media?parent=29218"}],"wp:term":[{"taxonomy":"industries","embeddable":true,"href":"https:\/\/www.hydronix.com\/pt-pt\/wp-json\/wp\/v2\/industries?post=29218"},{"taxonomy":"process","embeddable":true,"href":"https:\/\/www.hydronix.com\/pt-pt\/wp-json\/wp\/v2\/process?post=29218"}],"curies":[{"name":"wp","href":"https:\/\/api.w.org\/{rel}","templated":true}]}}