{"id":29206,"date":"2022-09-14T12:57:33","date_gmt":"2022-09-14T12:57:33","guid":{"rendered":"https:\/\/hydronix.chilliservers.co.uk\/assistencia-e-garantia\/"},"modified":"2023-11-15T12:22:42","modified_gmt":"2023-11-15T12:22:42","slug":"assistencia-e-garantia","status":"publish","type":"page","link":"https:\/\/www.hydronix.com\/pt-pt\/assistencia-e-garantia\/","title":{"rendered":"Assist\u00eancia e garantia"},"content":{"rendered":"    \n<!-- hero_short -->\n<section class=\"short_hero d-flex py-5\" style=\"background-image:url(https:\/\/www.hydronix.com\/wp-content\/uploads\/2022\/09\/hero-product-water-abstract.jpg)\">\n    <div class=\"overlay\"><\/div>\n    <div class=\"container-xl my-auto\">\n        <div class=\"row\">\n            <div class=\"col-lg-5 hero__content\">\n                <h1>Assist\u00eancia e garantia<\/h1>\n            <\/div>\n        <\/div>\n    <\/div>\n<\/section>\n<!--section class=\"sub_page_title py-1 mb-4\">\n    <div class=\"container-xl\">\n        <p id=\"breadcrumbs\"><span><span><a href=\"https:\/\/www.hydronix.com\/pt-pt\/\">Home<\/a><\/span><\/span><\/p>    <\/div>\n<\/section-->\n    <div class=\"container-xl\">\n\t\t\n<p>Compreendemos as implica\u00e7\u00f5es de custos dos per\u00edodos de inatividade das instala\u00e7\u00f5es e a necessidade de agir rapidamente em caso de falha. Para fornecer aos clientes a melhor assist\u00eancia e apoio dispon\u00edveis para o nosso equipamento, a Hydronix oferece uma gama de op\u00e7\u00f5es de assist\u00eancia que beneficiam tanto os revendedores como os utilizadores finais.<\/p>\n    <\/div>\n    <!-- accordion -->\n<section class=\"faq py-5\">\n    <div class=\"container\">\n        <div id=\"accordion\" class=\"w-md-75\"><div class=\"py-4 border-bottom border-top\">  <div class=\"h4 question \" data-bs-toggle=\"collapse\" id=\"heading_0\" data-bs-target=\"#collapse_0\" aria-expanded=\"true\" aria-controls=\"collapse_0\">Garantia Padr\u00e3o de 2\u00a0Anos<\/div>  <div class=\"answer collapse show\" id=\"collapse_0\" aria-labelledby=\"heading_0\" data-bs-parent=\"#accordion\"><div class=\"pt-2\" itemprop=\"text\"><p>Esta garantia \u00e9 gratuita e corresponde \u00e0 garantia padr\u00e3o que a Hydronix oferece para todos os produtos. Fornece cobertura contra defeitos de fabrico e\/ou materiais. Todas as pe\u00e7as comprovadamente com defeito durante o per\u00edodo de garantia ser\u00e3o reparadas ou substitu\u00eddas, e a Hydronix esfor\u00e7ar-se-\u00e1 por devolver todas as pe\u00e7as reparadas no prazo de 15 dias \u00fateis a contar do dia de rece\u00e7\u00e3o. A cobertura vigora durante 2\u00a0anos a partir da data da fatura da Hydronix e, para al\u00e9m disso, todas as repara\u00e7\u00f5es s\u00e3o abrangidas por uma Garantia adicional de 6\u00a0meses. Esta garantia tornar-se-\u00e1 inv\u00e1lida se ocorrerem danos devido a acidentes (tais como danos causados por rel\u00e2mpagos), manuseamento impr\u00f3prio, funcionamento impr\u00f3prio, abuso, funcionamento incorreto, casos de for\u00e7a maior, repara\u00e7\u00e3o ou altera\u00e7\u00e3o n\u00e3o autorizada, ou se o produto n\u00e3o tiver sido utilizado de acordo com as especifica\u00e7\u00f5es e recomenda\u00e7\u00f5es do fabricante.<\/p>\n<\/div><\/div><\/div><div class=\"py-4 border-bottom \">  <div class=\"h4 question collapsed\" data-bs-toggle=\"collapse\" id=\"heading_1\" data-bs-target=\"#collapse_1\" aria-expanded=\"true\" aria-controls=\"collapse_1\">Garantia Prolongada de 4\u00a0Anos<\/div>  <div class=\"answer collapse \" id=\"collapse_1\" aria-labelledby=\"heading_1\" data-bs-parent=\"#accordion\"><div class=\"pt-2\" itemprop=\"text\"><p>Esta op\u00e7\u00e3o fornece todas as coberturas da Garantia Padr\u00e3o em conjunto com uma pol\u00edtica de Substitui\u00e7\u00e3o de Assist\u00eancia melhorada. A Garantia Prolongada de 4\u00a0Anos pode ser comprada retrospetivamente no espa\u00e7o de 6\u00a0meses a partir da data inicial da fatura pela Hydronix e prolonga a cobertura por um per\u00edodo total de 4\u00a0anos. Em caso de falha na unidade, &lt;strong>e independentemente da causa&lt;\/strong>, a Hydronix enviar\u00e1 uma unidade de substitui\u00e7\u00e3o imediata, para qualquer parte do mundo, e prescindir\u00e1 dos custos de substitui\u00e7\u00e3o de assist\u00eancia e dos custos de envio associados (excluindo as taxas e os impostos locais) para a primeira unidade devolvida.<\/p>\n<\/div><\/div><\/div><div class=\"py-4 border-bottom \">  <div class=\"h4 question collapsed\" data-bs-toggle=\"collapse\" id=\"heading_2\" data-bs-target=\"#collapse_2\" aria-expanded=\"true\" aria-controls=\"collapse_2\">Garantia de substitui\u00e7\u00e3o de assist\u00eancia de unidades<\/div>  <div class=\"answer collapse \" id=\"collapse_2\" aria-labelledby=\"heading_2\" data-bs-parent=\"#accordion\"><div class=\"pt-2\" itemprop=\"text\"><p>Na maioria dos casos, as falhas que parecem ser causadas pela falha de um sensor de humidade s\u00e3o originadas pela parte mec\u00e2nica, pelo software ou pelas pe\u00e7as el\u00e9tricas do sistema. O nosso procedimento de garantia de substitui\u00e7\u00e3o de assist\u00eancia garante que os clientes recebem uma unidade de substitui\u00e7\u00e3o o mais rapidamente poss\u00edvel, o que ajuda os engenheiros a identificar rapidamente se o sensor est\u00e1 a funcionar corretamente ou a procurar a verdadeira causa da falha noutra parte do sistema. A Hydronix enviar\u00e1 uma unidade de substitui\u00e7\u00e3o imediata e n\u00e3o cobrar\u00e1 os custos de envio de assist\u00eancia (excluindo as taxas e impostos locais) caso a falha seja abrangida por qualquer uma das Garantias da Hydronix. Se uma unidade devolvida n\u00e3o estiver classificada como devolu\u00e7\u00e3o de garantia, isto \u00e9, se tiver sofrido danos atrav\u00e9s devido ao funcionamento incorreto ou acidente, a Hydronix enviar\u00e1 a fatura dos Custos de Substitui\u00e7\u00e3o de Assist\u00eancia, encargos de envio associados e custos da repara\u00e7\u00e3o para o equipamento devolvido.<\/p>\n<\/div><\/div><\/div><div class=\"py-4 border-bottom \">  <div class=\"h4 question collapsed\" data-bs-toggle=\"collapse\" id=\"heading_3\" data-bs-target=\"#collapse_3\" aria-expanded=\"true\" aria-controls=\"collapse_3\">N\u00e3o Garantia de Assist\u00eancia de Substitui\u00e7\u00e3o<\/div>  <div class=\"answer collapse \" id=\"collapse_3\" aria-labelledby=\"heading_3\" data-bs-parent=\"#accordion\"><div class=\"pt-2\" itemprop=\"text\"><p>Esta op\u00e7\u00e3o pag\u00e1vel permite que os clientes com equipamento sem cobertura de nenhuma das op\u00e7\u00f5es de garantia da Hydronix beneficiem de um servi\u00e7o equivalente e aplic\u00e1vel em unidades com um m\u00e1ximo de 5\u00a0anos de antiguidade, a partir da data da fatura da Hydronix.<\/p>\n<\/div><\/div><\/div><\/div>    <\/div>\n<\/section>","protected":false},"excerpt":{"rendered":"<p>Compreendemos as implica\u00e7\u00f5es de custos dos per\u00edodos de inatividade das instala\u00e7\u00f5es e a necessidade de agir rapidamente em caso de falha. Para fornecer aos clientes a melhor assist\u00eancia e apoio dispon\u00edveis para o nosso equipamento, a Hydronix oferece uma gama de op\u00e7\u00f5es de assist\u00eancia que beneficiam tanto os revendedores como os utilizadores finais. [&#8230;]<\/p>\n<p><a class=\"btn btn-secondary understrap-read-more-link\" href=\"https:\/\/www.hydronix.com\/pt-pt\/assistencia-e-garantia\/\">Continuar a ler&#8230;<span class=\"screen-reader-text\"> from Assist\u00eancia e garantia<\/span><\/a><\/p>\n","protected":false},"author":1,"featured_media":29207,"parent":0,"menu_order":608,"comment_status":"closed","ping_status":"closed","template":"","meta":{"_acf_changed":false,"content-type":"","inline_featured_image":false,"footnotes":""},"industries":[],"process":[],"class_list":["post-29206","page","type-page","status-publish","has-post-thumbnail","hentry"],"acf":[],"yoast_head":"<!-- This site is optimized with the Yoast SEO plugin v27.1.1 - https:\/\/yoast.com\/product\/yoast-seo-wordpress\/ -->\n<title>Assist\u00eancia e garantia - Hydronix<\/title>\n<meta name=\"description\" content=\"Saiba mais sobre as op\u00e7\u00f5es de garantia e assist\u00eancia dispon\u00edveis na Hydronix. Op\u00e7\u00f5es de 2 e 4\u00a0anos para reduzir o custo dos per\u00edodos de inatividade das instala\u00e7\u00f5es.\" \/>\n<meta name=\"robots\" content=\"index, follow, max-snippet:-1, max-image-preview:large, max-video-preview:-1\" \/>\n<link rel=\"canonical\" href=\"https:\/\/www.hydronix.com\/pt-pt\/assistencia-e-garantia\/\" \/>\n<meta property=\"og:locale\" content=\"pt_PT\" \/>\n<meta property=\"og:type\" content=\"article\" \/>\n<meta property=\"og:title\" content=\"Assist\u00eancia e garantia - Hydronix\" \/>\n<meta property=\"og:description\" content=\"Saiba mais sobre as op\u00e7\u00f5es de garantia e assist\u00eancia dispon\u00edveis na Hydronix. Op\u00e7\u00f5es de 2 e 4\u00a0anos para reduzir o custo dos per\u00edodos de inatividade das instala\u00e7\u00f5es.\" \/>\n<meta property=\"og:url\" content=\"https:\/\/www.hydronix.com\/pt-pt\/assistencia-e-garantia\/\" \/>\n<meta property=\"og:site_name\" content=\"Hydronix\" \/>\n<meta property=\"article:modified_time\" content=\"2023-11-15T12:22:42+00:00\" \/>\n<meta property=\"og:image\" content=\"https:\/\/www.hydronix.com\/wp-content\/uploads\/2022\/09\/hero-product-water-abstract.jpg\" \/>\n\t<meta property=\"og:image:width\" content=\"2000\" \/>\n\t<meta property=\"og:image:height\" content=\"400\" \/>\n\t<meta property=\"og:image:type\" content=\"image\/jpeg\" \/>\n<meta name=\"twitter:card\" content=\"summary_large_image\" \/>\n<meta name=\"twitter:label1\" content=\"Tempo estimado de leitura\" \/>\n\t<meta name=\"twitter:data1\" content=\"1 minuto\" \/>\n<script type=\"application\/ld+json\" class=\"yoast-schema-graph\">{\"@context\":\"https:\/\/schema.org\",\"@graph\":[{\"@type\":\"WebPage\",\"@id\":\"https:\/\/www.hydronix.com\/pt-pt\/assistencia-e-garantia\/\",\"url\":\"https:\/\/www.hydronix.com\/pt-pt\/assistencia-e-garantia\/\",\"name\":\"Assist\u00eancia e garantia - Hydronix\",\"isPartOf\":{\"@id\":\"https:\/\/www.hydronix.com\/pt-pt\/#website\"},\"primaryImageOfPage\":{\"@id\":\"https:\/\/www.hydronix.com\/pt-pt\/assistencia-e-garantia\/#primaryimage\"},\"image\":{\"@id\":\"https:\/\/www.hydronix.com\/pt-pt\/assistencia-e-garantia\/#primaryimage\"},\"thumbnailUrl\":\"https:\/\/www.hydronix.com\/wp-content\/uploads\/2022\/09\/hero-product-water-abstract.jpg\",\"datePublished\":\"2022-09-14T12:57:33+00:00\",\"dateModified\":\"2023-11-15T12:22:42+00:00\",\"description\":\"Saiba mais sobre as op\u00e7\u00f5es de garantia e assist\u00eancia dispon\u00edveis na Hydronix. Op\u00e7\u00f5es de 2 e 4\u00a0anos para reduzir o custo dos per\u00edodos de inatividade das instala\u00e7\u00f5es.\",\"breadcrumb\":{\"@id\":\"https:\/\/www.hydronix.com\/pt-pt\/assistencia-e-garantia\/#breadcrumb\"},\"inLanguage\":\"pt-PT\",\"potentialAction\":[{\"@type\":\"ReadAction\",\"target\":[\"https:\/\/www.hydronix.com\/pt-pt\/assistencia-e-garantia\/\"]}]},{\"@type\":\"ImageObject\",\"inLanguage\":\"pt-PT\",\"@id\":\"https:\/\/www.hydronix.com\/pt-pt\/assistencia-e-garantia\/#primaryimage\",\"url\":\"https:\/\/www.hydronix.com\/wp-content\/uploads\/2022\/09\/hero-product-water-abstract.jpg\",\"contentUrl\":\"https:\/\/www.hydronix.com\/wp-content\/uploads\/2022\/09\/hero-product-water-abstract.jpg\",\"width\":2000,\"height\":400},{\"@type\":\"BreadcrumbList\",\"@id\":\"https:\/\/www.hydronix.com\/pt-pt\/assistencia-e-garantia\/#breadcrumb\",\"itemListElement\":[{\"@type\":\"ListItem\",\"position\":1,\"name\":\"Home\",\"item\":\"https:\/\/www.hydronix.com\/pt-pt\/\"},{\"@type\":\"ListItem\",\"position\":2,\"name\":\"Assist\u00eancia e garantia\"}]},{\"@type\":\"WebSite\",\"@id\":\"https:\/\/www.hydronix.com\/pt-pt\/#website\",\"url\":\"https:\/\/www.hydronix.com\/pt-pt\/\",\"name\":\"Hydronix\",\"description\":\"Your partner in moisture measurement\",\"potentialAction\":[{\"@type\":\"SearchAction\",\"target\":{\"@type\":\"EntryPoint\",\"urlTemplate\":\"https:\/\/www.hydronix.com\/pt-pt\/?s={search_term_string}\"},\"query-input\":{\"@type\":\"PropertyValueSpecification\",\"valueRequired\":true,\"valueName\":\"search_term_string\"}}],\"inLanguage\":\"pt-PT\"}]}<\/script>\n<!-- \/ Yoast SEO plugin. -->","yoast_head_json":{"title":"Assist\u00eancia e garantia - Hydronix","description":"Saiba mais sobre as op\u00e7\u00f5es de garantia e assist\u00eancia dispon\u00edveis na Hydronix. Op\u00e7\u00f5es de 2 e 4\u00a0anos para reduzir o custo dos per\u00edodos de inatividade das instala\u00e7\u00f5es.","robots":{"index":"index","follow":"follow","max-snippet":"max-snippet:-1","max-image-preview":"max-image-preview:large","max-video-preview":"max-video-preview:-1"},"canonical":"https:\/\/www.hydronix.com\/pt-pt\/assistencia-e-garantia\/","og_locale":"pt_PT","og_type":"article","og_title":"Assist\u00eancia e garantia - Hydronix","og_description":"Saiba mais sobre as op\u00e7\u00f5es de garantia e assist\u00eancia dispon\u00edveis na Hydronix. Op\u00e7\u00f5es de 2 e 4\u00a0anos para reduzir o custo dos per\u00edodos de inatividade das instala\u00e7\u00f5es.","og_url":"https:\/\/www.hydronix.com\/pt-pt\/assistencia-e-garantia\/","og_site_name":"Hydronix","article_modified_time":"2023-11-15T12:22:42+00:00","og_image":[{"width":2000,"height":400,"url":"https:\/\/www.hydronix.com\/wp-content\/uploads\/2022\/09\/hero-product-water-abstract.jpg","type":"image\/jpeg"}],"twitter_card":"summary_large_image","twitter_misc":{"Tempo estimado de leitura":"1 minuto"},"schema":{"@context":"https:\/\/schema.org","@graph":[{"@type":"WebPage","@id":"https:\/\/www.hydronix.com\/pt-pt\/assistencia-e-garantia\/","url":"https:\/\/www.hydronix.com\/pt-pt\/assistencia-e-garantia\/","name":"Assist\u00eancia e garantia - Hydronix","isPartOf":{"@id":"https:\/\/www.hydronix.com\/pt-pt\/#website"},"primaryImageOfPage":{"@id":"https:\/\/www.hydronix.com\/pt-pt\/assistencia-e-garantia\/#primaryimage"},"image":{"@id":"https:\/\/www.hydronix.com\/pt-pt\/assistencia-e-garantia\/#primaryimage"},"thumbnailUrl":"https:\/\/www.hydronix.com\/wp-content\/uploads\/2022\/09\/hero-product-water-abstract.jpg","datePublished":"2022-09-14T12:57:33+00:00","dateModified":"2023-11-15T12:22:42+00:00","description":"Saiba mais sobre as op\u00e7\u00f5es de garantia e assist\u00eancia dispon\u00edveis na Hydronix. Op\u00e7\u00f5es de 2 e 4\u00a0anos para reduzir o custo dos per\u00edodos de inatividade das instala\u00e7\u00f5es.","breadcrumb":{"@id":"https:\/\/www.hydronix.com\/pt-pt\/assistencia-e-garantia\/#breadcrumb"},"inLanguage":"pt-PT","potentialAction":[{"@type":"ReadAction","target":["https:\/\/www.hydronix.com\/pt-pt\/assistencia-e-garantia\/"]}]},{"@type":"ImageObject","inLanguage":"pt-PT","@id":"https:\/\/www.hydronix.com\/pt-pt\/assistencia-e-garantia\/#primaryimage","url":"https:\/\/www.hydronix.com\/wp-content\/uploads\/2022\/09\/hero-product-water-abstract.jpg","contentUrl":"https:\/\/www.hydronix.com\/wp-content\/uploads\/2022\/09\/hero-product-water-abstract.jpg","width":2000,"height":400},{"@type":"BreadcrumbList","@id":"https:\/\/www.hydronix.com\/pt-pt\/assistencia-e-garantia\/#breadcrumb","itemListElement":[{"@type":"ListItem","position":1,"name":"Home","item":"https:\/\/www.hydronix.com\/pt-pt\/"},{"@type":"ListItem","position":2,"name":"Assist\u00eancia e garantia"}]},{"@type":"WebSite","@id":"https:\/\/www.hydronix.com\/pt-pt\/#website","url":"https:\/\/www.hydronix.com\/pt-pt\/","name":"Hydronix","description":"Your partner in moisture measurement","potentialAction":[{"@type":"SearchAction","target":{"@type":"EntryPoint","urlTemplate":"https:\/\/www.hydronix.com\/pt-pt\/?s={search_term_string}"},"query-input":{"@type":"PropertyValueSpecification","valueRequired":true,"valueName":"search_term_string"}}],"inLanguage":"pt-PT"}]}},"_links":{"self":[{"href":"https:\/\/www.hydronix.com\/pt-pt\/wp-json\/wp\/v2\/pages\/29206","targetHints":{"allow":["GET"]}}],"collection":[{"href":"https:\/\/www.hydronix.com\/pt-pt\/wp-json\/wp\/v2\/pages"}],"about":[{"href":"https:\/\/www.hydronix.com\/pt-pt\/wp-json\/wp\/v2\/types\/page"}],"author":[{"embeddable":true,"href":"https:\/\/www.hydronix.com\/pt-pt\/wp-json\/wp\/v2\/users\/1"}],"replies":[{"embeddable":true,"href":"https:\/\/www.hydronix.com\/pt-pt\/wp-json\/wp\/v2\/comments?post=29206"}],"version-history":[{"count":0,"href":"https:\/\/www.hydronix.com\/pt-pt\/wp-json\/wp\/v2\/pages\/29206\/revisions"}],"wp:featuredmedia":[{"embeddable":true,"href":"https:\/\/www.hydronix.com\/pt-pt\/wp-json\/wp\/v2\/media\/29207"}],"wp:attachment":[{"href":"https:\/\/www.hydronix.com\/pt-pt\/wp-json\/wp\/v2\/media?parent=29206"}],"wp:term":[{"taxonomy":"industries","embeddable":true,"href":"https:\/\/www.hydronix.com\/pt-pt\/wp-json\/wp\/v2\/industries?post=29206"},{"taxonomy":"process","embeddable":true,"href":"https:\/\/www.hydronix.com\/pt-pt\/wp-json\/wp\/v2\/process?post=29206"}],"curies":[{"name":"wp","href":"https:\/\/api.w.org\/{rel}","templated":true}]}}