{"id":29191,"date":"2022-09-12T15:36:48","date_gmt":"2022-09-12T15:36:48","guid":{"rendered":"https:\/\/hydronix.chilliservers.co.uk\/biblioteca-de-videos-hydronix\/"},"modified":"2025-02-20T15:10:32","modified_gmt":"2025-02-20T15:10:32","slug":"biblioteca-de-videos-hydronix","status":"publish","type":"page","link":"https:\/\/www.hydronix.com\/pt-pt\/recursos\/biblioteca-de-videos-hydronix\/","title":{"rendered":"Biblioteca de v\u00eddeos Hydronix"},"content":{"rendered":"    <div class=\"container-xl\">\n\t\t\n<p>Os v\u00eddeos abaixo s\u00e3o um conjunto de apresenta\u00e7\u00f5es de produtos e exemplos de sensores de humidade Hydronix instalados em diferentes aplica\u00e7\u00f5es.<\/p>\n    <\/div>\n    \n\n    <div class=\"container-xl\">\n\t\t\n<p>Para obter mais informa\u00e7\u00f5es sobre aplica\u00e7\u00f5es e a instala\u00e7\u00e3o,&nbsp;<a href=\"https:\/\/www.hydronix.com\/pt-pt\/acerca-da-hydronix\/contacte-nos\/\">contacte-nos<\/a>.<\/p>\n    <\/div>\n    \n\n    <div class=\"container-xl\">\n\t\t\n<p><\/p>\n    <\/div>\n    \n\n<style>\n.video-grid {\n    display: grid;\n    gap: 1rem;\n}\n@media (min-width:992px) {\n    .video-grid {\n        grid-template-columns: repeat(2, 1fr);\n    }\n}\n@media (min-width:1200px) {\n    .video-grid {\n        grid-template-columns: repeat(3, 1fr);\n    }\n}\nlite-vimeo {\n    background-size: cover;\n    background-position: center;\n    background-repeat: no-repeat;\n}\n.video-description {\n    background-color: #0078a9;\n    color: white;\n    min-height: 4rem;\n}\n<\/style>\n<section class=\"three_col_video py-5  \">\n    <div class=\"container-xl\">\n                <h2>Testemunhos de Clientes<\/h2>\n            <div class=\"video-grid\">        <div class=\"video-container\">\n            <div class=\"video-preview ratio ratio-16x9\">\n                                <lite-vimeo videoid=\"1025052168\" style=\"background-image:url('https:\/\/i.vimeocdn.com\/video\/1944527524-f299d8c1e6ef91a8fa23b31f320f773f292a406d4da86b50557e70ef9ec54f26-d_295x166?region=us');\"><\/lite-vimeo>\n                                <\/div>\n            <div class=\"video-description p-2\">\n                Curran Contracting: produ\u00e7\u00e3o de asfalto            <\/div>\n        <\/div>\n            <\/div>    <\/div>\n<\/section>\n<script type=module src=\"https:\/\/www.hydronix.com\/wp-content\/themes\/cb-hydronix\/js\/lite-vimeo.js\" defer><\/script>\n\n\n<style>\n.video-grid {\n    display: grid;\n    gap: 1rem;\n}\n@media (min-width:992px) {\n    .video-grid {\n        grid-template-columns: repeat(2, 1fr);\n    }\n}\n@media (min-width:1200px) {\n    .video-grid {\n        grid-template-columns: repeat(3, 1fr);\n    }\n}\nlite-vimeo {\n    background-size: cover;\n    background-position: center;\n    background-repeat: no-repeat;\n}\n.video-description {\n    background-color: #0078a9;\n    color: white;\n    min-height: 4rem;\n}\n<\/style>\n<section class=\"three_col_video py-5  \">\n    <div class=\"container-xl\">\n                <h2>Bet\u00e3o e constru\u00e7\u00e3o<\/h2>\n            <div class=\"video-grid\">        <div class=\"video-container\">\n            <div class=\"video-preview ratio ratio-16x9\">\n                                <lite-vimeo videoid=\"998723740\" style=\"background-image:url('https:\/\/i.vimeocdn.com\/video\/1914845685-9588a308cf5b84308d15750498092b41d5ec784b2d618deeff89aecf3f2161a7-d_295x166?region=us');\"><\/lite-vimeo>\n                                <\/div>\n            <div class=\"video-description p-2\">\n                Vis\u00e3o geral dos produtos Hydronix para a constru\u00e7\u00e3o de bet\u00e3o            <\/div>\n        <\/div>\n                    <div class=\"video-container\">\n            <div class=\"video-preview ratio ratio-16x9\">\n                                <lite-vimeo videoid=\"236757122\" style=\"background-image:url('https:\/\/i.vimeocdn.com\/video\/658955637-cc8abd8497eac342fe1814d2dd927b93fc8790c077c9f0081fcf1beea058c74a-d_295x166?region=us');\"><\/lite-vimeo>\n                                <\/div>\n            <div class=\"video-description p-2\">\n                Sensor de Humidade por Micro-ondas Hydro-Probe num transportador de areia            <\/div>\n        <\/div>\n                    <div class=\"video-container\">\n            <div class=\"video-preview ratio ratio-16x9\">\n                                <lite-vimeo videoid=\"236549957\" style=\"background-image:url('https:\/\/i.vimeocdn.com\/video\/658688719-3b2df93dd273030c044d3aad803f7ed4ba9ca7f3e391f21cf64aa5d9e825c553-d_640?region=us');\"><\/lite-vimeo>\n                                <\/div>\n            <div class=\"video-description p-2\">\n                Sensor de Humidade Hydro-Mix instalado num transportador de areia Hydro-Skid            <\/div>\n        <\/div>\n                    <div class=\"video-container\">\n            <div class=\"video-preview ratio ratio-16x9\">\n                                <lite-vimeo videoid=\"237904871\" style=\"background-image:url('https:\/\/i.vimeocdn.com\/video\/660449611-62416f3f6ca2813e7841a33febf9e1dd13d08e63d6418c9c9dbcd342d8204e32-d_295x166?region=us');\"><\/lite-vimeo>\n                                <\/div>\n            <div class=\"video-description p-2\">\n                Sensor de Humidade Hydro-Probe instalado sob um dep\u00f3sito de areia            <\/div>\n        <\/div>\n                    <div class=\"video-container\">\n            <div class=\"video-preview ratio ratio-16x9\">\n                                <lite-vimeo videoid=\"237881330\" style=\"background-image:url('https:\/\/i.vimeocdn.com\/video\/660419579-186b3e312f2b9a822cce7bec3436104cd7dcb34395bb7185a07a5babc9591fa8-d_295x166?region=us');\"><\/lite-vimeo>\n                                <\/div>\n            <div class=\"video-description p-2\">\n                Um sensor Hydro-Probe de medi\u00e7\u00e3o de humidade em agregados por baixo de um dep\u00f3sito de agregado            <\/div>\n        <\/div>\n                    <div class=\"video-container\">\n            <div class=\"video-preview ratio ratio-16x9\">\n                                <lite-vimeo videoid=\"236756585\" style=\"background-image:url('https:\/\/i.vimeocdn.com\/video\/658953105-9ff32e9df02203931c54aed7060d84de89a225793cd5d684a56f6e8d14eb0af7-d_295x166?region=us');\"><\/lite-vimeo>\n                                <\/div>\n            <div class=\"video-description p-2\">\n                Medi\u00e7\u00e3o de humidade sobre um transportador de asfalto com um sensor de humidade Hydro-Mix            <\/div>\n        <\/div>\n                    <div class=\"video-container\">\n            <div class=\"video-preview ratio ratio-16x9\">\n                                <lite-vimeo videoid=\"236549211\" style=\"background-image:url('https:\/\/i.vimeocdn.com\/video\/658956852-eef3305326ba81bc6ded510c9e3491b201b267f3ee27aef87f145b21720a76a7-d_295x166?region=us');\"><\/lite-vimeo>\n                                <\/div>\n            <div class=\"video-description p-2\">\n                Sensor Hydro-Mix de medi\u00e7\u00e3o de humidade durante a extra\u00e7\u00e3o de argila numa f\u00e1brica de cer\u00e2mica            <\/div>\n        <\/div>\n                    <div class=\"video-container\">\n            <div class=\"video-preview ratio ratio-16x9\">\n                                <lite-vimeo videoid=\"236758000\" style=\"background-image:url('https:\/\/i.vimeocdn.com\/video\/658960798-d22492e323d5209e26f08363610cc93e66dbcaacd6aaaf12215fad0afeb8c5e6-d_295x166?region=us');\"><\/lite-vimeo>\n                                <\/div>\n            <div class=\"video-description p-2\">\n                Medi\u00e7\u00e3o de humidade num misturador de bet\u00e3o planet\u00e1rio \u2014 Hydro-Probe Orbiter            <\/div>\n        <\/div>\n                    <div class=\"video-container\">\n            <div class=\"video-preview ratio ratio-16x9\">\n                                <lite-vimeo videoid=\"236757019\" style=\"background-image:url('https:\/\/i.vimeocdn.com\/video\/659115070-dbc791159289b029e87cc92790a2a2f66d2810289adf6752b4225df2d89954eb-d_295x166?region=us');\"><\/lite-vimeo>\n                                <\/div>\n            <div class=\"video-description p-2\">\n                Hydro-Probe Orbiter \u2014 Montagem t\u00edpica num misturador            <\/div>\n        <\/div>\n                    <div class=\"video-container\">\n            <div class=\"video-preview ratio ratio-16x9\">\n                                <lite-vimeo videoid=\"236756884\" style=\"background-image:url('https:\/\/i.vimeocdn.com\/video\/659115224-2d0d4018170bca58b36f1b0edd2c5bb04a39c2e9f9fdaae0e15128213c1a8f8c-d_295x166?region=us');\"><\/lite-vimeo>\n                                <\/div>\n            <div class=\"video-description p-2\">\n                Medi\u00e7\u00e3o de humidade em carv\u00e3o britado num transportador com o sensor Hydro-Mix            <\/div>\n        <\/div>\n            <\/div>    <\/div>\n<\/section>\n<script type=module src=\"https:\/\/www.hydronix.com\/wp-content\/themes\/cb-hydronix\/js\/lite-vimeo.js\" defer><\/script>\n\n\n<style>\n.video-grid {\n    display: grid;\n    gap: 1rem;\n}\n@media (min-width:992px) {\n    .video-grid {\n        grid-template-columns: repeat(2, 1fr);\n    }\n}\n@media (min-width:1200px) {\n    .video-grid {\n        grid-template-columns: repeat(3, 1fr);\n    }\n}\nlite-vimeo {\n    background-size: cover;\n    background-position: center;\n    background-repeat: no-repeat;\n}\n.video-description {\n    background-color: #0078a9;\n    color: white;\n    min-height: 4rem;\n}\n<\/style>\n<section class=\"three_col_video py-5  \">\n    <div class=\"container-xl\">\n                <h2>Gr\u00e3os, sementes e frutos de casca rija<\/h2>\n            <div class=\"video-grid\">        <div class=\"video-container\">\n            <div class=\"video-preview ratio ratio-16x9\">\n                                <lite-vimeo videoid=\"241510813\" style=\"background-image:url('https:\/\/i.vimeocdn.com\/video\/665115700-14cd4919690593da2a6f7f8c865f6c6139fcf2a0c195193d2a05e8af6c4e89d5-d_640?region=us');\"><\/lite-vimeo>\n                                <\/div>\n            <div class=\"video-description p-2\">\n                Sensor Hydro-Mix de medi\u00e7\u00e3o de humidade num sistema de canais de gr\u00e3os            <\/div>\n        <\/div>\n                    <div class=\"video-container\">\n            <div class=\"video-preview ratio ratio-16x9\">\n                                <lite-vimeo videoid=\"1058564043\" style=\"background-image:url('https:\/\/i.vimeocdn.com\/video\/1984805032-54e7b3666727846cf68493fc2e8e18cce698b68e63f9ff10592184a14b0c12e9-d_295x166?region=us');\"><\/lite-vimeo>\n                                <\/div>\n            <div class=\"video-description p-2\">\n                Medi\u00e7\u00e3o da humidade num sistema de canais para cereais            <\/div>\n        <\/div>\n                    <div class=\"video-container\">\n            <div class=\"video-preview ratio ratio-16x9\">\n                                <lite-vimeo videoid=\"236551434\" style=\"background-image:url('https:\/\/i.vimeocdn.com\/video\/658960129-6f92b7b3553f03471d0c43574f3cad82d7cc1a5a067185eeab756cff512a8b76-d_295x166?region=us');\"><\/lite-vimeo>\n                                <\/div>\n            <div class=\"video-description p-2\">\n                Medi\u00e7\u00e3o de humidade em gr\u00e3os \u2014 Sensor Hydronix instalado num transportador em massa            <\/div>\n        <\/div>\n                    <div class=\"video-container\">\n            <div class=\"video-preview ratio ratio-16x9\">\n                                <lite-vimeo videoid=\"238045049\" style=\"background-image:url('https:\/\/i.vimeocdn.com\/video\/660631353-ffeb5152be64c3ccc17acbfb0e49f088889443bc28ab37fc233b00acaa0a7968-d_295x166?region=us');\"><\/lite-vimeo>\n                                <\/div>\n            <div class=\"video-description p-2\">\n                Medi\u00e7\u00e3o de humidade em arroz num transportador com um sensor Hydronix            <\/div>\n        <\/div>\n            <\/div>    <\/div>\n<\/section>\n<script type=module src=\"https:\/\/www.hydronix.com\/wp-content\/themes\/cb-hydronix\/js\/lite-vimeo.js\" defer><\/script>\n\n\n<style>\n.video-grid {\n    display: grid;\n    gap: 1rem;\n}\n@media (min-width:992px) {\n    .video-grid {\n        grid-template-columns: repeat(2, 1fr);\n    }\n}\n@media (min-width:1200px) {\n    .video-grid {\n        grid-template-columns: repeat(3, 1fr);\n    }\n}\nlite-vimeo {\n    background-size: cover;\n    background-position: center;\n    background-repeat: no-repeat;\n}\n.video-description {\n    background-color: #0078a9;\n    color: white;\n    min-height: 4rem;\n}\n<\/style>\n<section class=\"three_col_video py-5  \">\n    <div class=\"container-xl\">\n                <h2>Pasta de papel<\/h2>\n            <div class=\"video-grid\">        <div class=\"video-container\">\n            <div class=\"video-preview ratio ratio-16x9\">\n                                <lite-vimeo videoid=\"564077707\" style=\"background-image:url('https:\/\/i.vimeocdn.com\/video\/1166126551-4d0ffc94686de9dd3c96bc804a192a9299d97c3fb7017345a52134a67db81910-d_295x166?region=us');\"><\/lite-vimeo>\n                                <\/div>\n            <div class=\"video-description p-2\">\n                Hydro-Mix num Hydro-Skid em res\u00edduos de papel            <\/div>\n        <\/div>\n            <\/div>    <\/div>\n<\/section>\n<script type=module src=\"https:\/\/www.hydronix.com\/wp-content\/themes\/cb-hydronix\/js\/lite-vimeo.js\" defer><\/script>\n\n\n<style>\n.video-grid {\n    display: grid;\n    gap: 1rem;\n}\n@media (min-width:992px) {\n    .video-grid {\n        grid-template-columns: repeat(2, 1fr);\n    }\n}\n@media (min-width:1200px) {\n    .video-grid {\n        grid-template-columns: repeat(3, 1fr);\n    }\n}\nlite-vimeo {\n    background-size: cover;\n    background-position: center;\n    background-repeat: no-repeat;\n}\n.video-description {\n    background-color: #0078a9;\n    color: white;\n    min-height: 4rem;\n}\n<\/style>\n<section class=\"three_col_video py-5  \">\n    <div class=\"container-xl\">\n                <h2>Apresenta\u00e7\u00f5es de produtos<\/h2>\n            <div class=\"video-grid\">        <div class=\"video-container\">\n            <div class=\"video-preview ratio ratio-16x9\">\n                                <lite-vimeo videoid=\"542033693\" style=\"background-image:url('https:\/\/i.vimeocdn.com\/video\/1122179855-ab59e7b7c2ae2722e340769d314ab0ac5cdabaa1e2a64ed8e2f0c0816dc54f81-d_295x166?region=us');\"><\/lite-vimeo>\n                                <\/div>\n            <div class=\"video-description p-2\">\n                Hydro-Mix XT-EX, sensor de humidade de precis\u00e3o para locais industriais perigosos            <\/div>\n        <\/div>\n                    <div class=\"video-container\">\n            <div class=\"video-preview ratio ratio-16x9\">\n                                <lite-vimeo videoid=\"769813487\" style=\"background-image:url('https:\/\/i.vimeocdn.com\/video\/1545113955-1bbb4bc76234c8983d6e8685d0108d6025b7a0a09092784be44fc20d88d6817d-d_295x166?region=us');\"><\/lite-vimeo>\n                                <\/div>\n            <div class=\"video-description p-2\">\n                Hydro-Mix HT-EX, sensor de alta temperatura para locais industriais perigosos            <\/div>\n        <\/div>\n                    <div class=\"video-container\">\n            <div class=\"video-preview ratio ratio-16x9\">\n                                <lite-vimeo videoid=\"769842522\" style=\"background-image:url('https:\/\/i.vimeocdn.com\/video\/1545163843-52f614a6054fe9050693b44d1641dc979390ea00b1bd048b6f66b6fa2d24f256-d_295x166?region=us');\"><\/lite-vimeo>\n                                <\/div>\n            <div class=\"video-description p-2\">\n                Hydro-Mix XT-FS, sensor de humidade por micro-ondas digital montado \u00e0 face para seguran\u00e7a alimentar            <\/div>\n        <\/div>\n            <\/div>    <\/div>\n<\/section>\n<script type=module src=\"https:\/\/www.hydronix.com\/wp-content\/themes\/cb-hydronix\/js\/lite-vimeo.js\" defer><\/script>\n","protected":false},"excerpt":{"rendered":"<p>Os v\u00eddeos abaixo s\u00e3o um conjunto de apresenta\u00e7\u00f5es de produtos e exemplos de sensores de humidade Hydronix instalados em diferentes aplica\u00e7\u00f5es. Para obter mais informa\u00e7\u00f5es sobre aplica\u00e7\u00f5es e a instala\u00e7\u00e3o,&nbsp;contacte-nos. [&#8230;]<\/p>\n<p><a class=\"btn btn-secondary understrap-read-more-link\" href=\"https:\/\/www.hydronix.com\/pt-pt\/recursos\/biblioteca-de-videos-hydronix\/\">Continuar a ler&#8230;<span class=\"screen-reader-text\"> from Biblioteca de v\u00eddeos Hydronix<\/span><\/a><\/p>\n","protected":false},"author":1,"featured_media":0,"parent":29639,"menu_order":224,"comment_status":"closed","ping_status":"closed","template":"page-templates\/fullwidthpage.php","meta":{"_acf_changed":false,"content-type":"","inline_featured_image":false,"footnotes":""},"industries":[],"process":[],"class_list":["post-29191","page","type-page","status-publish","hentry"],"acf":[],"yoast_head":"<!-- This site is optimized with the Yoast SEO plugin v27.1.1 - https:\/\/yoast.com\/product\/yoast-seo-wordpress\/ -->\n<title>Biblioteca de v\u00eddeos Hydronix - Hydronix<\/title>\n<meta name=\"description\" content=\"A biblioteca de v\u00eddeos Hydronix apresenta sensores de humidade por micro-ondas l\u00edderes do setor para uma ampla variedade de ind\u00fastrias e aplica\u00e7\u00f5es.\" \/>\n<meta name=\"robots\" content=\"index, follow, max-snippet:-1, max-image-preview:large, max-video-preview:-1\" \/>\n<link rel=\"canonical\" href=\"https:\/\/www.hydronix.com\/pt-pt\/recursos\/biblioteca-de-videos-hydronix\/\" \/>\n<meta property=\"og:locale\" content=\"pt_PT\" \/>\n<meta property=\"og:type\" content=\"article\" \/>\n<meta property=\"og:title\" content=\"Biblioteca de v\u00eddeos Hydronix - Hydronix\" \/>\n<meta property=\"og:description\" content=\"A biblioteca de v\u00eddeos Hydronix apresenta sensores de humidade por micro-ondas l\u00edderes do setor para uma ampla variedade de ind\u00fastrias e aplica\u00e7\u00f5es.\" \/>\n<meta property=\"og:url\" content=\"https:\/\/www.hydronix.com\/pt-pt\/recursos\/biblioteca-de-videos-hydronix\/\" \/>\n<meta property=\"og:site_name\" content=\"Hydronix\" \/>\n<meta property=\"article:modified_time\" content=\"2025-02-20T15:10:32+00:00\" \/>\n<meta name=\"twitter:card\" content=\"summary_large_image\" \/>\n<meta name=\"twitter:label1\" content=\"Tempo estimado de leitura\" \/>\n\t<meta name=\"twitter:data1\" content=\"1 minuto\" \/>\n<script type=\"application\/ld+json\" class=\"yoast-schema-graph\">{\"@context\":\"https:\/\/schema.org\",\"@graph\":[{\"@type\":\"WebPage\",\"@id\":\"https:\/\/www.hydronix.com\/pt-pt\/recursos\/biblioteca-de-videos-hydronix\/\",\"url\":\"https:\/\/www.hydronix.com\/pt-pt\/recursos\/biblioteca-de-videos-hydronix\/\",\"name\":\"Biblioteca de v\u00eddeos Hydronix - Hydronix\",\"isPartOf\":{\"@id\":\"https:\/\/www.hydronix.com\/pt-pt\/#website\"},\"datePublished\":\"2022-09-12T15:36:48+00:00\",\"dateModified\":\"2025-02-20T15:10:32+00:00\",\"description\":\"A biblioteca de v\u00eddeos Hydronix apresenta sensores de humidade por micro-ondas l\u00edderes do setor para uma ampla variedade de ind\u00fastrias e aplica\u00e7\u00f5es.\",\"breadcrumb\":{\"@id\":\"https:\/\/www.hydronix.com\/pt-pt\/recursos\/biblioteca-de-videos-hydronix\/#breadcrumb\"},\"inLanguage\":\"pt-PT\",\"potentialAction\":[{\"@type\":\"ReadAction\",\"target\":[\"https:\/\/www.hydronix.com\/pt-pt\/recursos\/biblioteca-de-videos-hydronix\/\"]}]},{\"@type\":\"BreadcrumbList\",\"@id\":\"https:\/\/www.hydronix.com\/pt-pt\/recursos\/biblioteca-de-videos-hydronix\/#breadcrumb\",\"itemListElement\":[{\"@type\":\"ListItem\",\"position\":1,\"name\":\"Home\",\"item\":\"https:\/\/www.hydronix.com\/pt-pt\/\"},{\"@type\":\"ListItem\",\"position\":2,\"name\":\"Recursos\",\"item\":\"https:\/\/www.hydronix.com\/pt-pt\/resources\/\"},{\"@type\":\"ListItem\",\"position\":3,\"name\":\"Biblioteca de v\u00eddeos Hydronix\"}]},{\"@type\":\"WebSite\",\"@id\":\"https:\/\/www.hydronix.com\/pt-pt\/#website\",\"url\":\"https:\/\/www.hydronix.com\/pt-pt\/\",\"name\":\"Hydronix\",\"description\":\"Your partner in moisture measurement\",\"potentialAction\":[{\"@type\":\"SearchAction\",\"target\":{\"@type\":\"EntryPoint\",\"urlTemplate\":\"https:\/\/www.hydronix.com\/pt-pt\/?s={search_term_string}\"},\"query-input\":{\"@type\":\"PropertyValueSpecification\",\"valueRequired\":true,\"valueName\":\"search_term_string\"}}],\"inLanguage\":\"pt-PT\"}]}<\/script>\n<!-- \/ Yoast SEO plugin. -->","yoast_head_json":{"title":"Biblioteca de v\u00eddeos Hydronix - Hydronix","description":"A biblioteca de v\u00eddeos Hydronix apresenta sensores de humidade por micro-ondas l\u00edderes do setor para uma ampla variedade de ind\u00fastrias e aplica\u00e7\u00f5es.","robots":{"index":"index","follow":"follow","max-snippet":"max-snippet:-1","max-image-preview":"max-image-preview:large","max-video-preview":"max-video-preview:-1"},"canonical":"https:\/\/www.hydronix.com\/pt-pt\/recursos\/biblioteca-de-videos-hydronix\/","og_locale":"pt_PT","og_type":"article","og_title":"Biblioteca de v\u00eddeos Hydronix - Hydronix","og_description":"A biblioteca de v\u00eddeos Hydronix apresenta sensores de humidade por micro-ondas l\u00edderes do setor para uma ampla variedade de ind\u00fastrias e aplica\u00e7\u00f5es.","og_url":"https:\/\/www.hydronix.com\/pt-pt\/recursos\/biblioteca-de-videos-hydronix\/","og_site_name":"Hydronix","article_modified_time":"2025-02-20T15:10:32+00:00","twitter_card":"summary_large_image","twitter_misc":{"Tempo estimado de leitura":"1 minuto"},"schema":{"@context":"https:\/\/schema.org","@graph":[{"@type":"WebPage","@id":"https:\/\/www.hydronix.com\/pt-pt\/recursos\/biblioteca-de-videos-hydronix\/","url":"https:\/\/www.hydronix.com\/pt-pt\/recursos\/biblioteca-de-videos-hydronix\/","name":"Biblioteca de v\u00eddeos Hydronix - Hydronix","isPartOf":{"@id":"https:\/\/www.hydronix.com\/pt-pt\/#website"},"datePublished":"2022-09-12T15:36:48+00:00","dateModified":"2025-02-20T15:10:32+00:00","description":"A biblioteca de v\u00eddeos Hydronix apresenta sensores de humidade por micro-ondas l\u00edderes do setor para uma ampla variedade de ind\u00fastrias e aplica\u00e7\u00f5es.","breadcrumb":{"@id":"https:\/\/www.hydronix.com\/pt-pt\/recursos\/biblioteca-de-videos-hydronix\/#breadcrumb"},"inLanguage":"pt-PT","potentialAction":[{"@type":"ReadAction","target":["https:\/\/www.hydronix.com\/pt-pt\/recursos\/biblioteca-de-videos-hydronix\/"]}]},{"@type":"BreadcrumbList","@id":"https:\/\/www.hydronix.com\/pt-pt\/recursos\/biblioteca-de-videos-hydronix\/#breadcrumb","itemListElement":[{"@type":"ListItem","position":1,"name":"Home","item":"https:\/\/www.hydronix.com\/pt-pt\/"},{"@type":"ListItem","position":2,"name":"Recursos","item":"https:\/\/www.hydronix.com\/pt-pt\/resources\/"},{"@type":"ListItem","position":3,"name":"Biblioteca de v\u00eddeos Hydronix"}]},{"@type":"WebSite","@id":"https:\/\/www.hydronix.com\/pt-pt\/#website","url":"https:\/\/www.hydronix.com\/pt-pt\/","name":"Hydronix","description":"Your partner in moisture measurement","potentialAction":[{"@type":"SearchAction","target":{"@type":"EntryPoint","urlTemplate":"https:\/\/www.hydronix.com\/pt-pt\/?s={search_term_string}"},"query-input":{"@type":"PropertyValueSpecification","valueRequired":true,"valueName":"search_term_string"}}],"inLanguage":"pt-PT"}]}},"_links":{"self":[{"href":"https:\/\/www.hydronix.com\/pt-pt\/wp-json\/wp\/v2\/pages\/29191","targetHints":{"allow":["GET"]}}],"collection":[{"href":"https:\/\/www.hydronix.com\/pt-pt\/wp-json\/wp\/v2\/pages"}],"about":[{"href":"https:\/\/www.hydronix.com\/pt-pt\/wp-json\/wp\/v2\/types\/page"}],"author":[{"embeddable":true,"href":"https:\/\/www.hydronix.com\/pt-pt\/wp-json\/wp\/v2\/users\/1"}],"replies":[{"embeddable":true,"href":"https:\/\/www.hydronix.com\/pt-pt\/wp-json\/wp\/v2\/comments?post=29191"}],"version-history":[{"count":3,"href":"https:\/\/www.hydronix.com\/pt-pt\/wp-json\/wp\/v2\/pages\/29191\/revisions"}],"predecessor-version":[{"id":39357,"href":"https:\/\/www.hydronix.com\/pt-pt\/wp-json\/wp\/v2\/pages\/29191\/revisions\/39357"}],"up":[{"embeddable":true,"href":"https:\/\/www.hydronix.com\/pt-pt\/wp-json\/wp\/v2\/pages\/29639"}],"wp:attachment":[{"href":"https:\/\/www.hydronix.com\/pt-pt\/wp-json\/wp\/v2\/media?parent=29191"}],"wp:term":[{"taxonomy":"industries","embeddable":true,"href":"https:\/\/www.hydronix.com\/pt-pt\/wp-json\/wp\/v2\/industries?post=29191"},{"taxonomy":"process","embeddable":true,"href":"https:\/\/www.hydronix.com\/pt-pt\/wp-json\/wp\/v2\/process?post=29191"}],"curies":[{"name":"wp","href":"https:\/\/api.w.org\/{rel}","templated":true}]}}