{"id":36892,"date":"2024-06-27T12:29:56","date_gmt":"2024-06-27T12:29:56","guid":{"rendered":"https:\/\/www.hydronix.com\/?page_id=36892"},"modified":"2024-08-01T09:37:27","modified_gmt":"2024-08-01T09:37:27","slug":"convogliamento","status":"publish","type":"page","link":"https:\/\/www.hydronix.com\/it\/processi\/convogliamento\/","title":{"rendered":"Convogliamento"},"content":{"rendered":"<!-- icon_hero -->\n<section class=\"application_hero d-flex py-5\" style=\"background-image:url(https:\/\/www.hydronix.com\/wp-content\/uploads\/2024\/06\/shutterstock_237863170-conveying-small.jpg)\">\n    <div class=\"overlay\"><\/div>\n    <div class=\"container my-auto\">\n        <div class=\"row\">\n            <div class=\"col-lg-2\"><img decoding=\"async\" src=\"https:\/\/www.hydronix.com\/wp-content\/themes\/cb-hydronix\/img\/icons\/icon__conveying--wo.svg\" class=\"w-50 w-lg-100\"><\/div>\n            <div class=\"col-lg-10 d-flex hero__content\"><h1 class=\"my-auto text-white\">Convogliamento<\/h1><\/div>\n        <\/div>\n    <\/div>\n<\/section>\n<section class=\"sub_page_title py-1 mb-4\">\n    <div class=\"container-xl\">\n        <p id=\"breadcrumbs\"><span><span><a href=\"https:\/\/www.hydronix.com\/it\/\">Home<\/a><\/span><\/span><\/p>    <\/div>\n<\/section>\n\n\n<!-- process_overview -->\n<section class=\"process_overview mb-4\">\n    <div class=\"container-xl\">\n        <div class=\"row g-4\">\n            <div class=\"col-md-6\">\n                <h2 class=\"fs-3 mb-4\">Panoramica<\/h2>\n                <p>La misurazione dell&#8217;umidit\u00e0 \u00e8 importante durante il convogliamento del materiale in un impianto tra le fasi del trattamento. I sensori possono essere utilizzati in convogliatori, condotti\/scivoli, miscelatori, tramogge e uscite di silos. I sistemi di controllo possono utilizzare le misurazioni come variabili di processo per vari circuiti di controllo e per il monitoraggio delle prestazioni dell&#8217;impianto. Il valore dell&#8217;umidit\u00e0 pu\u00f2 essere utilizzato dal personale addetto alla garanzia di qualit\u00e0 per registrare le umidit\u00e0 del prodotto nei punti fondamentali del processo. In tal modo si ottengono delle rese maggiori, si riducono gli scarti e si abbassa al minimo il consumo di energia.<\/p>\n            <\/div>\n            <div class=\"col-md-6\">\n                <h2 class=\"fs-3 mb-4\">Vantaggi<\/h2>\n                <div class=\"process_benefits mb-4\">\n                    <div class=\"card\">\n                    <ul class=\"mb-0\"><li>Monitoraggio della materia prima<\/li><li>Minore variabilit\u00e0 della produzione<\/li><li>Miglioramento della resa<\/li><li>Riduzione dei consumi energetici e delle emissioni<\/li><\/ul>                    <\/div>\n                <\/div>\n                <h2 class=\"fs-3 mb-4\">Punti di installazione<\/h2>\n                <div class=\"row g-4 justify-content-center installation_points installations\">\n                    <div class=\"col-sm-4 text-center\">\n                                                <div class=\"card inactive\">\n                            <img decoding=\"async\" src=\"https:\/\/www.hydronix.com\/wp-content\/themes\/cb-hydronix\/img\/icon--input-inactive.svg\" alt=\"\">\n                                Ingresso                        <\/div>\n                    <\/div>\n                    <div class=\"col-sm-4 text-center\">\n                                                <div class=\"card\">\n                            <img decoding=\"async\" src=\"https:\/\/www.hydronix.com\/wp-content\/themes\/cb-hydronix\/img\/icon--in-process.svg\" alt=\"\">\n                                Nel processo                        <\/div>\n                    <\/div>\n                    <div class=\"col-sm-4 text-center\">\n                                                <div class=\"card inactive\">\n                            <img decoding=\"async\" src=\"https:\/\/www.hydronix.com\/wp-content\/themes\/cb-hydronix\/img\/icon--output-inactive.svg\" alt=\"\">\n                                Uscita                        <\/div>\n                    <\/div>\n                <\/div>\n            <\/div>\n        <\/div>\n    <\/div>\n<\/section>\n\n\n<div style=\"height:2rem\" aria-hidden=\"true\" class=\"wp-block-spacer\"><\/div>\n\n\n<!-- application_icons -->\n<section class=\"bg--blue-100  py-4\">\n<div class=\"container py-4\">\n    <h2 class=\"fs-4 text-center mb-4\">Applicazioni tipiche<\/h2>\n    <div class=\"applications row g-4\">\n                <div class=\"col-sm-4 col-lg-2 applications__card active\">\n            <a href=\"\/it\/misurazione\/alta-temperatura\/\">\n                <img decoding=\"async\" src=\"https:\/\/www.hydronix.com\/wp-content\/themes\/cb-hydronix\/img\/icons\/icon__high-temperature--blue.svg\" alt=\"X --blue\">\n                <div class=\"applications__title\">Alta temperatura<\/div>\n            <\/a>\n        <\/div>\n                    <div class=\"col-sm-4 col-lg-2 applications__card active\">\n            <a href=\"\/it\/misurazione\/atmosfera-esplosiva\/\">\n                <img decoding=\"async\" src=\"https:\/\/www.hydronix.com\/wp-content\/themes\/cb-hydronix\/img\/icons\/icon__explosive-atmosphere--blue.svg\" alt=\"X --blue\">\n                <div class=\"applications__title\">Atmosfera esplosiva<\/div>\n            <\/a>\n        <\/div>\n                    <div class=\"col-sm-4 col-lg-2 applications__card active\">\n            <a href=\"\/it\/misurazione\/calcestruzzo-e-costruzione\/\">\n                <img decoding=\"async\" src=\"https:\/\/www.hydronix.com\/wp-content\/themes\/cb-hydronix\/img\/icons\/icon__concrete-construction--blue.svg\" alt=\"X --blue\">\n                <div class=\"applications__title\">Calcestruzzo e costruzione<\/div>\n            <\/a>\n        <\/div>\n                    <div class=\"col-sm-4 col-lg-2 applications__card active\">\n            <a href=\"\/it\/misurazione\/granaglie-e-solidi-sfusi\/\">\n                <img decoding=\"async\" src=\"https:\/\/www.hydronix.com\/wp-content\/themes\/cb-hydronix\/img\/icons\/icon__grain-bulk-solids--blue.svg\" alt=\"X --blue\">\n                <div class=\"applications__title\">Granaglie e solidi sfusi<\/div>\n            <\/a>\n        <\/div>\n                    <div class=\"col-sm-4 col-lg-2 applications__card active\">\n            <a href=\"\/it\/misurazione\/liquidi\/\">\n                <img decoding=\"async\" src=\"https:\/\/www.hydronix.com\/wp-content\/themes\/cb-hydronix\/img\/icons\/icon__liquids--blue.svg\" alt=\"X --blue\">\n                <div class=\"applications__title\">Liquidi<\/div>\n            <\/a>\n        <\/div>\n                    <div class=\"col-sm-4 col-lg-2 applications__card active\">\n            <a href=\"\/it\/misurazione\/sicurezza-alimentare\/\">\n                <img decoding=\"async\" src=\"https:\/\/www.hydronix.com\/wp-content\/themes\/cb-hydronix\/img\/icons\/icon__food-safe--blue.svg\" alt=\"X --blue\">\n                <div class=\"applications__title\">Sicurezza alimentare<\/div>\n            <\/a>\n        <\/div>\n                <\/div>\n<\/div>\n<\/section>\n\n\n<div style=\"height:2rem\" aria-hidden=\"true\" class=\"wp-block-spacer\"><\/div>\n\n\n<!-- products_by_process -->\n<section class=\"prod_by_app products pb-5\">\n    <div class=\"container-xl\">\n        <h2>Prodotti correlati<\/h2>\n        <div class=\"row g-3\">\n\n    <div class=\"col-sm-6 col-lg-3\">\n        <a class=\"product__card\" href=\"https:\/\/www.hydronix.com\/it\/prodotti\/hydro-mix\/\">\n        <img decoding=\"async\" src=\"https:\/\/www.hydronix.com\/wp-content\/uploads\/2022\/10\/hm08-hero-300x169.png\">\n            <div class=\"mb-2 fw-bold\">Hydro-Mix<\/div>\n            <div class=\"mb-2 product__subtitle\">Sensore di umidit\u00e0: installazione a filo per mescolatori e trasportatori<\/div>\n            <div class=\"badges\">\n                            <\/div>        <\/a>\n    <\/div>\n        <div class=\"col-sm-6 col-lg-3\">\n        <a class=\"product__card\" href=\"https:\/\/www.hydronix.com\/it\/prodotti\/hydro-probe\/\">\n        <img decoding=\"async\" src=\"https:\/\/www.hydronix.com\/wp-content\/uploads\/2022\/09\/Hydro-Probe-300x169.png\">\n            <div class=\"mb-2 fw-bold\">Hydro-Probe<\/div>\n            <div class=\"mb-2 product__subtitle\">Sensore di umidit\u00e0: per contenitori, scivoli<\/div>\n            <div class=\"badges\">\n                            <\/div>        <\/a>\n    <\/div>\n        <div class=\"col-sm-6 col-lg-3\">\n        <a class=\"product__card\" href=\"https:\/\/www.hydronix.com\/it\/prodotti\/hydro-probe-orbiter\/\">\n        <img decoding=\"async\" src=\"https:\/\/www.hydronix.com\/wp-content\/uploads\/2022\/11\/orb3-flat-front-300x169.png\">\n            <div class=\"mb-2 fw-bold\">Hydro-Probe Orbiter<\/div>\n            <div class=\"mb-2 product__subtitle\">Sensore di umidit\u00e0: per mescolatori a vasca rotanti<\/div>\n            <div class=\"badges\">\n                                        <div class=\"badge badge--high-temp\"><\/div>\n                                    <\/div>        <\/a>\n    <\/div>\n        <div class=\"col-sm-6 col-lg-3\">\n        <a class=\"product__card\" href=\"https:\/\/www.hydronix.com\/it\/prodotti\/hydro-mix-xt-ex\/\">\n        <img decoding=\"async\" src=\"https:\/\/www.hydronix.com\/wp-content\/uploads\/2022\/11\/hmxtex-front-right-persp-300x169.png\">\n            <div class=\"mb-2 fw-bold\">Hydro-Mix XT-EX<\/div>\n            <div class=\"mb-2 product__subtitle\">Sensore di umidit\u00e0: installazione a filo. Temperature di processo fino a 60\u00b0C (Zona 20\/21)<\/div>\n            <div class=\"badges\">\n                                        <div class=\"badge badge--atex\"><\/div>\n                        <div class=\"badge badge--etl\"><\/div>\n                                    <\/div>        <\/a>\n    <\/div>\n        <div class=\"col-sm-6 col-lg-3\">\n        <a class=\"product__card\" href=\"https:\/\/www.hydronix.com\/it\/prodotti\/hydro-mix-ht\/\">\n        <img decoding=\"async\" src=\"https:\/\/www.hydronix.com\/wp-content\/uploads\/2022\/11\/hmht01-front-persp-300x169.png\">\n            <div class=\"mb-2 fw-bold\">Hydro-Mix HT<\/div>\n            <div class=\"mb-2 product__subtitle\">Sensore di umidit\u00e0: temperatura di processo fino a 120\u00b0C<\/div>\n            <div class=\"badges\">\n                                        <div class=\"badge badge--high-temp\"><\/div>\n                                    <\/div>        <\/a>\n    <\/div>\n        <div class=\"col-sm-6 col-lg-3\">\n        <a class=\"product__card\" href=\"https:\/\/www.hydronix.com\/it\/prodotti\/hydro-mix-ht-ex\/\">\n        <img decoding=\"async\" src=\"https:\/\/www.hydronix.com\/wp-content\/uploads\/2022\/10\/hmhtex-left-persp-300x169.png\">\n            <div class=\"mb-2 fw-bold\">Hydro-Mix HT-EX<\/div>\n            <div class=\"mb-2 product__subtitle\">Sensore di umidit\u00e0: installazione a filo. Temperature di processo fino a 120 \u00b0C (Zona 20)<\/div>\n            <div class=\"badges\">\n                                        <div class=\"badge badge--high-temp\"><\/div>\n                                                <div class=\"badge badge--atex\"><\/div>\n                        <div class=\"badge badge--etl\"><\/div>\n                                    <\/div>        <\/a>\n    <\/div>\n        <div class=\"col-sm-6 col-lg-3\">\n        <a class=\"product__card\" href=\"https:\/\/www.hydronix.com\/it\/prodotti\/hydro-mix-xt\/\">\n        <img decoding=\"async\" src=\"https:\/\/www.hydronix.com\/wp-content\/uploads\/2022\/09\/HMXTFS-300x169.png\">\n            <div class=\"mb-2 fw-bold\">Hydro-Mix XT<\/div>\n            <div class=\"mb-2 product__subtitle\">Sensore di umidit\u00e0: installazione a filo per mescolatori e trasportatori<\/div>\n            <div class=\"badges\">\n                            <\/div>        <\/a>\n    <\/div>\n        <div class=\"col-sm-6 col-lg-3\">\n        <a class=\"product__card\" href=\"https:\/\/www.hydronix.com\/it\/prodotti\/hydro-mix-xt-fs\/\">\n        <img decoding=\"async\" src=\"https:\/\/www.hydronix.com\/wp-content\/uploads\/2022\/09\/hmxtfs-front-300x169.png\">\n            <div class=\"mb-2 fw-bold\">Hydro-Mix XT-FS<\/div>\n            <div class=\"mb-2 product__subtitle\">Sensore di umidit\u00e0: conforme ai requisiti di sicurezza alimentare, per mescolatori e trasportatori<\/div>\n            <div class=\"badges\">\n                                        <div class=\"badge badge--food-safe\"><\/div>\n                                    <\/div>        <\/a>\n    <\/div>\n        <div class=\"col-sm-6 col-lg-3\">\n        <a class=\"product__card\" href=\"https:\/\/www.hydronix.com\/it\/prodotti\/hydro-probe-xt\/\">\n        <img decoding=\"async\" src=\"https:\/\/www.hydronix.com\/wp-content\/uploads\/2023\/03\/HDX_HPXT_PerspL_5617transp_1600px-300x151.png\">\n            <div class=\"mb-2 fw-bold\">Hydro-Probe XT<\/div>\n            <div class=\"mb-2 product__subtitle\">Sensore di umidit\u00e0: per contenitori, scivoli e nastri trasportatori<\/div>\n            <div class=\"badges\">\n                            <\/div>        <\/a>\n    <\/div>\n        <div class=\"col-sm-6 col-lg-3\">\n        <a class=\"product__card\" href=\"https:\/\/www.hydronix.com\/it\/prodotti\/hydro-probe-bx\/\">\n        <img decoding=\"async\" src=\"https:\/\/www.hydronix.com\/wp-content\/uploads\/2023\/06\/HDX_HPBX_PerspR_5679transp-e1688129840655-300x148.png\">\n            <div class=\"mb-2 fw-bold\">Hydro-Probe BX<\/div>\n            <div class=\"mb-2 product__subtitle\">Sensore per brix, umidit\u00e0 e solidi disciolti: Indicato per l\u2019installazione a filo nei recipienti sotto pressione<\/div>\n            <div class=\"badges\">\n                            <\/div>        <\/a>\n    <\/div>\n            <\/div>\n    <\/div>\n<\/section>","protected":false},"excerpt":{"rendered":"<p> [&#8230;]<\/p>\n<p><a class=\"btn btn-secondary understrap-read-more-link\" href=\"https:\/\/www.hydronix.com\/it\/processi\/convogliamento\/\">Leggi di pi\u00f9&#8230;<span class=\"screen-reader-text\"> from Convogliamento<\/span><\/a><\/p>\n","protected":false},"author":4,"featured_media":0,"parent":21949,"menu_order":636,"comment_status":"closed","ping_status":"closed","template":"","meta":{"_acf_changed":false,"content-type":"","inline_featured_image":false,"footnotes":""},"industries":[],"process":[],"class_list":["post-36892","page","type-page","status-publish","hentry"],"acf":[],"yoast_head":"<!-- This site is optimized with the Yoast SEO plugin v27.1.1 - https:\/\/yoast.com\/product\/yoast-seo-wordpress\/ -->\n<title>Sensori di misurazione dell&#039;umidit\u00e0 per il convogliamento | Hydronix<\/title>\n<meta name=\"description\" content=\"La misurazione dell&#039;umidit\u00e0 nei processi di convogliamento garantisce il controllo delle materie prime e riduce le fluttuazioni di umidit\u00e0.\" \/>\n<meta name=\"robots\" content=\"index, follow, max-snippet:-1, max-image-preview:large, max-video-preview:-1\" \/>\n<link rel=\"canonical\" href=\"https:\/\/www.hydronix.com\/it\/processi\/convogliamento\/\" \/>\n<meta property=\"og:locale\" content=\"it_IT\" \/>\n<meta property=\"og:type\" content=\"article\" \/>\n<meta property=\"og:title\" content=\"Sensori di misurazione dell&#039;umidit\u00e0 per il convogliamento | Hydronix\" \/>\n<meta property=\"og:description\" content=\"La misurazione dell&#039;umidit\u00e0 nei processi di convogliamento garantisce il controllo delle materie prime e riduce le fluttuazioni di umidit\u00e0.\" \/>\n<meta property=\"og:url\" content=\"https:\/\/www.hydronix.com\/it\/processi\/convogliamento\/\" \/>\n<meta property=\"og:site_name\" content=\"Hydronix\" \/>\n<meta property=\"article:modified_time\" content=\"2024-08-01T09:37:27+00:00\" \/>\n<meta name=\"twitter:card\" content=\"summary_large_image\" \/>\n<script type=\"application\/ld+json\" class=\"yoast-schema-graph\">{\"@context\":\"https:\/\/schema.org\",\"@graph\":[{\"@type\":\"WebPage\",\"@id\":\"https:\/\/www.hydronix.com\/it\/processi\/convogliamento\/\",\"url\":\"https:\/\/www.hydronix.com\/it\/processi\/convogliamento\/\",\"name\":\"Sensori di misurazione dell'umidit\u00e0 per il convogliamento | Hydronix\",\"isPartOf\":{\"@id\":\"https:\/\/www.hydronix.com\/it\/#website\"},\"datePublished\":\"2024-06-27T12:29:56+00:00\",\"dateModified\":\"2024-08-01T09:37:27+00:00\",\"description\":\"La misurazione dell'umidit\u00e0 nei processi di convogliamento garantisce il controllo delle materie prime e riduce le fluttuazioni di umidit\u00e0.\",\"breadcrumb\":{\"@id\":\"https:\/\/www.hydronix.com\/it\/processi\/convogliamento\/#breadcrumb\"},\"inLanguage\":\"it-IT\",\"potentialAction\":[{\"@type\":\"ReadAction\",\"target\":[\"https:\/\/www.hydronix.com\/it\/processi\/convogliamento\/\"]}]},{\"@type\":\"BreadcrumbList\",\"@id\":\"https:\/\/www.hydronix.com\/it\/processi\/convogliamento\/#breadcrumb\",\"itemListElement\":[{\"@type\":\"ListItem\",\"position\":1,\"name\":\"Home\",\"item\":\"https:\/\/www.hydronix.com\/it\/\"},{\"@type\":\"ListItem\",\"position\":2,\"name\":\"Processi\",\"item\":\"https:\/\/www.hydronix.com\/it\/processi\/\"},{\"@type\":\"ListItem\",\"position\":3,\"name\":\"Convogliamento\"}]},{\"@type\":\"WebSite\",\"@id\":\"https:\/\/www.hydronix.com\/it\/#website\",\"url\":\"https:\/\/www.hydronix.com\/it\/\",\"name\":\"Hydronix\",\"description\":\"Your partner in moisture measurement\",\"potentialAction\":[{\"@type\":\"SearchAction\",\"target\":{\"@type\":\"EntryPoint\",\"urlTemplate\":\"https:\/\/www.hydronix.com\/it\/?s={search_term_string}\"},\"query-input\":{\"@type\":\"PropertyValueSpecification\",\"valueRequired\":true,\"valueName\":\"search_term_string\"}}],\"inLanguage\":\"it-IT\"}]}<\/script>\n<!-- \/ Yoast SEO plugin. -->","yoast_head_json":{"title":"Sensori di misurazione dell'umidit\u00e0 per il convogliamento | Hydronix","description":"La misurazione dell'umidit\u00e0 nei processi di convogliamento garantisce il controllo delle materie prime e riduce le fluttuazioni di umidit\u00e0.","robots":{"index":"index","follow":"follow","max-snippet":"max-snippet:-1","max-image-preview":"max-image-preview:large","max-video-preview":"max-video-preview:-1"},"canonical":"https:\/\/www.hydronix.com\/it\/processi\/convogliamento\/","og_locale":"it_IT","og_type":"article","og_title":"Sensori di misurazione dell'umidit\u00e0 per il convogliamento | Hydronix","og_description":"La misurazione dell'umidit\u00e0 nei processi di convogliamento garantisce il controllo delle materie prime e riduce le fluttuazioni di umidit\u00e0.","og_url":"https:\/\/www.hydronix.com\/it\/processi\/convogliamento\/","og_site_name":"Hydronix","article_modified_time":"2024-08-01T09:37:27+00:00","twitter_card":"summary_large_image","schema":{"@context":"https:\/\/schema.org","@graph":[{"@type":"WebPage","@id":"https:\/\/www.hydronix.com\/it\/processi\/convogliamento\/","url":"https:\/\/www.hydronix.com\/it\/processi\/convogliamento\/","name":"Sensori di misurazione dell'umidit\u00e0 per il convogliamento | Hydronix","isPartOf":{"@id":"https:\/\/www.hydronix.com\/it\/#website"},"datePublished":"2024-06-27T12:29:56+00:00","dateModified":"2024-08-01T09:37:27+00:00","description":"La misurazione dell'umidit\u00e0 nei processi di convogliamento garantisce il controllo delle materie prime e riduce le fluttuazioni di umidit\u00e0.","breadcrumb":{"@id":"https:\/\/www.hydronix.com\/it\/processi\/convogliamento\/#breadcrumb"},"inLanguage":"it-IT","potentialAction":[{"@type":"ReadAction","target":["https:\/\/www.hydronix.com\/it\/processi\/convogliamento\/"]}]},{"@type":"BreadcrumbList","@id":"https:\/\/www.hydronix.com\/it\/processi\/convogliamento\/#breadcrumb","itemListElement":[{"@type":"ListItem","position":1,"name":"Home","item":"https:\/\/www.hydronix.com\/it\/"},{"@type":"ListItem","position":2,"name":"Processi","item":"https:\/\/www.hydronix.com\/it\/processi\/"},{"@type":"ListItem","position":3,"name":"Convogliamento"}]},{"@type":"WebSite","@id":"https:\/\/www.hydronix.com\/it\/#website","url":"https:\/\/www.hydronix.com\/it\/","name":"Hydronix","description":"Your partner in moisture measurement","potentialAction":[{"@type":"SearchAction","target":{"@type":"EntryPoint","urlTemplate":"https:\/\/www.hydronix.com\/it\/?s={search_term_string}"},"query-input":{"@type":"PropertyValueSpecification","valueRequired":true,"valueName":"search_term_string"}}],"inLanguage":"it-IT"}]}},"_links":{"self":[{"href":"https:\/\/www.hydronix.com\/it\/wp-json\/wp\/v2\/pages\/36892","targetHints":{"allow":["GET"]}}],"collection":[{"href":"https:\/\/www.hydronix.com\/it\/wp-json\/wp\/v2\/pages"}],"about":[{"href":"https:\/\/www.hydronix.com\/it\/wp-json\/wp\/v2\/types\/page"}],"author":[{"embeddable":true,"href":"https:\/\/www.hydronix.com\/it\/wp-json\/wp\/v2\/users\/4"}],"replies":[{"embeddable":true,"href":"https:\/\/www.hydronix.com\/it\/wp-json\/wp\/v2\/comments?post=36892"}],"version-history":[{"count":5,"href":"https:\/\/www.hydronix.com\/it\/wp-json\/wp\/v2\/pages\/36892\/revisions"}],"predecessor-version":[{"id":37553,"href":"https:\/\/www.hydronix.com\/it\/wp-json\/wp\/v2\/pages\/36892\/revisions\/37553"}],"up":[{"embeddable":true,"href":"https:\/\/www.hydronix.com\/it\/wp-json\/wp\/v2\/pages\/21949"}],"wp:attachment":[{"href":"https:\/\/www.hydronix.com\/it\/wp-json\/wp\/v2\/media?parent=36892"}],"wp:term":[{"taxonomy":"industries","embeddable":true,"href":"https:\/\/www.hydronix.com\/it\/wp-json\/wp\/v2\/industries?post=36892"},{"taxonomy":"process","embeddable":true,"href":"https:\/\/www.hydronix.com\/it\/wp-json\/wp\/v2\/process?post=36892"}],"curies":[{"name":"wp","href":"https:\/\/api.w.org\/{rel}","templated":true}]}}