{"id":21996,"date":"2022-09-14T12:57:33","date_gmt":"2022-09-14T12:57:33","guid":{"rendered":"https:\/\/hydronix.chilliservers.co.uk\/assistenza-e-garanzia\/"},"modified":"2023-07-31T09:10:45","modified_gmt":"2023-07-31T09:10:45","slug":"assistenza-e-garanzia","status":"publish","type":"page","link":"https:\/\/www.hydronix.com\/it\/assistenza-e-garanzia\/","title":{"rendered":"Assistenza e garanzia"},"content":{"rendered":"    \n<!-- hero_short -->\n<section class=\"short_hero d-flex py-5\" style=\"background-image:url(https:\/\/www.hydronix.com\/wp-content\/uploads\/2022\/09\/hero-product-water-abstract.jpg)\">\n    <div class=\"overlay\"><\/div>\n    <div class=\"container-xl my-auto\">\n        <div class=\"row\">\n            <div class=\"col-lg-5 hero__content\">\n                <h1>Assistenza e garanzia<\/h1>\n            <\/div>\n        <\/div>\n    <\/div>\n<\/section>\n<!--section class=\"sub_page_title py-1 mb-4\">\n    <div class=\"container-xl\">\n        <p id=\"breadcrumbs\"><span><span><a href=\"https:\/\/www.hydronix.com\/it\/\">Home<\/a><\/span><\/span><\/p>    <\/div>\n<\/section-->\n\n\n    <div class=\"container-xl\">\n\t\t\n<p>Siamo perfettamente consapevoli delle implicazioni economiche dei tempi di inattivit\u00e0 degli impianti e della necessit\u00e0 di intervenire rapidamente in caso di guasto. Al fine di assicurare ai clienti la migliore assistenza possibile, Hydronix offre una serie di opzioni di assistenza vantaggiose sia per i rivenditori che per gli utenti finali.<\/p>\n    <\/div>\n    \n\n<!-- accordion -->\n<section class=\"faq py-5\">\n    <div class=\"container\">\n        <div id=\"accordion\" class=\"w-md-75\"><div class=\"py-4 border-bottom border-top\">  <div class=\"h4 question \" data-bs-toggle=\"collapse\" id=\"heading_0\" data-bs-target=\"#collapse_0\" aria-expanded=\"true\" aria-controls=\"collapse_0\">Garanzia standard di 2 anni<\/div>  <div class=\"answer collapse show\" id=\"collapse_0\" aria-labelledby=\"heading_0\" data-bs-parent=\"#accordion\"><div class=\"pt-2\" itemprop=\"text\"><p>Si tratta della garanzia standard che Hydronix offre su tutti i prodotti. \u00c8 gratuita e copre i difetti di fabbricazione e\/o dei materiali. Tutti i componenti che si rivelano difettosi durante il periodo di garanzia saranno riparati o sostituiti e Hydronix far\u00e0 il possibile per restituire il prodotto entro 15 giorni lavorativi dal ricevimento.<\/p>\n<p>La garanzia \u00e8 valida per 2 anni dalla data di fatturazione da parte di Hydronix e, inoltre, tutte le riparazioni godono di ulteriori 6 mesi di garanzia.<\/p>\n<p>Questa garanzia non copre i danni dovuti a incidenti (ad esempio quelli causati da un fulmine), manipolazione o uso improprio, cause di forza maggiore, riparazioni non autorizzate o manomissioni e comunque se il prodotto non \u00e8 stato utilizzato conformemente alle specifiche e alle raccomandazioni del produttore.<\/p>\n<\/div><\/div><\/div><div class=\"py-4 border-bottom \">  <div class=\"h4 question collapsed\" data-bs-toggle=\"collapse\" id=\"heading_1\" data-bs-target=\"#collapse_1\" aria-expanded=\"true\" aria-controls=\"collapse_1\">Garanzia estesa di 4 anni<\/div>  <div class=\"answer collapse \" id=\"collapse_1\" aria-labelledby=\"heading_1\" data-bs-parent=\"#accordion\"><div class=\"pt-2\" itemprop=\"text\"><p>Questa opzione offre tutte le coperture della Garanzia standard assieme a una polizza di assistenza sostitutiva estesa. La Garanzia estesa di 4 anni pu\u00f2 essere acquistata in un secondo momento, purch\u00e9 entro 6 mesi dalla data della fattura di Hydronix ed \u00e8 valida per quattro anni.<\/p>\n<p>In caso di guasto di un&#8217;unit\u00e0, <strong>a prescindere dalla causa<\/strong>, Hydronix invier\u00e0 immediatamente un&#8217;unit\u00e0 sostitutiva, ovunque desideri il cliente, senza addebitare i costi di sostituzione e di spedizione (ad eccezione di tasse e accise locali); queste condizioni valgono solo per la prima unit\u00e0 restituita.<\/p>\n<\/div><\/div><\/div><div class=\"py-4 border-bottom \">  <div class=\"h4 question collapsed\" data-bs-toggle=\"collapse\" id=\"heading_2\" data-bs-target=\"#collapse_2\" aria-expanded=\"true\" aria-controls=\"collapse_2\">Servizio di sostituzione delle unit\u00e0 in garanzia<\/div>  <div class=\"answer collapse \" id=\"collapse_2\" aria-labelledby=\"heading_2\" data-bs-parent=\"#accordion\"><div class=\"pt-2\" itemprop=\"text\"><p>Nella maggior parte dei casi, i problemi che sembrano dovuti al malfunzionamento del sensore di umidit\u00e0 sono invece attribuibili alla parti meccaniche, elettriche o al software del sistema. Il nostro servizio di sostituzione in garanzia fa s\u00ec che il cliente riceva un&#8217;unit\u00e0 sostitutiva nel pi\u00f9 breve tempo possibile per consentire ai tecnici di capire se il sensore funziona correttamente e se la causa del guasto vada ricercata altrove nel sistema.<\/p>\n<p>Hydronix invier\u00e0 immediatamente un&#8217;unit\u00e0 sostitutiva senza addebitare i costi di servizio e di spedizione (ad eccezione di tasse e accise locali) nel caso in cui il guasto sia coperto da una delle garanzie Hydronix. Se l&#8217;unit\u00e0 restituita non \u00e8 coperta da garanzia (ad esempio se \u00e8 stata danneggiata da incidenti o da uso improprio), Hydronix addebiter\u00e0 al cliente il costo del servizio di sostituzione, i costi di spedizione e il costo di riparazione dell&#8217;unit\u00e0 restituita.<\/p>\n<\/div><\/div><\/div><div class=\"py-4 border-bottom \">  <div class=\"h4 question collapsed\" data-bs-toggle=\"collapse\" id=\"heading_3\" data-bs-target=\"#collapse_3\" aria-expanded=\"true\" aria-controls=\"collapse_3\">Servizio di sostituzione delle unit\u00e0 non in garanzia<\/div>  <div class=\"answer collapse \" id=\"collapse_3\" aria-labelledby=\"heading_3\" data-bs-parent=\"#accordion\"><div class=\"pt-2\" itemprop=\"text\"><p>Questa opzione a pagamento consente ai clienti che dispongono di dispositivi non pi\u00f9 coperti da garanzie Hydronix di usufruire di un servizio equivalente. \u00c8 valida per le unit\u00e0 che hanno fino a 5 anni di et\u00e0 (dalla data della fattura di Hydronix).<\/p>\n<\/div><\/div><\/div><\/div>    <\/div>\n<\/section>","protected":false},"excerpt":{"rendered":"<p>Siamo perfettamente consapevoli delle implicazioni economiche dei tempi di inattivit\u00e0 degli impianti e della necessit\u00e0 di intervenire rapidamente in caso di guasto. Al fine di assicurare ai clienti la migliore assistenza possibile, Hydronix offre una serie di opzioni di assistenza vantaggiose sia per i rivenditori che per gli utenti finali. [&#8230;]<\/p>\n<p><a class=\"btn btn-secondary understrap-read-more-link\" href=\"https:\/\/www.hydronix.com\/it\/assistenza-e-garanzia\/\">Leggi di pi\u00f9&#8230;<span class=\"screen-reader-text\"> from Assistenza e garanzia<\/span><\/a><\/p>\n","protected":false},"author":1,"featured_media":15885,"parent":0,"menu_order":608,"comment_status":"closed","ping_status":"closed","template":"","meta":{"_acf_changed":false,"content-type":"","inline_featured_image":false,"footnotes":""},"industries":[],"process":[],"class_list":["post-21996","page","type-page","status-publish","has-post-thumbnail","hentry"],"acf":[],"yoast_head":"<!-- This site is optimized with the Yoast SEO plugin v27.1.1 - https:\/\/yoast.com\/product\/yoast-seo-wordpress\/ -->\n<title>Assistenza e garanzia - Hydronix<\/title>\n<meta name=\"robots\" content=\"index, follow, max-snippet:-1, max-image-preview:large, max-video-preview:-1\" \/>\n<link rel=\"canonical\" href=\"https:\/\/www.hydronix.com\/it\/assistenza-e-garanzia\/\" \/>\n<meta property=\"og:locale\" content=\"it_IT\" \/>\n<meta property=\"og:type\" content=\"article\" \/>\n<meta property=\"og:title\" content=\"Assistenza e garanzia - Hydronix\" \/>\n<meta property=\"og:description\" content=\"Siamo perfettamente consapevoli delle implicazioni economiche dei tempi di inattivit\u00e0 degli impianti e della necessit\u00e0 di intervenire rapidamente in caso di guasto. Al fine di assicurare ai clienti la migliore assistenza possibile, Hydronix offre una serie di opzioni di assistenza vantaggiose sia per i rivenditori che per gli utenti finali. [...]Leggi di pi\u00f9... from Assistenza e garanzia\" \/>\n<meta property=\"og:url\" content=\"https:\/\/www.hydronix.com\/it\/assistenza-e-garanzia\/\" \/>\n<meta property=\"og:site_name\" content=\"Hydronix\" \/>\n<meta property=\"article:modified_time\" content=\"2023-07-31T09:10:45+00:00\" \/>\n<meta property=\"og:image\" content=\"https:\/\/www.hydronix.com\/wp-content\/uploads\/2022\/09\/hero-product-water-abstract.jpg\" \/>\n\t<meta property=\"og:image:width\" content=\"2000\" \/>\n\t<meta property=\"og:image:height\" content=\"400\" \/>\n\t<meta property=\"og:image:type\" content=\"image\/jpeg\" \/>\n<meta name=\"twitter:card\" content=\"summary_large_image\" \/>\n<meta name=\"twitter:label1\" content=\"Tempo di lettura stimato\" \/>\n\t<meta name=\"twitter:data1\" content=\"1 minuto\" \/>\n<script type=\"application\/ld+json\" class=\"yoast-schema-graph\">{\"@context\":\"https:\/\/schema.org\",\"@graph\":[{\"@type\":\"WebPage\",\"@id\":\"https:\/\/www.hydronix.com\/it\/assistenza-e-garanzia\/\",\"url\":\"https:\/\/www.hydronix.com\/it\/assistenza-e-garanzia\/\",\"name\":\"Assistenza e garanzia - Hydronix\",\"isPartOf\":{\"@id\":\"https:\/\/www.hydronix.com\/it\/#website\"},\"primaryImageOfPage\":{\"@id\":\"https:\/\/www.hydronix.com\/it\/assistenza-e-garanzia\/#primaryimage\"},\"image\":{\"@id\":\"https:\/\/www.hydronix.com\/it\/assistenza-e-garanzia\/#primaryimage\"},\"thumbnailUrl\":\"https:\/\/www.hydronix.com\/wp-content\/uploads\/2022\/09\/hero-product-water-abstract.jpg\",\"datePublished\":\"2022-09-14T12:57:33+00:00\",\"dateModified\":\"2023-07-31T09:10:45+00:00\",\"breadcrumb\":{\"@id\":\"https:\/\/www.hydronix.com\/it\/assistenza-e-garanzia\/#breadcrumb\"},\"inLanguage\":\"it-IT\",\"potentialAction\":[{\"@type\":\"ReadAction\",\"target\":[\"https:\/\/www.hydronix.com\/it\/assistenza-e-garanzia\/\"]}]},{\"@type\":\"ImageObject\",\"inLanguage\":\"it-IT\",\"@id\":\"https:\/\/www.hydronix.com\/it\/assistenza-e-garanzia\/#primaryimage\",\"url\":\"https:\/\/www.hydronix.com\/wp-content\/uploads\/2022\/09\/hero-product-water-abstract.jpg\",\"contentUrl\":\"https:\/\/www.hydronix.com\/wp-content\/uploads\/2022\/09\/hero-product-water-abstract.jpg\",\"width\":2000,\"height\":400},{\"@type\":\"BreadcrumbList\",\"@id\":\"https:\/\/www.hydronix.com\/it\/assistenza-e-garanzia\/#breadcrumb\",\"itemListElement\":[{\"@type\":\"ListItem\",\"position\":1,\"name\":\"Home\",\"item\":\"https:\/\/www.hydronix.com\/it\/\"},{\"@type\":\"ListItem\",\"position\":2,\"name\":\"Assistenza e garanzia\"}]},{\"@type\":\"WebSite\",\"@id\":\"https:\/\/www.hydronix.com\/it\/#website\",\"url\":\"https:\/\/www.hydronix.com\/it\/\",\"name\":\"Hydronix\",\"description\":\"Your partner in moisture measurement\",\"potentialAction\":[{\"@type\":\"SearchAction\",\"target\":{\"@type\":\"EntryPoint\",\"urlTemplate\":\"https:\/\/www.hydronix.com\/it\/?s={search_term_string}\"},\"query-input\":{\"@type\":\"PropertyValueSpecification\",\"valueRequired\":true,\"valueName\":\"search_term_string\"}}],\"inLanguage\":\"it-IT\"}]}<\/script>\n<!-- \/ Yoast SEO plugin. -->","yoast_head_json":{"title":"Assistenza e garanzia - Hydronix","robots":{"index":"index","follow":"follow","max-snippet":"max-snippet:-1","max-image-preview":"max-image-preview:large","max-video-preview":"max-video-preview:-1"},"canonical":"https:\/\/www.hydronix.com\/it\/assistenza-e-garanzia\/","og_locale":"it_IT","og_type":"article","og_title":"Assistenza e garanzia - Hydronix","og_description":"Siamo perfettamente consapevoli delle implicazioni economiche dei tempi di inattivit\u00e0 degli impianti e della necessit\u00e0 di intervenire rapidamente in caso di guasto. Al fine di assicurare ai clienti la migliore assistenza possibile, Hydronix offre una serie di opzioni di assistenza vantaggiose sia per i rivenditori che per gli utenti finali. [...]Leggi di pi\u00f9... from Assistenza e garanzia","og_url":"https:\/\/www.hydronix.com\/it\/assistenza-e-garanzia\/","og_site_name":"Hydronix","article_modified_time":"2023-07-31T09:10:45+00:00","og_image":[{"width":2000,"height":400,"url":"https:\/\/www.hydronix.com\/wp-content\/uploads\/2022\/09\/hero-product-water-abstract.jpg","type":"image\/jpeg"}],"twitter_card":"summary_large_image","twitter_misc":{"Tempo di lettura stimato":"1 minuto"},"schema":{"@context":"https:\/\/schema.org","@graph":[{"@type":"WebPage","@id":"https:\/\/www.hydronix.com\/it\/assistenza-e-garanzia\/","url":"https:\/\/www.hydronix.com\/it\/assistenza-e-garanzia\/","name":"Assistenza e garanzia - Hydronix","isPartOf":{"@id":"https:\/\/www.hydronix.com\/it\/#website"},"primaryImageOfPage":{"@id":"https:\/\/www.hydronix.com\/it\/assistenza-e-garanzia\/#primaryimage"},"image":{"@id":"https:\/\/www.hydronix.com\/it\/assistenza-e-garanzia\/#primaryimage"},"thumbnailUrl":"https:\/\/www.hydronix.com\/wp-content\/uploads\/2022\/09\/hero-product-water-abstract.jpg","datePublished":"2022-09-14T12:57:33+00:00","dateModified":"2023-07-31T09:10:45+00:00","breadcrumb":{"@id":"https:\/\/www.hydronix.com\/it\/assistenza-e-garanzia\/#breadcrumb"},"inLanguage":"it-IT","potentialAction":[{"@type":"ReadAction","target":["https:\/\/www.hydronix.com\/it\/assistenza-e-garanzia\/"]}]},{"@type":"ImageObject","inLanguage":"it-IT","@id":"https:\/\/www.hydronix.com\/it\/assistenza-e-garanzia\/#primaryimage","url":"https:\/\/www.hydronix.com\/wp-content\/uploads\/2022\/09\/hero-product-water-abstract.jpg","contentUrl":"https:\/\/www.hydronix.com\/wp-content\/uploads\/2022\/09\/hero-product-water-abstract.jpg","width":2000,"height":400},{"@type":"BreadcrumbList","@id":"https:\/\/www.hydronix.com\/it\/assistenza-e-garanzia\/#breadcrumb","itemListElement":[{"@type":"ListItem","position":1,"name":"Home","item":"https:\/\/www.hydronix.com\/it\/"},{"@type":"ListItem","position":2,"name":"Assistenza e garanzia"}]},{"@type":"WebSite","@id":"https:\/\/www.hydronix.com\/it\/#website","url":"https:\/\/www.hydronix.com\/it\/","name":"Hydronix","description":"Your partner in moisture measurement","potentialAction":[{"@type":"SearchAction","target":{"@type":"EntryPoint","urlTemplate":"https:\/\/www.hydronix.com\/it\/?s={search_term_string}"},"query-input":{"@type":"PropertyValueSpecification","valueRequired":true,"valueName":"search_term_string"}}],"inLanguage":"it-IT"}]}},"_links":{"self":[{"href":"https:\/\/www.hydronix.com\/it\/wp-json\/wp\/v2\/pages\/21996","targetHints":{"allow":["GET"]}}],"collection":[{"href":"https:\/\/www.hydronix.com\/it\/wp-json\/wp\/v2\/pages"}],"about":[{"href":"https:\/\/www.hydronix.com\/it\/wp-json\/wp\/v2\/types\/page"}],"author":[{"embeddable":true,"href":"https:\/\/www.hydronix.com\/it\/wp-json\/wp\/v2\/users\/1"}],"replies":[{"embeddable":true,"href":"https:\/\/www.hydronix.com\/it\/wp-json\/wp\/v2\/comments?post=21996"}],"version-history":[{"count":0,"href":"https:\/\/www.hydronix.com\/it\/wp-json\/wp\/v2\/pages\/21996\/revisions"}],"wp:featuredmedia":[{"embeddable":true,"href":"https:\/\/www.hydronix.com\/it\/wp-json\/wp\/v2\/media\/15885"}],"wp:attachment":[{"href":"https:\/\/www.hydronix.com\/it\/wp-json\/wp\/v2\/media?parent=21996"}],"wp:term":[{"taxonomy":"industries","embeddable":true,"href":"https:\/\/www.hydronix.com\/it\/wp-json\/wp\/v2\/industries?post=21996"},{"taxonomy":"process","embeddable":true,"href":"https:\/\/www.hydronix.com\/it\/wp-json\/wp\/v2\/process?post=21996"}],"curies":[{"name":"wp","href":"https:\/\/api.w.org\/{rel}","templated":true}]}}