{"id":21845,"date":"2022-09-12T12:54:11","date_gmt":"2022-09-12T12:54:11","guid":{"rendered":"https:\/\/hydronix.chilliservers.co.uk\/settori\/alimentazione-animale-e-ittica\/"},"modified":"2023-11-10T12:35:41","modified_gmt":"2023-11-10T12:35:41","slug":"alimentazione-animale-e-ittica","status":"publish","type":"page","link":"https:\/\/www.hydronix.com\/it\/settori\/alimentazione-animale-e-ittica\/","title":{"rendered":"Alimentazione animale e ittica"},"content":{"rendered":"    \n<!-- hero_short -->\n<section class=\"short_hero d-flex py-5\" style=\"background-image:url(https:\/\/www.hydronix.com\/wp-content\/uploads\/2022\/09\/D-animal-nutrition.jpg)\">\n    <div class=\"overlay\"><\/div>\n    <div class=\"container-xl my-auto\">\n        <div class=\"row\">\n            <div class=\"col-lg-5 hero__content\">\n                <h1>Alimentazione animale e ittica<\/h1>\n            <\/div>\n        <\/div>\n    <\/div>\n<\/section>\n<!--section class=\"sub_page_title py-1 mb-4\">\n    <div class=\"container-xl\">\n        <p id=\"breadcrumbs\"><span><span><a href=\"https:\/\/www.hydronix.com\/it\/\">Home<\/a><\/span><\/span><\/p>    <\/div>\n<\/section-->\n\n\n\n<div style=\"height:40px\" aria-hidden=\"true\" class=\"wp-block-spacer\"><\/div>\n\n\n    <div class=\"container-xl\">\n\t\t\n<p>Misurare l\u2019umidit\u00e0 nella produzione di mangimi per animali \u00e8 auspicabile in varie fasi del processo produttivo.<\/p>\n    <\/div>\n    \n\n    <div class=\"container-xl\">\n\t\t\n<p>Poich\u00e9 il contenuto d\u2019acqua nelle materie prime varia in continuazione, la misurazione in linea \u00e8 diventata uno strumento essenziale per ottimizzare l&#8217;efficienza e il controllo della qualit\u00e0.<\/p>\n    <\/div>\n    \n\n    <div class=\"container-xl\">\n\t\t\n<p>La possibilit\u00e0 di misurare l\u2019umidit\u00e0 e apportare le modifiche necessarie durante il processo produttivo \u00e8 di importanza critica in varie fasi del ciclo di produzione.<\/p>\n    <\/div>\n    \n\n\n<div style=\"height:40px\" aria-hidden=\"true\" class=\"wp-block-spacer\"><\/div>\n\n\n<!-- children -->\n<section class=\"child_pages py-4 mb-4\">\n    <div class=\"container-xl\">\n                <div class=\"row g-4 justify-content-center\">\n        <div class=\"col-md-4 col-xl-3\">\n            <a class=\"child_pages__card child_pages__card--blue\" href=\"https:\/\/www.hydronix.com\/it\/settori\/alimentazione-animale-e-ittica\/pet-food\/\">Pet Food<\/a>\n        <\/div>\n                <div class=\"col-md-4 col-xl-3\">\n            <a class=\"child_pages__card child_pages__card--blue\" href=\"https:\/\/www.hydronix.com\/it\/settori\/alimentazione-animale-e-ittica\/mangimi-per-pesci\/\">Mangimi per pesci<\/a>\n        <\/div>\n                <div class=\"col-md-4 col-xl-3\">\n            <a class=\"child_pages__card child_pages__card--blue\" href=\"https:\/\/www.hydronix.com\/it\/settori\/alimentazione-animale-e-ittica\/triturato-di-barbabietola-da-zucchero\/\">Triturato di barbabietola da zucchero<\/a>\n        <\/div>\n                <div class=\"col-md-4 col-xl-3\">\n            <a class=\"child_pages__card child_pages__card--blue\" href=\"https:\/\/www.hydronix.com\/it\/settori\/alimentazione-animale-e-ittica\/mangimi-per-animali\/\">Mangimi per animali<\/a>\n        <\/div>\n            <\/div>\n<\/section>","protected":false},"excerpt":{"rendered":"<p>Misurare l\u2019umidit\u00e0 nella produzione di mangimi per animali \u00e8 auspicabile in varie fasi del processo produttivo. Poich\u00e9 il contenuto d\u2019acqua nelle materie prime varia in continuazione, la misurazione in linea \u00e8 diventata uno strumento essenziale per ottimizzare l&#8217;efficienza e il controllo della qualit\u00e0. La possibilit\u00e0 di misurare l\u2019umidit\u00e0 e apportare le modifiche necessarie durante il [&#8230;]<\/p>\n<p><a class=\"btn btn-secondary understrap-read-more-link\" href=\"https:\/\/www.hydronix.com\/it\/settori\/alimentazione-animale-e-ittica\/\">Leggi di pi\u00f9&#8230;<span class=\"screen-reader-text\"> from Alimentazione animale e ittica<\/span><\/a><\/p>\n","protected":false},"author":1,"featured_media":15919,"parent":21837,"menu_order":486,"comment_status":"closed","ping_status":"closed","template":"","meta":{"_acf_changed":false,"content-type":"","inline_featured_image":false,"footnotes":""},"industries":[],"process":[],"class_list":["post-21845","page","type-page","status-publish","has-post-thumbnail","hentry"],"acf":[],"yoast_head":"<!-- This site is optimized with the Yoast SEO plugin v27.1.1 - https:\/\/yoast.com\/product\/yoast-seo-wordpress\/ -->\n<title>Alimentazione animale e ittica - Hydronix<\/title>\n<meta name=\"robots\" content=\"index, follow, max-snippet:-1, max-image-preview:large, max-video-preview:-1\" \/>\n<link rel=\"canonical\" href=\"https:\/\/www.hydronix.com\/it\/settori\/alimentazione-animale-e-ittica\/\" \/>\n<meta property=\"og:locale\" content=\"it_IT\" \/>\n<meta property=\"og:type\" content=\"article\" \/>\n<meta property=\"og:title\" content=\"Alimentazione animale e ittica - Hydronix\" \/>\n<meta property=\"og:description\" content=\"Misurare l\u2019umidit\u00e0 nella produzione di mangimi per animali \u00e8 auspicabile in varie fasi del processo produttivo. Poich\u00e9 il contenuto d\u2019acqua nelle materie prime varia in continuazione, la misurazione in linea \u00e8 diventata uno strumento essenziale per ottimizzare l&#8217;efficienza e il controllo della qualit\u00e0. La possibilit\u00e0 di misurare l\u2019umidit\u00e0 e apportare le modifiche necessarie durante il [...]Leggi di pi\u00f9... from Alimentazione animale e ittica\" \/>\n<meta property=\"og:url\" content=\"https:\/\/www.hydronix.com\/it\/settori\/alimentazione-animale-e-ittica\/\" \/>\n<meta property=\"og:site_name\" content=\"Hydronix\" \/>\n<meta property=\"article:modified_time\" content=\"2023-11-10T12:35:41+00:00\" \/>\n<meta property=\"og:image\" content=\"https:\/\/www.hydronix.com\/wp-content\/uploads\/2022\/09\/D-animal-nutrition.jpg\" \/>\n\t<meta property=\"og:image:width\" content=\"2000\" \/>\n\t<meta property=\"og:image:height\" content=\"400\" \/>\n\t<meta property=\"og:image:type\" content=\"image\/jpeg\" \/>\n<meta name=\"twitter:card\" content=\"summary_large_image\" \/>\n<meta name=\"twitter:label1\" content=\"Tempo di lettura stimato\" \/>\n\t<meta name=\"twitter:data1\" content=\"1 minuto\" \/>\n<script type=\"application\/ld+json\" class=\"yoast-schema-graph\">{\"@context\":\"https:\/\/schema.org\",\"@graph\":[{\"@type\":\"WebPage\",\"@id\":\"https:\/\/www.hydronix.com\/it\/settori\/alimentazione-animale-e-ittica\/\",\"url\":\"https:\/\/www.hydronix.com\/it\/settori\/alimentazione-animale-e-ittica\/\",\"name\":\"Alimentazione animale e ittica - Hydronix\",\"isPartOf\":{\"@id\":\"https:\/\/www.hydronix.com\/it\/#website\"},\"primaryImageOfPage\":{\"@id\":\"https:\/\/www.hydronix.com\/it\/settori\/alimentazione-animale-e-ittica\/#primaryimage\"},\"image\":{\"@id\":\"https:\/\/www.hydronix.com\/it\/settori\/alimentazione-animale-e-ittica\/#primaryimage\"},\"thumbnailUrl\":\"https:\/\/www.hydronix.com\/wp-content\/uploads\/2022\/09\/D-animal-nutrition.jpg\",\"datePublished\":\"2022-09-12T12:54:11+00:00\",\"dateModified\":\"2023-11-10T12:35:41+00:00\",\"breadcrumb\":{\"@id\":\"https:\/\/www.hydronix.com\/it\/settori\/alimentazione-animale-e-ittica\/#breadcrumb\"},\"inLanguage\":\"it-IT\",\"potentialAction\":[{\"@type\":\"ReadAction\",\"target\":[\"https:\/\/www.hydronix.com\/it\/settori\/alimentazione-animale-e-ittica\/\"]}]},{\"@type\":\"ImageObject\",\"inLanguage\":\"it-IT\",\"@id\":\"https:\/\/www.hydronix.com\/it\/settori\/alimentazione-animale-e-ittica\/#primaryimage\",\"url\":\"https:\/\/www.hydronix.com\/wp-content\/uploads\/2022\/09\/D-animal-nutrition.jpg\",\"contentUrl\":\"https:\/\/www.hydronix.com\/wp-content\/uploads\/2022\/09\/D-animal-nutrition.jpg\",\"width\":2000,\"height\":400},{\"@type\":\"BreadcrumbList\",\"@id\":\"https:\/\/www.hydronix.com\/it\/settori\/alimentazione-animale-e-ittica\/#breadcrumb\",\"itemListElement\":[{\"@type\":\"ListItem\",\"position\":1,\"name\":\"Home\",\"item\":\"https:\/\/www.hydronix.com\/it\/\"},{\"@type\":\"ListItem\",\"position\":2,\"name\":\"Settori\",\"item\":\"https:\/\/www.hydronix.com\/it\/settori\/\"},{\"@type\":\"ListItem\",\"position\":3,\"name\":\"Alimentazione animale e ittica\"}]},{\"@type\":\"WebSite\",\"@id\":\"https:\/\/www.hydronix.com\/it\/#website\",\"url\":\"https:\/\/www.hydronix.com\/it\/\",\"name\":\"Hydronix\",\"description\":\"Your partner in moisture measurement\",\"potentialAction\":[{\"@type\":\"SearchAction\",\"target\":{\"@type\":\"EntryPoint\",\"urlTemplate\":\"https:\/\/www.hydronix.com\/it\/?s={search_term_string}\"},\"query-input\":{\"@type\":\"PropertyValueSpecification\",\"valueRequired\":true,\"valueName\":\"search_term_string\"}}],\"inLanguage\":\"it-IT\"}]}<\/script>\n<!-- \/ Yoast SEO plugin. -->","yoast_head_json":{"title":"Alimentazione animale e ittica - Hydronix","robots":{"index":"index","follow":"follow","max-snippet":"max-snippet:-1","max-image-preview":"max-image-preview:large","max-video-preview":"max-video-preview:-1"},"canonical":"https:\/\/www.hydronix.com\/it\/settori\/alimentazione-animale-e-ittica\/","og_locale":"it_IT","og_type":"article","og_title":"Alimentazione animale e ittica - Hydronix","og_description":"Misurare l\u2019umidit\u00e0 nella produzione di mangimi per animali \u00e8 auspicabile in varie fasi del processo produttivo. Poich\u00e9 il contenuto d\u2019acqua nelle materie prime varia in continuazione, la misurazione in linea \u00e8 diventata uno strumento essenziale per ottimizzare l&#8217;efficienza e il controllo della qualit\u00e0. La possibilit\u00e0 di misurare l\u2019umidit\u00e0 e apportare le modifiche necessarie durante il [...]Leggi di pi\u00f9... from Alimentazione animale e ittica","og_url":"https:\/\/www.hydronix.com\/it\/settori\/alimentazione-animale-e-ittica\/","og_site_name":"Hydronix","article_modified_time":"2023-11-10T12:35:41+00:00","og_image":[{"width":2000,"height":400,"url":"https:\/\/www.hydronix.com\/wp-content\/uploads\/2022\/09\/D-animal-nutrition.jpg","type":"image\/jpeg"}],"twitter_card":"summary_large_image","twitter_misc":{"Tempo di lettura stimato":"1 minuto"},"schema":{"@context":"https:\/\/schema.org","@graph":[{"@type":"WebPage","@id":"https:\/\/www.hydronix.com\/it\/settori\/alimentazione-animale-e-ittica\/","url":"https:\/\/www.hydronix.com\/it\/settori\/alimentazione-animale-e-ittica\/","name":"Alimentazione animale e ittica - Hydronix","isPartOf":{"@id":"https:\/\/www.hydronix.com\/it\/#website"},"primaryImageOfPage":{"@id":"https:\/\/www.hydronix.com\/it\/settori\/alimentazione-animale-e-ittica\/#primaryimage"},"image":{"@id":"https:\/\/www.hydronix.com\/it\/settori\/alimentazione-animale-e-ittica\/#primaryimage"},"thumbnailUrl":"https:\/\/www.hydronix.com\/wp-content\/uploads\/2022\/09\/D-animal-nutrition.jpg","datePublished":"2022-09-12T12:54:11+00:00","dateModified":"2023-11-10T12:35:41+00:00","breadcrumb":{"@id":"https:\/\/www.hydronix.com\/it\/settori\/alimentazione-animale-e-ittica\/#breadcrumb"},"inLanguage":"it-IT","potentialAction":[{"@type":"ReadAction","target":["https:\/\/www.hydronix.com\/it\/settori\/alimentazione-animale-e-ittica\/"]}]},{"@type":"ImageObject","inLanguage":"it-IT","@id":"https:\/\/www.hydronix.com\/it\/settori\/alimentazione-animale-e-ittica\/#primaryimage","url":"https:\/\/www.hydronix.com\/wp-content\/uploads\/2022\/09\/D-animal-nutrition.jpg","contentUrl":"https:\/\/www.hydronix.com\/wp-content\/uploads\/2022\/09\/D-animal-nutrition.jpg","width":2000,"height":400},{"@type":"BreadcrumbList","@id":"https:\/\/www.hydronix.com\/it\/settori\/alimentazione-animale-e-ittica\/#breadcrumb","itemListElement":[{"@type":"ListItem","position":1,"name":"Home","item":"https:\/\/www.hydronix.com\/it\/"},{"@type":"ListItem","position":2,"name":"Settori","item":"https:\/\/www.hydronix.com\/it\/settori\/"},{"@type":"ListItem","position":3,"name":"Alimentazione animale e ittica"}]},{"@type":"WebSite","@id":"https:\/\/www.hydronix.com\/it\/#website","url":"https:\/\/www.hydronix.com\/it\/","name":"Hydronix","description":"Your partner in moisture measurement","potentialAction":[{"@type":"SearchAction","target":{"@type":"EntryPoint","urlTemplate":"https:\/\/www.hydronix.com\/it\/?s={search_term_string}"},"query-input":{"@type":"PropertyValueSpecification","valueRequired":true,"valueName":"search_term_string"}}],"inLanguage":"it-IT"}]}},"_links":{"self":[{"href":"https:\/\/www.hydronix.com\/it\/wp-json\/wp\/v2\/pages\/21845","targetHints":{"allow":["GET"]}}],"collection":[{"href":"https:\/\/www.hydronix.com\/it\/wp-json\/wp\/v2\/pages"}],"about":[{"href":"https:\/\/www.hydronix.com\/it\/wp-json\/wp\/v2\/types\/page"}],"author":[{"embeddable":true,"href":"https:\/\/www.hydronix.com\/it\/wp-json\/wp\/v2\/users\/1"}],"replies":[{"embeddable":true,"href":"https:\/\/www.hydronix.com\/it\/wp-json\/wp\/v2\/comments?post=21845"}],"version-history":[{"count":0,"href":"https:\/\/www.hydronix.com\/it\/wp-json\/wp\/v2\/pages\/21845\/revisions"}],"up":[{"embeddable":true,"href":"https:\/\/www.hydronix.com\/it\/wp-json\/wp\/v2\/pages\/21837"}],"wp:featuredmedia":[{"embeddable":true,"href":"https:\/\/www.hydronix.com\/it\/wp-json\/wp\/v2\/media\/15919"}],"wp:attachment":[{"href":"https:\/\/www.hydronix.com\/it\/wp-json\/wp\/v2\/media?parent=21845"}],"wp:term":[{"taxonomy":"industries","embeddable":true,"href":"https:\/\/www.hydronix.com\/it\/wp-json\/wp\/v2\/industries?post=21845"},{"taxonomy":"process","embeddable":true,"href":"https:\/\/www.hydronix.com\/it\/wp-json\/wp\/v2\/process?post=21845"}],"curies":[{"name":"wp","href":"https:\/\/api.w.org\/{rel}","templated":true}]}}