{"id":21843,"date":"2022-09-12T12:53:28","date_gmt":"2022-09-12T12:53:28","guid":{"rendered":"https:\/\/hydronix.chilliservers.co.uk\/settori\/alimenti\/"},"modified":"2023-11-10T12:52:04","modified_gmt":"2023-11-10T12:52:04","slug":"alimenti","status":"publish","type":"page","link":"https:\/\/www.hydronix.com\/it\/settori\/alimenti\/","title":{"rendered":"Alimenti"},"content":{"rendered":"    \n<!-- hero_short -->\n<section class=\"short_hero d-flex py-5\" style=\"background-image:url(https:\/\/www.hydronix.com\/wp-content\/uploads\/2022\/09\/E-food.jpg)\">\n    <div class=\"overlay\"><\/div>\n    <div class=\"container-xl my-auto\">\n        <div class=\"row\">\n            <div class=\"col-lg-5 hero__content\">\n                <h1>Alimenti<\/h1>\n            <\/div>\n        <\/div>\n    <\/div>\n<\/section>\n<!--section class=\"sub_page_title py-1 mb-4\">\n    <div class=\"container-xl\">\n        <p id=\"breadcrumbs\"><span><span><a href=\"https:\/\/www.hydronix.com\/it\/\">Home<\/a><\/span><\/span><\/p>    <\/div>\n<\/section-->\n\n\n\n<div style=\"height:40px\" aria-hidden=\"true\" class=\"wp-block-spacer\"><\/div>\n\n\n    <div class=\"container-xl\">\n\t\t\n<p>Il controllo dell\u2019umidit\u00e0 \u00e8 un elemento chiave nella lavorazione degli alimenti: dall\u2019approvvigionamento delle materie prime al confezionamento. \u00c8 essenziale monitorare l\u2019umidit\u00e0 per ottenere un prodotto finale ripetibile e coerente, con un elevato valore nutrizionale.<\/p>\n    <\/div>\n    \n\n    <div class=\"container-xl\">\n\t\t\n<p>La misurazione dell\u2019umidit\u00e0 offre ulteriori vantaggi in termini di miglioramento della produzione e della redditivit\u00e0, risparmio energetico, riduzione degli scarti e impatto ambientale.<\/p>\n    <\/div>\n    \n\n\n<div style=\"height:40px\" aria-hidden=\"true\" class=\"wp-block-spacer\"><\/div>\n\n\n<!-- children -->\n<section class=\"child_pages py-4 mb-4\">\n    <div class=\"container-xl\">\n                <div class=\"row g-4 justify-content-center\">\n        <div class=\"col-md-4 col-xl-3\">\n            <a class=\"child_pages__card child_pages__card--blue\" href=\"https:\/\/www.hydronix.com\/it\/settori\/alimenti\/polveri\/\">Polveri<\/a>\n        <\/div>\n                <div class=\"col-md-4 col-xl-3\">\n            <a class=\"child_pages__card child_pages__card--blue\" href=\"https:\/\/www.hydronix.com\/it\/settori\/alimenti\/produzione-alimentare\/\">Produzione alimentare<\/a>\n        <\/div>\n            <\/div>\n<\/section>","protected":false},"excerpt":{"rendered":"<p>Il controllo dell\u2019umidit\u00e0 \u00e8 un elemento chiave nella lavorazione degli alimenti: dall\u2019approvvigionamento delle materie prime al confezionamento. \u00c8 essenziale monitorare l\u2019umidit\u00e0 per ottenere un prodotto finale ripetibile e coerente, con un elevato valore nutrizionale. La misurazione dell\u2019umidit\u00e0 offre ulteriori vantaggi in termini di miglioramento della produzione e della redditivit\u00e0, risparmio energetico, riduzione degli scarti e [&#8230;]<\/p>\n<p><a class=\"btn btn-secondary understrap-read-more-link\" href=\"https:\/\/www.hydronix.com\/it\/settori\/alimenti\/\">Leggi di pi\u00f9&#8230;<span class=\"screen-reader-text\"> from Alimenti<\/span><\/a><\/p>\n","protected":false},"author":1,"featured_media":15917,"parent":21837,"menu_order":498,"comment_status":"closed","ping_status":"closed","template":"","meta":{"_acf_changed":false,"content-type":"","inline_featured_image":false,"footnotes":""},"industries":[],"process":[],"class_list":["post-21843","page","type-page","status-publish","has-post-thumbnail","hentry"],"acf":[],"yoast_head":"<!-- This site is optimized with the Yoast SEO plugin v27.1.1 - https:\/\/yoast.com\/product\/yoast-seo-wordpress\/ -->\n<title>Alimenti - Hydronix<\/title>\n<meta name=\"robots\" content=\"index, follow, max-snippet:-1, max-image-preview:large, max-video-preview:-1\" \/>\n<link rel=\"canonical\" href=\"https:\/\/www.hydronix.com\/it\/settori\/alimenti\/\" \/>\n<meta property=\"og:locale\" content=\"it_IT\" \/>\n<meta property=\"og:type\" content=\"article\" \/>\n<meta property=\"og:title\" content=\"Alimenti - Hydronix\" \/>\n<meta property=\"og:description\" content=\"Il controllo dell\u2019umidit\u00e0 \u00e8 un elemento chiave nella lavorazione degli alimenti: dall\u2019approvvigionamento delle materie prime al confezionamento. \u00c8 essenziale monitorare l\u2019umidit\u00e0 per ottenere un prodotto finale ripetibile e coerente, con un elevato valore nutrizionale. La misurazione dell\u2019umidit\u00e0 offre ulteriori vantaggi in termini di miglioramento della produzione e della redditivit\u00e0, risparmio energetico, riduzione degli scarti e [...]Leggi di pi\u00f9... from Alimenti\" \/>\n<meta property=\"og:url\" content=\"https:\/\/www.hydronix.com\/it\/settori\/alimenti\/\" \/>\n<meta property=\"og:site_name\" content=\"Hydronix\" \/>\n<meta property=\"article:modified_time\" content=\"2023-11-10T12:52:04+00:00\" \/>\n<meta property=\"og:image\" content=\"https:\/\/www.hydronix.com\/wp-content\/uploads\/2022\/09\/E-food.jpg\" \/>\n\t<meta property=\"og:image:width\" content=\"2000\" \/>\n\t<meta property=\"og:image:height\" content=\"400\" \/>\n\t<meta property=\"og:image:type\" content=\"image\/jpeg\" \/>\n<meta name=\"twitter:card\" content=\"summary_large_image\" \/>\n<meta name=\"twitter:label1\" content=\"Tempo di lettura stimato\" \/>\n\t<meta name=\"twitter:data1\" content=\"1 minuto\" \/>\n<script type=\"application\/ld+json\" class=\"yoast-schema-graph\">{\"@context\":\"https:\/\/schema.org\",\"@graph\":[{\"@type\":\"WebPage\",\"@id\":\"https:\/\/www.hydronix.com\/it\/settori\/alimenti\/\",\"url\":\"https:\/\/www.hydronix.com\/it\/settori\/alimenti\/\",\"name\":\"Alimenti - Hydronix\",\"isPartOf\":{\"@id\":\"https:\/\/www.hydronix.com\/it\/#website\"},\"primaryImageOfPage\":{\"@id\":\"https:\/\/www.hydronix.com\/it\/settori\/alimenti\/#primaryimage\"},\"image\":{\"@id\":\"https:\/\/www.hydronix.com\/it\/settori\/alimenti\/#primaryimage\"},\"thumbnailUrl\":\"https:\/\/www.hydronix.com\/wp-content\/uploads\/2022\/09\/E-food.jpg\",\"datePublished\":\"2022-09-12T12:53:28+00:00\",\"dateModified\":\"2023-11-10T12:52:04+00:00\",\"breadcrumb\":{\"@id\":\"https:\/\/www.hydronix.com\/it\/settori\/alimenti\/#breadcrumb\"},\"inLanguage\":\"it-IT\",\"potentialAction\":[{\"@type\":\"ReadAction\",\"target\":[\"https:\/\/www.hydronix.com\/it\/settori\/alimenti\/\"]}]},{\"@type\":\"ImageObject\",\"inLanguage\":\"it-IT\",\"@id\":\"https:\/\/www.hydronix.com\/it\/settori\/alimenti\/#primaryimage\",\"url\":\"https:\/\/www.hydronix.com\/wp-content\/uploads\/2022\/09\/E-food.jpg\",\"contentUrl\":\"https:\/\/www.hydronix.com\/wp-content\/uploads\/2022\/09\/E-food.jpg\",\"width\":2000,\"height\":400},{\"@type\":\"BreadcrumbList\",\"@id\":\"https:\/\/www.hydronix.com\/it\/settori\/alimenti\/#breadcrumb\",\"itemListElement\":[{\"@type\":\"ListItem\",\"position\":1,\"name\":\"Home\",\"item\":\"https:\/\/www.hydronix.com\/it\/\"},{\"@type\":\"ListItem\",\"position\":2,\"name\":\"Settori\",\"item\":\"https:\/\/www.hydronix.com\/it\/settori\/\"},{\"@type\":\"ListItem\",\"position\":3,\"name\":\"Alimenti\"}]},{\"@type\":\"WebSite\",\"@id\":\"https:\/\/www.hydronix.com\/it\/#website\",\"url\":\"https:\/\/www.hydronix.com\/it\/\",\"name\":\"Hydronix\",\"description\":\"Your partner in moisture measurement\",\"potentialAction\":[{\"@type\":\"SearchAction\",\"target\":{\"@type\":\"EntryPoint\",\"urlTemplate\":\"https:\/\/www.hydronix.com\/it\/?s={search_term_string}\"},\"query-input\":{\"@type\":\"PropertyValueSpecification\",\"valueRequired\":true,\"valueName\":\"search_term_string\"}}],\"inLanguage\":\"it-IT\"}]}<\/script>\n<!-- \/ Yoast SEO plugin. -->","yoast_head_json":{"title":"Alimenti - Hydronix","robots":{"index":"index","follow":"follow","max-snippet":"max-snippet:-1","max-image-preview":"max-image-preview:large","max-video-preview":"max-video-preview:-1"},"canonical":"https:\/\/www.hydronix.com\/it\/settori\/alimenti\/","og_locale":"it_IT","og_type":"article","og_title":"Alimenti - Hydronix","og_description":"Il controllo dell\u2019umidit\u00e0 \u00e8 un elemento chiave nella lavorazione degli alimenti: dall\u2019approvvigionamento delle materie prime al confezionamento. \u00c8 essenziale monitorare l\u2019umidit\u00e0 per ottenere un prodotto finale ripetibile e coerente, con un elevato valore nutrizionale. La misurazione dell\u2019umidit\u00e0 offre ulteriori vantaggi in termini di miglioramento della produzione e della redditivit\u00e0, risparmio energetico, riduzione degli scarti e [...]Leggi di pi\u00f9... from Alimenti","og_url":"https:\/\/www.hydronix.com\/it\/settori\/alimenti\/","og_site_name":"Hydronix","article_modified_time":"2023-11-10T12:52:04+00:00","og_image":[{"width":2000,"height":400,"url":"https:\/\/www.hydronix.com\/wp-content\/uploads\/2022\/09\/E-food.jpg","type":"image\/jpeg"}],"twitter_card":"summary_large_image","twitter_misc":{"Tempo di lettura stimato":"1 minuto"},"schema":{"@context":"https:\/\/schema.org","@graph":[{"@type":"WebPage","@id":"https:\/\/www.hydronix.com\/it\/settori\/alimenti\/","url":"https:\/\/www.hydronix.com\/it\/settori\/alimenti\/","name":"Alimenti - Hydronix","isPartOf":{"@id":"https:\/\/www.hydronix.com\/it\/#website"},"primaryImageOfPage":{"@id":"https:\/\/www.hydronix.com\/it\/settori\/alimenti\/#primaryimage"},"image":{"@id":"https:\/\/www.hydronix.com\/it\/settori\/alimenti\/#primaryimage"},"thumbnailUrl":"https:\/\/www.hydronix.com\/wp-content\/uploads\/2022\/09\/E-food.jpg","datePublished":"2022-09-12T12:53:28+00:00","dateModified":"2023-11-10T12:52:04+00:00","breadcrumb":{"@id":"https:\/\/www.hydronix.com\/it\/settori\/alimenti\/#breadcrumb"},"inLanguage":"it-IT","potentialAction":[{"@type":"ReadAction","target":["https:\/\/www.hydronix.com\/it\/settori\/alimenti\/"]}]},{"@type":"ImageObject","inLanguage":"it-IT","@id":"https:\/\/www.hydronix.com\/it\/settori\/alimenti\/#primaryimage","url":"https:\/\/www.hydronix.com\/wp-content\/uploads\/2022\/09\/E-food.jpg","contentUrl":"https:\/\/www.hydronix.com\/wp-content\/uploads\/2022\/09\/E-food.jpg","width":2000,"height":400},{"@type":"BreadcrumbList","@id":"https:\/\/www.hydronix.com\/it\/settori\/alimenti\/#breadcrumb","itemListElement":[{"@type":"ListItem","position":1,"name":"Home","item":"https:\/\/www.hydronix.com\/it\/"},{"@type":"ListItem","position":2,"name":"Settori","item":"https:\/\/www.hydronix.com\/it\/settori\/"},{"@type":"ListItem","position":3,"name":"Alimenti"}]},{"@type":"WebSite","@id":"https:\/\/www.hydronix.com\/it\/#website","url":"https:\/\/www.hydronix.com\/it\/","name":"Hydronix","description":"Your partner in moisture measurement","potentialAction":[{"@type":"SearchAction","target":{"@type":"EntryPoint","urlTemplate":"https:\/\/www.hydronix.com\/it\/?s={search_term_string}"},"query-input":{"@type":"PropertyValueSpecification","valueRequired":true,"valueName":"search_term_string"}}],"inLanguage":"it-IT"}]}},"_links":{"self":[{"href":"https:\/\/www.hydronix.com\/it\/wp-json\/wp\/v2\/pages\/21843","targetHints":{"allow":["GET"]}}],"collection":[{"href":"https:\/\/www.hydronix.com\/it\/wp-json\/wp\/v2\/pages"}],"about":[{"href":"https:\/\/www.hydronix.com\/it\/wp-json\/wp\/v2\/types\/page"}],"author":[{"embeddable":true,"href":"https:\/\/www.hydronix.com\/it\/wp-json\/wp\/v2\/users\/1"}],"replies":[{"embeddable":true,"href":"https:\/\/www.hydronix.com\/it\/wp-json\/wp\/v2\/comments?post=21843"}],"version-history":[{"count":0,"href":"https:\/\/www.hydronix.com\/it\/wp-json\/wp\/v2\/pages\/21843\/revisions"}],"up":[{"embeddable":true,"href":"https:\/\/www.hydronix.com\/it\/wp-json\/wp\/v2\/pages\/21837"}],"wp:featuredmedia":[{"embeddable":true,"href":"https:\/\/www.hydronix.com\/it\/wp-json\/wp\/v2\/media\/15917"}],"wp:attachment":[{"href":"https:\/\/www.hydronix.com\/it\/wp-json\/wp\/v2\/media?parent=21843"}],"wp:term":[{"taxonomy":"industries","embeddable":true,"href":"https:\/\/www.hydronix.com\/it\/wp-json\/wp\/v2\/industries?post=21843"},{"taxonomy":"process","embeddable":true,"href":"https:\/\/www.hydronix.com\/it\/wp-json\/wp\/v2\/process?post=21843"}],"curies":[{"name":"wp","href":"https:\/\/api.w.org\/{rel}","templated":true}]}}