{"id":21837,"date":"2022-09-12T12:51:46","date_gmt":"2022-09-12T12:51:46","guid":{"rendered":"https:\/\/hydronix.chilliservers.co.uk\/settori\/"},"modified":"2024-01-19T14:21:04","modified_gmt":"2024-01-19T14:21:04","slug":"settori","status":"publish","type":"page","link":"https:\/\/www.hydronix.com\/it\/settori\/","title":{"rendered":"Settori"},"content":{"rendered":"    \n<!-- hero_short -->\n<section class=\"short_hero d-flex py-5\" style=\"background-image:url(https:\/\/www.hydronix.com\/wp-content\/uploads\/2022\/09\/Z-industries.jpg)\">\n    <div class=\"overlay\"><\/div>\n    <div class=\"container-xl my-auto\">\n        <div class=\"row\">\n            <div class=\"col-lg-5 hero__content\">\n                <h1>Settori<\/h1>\n            <\/div>\n        <\/div>\n    <\/div>\n<\/section>\n<!--section class=\"sub_page_title py-1 mb-4\">\n    <div class=\"container-xl\">\n        <p id=\"breadcrumbs\"><span><span><a href=\"https:\/\/www.hydronix.com\/it\/\">Home<\/a><\/span><\/span><\/p>    <\/div>\n<\/section-->\n\n\n\n<div style=\"height:38px\" aria-hidden=\"true\" class=\"wp-block-spacer\"><\/div>\n\n\n    <div class=\"container-xl\">\n\t\t\n<p>I sensori di umidit\u00e0 a microonde Hydronix sono impiegati in numerose applicazioni in tutto il mondo per misurare il contenuto di umidit\u00e0 o il grado Brix di materiali sfusi. L\u2019esclusiva tecnologia a microonde digitale di Hydronix consente di configurare i sensori per ottenere prestazioni ottimali con un\u2019ampia gamma di materiali, sia minerali che biologici. Questa flessibilit\u00e0, sommata alla solidit\u00e0 del design, ha fatto s\u00ec che i sensori Hydronix siano oggi considerati la soluzione d\u2019elezione per molti settori<\/p>\n    <\/div>\n    \n\n    <div class=\"container-xl\">\n\t\t\n<p>Settori tipici in cui vengono impiegati i sensori Hydronix per misurare l&#8217;umidit\u00e0:<\/p>\n    <\/div>\n    \n\n\n<div style=\"height:38px\" aria-hidden=\"true\" class=\"wp-block-spacer\"><\/div>\n\n\n<!-- children -->\n<section class=\"child_pages py-4 mb-4\">\n    <div class=\"container-xl\">\n                <div class=\"row g-4 justify-content-center\">\n        <div class=\"col-md-4 col-xl-3\">\n            <a class=\"child_pages__card child_pages__card--blue\" href=\"https:\/\/www.hydronix.com\/it\/settori\/produzione-di-zucchero-sensori-per-brix-e-solidi\/\">Produzione di zucchero &#8211; Sensori per Brix e solidi<\/a>\n        <\/div>\n                <div class=\"col-md-4 col-xl-3\">\n            <a class=\"child_pages__card child_pages__card--blue\" href=\"https:\/\/www.hydronix.com\/it\/settori\/inerti\/\">Inerti<\/a>\n        <\/div>\n                <div class=\"col-md-4 col-xl-3\">\n            <a class=\"child_pages__card child_pages__card--blue\" href=\"https:\/\/www.hydronix.com\/it\/settori\/calcestruzzo\/\">Calcestruzzo<\/a>\n        <\/div>\n                <div class=\"col-md-4 col-xl-3\">\n            <a class=\"child_pages__card child_pages__card--blue\" href=\"https:\/\/www.hydronix.com\/it\/settori\/asfalto\/\">Asfalto<\/a>\n        <\/div>\n                <div class=\"col-md-4 col-xl-3\">\n            <a class=\"child_pages__card child_pages__card--blue\" href=\"https:\/\/www.hydronix.com\/it\/settori\/agricoltura\/\">Agricoltura<\/a>\n        <\/div>\n                <div class=\"col-md-4 col-xl-3\">\n            <a class=\"child_pages__card child_pages__card--blue\" href=\"https:\/\/www.hydronix.com\/it\/settori\/alimentazione-animale-e-ittica\/\">Alimentazione animale e ittica<\/a>\n        <\/div>\n                <div class=\"col-md-4 col-xl-3\">\n            <a class=\"child_pages__card child_pages__card--blue\" href=\"https:\/\/www.hydronix.com\/it\/settori\/alimenti\/\">Alimenti<\/a>\n        <\/div>\n                <div class=\"col-md-4 col-xl-3\">\n            <a class=\"child_pages__card child_pages__card--blue\" href=\"https:\/\/www.hydronix.com\/it\/settori\/lavorazione-del-riso\/\">Lavorazione del riso<\/a>\n        <\/div>\n                <div class=\"col-md-4 col-xl-3\">\n            <a class=\"child_pages__card child_pages__card--blue\" href=\"https:\/\/www.hydronix.com\/it\/settori\/lavorazione-dei-semi-oleosi\/\">Lavorazione dei semi oleosi<\/a>\n        <\/div>\n                <div class=\"col-md-4 col-xl-3\">\n            <a class=\"child_pages__card child_pages__card--blue\" href=\"https:\/\/www.hydronix.com\/it\/settori\/solidi-sfusi\/\">Solidi sfusi<\/a>\n        <\/div>\n                <div class=\"col-md-4 col-xl-3\">\n            <a class=\"child_pages__card child_pages__card--blue\" href=\"https:\/\/www.hydronix.com\/it\/settori\/bioenergia\/\">Bioenergia<\/a>\n        <\/div>\n                <div class=\"col-md-4 col-xl-3\">\n            <a class=\"child_pages__card child_pages__card--blue\" href=\"https:\/\/www.hydronix.com\/it\/settori\/polpa-di-carta\/\">Polpa di carta<\/a>\n        <\/div>\n                <div class=\"col-md-4 col-xl-3\">\n            <a class=\"child_pages__card child_pages__card--blue\" href=\"https:\/\/www.hydronix.com\/it\/settori\/industria-del-legno\/\">Industria del legno<\/a>\n        <\/div>\n            <\/div>\n<\/section>","protected":false},"excerpt":{"rendered":"<p>I sensori di umidit\u00e0 a microonde Hydronix sono impiegati in numerose applicazioni in tutto il mondo per misurare il contenuto di umidit\u00e0 o il grado Brix di materiali sfusi. L\u2019esclusiva tecnologia a microonde digitale di Hydronix consente di configurare i sensori per ottenere prestazioni ottimali con un\u2019ampia gamma di materiali, sia minerali che biologici. Questa [&#8230;]<\/p>\n<p><a class=\"btn btn-secondary understrap-read-more-link\" href=\"https:\/\/www.hydronix.com\/it\/settori\/\">Leggi di pi\u00f9&#8230;<span class=\"screen-reader-text\"> from Settori<\/span><\/a><\/p>\n","protected":false},"author":1,"featured_media":15929,"parent":0,"menu_order":498,"comment_status":"closed","ping_status":"closed","template":"","meta":{"_acf_changed":false,"content-type":"","inline_featured_image":false,"footnotes":""},"industries":[],"process":[],"class_list":["post-21837","page","type-page","status-publish","has-post-thumbnail","hentry"],"acf":[],"yoast_head":"<!-- This site is optimized with the Yoast SEO plugin v27.1.1 - https:\/\/yoast.com\/product\/yoast-seo-wordpress\/ -->\n<title>Settori - Hydronix<\/title>\n<meta name=\"robots\" content=\"index, follow, max-snippet:-1, max-image-preview:large, max-video-preview:-1\" \/>\n<link rel=\"canonical\" href=\"https:\/\/www.hydronix.com\/it\/settori\/\" \/>\n<meta property=\"og:locale\" content=\"it_IT\" \/>\n<meta property=\"og:type\" content=\"article\" \/>\n<meta property=\"og:title\" content=\"Settori - Hydronix\" \/>\n<meta property=\"og:description\" content=\"I sensori di umidit\u00e0 a microonde Hydronix sono impiegati in numerose applicazioni in tutto il mondo per misurare il contenuto di umidit\u00e0 o il grado Brix di materiali sfusi. L\u2019esclusiva tecnologia a microonde digitale di Hydronix consente di configurare i sensori per ottenere prestazioni ottimali con un\u2019ampia gamma di materiali, sia minerali che biologici. Questa [...]Leggi di pi\u00f9... from Settori\" \/>\n<meta property=\"og:url\" content=\"https:\/\/www.hydronix.com\/it\/settori\/\" \/>\n<meta property=\"og:site_name\" content=\"Hydronix\" \/>\n<meta property=\"article:modified_time\" content=\"2024-01-19T14:21:04+00:00\" \/>\n<meta property=\"og:image\" content=\"https:\/\/www.hydronix.com\/wp-content\/uploads\/2022\/09\/Z-industries.jpg\" \/>\n\t<meta property=\"og:image:width\" content=\"2000\" \/>\n\t<meta property=\"og:image:height\" content=\"400\" \/>\n\t<meta property=\"og:image:type\" content=\"image\/jpeg\" \/>\n<meta name=\"twitter:card\" content=\"summary_large_image\" \/>\n<meta name=\"twitter:label1\" content=\"Tempo di lettura stimato\" \/>\n\t<meta name=\"twitter:data1\" content=\"1 minuto\" \/>\n<script type=\"application\/ld+json\" class=\"yoast-schema-graph\">{\"@context\":\"https:\/\/schema.org\",\"@graph\":[{\"@type\":\"WebPage\",\"@id\":\"https:\/\/www.hydronix.com\/it\/settori\/\",\"url\":\"https:\/\/www.hydronix.com\/it\/settori\/\",\"name\":\"Settori - Hydronix\",\"isPartOf\":{\"@id\":\"https:\/\/www.hydronix.com\/it\/#website\"},\"primaryImageOfPage\":{\"@id\":\"https:\/\/www.hydronix.com\/it\/settori\/#primaryimage\"},\"image\":{\"@id\":\"https:\/\/www.hydronix.com\/it\/settori\/#primaryimage\"},\"thumbnailUrl\":\"https:\/\/www.hydronix.com\/wp-content\/uploads\/2022\/09\/Z-industries.jpg\",\"datePublished\":\"2022-09-12T12:51:46+00:00\",\"dateModified\":\"2024-01-19T14:21:04+00:00\",\"breadcrumb\":{\"@id\":\"https:\/\/www.hydronix.com\/it\/settori\/#breadcrumb\"},\"inLanguage\":\"it-IT\",\"potentialAction\":[{\"@type\":\"ReadAction\",\"target\":[\"https:\/\/www.hydronix.com\/it\/settori\/\"]}]},{\"@type\":\"ImageObject\",\"inLanguage\":\"it-IT\",\"@id\":\"https:\/\/www.hydronix.com\/it\/settori\/#primaryimage\",\"url\":\"https:\/\/www.hydronix.com\/wp-content\/uploads\/2022\/09\/Z-industries.jpg\",\"contentUrl\":\"https:\/\/www.hydronix.com\/wp-content\/uploads\/2022\/09\/Z-industries.jpg\",\"width\":2000,\"height\":400},{\"@type\":\"BreadcrumbList\",\"@id\":\"https:\/\/www.hydronix.com\/it\/settori\/#breadcrumb\",\"itemListElement\":[{\"@type\":\"ListItem\",\"position\":1,\"name\":\"Home\",\"item\":\"https:\/\/www.hydronix.com\/it\/\"},{\"@type\":\"ListItem\",\"position\":2,\"name\":\"Settori\"}]},{\"@type\":\"WebSite\",\"@id\":\"https:\/\/www.hydronix.com\/it\/#website\",\"url\":\"https:\/\/www.hydronix.com\/it\/\",\"name\":\"Hydronix\",\"description\":\"Your partner in moisture measurement\",\"potentialAction\":[{\"@type\":\"SearchAction\",\"target\":{\"@type\":\"EntryPoint\",\"urlTemplate\":\"https:\/\/www.hydronix.com\/it\/?s={search_term_string}\"},\"query-input\":{\"@type\":\"PropertyValueSpecification\",\"valueRequired\":true,\"valueName\":\"search_term_string\"}}],\"inLanguage\":\"it-IT\"}]}<\/script>\n<!-- \/ Yoast SEO plugin. -->","yoast_head_json":{"title":"Settori - Hydronix","robots":{"index":"index","follow":"follow","max-snippet":"max-snippet:-1","max-image-preview":"max-image-preview:large","max-video-preview":"max-video-preview:-1"},"canonical":"https:\/\/www.hydronix.com\/it\/settori\/","og_locale":"it_IT","og_type":"article","og_title":"Settori - Hydronix","og_description":"I sensori di umidit\u00e0 a microonde Hydronix sono impiegati in numerose applicazioni in tutto il mondo per misurare il contenuto di umidit\u00e0 o il grado Brix di materiali sfusi. L\u2019esclusiva tecnologia a microonde digitale di Hydronix consente di configurare i sensori per ottenere prestazioni ottimali con un\u2019ampia gamma di materiali, sia minerali che biologici. Questa [...]Leggi di pi\u00f9... from Settori","og_url":"https:\/\/www.hydronix.com\/it\/settori\/","og_site_name":"Hydronix","article_modified_time":"2024-01-19T14:21:04+00:00","og_image":[{"width":2000,"height":400,"url":"https:\/\/www.hydronix.com\/wp-content\/uploads\/2022\/09\/Z-industries.jpg","type":"image\/jpeg"}],"twitter_card":"summary_large_image","twitter_misc":{"Tempo di lettura stimato":"1 minuto"},"schema":{"@context":"https:\/\/schema.org","@graph":[{"@type":"WebPage","@id":"https:\/\/www.hydronix.com\/it\/settori\/","url":"https:\/\/www.hydronix.com\/it\/settori\/","name":"Settori - Hydronix","isPartOf":{"@id":"https:\/\/www.hydronix.com\/it\/#website"},"primaryImageOfPage":{"@id":"https:\/\/www.hydronix.com\/it\/settori\/#primaryimage"},"image":{"@id":"https:\/\/www.hydronix.com\/it\/settori\/#primaryimage"},"thumbnailUrl":"https:\/\/www.hydronix.com\/wp-content\/uploads\/2022\/09\/Z-industries.jpg","datePublished":"2022-09-12T12:51:46+00:00","dateModified":"2024-01-19T14:21:04+00:00","breadcrumb":{"@id":"https:\/\/www.hydronix.com\/it\/settori\/#breadcrumb"},"inLanguage":"it-IT","potentialAction":[{"@type":"ReadAction","target":["https:\/\/www.hydronix.com\/it\/settori\/"]}]},{"@type":"ImageObject","inLanguage":"it-IT","@id":"https:\/\/www.hydronix.com\/it\/settori\/#primaryimage","url":"https:\/\/www.hydronix.com\/wp-content\/uploads\/2022\/09\/Z-industries.jpg","contentUrl":"https:\/\/www.hydronix.com\/wp-content\/uploads\/2022\/09\/Z-industries.jpg","width":2000,"height":400},{"@type":"BreadcrumbList","@id":"https:\/\/www.hydronix.com\/it\/settori\/#breadcrumb","itemListElement":[{"@type":"ListItem","position":1,"name":"Home","item":"https:\/\/www.hydronix.com\/it\/"},{"@type":"ListItem","position":2,"name":"Settori"}]},{"@type":"WebSite","@id":"https:\/\/www.hydronix.com\/it\/#website","url":"https:\/\/www.hydronix.com\/it\/","name":"Hydronix","description":"Your partner in moisture measurement","potentialAction":[{"@type":"SearchAction","target":{"@type":"EntryPoint","urlTemplate":"https:\/\/www.hydronix.com\/it\/?s={search_term_string}"},"query-input":{"@type":"PropertyValueSpecification","valueRequired":true,"valueName":"search_term_string"}}],"inLanguage":"it-IT"}]}},"_links":{"self":[{"href":"https:\/\/www.hydronix.com\/it\/wp-json\/wp\/v2\/pages\/21837","targetHints":{"allow":["GET"]}}],"collection":[{"href":"https:\/\/www.hydronix.com\/it\/wp-json\/wp\/v2\/pages"}],"about":[{"href":"https:\/\/www.hydronix.com\/it\/wp-json\/wp\/v2\/types\/page"}],"author":[{"embeddable":true,"href":"https:\/\/www.hydronix.com\/it\/wp-json\/wp\/v2\/users\/1"}],"replies":[{"embeddable":true,"href":"https:\/\/www.hydronix.com\/it\/wp-json\/wp\/v2\/comments?post=21837"}],"version-history":[{"count":0,"href":"https:\/\/www.hydronix.com\/it\/wp-json\/wp\/v2\/pages\/21837\/revisions"}],"wp:featuredmedia":[{"embeddable":true,"href":"https:\/\/www.hydronix.com\/it\/wp-json\/wp\/v2\/media\/15929"}],"wp:attachment":[{"href":"https:\/\/www.hydronix.com\/it\/wp-json\/wp\/v2\/media?parent=21837"}],"wp:term":[{"taxonomy":"industries","embeddable":true,"href":"https:\/\/www.hydronix.com\/it\/wp-json\/wp\/v2\/industries?post=21837"},{"taxonomy":"process","embeddable":true,"href":"https:\/\/www.hydronix.com\/it\/wp-json\/wp\/v2\/process?post=21837"}],"curies":[{"name":"wp","href":"https:\/\/api.w.org\/{rel}","templated":true}]}}