{"id":21823,"date":"2022-09-12T10:14:34","date_gmt":"2022-09-12T10:14:34","guid":{"rendered":"https:\/\/hydronix.chilliservers.co.uk\/informativa-sulla-privacy\/"},"modified":"2023-09-26T16:30:35","modified_gmt":"2023-09-26T16:30:35","slug":"informativa-sulla-privacy","status":"publish","type":"page","link":"https:\/\/www.hydronix.com\/it\/informativa-sulla-privacy\/","title":{"rendered":"Informativa sulla privacy"},"content":{"rendered":"    <div class=\"container-xl\">\n\t\t\n<p>Benvenuto nel sito web Hydronix. Ti invitiamo a leggere con attenzione le informazioni che seguono poich\u00e9, utilizzando questo sito web, accetti di essere vincolato ai termini e alle condizioni qui illustrati. Hydronix si riserva il diritto di modificare o aggiornare il sito web e i termini e le condizioni che seguono in qualsiasi momento senza preavviso.<\/p>\n    <\/div>\n    \n\n    <div class=\"container-xl pt-4\" id=\"utilizzo-del-sito-web-e-copyright\">\n        \n<h2 class=\"wp-block-heading\">Utilizzo del sito web e copyright<\/h2>\n    <\/div>\n    \n\n    <div class=\"container-xl\">\n\t\t\n<p>Tutte le informazioni contenute in questo sito web sono di propriet\u00e0 di Hydronix e sono protette da copyright. Qualsiasi uso non autorizzato di dette informazioni pu\u00f2 costituire violazione delle leggi sul copyright, sui marchi e di altre leggi. \u00c8 possibile scaricare o copiare informazioni per utilizzo personale, purch\u00e9 vengano preservati tutti gli avvisi sul copyright e altri avvisi proprietari presenti nei dati originali.<\/p>\n    <\/div>\n    \n\n    <div class=\"container-xl pt-4\" id=\"garanzie-ed-esclusione-di-responsabilita\">\n        \n<h2 class=\"wp-block-heading\">Garanzie ed esclusione di responsabilit\u00e0<\/h2>\n    <\/div>\n    \n\n    <div class=\"container-xl\">\n\t\t\n<p>Per quanto Hydronix si impegni al massimo per garantire l&#8217;accuratezza delle informazioni contenute in questo sito web al momento della pubblicazione, pu\u00f2 capitare che le stesse siano incomplete, obsolete o errate; inoltre, potrebbero essere modificate senza preavviso e senza responsabilit\u00e0 da parte nostra. Gli utenti del sito riconoscono e accettano che Hydronix non \u00e8 responsabile di alcuna azione che essi decidano di intraprendere sulla scorta delle informazioni presenti nel sito. Per quanto Hydronix compia ogni ragionevole sforzo affinch\u00e9 il sito web sia sempre disponibile senza ritardi e privo di errori, omissioni e virus, tuttavia ci\u00f2 non pu\u00f2 garantito.<\/p>\n    <\/div>\n    \n\n    <div class=\"container-xl\">\n\t\t\n<p>Hydronix, le sue filiali e i rispettivi responsabili, partner, rappresentanti, dipendenti, consulenti o agenti in nessun caso potranno essere ritenuti responsabili per eventuali danni diretti, indiretti, speciali, punitivi, consequenziali o di qualsiasi altro tipo (inclusi, in via meramente esemplificativa e non esaustiva, i danni connessi a mancato utilizzo, perdita di dati o mancato profitto) derivanti o ricollegabili all&#8217;utilizzo del sito web Hydronix.<\/p>\n    <\/div>\n    \n\n    <div class=\"container-xl pt-4\" id=\"protezione-dei-dati\">\n        \n<h2 class=\"wp-block-heading\">Protezione dei dati<\/h2>\n    <\/div>\n    \n\n    <div class=\"container-xl\">\n\t\t\n<p>Per Hydronix la protezione dei dati \u00e8 di estrema importanza, per cui tratta con la massima attenzione i dati personali forniti dagli utenti. \u00a0Per ulteriori informazioni sui dati da noi raccolti e sulle procedure di utilizzo degli stessi si rimanda all\u2019<a href=\"https:\/\/www.hydronix.com\/wp-content\/uploads\/2023\/09\/hd0807it_1_1_0.pdf\">Informativa sulla privacy e sulla tutela dei dati personali di Hydronix<\/a>.<\/p>\n    <\/div>\n    \n\n    <div class=\"container-xl pt-4\" id=\"cookie\">\n        \n<h2 class=\"wp-block-heading\">Cookie<\/h2>\n    <\/div>\n    \n\n    <div class=\"container-xl\">\n\t\t\n<p>Alcune pagine del sito web di Hydronix utilizzano cookie per consentire apposite funzionalit\u00e0. \u00a0I cookie sono file di piccole dimensioni che vengono memorizzati sul computer dell\u2019utente e vengono cancellati automaticamente al termine della sessione di navigazione. \u00a0Hydronix non memorizza nessun dato personale ottenuto mediante i cookie. Per ulteriori informazioni sui cookie e sulle modalit\u00e0 di utilizzo degli stessi da parte di Hydronix si rimanda all\u2019<a href=\"https:\/\/www.hydronix.com\/wp-content\/uploads\/2023\/09\/hd0806it_1_2_0.pdf\">Informativa sui cookie<\/a>.<\/p>\n    <\/div>\n    \n\n    <div class=\"container-xl pt-4\" id=\"collegamenti-ad-altri-siti-web\">\n        \n<h2 class=\"wp-block-heading\">Collegamenti ad altri siti web<\/h2>\n    <\/div>\n    \n\n    <div class=\"container-xl\">\n\t\t\n<p>Hydronix non \u00e8 responsabile dei contenuti e dell&#8217;affidabilit\u00e0 dei siti web collegati e non avalla necessariamente i pareri in essi formulati. I collegamenti a siti di terzi sono forniti solo per comodit\u00e0 degli utenti del sito web Hydronix, ma Hydronix non ha il controllo, n\u00e9 \u00e8 responsabile dei siti web collegati e dei loro contenuti.<\/p>\n    <\/div>\n    \n\n    <div class=\"container-xl pt-4\" id=\"invio-di-materiali-e-feedback\">\n        \n<h2 class=\"wp-block-heading\">Invio di materiali e feedback<\/h2>\n    <\/div>\n    \n\n    <div class=\"container-xl\">\n\t\t\n<p>Tutti i commenti, i feedback, le informazioni e i materiali inviati a Hydronix attraverso il sito web saranno considerati non riservati e di propriet\u00e0 di Hydronix Limited. Inviando commenti, informazioni, materiali o feedback, gli utenti acconsentono alla cessione gratuita a Hydronix Limited di ogni eventuale diritto, titolarit\u00e0 e interesse su tali contenuti, e Hydronix potr\u00e0 utilizzarli senza alcuna restrizione. <\/p>\n    <\/div>\n    \n\n    <div class=\"container-xl pt-4\" id=\"diritto-applicabile-e-foro-competente\">\n        \n<h2 class=\"wp-block-heading\">Diritto applicabile e foro competente<\/h2>\n    <\/div>\n    \n\n    <div class=\"container-xl\">\n\t\t\n<p>Questo avviso legale \u00e8 disciplinato dal diritto inglese.<\/p>\n    <\/div>\n    \n\n    <div class=\"container-xl pt-4\" id=\"contatti-per-questioni-legali\">\n        \n<h2 class=\"wp-block-heading\">Contatti per questioni legali<\/h2>\n    <\/div>\n    \n\n    <div class=\"container-xl\">\n\t\t\n<p>Per qualsiasi chiarimento in merito a questi termini e condizioni, contattare Hydronix per iscritto o per <a href=\"https:\/\/www.hydronix.com\/it\/informazioni-su-hydronix\/contattaci\/\">posta elettronica<\/a> all\u2019indirizzo.<\/p>\n    <\/div>\n    \n\n    <div class=\"container-xl pt-4\" id=\"sede-legale\">\n        \n<h2 class=\"wp-block-heading\">Sede legale<\/h2>\n    <\/div>\n    \n\n    <div class=\"container-xl\">\n\t\t\n<p>Hydronix Limited<br>Units 11-12, Henley Business Park<br>Pirbright Road<br>Normandy<br>Surrey<br>GU3 2DX<\/p>\n    <\/div>\n    \n\n    <div class=\"container-xl\">\n\t\t\n<p>Numero di registrazione: 01609365<\/p>\n    <\/div>\n    ","protected":false},"excerpt":{"rendered":"<p>Benvenuto nel sito web Hydronix. Ti invitiamo a leggere con attenzione le informazioni che seguono poich\u00e9, utilizzando questo sito web, accetti di essere vincolato ai termini e alle condizioni qui illustrati. Hydronix si riserva il diritto di modificare o aggiornare il sito web e i termini e le condizioni che seguono in qualsiasi momento senza [&#8230;]<\/p>\n<p><a class=\"btn btn-secondary understrap-read-more-link\" href=\"https:\/\/www.hydronix.com\/it\/informativa-sulla-privacy\/\">Leggi di pi\u00f9&#8230;<span class=\"screen-reader-text\"> from Informativa sulla privacy<\/span><\/a><\/p>\n","protected":false},"author":1,"featured_media":0,"parent":0,"menu_order":479,"comment_status":"closed","ping_status":"open","template":"page-templates\/fullwidthpage.php","meta":{"_acf_changed":false,"content-type":"","inline_featured_image":false,"footnotes":""},"industries":[],"process":[],"class_list":["post-21823","page","type-page","status-publish","hentry"],"acf":[],"yoast_head":"<!-- This site is optimized with the Yoast SEO plugin v27.1.1 - https:\/\/yoast.com\/product\/yoast-seo-wordpress\/ -->\n<title>Informativa sulla privacy - Hydronix<\/title>\n<meta name=\"robots\" content=\"index, follow, max-snippet:-1, max-image-preview:large, max-video-preview:-1\" \/>\n<link rel=\"canonical\" href=\"https:\/\/www.hydronix.com\/it\/informativa-sulla-privacy\/\" \/>\n<meta property=\"og:locale\" content=\"it_IT\" \/>\n<meta property=\"og:type\" content=\"article\" \/>\n<meta property=\"og:title\" content=\"Informativa sulla privacy - Hydronix\" \/>\n<meta property=\"og:description\" content=\"Benvenuto nel sito web Hydronix. Ti invitiamo a leggere con attenzione le informazioni che seguono poich\u00e9, utilizzando questo sito web, accetti di essere vincolato ai termini e alle condizioni qui illustrati. Hydronix si riserva il diritto di modificare o aggiornare il sito web e i termini e le condizioni che seguono in qualsiasi momento senza [...]Leggi di pi\u00f9... from Informativa sulla privacy\" \/>\n<meta property=\"og:url\" content=\"https:\/\/www.hydronix.com\/it\/informativa-sulla-privacy\/\" \/>\n<meta property=\"og:site_name\" content=\"Hydronix\" \/>\n<meta property=\"article:modified_time\" content=\"2023-09-26T16:30:35+00:00\" \/>\n<meta name=\"twitter:card\" content=\"summary_large_image\" \/>\n<meta name=\"twitter:label1\" content=\"Tempo di lettura stimato\" \/>\n\t<meta name=\"twitter:data1\" content=\"3 minuti\" \/>\n<script type=\"application\/ld+json\" class=\"yoast-schema-graph\">{\"@context\":\"https:\/\/schema.org\",\"@graph\":[{\"@type\":\"WebPage\",\"@id\":\"https:\/\/www.hydronix.com\/it\/informativa-sulla-privacy\/\",\"url\":\"https:\/\/www.hydronix.com\/it\/informativa-sulla-privacy\/\",\"name\":\"Informativa sulla privacy - Hydronix\",\"isPartOf\":{\"@id\":\"https:\/\/www.hydronix.com\/it\/#website\"},\"datePublished\":\"2022-09-12T10:14:34+00:00\",\"dateModified\":\"2023-09-26T16:30:35+00:00\",\"breadcrumb\":{\"@id\":\"https:\/\/www.hydronix.com\/it\/informativa-sulla-privacy\/#breadcrumb\"},\"inLanguage\":\"it-IT\",\"potentialAction\":[{\"@type\":\"ReadAction\",\"target\":[\"https:\/\/www.hydronix.com\/it\/informativa-sulla-privacy\/\"]}]},{\"@type\":\"BreadcrumbList\",\"@id\":\"https:\/\/www.hydronix.com\/it\/informativa-sulla-privacy\/#breadcrumb\",\"itemListElement\":[{\"@type\":\"ListItem\",\"position\":1,\"name\":\"Home\",\"item\":\"https:\/\/www.hydronix.com\/it\/\"},{\"@type\":\"ListItem\",\"position\":2,\"name\":\"Informativa sulla privacy\"}]},{\"@type\":\"WebSite\",\"@id\":\"https:\/\/www.hydronix.com\/it\/#website\",\"url\":\"https:\/\/www.hydronix.com\/it\/\",\"name\":\"Hydronix\",\"description\":\"Your partner in moisture measurement\",\"potentialAction\":[{\"@type\":\"SearchAction\",\"target\":{\"@type\":\"EntryPoint\",\"urlTemplate\":\"https:\/\/www.hydronix.com\/it\/?s={search_term_string}\"},\"query-input\":{\"@type\":\"PropertyValueSpecification\",\"valueRequired\":true,\"valueName\":\"search_term_string\"}}],\"inLanguage\":\"it-IT\"}]}<\/script>\n<!-- \/ Yoast SEO plugin. -->","yoast_head_json":{"title":"Informativa sulla privacy - Hydronix","robots":{"index":"index","follow":"follow","max-snippet":"max-snippet:-1","max-image-preview":"max-image-preview:large","max-video-preview":"max-video-preview:-1"},"canonical":"https:\/\/www.hydronix.com\/it\/informativa-sulla-privacy\/","og_locale":"it_IT","og_type":"article","og_title":"Informativa sulla privacy - Hydronix","og_description":"Benvenuto nel sito web Hydronix. Ti invitiamo a leggere con attenzione le informazioni che seguono poich\u00e9, utilizzando questo sito web, accetti di essere vincolato ai termini e alle condizioni qui illustrati. Hydronix si riserva il diritto di modificare o aggiornare il sito web e i termini e le condizioni che seguono in qualsiasi momento senza [...]Leggi di pi\u00f9... from Informativa sulla privacy","og_url":"https:\/\/www.hydronix.com\/it\/informativa-sulla-privacy\/","og_site_name":"Hydronix","article_modified_time":"2023-09-26T16:30:35+00:00","twitter_card":"summary_large_image","twitter_misc":{"Tempo di lettura stimato":"3 minuti"},"schema":{"@context":"https:\/\/schema.org","@graph":[{"@type":"WebPage","@id":"https:\/\/www.hydronix.com\/it\/informativa-sulla-privacy\/","url":"https:\/\/www.hydronix.com\/it\/informativa-sulla-privacy\/","name":"Informativa sulla privacy - Hydronix","isPartOf":{"@id":"https:\/\/www.hydronix.com\/it\/#website"},"datePublished":"2022-09-12T10:14:34+00:00","dateModified":"2023-09-26T16:30:35+00:00","breadcrumb":{"@id":"https:\/\/www.hydronix.com\/it\/informativa-sulla-privacy\/#breadcrumb"},"inLanguage":"it-IT","potentialAction":[{"@type":"ReadAction","target":["https:\/\/www.hydronix.com\/it\/informativa-sulla-privacy\/"]}]},{"@type":"BreadcrumbList","@id":"https:\/\/www.hydronix.com\/it\/informativa-sulla-privacy\/#breadcrumb","itemListElement":[{"@type":"ListItem","position":1,"name":"Home","item":"https:\/\/www.hydronix.com\/it\/"},{"@type":"ListItem","position":2,"name":"Informativa sulla privacy"}]},{"@type":"WebSite","@id":"https:\/\/www.hydronix.com\/it\/#website","url":"https:\/\/www.hydronix.com\/it\/","name":"Hydronix","description":"Your partner in moisture measurement","potentialAction":[{"@type":"SearchAction","target":{"@type":"EntryPoint","urlTemplate":"https:\/\/www.hydronix.com\/it\/?s={search_term_string}"},"query-input":{"@type":"PropertyValueSpecification","valueRequired":true,"valueName":"search_term_string"}}],"inLanguage":"it-IT"}]}},"_links":{"self":[{"href":"https:\/\/www.hydronix.com\/it\/wp-json\/wp\/v2\/pages\/21823","targetHints":{"allow":["GET"]}}],"collection":[{"href":"https:\/\/www.hydronix.com\/it\/wp-json\/wp\/v2\/pages"}],"about":[{"href":"https:\/\/www.hydronix.com\/it\/wp-json\/wp\/v2\/types\/page"}],"author":[{"embeddable":true,"href":"https:\/\/www.hydronix.com\/it\/wp-json\/wp\/v2\/users\/1"}],"replies":[{"embeddable":true,"href":"https:\/\/www.hydronix.com\/it\/wp-json\/wp\/v2\/comments?post=21823"}],"version-history":[{"count":0,"href":"https:\/\/www.hydronix.com\/it\/wp-json\/wp\/v2\/pages\/21823\/revisions"}],"wp:attachment":[{"href":"https:\/\/www.hydronix.com\/it\/wp-json\/wp\/v2\/media?parent=21823"}],"wp:term":[{"taxonomy":"industries","embeddable":true,"href":"https:\/\/www.hydronix.com\/it\/wp-json\/wp\/v2\/industries?post=21823"},{"taxonomy":"process","embeddable":true,"href":"https:\/\/www.hydronix.com\/it\/wp-json\/wp\/v2\/process?post=21823"}],"curies":[{"name":"wp","href":"https:\/\/api.w.org\/{rel}","templated":true}]}}